{"id":10700,"date":"2018-07-10T06:54:42","date_gmt":"2018-07-10T06:54:42","guid":{"rendered":"http:\/\/testwordpress.nirmalnagari.org\/smnd\/index.php\/terms\/"},"modified":"2024-04-27T01:15:15","modified_gmt":"2024-04-27T01:15:15","slug":"bedingungen","status":"publish","type":"page","link":"https:\/\/shrimataji.org\/test\/de\/bedingungen\/","title":{"rendered":"Gesch\u00e4ftsbedingungen"},"content":{"rendered":"\n\n\t<h1>Gesch\u00e4ftsbedingungen<\/h1>\n<p>Alle redaktionellen Inhalte und Grafiken auf dieser Website sind durch das EU-Urheberrecht und internationale Vertr\u00e4ge gesch\u00fctzt. Ohne ausdr\u00fcckliche Genehmigung der Shri Mataji Nirmala Devi Sahaja Yoga World Foundation d\u00fcrfen sie nicht kopiert werden. Die Stiftung beh\u00e4lt sich alle Rechte vor.<\/p>\n<p>Die Wiederverwendung redaktioneller Inhalte und Grafiken der Shri Mataji Nirmala Devi Sahaja Yoga World Foundation ist untersagt.<\/p>\n<p>Materialien auf den Seiten der Shri Mataji Nirmala Devi Sahaja Yoga World Foundation sind f\u00fcr den informativen und nicht-kommerziellen Gebrauch offline verf\u00fcgbar, sofern Inhalte und\/oder Grafiken in keiner Weise ver\u00e4ndert, alle Urheberrechts- und anderen Hinweise auf jeder Kopie beibehalten werden und die Erlaubnis von Shri Mataji Nirmala Devi Sahaja Yoga World Foundation erteilt wird.<\/p>\n<p>Mit besonderem Augenmerk auf die auf dieser Website verwendeten Bilder wurden alle Versuche unternommen, Inhaber von Urheberrechten ausfindig zu machen und\/oder zu kontaktieren. Sofern Sie urheberrechtliche Fragen haben oder Anspr\u00fcche im Zusammenhang mit Materialien dieser Website \u00fcberpr\u00fcfen m\u00f6chten, nehmen Sie bitte \u00fcber <a href=\"mailto:amministrazione@sahajaworldfoundation.org\">amministrazione@sahajaworldfoundation.org<\/a> Kontakt mit uns auf.<\/p>\n<hr \/>\n\u00a9 Shri Mataji Nirmala Devi Sahaja Yoga World Foundation,<br \/>\ngemeinn\u00fctzige Organisation, eingetragen im regionalen Register juristischer Personen des Piemont (Prot. Nr. 747), Italien.\n\n","protected":false},"excerpt":{"rendered":"<p>Gesch\u00e4ftsbedingungen Alle redaktionellen Inhalte und Grafiken auf dieser Website sind durch das EU-Urheberrecht und internationale Vertr\u00e4ge gesch\u00fctzt. Ohne ausdr\u00fcckliche Genehmigung der Shri Mataji Nirmala Devi Sahaja Yoga World Foundation d\u00fcrfen sie nicht kopiert werden. Die Stiftung beh\u00e4lt sich alle Rechte vor. Die Wiederverwendung redaktioneller Inhalte und Grafiken der Shri Mataji Nirmala Devi Sahaja Yoga World&hellip; <br \/> <a class=\"read-more\" href=\"https:\/\/shrimataji.org\/test\/de\/bedingungen\/\">Read more<\/a><\/p>\n","protected":false},"author":10,"featured_media":9552,"parent":0,"menu_order":0,"comment_status":"closed","ping_status":"closed","template":"","meta":{"inline_featured_image":false,"footnotes":""},"class_list":["post-10700","page","type-page","status-publish","has-post-thumbnail","hentry"],"yoast_head":"<!-- This site is optimized with the Yoast SEO plugin v27.4 - https:\/\/yoast.com\/product\/yoast-seo-wordpress\/ -->\n<title>Gesch\u00e4ftsbedingungen - TEST - SMND<\/title>\n<meta name=\"robots\" content=\"noindex, follow, max-snippet:-1, max-image-preview:large, max-video-preview:-1\" \/>\n<meta property=\"og:locale\" content=\"en_US\" \/>\n<meta property=\"og:type\" content=\"article\" \/>\n<meta property=\"og:title\" content=\"Gesch\u00e4ftsbedingungen - TEST - SMND\" \/>\n<meta property=\"og:description\" content=\"Gesch\u00e4ftsbedingungen Alle redaktionellen Inhalte und Grafiken auf dieser Website sind durch das EU-Urheberrecht und internationale Vertr\u00e4ge gesch\u00fctzt. Ohne ausdr\u00fcckliche Genehmigung der Shri Mataji Nirmala Devi Sahaja Yoga World Foundation d\u00fcrfen sie nicht kopiert werden. Die Stiftung beh\u00e4lt sich alle Rechte vor. Die Wiederverwendung redaktioneller Inhalte und Grafiken der Shri Mataji Nirmala Devi Sahaja Yoga World&hellip; Read more\" \/>\n<meta property=\"og:url\" content=\"https:\/\/shrimataji.org\/test\/de\/bedingungen\/\" \/>\n<meta property=\"og:site_name\" content=\"TEST - SMND\" \/>\n<meta property=\"article:publisher\" content=\"https:\/\/www.facebook.com\/shrimataji\" \/>\n<meta property=\"article:modified_time\" content=\"2024-04-27T01:15:15+00:00\" \/>\n<meta property=\"og:image\" content=\"https:\/\/shrimataji.org\/test\/wp-content\/uploads\/2023\/03\/Banner-Footer-Castle-1-scaled.jpg\" \/>\n\t<meta property=\"og:image:width\" content=\"2560\" \/>\n\t<meta property=\"og:image:height\" content=\"905\" \/>\n\t<meta property=\"og:image:type\" content=\"image\/jpeg\" \/>\n<meta name=\"twitter:card\" content=\"summary_large_image\" \/>\n<meta name=\"twitter:site\" content=\"@shrimataji\" \/>\n<meta name=\"twitter:label1\" content=\"Est. reading time\" \/>\n\t<meta name=\"twitter:data1\" content=\"1 minute\" \/>\n<script type=\"application\/ld+json\" class=\"yoast-schema-graph\">{\"@context\":\"https:\\\/\\\/schema.org\",\"@graph\":[{\"@type\":\"WebPage\",\"@id\":\"https:\\\/\\\/shrimataji.org\\\/test\\\/de\\\/bedingungen\\\/\",\"url\":\"https:\\\/\\\/shrimataji.org\\\/test\\\/de\\\/bedingungen\\\/\",\"name\":\"Gesch\u00e4ftsbedingungen - TEST - SMND\",\"isPartOf\":{\"@id\":\"https:\\\/\\\/shrimataji.org\\\/test\\\/#website\"},\"primaryImageOfPage\":{\"@id\":\"https:\\\/\\\/shrimataji.org\\\/test\\\/de\\\/bedingungen\\\/#primaryimage\"},\"image\":{\"@id\":\"https:\\\/\\\/shrimataji.org\\\/test\\\/de\\\/bedingungen\\\/#primaryimage\"},\"thumbnailUrl\":\"https:\\\/\\\/shrimataji.org\\\/test\\\/wp-content\\\/uploads\\\/2023\\\/03\\\/Banner-Footer-Castle-1-scaled.jpg\",\"datePublished\":\"2018-07-10T06:54:42+00:00\",\"dateModified\":\"2024-04-27T01:15:15+00:00\",\"breadcrumb\":{\"@id\":\"https:\\\/\\\/shrimataji.org\\\/test\\\/de\\\/bedingungen\\\/#breadcrumb\"},\"inLanguage\":\"en-US\",\"potentialAction\":[{\"@type\":\"ReadAction\",\"target\":[\"https:\\\/\\\/shrimataji.org\\\/test\\\/de\\\/bedingungen\\\/\"]}]},{\"@type\":\"ImageObject\",\"inLanguage\":\"en-US\",\"@id\":\"https:\\\/\\\/shrimataji.org\\\/test\\\/de\\\/bedingungen\\\/#primaryimage\",\"url\":\"https:\\\/\\\/shrimataji.org\\\/test\\\/wp-content\\\/uploads\\\/2023\\\/03\\\/Banner-Footer-Castle-1-scaled.jpg\",\"contentUrl\":\"https:\\\/\\\/shrimataji.org\\\/test\\\/wp-content\\\/uploads\\\/2023\\\/03\\\/Banner-Footer-Castle-1-scaled.jpg\",\"width\":2560,\"height\":905},{\"@type\":\"BreadcrumbList\",\"@id\":\"https:\\\/\\\/shrimataji.org\\\/test\\\/de\\\/bedingungen\\\/#breadcrumb\",\"itemListElement\":[{\"@type\":\"ListItem\",\"position\":1,\"name\":\"Home\",\"item\":\"https:\\\/\\\/shrimataji.org\\\/test\\\/uk\\\/home-en\\\/\"},{\"@type\":\"ListItem\",\"position\":2,\"name\":\"Gesch\u00e4ftsbedingungen\"}]},{\"@type\":\"WebSite\",\"@id\":\"https:\\\/\\\/shrimataji.org\\\/test\\\/#website\",\"url\":\"https:\\\/\\\/shrimataji.org\\\/test\\\/\",\"name\":\"Shri Mataji Nirmala Devi\",\"description\":\"A Life Dedicated to Humanity\",\"publisher\":{\"@id\":\"https:\\\/\\\/shrimataji.org\\\/test\\\/#\\\/schema\\\/person\\\/a1b3419c6585f164aa96da1ff85715d1\"},\"potentialAction\":[{\"@type\":\"SearchAction\",\"target\":{\"@type\":\"EntryPoint\",\"urlTemplate\":\"https:\\\/\\\/shrimataji.org\\\/test\\\/?s={search_term_string}\"},\"query-input\":{\"@type\":\"PropertyValueSpecification\",\"valueRequired\":true,\"valueName\":\"search_term_string\"}}],\"inLanguage\":\"en-US\"},{\"@type\":[\"Person\",\"Organization\"],\"@id\":\"https:\\\/\\\/shrimataji.org\\\/test\\\/#\\\/schema\\\/person\\\/a1b3419c6585f164aa96da1ff85715d1\",\"name\":\"Nirmala Shrivastava\",\"image\":{\"@type\":\"ImageObject\",\"inLanguage\":\"en-US\",\"@id\":\"https:\\\/\\\/shrimataji.org\\\/test\\\/wp-content\\\/uploads\\\/2023\\\/02\\\/SMO_LOGO-03.svg\",\"url\":\"https:\\\/\\\/shrimataji.org\\\/test\\\/wp-content\\\/uploads\\\/2023\\\/02\\\/SMO_LOGO-03.svg\",\"contentUrl\":\"https:\\\/\\\/shrimataji.org\\\/test\\\/wp-content\\\/uploads\\\/2023\\\/02\\\/SMO_LOGO-03.svg\",\"width\":\"1024\",\"height\":\"1024\",\"caption\":\"Nirmala Shrivastava\"},\"logo\":{\"@id\":\"https:\\\/\\\/shrimataji.org\\\/test\\\/wp-content\\\/uploads\\\/2023\\\/02\\\/SMO_LOGO-03.svg\"},\"sameAs\":[\"https:\\\/\\\/shrimataji.org\\\/test\",\"https:\\\/\\\/www.facebook.com\\\/shrimataji\",\"https:\\\/\\\/x.com\\\/shrimataji\",\"https:\\\/\\\/www.youtube.com\\\/@Shri_Mataji_Nirmala_Devi\\\/featured\"]}]}<\/script>\n<!-- \/ Yoast SEO plugin. -->","yoast_head_json":{"title":"Gesch\u00e4ftsbedingungen - TEST - SMND","robots":{"index":"noindex","follow":"follow","max-snippet":"max-snippet:-1","max-image-preview":"max-image-preview:large","max-video-preview":"max-video-preview:-1"},"og_locale":"en_US","og_type":"article","og_title":"Gesch\u00e4ftsbedingungen - TEST - SMND","og_description":"Gesch\u00e4ftsbedingungen Alle redaktionellen Inhalte und Grafiken auf dieser Website sind durch das EU-Urheberrecht und internationale Vertr\u00e4ge gesch\u00fctzt. Ohne ausdr\u00fcckliche Genehmigung der Shri Mataji Nirmala Devi Sahaja Yoga World Foundation d\u00fcrfen sie nicht kopiert werden. Die Stiftung beh\u00e4lt sich alle Rechte vor. Die Wiederverwendung redaktioneller Inhalte und Grafiken der Shri Mataji Nirmala Devi Sahaja Yoga World&hellip; Read more","og_url":"https:\/\/shrimataji.org\/test\/de\/bedingungen\/","og_site_name":"TEST - SMND","article_publisher":"https:\/\/www.facebook.com\/shrimataji","article_modified_time":"2024-04-27T01:15:15+00:00","og_image":[{"width":2560,"height":905,"url":"https:\/\/shrimataji.org\/test\/wp-content\/uploads\/2023\/03\/Banner-Footer-Castle-1-scaled.jpg","type":"image\/jpeg"}],"twitter_card":"summary_large_image","twitter_site":"@shrimataji","twitter_misc":{"Est. reading time":"1 minute"},"schema":{"@context":"https:\/\/schema.org","@graph":[{"@type":"WebPage","@id":"https:\/\/shrimataji.org\/test\/de\/bedingungen\/","url":"https:\/\/shrimataji.org\/test\/de\/bedingungen\/","name":"Gesch\u00e4ftsbedingungen - TEST - SMND","isPartOf":{"@id":"https:\/\/shrimataji.org\/test\/#website"},"primaryImageOfPage":{"@id":"https:\/\/shrimataji.org\/test\/de\/bedingungen\/#primaryimage"},"image":{"@id":"https:\/\/shrimataji.org\/test\/de\/bedingungen\/#primaryimage"},"thumbnailUrl":"https:\/\/shrimataji.org\/test\/wp-content\/uploads\/2023\/03\/Banner-Footer-Castle-1-scaled.jpg","datePublished":"2018-07-10T06:54:42+00:00","dateModified":"2024-04-27T01:15:15+00:00","breadcrumb":{"@id":"https:\/\/shrimataji.org\/test\/de\/bedingungen\/#breadcrumb"},"inLanguage":"en-US","potentialAction":[{"@type":"ReadAction","target":["https:\/\/shrimataji.org\/test\/de\/bedingungen\/"]}]},{"@type":"ImageObject","inLanguage":"en-US","@id":"https:\/\/shrimataji.org\/test\/de\/bedingungen\/#primaryimage","url":"https:\/\/shrimataji.org\/test\/wp-content\/uploads\/2023\/03\/Banner-Footer-Castle-1-scaled.jpg","contentUrl":"https:\/\/shrimataji.org\/test\/wp-content\/uploads\/2023\/03\/Banner-Footer-Castle-1-scaled.jpg","width":2560,"height":905},{"@type":"BreadcrumbList","@id":"https:\/\/shrimataji.org\/test\/de\/bedingungen\/#breadcrumb","itemListElement":[{"@type":"ListItem","position":1,"name":"Home","item":"https:\/\/shrimataji.org\/test\/uk\/home-en\/"},{"@type":"ListItem","position":2,"name":"Gesch\u00e4ftsbedingungen"}]},{"@type":"WebSite","@id":"https:\/\/shrimataji.org\/test\/#website","url":"https:\/\/shrimataji.org\/test\/","name":"Shri Mataji Nirmala Devi","description":"A Life Dedicated to Humanity","publisher":{"@id":"https:\/\/shrimataji.org\/test\/#\/schema\/person\/a1b3419c6585f164aa96da1ff85715d1"},"potentialAction":[{"@type":"SearchAction","target":{"@type":"EntryPoint","urlTemplate":"https:\/\/shrimataji.org\/test\/?s={search_term_string}"},"query-input":{"@type":"PropertyValueSpecification","valueRequired":true,"valueName":"search_term_string"}}],"inLanguage":"en-US"},{"@type":["Person","Organization"],"@id":"https:\/\/shrimataji.org\/test\/#\/schema\/person\/a1b3419c6585f164aa96da1ff85715d1","name":"Nirmala Shrivastava","image":{"@type":"ImageObject","inLanguage":"en-US","@id":"https:\/\/shrimataji.org\/test\/wp-content\/uploads\/2023\/02\/SMO_LOGO-03.svg","url":"https:\/\/shrimataji.org\/test\/wp-content\/uploads\/2023\/02\/SMO_LOGO-03.svg","contentUrl":"https:\/\/shrimataji.org\/test\/wp-content\/uploads\/2023\/02\/SMO_LOGO-03.svg","width":"1024","height":"1024","caption":"Nirmala Shrivastava"},"logo":{"@id":"https:\/\/shrimataji.org\/test\/wp-content\/uploads\/2023\/02\/SMO_LOGO-03.svg"},"sameAs":["https:\/\/shrimataji.org\/test","https:\/\/www.facebook.com\/shrimataji","https:\/\/x.com\/shrimataji","https:\/\/www.youtube.com\/@Shri_Mataji_Nirmala_Devi\/featured"]}]}},"lang":"de","translations":{"de":10700,"en":396,"am":18089,"th":20079,"hu":19578,"ar":16985,"sq":18490,"zh":17387,"tr":10218,"pt":10426,"fr":10798,"it":10896,"es":10993,"ja":11291,"ru":11479,"bn":11670,"te":11778,"sw":11901,"he":12049,"el":12341,"fa":12537,"fi":12635,"bg":13471,"ro":14543,"cs":14736,"nl":16649,"ku":16809,"be":18697,"kn":18971,"mr":20443,"uk":20736,"ml":21031,"ta":22808,"sv":23077,"pa":29072,"fil":29526},"pll_sync_post":[],"_links":{"self":[{"href":"https:\/\/shrimataji.org\/test\/wp-json\/wp\/v2\/pages\/10700","targetHints":{"allow":["GET"]}}],"collection":[{"href":"https:\/\/shrimataji.org\/test\/wp-json\/wp\/v2\/pages"}],"about":[{"href":"https:\/\/shrimataji.org\/test\/wp-json\/wp\/v2\/types\/page"}],"author":[{"embeddable":true,"href":"https:\/\/shrimataji.org\/test\/wp-json\/wp\/v2\/users\/10"}],"replies":[{"embeddable":true,"href":"https:\/\/shrimataji.org\/test\/wp-json\/wp\/v2\/comments?post=10700"}],"version-history":[{"count":0,"href":"https:\/\/shrimataji.org\/test\/wp-json\/wp\/v2\/pages\/10700\/revisions"}],"wp:featuredmedia":[{"embeddable":true,"href":"https:\/\/shrimataji.org\/test\/wp-json\/wp\/v2\/media\/9552"}],"wp:attachment":[{"href":"https:\/\/shrimataji.org\/test\/wp-json\/wp\/v2\/media?parent=10700"}],"curies":[{"name":"wp","href":"https:\/\/api.w.org\/{rel}","templated":true}]}}