{"id":10701,"date":"2012-10-02T12:00:00","date_gmt":"2012-10-02T12:00:00","guid":{"rendered":"http:\/\/testwordpress.nirmalnagari.org\/smnd\/index.php\/that-absolute-truth\/"},"modified":"2024-04-27T01:15:14","modified_gmt":"2024-04-27T01:15:14","slug":"absolute-wahrheit","status":"publish","type":"page","link":"https:\/\/shrimataji.org\/test\/de\/absolute-wahrheit\/","title":{"rendered":"Diese absolute Wahrheit"},"content":{"rendered":"\n\n\t<h1>Diese absolute Wahrheit<\/h1>\n<h2>Ausz\u00fcge aus einer Rede auf einer \u00f6ffentlichen Veranstaltung am 15. M\u00e4rz 1990 im Fachbereich &#8220;Religi\u00f6se Studien&#8221; der University of Sydney, Australien<\/h2>\n\t<p>Zu Beginn m\u00fcssen wir wissen, dass die Wahrheit ist, was sie ist. Wir k\u00f6nnen sie nicht organisieren, nicht ordnen und auch kein Konzept mit unserem menschlichen Verstand daraus machen. Sie ist, sie war und sie wird sein. Alle Religionen haben im Grunde eine gemeinsame Essenz, die darin besteht, das Ewige zu suchen und dem Verg\u00e4nglichen mit gr\u00f6\u00dftem Verst\u00e4ndnis zu begegnen.<\/p>\n\t\t\t\t<img loading=\"lazy\" decoding=\"async\" src=\"https:\/\/shrimataji.org\/test\/wp-content\/uploads\/2018\/07\/media_originals\/images\/shri-mataji-portraits\/shri-mataji-while-touring-india-1981-to-1982-1024x728.jpg\" alt=\"shri-mataji-while-touring-india-1981-to-1982\" height=\"728\" width=\"1024\" title=\"shri-mataji-while-touring-india-1981-to-1982\" \/>\n\tDer erste Teil ist der schwierige: Suche das Ewige. Das Ewige ist die Wahrheit. Und was ist die Wahrheit?<br \/>\nSie sind alle sehr versierte und gebildete Menschen. Wenn ich jetzt zu Ihnen spreche, muss ich Sie bitten, aufgeschlossen zu sein und einen wissenschaftlichem Blick zu bewahren. Sehen Sie selbst, ob das, was ich sage, die Wahrheit ist oder nicht. Machen Sie die Erfahrung und betrachten Sie alles, was ich sage, als Hypothese. Sollte sich herausstellen, dass es die Wahrheit ist, m\u00fcssen wir sie in aller Ehrlichkeit akzeptieren.\n<p>Es gibt zwei Dinge, die wir vielleicht nicht akzeptieren, die aber existieren. Eines ist, dass das ganze Universum, die ganze Sch\u00f6pfung von der allesdurchdringenden Kraft der Liebe Gottes durchdrungen ist und von ihr gen\u00e4hrt und umhegt wird. In diesen modernen Zeiten ist es schon zu viel, den Namen Gottes zu erw\u00e4hnen. Diese Kraft wird im Sanskrit als <em>Paramachaitanya<\/em>, im Koran als <em>Ruh <\/em>und in der Bibel als allesdurchdringende Kraft der Liebe Gottes oder des G\u00f6ttlichen bezeichnet. Wir sprechen von Spiritualit\u00e4t. Die Essenz der Spiritualit\u00e4t ist das G\u00f6ttliche. Das ist die erste Wahrheit.<\/p>\n\t<p>Die zweite Wahrheit besteht darin, dass wir nicht dieser K\u00f6rper, nicht dieser Verstand, nicht diese Emotionen, nicht das Ego und nicht diese Gedanken sind. Wir sind der reine Geist. Das sind die beiden Dinge, die alle Religionen in irgendeiner Weise gesagt haben.<\/p>\n<p>In den alten Zeiten, also die Suche in Indien begann, war dieses Land anderen L\u00e4ndern gegen\u00fcber gewisserma\u00dfen privilegiert. Zun\u00e4chst einmal ist das Klima dort so gut, dass man ohne gro\u00dfe Probleme im Dschungel leben kann. W\u00e4hrend die Menschen im Westen sich wie ein Baum nach au\u00dfen entwickelten, begannen die Inder, sich auf ihre Wurzeln zu besinnen. So haben sie vor langer Zeit Sahaja Yoga entdeckt.<\/p>\n<p>Sahaja Yoga ist keine moderne Erfindung, sondern eine uralte und anerkannte Methode, sich mit dem G\u00f6ttlichen zu vereinen. Das ist die Bedeutung von <em>Yoga<\/em>. <em>Sahaja<\/em> bedeutet so viel wie &#8220;angeboren&#8221; &#8211; <em>saha<\/em> hei\u00dft &#8220;mit&#8221; und <em>ja<\/em> &#8220;geboren&#8221;. Angeboren ist das Recht, die Vereinigung mit der g\u00f6ttlichen Kraft zu erlangen.<\/p>\n\t<p><em>Sahaja<\/em> bedeutet allerdings auch &#8220;spontan&#8221;, denn es ist die lebendige Kraft, die das bewirkt. Es gibt eine lebendige Kraft in uns, die daf\u00fcr sorgte, dass wir uns vom Stadium der Am\u00f6be zum Menschen entwickelten, und es gibt wieder eine Kraft, deren Aufgabe es ist, uns mit dem G\u00f6ttlichen zu verbinden . Das ist die wahre Bedeutung des Wortes <em>Yoga<\/em>. Jeder Mensch hat das Recht, sich mit dieser allesdurchdringenden Kraft zu verbinden. Dies ist der letzte Durchbruch in unserer Evolution.<\/p>\n<p>Auf der menschlichen Ebene leben wir bekannterma\u00dfen in einer relativen Welt. Die einen sagen, das eine sei gut, andere sagen etwas anderes.\u00a0 Es herrscht ein st\u00e4ndiger Zwiespalt. Doch wenn es um die absolute Wahrheit geht, sollte es keine zwei Meinungen geben. Wir sollten also in aller Bescheidenheit akzeptieren, dass wir diese absolute Wahrheit noch nicht gefunden haben, die die Existenz Gottes, die Existenz dieser allesdurchdringenden Kraft und die Richtigkeit dessen beweist, was die gro\u00dfen Propheten und Inkarnationen uns lehrten.<\/p>\n\t<p><img loading=\"lazy\" decoding=\"async\" src=\"https:\/\/shrimataji.org\/test\/wp-content\/uploads\/2018\/07\/media_originals\/images\/shri-mataji-portraits\/shri-mataji-nirmala-devi-portrait.jpg\" alt=\"\" width=\"906\" height=\"598\" \/><\/p>\n\t<p>Nat\u00fcrlich sind die Religionen aufgrund menschlichen Zutuns auf Abwege geraten. Dem Anschein nach m\u00f6gen sie ein unterschiedliches Erscheinungsbild haben. Doch sie waren wie Bl\u00fcten am Baum des Lebens und entsprachen ihrer jeweiligen Zeit. Das Sanskrit-Wort daf\u00fcr ist <em>Samayachaa<\/em>. Sie manifestierten sich ihrer Zeit entsprechend unterschiedlich, wurden aber alle am selben Baum des Lebens erschaffen. Die Menschen pfl\u00fcckten sie jedoch und sagten &#8220;Diese geh\u00f6rt mir und diese geh\u00f6rt mir&#8221; und fingen an, sich mit den toten Bl\u00fcten zu bek\u00e4mpfen. So sind die Probleme, die wir heute sehen, entstanden.<\/p>\n\t<div class=\"su-quote su-quote-style-default\"><div class=\"su-quote-inner su-u-clearfix su-u-trim\"> Man sollte kein blindes Vertrauen haben. Blinder Glaube f\u00fchrt zu Fanatismus. Man sollte \u00fcberhaupt keinen blinden Glauben haben, sondern die Erfahrung machen.<\/div><\/div>\n\t<p>Es war nichts falsch an diesen Heiligen, Propheten und Inkarnationen. Sie alle taten das Beste f\u00fcr uns und versuchten, uns zum jeweiligen Zeitpunkt im Laufe unserer Evolution zu sagen, was wir zu tun haben. Ihr Hauptaugenmerk lag aber auf den verg\u00e4nglichen Dingen, darauf, dass wir das Ewige suchen sollten, anstatt uns von den verg\u00e4nglichen Freuden des Lebens mitrei\u00dfen zu lassen.<\/p>\n\n","protected":false},"excerpt":{"rendered":"<p>Diese absolute Wahrheit Ausz\u00fcge aus einer Rede auf einer \u00f6ffentlichen Veranstaltung am 15. M\u00e4rz 1990 im Fachbereich &#8220;Religi\u00f6se Studien&#8221; der University of Sydney, Australien Zu Beginn m\u00fcssen wir wissen, dass die Wahrheit ist, was sie ist. Wir k\u00f6nnen sie nicht organisieren, nicht ordnen und auch kein Konzept mit unserem menschlichen Verstand daraus machen. Sie ist,&hellip; <br \/> <a class=\"read-more\" href=\"https:\/\/shrimataji.org\/test\/de\/absolute-wahrheit\/\">Read more<\/a><\/p>\n","protected":false},"author":10,"featured_media":133,"parent":0,"menu_order":0,"comment_status":"closed","ping_status":"closed","template":"","meta":{"inline_featured_image":false,"footnotes":""},"class_list":["post-10701","page","type-page","status-publish","has-post-thumbnail","hentry"],"yoast_head":"<!-- This site is optimized with the Yoast SEO plugin v27.4 - https:\/\/yoast.com\/product\/yoast-seo-wordpress\/ -->\n<title>Diese absolute Wahrheit - TEST - SMND<\/title>\n<meta name=\"robots\" content=\"noindex, follow, max-snippet:-1, max-image-preview:large, max-video-preview:-1\" \/>\n<meta property=\"og:locale\" content=\"en_US\" \/>\n<meta property=\"og:type\" content=\"article\" \/>\n<meta property=\"og:title\" content=\"Diese absolute Wahrheit - TEST - SMND\" \/>\n<meta property=\"og:description\" content=\"Diese absolute Wahrheit Ausz\u00fcge aus einer Rede auf einer \u00f6ffentlichen Veranstaltung am 15. M\u00e4rz 1990 im Fachbereich &#8220;Religi\u00f6se Studien&#8221; der University of Sydney, Australien Zu Beginn m\u00fcssen wir wissen, dass die Wahrheit ist, was sie ist. Wir k\u00f6nnen sie nicht organisieren, nicht ordnen und auch kein Konzept mit unserem menschlichen Verstand daraus machen. Sie ist,&hellip; Read more\" \/>\n<meta property=\"og:url\" content=\"https:\/\/shrimataji.org\/test\/de\/absolute-wahrheit\/\" \/>\n<meta property=\"og:site_name\" content=\"TEST - SMND\" \/>\n<meta property=\"article:publisher\" content=\"https:\/\/www.facebook.com\/shrimataji\" \/>\n<meta property=\"article:modified_time\" content=\"2024-04-27T01:15:14+00:00\" \/>\n<meta property=\"og:image\" content=\"https:\/\/shrimataji.org\/test\/wp-content\/uploads\/2018\/07\/media_originals\/images\/headers-general\/pink-flower-soft.jpg\" \/>\n\t<meta property=\"og:image:width\" content=\"990\" \/>\n\t<meta property=\"og:image:height\" content=\"350\" \/>\n\t<meta property=\"og:image:type\" content=\"image\/jpeg\" \/>\n<meta name=\"twitter:card\" content=\"summary_large_image\" \/>\n<meta name=\"twitter:site\" content=\"@shrimataji\" \/>\n<script type=\"application\/ld+json\" class=\"yoast-schema-graph\">{\"@context\":\"https:\\\/\\\/schema.org\",\"@graph\":[{\"@type\":\"WebPage\",\"@id\":\"https:\\\/\\\/shrimataji.org\\\/test\\\/de\\\/absolute-wahrheit\\\/\",\"url\":\"https:\\\/\\\/shrimataji.org\\\/test\\\/de\\\/absolute-wahrheit\\\/\",\"name\":\"Diese absolute Wahrheit - TEST - SMND\",\"isPartOf\":{\"@id\":\"https:\\\/\\\/shrimataji.org\\\/test\\\/#website\"},\"primaryImageOfPage\":{\"@id\":\"https:\\\/\\\/shrimataji.org\\\/test\\\/de\\\/absolute-wahrheit\\\/#primaryimage\"},\"image\":{\"@id\":\"https:\\\/\\\/shrimataji.org\\\/test\\\/de\\\/absolute-wahrheit\\\/#primaryimage\"},\"thumbnailUrl\":\"https:\\\/\\\/shrimataji.org\\\/test\\\/wp-content\\\/uploads\\\/2018\\\/07\\\/media_originals\\\/images\\\/headers-general\\\/pink-flower-soft.jpg\",\"datePublished\":\"2012-10-02T12:00:00+00:00\",\"dateModified\":\"2024-04-27T01:15:14+00:00\",\"breadcrumb\":{\"@id\":\"https:\\\/\\\/shrimataji.org\\\/test\\\/de\\\/absolute-wahrheit\\\/#breadcrumb\"},\"inLanguage\":\"en-US\",\"potentialAction\":[{\"@type\":\"ReadAction\",\"target\":[\"https:\\\/\\\/shrimataji.org\\\/test\\\/de\\\/absolute-wahrheit\\\/\"]}]},{\"@type\":\"ImageObject\",\"inLanguage\":\"en-US\",\"@id\":\"https:\\\/\\\/shrimataji.org\\\/test\\\/de\\\/absolute-wahrheit\\\/#primaryimage\",\"url\":\"https:\\\/\\\/shrimataji.org\\\/test\\\/wp-content\\\/uploads\\\/2018\\\/07\\\/media_originals\\\/images\\\/headers-general\\\/pink-flower-soft.jpg\",\"contentUrl\":\"https:\\\/\\\/shrimataji.org\\\/test\\\/wp-content\\\/uploads\\\/2018\\\/07\\\/media_originals\\\/images\\\/headers-general\\\/pink-flower-soft.jpg\",\"width\":990,\"height\":350},{\"@type\":\"BreadcrumbList\",\"@id\":\"https:\\\/\\\/shrimataji.org\\\/test\\\/de\\\/absolute-wahrheit\\\/#breadcrumb\",\"itemListElement\":[{\"@type\":\"ListItem\",\"position\":1,\"name\":\"Home\",\"item\":\"https:\\\/\\\/shrimataji.org\\\/test\\\/uk\\\/home-en\\\/\"},{\"@type\":\"ListItem\",\"position\":2,\"name\":\"Diese absolute Wahrheit\"}]},{\"@type\":\"WebSite\",\"@id\":\"https:\\\/\\\/shrimataji.org\\\/test\\\/#website\",\"url\":\"https:\\\/\\\/shrimataji.org\\\/test\\\/\",\"name\":\"Shri Mataji Nirmala Devi\",\"description\":\"A Life Dedicated to Humanity\",\"publisher\":{\"@id\":\"https:\\\/\\\/shrimataji.org\\\/test\\\/#\\\/schema\\\/person\\\/a1b3419c6585f164aa96da1ff85715d1\"},\"potentialAction\":[{\"@type\":\"SearchAction\",\"target\":{\"@type\":\"EntryPoint\",\"urlTemplate\":\"https:\\\/\\\/shrimataji.org\\\/test\\\/?s={search_term_string}\"},\"query-input\":{\"@type\":\"PropertyValueSpecification\",\"valueRequired\":true,\"valueName\":\"search_term_string\"}}],\"inLanguage\":\"en-US\"},{\"@type\":[\"Person\",\"Organization\"],\"@id\":\"https:\\\/\\\/shrimataji.org\\\/test\\\/#\\\/schema\\\/person\\\/a1b3419c6585f164aa96da1ff85715d1\",\"name\":\"Nirmala Shrivastava\",\"image\":{\"@type\":\"ImageObject\",\"inLanguage\":\"en-US\",\"@id\":\"https:\\\/\\\/shrimataji.org\\\/test\\\/wp-content\\\/uploads\\\/2023\\\/02\\\/SMO_LOGO-03.svg\",\"url\":\"https:\\\/\\\/shrimataji.org\\\/test\\\/wp-content\\\/uploads\\\/2023\\\/02\\\/SMO_LOGO-03.svg\",\"contentUrl\":\"https:\\\/\\\/shrimataji.org\\\/test\\\/wp-content\\\/uploads\\\/2023\\\/02\\\/SMO_LOGO-03.svg\",\"width\":\"1024\",\"height\":\"1024\",\"caption\":\"Nirmala Shrivastava\"},\"logo\":{\"@id\":\"https:\\\/\\\/shrimataji.org\\\/test\\\/wp-content\\\/uploads\\\/2023\\\/02\\\/SMO_LOGO-03.svg\"},\"sameAs\":[\"https:\\\/\\\/shrimataji.org\\\/test\",\"https:\\\/\\\/www.facebook.com\\\/shrimataji\",\"https:\\\/\\\/x.com\\\/shrimataji\",\"https:\\\/\\\/www.youtube.com\\\/@Shri_Mataji_Nirmala_Devi\\\/featured\"]}]}<\/script>\n<!-- \/ Yoast SEO plugin. -->","yoast_head_json":{"title":"Diese absolute Wahrheit - TEST - SMND","robots":{"index":"noindex","follow":"follow","max-snippet":"max-snippet:-1","max-image-preview":"max-image-preview:large","max-video-preview":"max-video-preview:-1"},"og_locale":"en_US","og_type":"article","og_title":"Diese absolute Wahrheit - TEST - SMND","og_description":"Diese absolute Wahrheit Ausz\u00fcge aus einer Rede auf einer \u00f6ffentlichen Veranstaltung am 15. M\u00e4rz 1990 im Fachbereich &#8220;Religi\u00f6se Studien&#8221; der University of Sydney, Australien Zu Beginn m\u00fcssen wir wissen, dass die Wahrheit ist, was sie ist. Wir k\u00f6nnen sie nicht organisieren, nicht ordnen und auch kein Konzept mit unserem menschlichen Verstand daraus machen. Sie ist,&hellip; Read more","og_url":"https:\/\/shrimataji.org\/test\/de\/absolute-wahrheit\/","og_site_name":"TEST - SMND","article_publisher":"https:\/\/www.facebook.com\/shrimataji","article_modified_time":"2024-04-27T01:15:14+00:00","og_image":[{"width":990,"height":350,"url":"https:\/\/shrimataji.org\/test\/wp-content\/uploads\/2018\/07\/media_originals\/images\/headers-general\/pink-flower-soft.jpg","type":"image\/jpeg"}],"twitter_card":"summary_large_image","twitter_site":"@shrimataji","schema":{"@context":"https:\/\/schema.org","@graph":[{"@type":"WebPage","@id":"https:\/\/shrimataji.org\/test\/de\/absolute-wahrheit\/","url":"https:\/\/shrimataji.org\/test\/de\/absolute-wahrheit\/","name":"Diese absolute Wahrheit - TEST - SMND","isPartOf":{"@id":"https:\/\/shrimataji.org\/test\/#website"},"primaryImageOfPage":{"@id":"https:\/\/shrimataji.org\/test\/de\/absolute-wahrheit\/#primaryimage"},"image":{"@id":"https:\/\/shrimataji.org\/test\/de\/absolute-wahrheit\/#primaryimage"},"thumbnailUrl":"https:\/\/shrimataji.org\/test\/wp-content\/uploads\/2018\/07\/media_originals\/images\/headers-general\/pink-flower-soft.jpg","datePublished":"2012-10-02T12:00:00+00:00","dateModified":"2024-04-27T01:15:14+00:00","breadcrumb":{"@id":"https:\/\/shrimataji.org\/test\/de\/absolute-wahrheit\/#breadcrumb"},"inLanguage":"en-US","potentialAction":[{"@type":"ReadAction","target":["https:\/\/shrimataji.org\/test\/de\/absolute-wahrheit\/"]}]},{"@type":"ImageObject","inLanguage":"en-US","@id":"https:\/\/shrimataji.org\/test\/de\/absolute-wahrheit\/#primaryimage","url":"https:\/\/shrimataji.org\/test\/wp-content\/uploads\/2018\/07\/media_originals\/images\/headers-general\/pink-flower-soft.jpg","contentUrl":"https:\/\/shrimataji.org\/test\/wp-content\/uploads\/2018\/07\/media_originals\/images\/headers-general\/pink-flower-soft.jpg","width":990,"height":350},{"@type":"BreadcrumbList","@id":"https:\/\/shrimataji.org\/test\/de\/absolute-wahrheit\/#breadcrumb","itemListElement":[{"@type":"ListItem","position":1,"name":"Home","item":"https:\/\/shrimataji.org\/test\/uk\/home-en\/"},{"@type":"ListItem","position":2,"name":"Diese absolute Wahrheit"}]},{"@type":"WebSite","@id":"https:\/\/shrimataji.org\/test\/#website","url":"https:\/\/shrimataji.org\/test\/","name":"Shri Mataji Nirmala Devi","description":"A Life Dedicated to Humanity","publisher":{"@id":"https:\/\/shrimataji.org\/test\/#\/schema\/person\/a1b3419c6585f164aa96da1ff85715d1"},"potentialAction":[{"@type":"SearchAction","target":{"@type":"EntryPoint","urlTemplate":"https:\/\/shrimataji.org\/test\/?s={search_term_string}"},"query-input":{"@type":"PropertyValueSpecification","valueRequired":true,"valueName":"search_term_string"}}],"inLanguage":"en-US"},{"@type":["Person","Organization"],"@id":"https:\/\/shrimataji.org\/test\/#\/schema\/person\/a1b3419c6585f164aa96da1ff85715d1","name":"Nirmala Shrivastava","image":{"@type":"ImageObject","inLanguage":"en-US","@id":"https:\/\/shrimataji.org\/test\/wp-content\/uploads\/2023\/02\/SMO_LOGO-03.svg","url":"https:\/\/shrimataji.org\/test\/wp-content\/uploads\/2023\/02\/SMO_LOGO-03.svg","contentUrl":"https:\/\/shrimataji.org\/test\/wp-content\/uploads\/2023\/02\/SMO_LOGO-03.svg","width":"1024","height":"1024","caption":"Nirmala Shrivastava"},"logo":{"@id":"https:\/\/shrimataji.org\/test\/wp-content\/uploads\/2023\/02\/SMO_LOGO-03.svg"},"sameAs":["https:\/\/shrimataji.org\/test","https:\/\/www.facebook.com\/shrimataji","https:\/\/x.com\/shrimataji","https:\/\/www.youtube.com\/@Shri_Mataji_Nirmala_Devi\/featured"]}]}},"lang":"de","translations":{"de":10701,"ur":37515,"en":430,"am":18090,"th":20081,"hu":19580,"ar":16986,"sq":18491,"zh":17388,"tr":10219,"pt":10427,"fr":10799,"it":10897,"es":10994,"ja":11292,"ru":11480,"bn":11671,"te":11779,"sw":11902,"he":12050,"el":12342,"sk":12440,"fa":12538,"fi":12636,"bg":13496,"ro":14571,"cs":14764,"nl":16650,"ku":16810,"be":18698,"kn":18972,"mr":20445,"uk":20738,"ml":21033,"ta":22809,"sv":23078,"gu":28913,"pa":29073,"fil":29527,"da":37823,"pl":38033,"nn":38375},"pll_sync_post":[],"_links":{"self":[{"href":"https:\/\/shrimataji.org\/test\/wp-json\/wp\/v2\/pages\/10701","targetHints":{"allow":["GET"]}}],"collection":[{"href":"https:\/\/shrimataji.org\/test\/wp-json\/wp\/v2\/pages"}],"about":[{"href":"https:\/\/shrimataji.org\/test\/wp-json\/wp\/v2\/types\/page"}],"author":[{"embeddable":true,"href":"https:\/\/shrimataji.org\/test\/wp-json\/wp\/v2\/users\/10"}],"replies":[{"embeddable":true,"href":"https:\/\/shrimataji.org\/test\/wp-json\/wp\/v2\/comments?post=10701"}],"version-history":[{"count":0,"href":"https:\/\/shrimataji.org\/test\/wp-json\/wp\/v2\/pages\/10701\/revisions"}],"wp:featuredmedia":[{"embeddable":true,"href":"https:\/\/shrimataji.org\/test\/wp-json\/wp\/v2\/media\/133"}],"wp:attachment":[{"href":"https:\/\/shrimataji.org\/test\/wp-json\/wp\/v2\/media?parent=10701"}],"curies":[{"name":"wp","href":"https:\/\/api.w.org\/{rel}","templated":true}]}}