{"id":10703,"date":"2018-07-10T06:54:50","date_gmt":"2018-07-10T06:54:50","guid":{"rendered":"http:\/\/testwordpress.nirmalnagari.org\/smnd\/index.php\/the-culmination\/"},"modified":"2024-04-27T01:15:14","modified_gmt":"2024-04-27T01:15:14","slug":"hoehepunkt","status":"publish","type":"page","link":"https:\/\/shrimataji.org\/test\/de\/hoehepunkt\/","title":{"rendered":"Der H\u00f6hepunkt"},"content":{"rendered":"\n\n\t<h1>Der H\u00f6hepunkt<\/h1>\n<h2>Bescheidene Verehrung<\/h2>\n\t<h4>Von fr\u00fcher Kindheit an wusste Shri Mataji, dass ihr h\u00f6chstes Ziel in einem Beitrag zur spirituellen Evolution der Menschheit bestand. Doch erst mit 47 Jahren und nachdem ihre beiden T\u00f6chter verheiratet waren, begann sie ihr lebensbestimmendes Werk.<\/h4>\n\t<p>Der Wendepunkt kam in Nargol, einem kleinen Dorf im indischen Bundesstaat Gujarat. Am <a href=\"https:\/\/shrimataji.org\/test\/de\/entscheidender-moment\/\" target=\"_blank\" rel=\"noopener\">5. Mai 1970<\/a> hatte Shri Mataji in einer tiefen Meditation die Erfahrung von Bewusstsein und Wahrheit, die ihr Handeln f\u00fcr die n\u00e4chsten 40 Jahre inspirieren sollte.<\/p>\n\t\t\t\t<img loading=\"lazy\" decoding=\"async\" src=\"https:\/\/shrimataji.org\/test\/wp-content\/uploads\/2018\/07\/media_originals\/images\/shri-mataji-teaching-sahaja-yoga\/shri-mataji-nirmala-devi-teaching-sahaja-yoga-meditation-in-india.jpg\" alt=\"shri-mataji-nirmala-devi-teaching-sahaja-yoga-meditation-in-india\" height=\"541\" width=\"721\" title=\"shri-mataji-nirmala-devi-teaching-sahaja-yoga-meditation-in-india\" \/>\n\t<p>Von diesem Moment an widmete sie sich der Verbreitung der Botschaft, dass die <a href=\"https:\/\/shrimataji.org\/test\/de\/selbst-verwirklichung\/\" target=\"_blank\" rel=\"noopener\">Selbst-Verwirklichung<\/a> durch die Praxis einer einfachen Form der Meditation f\u00fcr alle erreichbar ist. Sie nannte diese Methode <a href=\"https:\/\/shrimataji.org\/test\/de\/sahaja-yoga_d\/\" target=\"_blank\" rel=\"noopener\">Sahaja Yoga<\/a>. Der Begriff aus dem Sanskrit bedeutet so viel wie &#8220;spontane Vereinigung&#8221; des individuellen Selbst mit der &#8220;allesdurchdringenden kreativen Energie des Universums&#8221;. Sie erkl\u00e4rte ebenfalls, wie man die Selbst-Verwirklichung an andere so weitergeben kann, &#8220;wie eine Kerze eine andere entz\u00fcndet&#8221;.<\/p>\n<p>Im kleinen Rahmen begann Shri Mataji in Mumbai und London mit einer Handvoll begeisterter &#8220;Sucher\/-innen der Wahrheit&#8221;. Bis Mitte der 1980er Jahre war ihre Pr\u00e4senz sehr unmittelbar und m\u00fctterlich &#8211; sie kochte, a\u00df, ging einkaufen und ins Kino und meditierte regelm\u00e4\u00dfig mit ihrer wachsenden spirituellen Familie.<\/p>\n\t<p>Sir Chandrika P. Srivastava, Generalsekret\u00e4r der <a href=\"https:\/\/www.imo.org\/en\/\" target=\"_blank\" rel=\"noopener\">Internationalen Seeschifffahrtsorganisation der Vereinten Nationen<\/a>, war als ihr Ehemann zun\u00e4chst erstaunt \u00fcber die &#8220;Politik der offenen T\u00fcr&#8221; seiner Frau. Doch mit der Zeit inspirierten ihr Mitgef\u00fchl und ihr Wunsch, anderen zu helfen, auch ihn. Er beobachtete, wie seine Frau Menschen in ihrem Haus aufnahm und sie die Selbst-Verwirklichung erfahren lie\u00df. Sie k\u00fcmmerte sich ums sie und brachte ihnen bei, sich selbst mit Sahaja-Yoga-Methoden zu heilen. &#8220;Dann sah ich das Wunder geschehen. Sie behandelte den jungen Mann mit viel F\u00fcrsorge, Zuneigung und Sahaja Yoga, und der Junge begann sich zu verwandeln &#8230;&#8221;, kommentierte er eine solche Begebenheit.<\/p>\n\t<p>W\u00e4hrend Shri Mataji als Ehefrau eines f\u00fchrenden Diplomaten bereits einen hohen Bekanntheitsgrad hatte, spielte sie zunehmend selbst eine \u00f6ffentliche Rolle. Sie sprach bei Veranstaltungen, gab Presseinterviews, hielt Vortr\u00e4ge und teilte vor allem die Erfahrung der Selbst-Verwirklichung mit allen, die dies w\u00fcnschten. Mit ihrer Botschaft der Wahrheit, ihrer unersch\u00f6pflichen Energie und ihrem wunderbaren Sinn f\u00fcr Humor zog sie die Menschen an, wohin sie auch kam. Langsam und sicher etablierte sich Sahaja Yoga im Vereinigten K\u00f6nigreich und in Indien &#8211; dann in ganz Europa, in den Vereinigten Staaten und schlie\u00dflich im Rest der Welt.<\/p>\n<p>In den 1990er Jahren war Shri Mataji eine globale Pers\u00f6nlichkeit. Wo sie auftauchte, zog sie die Aufmerksamkeit der Medien auf sich und erhielt in der Folge eine Reihe von Ehrungen und Auszeichnungen. Unter anderem wurde sie f\u00fcr den Friedensnobelpreis nominiert und Claes Nobel erkl\u00e4rte als Vorsitzender der <a href=\"https:\/\/unitedearth.us\/\" target=\"_blank\" rel=\"noopener\">United Earth Foundation<\/a>, dass &#8220;Shri Mataji uns bef\u00e4higt, Herr unseres eigenen Schicksals zu werden&#8221;. Sie wurde eingeladen, am Hauptsitz der Vereinten Nationen in New York und auf der <a href=\"https:\/\/shrimataji.org\/test\/de\/weltfrauenkonferenz\/\">Weltfrauenkonferenz in Peking<\/a> zu sprechen. Unz\u00e4hlige Stadt- und Landesregierungen richteten ihr einen Ehrentag ein.<\/p>\n<p>Shri Mataji gr\u00fcndete eine Reihe von Nichtregierungsorganisationen wie das <a href=\"http:\/\/www.sahajahealthcentre.com\/index.html\" target=\"_blank\" rel=\"noopener\">International Hospital and Research Centre<\/a> in der N\u00e4he von Mumbai sowie <a href=\"https:\/\/www.nirmalprem.org\/\" target=\"_blank\" rel=\"noopener\">Nirmal Prem<\/a>, ein Heim f\u00fcr mittellose Frauen am Rande von Neu-Delhi. Diese Stiftungen wenden bis heute Sahaja-Yoga-Techniken an, um Menschen zu helfen, Probleme wie Krankheit und Sucht zu \u00fcberwinden und Freude und Sinn in ihrem Leben zu finden.<\/p>\n<p>Obwohl sie zu einer Ber\u00fchmtheit wurde, blieb Shri Mataji die mitf\u00fchlende, freundliche und bescheidene Pers\u00f6nlichkeit, die sie schon immer war. Ihr Ziel und ihre Botschaft \u00e4nderten sich wenig, wie sie in ihrem Buch <em>Das metamodern Zeitalter<\/em> schreibt: &#8220;Es gibt die allesdurchdringende Freude der g\u00f6ttlichen Liebe, und ich m\u00f6chte, dass jeder sie genie\u00dfen kann.&#8221;<a href=\"#footnote-1\"><sup>[1]<\/sup><\/a><\/p>\n<p>Shri Mataji reiste bis an ihr Lebensende um die Welt, wenn ihre \u00f6ffentlichen Auftritte in sp\u00e4teren Jahren auch abnahmen, da sie mehr Zeit mit ihrer unmittelbaren Familie verbrachte.<\/p>\n<p>Am 23. Februar 2011 verstarb Shri Mataji friedlich im Alter von 87 Jahren. Ihr Verm\u00e4chtnis bleibt bestehen, denn die Erfahrung der Selbst-Verwirklichung ver\u00e4ndert weiterhin unz\u00e4hlige Leben.<\/p>\n\t\t\t\t<img loading=\"lazy\" decoding=\"async\" src=\"https:\/\/shrimataji.org\/test\/wp-content\/uploads\/2024\/04\/Nirmaldham_inside_de.jpg\" alt=\"Nirmal Dham, Delhi, Indien\" height=\"400\" width=\"600\" title=\"Nirmaldham_inside_de\" \/>\n\t\tNirmal Dham, Delhi, Indien\n\t\t\t\t<img loading=\"lazy\" decoding=\"async\" src=\"https:\/\/shrimataji.org\/test\/wp-content\/uploads\/2024\/04\/Nirmaldham_de.jpg\" alt=\"Nirmal Dham, Delhi, Indien\" height=\"521\" width=\"521\" title=\"Nirmaldham_de\" \/>\n\t\tNirmal Dham, Delhi, Indien\n\t<div class=\"su-quote su-quote-style-default\"><div class=\"su-quote-inner su-u-clearfix su-u-trim\">Wir m\u00fcssen erkennen, dass wir alle durch ein gemeinsames Lebensprinzip verbunden sind. Wir alle haben eine Kundalini in uns. Daher m\u00fcssen wir alle Menschen respektieren &#8211; egal welcher Nation, aus welchem Land sie kommen und welche Hautfarbe sie haben.<\/div><\/div>\n\t<p><a id=\"footnote-1\"><\/a>[1] Shri Mataji Nirmala Devi (2018): Das metamodernde Zeitalter &#8211; Spirituelle Selbst-Verwirklichung als Quantensprung in der Evolution des Menschen, Books on Demand, Norderstedt, Deutschland; oder: Shri Mataji Nirmala Dev (1995): Meta Modern Era, Vishwa Nirmala Dharma, Pune, India.<\/p>\n\n","protected":false},"excerpt":{"rendered":"<p>Der H\u00f6hepunkt Bescheidene Verehrung Von fr\u00fcher Kindheit an wusste Shri Mataji, dass ihr h\u00f6chstes Ziel in einem Beitrag zur spirituellen Evolution der Menschheit bestand. Doch erst mit 47 Jahren und nachdem ihre beiden T\u00f6chter verheiratet waren, begann sie ihr lebensbestimmendes Werk. Der Wendepunkt kam in Nargol, einem kleinen Dorf im indischen Bundesstaat Gujarat. Am 5.&hellip; <br \/> <a class=\"read-more\" href=\"https:\/\/shrimataji.org\/test\/de\/hoehepunkt\/\">Read more<\/a><\/p>\n","protected":false},"author":10,"featured_media":119,"parent":0,"menu_order":0,"comment_status":"closed","ping_status":"closed","template":"","meta":{"inline_featured_image":false,"footnotes":""},"class_list":["post-10703","page","type-page","status-publish","has-post-thumbnail","hentry"],"yoast_head":"<!-- This site is optimized with the Yoast SEO plugin v27.4 - https:\/\/yoast.com\/product\/yoast-seo-wordpress\/ -->\n<title>Der H\u00f6hepunkt - TEST - SMND<\/title>\n<meta name=\"robots\" content=\"noindex, follow, max-snippet:-1, max-image-preview:large, max-video-preview:-1\" \/>\n<meta property=\"og:locale\" content=\"en_US\" \/>\n<meta property=\"og:type\" content=\"article\" \/>\n<meta property=\"og:title\" content=\"Der H\u00f6hepunkt - TEST - SMND\" \/>\n<meta property=\"og:description\" content=\"Der H\u00f6hepunkt Bescheidene Verehrung Von fr\u00fcher Kindheit an wusste Shri Mataji, dass ihr h\u00f6chstes Ziel in einem Beitrag zur spirituellen Evolution der Menschheit bestand. Doch erst mit 47 Jahren und nachdem ihre beiden T\u00f6chter verheiratet waren, begann sie ihr lebensbestimmendes Werk. Der Wendepunkt kam in Nargol, einem kleinen Dorf im indischen Bundesstaat Gujarat. Am 5.&hellip; Read more\" \/>\n<meta property=\"og:url\" content=\"https:\/\/shrimataji.org\/test\/de\/hoehepunkt\/\" \/>\n<meta property=\"og:site_name\" content=\"TEST - SMND\" \/>\n<meta property=\"article:publisher\" content=\"https:\/\/www.facebook.com\/shrimataji\" \/>\n<meta property=\"article:modified_time\" content=\"2024-04-27T01:15:14+00:00\" \/>\n<meta property=\"og:image\" content=\"https:\/\/shrimataji.org\/test\/wp-content\/uploads\/2018\/07\/media_originals\/images\/headers-general\/shri-mataji-nirmala-devi-austria.jpg\" \/>\n\t<meta property=\"og:image:width\" content=\"990\" \/>\n\t<meta property=\"og:image:height\" content=\"350\" \/>\n\t<meta property=\"og:image:type\" content=\"image\/jpeg\" \/>\n<meta name=\"twitter:card\" content=\"summary_large_image\" \/>\n<meta name=\"twitter:site\" content=\"@shrimataji\" \/>\n<meta name=\"twitter:label1\" content=\"Est. reading time\" \/>\n\t<meta name=\"twitter:data1\" content=\"4 minutes\" \/>\n<script type=\"application\/ld+json\" class=\"yoast-schema-graph\">{\"@context\":\"https:\\\/\\\/schema.org\",\"@graph\":[{\"@type\":\"WebPage\",\"@id\":\"https:\\\/\\\/shrimataji.org\\\/test\\\/de\\\/hoehepunkt\\\/\",\"url\":\"https:\\\/\\\/shrimataji.org\\\/test\\\/de\\\/hoehepunkt\\\/\",\"name\":\"Der H\u00f6hepunkt - TEST - SMND\",\"isPartOf\":{\"@id\":\"https:\\\/\\\/shrimataji.org\\\/test\\\/#website\"},\"primaryImageOfPage\":{\"@id\":\"https:\\\/\\\/shrimataji.org\\\/test\\\/de\\\/hoehepunkt\\\/#primaryimage\"},\"image\":{\"@id\":\"https:\\\/\\\/shrimataji.org\\\/test\\\/de\\\/hoehepunkt\\\/#primaryimage\"},\"thumbnailUrl\":\"https:\\\/\\\/shrimataji.org\\\/test\\\/wp-content\\\/uploads\\\/2018\\\/07\\\/media_originals\\\/images\\\/headers-general\\\/shri-mataji-nirmala-devi-austria.jpg\",\"datePublished\":\"2018-07-10T06:54:50+00:00\",\"dateModified\":\"2024-04-27T01:15:14+00:00\",\"breadcrumb\":{\"@id\":\"https:\\\/\\\/shrimataji.org\\\/test\\\/de\\\/hoehepunkt\\\/#breadcrumb\"},\"inLanguage\":\"en-US\",\"potentialAction\":[{\"@type\":\"ReadAction\",\"target\":[\"https:\\\/\\\/shrimataji.org\\\/test\\\/de\\\/hoehepunkt\\\/\"]}]},{\"@type\":\"ImageObject\",\"inLanguage\":\"en-US\",\"@id\":\"https:\\\/\\\/shrimataji.org\\\/test\\\/de\\\/hoehepunkt\\\/#primaryimage\",\"url\":\"https:\\\/\\\/shrimataji.org\\\/test\\\/wp-content\\\/uploads\\\/2018\\\/07\\\/media_originals\\\/images\\\/headers-general\\\/shri-mataji-nirmala-devi-austria.jpg\",\"contentUrl\":\"https:\\\/\\\/shrimataji.org\\\/test\\\/wp-content\\\/uploads\\\/2018\\\/07\\\/media_originals\\\/images\\\/headers-general\\\/shri-mataji-nirmala-devi-austria.jpg\",\"width\":990,\"height\":350},{\"@type\":\"BreadcrumbList\",\"@id\":\"https:\\\/\\\/shrimataji.org\\\/test\\\/de\\\/hoehepunkt\\\/#breadcrumb\",\"itemListElement\":[{\"@type\":\"ListItem\",\"position\":1,\"name\":\"Home\",\"item\":\"https:\\\/\\\/shrimataji.org\\\/test\\\/uk\\\/home-en\\\/\"},{\"@type\":\"ListItem\",\"position\":2,\"name\":\"Der H\u00f6hepunkt\"}]},{\"@type\":\"WebSite\",\"@id\":\"https:\\\/\\\/shrimataji.org\\\/test\\\/#website\",\"url\":\"https:\\\/\\\/shrimataji.org\\\/test\\\/\",\"name\":\"Shri Mataji Nirmala Devi\",\"description\":\"A Life Dedicated to Humanity\",\"publisher\":{\"@id\":\"https:\\\/\\\/shrimataji.org\\\/test\\\/#\\\/schema\\\/person\\\/a1b3419c6585f164aa96da1ff85715d1\"},\"potentialAction\":[{\"@type\":\"SearchAction\",\"target\":{\"@type\":\"EntryPoint\",\"urlTemplate\":\"https:\\\/\\\/shrimataji.org\\\/test\\\/?s={search_term_string}\"},\"query-input\":{\"@type\":\"PropertyValueSpecification\",\"valueRequired\":true,\"valueName\":\"search_term_string\"}}],\"inLanguage\":\"en-US\"},{\"@type\":[\"Person\",\"Organization\"],\"@id\":\"https:\\\/\\\/shrimataji.org\\\/test\\\/#\\\/schema\\\/person\\\/a1b3419c6585f164aa96da1ff85715d1\",\"name\":\"Nirmala Shrivastava\",\"image\":{\"@type\":\"ImageObject\",\"inLanguage\":\"en-US\",\"@id\":\"https:\\\/\\\/shrimataji.org\\\/test\\\/wp-content\\\/uploads\\\/2023\\\/02\\\/SMO_LOGO-03.svg\",\"url\":\"https:\\\/\\\/shrimataji.org\\\/test\\\/wp-content\\\/uploads\\\/2023\\\/02\\\/SMO_LOGO-03.svg\",\"contentUrl\":\"https:\\\/\\\/shrimataji.org\\\/test\\\/wp-content\\\/uploads\\\/2023\\\/02\\\/SMO_LOGO-03.svg\",\"width\":\"1024\",\"height\":\"1024\",\"caption\":\"Nirmala Shrivastava\"},\"logo\":{\"@id\":\"https:\\\/\\\/shrimataji.org\\\/test\\\/wp-content\\\/uploads\\\/2023\\\/02\\\/SMO_LOGO-03.svg\"},\"sameAs\":[\"https:\\\/\\\/shrimataji.org\\\/test\",\"https:\\\/\\\/www.facebook.com\\\/shrimataji\",\"https:\\\/\\\/x.com\\\/shrimataji\",\"https:\\\/\\\/www.youtube.com\\\/@Shri_Mataji_Nirmala_Devi\\\/featured\"]}]}<\/script>\n<!-- \/ Yoast SEO plugin. -->","yoast_head_json":{"title":"Der H\u00f6hepunkt - TEST - SMND","robots":{"index":"noindex","follow":"follow","max-snippet":"max-snippet:-1","max-image-preview":"max-image-preview:large","max-video-preview":"max-video-preview:-1"},"og_locale":"en_US","og_type":"article","og_title":"Der H\u00f6hepunkt - TEST - SMND","og_description":"Der H\u00f6hepunkt Bescheidene Verehrung Von fr\u00fcher Kindheit an wusste Shri Mataji, dass ihr h\u00f6chstes Ziel in einem Beitrag zur spirituellen Evolution der Menschheit bestand. Doch erst mit 47 Jahren und nachdem ihre beiden T\u00f6chter verheiratet waren, begann sie ihr lebensbestimmendes Werk. Der Wendepunkt kam in Nargol, einem kleinen Dorf im indischen Bundesstaat Gujarat. Am 5.&hellip; Read more","og_url":"https:\/\/shrimataji.org\/test\/de\/hoehepunkt\/","og_site_name":"TEST - SMND","article_publisher":"https:\/\/www.facebook.com\/shrimataji","article_modified_time":"2024-04-27T01:15:14+00:00","og_image":[{"width":990,"height":350,"url":"https:\/\/shrimataji.org\/test\/wp-content\/uploads\/2018\/07\/media_originals\/images\/headers-general\/shri-mataji-nirmala-devi-austria.jpg","type":"image\/jpeg"}],"twitter_card":"summary_large_image","twitter_site":"@shrimataji","twitter_misc":{"Est. reading time":"4 minutes"},"schema":{"@context":"https:\/\/schema.org","@graph":[{"@type":"WebPage","@id":"https:\/\/shrimataji.org\/test\/de\/hoehepunkt\/","url":"https:\/\/shrimataji.org\/test\/de\/hoehepunkt\/","name":"Der H\u00f6hepunkt - TEST - SMND","isPartOf":{"@id":"https:\/\/shrimataji.org\/test\/#website"},"primaryImageOfPage":{"@id":"https:\/\/shrimataji.org\/test\/de\/hoehepunkt\/#primaryimage"},"image":{"@id":"https:\/\/shrimataji.org\/test\/de\/hoehepunkt\/#primaryimage"},"thumbnailUrl":"https:\/\/shrimataji.org\/test\/wp-content\/uploads\/2018\/07\/media_originals\/images\/headers-general\/shri-mataji-nirmala-devi-austria.jpg","datePublished":"2018-07-10T06:54:50+00:00","dateModified":"2024-04-27T01:15:14+00:00","breadcrumb":{"@id":"https:\/\/shrimataji.org\/test\/de\/hoehepunkt\/#breadcrumb"},"inLanguage":"en-US","potentialAction":[{"@type":"ReadAction","target":["https:\/\/shrimataji.org\/test\/de\/hoehepunkt\/"]}]},{"@type":"ImageObject","inLanguage":"en-US","@id":"https:\/\/shrimataji.org\/test\/de\/hoehepunkt\/#primaryimage","url":"https:\/\/shrimataji.org\/test\/wp-content\/uploads\/2018\/07\/media_originals\/images\/headers-general\/shri-mataji-nirmala-devi-austria.jpg","contentUrl":"https:\/\/shrimataji.org\/test\/wp-content\/uploads\/2018\/07\/media_originals\/images\/headers-general\/shri-mataji-nirmala-devi-austria.jpg","width":990,"height":350},{"@type":"BreadcrumbList","@id":"https:\/\/shrimataji.org\/test\/de\/hoehepunkt\/#breadcrumb","itemListElement":[{"@type":"ListItem","position":1,"name":"Home","item":"https:\/\/shrimataji.org\/test\/uk\/home-en\/"},{"@type":"ListItem","position":2,"name":"Der H\u00f6hepunkt"}]},{"@type":"WebSite","@id":"https:\/\/shrimataji.org\/test\/#website","url":"https:\/\/shrimataji.org\/test\/","name":"Shri Mataji Nirmala Devi","description":"A Life Dedicated to Humanity","publisher":{"@id":"https:\/\/shrimataji.org\/test\/#\/schema\/person\/a1b3419c6585f164aa96da1ff85715d1"},"potentialAction":[{"@type":"SearchAction","target":{"@type":"EntryPoint","urlTemplate":"https:\/\/shrimataji.org\/test\/?s={search_term_string}"},"query-input":{"@type":"PropertyValueSpecification","valueRequired":true,"valueName":"search_term_string"}}],"inLanguage":"en-US"},{"@type":["Person","Organization"],"@id":"https:\/\/shrimataji.org\/test\/#\/schema\/person\/a1b3419c6585f164aa96da1ff85715d1","name":"Nirmala Shrivastava","image":{"@type":"ImageObject","inLanguage":"en-US","@id":"https:\/\/shrimataji.org\/test\/wp-content\/uploads\/2023\/02\/SMO_LOGO-03.svg","url":"https:\/\/shrimataji.org\/test\/wp-content\/uploads\/2023\/02\/SMO_LOGO-03.svg","contentUrl":"https:\/\/shrimataji.org\/test\/wp-content\/uploads\/2023\/02\/SMO_LOGO-03.svg","width":"1024","height":"1024","caption":"Nirmala Shrivastava"},"logo":{"@id":"https:\/\/shrimataji.org\/test\/wp-content\/uploads\/2023\/02\/SMO_LOGO-03.svg"},"sameAs":["https:\/\/shrimataji.org\/test","https:\/\/www.facebook.com\/shrimataji","https:\/\/x.com\/shrimataji","https:\/\/www.youtube.com\/@Shri_Mataji_Nirmala_Devi\/featured"]}]}},"lang":"de","translations":{"de":10703,"ur":37519,"en":446,"am":18094,"th":20087,"hu":19585,"ar":16990,"sq":18495,"zh":17392,"tr":10221,"pt":10429,"fr":10801,"it":10899,"es":10996,"ja":11294,"ru":11482,"bn":11673,"te":11781,"sw":11904,"he":12052,"el":12344,"sk":12442,"fa":12540,"fi":12638,"bg":13449,"ro":14523,"cs":14716,"nl":16654,"ku":16814,"be":18702,"kn":18976,"mr":20451,"uk":20744,"ml":21039,"ta":22813,"sv":23082,"gu":28917,"pa":29077,"fil":29531,"da":37827,"pl":38037,"nn":38379},"pll_sync_post":[],"_links":{"self":[{"href":"https:\/\/shrimataji.org\/test\/wp-json\/wp\/v2\/pages\/10703","targetHints":{"allow":["GET"]}}],"collection":[{"href":"https:\/\/shrimataji.org\/test\/wp-json\/wp\/v2\/pages"}],"about":[{"href":"https:\/\/shrimataji.org\/test\/wp-json\/wp\/v2\/types\/page"}],"author":[{"embeddable":true,"href":"https:\/\/shrimataji.org\/test\/wp-json\/wp\/v2\/users\/10"}],"replies":[{"embeddable":true,"href":"https:\/\/shrimataji.org\/test\/wp-json\/wp\/v2\/comments?post=10703"}],"version-history":[{"count":0,"href":"https:\/\/shrimataji.org\/test\/wp-json\/wp\/v2\/pages\/10703\/revisions"}],"wp:featuredmedia":[{"embeddable":true,"href":"https:\/\/shrimataji.org\/test\/wp-json\/wp\/v2\/media\/119"}],"wp:attachment":[{"href":"https:\/\/shrimataji.org\/test\/wp-json\/wp\/v2\/media?parent=10703"}],"curies":[{"name":"wp","href":"https:\/\/api.w.org\/{rel}","templated":true}]}}