{"id":10704,"date":"2012-10-02T13:00:00","date_gmt":"2012-10-02T13:00:00","guid":{"rendered":"http:\/\/testwordpress.nirmalnagari.org\/smnd\/index.php\/the-dignity-of-art\/"},"modified":"2024-04-27T01:15:14","modified_gmt":"2024-04-27T01:15:14","slug":"wuerde-kunst","status":"publish","type":"page","link":"https:\/\/shrimataji.org\/test\/de\/wuerde-kunst\/","title":{"rendered":"Die W\u00fcrde der Kunst"},"content":{"rendered":"\n\n\t<h1>Die W\u00fcrde der Kunst<\/h1>\n<h2>Auszug eines 1961 in Indien ausgegebenen Souvenirs mit Worten von Shri Mataji<\/h2>\n\t<p>K\u00fcnstler\/-innen m\u00fcssen die Menschen geschmacklich sensibilisieren und ihre eigenen Ma\u00dfst\u00e4be anlegen, anstatt sich den billigen Forderungen des Publikums zu beugen und ihre Freiheit aufzugeben.<\/p>\n<p>Erleuchtete K\u00fcnstler\/-innen k\u00f6nnen zum Beispiel Kontakt zu Bildungs- und Sozialeinrichtungen aufnehmen oder ihre Ideen durch Artikel in Magazinen und Zeitungen verbreiten. Auch durch Theaterst\u00fccke, Filme und Radiogespr\u00e4che k\u00f6nnen die Menschen zum Verst\u00e4ndnis wahrer Kunst erzogen werden. So kann die W\u00fcrde der Kunst bewahrt werden.<\/p>\n<p>Durch den Kontakt mit der breiten \u00d6ffentlichkeit \u00fcber diese Einrichtungen wird das soziale Selbst eines K\u00fcnstlers scharfsinniger und sensibler. Es wird auf\u00a0 kleinste nationale Unruhen und Ungleichgewichte in der Gesellschaft reagieren.<\/p>\n<p>Sehen solche K\u00fcnstler\/-innen auf der Stra\u00dfe einen Leprakranken, f\u00fcllt sich ihr Herz mit Mitgef\u00fchl. \u00dcber ihre Kunst k\u00f6nnen sie eine Atmosph\u00e4re schaffen, die Sozialarbeiter, \u00c4rzte, Wissenschaftler und Verantwortliche des Staates veranlasst, an einer L\u00f6sung f\u00fcr die Probleme im Zusammenhang mit Lepra zu arbeiten.<\/p>\n<p>Sollte ein K\u00fcnstler feststellen, dass seine Landsleute unpatriotisch oder feige sind, kann er mit Hilfe anderer einen tiefen Respekt in ihren K\u00f6pfen erzeugen. Das ist die motivierende Kraft eines K\u00fcnstlers.<\/p>\n<p>K\u00fcnstler\/-innen sind die sch\u00f6nsten Blumen der Sch\u00f6pfung, die s\u00fc\u00dfesten Tr\u00e4ume des Sch\u00f6pfers und die wertvollsten Teile der menschlichen Gesellschaft. Vielleicht wissen sie nicht, wie sehr sie von den Betrachtern ihrer Kunst geliebt und verehrt werden und wie sehr man ihnen nachfolgt &#8230;<\/p>\n\n","protected":false},"excerpt":{"rendered":"<p>Die W\u00fcrde der Kunst Auszug eines 1961 in Indien ausgegebenen Souvenirs mit Worten von Shri Mataji K\u00fcnstler\/-innen m\u00fcssen die Menschen geschmacklich sensibilisieren und ihre eigenen Ma\u00dfst\u00e4be anlegen, anstatt sich den billigen Forderungen des Publikums zu beugen und ihre Freiheit aufzugeben. Erleuchtete K\u00fcnstler\/-innen k\u00f6nnen zum Beispiel Kontakt zu Bildungs- und Sozialeinrichtungen aufnehmen oder ihre Ideen durch&hellip; <br \/> <a class=\"read-more\" href=\"https:\/\/shrimataji.org\/test\/de\/wuerde-kunst\/\">Read more<\/a><\/p>\n","protected":false},"author":10,"featured_media":131,"parent":0,"menu_order":0,"comment_status":"closed","ping_status":"closed","template":"","meta":{"inline_featured_image":false,"footnotes":""},"class_list":["post-10704","page","type-page","status-publish","has-post-thumbnail","hentry"],"yoast_head":"<!-- This site is optimized with the Yoast SEO plugin v27.4 - https:\/\/yoast.com\/product\/yoast-seo-wordpress\/ -->\n<title>Die W\u00fcrde der Kunst - TEST - SMND<\/title>\n<meta name=\"robots\" content=\"noindex, follow, max-snippet:-1, max-image-preview:large, max-video-preview:-1\" \/>\n<meta property=\"og:locale\" content=\"en_US\" \/>\n<meta property=\"og:type\" content=\"article\" \/>\n<meta property=\"og:title\" content=\"Die W\u00fcrde der Kunst - TEST - SMND\" \/>\n<meta property=\"og:description\" content=\"Die W\u00fcrde der Kunst Auszug eines 1961 in Indien ausgegebenen Souvenirs mit Worten von Shri Mataji K\u00fcnstler\/-innen m\u00fcssen die Menschen geschmacklich sensibilisieren und ihre eigenen Ma\u00dfst\u00e4be anlegen, anstatt sich den billigen Forderungen des Publikums zu beugen und ihre Freiheit aufzugeben. Erleuchtete K\u00fcnstler\/-innen k\u00f6nnen zum Beispiel Kontakt zu Bildungs- und Sozialeinrichtungen aufnehmen oder ihre Ideen durch&hellip; Read more\" \/>\n<meta property=\"og:url\" content=\"https:\/\/shrimataji.org\/test\/de\/wuerde-kunst\/\" \/>\n<meta property=\"og:site_name\" content=\"TEST - SMND\" \/>\n<meta property=\"article:publisher\" content=\"https:\/\/www.facebook.com\/shrimataji\" \/>\n<meta property=\"article:modified_time\" content=\"2024-04-27T01:15:14+00:00\" \/>\n<meta property=\"og:image\" content=\"https:\/\/shrimataji.org\/test\/wp-content\/uploads\/2018\/07\/media_originals\/images\/headers-general\/queen-mayas-dream-by-graham-brown.jpg\" \/>\n\t<meta property=\"og:image:width\" content=\"990\" \/>\n\t<meta property=\"og:image:height\" content=\"350\" \/>\n\t<meta property=\"og:image:type\" content=\"image\/jpeg\" \/>\n<meta name=\"twitter:card\" content=\"summary_large_image\" \/>\n<meta name=\"twitter:site\" content=\"@shrimataji\" \/>\n<script type=\"application\/ld+json\" class=\"yoast-schema-graph\">{\"@context\":\"https:\\\/\\\/schema.org\",\"@graph\":[{\"@type\":\"WebPage\",\"@id\":\"https:\\\/\\\/shrimataji.org\\\/test\\\/de\\\/wuerde-kunst\\\/\",\"url\":\"https:\\\/\\\/shrimataji.org\\\/test\\\/de\\\/wuerde-kunst\\\/\",\"name\":\"Die W\u00fcrde der Kunst - TEST - SMND\",\"isPartOf\":{\"@id\":\"https:\\\/\\\/shrimataji.org\\\/test\\\/#website\"},\"primaryImageOfPage\":{\"@id\":\"https:\\\/\\\/shrimataji.org\\\/test\\\/de\\\/wuerde-kunst\\\/#primaryimage\"},\"image\":{\"@id\":\"https:\\\/\\\/shrimataji.org\\\/test\\\/de\\\/wuerde-kunst\\\/#primaryimage\"},\"thumbnailUrl\":\"https:\\\/\\\/shrimataji.org\\\/test\\\/wp-content\\\/uploads\\\/2018\\\/07\\\/media_originals\\\/images\\\/headers-general\\\/queen-mayas-dream-by-graham-brown.jpg\",\"datePublished\":\"2012-10-02T13:00:00+00:00\",\"dateModified\":\"2024-04-27T01:15:14+00:00\",\"breadcrumb\":{\"@id\":\"https:\\\/\\\/shrimataji.org\\\/test\\\/de\\\/wuerde-kunst\\\/#breadcrumb\"},\"inLanguage\":\"en-US\",\"potentialAction\":[{\"@type\":\"ReadAction\",\"target\":[\"https:\\\/\\\/shrimataji.org\\\/test\\\/de\\\/wuerde-kunst\\\/\"]}]},{\"@type\":\"ImageObject\",\"inLanguage\":\"en-US\",\"@id\":\"https:\\\/\\\/shrimataji.org\\\/test\\\/de\\\/wuerde-kunst\\\/#primaryimage\",\"url\":\"https:\\\/\\\/shrimataji.org\\\/test\\\/wp-content\\\/uploads\\\/2018\\\/07\\\/media_originals\\\/images\\\/headers-general\\\/queen-mayas-dream-by-graham-brown.jpg\",\"contentUrl\":\"https:\\\/\\\/shrimataji.org\\\/test\\\/wp-content\\\/uploads\\\/2018\\\/07\\\/media_originals\\\/images\\\/headers-general\\\/queen-mayas-dream-by-graham-brown.jpg\",\"width\":990,\"height\":350},{\"@type\":\"BreadcrumbList\",\"@id\":\"https:\\\/\\\/shrimataji.org\\\/test\\\/de\\\/wuerde-kunst\\\/#breadcrumb\",\"itemListElement\":[{\"@type\":\"ListItem\",\"position\":1,\"name\":\"Home\",\"item\":\"https:\\\/\\\/shrimataji.org\\\/test\\\/uk\\\/home-en\\\/\"},{\"@type\":\"ListItem\",\"position\":2,\"name\":\"Die W\u00fcrde der Kunst\"}]},{\"@type\":\"WebSite\",\"@id\":\"https:\\\/\\\/shrimataji.org\\\/test\\\/#website\",\"url\":\"https:\\\/\\\/shrimataji.org\\\/test\\\/\",\"name\":\"Shri Mataji Nirmala Devi\",\"description\":\"A Life Dedicated to Humanity\",\"publisher\":{\"@id\":\"https:\\\/\\\/shrimataji.org\\\/test\\\/#\\\/schema\\\/person\\\/a1b3419c6585f164aa96da1ff85715d1\"},\"potentialAction\":[{\"@type\":\"SearchAction\",\"target\":{\"@type\":\"EntryPoint\",\"urlTemplate\":\"https:\\\/\\\/shrimataji.org\\\/test\\\/?s={search_term_string}\"},\"query-input\":{\"@type\":\"PropertyValueSpecification\",\"valueRequired\":true,\"valueName\":\"search_term_string\"}}],\"inLanguage\":\"en-US\"},{\"@type\":[\"Person\",\"Organization\"],\"@id\":\"https:\\\/\\\/shrimataji.org\\\/test\\\/#\\\/schema\\\/person\\\/a1b3419c6585f164aa96da1ff85715d1\",\"name\":\"Nirmala Shrivastava\",\"image\":{\"@type\":\"ImageObject\",\"inLanguage\":\"en-US\",\"@id\":\"https:\\\/\\\/shrimataji.org\\\/test\\\/wp-content\\\/uploads\\\/2023\\\/02\\\/SMO_LOGO-03.svg\",\"url\":\"https:\\\/\\\/shrimataji.org\\\/test\\\/wp-content\\\/uploads\\\/2023\\\/02\\\/SMO_LOGO-03.svg\",\"contentUrl\":\"https:\\\/\\\/shrimataji.org\\\/test\\\/wp-content\\\/uploads\\\/2023\\\/02\\\/SMO_LOGO-03.svg\",\"width\":\"1024\",\"height\":\"1024\",\"caption\":\"Nirmala Shrivastava\"},\"logo\":{\"@id\":\"https:\\\/\\\/shrimataji.org\\\/test\\\/wp-content\\\/uploads\\\/2023\\\/02\\\/SMO_LOGO-03.svg\"},\"sameAs\":[\"https:\\\/\\\/shrimataji.org\\\/test\",\"https:\\\/\\\/www.facebook.com\\\/shrimataji\",\"https:\\\/\\\/x.com\\\/shrimataji\",\"https:\\\/\\\/www.youtube.com\\\/@Shri_Mataji_Nirmala_Devi\\\/featured\"]}]}<\/script>\n<!-- \/ Yoast SEO plugin. -->","yoast_head_json":{"title":"Die W\u00fcrde der Kunst - TEST - SMND","robots":{"index":"noindex","follow":"follow","max-snippet":"max-snippet:-1","max-image-preview":"max-image-preview:large","max-video-preview":"max-video-preview:-1"},"og_locale":"en_US","og_type":"article","og_title":"Die W\u00fcrde der Kunst - TEST - SMND","og_description":"Die W\u00fcrde der Kunst Auszug eines 1961 in Indien ausgegebenen Souvenirs mit Worten von Shri Mataji K\u00fcnstler\/-innen m\u00fcssen die Menschen geschmacklich sensibilisieren und ihre eigenen Ma\u00dfst\u00e4be anlegen, anstatt sich den billigen Forderungen des Publikums zu beugen und ihre Freiheit aufzugeben. Erleuchtete K\u00fcnstler\/-innen k\u00f6nnen zum Beispiel Kontakt zu Bildungs- und Sozialeinrichtungen aufnehmen oder ihre Ideen durch&hellip; Read more","og_url":"https:\/\/shrimataji.org\/test\/de\/wuerde-kunst\/","og_site_name":"TEST - SMND","article_publisher":"https:\/\/www.facebook.com\/shrimataji","article_modified_time":"2024-04-27T01:15:14+00:00","og_image":[{"width":990,"height":350,"url":"https:\/\/shrimataji.org\/test\/wp-content\/uploads\/2018\/07\/media_originals\/images\/headers-general\/queen-mayas-dream-by-graham-brown.jpg","type":"image\/jpeg"}],"twitter_card":"summary_large_image","twitter_site":"@shrimataji","schema":{"@context":"https:\/\/schema.org","@graph":[{"@type":"WebPage","@id":"https:\/\/shrimataji.org\/test\/de\/wuerde-kunst\/","url":"https:\/\/shrimataji.org\/test\/de\/wuerde-kunst\/","name":"Die W\u00fcrde der Kunst - TEST - SMND","isPartOf":{"@id":"https:\/\/shrimataji.org\/test\/#website"},"primaryImageOfPage":{"@id":"https:\/\/shrimataji.org\/test\/de\/wuerde-kunst\/#primaryimage"},"image":{"@id":"https:\/\/shrimataji.org\/test\/de\/wuerde-kunst\/#primaryimage"},"thumbnailUrl":"https:\/\/shrimataji.org\/test\/wp-content\/uploads\/2018\/07\/media_originals\/images\/headers-general\/queen-mayas-dream-by-graham-brown.jpg","datePublished":"2012-10-02T13:00:00+00:00","dateModified":"2024-04-27T01:15:14+00:00","breadcrumb":{"@id":"https:\/\/shrimataji.org\/test\/de\/wuerde-kunst\/#breadcrumb"},"inLanguage":"en-US","potentialAction":[{"@type":"ReadAction","target":["https:\/\/shrimataji.org\/test\/de\/wuerde-kunst\/"]}]},{"@type":"ImageObject","inLanguage":"en-US","@id":"https:\/\/shrimataji.org\/test\/de\/wuerde-kunst\/#primaryimage","url":"https:\/\/shrimataji.org\/test\/wp-content\/uploads\/2018\/07\/media_originals\/images\/headers-general\/queen-mayas-dream-by-graham-brown.jpg","contentUrl":"https:\/\/shrimataji.org\/test\/wp-content\/uploads\/2018\/07\/media_originals\/images\/headers-general\/queen-mayas-dream-by-graham-brown.jpg","width":990,"height":350},{"@type":"BreadcrumbList","@id":"https:\/\/shrimataji.org\/test\/de\/wuerde-kunst\/#breadcrumb","itemListElement":[{"@type":"ListItem","position":1,"name":"Home","item":"https:\/\/shrimataji.org\/test\/uk\/home-en\/"},{"@type":"ListItem","position":2,"name":"Die W\u00fcrde der Kunst"}]},{"@type":"WebSite","@id":"https:\/\/shrimataji.org\/test\/#website","url":"https:\/\/shrimataji.org\/test\/","name":"Shri Mataji Nirmala Devi","description":"A Life Dedicated to Humanity","publisher":{"@id":"https:\/\/shrimataji.org\/test\/#\/schema\/person\/a1b3419c6585f164aa96da1ff85715d1"},"potentialAction":[{"@type":"SearchAction","target":{"@type":"EntryPoint","urlTemplate":"https:\/\/shrimataji.org\/test\/?s={search_term_string}"},"query-input":{"@type":"PropertyValueSpecification","valueRequired":true,"valueName":"search_term_string"}}],"inLanguage":"en-US"},{"@type":["Person","Organization"],"@id":"https:\/\/shrimataji.org\/test\/#\/schema\/person\/a1b3419c6585f164aa96da1ff85715d1","name":"Nirmala Shrivastava","image":{"@type":"ImageObject","inLanguage":"en-US","@id":"https:\/\/shrimataji.org\/test\/wp-content\/uploads\/2023\/02\/SMO_LOGO-03.svg","url":"https:\/\/shrimataji.org\/test\/wp-content\/uploads\/2023\/02\/SMO_LOGO-03.svg","contentUrl":"https:\/\/shrimataji.org\/test\/wp-content\/uploads\/2023\/02\/SMO_LOGO-03.svg","width":"1024","height":"1024","caption":"Nirmala Shrivastava"},"logo":{"@id":"https:\/\/shrimataji.org\/test\/wp-content\/uploads\/2023\/02\/SMO_LOGO-03.svg"},"sameAs":["https:\/\/shrimataji.org\/test","https:\/\/www.facebook.com\/shrimataji","https:\/\/x.com\/shrimataji","https:\/\/www.youtube.com\/@Shri_Mataji_Nirmala_Devi\/featured"]}]}},"lang":"de","translations":{"de":10704,"ur":37521,"en":431,"am":18096,"th":20090,"hu":19588,"ar":16992,"sq":18497,"zh":17394,"tr":10222,"pt":10430,"fr":10802,"it":10900,"es":10997,"ja":11295,"ru":11483,"bn":11674,"te":11782,"sw":11905,"he":12053,"el":12345,"sk":12443,"fa":12541,"fi":12639,"bg":13494,"ro":14569,"cs":14762,"nl":16656,"ku":16816,"be":18704,"kn":18978,"mr":20454,"uk":20747,"ml":21042,"ta":22815,"sv":23084,"gu":28919,"pa":29079,"fil":29533,"da":37829,"pl":38039,"nn":38381},"pll_sync_post":[],"_links":{"self":[{"href":"https:\/\/shrimataji.org\/test\/wp-json\/wp\/v2\/pages\/10704","targetHints":{"allow":["GET"]}}],"collection":[{"href":"https:\/\/shrimataji.org\/test\/wp-json\/wp\/v2\/pages"}],"about":[{"href":"https:\/\/shrimataji.org\/test\/wp-json\/wp\/v2\/types\/page"}],"author":[{"embeddable":true,"href":"https:\/\/shrimataji.org\/test\/wp-json\/wp\/v2\/users\/10"}],"replies":[{"embeddable":true,"href":"https:\/\/shrimataji.org\/test\/wp-json\/wp\/v2\/comments?post=10704"}],"version-history":[{"count":0,"href":"https:\/\/shrimataji.org\/test\/wp-json\/wp\/v2\/pages\/10704\/revisions"}],"wp:featuredmedia":[{"embeddable":true,"href":"https:\/\/shrimataji.org\/test\/wp-json\/wp\/v2\/media\/131"}],"wp:attachment":[{"href":"https:\/\/shrimataji.org\/test\/wp-json\/wp\/v2\/media?parent=10704"}],"curies":[{"name":"wp","href":"https:\/\/api.w.org\/{rel}","templated":true}]}}