{"id":10705,"date":"2018-07-10T06:55:02","date_gmt":"2018-07-10T06:55:02","guid":{"rendered":"http:\/\/testwordpress.nirmalnagari.org\/smnd\/index.php\/the-international-day-of-yoga\/"},"modified":"2024-04-27T01:15:16","modified_gmt":"2024-04-27T01:15:16","slug":"internationaler-yogatag","status":"publish","type":"page","link":"https:\/\/shrimataji.org\/test\/de\/internationaler-yogatag\/","title":{"rendered":"Internationaler Tag des Yoga"},"content":{"rendered":"\n\n\t<h1>Internationaler Tag des Yoga<\/h1>\n<h2>Pressemitteilung vom 21. Juni 2015, Mailand<\/h2>\n<p>Sahaja Yoga begr\u00fc\u00dft den &#8220;Internationalen Tag des Yoga&#8221; mit der wahren Bedeutung dieser uralten Kunst.<\/p>\n<p>Die heutigen Feierlichkeiten zu Ehren des alten Yogahandwerks fallen in eine Zeit, in der die Welt mit wachsender Unruhe und Unsicherheit konfrontiert ist. Anhaltende Wirtschaftskrisen, \u00f6kologische Probleme und der Bev\u00f6lkerungsdruck l\u00f6sen in vielen Teilen der Welt tiefes Unbehagen aus. Viele halten es deshalb f\u00fcr notwendig, zu unseren spirituellen Wurzeln zur\u00fcckzukehren, um dort sowohl einen Sinn zu suchen als auch zu finden.<\/p>\n<p>Wahres und authentisches Yoga geht weit \u00fcber das Rezitieren von Mantras und k\u00f6rperliche Verdrehungen hinaus. Es bewirkt einen grundlegenden Wandel in der Wahrnehmung und ein echtes Erwachen des Bewusstseins. Dies ist nirgendwo so stark zu sp\u00fcren, wie durch die Praxis von <a href=\"https:\/\/shrimataji.org\/test\/de\/sahaja-yoga_d\/\">Sahaja Yoga<\/a>. Diese einzigartige Form der <a href=\"https:\/\/shrimataji.org\/test\/de\/sahaja-yoga-meditation-de\/\">Meditation<\/a> wurde 1970 von <a href=\"http:\/\/www.shrimataji.org\">Shri Mataji Nirmala Devi<\/a> vorgestellt. Sie widmete ihr Leben der Aufgabe, der Welt die Kraft der erleuchteten Selbst-Erkenntnis zu vermitteln und wurde als eine der beliebtesten spirituellen Lehrerinnen der Welt zweimal f\u00fcr den Friedensnobelpreis nominiert.<\/p>\n<p>Im Gegensatz zu kostenpflichtigen Methoden konzentriert sich Sahaja Yoga auf die Meditation selbst und nicht auf B\u00fccher oder teure Kurse. In der Meditation im gedankenfreien Bewusstsein begeben sich alle Praktizierenden auf eine pers\u00f6nliche Entdeckungsreise, aus der alles k\u00f6rperliche, mentale und emotionale Wohlbefinden resultiert. Es gibt keine Pr\u00fcfungen, Zeitpl\u00e4ne oder eing\u00e4ngige Werbeslogans.<\/p>\n<p>Zehntausende Sahaja-Yoga-Praktizierenden haben bereits auf der ganzen Welt den inneren Frieden gefunden, der sich aus der Verbindung des individuellen Selbst mit dem kollektiven Bewusstsein durch Yoga ergibt. Jede Woche besuchen weitere Tausende einen der kostenlosen Kurse in \u00fcber 100 L\u00e4ndern und entdecken dabei, wie sich ihr Leben mit nur wenigen Minuten t\u00e4glicher Meditation ver\u00e4ndern kann. Alle Praktizierenden werden ermutigt, die tiefgreifende Erfahrung in selbst-bestimmtem Tempo zu erkunden.<\/p>\n<p>Wahres Yoga hat die Kraft, nicht nur das individuelle Leben, sondern ganze Gemeinschaften zu ver\u00e4ndern. Nirgendwo wird dies deutlicher als bei Sahaja-Yoga-Veranstaltungen zur Unterst\u00fctzung benachteiligter Gebiete auf der ganzen Welt. Von den verarmten Ackerfl\u00e4chen Nordindiens bis hin zu kriegsgebeutelten Fl\u00fcchtlingslagern im Nahen Osten streben Sahaja-Yoga-Meditationsprogramme danach, etwas zu ver\u00e4ndern und Frieden und Verbesserungen in traumatisierte Leben zu bringen. Shri Matajis Arbeit und ihre Vision werden \u00fcberall dort fortgesetzt, wo es ein Bed\u00fcrfnis nach Spiritualit\u00e4t gibt, um echte Liebe und Menschlichkeit wiederherzustellen.<\/p>\n<p>Besucher der EXPO 2015 in Mailand finden weitere Informationen am India Basmati Stand oder unter <a href=\"https:\/\/live.sahajayoga.it\">live.sahajayoga.it<\/a> f\u00fcr ein Online-Einf\u00fchrungsseminar, das anl\u00e4sslich des Internationalen Tags des Yoga 2015 abgehalten wird.<\/p>\n\n","protected":false},"excerpt":{"rendered":"<p>Internationaler Tag des Yoga Pressemitteilung vom 21. Juni 2015, Mailand Sahaja Yoga begr\u00fc\u00dft den &#8220;Internationalen Tag des Yoga&#8221; mit der wahren Bedeutung dieser uralten Kunst. Die heutigen Feierlichkeiten zu Ehren des alten Yogahandwerks fallen in eine Zeit, in der die Welt mit wachsender Unruhe und Unsicherheit konfrontiert ist. Anhaltende Wirtschaftskrisen, \u00f6kologische Probleme und der Bev\u00f6lkerungsdruck&hellip; <br \/> <a class=\"read-more\" href=\"https:\/\/shrimataji.org\/test\/de\/internationaler-yogatag\/\">Read more<\/a><\/p>\n","protected":false},"author":10,"featured_media":0,"parent":0,"menu_order":0,"comment_status":"closed","ping_status":"closed","template":"","meta":{"inline_featured_image":false,"footnotes":""},"class_list":["post-10705","page","type-page","status-publish","hentry"],"yoast_head":"<!-- This site is optimized with the Yoast SEO plugin v27.4 - https:\/\/yoast.com\/product\/yoast-seo-wordpress\/ -->\n<title>Internationaler Tag des Yoga - TEST - SMND<\/title>\n<meta name=\"robots\" content=\"noindex, follow, max-snippet:-1, max-image-preview:large, max-video-preview:-1\" \/>\n<meta property=\"og:locale\" content=\"en_US\" \/>\n<meta property=\"og:type\" content=\"article\" \/>\n<meta property=\"og:title\" content=\"Internationaler Tag des Yoga - TEST - SMND\" \/>\n<meta property=\"og:description\" content=\"Internationaler Tag des Yoga Pressemitteilung vom 21. Juni 2015, Mailand Sahaja Yoga begr\u00fc\u00dft den &#8220;Internationalen Tag des Yoga&#8221; mit der wahren Bedeutung dieser uralten Kunst. Die heutigen Feierlichkeiten zu Ehren des alten Yogahandwerks fallen in eine Zeit, in der die Welt mit wachsender Unruhe und Unsicherheit konfrontiert ist. Anhaltende Wirtschaftskrisen, \u00f6kologische Probleme und der Bev\u00f6lkerungsdruck&hellip; Read more\" \/>\n<meta property=\"og:url\" content=\"https:\/\/shrimataji.org\/test\/de\/internationaler-yogatag\/\" \/>\n<meta property=\"og:site_name\" content=\"TEST - SMND\" \/>\n<meta property=\"article:publisher\" content=\"https:\/\/www.facebook.com\/shrimataji\" \/>\n<meta property=\"article:modified_time\" content=\"2024-04-27T01:15:16+00:00\" \/>\n<meta property=\"og:image\" content=\"https:\/\/shrimataji.org\/test\/wp-content\/uploads\/2018\/07\/fp11-e1588597806347.jpg\" \/>\n\t<meta property=\"og:image:width\" content=\"707\" \/>\n\t<meta property=\"og:image:height\" content=\"700\" \/>\n\t<meta property=\"og:image:type\" content=\"image\/jpeg\" \/>\n<meta name=\"twitter:card\" content=\"summary_large_image\" \/>\n<meta name=\"twitter:site\" content=\"@shrimataji\" \/>\n<meta name=\"twitter:label1\" content=\"Est. reading time\" \/>\n\t<meta name=\"twitter:data1\" content=\"2 minutes\" \/>\n<script type=\"application\/ld+json\" class=\"yoast-schema-graph\">{\"@context\":\"https:\\\/\\\/schema.org\",\"@graph\":[{\"@type\":\"WebPage\",\"@id\":\"https:\\\/\\\/shrimataji.org\\\/test\\\/de\\\/internationaler-yogatag\\\/\",\"url\":\"https:\\\/\\\/shrimataji.org\\\/test\\\/de\\\/internationaler-yogatag\\\/\",\"name\":\"Internationaler Tag des Yoga - TEST - SMND\",\"isPartOf\":{\"@id\":\"https:\\\/\\\/shrimataji.org\\\/test\\\/#website\"},\"datePublished\":\"2018-07-10T06:55:02+00:00\",\"dateModified\":\"2024-04-27T01:15:16+00:00\",\"breadcrumb\":{\"@id\":\"https:\\\/\\\/shrimataji.org\\\/test\\\/de\\\/internationaler-yogatag\\\/#breadcrumb\"},\"inLanguage\":\"en-US\",\"potentialAction\":[{\"@type\":\"ReadAction\",\"target\":[\"https:\\\/\\\/shrimataji.org\\\/test\\\/de\\\/internationaler-yogatag\\\/\"]}]},{\"@type\":\"BreadcrumbList\",\"@id\":\"https:\\\/\\\/shrimataji.org\\\/test\\\/de\\\/internationaler-yogatag\\\/#breadcrumb\",\"itemListElement\":[{\"@type\":\"ListItem\",\"position\":1,\"name\":\"Home\",\"item\":\"https:\\\/\\\/shrimataji.org\\\/test\\\/uk\\\/home-en\\\/\"},{\"@type\":\"ListItem\",\"position\":2,\"name\":\"Internationaler Tag des Yoga\"}]},{\"@type\":\"WebSite\",\"@id\":\"https:\\\/\\\/shrimataji.org\\\/test\\\/#website\",\"url\":\"https:\\\/\\\/shrimataji.org\\\/test\\\/\",\"name\":\"Shri Mataji Nirmala Devi\",\"description\":\"A Life Dedicated to Humanity\",\"publisher\":{\"@id\":\"https:\\\/\\\/shrimataji.org\\\/test\\\/#\\\/schema\\\/person\\\/a1b3419c6585f164aa96da1ff85715d1\"},\"potentialAction\":[{\"@type\":\"SearchAction\",\"target\":{\"@type\":\"EntryPoint\",\"urlTemplate\":\"https:\\\/\\\/shrimataji.org\\\/test\\\/?s={search_term_string}\"},\"query-input\":{\"@type\":\"PropertyValueSpecification\",\"valueRequired\":true,\"valueName\":\"search_term_string\"}}],\"inLanguage\":\"en-US\"},{\"@type\":[\"Person\",\"Organization\"],\"@id\":\"https:\\\/\\\/shrimataji.org\\\/test\\\/#\\\/schema\\\/person\\\/a1b3419c6585f164aa96da1ff85715d1\",\"name\":\"Nirmala Shrivastava\",\"image\":{\"@type\":\"ImageObject\",\"inLanguage\":\"en-US\",\"@id\":\"https:\\\/\\\/shrimataji.org\\\/test\\\/wp-content\\\/uploads\\\/2023\\\/02\\\/SMO_LOGO-03.svg\",\"url\":\"https:\\\/\\\/shrimataji.org\\\/test\\\/wp-content\\\/uploads\\\/2023\\\/02\\\/SMO_LOGO-03.svg\",\"contentUrl\":\"https:\\\/\\\/shrimataji.org\\\/test\\\/wp-content\\\/uploads\\\/2023\\\/02\\\/SMO_LOGO-03.svg\",\"width\":\"1024\",\"height\":\"1024\",\"caption\":\"Nirmala Shrivastava\"},\"logo\":{\"@id\":\"https:\\\/\\\/shrimataji.org\\\/test\\\/wp-content\\\/uploads\\\/2023\\\/02\\\/SMO_LOGO-03.svg\"},\"sameAs\":[\"https:\\\/\\\/shrimataji.org\\\/test\",\"https:\\\/\\\/www.facebook.com\\\/shrimataji\",\"https:\\\/\\\/x.com\\\/shrimataji\",\"https:\\\/\\\/www.youtube.com\\\/@Shri_Mataji_Nirmala_Devi\\\/featured\"]}]}<\/script>\n<!-- \/ Yoast SEO plugin. -->","yoast_head_json":{"title":"Internationaler Tag des Yoga - TEST - SMND","robots":{"index":"noindex","follow":"follow","max-snippet":"max-snippet:-1","max-image-preview":"max-image-preview:large","max-video-preview":"max-video-preview:-1"},"og_locale":"en_US","og_type":"article","og_title":"Internationaler Tag des Yoga - TEST - SMND","og_description":"Internationaler Tag des Yoga Pressemitteilung vom 21. Juni 2015, Mailand Sahaja Yoga begr\u00fc\u00dft den &#8220;Internationalen Tag des Yoga&#8221; mit der wahren Bedeutung dieser uralten Kunst. Die heutigen Feierlichkeiten zu Ehren des alten Yogahandwerks fallen in eine Zeit, in der die Welt mit wachsender Unruhe und Unsicherheit konfrontiert ist. Anhaltende Wirtschaftskrisen, \u00f6kologische Probleme und der Bev\u00f6lkerungsdruck&hellip; Read more","og_url":"https:\/\/shrimataji.org\/test\/de\/internationaler-yogatag\/","og_site_name":"TEST - SMND","article_publisher":"https:\/\/www.facebook.com\/shrimataji","article_modified_time":"2024-04-27T01:15:16+00:00","og_image":[{"width":707,"height":700,"url":"https:\/\/shrimataji.org\/test\/wp-content\/uploads\/2018\/07\/fp11-e1588597806347.jpg","type":"image\/jpeg"}],"twitter_card":"summary_large_image","twitter_site":"@shrimataji","twitter_misc":{"Est. reading time":"2 minutes"},"schema":{"@context":"https:\/\/schema.org","@graph":[{"@type":"WebPage","@id":"https:\/\/shrimataji.org\/test\/de\/internationaler-yogatag\/","url":"https:\/\/shrimataji.org\/test\/de\/internationaler-yogatag\/","name":"Internationaler Tag des Yoga - TEST - SMND","isPartOf":{"@id":"https:\/\/shrimataji.org\/test\/#website"},"datePublished":"2018-07-10T06:55:02+00:00","dateModified":"2024-04-27T01:15:16+00:00","breadcrumb":{"@id":"https:\/\/shrimataji.org\/test\/de\/internationaler-yogatag\/#breadcrumb"},"inLanguage":"en-US","potentialAction":[{"@type":"ReadAction","target":["https:\/\/shrimataji.org\/test\/de\/internationaler-yogatag\/"]}]},{"@type":"BreadcrumbList","@id":"https:\/\/shrimataji.org\/test\/de\/internationaler-yogatag\/#breadcrumb","itemListElement":[{"@type":"ListItem","position":1,"name":"Home","item":"https:\/\/shrimataji.org\/test\/uk\/home-en\/"},{"@type":"ListItem","position":2,"name":"Internationaler Tag des Yoga"}]},{"@type":"WebSite","@id":"https:\/\/shrimataji.org\/test\/#website","url":"https:\/\/shrimataji.org\/test\/","name":"Shri Mataji Nirmala Devi","description":"A Life Dedicated to Humanity","publisher":{"@id":"https:\/\/shrimataji.org\/test\/#\/schema\/person\/a1b3419c6585f164aa96da1ff85715d1"},"potentialAction":[{"@type":"SearchAction","target":{"@type":"EntryPoint","urlTemplate":"https:\/\/shrimataji.org\/test\/?s={search_term_string}"},"query-input":{"@type":"PropertyValueSpecification","valueRequired":true,"valueName":"search_term_string"}}],"inLanguage":"en-US"},{"@type":["Person","Organization"],"@id":"https:\/\/shrimataji.org\/test\/#\/schema\/person\/a1b3419c6585f164aa96da1ff85715d1","name":"Nirmala Shrivastava","image":{"@type":"ImageObject","inLanguage":"en-US","@id":"https:\/\/shrimataji.org\/test\/wp-content\/uploads\/2023\/02\/SMO_LOGO-03.svg","url":"https:\/\/shrimataji.org\/test\/wp-content\/uploads\/2023\/02\/SMO_LOGO-03.svg","contentUrl":"https:\/\/shrimataji.org\/test\/wp-content\/uploads\/2023\/02\/SMO_LOGO-03.svg","width":"1024","height":"1024","caption":"Nirmala Shrivastava"},"logo":{"@id":"https:\/\/shrimataji.org\/test\/wp-content\/uploads\/2023\/02\/SMO_LOGO-03.svg"},"sameAs":["https:\/\/shrimataji.org\/test","https:\/\/www.facebook.com\/shrimataji","https:\/\/x.com\/shrimataji","https:\/\/www.youtube.com\/@Shri_Mataji_Nirmala_Devi\/featured"]}]}},"lang":"de","translations":{"de":10705,"en":505,"am":18098,"th":20093,"hu":19591,"ar":16994,"sq":18499,"zh":17396,"tr":10223,"pt":10431,"fr":10803,"it":10901,"es":10998,"ja":11296,"ru":11484,"bn":11675,"te":11783,"sw":11906,"he":12054,"el":12346,"sk":12444,"fa":12542,"fi":12640,"bg":13432,"ro":14506,"cs":14699,"nl":16658,"ku":16818,"be":18706,"kn":18980,"uk":20750,"ml":21045,"ta":22817,"sv":23086,"gu":28921,"pa":29081,"fil":29535},"pll_sync_post":[],"_links":{"self":[{"href":"https:\/\/shrimataji.org\/test\/wp-json\/wp\/v2\/pages\/10705","targetHints":{"allow":["GET"]}}],"collection":[{"href":"https:\/\/shrimataji.org\/test\/wp-json\/wp\/v2\/pages"}],"about":[{"href":"https:\/\/shrimataji.org\/test\/wp-json\/wp\/v2\/types\/page"}],"author":[{"embeddable":true,"href":"https:\/\/shrimataji.org\/test\/wp-json\/wp\/v2\/users\/10"}],"replies":[{"embeddable":true,"href":"https:\/\/shrimataji.org\/test\/wp-json\/wp\/v2\/comments?post=10705"}],"version-history":[{"count":0,"href":"https:\/\/shrimataji.org\/test\/wp-json\/wp\/v2\/pages\/10705\/revisions"}],"wp:attachment":[{"href":"https:\/\/shrimataji.org\/test\/wp-json\/wp\/v2\/media?parent=10705"}],"curies":[{"name":"wp","href":"https:\/\/api.w.org\/{rel}","templated":true}]}}