{"id":10707,"date":"2018-07-10T06:54:54","date_gmt":"2018-07-10T06:54:54","guid":{"rendered":"http:\/\/testwordpress.nirmalnagari.org\/smnd\/index.php\/thoughtless-awareness\/"},"modified":"2024-04-27T01:15:15","modified_gmt":"2024-04-27T01:15:15","slug":"gedankenfreies-bewusstsein","status":"publish","type":"page","link":"https:\/\/shrimataji.org\/test\/de\/gedankenfreies-bewusstsein\/","title":{"rendered":"Gedankenfreies Bewusstsein"},"content":{"rendered":"\n\n\t<h1>Gedankenfreies Bewusstsein<\/h1>\n<h2>Ausz\u00fcge aus Ratschl\u00e4gen vom 27. M\u00e4rz 1994, vom 5. Juli 1998 und w\u00e4hrend eines internationalen Seminars im Jahr 1994<\/h2>\n\t<p>Ihr seid bewusst, aber nicht gedankenfrei. Das ist der Ort, an dem ihr gegenw\u00e4rtig und friedvoll seid und der Zustand, in dem ihr spirituell wachst.<\/p>\n\t<p>Zuerst solltet ihr den wunderbaren Zustand des gedankenfreien Bewusstseins erreichen. Es wird euch Frieden und den Status eines Beobachters schenken. W\u00e4hrend ihr in euch wachst, k\u00f6nnt ihr das Drama des Lebens und die unterschiedlichen Menschen genie\u00dfen.<\/p>\n<p>Ihr genie\u00dft alles Sch\u00f6ne, doch denkt nicht dar\u00fcber nach und reagiert nicht. Stattdessen entsteht die Freude einfach von selbst: Was f\u00fcr eine Sch\u00f6nheit! Ihr fragt nicht danach, wer es gemacht hat oder wie viel es kostet &#8211; nichts dergleichen. Ihr werdet gedankenfrei &#8211; und gedankenfreies Bewusstsein ist nichts anderes als ein flie\u00dfendes Gef\u00fchl der Freude die weder Gl\u00fcck noch Ungl\u00fcck, sondern singul\u00e4r ist.<\/p>\n<p>Man kann sie nicht mit Worten beschreiben, aber man kann die Freude sp\u00fcren, das Selbst zu sein. Gedankenfrei seht und f\u00fchlt ihr die Realit\u00e4t.<\/p>\n\t<p><img loading=\"lazy\" decoding=\"async\" src=\"https:\/\/shrimataji.org\/test\/wp-content\/uploads\/2018\/07\/media_originals\/images\/flowers\/rose-flower-yellow-by-vera-subkus-201x300.jpg\" alt=\"\" width=\"201\" height=\"300\" \/><\/p>\n\n","protected":false},"excerpt":{"rendered":"<p>Gedankenfreies Bewusstsein Ausz\u00fcge aus Ratschl\u00e4gen vom 27. M\u00e4rz 1994, vom 5. Juli 1998 und w\u00e4hrend eines internationalen Seminars im Jahr 1994 Ihr seid bewusst, aber nicht gedankenfrei. Das ist der Ort, an dem ihr gegenw\u00e4rtig und friedvoll seid und der Zustand, in dem ihr spirituell wachst. Zuerst solltet ihr den wunderbaren Zustand des gedankenfreien Bewusstseins&hellip; <br \/> <a class=\"read-more\" href=\"https:\/\/shrimataji.org\/test\/de\/gedankenfreies-bewusstsein\/\">Read more<\/a><\/p>\n","protected":false},"author":10,"featured_media":102,"parent":0,"menu_order":0,"comment_status":"closed","ping_status":"closed","template":"","meta":{"inline_featured_image":false,"footnotes":""},"class_list":["post-10707","page","type-page","status-publish","has-post-thumbnail","hentry"],"yoast_head":"<!-- This site is optimized with the Yoast SEO plugin v27.4 - https:\/\/yoast.com\/product\/yoast-seo-wordpress\/ -->\n<title>Gedankenfreies Bewusstsein - TEST - SMND<\/title>\n<meta name=\"robots\" content=\"noindex, follow, max-snippet:-1, max-image-preview:large, max-video-preview:-1\" \/>\n<meta property=\"og:locale\" content=\"en_US\" \/>\n<meta property=\"og:type\" content=\"article\" \/>\n<meta property=\"og:title\" content=\"Gedankenfreies Bewusstsein - TEST - SMND\" \/>\n<meta property=\"og:description\" content=\"Gedankenfreies Bewusstsein Ausz\u00fcge aus Ratschl\u00e4gen vom 27. M\u00e4rz 1994, vom 5. Juli 1998 und w\u00e4hrend eines internationalen Seminars im Jahr 1994 Ihr seid bewusst, aber nicht gedankenfrei. Das ist der Ort, an dem ihr gegenw\u00e4rtig und friedvoll seid und der Zustand, in dem ihr spirituell wachst. Zuerst solltet ihr den wunderbaren Zustand des gedankenfreien Bewusstseins&hellip; Read more\" \/>\n<meta property=\"og:url\" content=\"https:\/\/shrimataji.org\/test\/de\/gedankenfreies-bewusstsein\/\" \/>\n<meta property=\"og:site_name\" content=\"TEST - SMND\" \/>\n<meta property=\"article:publisher\" content=\"https:\/\/www.facebook.com\/shrimataji\" \/>\n<meta property=\"article:modified_time\" content=\"2024-04-27T01:15:15+00:00\" \/>\n<meta property=\"og:image\" content=\"https:\/\/shrimataji.org\/test\/wp-content\/uploads\/2018\/07\/media_originals\/images\/headers-general\/thoughtless-awareness-is-peace-and-joy.jpg\" \/>\n\t<meta property=\"og:image:width\" content=\"990\" \/>\n\t<meta property=\"og:image:height\" content=\"350\" \/>\n\t<meta property=\"og:image:type\" content=\"image\/jpeg\" \/>\n<meta name=\"twitter:card\" content=\"summary_large_image\" \/>\n<meta name=\"twitter:site\" content=\"@shrimataji\" \/>\n<script type=\"application\/ld+json\" class=\"yoast-schema-graph\">{\"@context\":\"https:\\\/\\\/schema.org\",\"@graph\":[{\"@type\":\"WebPage\",\"@id\":\"https:\\\/\\\/shrimataji.org\\\/test\\\/de\\\/gedankenfreies-bewusstsein\\\/\",\"url\":\"https:\\\/\\\/shrimataji.org\\\/test\\\/de\\\/gedankenfreies-bewusstsein\\\/\",\"name\":\"Gedankenfreies Bewusstsein - TEST - SMND\",\"isPartOf\":{\"@id\":\"https:\\\/\\\/shrimataji.org\\\/test\\\/#website\"},\"primaryImageOfPage\":{\"@id\":\"https:\\\/\\\/shrimataji.org\\\/test\\\/de\\\/gedankenfreies-bewusstsein\\\/#primaryimage\"},\"image\":{\"@id\":\"https:\\\/\\\/shrimataji.org\\\/test\\\/de\\\/gedankenfreies-bewusstsein\\\/#primaryimage\"},\"thumbnailUrl\":\"https:\\\/\\\/shrimataji.org\\\/test\\\/wp-content\\\/uploads\\\/2018\\\/07\\\/media_originals\\\/images\\\/headers-general\\\/thoughtless-awareness-is-peace-and-joy.jpg\",\"datePublished\":\"2018-07-10T06:54:54+00:00\",\"dateModified\":\"2024-04-27T01:15:15+00:00\",\"breadcrumb\":{\"@id\":\"https:\\\/\\\/shrimataji.org\\\/test\\\/de\\\/gedankenfreies-bewusstsein\\\/#breadcrumb\"},\"inLanguage\":\"en-US\",\"potentialAction\":[{\"@type\":\"ReadAction\",\"target\":[\"https:\\\/\\\/shrimataji.org\\\/test\\\/de\\\/gedankenfreies-bewusstsein\\\/\"]}]},{\"@type\":\"ImageObject\",\"inLanguage\":\"en-US\",\"@id\":\"https:\\\/\\\/shrimataji.org\\\/test\\\/de\\\/gedankenfreies-bewusstsein\\\/#primaryimage\",\"url\":\"https:\\\/\\\/shrimataji.org\\\/test\\\/wp-content\\\/uploads\\\/2018\\\/07\\\/media_originals\\\/images\\\/headers-general\\\/thoughtless-awareness-is-peace-and-joy.jpg\",\"contentUrl\":\"https:\\\/\\\/shrimataji.org\\\/test\\\/wp-content\\\/uploads\\\/2018\\\/07\\\/media_originals\\\/images\\\/headers-general\\\/thoughtless-awareness-is-peace-and-joy.jpg\",\"width\":990,\"height\":350},{\"@type\":\"BreadcrumbList\",\"@id\":\"https:\\\/\\\/shrimataji.org\\\/test\\\/de\\\/gedankenfreies-bewusstsein\\\/#breadcrumb\",\"itemListElement\":[{\"@type\":\"ListItem\",\"position\":1,\"name\":\"Home\",\"item\":\"https:\\\/\\\/shrimataji.org\\\/test\\\/uk\\\/home-en\\\/\"},{\"@type\":\"ListItem\",\"position\":2,\"name\":\"Gedankenfreies Bewusstsein\"}]},{\"@type\":\"WebSite\",\"@id\":\"https:\\\/\\\/shrimataji.org\\\/test\\\/#website\",\"url\":\"https:\\\/\\\/shrimataji.org\\\/test\\\/\",\"name\":\"Shri Mataji Nirmala Devi\",\"description\":\"A Life Dedicated to Humanity\",\"publisher\":{\"@id\":\"https:\\\/\\\/shrimataji.org\\\/test\\\/#\\\/schema\\\/person\\\/a1b3419c6585f164aa96da1ff85715d1\"},\"potentialAction\":[{\"@type\":\"SearchAction\",\"target\":{\"@type\":\"EntryPoint\",\"urlTemplate\":\"https:\\\/\\\/shrimataji.org\\\/test\\\/?s={search_term_string}\"},\"query-input\":{\"@type\":\"PropertyValueSpecification\",\"valueRequired\":true,\"valueName\":\"search_term_string\"}}],\"inLanguage\":\"en-US\"},{\"@type\":[\"Person\",\"Organization\"],\"@id\":\"https:\\\/\\\/shrimataji.org\\\/test\\\/#\\\/schema\\\/person\\\/a1b3419c6585f164aa96da1ff85715d1\",\"name\":\"Nirmala Shrivastava\",\"image\":{\"@type\":\"ImageObject\",\"inLanguage\":\"en-US\",\"@id\":\"https:\\\/\\\/shrimataji.org\\\/test\\\/wp-content\\\/uploads\\\/2023\\\/02\\\/SMO_LOGO-03.svg\",\"url\":\"https:\\\/\\\/shrimataji.org\\\/test\\\/wp-content\\\/uploads\\\/2023\\\/02\\\/SMO_LOGO-03.svg\",\"contentUrl\":\"https:\\\/\\\/shrimataji.org\\\/test\\\/wp-content\\\/uploads\\\/2023\\\/02\\\/SMO_LOGO-03.svg\",\"width\":\"1024\",\"height\":\"1024\",\"caption\":\"Nirmala Shrivastava\"},\"logo\":{\"@id\":\"https:\\\/\\\/shrimataji.org\\\/test\\\/wp-content\\\/uploads\\\/2023\\\/02\\\/SMO_LOGO-03.svg\"},\"sameAs\":[\"https:\\\/\\\/shrimataji.org\\\/test\",\"https:\\\/\\\/www.facebook.com\\\/shrimataji\",\"https:\\\/\\\/x.com\\\/shrimataji\",\"https:\\\/\\\/www.youtube.com\\\/@Shri_Mataji_Nirmala_Devi\\\/featured\"]}]}<\/script>\n<!-- \/ Yoast SEO plugin. -->","yoast_head_json":{"title":"Gedankenfreies Bewusstsein - TEST - SMND","robots":{"index":"noindex","follow":"follow","max-snippet":"max-snippet:-1","max-image-preview":"max-image-preview:large","max-video-preview":"max-video-preview:-1"},"og_locale":"en_US","og_type":"article","og_title":"Gedankenfreies Bewusstsein - TEST - SMND","og_description":"Gedankenfreies Bewusstsein Ausz\u00fcge aus Ratschl\u00e4gen vom 27. M\u00e4rz 1994, vom 5. Juli 1998 und w\u00e4hrend eines internationalen Seminars im Jahr 1994 Ihr seid bewusst, aber nicht gedankenfrei. Das ist der Ort, an dem ihr gegenw\u00e4rtig und friedvoll seid und der Zustand, in dem ihr spirituell wachst. Zuerst solltet ihr den wunderbaren Zustand des gedankenfreien Bewusstseins&hellip; Read more","og_url":"https:\/\/shrimataji.org\/test\/de\/gedankenfreies-bewusstsein\/","og_site_name":"TEST - SMND","article_publisher":"https:\/\/www.facebook.com\/shrimataji","article_modified_time":"2024-04-27T01:15:15+00:00","og_image":[{"width":990,"height":350,"url":"https:\/\/shrimataji.org\/test\/wp-content\/uploads\/2018\/07\/media_originals\/images\/headers-general\/thoughtless-awareness-is-peace-and-joy.jpg","type":"image\/jpeg"}],"twitter_card":"summary_large_image","twitter_site":"@shrimataji","schema":{"@context":"https:\/\/schema.org","@graph":[{"@type":"WebPage","@id":"https:\/\/shrimataji.org\/test\/de\/gedankenfreies-bewusstsein\/","url":"https:\/\/shrimataji.org\/test\/de\/gedankenfreies-bewusstsein\/","name":"Gedankenfreies Bewusstsein - TEST - SMND","isPartOf":{"@id":"https:\/\/shrimataji.org\/test\/#website"},"primaryImageOfPage":{"@id":"https:\/\/shrimataji.org\/test\/de\/gedankenfreies-bewusstsein\/#primaryimage"},"image":{"@id":"https:\/\/shrimataji.org\/test\/de\/gedankenfreies-bewusstsein\/#primaryimage"},"thumbnailUrl":"https:\/\/shrimataji.org\/test\/wp-content\/uploads\/2018\/07\/media_originals\/images\/headers-general\/thoughtless-awareness-is-peace-and-joy.jpg","datePublished":"2018-07-10T06:54:54+00:00","dateModified":"2024-04-27T01:15:15+00:00","breadcrumb":{"@id":"https:\/\/shrimataji.org\/test\/de\/gedankenfreies-bewusstsein\/#breadcrumb"},"inLanguage":"en-US","potentialAction":[{"@type":"ReadAction","target":["https:\/\/shrimataji.org\/test\/de\/gedankenfreies-bewusstsein\/"]}]},{"@type":"ImageObject","inLanguage":"en-US","@id":"https:\/\/shrimataji.org\/test\/de\/gedankenfreies-bewusstsein\/#primaryimage","url":"https:\/\/shrimataji.org\/test\/wp-content\/uploads\/2018\/07\/media_originals\/images\/headers-general\/thoughtless-awareness-is-peace-and-joy.jpg","contentUrl":"https:\/\/shrimataji.org\/test\/wp-content\/uploads\/2018\/07\/media_originals\/images\/headers-general\/thoughtless-awareness-is-peace-and-joy.jpg","width":990,"height":350},{"@type":"BreadcrumbList","@id":"https:\/\/shrimataji.org\/test\/de\/gedankenfreies-bewusstsein\/#breadcrumb","itemListElement":[{"@type":"ListItem","position":1,"name":"Home","item":"https:\/\/shrimataji.org\/test\/uk\/home-en\/"},{"@type":"ListItem","position":2,"name":"Gedankenfreies Bewusstsein"}]},{"@type":"WebSite","@id":"https:\/\/shrimataji.org\/test\/#website","url":"https:\/\/shrimataji.org\/test\/","name":"Shri Mataji Nirmala Devi","description":"A Life Dedicated to Humanity","publisher":{"@id":"https:\/\/shrimataji.org\/test\/#\/schema\/person\/a1b3419c6585f164aa96da1ff85715d1"},"potentialAction":[{"@type":"SearchAction","target":{"@type":"EntryPoint","urlTemplate":"https:\/\/shrimataji.org\/test\/?s={search_term_string}"},"query-input":{"@type":"PropertyValueSpecification","valueRequired":true,"valueName":"search_term_string"}}],"inLanguage":"en-US"},{"@type":["Person","Organization"],"@id":"https:\/\/shrimataji.org\/test\/#\/schema\/person\/a1b3419c6585f164aa96da1ff85715d1","name":"Nirmala Shrivastava","image":{"@type":"ImageObject","inLanguage":"en-US","@id":"https:\/\/shrimataji.org\/test\/wp-content\/uploads\/2023\/02\/SMO_LOGO-03.svg","url":"https:\/\/shrimataji.org\/test\/wp-content\/uploads\/2023\/02\/SMO_LOGO-03.svg","contentUrl":"https:\/\/shrimataji.org\/test\/wp-content\/uploads\/2023\/02\/SMO_LOGO-03.svg","width":"1024","height":"1024","caption":"Nirmala Shrivastava"},"logo":{"@id":"https:\/\/shrimataji.org\/test\/wp-content\/uploads\/2023\/02\/SMO_LOGO-03.svg"},"sameAs":["https:\/\/shrimataji.org\/test","https:\/\/www.facebook.com\/shrimataji","https:\/\/x.com\/shrimataji","https:\/\/www.youtube.com\/@Shri_Mataji_Nirmala_Devi\/featured"]}]}},"lang":"de","translations":{"de":10707,"ur":37526,"en":452,"am":18101,"th":20098,"hu":19596,"ar":16997,"sq":18502,"zh":17399,"tr":10225,"pt":10433,"fr":10805,"it":10903,"es":11000,"ja":11298,"ru":11486,"bn":11677,"te":11785,"sw":11908,"he":12056,"el":12348,"sk":12446,"fa":12544,"fi":12642,"bg":13435,"ro":14509,"cs":14702,"nl":16661,"ku":16821,"be":18709,"kn":18983,"mr":20462,"uk":20755,"ml":21050,"ta":22820,"sv":23089,"gu":28924,"pa":29084,"fil":29538,"da":37833,"pl":38043,"nn":38385},"pll_sync_post":[],"_links":{"self":[{"href":"https:\/\/shrimataji.org\/test\/wp-json\/wp\/v2\/pages\/10707","targetHints":{"allow":["GET"]}}],"collection":[{"href":"https:\/\/shrimataji.org\/test\/wp-json\/wp\/v2\/pages"}],"about":[{"href":"https:\/\/shrimataji.org\/test\/wp-json\/wp\/v2\/types\/page"}],"author":[{"embeddable":true,"href":"https:\/\/shrimataji.org\/test\/wp-json\/wp\/v2\/users\/10"}],"replies":[{"embeddable":true,"href":"https:\/\/shrimataji.org\/test\/wp-json\/wp\/v2\/comments?post=10707"}],"version-history":[{"count":0,"href":"https:\/\/shrimataji.org\/test\/wp-json\/wp\/v2\/pages\/10707\/revisions"}],"wp:featuredmedia":[{"embeddable":true,"href":"https:\/\/shrimataji.org\/test\/wp-json\/wp\/v2\/media\/102"}],"wp:attachment":[{"href":"https:\/\/shrimataji.org\/test\/wp-json\/wp\/v2\/media?parent=10707"}],"curies":[{"name":"wp","href":"https:\/\/api.w.org\/{rel}","templated":true}]}}