{"id":10709,"date":"2012-10-02T02:00:00","date_gmt":"2012-10-02T02:00:00","guid":{"rendered":"http:\/\/testwordpress.nirmalnagari.org\/smnd\/index.php\/un-womens-conference\/"},"modified":"2024-04-27T01:15:20","modified_gmt":"2024-04-27T01:15:20","slug":"weltfrauenkonferenz","status":"publish","type":"page","link":"https:\/\/shrimataji.org\/test\/de\/weltfrauenkonferenz\/","title":{"rendered":"Weltfrauenkonferenz"},"content":{"rendered":"\n\n\t<h1>Vierte Weltfrauenkonferenz der Vereinten Nationen<\/h1>\n<h2>Auszug des Pekinger inter-regionalen Runden Tischs vom September 1995<\/h2>\n\t<h4>Die <a href=\"https:\/\/www.unwomen.org\/en\/how-we-work\/intergovernmental-support\/world-conferences-on-women#beijing\" target=\"_blank\" rel=\"noopener\">vierte Weltkonferenz der Vereinten Nationen<\/a> in Beijing (China) im September 1995 markierte einen Wendepunkt hinsichtlich der Agenda zur Gleichstellung der Geschlechter. 189 L\u00e4nder verabschiedeten in Peking einstimmig die Agenda f\u00fcr die St\u00e4rkung der Rolle der Frau. Das <a href=\"https:\/\/www.unwomen.org\/sites\/default\/files\/Headquarters\/Attachments\/Sections\/CSW\/PFA_E_Final_WEB.pdf\" target=\"_blank\" rel=\"noopener\">abschlie\u00dfende Deklaration<\/a> gilt als das wichtigste politische Dokument zur Gleichstellung der Geschlechter.<\/h4>\n<p>Shri Mataji war als Gastrednerin zu dieser globalen Plattform eingeladen und machte ihre Ansichten \u00fcber die Rolle der Frauen auch hier sehr deutlich: Sie h\u00e4tten eine ebenso wichtige Rolle in dieser Welt wie M\u00e4nner, sollten aber die Unterschiede zwischen den Geschlechtern nutzen, anstatt zu versuchen, sie anzugleichen. Ein ausgewogenes Verh\u00e4ltnis zwischen M\u00e4nnern und Frauen sei f\u00fcr den Aufbau einer stabilen und friedlichen Gesellschaft unerl\u00e4sslich. Es gelte, die Unterschiede anzuerkennen und die St\u00e4rken des jeweils anderen zu respektieren. Immer wieder erinnerte sie die Menschen daran, dass sowohl M\u00e4nner als auch Frauen ein inneres Gleichgewicht zwischen den ihnen innewohnenden &#8220;m\u00e4nnlichen&#8221; und &#8220;weiblichen&#8221; Seiten finden m\u00fcssten. Auf sozialer Ebene k\u00f6nnten Frauen jedoch wirklich etwas bewirken.<\/p>\n\t<div class=\"su-quote su-quote-style-default\"><div class=\"su-quote-inner su-u-clearfix su-u-trim\">In Wahrheit sind die Frauen die potenzielle Kraft jeder Kultur und jedes Landes. Es ist offensichtlich, dass Frauen die Sch\u00f6pferinnen und Erhalterinnen der gesamten Menschheit sind. Dies ist die Rolle, die der allm\u00e4chtige Gott ihnen zugewiesen hat.<\/div><\/div>\n\t<p>Shri Mataji betrachtete sich nie als politische Aktivistin. Ihre Vision war es, auf der Grundlage der inneren <a href=\"https:\/\/shrimataji.org\/test\/de\/gesellschaftliche-transformation\/\" target=\"_blank\" rel=\"noopener\">Transformation<\/a> von M\u00e4nnern und Frauen durch die <a href=\"https:\/\/shrimataji.org\/test\/de\/selbst-verwirklichung\/\" target=\"_blank\" rel=\"noopener\">Selbst-Verwirklichung<\/a> ein nat\u00fcrliches Gleichgewicht zu erreichen. Diese Selbst-Transformation sei der Schl\u00fcssel zur L\u00f6sung vieler Probleme, mit denen Frauen in einer von M\u00e4nnern dominierten Welt konfrontiert werden.<\/p>\n<p>&#8220;Samen k\u00f6nnen nichts aus sich selbst heraus erschaffen. Es ist die Mutter Erde, die die Blumen, die Fr\u00fcchte und andere Gaben hervorbringt. In \u00e4hnlicher Weise ist es die Frau, die das Kind erschafft, das Baby n\u00e4hrt und schlie\u00dflich die B\u00fcrger\/-innen von morgen gro\u00dfzieht. Frauen m\u00fcssen daher als Geb\u00e4ude der Menschheit insgesamt mit der Mutter Erde gleichgestellt werden.&#8221;<\/p>\n\t<p>Da Shri Mataji sowohl im Osten als auch im Westen lebte und viel unterwegs war, hat sie die Unterschiede in der Art und Weise gesehen, wie Frauen behandelt werden. Auch wenn sie den schrecklichen Mangel an Rechten von vielen anerkennt, war es der Mangel an Respekt gegen\u00fcber Frauen, der sie ernsthaft beunruhigte.<\/p>\n\t<div class=\"su-quote su-quote-style-default\"><div class=\"su-quote-inner su-u-clearfix su-u-trim\">In meinem Land gibt es das Sprichwort: <em>&#8216;Yatra narya pujyante tatra ramante devata&#8217;.<\/em> Es bedeutet so viel wie: &#8216;Wo die Frauen respektiert und geachtet werden, dort wohnen die G\u00f6tter unseres Wohlergehens.&#8217;<\/div><\/div>\n\t<p>Wenn sowohl M\u00e4nner als auch Frauen ihre eigenen und die Werte des jeweils anderen Geschlechts verstehen, wird sich Harmonie zwischen den Menschen einstellen. Shri Mataji zufolge k\u00f6nne dies durch die Selbst-Verwirklichung erreicht werden.<\/p>\n<p>&#8220;Es liegt also an uns Frauen, jetzt den Wert dieser gro\u00dfen Macht zu verstehen, die uns von unserem Sch\u00f6pfer gegeben wurde. Doch sowohl im Osten als auch im Westen sind die Frauen nicht in der Lage gewesen, ihrer vollen Gr\u00f6\u00dfe gerecht zu werden.&#8221;<\/p>\n<p>Nat\u00fcrlich setzte sich Shri Mataji f\u00fcr die Gleichberechtigung der Frauen in Bezug auf Bildung, Karriere, ein sicheres Lebensumfeld und rechtlichen Schutz ein.<\/p>\n<p>&#8220;Ich behaupte keineswegs, dass die einzige Rolle der Frau in der Gesellschaft die der Mutter, der Zeugung und H\u00fcterin von Kindern oder die der Ehefrau oder Schwester ist. Frauen haben das volle Recht, als gleichberechtigte Partnerinnen an allen Aspekten des Lebens teilzunehmen: sozial, kulturell, politisch, wirtschaftlich, in der Verwaltung und so weiter &#8230; Doch wenn sie M\u00fctter sind, haben sie eine gro\u00dfe Verantwortung gegen\u00fcber ihren Kindern und der Gesellschaft.&#8221;<\/p>\n<p>Das Ungleichgewicht zwischen den Geschlechtern k\u00f6nne Shri Mataji zufolge nur dann wirklich korrigiert werden, wenn wir uns nach innen wenden und der Kraft der Selbst-Verwirklichung erlaubten, uns zu lenken.<\/p>\n<p>&#8220;Was wir brauchen, ist ein Gleichgewicht zwischen den beiden Extremen. Wir brauchen die Frau als gleichwertige, aber nicht gleichartige Partnerin des Mannes.&#8221;<\/p>\n\t<div class=\"su-quote su-quote-style-default\"><div class=\"su-quote-inner su-u-clearfix su-u-trim\">Um ein ausgeglichenes Menschengeschlecht zu haben, das den Frieden in sich tr\u00e4gt, brauchen wir ausgeglichene Frauen.<\/div><\/div>\n\t\n\n","protected":false},"excerpt":{"rendered":"<p>Vierte Weltfrauenkonferenz der Vereinten Nationen Auszug des Pekinger inter-regionalen Runden Tischs vom September 1995 Die vierte Weltkonferenz der Vereinten Nationen in Beijing (China) im September 1995 markierte einen Wendepunkt hinsichtlich der Agenda zur Gleichstellung der Geschlechter. 189 L\u00e4nder verabschiedeten in Peking einstimmig die Agenda f\u00fcr die St\u00e4rkung der Rolle der Frau. Das abschlie\u00dfende Deklaration gilt&hellip; <br \/> <a class=\"read-more\" href=\"https:\/\/shrimataji.org\/test\/de\/weltfrauenkonferenz\/\">Read more<\/a><\/p>\n","protected":false},"author":10,"featured_media":109,"parent":0,"menu_order":0,"comment_status":"closed","ping_status":"closed","template":"","meta":{"inline_featured_image":false,"footnotes":""},"class_list":["post-10709","page","type-page","status-publish","has-post-thumbnail","hentry"],"yoast_head":"<!-- This site is optimized with the Yoast SEO plugin v27.4 - https:\/\/yoast.com\/product\/yoast-seo-wordpress\/ -->\n<title>Weltfrauenkonferenz - TEST - SMND<\/title>\n<meta name=\"robots\" content=\"noindex, follow, max-snippet:-1, max-image-preview:large, max-video-preview:-1\" \/>\n<meta property=\"og:locale\" content=\"en_US\" \/>\n<meta property=\"og:type\" content=\"article\" \/>\n<meta property=\"og:title\" content=\"Weltfrauenkonferenz - TEST - SMND\" \/>\n<meta property=\"og:description\" content=\"Vierte Weltfrauenkonferenz der Vereinten Nationen Auszug des Pekinger inter-regionalen Runden Tischs vom September 1995 Die vierte Weltkonferenz der Vereinten Nationen in Beijing (China) im September 1995 markierte einen Wendepunkt hinsichtlich der Agenda zur Gleichstellung der Geschlechter. 189 L\u00e4nder verabschiedeten in Peking einstimmig die Agenda f\u00fcr die St\u00e4rkung der Rolle der Frau. Das abschlie\u00dfende Deklaration gilt&hellip; Read more\" \/>\n<meta property=\"og:url\" content=\"https:\/\/shrimataji.org\/test\/de\/weltfrauenkonferenz\/\" \/>\n<meta property=\"og:site_name\" content=\"TEST - SMND\" \/>\n<meta property=\"article:publisher\" content=\"https:\/\/www.facebook.com\/shrimataji\" \/>\n<meta property=\"article:modified_time\" content=\"2024-04-27T01:15:20+00:00\" \/>\n<meta property=\"og:image\" content=\"https:\/\/shrimataji.org\/test\/wp-content\/uploads\/2018\/07\/media_originals\/images\/headers-general\/shri-mataji-speaking-at-the-un-womens-conference-in-beijing-1995.jpg\" \/>\n\t<meta property=\"og:image:width\" content=\"990\" \/>\n\t<meta property=\"og:image:height\" content=\"350\" \/>\n\t<meta property=\"og:image:type\" content=\"image\/jpeg\" \/>\n<meta name=\"twitter:card\" content=\"summary_large_image\" \/>\n<meta name=\"twitter:site\" content=\"@shrimataji\" \/>\n<script type=\"application\/ld+json\" class=\"yoast-schema-graph\">{\"@context\":\"https:\\\/\\\/schema.org\",\"@graph\":[{\"@type\":\"WebPage\",\"@id\":\"https:\\\/\\\/shrimataji.org\\\/test\\\/de\\\/weltfrauenkonferenz\\\/\",\"url\":\"https:\\\/\\\/shrimataji.org\\\/test\\\/de\\\/weltfrauenkonferenz\\\/\",\"name\":\"Weltfrauenkonferenz - TEST - SMND\",\"isPartOf\":{\"@id\":\"https:\\\/\\\/shrimataji.org\\\/test\\\/#website\"},\"primaryImageOfPage\":{\"@id\":\"https:\\\/\\\/shrimataji.org\\\/test\\\/de\\\/weltfrauenkonferenz\\\/#primaryimage\"},\"image\":{\"@id\":\"https:\\\/\\\/shrimataji.org\\\/test\\\/de\\\/weltfrauenkonferenz\\\/#primaryimage\"},\"thumbnailUrl\":\"https:\\\/\\\/shrimataji.org\\\/test\\\/wp-content\\\/uploads\\\/2018\\\/07\\\/media_originals\\\/images\\\/headers-general\\\/shri-mataji-speaking-at-the-un-womens-conference-in-beijing-1995.jpg\",\"datePublished\":\"2012-10-02T02:00:00+00:00\",\"dateModified\":\"2024-04-27T01:15:20+00:00\",\"breadcrumb\":{\"@id\":\"https:\\\/\\\/shrimataji.org\\\/test\\\/de\\\/weltfrauenkonferenz\\\/#breadcrumb\"},\"inLanguage\":\"en-US\",\"potentialAction\":[{\"@type\":\"ReadAction\",\"target\":[\"https:\\\/\\\/shrimataji.org\\\/test\\\/de\\\/weltfrauenkonferenz\\\/\"]}]},{\"@type\":\"ImageObject\",\"inLanguage\":\"en-US\",\"@id\":\"https:\\\/\\\/shrimataji.org\\\/test\\\/de\\\/weltfrauenkonferenz\\\/#primaryimage\",\"url\":\"https:\\\/\\\/shrimataji.org\\\/test\\\/wp-content\\\/uploads\\\/2018\\\/07\\\/media_originals\\\/images\\\/headers-general\\\/shri-mataji-speaking-at-the-un-womens-conference-in-beijing-1995.jpg\",\"contentUrl\":\"https:\\\/\\\/shrimataji.org\\\/test\\\/wp-content\\\/uploads\\\/2018\\\/07\\\/media_originals\\\/images\\\/headers-general\\\/shri-mataji-speaking-at-the-un-womens-conference-in-beijing-1995.jpg\",\"width\":990,\"height\":350},{\"@type\":\"BreadcrumbList\",\"@id\":\"https:\\\/\\\/shrimataji.org\\\/test\\\/de\\\/weltfrauenkonferenz\\\/#breadcrumb\",\"itemListElement\":[{\"@type\":\"ListItem\",\"position\":1,\"name\":\"Home\",\"item\":\"https:\\\/\\\/shrimataji.org\\\/test\\\/uk\\\/home-en\\\/\"},{\"@type\":\"ListItem\",\"position\":2,\"name\":\"Weltfrauenkonferenz\"}]},{\"@type\":\"WebSite\",\"@id\":\"https:\\\/\\\/shrimataji.org\\\/test\\\/#website\",\"url\":\"https:\\\/\\\/shrimataji.org\\\/test\\\/\",\"name\":\"Shri Mataji Nirmala Devi\",\"description\":\"A Life Dedicated to Humanity\",\"publisher\":{\"@id\":\"https:\\\/\\\/shrimataji.org\\\/test\\\/#\\\/schema\\\/person\\\/a1b3419c6585f164aa96da1ff85715d1\"},\"potentialAction\":[{\"@type\":\"SearchAction\",\"target\":{\"@type\":\"EntryPoint\",\"urlTemplate\":\"https:\\\/\\\/shrimataji.org\\\/test\\\/?s={search_term_string}\"},\"query-input\":{\"@type\":\"PropertyValueSpecification\",\"valueRequired\":true,\"valueName\":\"search_term_string\"}}],\"inLanguage\":\"en-US\"},{\"@type\":[\"Person\",\"Organization\"],\"@id\":\"https:\\\/\\\/shrimataji.org\\\/test\\\/#\\\/schema\\\/person\\\/a1b3419c6585f164aa96da1ff85715d1\",\"name\":\"Nirmala Shrivastava\",\"image\":{\"@type\":\"ImageObject\",\"inLanguage\":\"en-US\",\"@id\":\"https:\\\/\\\/shrimataji.org\\\/test\\\/wp-content\\\/uploads\\\/2023\\\/02\\\/SMO_LOGO-03.svg\",\"url\":\"https:\\\/\\\/shrimataji.org\\\/test\\\/wp-content\\\/uploads\\\/2023\\\/02\\\/SMO_LOGO-03.svg\",\"contentUrl\":\"https:\\\/\\\/shrimataji.org\\\/test\\\/wp-content\\\/uploads\\\/2023\\\/02\\\/SMO_LOGO-03.svg\",\"width\":\"1024\",\"height\":\"1024\",\"caption\":\"Nirmala Shrivastava\"},\"logo\":{\"@id\":\"https:\\\/\\\/shrimataji.org\\\/test\\\/wp-content\\\/uploads\\\/2023\\\/02\\\/SMO_LOGO-03.svg\"},\"sameAs\":[\"https:\\\/\\\/shrimataji.org\\\/test\",\"https:\\\/\\\/www.facebook.com\\\/shrimataji\",\"https:\\\/\\\/x.com\\\/shrimataji\",\"https:\\\/\\\/www.youtube.com\\\/@Shri_Mataji_Nirmala_Devi\\\/featured\"]}]}<\/script>\n<!-- \/ Yoast SEO plugin. -->","yoast_head_json":{"title":"Weltfrauenkonferenz - TEST - SMND","robots":{"index":"noindex","follow":"follow","max-snippet":"max-snippet:-1","max-image-preview":"max-image-preview:large","max-video-preview":"max-video-preview:-1"},"og_locale":"en_US","og_type":"article","og_title":"Weltfrauenkonferenz - TEST - SMND","og_description":"Vierte Weltfrauenkonferenz der Vereinten Nationen Auszug des Pekinger inter-regionalen Runden Tischs vom September 1995 Die vierte Weltkonferenz der Vereinten Nationen in Beijing (China) im September 1995 markierte einen Wendepunkt hinsichtlich der Agenda zur Gleichstellung der Geschlechter. 189 L\u00e4nder verabschiedeten in Peking einstimmig die Agenda f\u00fcr die St\u00e4rkung der Rolle der Frau. Das abschlie\u00dfende Deklaration gilt&hellip; Read more","og_url":"https:\/\/shrimataji.org\/test\/de\/weltfrauenkonferenz\/","og_site_name":"TEST - SMND","article_publisher":"https:\/\/www.facebook.com\/shrimataji","article_modified_time":"2024-04-27T01:15:20+00:00","og_image":[{"width":990,"height":350,"url":"https:\/\/shrimataji.org\/test\/wp-content\/uploads\/2018\/07\/media_originals\/images\/headers-general\/shri-mataji-speaking-at-the-un-womens-conference-in-beijing-1995.jpg","type":"image\/jpeg"}],"twitter_card":"summary_large_image","twitter_site":"@shrimataji","schema":{"@context":"https:\/\/schema.org","@graph":[{"@type":"WebPage","@id":"https:\/\/shrimataji.org\/test\/de\/weltfrauenkonferenz\/","url":"https:\/\/shrimataji.org\/test\/de\/weltfrauenkonferenz\/","name":"Weltfrauenkonferenz - TEST - SMND","isPartOf":{"@id":"https:\/\/shrimataji.org\/test\/#website"},"primaryImageOfPage":{"@id":"https:\/\/shrimataji.org\/test\/de\/weltfrauenkonferenz\/#primaryimage"},"image":{"@id":"https:\/\/shrimataji.org\/test\/de\/weltfrauenkonferenz\/#primaryimage"},"thumbnailUrl":"https:\/\/shrimataji.org\/test\/wp-content\/uploads\/2018\/07\/media_originals\/images\/headers-general\/shri-mataji-speaking-at-the-un-womens-conference-in-beijing-1995.jpg","datePublished":"2012-10-02T02:00:00+00:00","dateModified":"2024-04-27T01:15:20+00:00","breadcrumb":{"@id":"https:\/\/shrimataji.org\/test\/de\/weltfrauenkonferenz\/#breadcrumb"},"inLanguage":"en-US","potentialAction":[{"@type":"ReadAction","target":["https:\/\/shrimataji.org\/test\/de\/weltfrauenkonferenz\/"]}]},{"@type":"ImageObject","inLanguage":"en-US","@id":"https:\/\/shrimataji.org\/test\/de\/weltfrauenkonferenz\/#primaryimage","url":"https:\/\/shrimataji.org\/test\/wp-content\/uploads\/2018\/07\/media_originals\/images\/headers-general\/shri-mataji-speaking-at-the-un-womens-conference-in-beijing-1995.jpg","contentUrl":"https:\/\/shrimataji.org\/test\/wp-content\/uploads\/2018\/07\/media_originals\/images\/headers-general\/shri-mataji-speaking-at-the-un-womens-conference-in-beijing-1995.jpg","width":990,"height":350},{"@type":"BreadcrumbList","@id":"https:\/\/shrimataji.org\/test\/de\/weltfrauenkonferenz\/#breadcrumb","itemListElement":[{"@type":"ListItem","position":1,"name":"Home","item":"https:\/\/shrimataji.org\/test\/uk\/home-en\/"},{"@type":"ListItem","position":2,"name":"Weltfrauenkonferenz"}]},{"@type":"WebSite","@id":"https:\/\/shrimataji.org\/test\/#website","url":"https:\/\/shrimataji.org\/test\/","name":"Shri Mataji Nirmala Devi","description":"A Life Dedicated to Humanity","publisher":{"@id":"https:\/\/shrimataji.org\/test\/#\/schema\/person\/a1b3419c6585f164aa96da1ff85715d1"},"potentialAction":[{"@type":"SearchAction","target":{"@type":"EntryPoint","urlTemplate":"https:\/\/shrimataji.org\/test\/?s={search_term_string}"},"query-input":{"@type":"PropertyValueSpecification","valueRequired":true,"valueName":"search_term_string"}}],"inLanguage":"en-US"},{"@type":["Person","Organization"],"@id":"https:\/\/shrimataji.org\/test\/#\/schema\/person\/a1b3419c6585f164aa96da1ff85715d1","name":"Nirmala Shrivastava","image":{"@type":"ImageObject","inLanguage":"en-US","@id":"https:\/\/shrimataji.org\/test\/wp-content\/uploads\/2023\/02\/SMO_LOGO-03.svg","url":"https:\/\/shrimataji.org\/test\/wp-content\/uploads\/2023\/02\/SMO_LOGO-03.svg","contentUrl":"https:\/\/shrimataji.org\/test\/wp-content\/uploads\/2023\/02\/SMO_LOGO-03.svg","width":"1024","height":"1024","caption":"Nirmala Shrivastava"},"logo":{"@id":"https:\/\/shrimataji.org\/test\/wp-content\/uploads\/2023\/02\/SMO_LOGO-03.svg"},"sameAs":["https:\/\/shrimataji.org\/test","https:\/\/www.facebook.com\/shrimataji","https:\/\/x.com\/shrimataji","https:\/\/www.youtube.com\/@Shri_Mataji_Nirmala_Devi\/featured"]}]}},"lang":"de","translations":{"de":10709,"ur":37528,"en":427,"am":18103,"th":20101,"hu":19599,"ar":16999,"sq":18504,"zh":17401,"tr":10227,"pt":10434,"fr":10807,"it":10905,"es":11001,"ja":11299,"ru":11487,"bn":11679,"te":11787,"sw":11910,"he":12058,"el":12350,"sk":12448,"fa":12546,"fi":12644,"bg":13498,"ro":14573,"cs":14766,"nl":16663,"ku":16823,"be":18711,"kn":18985,"mr":20465,"uk":20758,"ml":21053,"ta":22822,"sv":23091,"gu":28926,"pa":29086,"fil":29540,"da":37835,"pl":38045,"nn":38387},"pll_sync_post":[],"_links":{"self":[{"href":"https:\/\/shrimataji.org\/test\/wp-json\/wp\/v2\/pages\/10709","targetHints":{"allow":["GET"]}}],"collection":[{"href":"https:\/\/shrimataji.org\/test\/wp-json\/wp\/v2\/pages"}],"about":[{"href":"https:\/\/shrimataji.org\/test\/wp-json\/wp\/v2\/types\/page"}],"author":[{"embeddable":true,"href":"https:\/\/shrimataji.org\/test\/wp-json\/wp\/v2\/users\/10"}],"replies":[{"embeddable":true,"href":"https:\/\/shrimataji.org\/test\/wp-json\/wp\/v2\/comments?post=10709"}],"version-history":[{"count":0,"href":"https:\/\/shrimataji.org\/test\/wp-json\/wp\/v2\/pages\/10709\/revisions"}],"wp:featuredmedia":[{"embeddable":true,"href":"https:\/\/shrimataji.org\/test\/wp-json\/wp\/v2\/media\/109"}],"wp:attachment":[{"href":"https:\/\/shrimataji.org\/test\/wp-json\/wp\/v2\/media?parent=10709"}],"curies":[{"name":"wp","href":"https:\/\/api.w.org\/{rel}","templated":true}]}}