{"id":10710,"date":"2011-10-05T02:00:00","date_gmt":"2011-10-05T02:00:00","guid":{"rendered":"http:\/\/testwordpress.nirmalnagari.org\/smnd\/index.php\/uniting-the-nations\/"},"modified":"2024-04-27T01:15:14","modified_gmt":"2024-04-27T01:15:14","slug":"nationen-vereinen","status":"publish","type":"page","link":"https:\/\/shrimataji.org\/test\/de\/nationen-vereinen\/","title":{"rendered":"Die Nationen vereinen"},"content":{"rendered":"\n\n\t<h1>Die Nationen vereinen<\/h1>\n<h2>Globale Transformation jenseits von Grenzen<\/h2>\n\t<h4>Das Publikum im Dag Hammarskjold Auditorium war nicht besonders gro\u00df. 50 Mitarbeiter versammelten sich am fr\u00fchen Abend in dem mittelgro\u00dfen Theater. Eine neue Sahaja Meditation Society war erst zwei Tage zuvor von den Vereinten Nationen genehmigt und gegr\u00fcndet worden, und nun versammelten sich die Mitglieder, um ihre Hauptreferentin zu h\u00f6ren.<\/h4>\n\tDie Veranstaltung gew\u00e4hrte ihnen eine Pause von ihren Schreibtischen, Sitzungen und globalen Sorgen, und es war eine Gelegenheit, die Worte von Shri Mataji Nirmala Devi zu h\u00f6ren &#8211; eine Chance, nach innen zu schauen. Das Thema war spirituelle Erleuchtung, globaler Frieden und eine bessere Welt. Es war der 6. Juni des Jahres 1990 und Veranstaltungsort war der Hauptsitz der Vereinten Nationen in New York City.<br \/>\nVielleicht drehten sich die Gedanken der UN-Mitarbeiter an diesem Tag um Versprechen der Sowjetunion zur Reduzierung der europ\u00e4ischen Waffen, oder vielleicht waren einige gerade dabei, beim Exodus des UN-Personals infolge eines weiteren B\u00fcrgerkriegs in Liberia zu helfen. Die Welt schien voller Aufruhr und Ver\u00e4nderungen zu sein. Nur wenige Tage zuvor war der erste Jahrestag der Demonstrationen und des Massakers auf dem Platz des Himmlischen Friedens in Peking begangen worden und niemand konnte voraussehen, was als n\u00e4chstes passieren w\u00fcrde.\n\t\t\t\t<img loading=\"lazy\" decoding=\"async\" src=\"https:\/\/shrimataji.org\/test\/wp-content\/uploads\/2018\/07\/media_originals\/images\/shri-mataji-portraits\/shri-mataji-nirmala-devi-portrait-smiling-1024x681.jpg\" alt=\"shri-mataji-nirmala-devi-portrait-smiling\" height=\"681\" width=\"1024\" title=\"shri-mataji-nirmala-devi-portrait-smiling\" \/>\n\tInnerhalb von 12 Monaten w\u00fcrde dieselbe Sowjetunion nicht mehr existieren. An ihre Stelle w\u00fcrde eine neue Gemeinschaft Unabh\u00e4ngiger Staaten treten. In Rum\u00e4nien fanden bereits freie Wahlen statt, nachdem im Jahr zuvor die Berliner Mauer abgerissen worden war. In weniger als vier Monaten w\u00fcrden Ost- und Westdeutschland ihre Wiedervereinigung vollenden; und in weniger als zwei Monaten der Irak in Kuwait einmarschieren. Das Geb\u00e4ude der Vereinten Nationen w\u00fcrde bald ein noch gesch\u00e4ftigerer Ort werden &#8211; doch jetzt war es an der Zeit, innezuhalten und zuzuh\u00f6ren.<br \/>\nAn diesem Mittwochabend sprach Shri Mataji in aller Ruhe zu den Zuh\u00f6rer\/-innen. Ihr Ton war intim, und sie w\u00e4hlte ihre Worte so, dass sie den Bed\u00fcrfnissen der Zuh\u00f6rer\/-innen entsprachen. Wie immer sprach sie globale wie auch pers\u00f6nliche Themen an.\n\t<div class=\"su-quote su-quote-style-default\"><div class=\"su-quote-inner su-u-clearfix su-u-trim\">Meine Botschaft an die Menschheit ist, dass alle transformiert werden sollten. Ihr solltet der Geist werden, denn so erkennt ihr euch selbst.<\/div><\/div>\n\t<p>W\u00e4hrend ihres Vortrags sprach Shri Mataji \u00fcber die Wahrheit und die Notwendigkeit, die kollektive Doktrin der Vereinten Nationen zu verwirklichen. Sie sprach \u00fcber die Rolle der Kundalini, um diese Verwirklichung herbeizuf\u00fchren:<\/p>\n<p>&#8220;Wir sprechen \u00fcber \u00f6kologische Probleme&#8221;, sagte sie, &#8220;\u00fcber dieses Problem und jenes Problem. Doch wir wissen nicht, wie wir sie l\u00f6sen k\u00f6nnen. Wenn die Vereinten Nationen wirklich Gestalt annehmen wollen, dann w\u00fcrde ich sagen, m\u00fcssen die Menschen der Vereinten Nationen zuerst ihre Selbst-Verwirklichung bekommen. Dann k\u00f6nnen sie verstehen, was sie sind &#8230; Es gibt so viele M\u00f6glichkeiten und Kr\u00e4fte, die sie haben und nutzen k\u00f6nnen. Und das ist die Macht der Liebe.&#8221;<\/p>\n\t<p>Am Ende ihres Vortrags gew\u00e4hrte sie die Selbst-Verwirklichung. Fast niemand wagte sich aus dem Saal, bevor er nicht diese Erfahrung gemacht und danach Shri Mataji pers\u00f6nlich begr\u00fc\u00dft hatte. Die meisten meldeten sich f\u00fcr Folgekurse an.<\/p>\n<p>In der Woche vor ihrem Auftritt bei der UNO hatte Shri Mataji sowohl in Miami als auch in San Diego \u00e4hnliche Vortr\u00e4ge gehalten. Anfang des Jahres hatte sie in Australien, Indien, Italien, Neuseeland, Russland, Singapur und im Vereinigten K\u00f6nigreich gesprochen. Eine medizinische Konferenz in Moskau, eine Pressekonferenz in Kalkutta, Perth, Melbourne, Cairns, Sydney, Bangalore, Hyderabad, Jaipur, Leningrad und Auckland &#8211; die Zahl ihrer Auftritte in diesem Jahr n\u00e4herten sich bereits der 100er-Marke, und es war erst Juni.<\/p>\n<p>Bis zum Ende des Jahres w\u00fcrde Shri Mataji mehr als 200 Stationen in 26 L\u00e4ndern der Welt besuchen. Ihre Reisen im Jahr 1990 summierten sich auf mehr als 135.000 Kilometer &#8211; eine Strecke, die die meisten Menschen als anstrengend empfinden w\u00fcrden. Doch dabei blieb es nicht, denn zus\u00e4tzlich zu den geplanten Vortr\u00e4gen gab es unz\u00e4hlige informelle Veranstaltungen in Wohnungen, auf Flugh\u00e4fen, in Hallen und Schulen. Jedes Gespr\u00e4ch und jede Rede war anders. Doch jede war auch gleicherma\u00dfen gepr\u00e4gt von Sorge und Einsicht, von Humor und Liebe. Alle Vortr\u00e4ge dienten demselben Zweck der Notwendigkeit des spirituellen Aufstiegs.<\/p>\n<p>W\u00e4hrend jemand anderes sagen w\u00fcrde: &#8220;Sei dein besseres Selbst&#8221;, strebte Shri Mataji nach einer noch h\u00f6heren Ebene und formulierte: &#8220;Sei dein wahres Selbst.&#8221;<\/p>\n<p>1990 war kein ungew\u00f6hnliches Jahr. Von den sp\u00e4ten 1970ern \u00fcber die 80er und 90er bis ins neue Jahrtausend hinein setzte sie ihre Reisen und Bem\u00fchungen um eine bessere Welt fort. Ihre Reisen blieben in den Zeitungen weitgehend unkommentiert, aber sie blieben nicht unbemerkt von denen, die in einer metamodernen Welt nach Erleuchtung suchten.<\/p>\n\n","protected":false},"excerpt":{"rendered":"<p>Die Nationen vereinen Globale Transformation jenseits von Grenzen Das Publikum im Dag Hammarskjold Auditorium war nicht besonders gro\u00df. 50 Mitarbeiter versammelten sich am fr\u00fchen Abend in dem mittelgro\u00dfen Theater. Eine neue Sahaja Meditation Society war erst zwei Tage zuvor von den Vereinten Nationen genehmigt und gegr\u00fcndet worden, und nun versammelten sich die Mitglieder, um ihre&hellip; <br \/> <a class=\"read-more\" href=\"https:\/\/shrimataji.org\/test\/de\/nationen-vereinen\/\">Read more<\/a><\/p>\n","protected":false},"author":10,"featured_media":121,"parent":0,"menu_order":0,"comment_status":"closed","ping_status":"closed","template":"","meta":{"inline_featured_image":false,"footnotes":""},"class_list":["post-10710","page","type-page","status-publish","has-post-thumbnail","hentry"],"yoast_head":"<!-- This site is optimized with the Yoast SEO plugin v27.4 - https:\/\/yoast.com\/product\/yoast-seo-wordpress\/ -->\n<title>Die Nationen vereinen - TEST - SMND<\/title>\n<meta name=\"robots\" content=\"noindex, follow, max-snippet:-1, max-image-preview:large, max-video-preview:-1\" \/>\n<meta property=\"og:locale\" content=\"en_US\" \/>\n<meta property=\"og:type\" content=\"article\" \/>\n<meta property=\"og:title\" content=\"Die Nationen vereinen - TEST - SMND\" \/>\n<meta property=\"og:description\" content=\"Die Nationen vereinen Globale Transformation jenseits von Grenzen Das Publikum im Dag Hammarskjold Auditorium war nicht besonders gro\u00df. 50 Mitarbeiter versammelten sich am fr\u00fchen Abend in dem mittelgro\u00dfen Theater. Eine neue Sahaja Meditation Society war erst zwei Tage zuvor von den Vereinten Nationen genehmigt und gegr\u00fcndet worden, und nun versammelten sich die Mitglieder, um ihre&hellip; Read more\" \/>\n<meta property=\"og:url\" content=\"https:\/\/shrimataji.org\/test\/de\/nationen-vereinen\/\" \/>\n<meta property=\"og:site_name\" content=\"TEST - SMND\" \/>\n<meta property=\"article:publisher\" content=\"https:\/\/www.facebook.com\/shrimataji\" \/>\n<meta property=\"article:modified_time\" content=\"2024-04-27T01:15:14+00:00\" \/>\n<meta property=\"og:image\" content=\"https:\/\/shrimataji.org\/test\/wp-content\/uploads\/2018\/07\/media_originals\/images\/headers-general\/shri-mataji-nirmala-devi-arrives-near-vienna-austria-2009.jpg\" \/>\n\t<meta property=\"og:image:width\" content=\"990\" \/>\n\t<meta property=\"og:image:height\" content=\"350\" \/>\n\t<meta property=\"og:image:type\" content=\"image\/jpeg\" \/>\n<meta name=\"twitter:card\" content=\"summary_large_image\" \/>\n<meta name=\"twitter:site\" content=\"@shrimataji\" \/>\n<script type=\"application\/ld+json\" class=\"yoast-schema-graph\">{\"@context\":\"https:\\\/\\\/schema.org\",\"@graph\":[{\"@type\":\"WebPage\",\"@id\":\"https:\\\/\\\/shrimataji.org\\\/test\\\/de\\\/nationen-vereinen\\\/\",\"url\":\"https:\\\/\\\/shrimataji.org\\\/test\\\/de\\\/nationen-vereinen\\\/\",\"name\":\"Die Nationen vereinen - TEST - SMND\",\"isPartOf\":{\"@id\":\"https:\\\/\\\/shrimataji.org\\\/test\\\/#website\"},\"primaryImageOfPage\":{\"@id\":\"https:\\\/\\\/shrimataji.org\\\/test\\\/de\\\/nationen-vereinen\\\/#primaryimage\"},\"image\":{\"@id\":\"https:\\\/\\\/shrimataji.org\\\/test\\\/de\\\/nationen-vereinen\\\/#primaryimage\"},\"thumbnailUrl\":\"https:\\\/\\\/shrimataji.org\\\/test\\\/wp-content\\\/uploads\\\/2018\\\/07\\\/media_originals\\\/images\\\/headers-general\\\/shri-mataji-nirmala-devi-arrives-near-vienna-austria-2009.jpg\",\"datePublished\":\"2011-10-05T02:00:00+00:00\",\"dateModified\":\"2024-04-27T01:15:14+00:00\",\"breadcrumb\":{\"@id\":\"https:\\\/\\\/shrimataji.org\\\/test\\\/de\\\/nationen-vereinen\\\/#breadcrumb\"},\"inLanguage\":\"en-US\",\"potentialAction\":[{\"@type\":\"ReadAction\",\"target\":[\"https:\\\/\\\/shrimataji.org\\\/test\\\/de\\\/nationen-vereinen\\\/\"]}]},{\"@type\":\"ImageObject\",\"inLanguage\":\"en-US\",\"@id\":\"https:\\\/\\\/shrimataji.org\\\/test\\\/de\\\/nationen-vereinen\\\/#primaryimage\",\"url\":\"https:\\\/\\\/shrimataji.org\\\/test\\\/wp-content\\\/uploads\\\/2018\\\/07\\\/media_originals\\\/images\\\/headers-general\\\/shri-mataji-nirmala-devi-arrives-near-vienna-austria-2009.jpg\",\"contentUrl\":\"https:\\\/\\\/shrimataji.org\\\/test\\\/wp-content\\\/uploads\\\/2018\\\/07\\\/media_originals\\\/images\\\/headers-general\\\/shri-mataji-nirmala-devi-arrives-near-vienna-austria-2009.jpg\",\"width\":990,\"height\":350},{\"@type\":\"BreadcrumbList\",\"@id\":\"https:\\\/\\\/shrimataji.org\\\/test\\\/de\\\/nationen-vereinen\\\/#breadcrumb\",\"itemListElement\":[{\"@type\":\"ListItem\",\"position\":1,\"name\":\"Home\",\"item\":\"https:\\\/\\\/shrimataji.org\\\/test\\\/uk\\\/home-en\\\/\"},{\"@type\":\"ListItem\",\"position\":2,\"name\":\"Die Nationen vereinen\"}]},{\"@type\":\"WebSite\",\"@id\":\"https:\\\/\\\/shrimataji.org\\\/test\\\/#website\",\"url\":\"https:\\\/\\\/shrimataji.org\\\/test\\\/\",\"name\":\"Shri Mataji Nirmala Devi\",\"description\":\"A Life Dedicated to Humanity\",\"publisher\":{\"@id\":\"https:\\\/\\\/shrimataji.org\\\/test\\\/#\\\/schema\\\/person\\\/a1b3419c6585f164aa96da1ff85715d1\"},\"potentialAction\":[{\"@type\":\"SearchAction\",\"target\":{\"@type\":\"EntryPoint\",\"urlTemplate\":\"https:\\\/\\\/shrimataji.org\\\/test\\\/?s={search_term_string}\"},\"query-input\":{\"@type\":\"PropertyValueSpecification\",\"valueRequired\":true,\"valueName\":\"search_term_string\"}}],\"inLanguage\":\"en-US\"},{\"@type\":[\"Person\",\"Organization\"],\"@id\":\"https:\\\/\\\/shrimataji.org\\\/test\\\/#\\\/schema\\\/person\\\/a1b3419c6585f164aa96da1ff85715d1\",\"name\":\"Nirmala Shrivastava\",\"image\":{\"@type\":\"ImageObject\",\"inLanguage\":\"en-US\",\"@id\":\"https:\\\/\\\/shrimataji.org\\\/test\\\/wp-content\\\/uploads\\\/2023\\\/02\\\/SMO_LOGO-03.svg\",\"url\":\"https:\\\/\\\/shrimataji.org\\\/test\\\/wp-content\\\/uploads\\\/2023\\\/02\\\/SMO_LOGO-03.svg\",\"contentUrl\":\"https:\\\/\\\/shrimataji.org\\\/test\\\/wp-content\\\/uploads\\\/2023\\\/02\\\/SMO_LOGO-03.svg\",\"width\":\"1024\",\"height\":\"1024\",\"caption\":\"Nirmala Shrivastava\"},\"logo\":{\"@id\":\"https:\\\/\\\/shrimataji.org\\\/test\\\/wp-content\\\/uploads\\\/2023\\\/02\\\/SMO_LOGO-03.svg\"},\"sameAs\":[\"https:\\\/\\\/shrimataji.org\\\/test\",\"https:\\\/\\\/www.facebook.com\\\/shrimataji\",\"https:\\\/\\\/x.com\\\/shrimataji\",\"https:\\\/\\\/www.youtube.com\\\/@Shri_Mataji_Nirmala_Devi\\\/featured\"]}]}<\/script>\n<!-- \/ Yoast SEO plugin. -->","yoast_head_json":{"title":"Die Nationen vereinen - TEST - SMND","robots":{"index":"noindex","follow":"follow","max-snippet":"max-snippet:-1","max-image-preview":"max-image-preview:large","max-video-preview":"max-video-preview:-1"},"og_locale":"en_US","og_type":"article","og_title":"Die Nationen vereinen - TEST - SMND","og_description":"Die Nationen vereinen Globale Transformation jenseits von Grenzen Das Publikum im Dag Hammarskjold Auditorium war nicht besonders gro\u00df. 50 Mitarbeiter versammelten sich am fr\u00fchen Abend in dem mittelgro\u00dfen Theater. Eine neue Sahaja Meditation Society war erst zwei Tage zuvor von den Vereinten Nationen genehmigt und gegr\u00fcndet worden, und nun versammelten sich die Mitglieder, um ihre&hellip; Read more","og_url":"https:\/\/shrimataji.org\/test\/de\/nationen-vereinen\/","og_site_name":"TEST - SMND","article_publisher":"https:\/\/www.facebook.com\/shrimataji","article_modified_time":"2024-04-27T01:15:14+00:00","og_image":[{"width":990,"height":350,"url":"https:\/\/shrimataji.org\/test\/wp-content\/uploads\/2018\/07\/media_originals\/images\/headers-general\/shri-mataji-nirmala-devi-arrives-near-vienna-austria-2009.jpg","type":"image\/jpeg"}],"twitter_card":"summary_large_image","twitter_site":"@shrimataji","schema":{"@context":"https:\/\/schema.org","@graph":[{"@type":"WebPage","@id":"https:\/\/shrimataji.org\/test\/de\/nationen-vereinen\/","url":"https:\/\/shrimataji.org\/test\/de\/nationen-vereinen\/","name":"Die Nationen vereinen - TEST - SMND","isPartOf":{"@id":"https:\/\/shrimataji.org\/test\/#website"},"primaryImageOfPage":{"@id":"https:\/\/shrimataji.org\/test\/de\/nationen-vereinen\/#primaryimage"},"image":{"@id":"https:\/\/shrimataji.org\/test\/de\/nationen-vereinen\/#primaryimage"},"thumbnailUrl":"https:\/\/shrimataji.org\/test\/wp-content\/uploads\/2018\/07\/media_originals\/images\/headers-general\/shri-mataji-nirmala-devi-arrives-near-vienna-austria-2009.jpg","datePublished":"2011-10-05T02:00:00+00:00","dateModified":"2024-04-27T01:15:14+00:00","breadcrumb":{"@id":"https:\/\/shrimataji.org\/test\/de\/nationen-vereinen\/#breadcrumb"},"inLanguage":"en-US","potentialAction":[{"@type":"ReadAction","target":["https:\/\/shrimataji.org\/test\/de\/nationen-vereinen\/"]}]},{"@type":"ImageObject","inLanguage":"en-US","@id":"https:\/\/shrimataji.org\/test\/de\/nationen-vereinen\/#primaryimage","url":"https:\/\/shrimataji.org\/test\/wp-content\/uploads\/2018\/07\/media_originals\/images\/headers-general\/shri-mataji-nirmala-devi-arrives-near-vienna-austria-2009.jpg","contentUrl":"https:\/\/shrimataji.org\/test\/wp-content\/uploads\/2018\/07\/media_originals\/images\/headers-general\/shri-mataji-nirmala-devi-arrives-near-vienna-austria-2009.jpg","width":990,"height":350},{"@type":"BreadcrumbList","@id":"https:\/\/shrimataji.org\/test\/de\/nationen-vereinen\/#breadcrumb","itemListElement":[{"@type":"ListItem","position":1,"name":"Home","item":"https:\/\/shrimataji.org\/test\/uk\/home-en\/"},{"@type":"ListItem","position":2,"name":"Die Nationen vereinen"}]},{"@type":"WebSite","@id":"https:\/\/shrimataji.org\/test\/#website","url":"https:\/\/shrimataji.org\/test\/","name":"Shri Mataji Nirmala Devi","description":"A Life Dedicated to Humanity","publisher":{"@id":"https:\/\/shrimataji.org\/test\/#\/schema\/person\/a1b3419c6585f164aa96da1ff85715d1"},"potentialAction":[{"@type":"SearchAction","target":{"@type":"EntryPoint","urlTemplate":"https:\/\/shrimataji.org\/test\/?s={search_term_string}"},"query-input":{"@type":"PropertyValueSpecification","valueRequired":true,"valueName":"search_term_string"}}],"inLanguage":"en-US"},{"@type":["Person","Organization"],"@id":"https:\/\/shrimataji.org\/test\/#\/schema\/person\/a1b3419c6585f164aa96da1ff85715d1","name":"Nirmala Shrivastava","image":{"@type":"ImageObject","inLanguage":"en-US","@id":"https:\/\/shrimataji.org\/test\/wp-content\/uploads\/2023\/02\/SMO_LOGO-03.svg","url":"https:\/\/shrimataji.org\/test\/wp-content\/uploads\/2023\/02\/SMO_LOGO-03.svg","contentUrl":"https:\/\/shrimataji.org\/test\/wp-content\/uploads\/2023\/02\/SMO_LOGO-03.svg","width":"1024","height":"1024","caption":"Nirmala Shrivastava"},"logo":{"@id":"https:\/\/shrimataji.org\/test\/wp-content\/uploads\/2023\/02\/SMO_LOGO-03.svg"},"sameAs":["https:\/\/shrimataji.org\/test","https:\/\/www.facebook.com\/shrimataji","https:\/\/x.com\/shrimataji","https:\/\/www.youtube.com\/@Shri_Mataji_Nirmala_Devi\/featured"]}]}},"lang":"de","translations":{"de":10710,"ur":37530,"en":445,"am":18105,"th":20104,"hu":19602,"ar":17001,"sq":18506,"zh":17403,"tr":10228,"pt":10435,"fr":10808,"it":10906,"es":11002,"ja":11300,"ru":11488,"bn":11680,"te":11788,"sw":11911,"he":12059,"el":12351,"sk":12449,"fa":12547,"fi":12645,"bg":13508,"ro":14583,"cs":14776,"nl":16665,"ku":16825,"be":18713,"kn":18987,"mr":20468,"uk":20761,"ml":21056,"ta":22824,"sv":23093,"gu":28928,"pa":29088,"fil":29542,"da":37837,"pl":38047,"nn":38389},"pll_sync_post":[],"_links":{"self":[{"href":"https:\/\/shrimataji.org\/test\/wp-json\/wp\/v2\/pages\/10710","targetHints":{"allow":["GET"]}}],"collection":[{"href":"https:\/\/shrimataji.org\/test\/wp-json\/wp\/v2\/pages"}],"about":[{"href":"https:\/\/shrimataji.org\/test\/wp-json\/wp\/v2\/types\/page"}],"author":[{"embeddable":true,"href":"https:\/\/shrimataji.org\/test\/wp-json\/wp\/v2\/users\/10"}],"replies":[{"embeddable":true,"href":"https:\/\/shrimataji.org\/test\/wp-json\/wp\/v2\/comments?post=10710"}],"version-history":[{"count":0,"href":"https:\/\/shrimataji.org\/test\/wp-json\/wp\/v2\/pages\/10710\/revisions"}],"wp:featuredmedia":[{"embeddable":true,"href":"https:\/\/shrimataji.org\/test\/wp-json\/wp\/v2\/media\/121"}],"wp:attachment":[{"href":"https:\/\/shrimataji.org\/test\/wp-json\/wp\/v2\/media?parent=10710"}],"curies":[{"name":"wp","href":"https:\/\/api.w.org\/{rel}","templated":true}]}}