{"id":10714,"date":"2023-03-19T08:48:11","date_gmt":"2023-03-19T08:48:11","guid":{"rendered":"https:\/\/shrimataji.org\/test\/?page_id=9887"},"modified":"2024-04-27T01:15:20","modified_gmt":"2024-04-27T01:15:20","slug":"zentren-weltweit","status":"publish","type":"page","link":"https:\/\/shrimataji.org\/test\/de\/zentren-weltweit\/","title":{"rendered":"Zentren weltweit"},"content":{"rendered":"\n\n\t<h1>Sahaja-Yoga-Meditations-Zentren weltweit<\/h1>\n<p>Mit Hilfe der interaktiven Karte k\u00f6nnt ihr das n\u00e4chstgelegene Sahaja-Yoga-Meditations-Zentrum, Online-Meditations-Kurse und -Veranstaltungen ausfindig machen.<\/p>\n<h4>Hinweis<\/h4>\n<p>Diese Karte wird gerade erstellt und zeigt nur einen kleinen Teil der weltweiten Sahaja-Yoga-Zentren und -Kurse. Bitte nutzt die Zoom-Funktion, um weitere Treffpunkte sichtbar zu machen und ggf. zu kontaktieren. Die Liste wird regelm\u00e4\u00dfig aktualisiert. Schaut bitte deshalb erneut vorbei, falls ihr momentan keine Treffpunkte in eurer N\u00e4he finden k\u00f6nnen.<\/p>\n<p>Your browser does not support iframes.<\/p>\n\n","protected":false},"excerpt":{"rendered":"<p>Sahaja-Yoga-Meditations-Zentren weltweit Mit Hilfe der interaktiven Karte k\u00f6nnt ihr das n\u00e4chstgelegene Sahaja-Yoga-Meditations-Zentrum, Online-Meditations-Kurse und -Veranstaltungen ausfindig machen. Hinweis Diese Karte wird gerade erstellt und zeigt nur einen kleinen Teil der weltweiten Sahaja-Yoga-Zentren und -Kurse. Bitte nutzt die Zoom-Funktion, um weitere Treffpunkte sichtbar zu machen und ggf. zu kontaktieren. Die Liste wird regelm\u00e4\u00dfig aktualisiert. Schaut bitte&hellip; <br \/> <a class=\"read-more\" href=\"https:\/\/shrimataji.org\/test\/de\/zentren-weltweit\/\">Read more<\/a><\/p>\n","protected":false},"author":10,"featured_media":0,"parent":0,"menu_order":0,"comment_status":"closed","ping_status":"closed","template":"pro\/page-templates\/page-with-small-header.php","meta":{"inline_featured_image":false,"footnotes":""},"class_list":["post-10714","page","type-page","status-publish","hentry"],"yoast_head":"<!-- This site is optimized with the Yoast SEO plugin v27.4 - https:\/\/yoast.com\/product\/yoast-seo-wordpress\/ -->\n<title>Zentren weltweit - TEST - SMND<\/title>\n<meta name=\"robots\" content=\"noindex, follow, max-snippet:-1, max-image-preview:large, max-video-preview:-1\" \/>\n<meta property=\"og:locale\" content=\"en_US\" \/>\n<meta property=\"og:type\" content=\"article\" \/>\n<meta property=\"og:title\" content=\"Zentren weltweit - TEST - SMND\" \/>\n<meta property=\"og:description\" content=\"Sahaja-Yoga-Meditations-Zentren weltweit Mit Hilfe der interaktiven Karte k\u00f6nnt ihr das n\u00e4chstgelegene Sahaja-Yoga-Meditations-Zentrum, Online-Meditations-Kurse und -Veranstaltungen ausfindig machen. Hinweis Diese Karte wird gerade erstellt und zeigt nur einen kleinen Teil der weltweiten Sahaja-Yoga-Zentren und -Kurse. Bitte nutzt die Zoom-Funktion, um weitere Treffpunkte sichtbar zu machen und ggf. zu kontaktieren. Die Liste wird regelm\u00e4\u00dfig aktualisiert. Schaut bitte&hellip; Read more\" \/>\n<meta property=\"og:url\" content=\"https:\/\/shrimataji.org\/test\/de\/zentren-weltweit\/\" \/>\n<meta property=\"og:site_name\" content=\"TEST - SMND\" \/>\n<meta property=\"article:publisher\" content=\"https:\/\/www.facebook.com\/shrimataji\" \/>\n<meta property=\"article:modified_time\" content=\"2024-04-27T01:15:20+00:00\" \/>\n<meta property=\"og:image\" content=\"https:\/\/shrimataji.org\/test\/wp-content\/uploads\/2018\/07\/fp11-e1588597806347.jpg\" \/>\n\t<meta property=\"og:image:width\" content=\"707\" \/>\n\t<meta property=\"og:image:height\" content=\"700\" \/>\n\t<meta property=\"og:image:type\" content=\"image\/jpeg\" \/>\n<meta name=\"twitter:card\" content=\"summary_large_image\" \/>\n<meta name=\"twitter:site\" content=\"@shrimataji\" \/>\n<script type=\"application\/ld+json\" class=\"yoast-schema-graph\">{\"@context\":\"https:\\\/\\\/schema.org\",\"@graph\":[{\"@type\":\"WebPage\",\"@id\":\"https:\\\/\\\/shrimataji.org\\\/test\\\/de\\\/zentren-weltweit\\\/\",\"url\":\"https:\\\/\\\/shrimataji.org\\\/test\\\/de\\\/zentren-weltweit\\\/\",\"name\":\"Zentren weltweit - TEST - SMND\",\"isPartOf\":{\"@id\":\"https:\\\/\\\/shrimataji.org\\\/test\\\/#website\"},\"datePublished\":\"2023-03-19T08:48:11+00:00\",\"dateModified\":\"2024-04-27T01:15:20+00:00\",\"breadcrumb\":{\"@id\":\"https:\\\/\\\/shrimataji.org\\\/test\\\/de\\\/zentren-weltweit\\\/#breadcrumb\"},\"inLanguage\":\"en-US\",\"potentialAction\":[{\"@type\":\"ReadAction\",\"target\":[\"https:\\\/\\\/shrimataji.org\\\/test\\\/de\\\/zentren-weltweit\\\/\"]}]},{\"@type\":\"BreadcrumbList\",\"@id\":\"https:\\\/\\\/shrimataji.org\\\/test\\\/de\\\/zentren-weltweit\\\/#breadcrumb\",\"itemListElement\":[{\"@type\":\"ListItem\",\"position\":1,\"name\":\"Home\",\"item\":\"https:\\\/\\\/shrimataji.org\\\/test\\\/uk\\\/home-en\\\/\"},{\"@type\":\"ListItem\",\"position\":2,\"name\":\"Zentren weltweit\"}]},{\"@type\":\"WebSite\",\"@id\":\"https:\\\/\\\/shrimataji.org\\\/test\\\/#website\",\"url\":\"https:\\\/\\\/shrimataji.org\\\/test\\\/\",\"name\":\"Shri Mataji Nirmala Devi\",\"description\":\"A Life Dedicated to Humanity\",\"publisher\":{\"@id\":\"https:\\\/\\\/shrimataji.org\\\/test\\\/#\\\/schema\\\/person\\\/a1b3419c6585f164aa96da1ff85715d1\"},\"potentialAction\":[{\"@type\":\"SearchAction\",\"target\":{\"@type\":\"EntryPoint\",\"urlTemplate\":\"https:\\\/\\\/shrimataji.org\\\/test\\\/?s={search_term_string}\"},\"query-input\":{\"@type\":\"PropertyValueSpecification\",\"valueRequired\":true,\"valueName\":\"search_term_string\"}}],\"inLanguage\":\"en-US\"},{\"@type\":[\"Person\",\"Organization\"],\"@id\":\"https:\\\/\\\/shrimataji.org\\\/test\\\/#\\\/schema\\\/person\\\/a1b3419c6585f164aa96da1ff85715d1\",\"name\":\"Nirmala Shrivastava\",\"image\":{\"@type\":\"ImageObject\",\"inLanguage\":\"en-US\",\"@id\":\"https:\\\/\\\/shrimataji.org\\\/test\\\/wp-content\\\/uploads\\\/2023\\\/02\\\/SMO_LOGO-03.svg\",\"url\":\"https:\\\/\\\/shrimataji.org\\\/test\\\/wp-content\\\/uploads\\\/2023\\\/02\\\/SMO_LOGO-03.svg\",\"contentUrl\":\"https:\\\/\\\/shrimataji.org\\\/test\\\/wp-content\\\/uploads\\\/2023\\\/02\\\/SMO_LOGO-03.svg\",\"width\":\"1024\",\"height\":\"1024\",\"caption\":\"Nirmala Shrivastava\"},\"logo\":{\"@id\":\"https:\\\/\\\/shrimataji.org\\\/test\\\/wp-content\\\/uploads\\\/2023\\\/02\\\/SMO_LOGO-03.svg\"},\"sameAs\":[\"https:\\\/\\\/shrimataji.org\\\/test\",\"https:\\\/\\\/www.facebook.com\\\/shrimataji\",\"https:\\\/\\\/x.com\\\/shrimataji\",\"https:\\\/\\\/www.youtube.com\\\/@Shri_Mataji_Nirmala_Devi\\\/featured\"]}]}<\/script>\n<!-- \/ Yoast SEO plugin. -->","yoast_head_json":{"title":"Zentren weltweit - TEST - SMND","robots":{"index":"noindex","follow":"follow","max-snippet":"max-snippet:-1","max-image-preview":"max-image-preview:large","max-video-preview":"max-video-preview:-1"},"og_locale":"en_US","og_type":"article","og_title":"Zentren weltweit - TEST - SMND","og_description":"Sahaja-Yoga-Meditations-Zentren weltweit Mit Hilfe der interaktiven Karte k\u00f6nnt ihr das n\u00e4chstgelegene Sahaja-Yoga-Meditations-Zentrum, Online-Meditations-Kurse und -Veranstaltungen ausfindig machen. Hinweis Diese Karte wird gerade erstellt und zeigt nur einen kleinen Teil der weltweiten Sahaja-Yoga-Zentren und -Kurse. Bitte nutzt die Zoom-Funktion, um weitere Treffpunkte sichtbar zu machen und ggf. zu kontaktieren. Die Liste wird regelm\u00e4\u00dfig aktualisiert. Schaut bitte&hellip; Read more","og_url":"https:\/\/shrimataji.org\/test\/de\/zentren-weltweit\/","og_site_name":"TEST - SMND","article_publisher":"https:\/\/www.facebook.com\/shrimataji","article_modified_time":"2024-04-27T01:15:20+00:00","og_image":[{"width":707,"height":700,"url":"https:\/\/shrimataji.org\/test\/wp-content\/uploads\/2018\/07\/fp11-e1588597806347.jpg","type":"image\/jpeg"}],"twitter_card":"summary_large_image","twitter_site":"@shrimataji","schema":{"@context":"https:\/\/schema.org","@graph":[{"@type":"WebPage","@id":"https:\/\/shrimataji.org\/test\/de\/zentren-weltweit\/","url":"https:\/\/shrimataji.org\/test\/de\/zentren-weltweit\/","name":"Zentren weltweit - TEST - SMND","isPartOf":{"@id":"https:\/\/shrimataji.org\/test\/#website"},"datePublished":"2023-03-19T08:48:11+00:00","dateModified":"2024-04-27T01:15:20+00:00","breadcrumb":{"@id":"https:\/\/shrimataji.org\/test\/de\/zentren-weltweit\/#breadcrumb"},"inLanguage":"en-US","potentialAction":[{"@type":"ReadAction","target":["https:\/\/shrimataji.org\/test\/de\/zentren-weltweit\/"]}]},{"@type":"BreadcrumbList","@id":"https:\/\/shrimataji.org\/test\/de\/zentren-weltweit\/#breadcrumb","itemListElement":[{"@type":"ListItem","position":1,"name":"Home","item":"https:\/\/shrimataji.org\/test\/uk\/home-en\/"},{"@type":"ListItem","position":2,"name":"Zentren weltweit"}]},{"@type":"WebSite","@id":"https:\/\/shrimataji.org\/test\/#website","url":"https:\/\/shrimataji.org\/test\/","name":"Shri Mataji Nirmala Devi","description":"A Life Dedicated to Humanity","publisher":{"@id":"https:\/\/shrimataji.org\/test\/#\/schema\/person\/a1b3419c6585f164aa96da1ff85715d1"},"potentialAction":[{"@type":"SearchAction","target":{"@type":"EntryPoint","urlTemplate":"https:\/\/shrimataji.org\/test\/?s={search_term_string}"},"query-input":{"@type":"PropertyValueSpecification","valueRequired":true,"valueName":"search_term_string"}}],"inLanguage":"en-US"},{"@type":["Person","Organization"],"@id":"https:\/\/shrimataji.org\/test\/#\/schema\/person\/a1b3419c6585f164aa96da1ff85715d1","name":"Nirmala Shrivastava","image":{"@type":"ImageObject","inLanguage":"en-US","@id":"https:\/\/shrimataji.org\/test\/wp-content\/uploads\/2023\/02\/SMO_LOGO-03.svg","url":"https:\/\/shrimataji.org\/test\/wp-content\/uploads\/2023\/02\/SMO_LOGO-03.svg","contentUrl":"https:\/\/shrimataji.org\/test\/wp-content\/uploads\/2023\/02\/SMO_LOGO-03.svg","width":"1024","height":"1024","caption":"Nirmala Shrivastava"},"logo":{"@id":"https:\/\/shrimataji.org\/test\/wp-content\/uploads\/2023\/02\/SMO_LOGO-03.svg"},"sameAs":["https:\/\/shrimataji.org\/test","https:\/\/www.facebook.com\/shrimataji","https:\/\/x.com\/shrimataji","https:\/\/www.youtube.com\/@Shri_Mataji_Nirmala_Devi\/featured"]}]}},"lang":"de","translations":{"de":10714,"ur":37594,"en":9887,"am":18111,"th":20113,"hu":19611,"ar":17007,"sq":18512,"zh":17409,"tr":10232,"pt":10439,"fr":10812,"it":10910,"ja":11304,"ru":11492,"bn":11684,"te":11792,"sw":11915,"he":12063,"el":12355,"sk":12453,"fa":12551,"fi":12649,"bg":13358,"ro":14432,"cs":14625,"nl":16671,"ku":16831,"be":18719,"kn":18993,"uk":20770,"ml":21065,"sv":23099,"gu":28934,"pa":29094,"fil":29548,"da":37843,"pl":38053,"nn":38395},"pll_sync_post":[],"_links":{"self":[{"href":"https:\/\/shrimataji.org\/test\/wp-json\/wp\/v2\/pages\/10714","targetHints":{"allow":["GET"]}}],"collection":[{"href":"https:\/\/shrimataji.org\/test\/wp-json\/wp\/v2\/pages"}],"about":[{"href":"https:\/\/shrimataji.org\/test\/wp-json\/wp\/v2\/types\/page"}],"author":[{"embeddable":true,"href":"https:\/\/shrimataji.org\/test\/wp-json\/wp\/v2\/users\/10"}],"replies":[{"embeddable":true,"href":"https:\/\/shrimataji.org\/test\/wp-json\/wp\/v2\/comments?post=10714"}],"version-history":[{"count":0,"href":"https:\/\/shrimataji.org\/test\/wp-json\/wp\/v2\/pages\/10714\/revisions"}],"wp:attachment":[{"href":"https:\/\/shrimataji.org\/test\/wp-json\/wp\/v2\/media?parent=10714"}],"curies":[{"name":"wp","href":"https:\/\/api.w.org\/{rel}","templated":true}]}}