{"id":10717,"date":"2018-07-10T06:54:46","date_gmt":"2018-07-10T06:54:46","guid":{"rendered":"http:\/\/testwordpress.nirmalnagari.org\/smnd\/index.php\/a-pivotal-moment\/"},"modified":"2026-01-12T10:45:52","modified_gmt":"2026-01-12T10:45:52","slug":"un-moment-cle","status":"publish","type":"page","link":"https:\/\/shrimataji.org\/test\/fr\/un-moment-cle\/","title":{"rendered":"Un moment cl\u00e9"},"content":{"rendered":"\n\n\t<h1>Un moment cl\u00e9<\/h1>\n<h2><b>Un moment \u00e9ternel de pure transformation<\/b><\/h2>\n\t<h4>Le 5 mai 1970, sur la c\u00f4te ouest de l&#8217;Inde, dans la ville c\u00f4ti\u00e8re de Nargol, \u00e0 proximit\u00e9 de Mumbai, s&#8217;est produit un \u00e9v\u00e9nement extr\u00eamement important et singulier: l&#8217;ouverture du Sahasrara, le centre \u00e9nerg\u00e9tique d&#8217;aire limbique.<\/h4>\n\t<p>On ne saurait trop insister sur l&#8217;importance de cet \u00e9v\u00e9nement.\u00a0Tout l&#8217;h\u00e9ritage spirituel de Shri Mataji qui a suivi, d\u00e9coule de cet \u00e9v\u00e9nement. Tout comme une d\u00e9couverte scientifique majeure ou une magnifique \u0153uvre artistique, cette perc\u00e9e sans pr\u00e9c\u00e9dent a eu des r\u00e9percutions, les ann\u00e9es suivantes, sur tous ceux qui sont entr\u00e9s en contact avec son travail et sa vision.<\/p>\n<p>La d\u00e9couverte de Shri Mataji a \u00e9t\u00e9 et reste unique car l&#8217;ouverture du Sahasrara constitue un moment de pure transformation. C&#8217;est une m\u00e9thode qui permet aux \u00eatres humains d&#8217;aller au-del\u00e0 de leurs limitations et de se connecter \u00e0 quelque chose de plus grand et de plus \u00e9lev\u00e9. Cet \u00e9v\u00e9nement et la prise de conscience de l&#8217;importance de celui-ci, ont r\u00e9pondu \u00e0 ce qu&#8217;elle attendait.<\/p>\n<p>&#8220;Je cherchais les moyens et les m\u00e9thodes d&#8217;y arriver&#8221;, disait-elle, &#8220;en l&#8217;exp\u00e9rimentant moi-m\u00eame selon mon propre style de m\u00e9ditation, dans le sens o\u00f9 je travaillerais sur toutes les permutations et combinaisons humaines. Quand je rencontrais une personne, je voyais quels probl\u00e8mes elle avait et comment elle pourrait les surmonter. J&#8217;essayais d&#8217;\u00e9tudier cette personne au niveau interne.&#8221;<\/p>\n\t\t\t\t<img decoding=\"async\" src=\"https:\/\/shrimataji.org\/test\/wp-content\/uploads\/2018\/07\/media_originals\/images\/shri-mataji-portraits\/mother-ocean.jpg\" alt=\"mother-ocean\" itemprop=\"image\" height=\"541\" width=\"721\" title=\"mother-ocean\" onerror=\"this.style.display='none'\" loading='lazy' \/>\n\t<p>Shri Mataji savait que la cl\u00e9 pour comprendre le dilemme humain se trouvait dans la connaissance ancestrale du corps subtil. Ce corps subtil, au-del\u00e0 du corps physique, est r\u00e9el. Il se compose de canaux, de centres d&#8217;\u00e9nergie et d&#8217;une source d&#8217;\u00e9nergie primaire appel\u00e9e Kundalini. Ses fonctions et sa structure r\u00e9fl\u00e9chissent au niveau subtil le syst\u00e8me nerveux physique connu par les scientifiques.<\/p>\n<p>&#8220;Je pouvais voir tout ce qui se passait&#8221; se souvenait-elle: &#8220;C&#8217;\u00e9tait le jour o\u00f9 je me suis dit qu&#8217;il me fallait ouvrir le dernier chakra, d&#8217;une fa\u00e7on ou d&#8217;une autre.&#8221;<\/p>\n<p>Ce chakra ou centre d&#8217;\u00e9nergie se nomme Sahasrara en sanscrit. Son si\u00e8ge se trouve dans la zone limbique du cerveau. L&#8217;ouverture de ce centre \u00e9nerg\u00e9tique \u00e9tait le d\u00e9clencheur qui mettrait tout en mouvement, une porte sur la v\u00e9rit\u00e9.<\/p>\n\t\t\t\t<img decoding=\"async\" src=\"https:\/\/shrimataji.org\/test\/wp-content\/uploads\/2018\/07\/media_originals\/images\/shri-mataji-portraits\/shri-mataji-looking.jpg\" alt=\"shri-mataji-looking\" itemprop=\"image\" height=\"541\" width=\"721\" title=\"shri-mataji-looking\" onerror=\"this.style.display='none'\" loading='lazy' \/>\n\t<p>&#8220;J&#8217;\u00e9tais seule et je me sentais tr\u00e8s bien. Il n&#8217;y avait personne autour de moi pour dire un mot. Et alors, en m\u00e9ditation, j&#8217;ai senti que le temps \u00e9tait venu d&#8217;ouvrir le Sahasrara. D\u00e8s que j&#8217;ai \u00e9prouv\u00e9 le d\u00e9sir d&#8217;ouvrir le Sahasrara, j&#8217;ai remarqu\u00e9 que la Kundalini s&#8217;est \u00e9lev\u00e9e en moi comme un t\u00e9lescope, ouvrant mes chakras les uns apr\u00e8s les autres, se dirigeant vers le haut. C&#8217;\u00e9tait comme la couleur rouge du m\u00e9tal en fusion.&#8221;<\/p>\n<p>&#8220;Puis j&#8217;ai vu la structure externe de la Kundalini qui continuait \u00e0 s&#8217;\u00e9lever en cr\u00e9ant des sons \u00e0 chaque chakra. Elle s&#8217;est \u00e9lev\u00e9e jusqu&#8217;\u00e0 percer le Brahmarandra.&#8221;<\/p>\n<p>Le Brahmarandra est la zone de l&#8217;os appel\u00e9 grande fontanelle au sommet du cr\u00e2ne. L&#8217;exp\u00e9rience d\u00e9crite par Shri Mataji \u00e9tait celle de la R\u00e9alisation du Soi, c&#8217;est-\u00e0-dire l&#8217;\u00e9panouissement de la connaissance et de la conscience, d\u00e9sir\u00e9 par tant de gens. Elle repr\u00e9sente ce que tant d&#8217;entre nous recherchent, la r\u00e9compense habituellement associ\u00e9e \u00e0 des ann\u00e9es de d\u00e9vouement et de travail<\/p>\n\t<p>&#8220;\u00c0 ce moment, j&#8217;ai ressenti que cette \u00e9nergie qui se trouvait l\u00e0, au-dessus de moi, p\u00e9n\u00e9trait en moi comme une brise fra\u00eeche venant de toutes les directions.\u00a0 J&#8217;ai vu tout cela ouvert et une pluie torrentielle de cette brise a commenc\u00e9 \u00e0 sortir de ma t\u00eate et \u00e0 se r\u00e9pandre partout. Je me suis sentie alors comme dissoute. Je n&#8217;existais plus. Seul existait ce flot de gr\u00e2ce. J&#8217;ai vu tout cela m&#8217;arriver.&#8221;<\/p>\n<p>Shri Mataji savait que cette exp\u00e9rience de la R\u00e9alisation du Soi, cette connaissance plus \u00e9lev\u00e9e, devait \u00eatre partag\u00e9e avec le monde entier.<\/p>\n<p>&#8220;C&#8217;est alors que j&#8217;ai r\u00e9alis\u00e9 qu&#8217;il n&#8217;y avait pas de mal \u00e0 commencer le travail. La confusion r\u00e9gnait partout. Finalement le temps \u00e9tait venu. Il n&#8217;y avait rien \u00e0 craindre. Ceci devait \u00eatre fait, en fin de compte. J&#8217;\u00e9tais venue en ce monde dans le seul but d&#8217;\u00e9veiller la conscience collective des \u00eatres humains. J&#8217;ai pens\u00e9 que si les gens ne recevaient pas leur R\u00e9alisation du Soi ou ne comprenaient pas leur propre Soi, cette t\u00e2che serait impossible. Toutes les autres choses qu&#8217;on pouvait tenter de faire dans ce monde, ne serviraient absolument \u00e0 rien.&#8221;<\/p>\n<p>Shri Mataji a d\u00e9crit comment son travail spirituel a d\u00e9but\u00e9: &#8220;J&#8217;y suis arriv\u00e9e avec une vieille dame qui me connaissait bien. Quand elle a re\u00e7u sa R\u00e9alisation, j&#8217;ai \u00e9t\u00e9 satisfaite. J&#8217;ai pens\u00e9 que beaucoup d&#8217;autres pourraient \u00e9galement obtenir leur R\u00e9alisation. Il \u00e9tait facile de donner la R\u00e9alisation \u00e0 une seule personne, de rendre une seule personne consciente, mais pour y arriver \u00e0 un niveau collectif, cela n\u00e9cessiterait plus de travail.&#8221;<\/p>\n<p>&#8220;Chacun devait recevoir le b\u00e9n\u00e9fice d&#8217;une R\u00e9alisation personnelle, mais il est vrai que ce genre de travail n&#8217;avait jamais \u00e9t\u00e9 fait auparavant \u00e0 un niveau collectif. J&#8217;avais obtenu tout cela par la m\u00e9ditation.&#8221;<\/p>\n<p>Son travail s&#8217;est poursuivi tranquillement, d&#8217;une fa\u00e7on discr\u00e8te, durant de nombreuses ann\u00e9es. &#8220;Personne n&#8217;a jamais su quels pouvoirs j&#8217;avais en moi. Personne ne me connaissait ni n&#8217;avait id\u00e9e de qui j&#8217;\u00e9tais&#8230;\u00e0 part mon p\u00e8re.&#8221; La plupart des gens n&#8217;\u00e9tait pas non plus pr\u00e9par\u00e9e \u00e0 entendre ce qu&#8217;elle avait \u00e0 dire. Son message \u00e9tait r\u00e9volutionnaire et audacieux.<\/p>\n\t\t\t\t<img decoding=\"async\" src=\"https:\/\/shrimataji.org\/test\/wp-content\/uploads\/2018\/07\/media_originals\/images\/shri-mataji-portraits\/shri-mataji-nirmala-devi-831x1080.jpg\" alt=\"shri-mataji-nirmala-devi\" itemprop=\"image\" height=\"1080\" width=\"831\" title=\"shri-mataji-nirmala-devi\" onerror=\"this.style.display='none'\" loading='lazy' \/>\n\t<p>&#8220;Mais quand la Kundalini s&#8217;est \u00e9veill\u00e9e chez cette vieille dame, j&#8217;ai senti qu&#8217;un genre de pouvoir subtil \u00e9tait entr\u00e9 en elle. Ensuite, douze autres personnes ont re\u00e7u leur R\u00e9alisation. Ils ont \u00e9t\u00e9 tr\u00e8s \u00e9tonn\u00e9s de voir leurs yeux se mettre \u00e0 briller. Ils ont commenc\u00e9 \u00e0 r\u00e9aliser et \u00e0 tout voir d&#8217;une fa\u00e7on claire, Ceci suite \u00e0 la puissance de cette sensibilit\u00e9 particuli\u00e8re qui les avait p\u00e9n\u00e9tr\u00e9s.&#8221;<\/p>\n\t\t\t\t<img decoding=\"async\" src=\"https:\/\/shrimataji.org\/test\/wp-content\/uploads\/2018\/07\/media_originals\/images\/shri-mataji-teaching-sahaja-yoga\/shri-mataji-nirmala-devi-teaching-sahaja-yoga-meditation-in-india.jpg\" alt=\"Shri Mataji opettaa Sahaja Yoga -meditaatiota Intiassa\" itemprop=\"image\" height=\"541\" width=\"721\" title=\"Shri Mataji opettaa Sahaja Yoga -meditaatiota Intiassa\" onerror=\"this.style.display='none'\" loading='lazy' \/>\n<p>Gr\u00e2ce \u00e0 la R\u00e9alisation du Soi, les gens ont connu leur propre Soi. Ils ont r\u00e9alis\u00e9 ce qu&#8217;ils ne savaient pas auparavant. Ils ont commenc\u00e9 \u00e0 se reconna\u00eetre chez l&#8217;autre. Avec cela, une v\u00e9ritable int\u00e9gration a d\u00e9but\u00e9.<\/p>\n<p>&nbsp;<\/p>\n<p>&#8220;J&#8217;ai r\u00e9alis\u00e9 une chose certaine, c&#8217;est que ces douze personnes poss\u00e9daient douze natures diff\u00e9rentes. D&#8217;une fa\u00e7on ou d&#8217;une autre, en m&#8217;asseyant parmi elles, il fallait que je leur explique comment int\u00e9grer le pouvoir de lumi\u00e8re que poss\u00e8de l&#8217;Esprit&#8230; C&#8217;est comme pour enfiler des fleurs avec une aiguille pour en faire une guirlande unique&#8230; Quand ces gens ont re\u00e7u leur R\u00e9alisation, j&#8217;ai alors remarqu\u00e9 qu&#8217;en eux, qu&#8217;en chacun d&#8217;entre eux, ils s&#8217;int\u00e9graient comme sur un seul fil, l&#8217;un apr\u00e8s l&#8217;autre.&#8221;<\/p>\n\t<div class=\"su-quote su-quote-style-default\"><div class=\"su-quote-inner su-u-clearfix su-u-trim\">J&#8217;ai commenc\u00e9 avec une dame, puis peu \u00e0 peu, beaucoup d&#8217;autres personnes ont commenc\u00e9 \u00e0 obtenir la R\u00e9alisation. Graduellement le travail s&#8217;est am\u00e9lior\u00e9 et les gens ont trouv\u00e9 que c&#8217;\u00e9tait bien l\u00e0 la fa\u00e7on de se transformer soi-m\u00eame. Ils ont compris que Sahaja Yoga est quelque chose de tr\u00e8s important.<\/div><\/div>\n\t\t<iframe loading=\"lazy\" title=\"First Awakenings And Self Realization\" width=\"1920\" height=\"1080\" src=\"https:\/\/www.youtube.com\/embed\/EM8Bip5ObJo?feature=oembed\" frameborder=\"0\" allow=\"accelerometer; autoplay; clipboard-write; encrypted-media; gyroscope; picture-in-picture; web-share\" allowfullscreen><\/iframe>\t\n\t\t<iframe loading=\"lazy\" title=\"A Meeting That Gave Understanding\" width=\"1920\" height=\"1080\" src=\"https:\/\/www.youtube.com\/embed\/yKot6Plxn7Y?feature=oembed\" frameborder=\"0\" allow=\"accelerometer; autoplay; clipboard-write; encrypted-media; gyroscope; picture-in-picture; web-share\" allowfullscreen><\/iframe>\t\n\t\t<iframe loading=\"lazy\" title=\"Many Are Still Seeking The Truth\" width=\"1920\" height=\"1080\" src=\"https:\/\/www.youtube.com\/embed\/-KffEGsqep8?feature=oembed\" frameborder=\"0\" allow=\"accelerometer; autoplay; clipboard-write; encrypted-media; gyroscope; picture-in-picture; web-share\" allowfullscreen><\/iframe>\t\n\n","protected":false},"excerpt":{"rendered":"<p>Un moment cl\u00e9 Un moment \u00e9ternel de pure transformation Le 5 mai 1970, sur la c\u00f4te ouest de l&#8217;Inde, dans la ville c\u00f4ti\u00e8re de Nargol, \u00e0 proximit\u00e9 de Mumbai, s&#8217;est produit un \u00e9v\u00e9nement extr\u00eamement important et singulier: l&#8217;ouverture du Sahasrara, le centre \u00e9nerg\u00e9tique d&#8217;aire limbique. On ne saurait trop insister sur l&#8217;importance de cet \u00e9v\u00e9nement.\u00a0Tout&hellip; <br \/> <a class=\"read-more\" href=\"https:\/\/shrimataji.org\/test\/fr\/un-moment-cle\/\">Read more<\/a><\/p>\n","protected":false},"author":7,"featured_media":9516,"parent":0,"menu_order":0,"comment_status":"closed","ping_status":"closed","template":"","meta":{"inline_featured_image":false,"footnotes":""},"class_list":["post-10717","page","type-page","status-publish","has-post-thumbnail","hentry"],"yoast_head":"<!-- This site is optimized with the Yoast SEO plugin v27.4 - https:\/\/yoast.com\/product\/yoast-seo-wordpress\/ -->\n<title>Un moment cl\u00e9 - TEST - SMND<\/title>\n<meta name=\"robots\" content=\"noindex, follow, max-snippet:-1, max-image-preview:large, max-video-preview:-1\" \/>\n<meta property=\"og:locale\" content=\"en_US\" \/>\n<meta property=\"og:type\" content=\"article\" \/>\n<meta property=\"og:title\" content=\"Un moment cl\u00e9 - TEST - SMND\" \/>\n<meta property=\"og:description\" content=\"Un moment cl\u00e9 Un moment \u00e9ternel de pure transformation Le 5 mai 1970, sur la c\u00f4te ouest de l&#8217;Inde, dans la ville c\u00f4ti\u00e8re de Nargol, \u00e0 proximit\u00e9 de Mumbai, s&#8217;est produit un \u00e9v\u00e9nement extr\u00eamement important et singulier: l&#8217;ouverture du Sahasrara, le centre \u00e9nerg\u00e9tique d&#8217;aire limbique. On ne saurait trop insister sur l&#8217;importance de cet \u00e9v\u00e9nement.\u00a0Tout&hellip; Read more\" \/>\n<meta property=\"og:url\" content=\"https:\/\/shrimataji.org\/test\/fr\/un-moment-cle\/\" \/>\n<meta property=\"og:site_name\" content=\"TEST - SMND\" \/>\n<meta property=\"article:publisher\" content=\"https:\/\/www.facebook.com\/shrimataji\" \/>\n<meta property=\"article:modified_time\" content=\"2026-01-12T10:45:52+00:00\" \/>\n<meta property=\"og:image\" content=\"https:\/\/shrimataji.org\/test\/wp-content\/uploads\/2023\/03\/11_Banner-PublicLife-PivotalMoment-scaled.jpg\" \/>\n\t<meta property=\"og:image:width\" content=\"2560\" \/>\n\t<meta property=\"og:image:height\" content=\"905\" \/>\n\t<meta property=\"og:image:type\" content=\"image\/jpeg\" \/>\n<meta name=\"twitter:card\" content=\"summary_large_image\" \/>\n<meta name=\"twitter:site\" content=\"@shrimataji\" \/>\n<script type=\"application\/ld+json\" class=\"yoast-schema-graph\">{\"@context\":\"https:\\\/\\\/schema.org\",\"@graph\":[{\"@type\":\"WebPage\",\"@id\":\"https:\\\/\\\/shrimataji.org\\\/test\\\/fr\\\/un-moment-cle\\\/\",\"url\":\"https:\\\/\\\/shrimataji.org\\\/test\\\/fr\\\/un-moment-cle\\\/\",\"name\":\"Un moment cl\u00e9 - TEST - SMND\",\"isPartOf\":{\"@id\":\"https:\\\/\\\/shrimataji.org\\\/test\\\/#website\"},\"primaryImageOfPage\":{\"@id\":\"https:\\\/\\\/shrimataji.org\\\/test\\\/fr\\\/un-moment-cle\\\/#primaryimage\"},\"image\":{\"@id\":\"https:\\\/\\\/shrimataji.org\\\/test\\\/fr\\\/un-moment-cle\\\/#primaryimage\"},\"thumbnailUrl\":\"https:\\\/\\\/shrimataji.org\\\/test\\\/wp-content\\\/uploads\\\/2023\\\/03\\\/11_Banner-PublicLife-PivotalMoment-scaled.jpg\",\"datePublished\":\"2018-07-10T06:54:46+00:00\",\"dateModified\":\"2026-01-12T10:45:52+00:00\",\"breadcrumb\":{\"@id\":\"https:\\\/\\\/shrimataji.org\\\/test\\\/fr\\\/un-moment-cle\\\/#breadcrumb\"},\"inLanguage\":\"en-US\",\"potentialAction\":[{\"@type\":\"ReadAction\",\"target\":[\"https:\\\/\\\/shrimataji.org\\\/test\\\/fr\\\/un-moment-cle\\\/\"]}]},{\"@type\":\"ImageObject\",\"inLanguage\":\"en-US\",\"@id\":\"https:\\\/\\\/shrimataji.org\\\/test\\\/fr\\\/un-moment-cle\\\/#primaryimage\",\"url\":\"https:\\\/\\\/shrimataji.org\\\/test\\\/wp-content\\\/uploads\\\/2023\\\/03\\\/11_Banner-PublicLife-PivotalMoment-scaled.jpg\",\"contentUrl\":\"https:\\\/\\\/shrimataji.org\\\/test\\\/wp-content\\\/uploads\\\/2023\\\/03\\\/11_Banner-PublicLife-PivotalMoment-scaled.jpg\",\"width\":2560,\"height\":905},{\"@type\":\"BreadcrumbList\",\"@id\":\"https:\\\/\\\/shrimataji.org\\\/test\\\/fr\\\/un-moment-cle\\\/#breadcrumb\",\"itemListElement\":[{\"@type\":\"ListItem\",\"position\":1,\"name\":\"Home\",\"item\":\"https:\\\/\\\/shrimataji.org\\\/test\\\/uk\\\/home-en\\\/\"},{\"@type\":\"ListItem\",\"position\":2,\"name\":\"Un moment cl\u00e9\"}]},{\"@type\":\"WebSite\",\"@id\":\"https:\\\/\\\/shrimataji.org\\\/test\\\/#website\",\"url\":\"https:\\\/\\\/shrimataji.org\\\/test\\\/\",\"name\":\"Shri Mataji Nirmala Devi\",\"description\":\"A Life Dedicated to Humanity\",\"publisher\":{\"@id\":\"https:\\\/\\\/shrimataji.org\\\/test\\\/#\\\/schema\\\/person\\\/a1b3419c6585f164aa96da1ff85715d1\"},\"potentialAction\":[{\"@type\":\"SearchAction\",\"target\":{\"@type\":\"EntryPoint\",\"urlTemplate\":\"https:\\\/\\\/shrimataji.org\\\/test\\\/?s={search_term_string}\"},\"query-input\":{\"@type\":\"PropertyValueSpecification\",\"valueRequired\":true,\"valueName\":\"search_term_string\"}}],\"inLanguage\":\"en-US\"},{\"@type\":[\"Person\",\"Organization\"],\"@id\":\"https:\\\/\\\/shrimataji.org\\\/test\\\/#\\\/schema\\\/person\\\/a1b3419c6585f164aa96da1ff85715d1\",\"name\":\"Nirmala Shrivastava\",\"image\":{\"@type\":\"ImageObject\",\"inLanguage\":\"en-US\",\"@id\":\"https:\\\/\\\/shrimataji.org\\\/test\\\/wp-content\\\/uploads\\\/2023\\\/02\\\/SMO_LOGO-03.svg\",\"url\":\"https:\\\/\\\/shrimataji.org\\\/test\\\/wp-content\\\/uploads\\\/2023\\\/02\\\/SMO_LOGO-03.svg\",\"contentUrl\":\"https:\\\/\\\/shrimataji.org\\\/test\\\/wp-content\\\/uploads\\\/2023\\\/02\\\/SMO_LOGO-03.svg\",\"width\":\"1024\",\"height\":\"1024\",\"caption\":\"Nirmala Shrivastava\"},\"logo\":{\"@id\":\"https:\\\/\\\/shrimataji.org\\\/test\\\/wp-content\\\/uploads\\\/2023\\\/02\\\/SMO_LOGO-03.svg\"},\"sameAs\":[\"https:\\\/\\\/shrimataji.org\\\/test\",\"https:\\\/\\\/www.facebook.com\\\/shrimataji\",\"https:\\\/\\\/x.com\\\/shrimataji\",\"https:\\\/\\\/www.youtube.com\\\/@Shri_Mataji_Nirmala_Devi\\\/featured\"]}]}<\/script>\n<!-- \/ Yoast SEO plugin. -->","yoast_head_json":{"title":"Un moment cl\u00e9 - TEST - SMND","robots":{"index":"noindex","follow":"follow","max-snippet":"max-snippet:-1","max-image-preview":"max-image-preview:large","max-video-preview":"max-video-preview:-1"},"og_locale":"en_US","og_type":"article","og_title":"Un moment cl\u00e9 - TEST - SMND","og_description":"Un moment cl\u00e9 Un moment \u00e9ternel de pure transformation Le 5 mai 1970, sur la c\u00f4te ouest de l&#8217;Inde, dans la ville c\u00f4ti\u00e8re de Nargol, \u00e0 proximit\u00e9 de Mumbai, s&#8217;est produit un \u00e9v\u00e9nement extr\u00eamement important et singulier: l&#8217;ouverture du Sahasrara, le centre \u00e9nerg\u00e9tique d&#8217;aire limbique. On ne saurait trop insister sur l&#8217;importance de cet \u00e9v\u00e9nement.\u00a0Tout&hellip; Read more","og_url":"https:\/\/shrimataji.org\/test\/fr\/un-moment-cle\/","og_site_name":"TEST - SMND","article_publisher":"https:\/\/www.facebook.com\/shrimataji","article_modified_time":"2026-01-12T10:45:52+00:00","og_image":[{"width":2560,"height":905,"url":"https:\/\/shrimataji.org\/test\/wp-content\/uploads\/2023\/03\/11_Banner-PublicLife-PivotalMoment-scaled.jpg","type":"image\/jpeg"}],"twitter_card":"summary_large_image","twitter_site":"@shrimataji","schema":{"@context":"https:\/\/schema.org","@graph":[{"@type":"WebPage","@id":"https:\/\/shrimataji.org\/test\/fr\/un-moment-cle\/","url":"https:\/\/shrimataji.org\/test\/fr\/un-moment-cle\/","name":"Un moment cl\u00e9 - TEST - SMND","isPartOf":{"@id":"https:\/\/shrimataji.org\/test\/#website"},"primaryImageOfPage":{"@id":"https:\/\/shrimataji.org\/test\/fr\/un-moment-cle\/#primaryimage"},"image":{"@id":"https:\/\/shrimataji.org\/test\/fr\/un-moment-cle\/#primaryimage"},"thumbnailUrl":"https:\/\/shrimataji.org\/test\/wp-content\/uploads\/2023\/03\/11_Banner-PublicLife-PivotalMoment-scaled.jpg","datePublished":"2018-07-10T06:54:46+00:00","dateModified":"2026-01-12T10:45:52+00:00","breadcrumb":{"@id":"https:\/\/shrimataji.org\/test\/fr\/un-moment-cle\/#breadcrumb"},"inLanguage":"en-US","potentialAction":[{"@type":"ReadAction","target":["https:\/\/shrimataji.org\/test\/fr\/un-moment-cle\/"]}]},{"@type":"ImageObject","inLanguage":"en-US","@id":"https:\/\/shrimataji.org\/test\/fr\/un-moment-cle\/#primaryimage","url":"https:\/\/shrimataji.org\/test\/wp-content\/uploads\/2023\/03\/11_Banner-PublicLife-PivotalMoment-scaled.jpg","contentUrl":"https:\/\/shrimataji.org\/test\/wp-content\/uploads\/2023\/03\/11_Banner-PublicLife-PivotalMoment-scaled.jpg","width":2560,"height":905},{"@type":"BreadcrumbList","@id":"https:\/\/shrimataji.org\/test\/fr\/un-moment-cle\/#breadcrumb","itemListElement":[{"@type":"ListItem","position":1,"name":"Home","item":"https:\/\/shrimataji.org\/test\/uk\/home-en\/"},{"@type":"ListItem","position":2,"name":"Un moment cl\u00e9"}]},{"@type":"WebSite","@id":"https:\/\/shrimataji.org\/test\/#website","url":"https:\/\/shrimataji.org\/test\/","name":"Shri Mataji Nirmala Devi","description":"A Life Dedicated to Humanity","publisher":{"@id":"https:\/\/shrimataji.org\/test\/#\/schema\/person\/a1b3419c6585f164aa96da1ff85715d1"},"potentialAction":[{"@type":"SearchAction","target":{"@type":"EntryPoint","urlTemplate":"https:\/\/shrimataji.org\/test\/?s={search_term_string}"},"query-input":{"@type":"PropertyValueSpecification","valueRequired":true,"valueName":"search_term_string"}}],"inLanguage":"en-US"},{"@type":["Person","Organization"],"@id":"https:\/\/shrimataji.org\/test\/#\/schema\/person\/a1b3419c6585f164aa96da1ff85715d1","name":"Nirmala Shrivastava","image":{"@type":"ImageObject","inLanguage":"en-US","@id":"https:\/\/shrimataji.org\/test\/wp-content\/uploads\/2023\/02\/SMO_LOGO-03.svg","url":"https:\/\/shrimataji.org\/test\/wp-content\/uploads\/2023\/02\/SMO_LOGO-03.svg","contentUrl":"https:\/\/shrimataji.org\/test\/wp-content\/uploads\/2023\/02\/SMO_LOGO-03.svg","width":"1024","height":"1024","caption":"Nirmala Shrivastava"},"logo":{"@id":"https:\/\/shrimataji.org\/test\/wp-content\/uploads\/2023\/02\/SMO_LOGO-03.svg"},"sameAs":["https:\/\/shrimataji.org\/test","https:\/\/www.facebook.com\/shrimataji","https:\/\/x.com\/shrimataji","https:\/\/www.youtube.com\/@Shri_Mataji_Nirmala_Devi\/featured"]}]}},"lang":"fr","translations":{"fr":10717,"ur":37383,"en":12554,"am":17954,"th":19876,"hu":19429,"sq":18355,"zh":17252,"hi":7332,"tr":10129,"pt":10346,"de":10619,"it":10815,"es":10913,"ja":11210,"ru":11398,"bn":11590,"te":11698,"sw":11821,"he":11969,"el":12260,"sk":12358,"fa":12456,"bg":13459,"ro":14531,"cs":14724,"nl":16515,"ku":16675,"ar":16851,"be":18562,"kn":18836,"mr":20240,"uk":20532,"ml":20831,"ta":22670,"sv":22943,"gu":28791,"pa":28949,"fil":29389,"da":37697,"pl":37916,"nn":38249},"pll_sync_post":[],"_links":{"self":[{"href":"https:\/\/shrimataji.org\/test\/wp-json\/wp\/v2\/pages\/10717","targetHints":{"allow":["GET"]}}],"collection":[{"href":"https:\/\/shrimataji.org\/test\/wp-json\/wp\/v2\/pages"}],"about":[{"href":"https:\/\/shrimataji.org\/test\/wp-json\/wp\/v2\/types\/page"}],"author":[{"embeddable":true,"href":"https:\/\/shrimataji.org\/test\/wp-json\/wp\/v2\/users\/7"}],"replies":[{"embeddable":true,"href":"https:\/\/shrimataji.org\/test\/wp-json\/wp\/v2\/comments?post=10717"}],"version-history":[{"count":0,"href":"https:\/\/shrimataji.org\/test\/wp-json\/wp\/v2\/pages\/10717\/revisions"}],"wp:featuredmedia":[{"embeddable":true,"href":"https:\/\/shrimataji.org\/test\/wp-json\/wp\/v2\/media\/9516"}],"wp:attachment":[{"href":"https:\/\/shrimataji.org\/test\/wp-json\/wp\/v2\/media?parent=10717"}],"curies":[{"name":"wp","href":"https:\/\/api.w.org\/{rel}","templated":true}]}}