{"id":10718,"date":"2011-12-05T02:00:00","date_gmt":"2011-12-05T02:00:00","guid":{"rendered":"http:\/\/testwordpress.nirmalnagari.org\/smnd\/index.php\/a-town-hall-for-the-world\/"},"modified":"2026-01-11T18:41:47","modified_gmt":"2026-01-11T18:41:47","slug":"un-centre-de-conferences","status":"publish","type":"page","link":"https:\/\/shrimataji.org\/test\/fr\/un-centre-de-conferences\/","title":{"rendered":"Un centre de conf\u00e9rences"},"content":{"rendered":"\n\n\t<h1>Un centre de conf\u00e9rences pour le monde<\/h1>\n<h2>O\u00f9 les c\u0153urs se rencontrent<\/h2>\n\n\t\t\t\t<img decoding=\"async\" src=\"https:\/\/shrimataji.org\/test\/wp-content\/uploads\/2026\/01\/Fr_caxton-hall-london-uk.jpg\" alt=\"Caxton Hall \u00e0 Londres\" itemprop=\"image\" height=\"2000\" width=\"1500\" title=\"Fr_caxton-hall-london-uk\" onerror=\"this.style.display='none'\" loading=\"lazy\" \/>\n\t\tCaxton Hall \u00e0 Londres\n\t<p>Caxton Hall se trouve dans le quartier de Westminster, au centre de Londres. Construit au milieu du XIXe si\u00e8cle, il a \u00e9t\u00e9 baptis\u00e9 en l&#8217;honneur de William Caxton, l&#8217;inventeur de l&#8217;imprimerie, une invention qui a r\u00e9volutionn\u00e9 l&#8217;acc\u00e8s au savoir. Il poss\u00e8de une longue histoire en tant que lieu d&#8217;\u00e9change et d&#8217;exploration d&#8217;id\u00e9es nouvelles et audacieuses.<\/p>\n<p>Durant un certain temps, cela a \u00e9t\u00e9 un \u00e9difice gouvernemental, une mairie, mais il a eu un r\u00f4le double au fil des ann\u00e9es. Il y a eu tout aussi bien des c\u00e9r\u00e9monies civiles et des mariages de c\u00e9l\u00e9brit\u00e9s, que des rassemblements politiques. En bref, c&#8217;est un lieu pratique, un instrument crucial pour la communication au niveau mondial.<\/p>\n<p>C&#8217;est \u00e0 Caxton Hall que beaucoup de grandes id\u00e9es et de mouvements du XXe si\u00e8cle sont entr\u00e9s dans l&#8217;ar\u00e8ne. Les voix des femmes qui votent, la sinc\u00e9rit\u00e9 du socialisme et la premi\u00e8re conf\u00e9rence panafricaine sur les cons\u00e9quences de l&#8217;esclavage ont r\u00e9sonn\u00e9 dans ses murs, \u00e9branlant ses fen\u00eatres victoriennes.<\/p>\n\t<p>Il est int\u00e9ressant de voir qu&#8217;entre 1977 et 1983, Shri Mataji a prononc\u00e9 une centaine de discours \u00e0 Caxton Hall. Cela a marqu\u00e9 un changement indubitable dans son message: elle est entr\u00e9e dans le domaine public. Ses paroles ont \u00e9t\u00e9 pour tout le monde, l&#8217;invitation a \u00e9t\u00e9 lanc\u00e9e, l&#8217;entr\u00e9e gratuite.<\/p>\n\t<p>M\u00eame Rabindranath Tagore, le grand po\u00e8te bengali, prix Nobel de litt\u00e9rature, s&#8217;est exprim\u00e9 \u00e0 Caxton Hall en cet \u00e9t\u00e9 de 1913. Ses conf\u00e9rences portaient le titre de &#8216;La Relation entre l&#8217;Individu et l&#8217;Univers&#8217;, &#8216;La Conscience de l&#8217;\u00c2me&#8217;, &#8216;La R\u00e9alisation de l&#8217;Amour&#8217; et &#8216;Le probl\u00e8me du Soi&#8217;.\u00a0 Ces discours \u00e9taient les pr\u00e9curseurs des futures conf\u00e9rences de Shri Mataji Nirmala Devi dans ce m\u00eame Hall, 70 ans plus tard. Comme son pr\u00e9d\u00e9cesseur, elle souhaitait partager un savoir ancestral oriental avec un public occidental et l&#8217;emmener dans un voyage \u00e0 la d\u00e9couverte de lui-m\u00eame.<\/p>\n<h5>&#8220;En nous existe ce lieu o\u00f9 l&#8217;espace et le temps cessent de commander et o\u00f9 les liens de l&#8217;\u00e9volution fusionnent.&#8221;<\/h5>\n<h5>Rabindranath Tagore<\/h5>\n\t\t\t\t<img decoding=\"async\" src=\"https:\/\/shrimataji.org\/test\/wp-content\/uploads\/2026\/01\/Fr_ravindranath-tagore-c1915.jpg\" alt=\"Rabindranath Tagore\" itemprop=\"image\" height=\"532\" width=\"395\" title=\"Fr_ravindranath-tagore-c1915\" onerror=\"this.style.display='none'\" loading=\"lazy\" \/>\n\t\tRabindranath Tagore\n\t<p>Cependant, pour Shri Mataji, le but des conf\u00e9rences n&#8217;\u00e9tait pas seulement d&#8217;explorer une id\u00e9e nouvelle, mais de la concr\u00e9tiser. Ses conf\u00e9rences avaient toujours un petit plus :\u00a0 elle offrait toujours aux participants l&#8217;exp\u00e9rience de la R\u00e9alisation du Soi. En les guidant dans le calme d&#8217;une m\u00e9ditation profonde, elle donnait \u00e0 l&#8217;auditoire l&#8217;occasion de ressentir sa propre profondeur. Avec Shri Mataji, la &#8216;R\u00e9alisation de Brahma&#8217; de Tagore \u00e9tait devenue la &#8216;R\u00e9alisation du v\u00e9ritable Soi&#8217;.<\/p>\n\t<p>Une fois encore, un mouvement r\u00e9volutionnaire avait \u00e9t\u00e9 lanc\u00e9 depuis les marches du Caxton Hall. Une \u00e9tape fondamentale dans la capacit\u00e9 de l&#8217;homme \u00e0 s&#8217;\u00e9lever spirituellement avait \u00e9t\u00e9 franchie et beaucoup ressentirent un profond changement en eux-m\u00eames et une transformation de leur vision du monde.<\/p>\n\t<p><img loading=\"lazy\" decoding=\"async\" src=\"https:\/\/shrimataji.org\/test\/wp-content\/uploads\/2018\/07\/media_originals\/images\/shri-mataji-with-people\/shri-mataji-nirmala-devi-clearing-technique-in-england-1024x672.jpg\" alt=\"\" width=\"1024\" height=\"672\" \/><\/p>\n\t<p>Pendant une p\u00e9riode de 6 ans, Shri Mataji Nirmala Devi a parl\u00e9 \u00e0 des foules diverses dans ce lieu historique. Elle a parl\u00e9 de la vie, de l&#8217;actualit\u00e9, des valeurs, de la moralit\u00e9 et de l&#8217;amour. Mais le sens cach\u00e9 de ses paroles a toujours \u00e9t\u00e9 tourn\u00e9 vers l&#8217;Esprit. Elle a pos\u00e9 de grandes questions : \u00ab Pourquoi sommes-nous ici ? Quel est le but de notre vie ? Pourquoi Dieu nous a-t-il cr\u00e9\u00e9s ? \u00bb Et la conclusion de chaque soir\u00e9e a \u00e9t\u00e9 une exp\u00e9rience, qui r\u00e9pond naturellement \u00e0 ces interrogations. Apr\u00e8s avoir \u00e9cout\u00e9 et pos\u00e9 des questions, le public a \u00e9t\u00e9 invit\u00e9 \u00e0 se connecter \u00e0 son Esprit, \u00e0 s&#8217;identifier avec son v\u00e9ritable Soi.<\/p>\n<p>C&#8217;est ainsi que le minist\u00e8re public de Shri Mataji en Occident a v\u00e9ritablement commenc\u00e9. Ici, \u00e0 Caxton Hall, tout le monde \u00e9tait le bienvenu, et ce qui avait le plus de valeur \u00e9tait donn\u00e9 gratuitement. Beaucoup de ceux qui ont re\u00e7u leur r\u00e9alisation du soi sont rest\u00e9s \u00e0 ses c\u00f4t\u00e9s et l&#8217;ont soutenue dans ses efforts pour atteindre le plus grand nombre possible de personnes en qu\u00eate de v\u00e9rit\u00e9.<\/p>\n\t<p>Comme l&#8217;a dit Shri Mataji en 1980: &#8220;Il y a une recherche et beaucoup de boutiques ont \u00e9t\u00e9 ouvertes, ce n&#8217;est pas une boutique, c&#8217;est un temple et un temple dans ce march\u00e9 n&#8217;a que tr\u00e8s peu de valeur. S&#8217;il vous fallait escalader sept montagnes pour acc\u00e9der \u00e0 ce temple, vous lui donneriez plus de valeur. Mais seulement quelques-uns y arriveraient vivants. Alors, le temple a d\u00fb venir \u00e0 Londres, \u00e0 Caxton Hall, pour parler aux gens.&#8221;<\/p>\nShri Mataji a accueilli tout le monde avec son don de la R\u00e9alisation du Soi.<br \/>\nSelon les mots de Tagore, &#8220;C&#8217;est le r\u00f4le sup\u00e9rieur de l&#8217;amour d&#8217;accueillir toutes les limites et de les transcender.&#8221; Et l&#8217;amour et le don d&#8217;amour de Shri Mataji transcendent tous les obstacles pour \u00e9clairer le c\u0153ur et le monde.<br \/>\n<div class=\"su-quote su-quote-style-default\"><div class=\"su-quote-inner su-u-clearfix su-u-trim\">La v\u00e9rit\u00e9 est ce qu&#8217;elle est. Nous ne pouvons pas la changer. Nous ne pouvons pas la transformer. Nous ne pouvons pas la conceptualiser. <\/div><\/div>\n<p>&nbsp;<\/p>\n\t\t\t\t<img decoding=\"async\" src=\"https:\/\/shrimataji.org\/test\/wp-content\/uploads\/2026\/01\/Fr_shri-mataji-nirmala-devi-bath-england-1977.jpg\" alt=\"Shri Mataji \u00e0 Bath en Angleterre, 1977\" itemprop=\"image\" height=\"1259\" width=\"933\" title=\"Fr_shri-mataji-nirmala-devi-bath-england-1977\" onerror=\"this.style.display='none'\" loading=\"lazy\" \/>\n\t\tShri Mataji \u00e0 Bath en Angleterre, 1977\n\n","protected":false},"excerpt":{"rendered":"<p>Un centre de conf\u00e9rences pour le monde O\u00f9 les c\u0153urs se rencontrent Caxton Hall \u00e0 Londres Caxton Hall se trouve dans le quartier de Westminster, au centre de Londres. Construit au milieu du XIXe si\u00e8cle, il a \u00e9t\u00e9 baptis\u00e9 en l&#8217;honneur de William Caxton, l&#8217;inventeur de l&#8217;imprimerie, une invention qui a r\u00e9volutionn\u00e9 l&#8217;acc\u00e8s au savoir.&hellip; <br \/> <a class=\"read-more\" href=\"https:\/\/shrimataji.org\/test\/fr\/un-centre-de-conferences\/\">Read more<\/a><\/p>\n","protected":false},"author":7,"featured_media":9505,"parent":0,"menu_order":0,"comment_status":"closed","ping_status":"closed","template":"","meta":{"inline_featured_image":false,"footnotes":"","advanced-sidebar-menu\/link-title":"","advanced-sidebar-menu\/exclude-page":false},"class_list":["post-10718","page","type-page","status-publish","has-post-thumbnail","hentry"],"yoast_head":"<!-- This site is optimized with the Yoast SEO plugin v27.4 - https:\/\/yoast.com\/product\/yoast-seo-wordpress\/ -->\n<title>Un centre de conf\u00e9rences - TEST - SMND<\/title>\n<meta name=\"robots\" content=\"noindex, follow, max-snippet:-1, max-image-preview:large, max-video-preview:-1\" \/>\n<meta property=\"og:locale\" content=\"en_US\" \/>\n<meta property=\"og:type\" content=\"article\" \/>\n<meta property=\"og:title\" content=\"Un centre de conf\u00e9rences - TEST - SMND\" \/>\n<meta property=\"og:description\" content=\"Un centre de conf\u00e9rences pour le monde O\u00f9 les c\u0153urs se rencontrent Caxton Hall \u00e0 Londres Caxton Hall se trouve dans le quartier de Westminster, au centre de Londres. Construit au milieu du XIXe si\u00e8cle, il a \u00e9t\u00e9 baptis\u00e9 en l&#8217;honneur de William Caxton, l&#8217;inventeur de l&#8217;imprimerie, une invention qui a r\u00e9volutionn\u00e9 l&#8217;acc\u00e8s au savoir.&hellip; Read more\" \/>\n<meta property=\"og:url\" content=\"https:\/\/shrimataji.org\/test\/fr\/un-centre-de-conferences\/\" \/>\n<meta property=\"og:site_name\" content=\"TEST - SMND\" \/>\n<meta property=\"article:publisher\" content=\"https:\/\/www.facebook.com\/shrimataji\" \/>\n<meta property=\"article:modified_time\" content=\"2026-01-11T18:41:47+00:00\" \/>\n<meta property=\"og:image\" content=\"https:\/\/shrimataji.org\/test\/wp-content\/uploads\/2023\/03\/12_Banner-PublicLife-Hall-scaled.jpg\" \/>\n\t<meta property=\"og:image:width\" content=\"2560\" \/>\n\t<meta property=\"og:image:height\" content=\"905\" \/>\n\t<meta property=\"og:image:type\" content=\"image\/jpeg\" \/>\n<meta name=\"twitter:card\" content=\"summary_large_image\" \/>\n<meta name=\"twitter:site\" content=\"@shrimataji\" \/>\n<script type=\"application\/ld+json\" class=\"yoast-schema-graph\">{\"@context\":\"https:\\\/\\\/schema.org\",\"@graph\":[{\"@type\":\"WebPage\",\"@id\":\"https:\\\/\\\/shrimataji.org\\\/test\\\/fr\\\/un-centre-de-conferences\\\/\",\"url\":\"https:\\\/\\\/shrimataji.org\\\/test\\\/fr\\\/un-centre-de-conferences\\\/\",\"name\":\"Un centre de conf\u00e9rences - TEST - SMND\",\"isPartOf\":{\"@id\":\"https:\\\/\\\/shrimataji.org\\\/test\\\/#website\"},\"primaryImageOfPage\":{\"@id\":\"https:\\\/\\\/shrimataji.org\\\/test\\\/fr\\\/un-centre-de-conferences\\\/#primaryimage\"},\"image\":{\"@id\":\"https:\\\/\\\/shrimataji.org\\\/test\\\/fr\\\/un-centre-de-conferences\\\/#primaryimage\"},\"thumbnailUrl\":\"https:\\\/\\\/shrimataji.org\\\/test\\\/wp-content\\\/uploads\\\/2023\\\/03\\\/12_Banner-PublicLife-Hall-scaled.jpg\",\"datePublished\":\"2011-12-05T02:00:00+00:00\",\"dateModified\":\"2026-01-11T18:41:47+00:00\",\"breadcrumb\":{\"@id\":\"https:\\\/\\\/shrimataji.org\\\/test\\\/fr\\\/un-centre-de-conferences\\\/#breadcrumb\"},\"inLanguage\":\"en-US\",\"potentialAction\":[{\"@type\":\"ReadAction\",\"target\":[\"https:\\\/\\\/shrimataji.org\\\/test\\\/fr\\\/un-centre-de-conferences\\\/\"]}]},{\"@type\":\"ImageObject\",\"inLanguage\":\"en-US\",\"@id\":\"https:\\\/\\\/shrimataji.org\\\/test\\\/fr\\\/un-centre-de-conferences\\\/#primaryimage\",\"url\":\"https:\\\/\\\/shrimataji.org\\\/test\\\/wp-content\\\/uploads\\\/2023\\\/03\\\/12_Banner-PublicLife-Hall-scaled.jpg\",\"contentUrl\":\"https:\\\/\\\/shrimataji.org\\\/test\\\/wp-content\\\/uploads\\\/2023\\\/03\\\/12_Banner-PublicLife-Hall-scaled.jpg\",\"width\":2560,\"height\":905},{\"@type\":\"BreadcrumbList\",\"@id\":\"https:\\\/\\\/shrimataji.org\\\/test\\\/fr\\\/un-centre-de-conferences\\\/#breadcrumb\",\"itemListElement\":[{\"@type\":\"ListItem\",\"position\":1,\"name\":\"Home\",\"item\":\"https:\\\/\\\/shrimataji.org\\\/test\\\/uk\\\/home-en\\\/\"},{\"@type\":\"ListItem\",\"position\":2,\"name\":\"Un centre de conf\u00e9rences\"}]},{\"@type\":\"WebSite\",\"@id\":\"https:\\\/\\\/shrimataji.org\\\/test\\\/#website\",\"url\":\"https:\\\/\\\/shrimataji.org\\\/test\\\/\",\"name\":\"Shri Mataji Nirmala Devi\",\"description\":\"A Life Dedicated to Humanity\",\"publisher\":{\"@id\":\"https:\\\/\\\/shrimataji.org\\\/test\\\/#\\\/schema\\\/person\\\/a1b3419c6585f164aa96da1ff85715d1\"},\"potentialAction\":[{\"@type\":\"SearchAction\",\"target\":{\"@type\":\"EntryPoint\",\"urlTemplate\":\"https:\\\/\\\/shrimataji.org\\\/test\\\/?s={search_term_string}\"},\"query-input\":{\"@type\":\"PropertyValueSpecification\",\"valueRequired\":true,\"valueName\":\"search_term_string\"}}],\"inLanguage\":\"en-US\"},{\"@type\":[\"Person\",\"Organization\"],\"@id\":\"https:\\\/\\\/shrimataji.org\\\/test\\\/#\\\/schema\\\/person\\\/a1b3419c6585f164aa96da1ff85715d1\",\"name\":\"Nirmala Shrivastava\",\"image\":{\"@type\":\"ImageObject\",\"inLanguage\":\"en-US\",\"@id\":\"https:\\\/\\\/shrimataji.org\\\/test\\\/wp-content\\\/uploads\\\/2023\\\/02\\\/SMO_LOGO-03.svg\",\"url\":\"https:\\\/\\\/shrimataji.org\\\/test\\\/wp-content\\\/uploads\\\/2023\\\/02\\\/SMO_LOGO-03.svg\",\"contentUrl\":\"https:\\\/\\\/shrimataji.org\\\/test\\\/wp-content\\\/uploads\\\/2023\\\/02\\\/SMO_LOGO-03.svg\",\"width\":\"1024\",\"height\":\"1024\",\"caption\":\"Nirmala Shrivastava\"},\"logo\":{\"@id\":\"https:\\\/\\\/shrimataji.org\\\/test\\\/wp-content\\\/uploads\\\/2023\\\/02\\\/SMO_LOGO-03.svg\"},\"sameAs\":[\"https:\\\/\\\/shrimataji.org\\\/test\",\"https:\\\/\\\/www.facebook.com\\\/shrimataji\",\"https:\\\/\\\/x.com\\\/shrimataji\",\"https:\\\/\\\/www.youtube.com\\\/@Shri_Mataji_Nirmala_Devi\\\/featured\"]}]}<\/script>\n<!-- \/ Yoast SEO plugin. -->","yoast_head_json":{"title":"Un centre de conf\u00e9rences - TEST - SMND","robots":{"index":"noindex","follow":"follow","max-snippet":"max-snippet:-1","max-image-preview":"max-image-preview:large","max-video-preview":"max-video-preview:-1"},"og_locale":"en_US","og_type":"article","og_title":"Un centre de conf\u00e9rences - TEST - SMND","og_description":"Un centre de conf\u00e9rences pour le monde O\u00f9 les c\u0153urs se rencontrent Caxton Hall \u00e0 Londres Caxton Hall se trouve dans le quartier de Westminster, au centre de Londres. Construit au milieu du XIXe si\u00e8cle, il a \u00e9t\u00e9 baptis\u00e9 en l&#8217;honneur de William Caxton, l&#8217;inventeur de l&#8217;imprimerie, une invention qui a r\u00e9volutionn\u00e9 l&#8217;acc\u00e8s au savoir.&hellip; Read more","og_url":"https:\/\/shrimataji.org\/test\/fr\/un-centre-de-conferences\/","og_site_name":"TEST - SMND","article_publisher":"https:\/\/www.facebook.com\/shrimataji","article_modified_time":"2026-01-11T18:41:47+00:00","og_image":[{"width":2560,"height":905,"url":"https:\/\/shrimataji.org\/test\/wp-content\/uploads\/2023\/03\/12_Banner-PublicLife-Hall-scaled.jpg","type":"image\/jpeg"}],"twitter_card":"summary_large_image","twitter_site":"@shrimataji","schema":{"@context":"https:\/\/schema.org","@graph":[{"@type":"WebPage","@id":"https:\/\/shrimataji.org\/test\/fr\/un-centre-de-conferences\/","url":"https:\/\/shrimataji.org\/test\/fr\/un-centre-de-conferences\/","name":"Un centre de conf\u00e9rences - TEST - SMND","isPartOf":{"@id":"https:\/\/shrimataji.org\/test\/#website"},"primaryImageOfPage":{"@id":"https:\/\/shrimataji.org\/test\/fr\/un-centre-de-conferences\/#primaryimage"},"image":{"@id":"https:\/\/shrimataji.org\/test\/fr\/un-centre-de-conferences\/#primaryimage"},"thumbnailUrl":"https:\/\/shrimataji.org\/test\/wp-content\/uploads\/2023\/03\/12_Banner-PublicLife-Hall-scaled.jpg","datePublished":"2011-12-05T02:00:00+00:00","dateModified":"2026-01-11T18:41:47+00:00","breadcrumb":{"@id":"https:\/\/shrimataji.org\/test\/fr\/un-centre-de-conferences\/#breadcrumb"},"inLanguage":"en-US","potentialAction":[{"@type":"ReadAction","target":["https:\/\/shrimataji.org\/test\/fr\/un-centre-de-conferences\/"]}]},{"@type":"ImageObject","inLanguage":"en-US","@id":"https:\/\/shrimataji.org\/test\/fr\/un-centre-de-conferences\/#primaryimage","url":"https:\/\/shrimataji.org\/test\/wp-content\/uploads\/2023\/03\/12_Banner-PublicLife-Hall-scaled.jpg","contentUrl":"https:\/\/shrimataji.org\/test\/wp-content\/uploads\/2023\/03\/12_Banner-PublicLife-Hall-scaled.jpg","width":2560,"height":905},{"@type":"BreadcrumbList","@id":"https:\/\/shrimataji.org\/test\/fr\/un-centre-de-conferences\/#breadcrumb","itemListElement":[{"@type":"ListItem","position":1,"name":"Home","item":"https:\/\/shrimataji.org\/test\/uk\/home-en\/"},{"@type":"ListItem","position":2,"name":"Un centre de conf\u00e9rences"}]},{"@type":"WebSite","@id":"https:\/\/shrimataji.org\/test\/#website","url":"https:\/\/shrimataji.org\/test\/","name":"Shri Mataji Nirmala Devi","description":"A Life Dedicated to Humanity","publisher":{"@id":"https:\/\/shrimataji.org\/test\/#\/schema\/person\/a1b3419c6585f164aa96da1ff85715d1"},"potentialAction":[{"@type":"SearchAction","target":{"@type":"EntryPoint","urlTemplate":"https:\/\/shrimataji.org\/test\/?s={search_term_string}"},"query-input":{"@type":"PropertyValueSpecification","valueRequired":true,"valueName":"search_term_string"}}],"inLanguage":"en-US"},{"@type":["Person","Organization"],"@id":"https:\/\/shrimataji.org\/test\/#\/schema\/person\/a1b3419c6585f164aa96da1ff85715d1","name":"Nirmala Shrivastava","image":{"@type":"ImageObject","inLanguage":"en-US","@id":"https:\/\/shrimataji.org\/test\/wp-content\/uploads\/2023\/02\/SMO_LOGO-03.svg","url":"https:\/\/shrimataji.org\/test\/wp-content\/uploads\/2023\/02\/SMO_LOGO-03.svg","contentUrl":"https:\/\/shrimataji.org\/test\/wp-content\/uploads\/2023\/02\/SMO_LOGO-03.svg","width":"1024","height":"1024","caption":"Nirmala Shrivastava"},"logo":{"@id":"https:\/\/shrimataji.org\/test\/wp-content\/uploads\/2023\/02\/SMO_LOGO-03.svg"},"sameAs":["https:\/\/shrimataji.org\/test","https:\/\/www.facebook.com\/shrimataji","https:\/\/x.com\/shrimataji","https:\/\/www.youtube.com\/@Shri_Mataji_Nirmala_Devi\/featured"]}]}},"lang":"fr","translations":{"fr":10718,"ur":37385,"en":443,"am":17956,"th":19879,"hu":19431,"sq":18357,"zh":17254,"hi":8514,"tr":10130,"pl":10239,"pt":10347,"de":10620,"it":10816,"es":10914,"ja":11211,"ru":11399,"bn":11591,"te":11699,"sw":11822,"he":11970,"el":12261,"sk":12359,"fa":12457,"fi":12555,"bg":13504,"ro":14579,"cs":14772,"nl":16517,"ku":16677,"ar":16853,"be":18564,"kn":18838,"mr":20243,"uk":20535,"ml":20834,"ta":22672,"sv":22945,"gu":28793,"pa":28951,"fil":29391,"da":37699,"nn":38251},"pll_sync_post":[],"_links":{"self":[{"href":"https:\/\/shrimataji.org\/test\/wp-json\/wp\/v2\/pages\/10718","targetHints":{"allow":["GET"]}}],"collection":[{"href":"https:\/\/shrimataji.org\/test\/wp-json\/wp\/v2\/pages"}],"about":[{"href":"https:\/\/shrimataji.org\/test\/wp-json\/wp\/v2\/types\/page"}],"author":[{"embeddable":true,"href":"https:\/\/shrimataji.org\/test\/wp-json\/wp\/v2\/users\/7"}],"replies":[{"embeddable":true,"href":"https:\/\/shrimataji.org\/test\/wp-json\/wp\/v2\/comments?post=10718"}],"version-history":[{"count":0,"href":"https:\/\/shrimataji.org\/test\/wp-json\/wp\/v2\/pages\/10718\/revisions"}],"wp:featuredmedia":[{"embeddable":true,"href":"https:\/\/shrimataji.org\/test\/wp-json\/wp\/v2\/media\/9505"}],"wp:attachment":[{"href":"https:\/\/shrimataji.org\/test\/wp-json\/wp\/v2\/media?parent=10718"}],"curies":[{"name":"wp","href":"https:\/\/api.w.org\/{rel}","templated":true}]}}