{"id":10719,"date":"2022-03-05T07:57:08","date_gmt":"2022-03-05T07:57:08","guid":{"rendered":"https:\/\/test.shrimataji.org\/?page_id=6497"},"modified":"2026-02-15T16:03:09","modified_gmt":"2026-02-15T16:03:09","slug":"le-chakra-de-lagnya","status":"publish","type":"page","link":"https:\/\/shrimataji.org\/test\/fr\/le-chakra-de-lagnya\/","title":{"rendered":"Le chakra de l&#8217;Agnya"},"content":{"rendered":"\n\n\t<h1>Le chakra de l&#8217;Agnya<\/h1>\n<h2>Le pouvoir du pardon<\/h2>\n<h4>L&#8217;essence de ce chakra est le pardon. Lorsque nous ne pardonnons pas, nous nous faisons du mal \u00e0 nous-m\u00eames en d\u00e9s\u00e9quilibrant ce chakra. Le pardon nous permet d&#8217;abandonner la col\u00e8re, la haine et le ressentiment, ce qui n&#8217;est pas facile avant la R\u00e9alisation du Soi. En disant simplement avec sinc\u00e9rit\u00e9 &#8220;Je pardonne&#8221;, notre <a href=\"https:\/\/shrimataji.org\/test\/fr\/la-kundalini\/\" target=\"_blank\" rel=\"noopener\">Kundalini<\/a> peut traverser ce centre et plonger notre attention dans le royaume du silence. Nous nous installons ainsi dans le domaine de la conscience sans pens\u00e9e qu&#8217;est la m\u00e9ditation.<\/h4>\n<p>Gr\u00e2ce \u00e0 notre capacit\u00e9 \u00e0 pardonner, nous d\u00e9veloppons nos qualit\u00e9s int\u00e9rieures li\u00e9es \u00e0 ce chakra comme l&#8217;humilit\u00e9, le silence int\u00e9rieur, une libert\u00e9 face \u00e0 nos identifications. Au niveau de ce chakra se trouvent le deux instances de l&#8217;ego et du superego. Avec l&#8217;ouverture de ce centre, notre ego, nos conditionnements ne nous dominent plus mais retrouvent leur fonction initiale, celle d&#8217;\u00eatre des outils \u00e0 la pens\u00e9e. Nos habitudes, nos id\u00e9es fausses sur le racisme et toutes nos fausses identifications, disparaissent. Il est d\u00e9crit dans les \u00e9critures comme la porte \u00e9troite qui ouvre la voie \u00e0 notre conscience pour atteindre sa destination finale, le septi\u00e8me centre, le chakra du Sahasrara, qui symbolise le royaume spirituel que l&#8217;on peut ressentir dans cette existence.<\/p>\n\t\t<iframe loading=\"lazy\" title=\"Agnya Chakra\" width=\"1920\" height=\"1080\" src=\"https:\/\/www.youtube.com\/embed\/Fu9CT50ZFSc?feature=oembed\" frameborder=\"0\" allow=\"accelerometer; autoplay; clipboard-write; encrypted-media; gyroscope; picture-in-picture; web-share\" allowfullscreen><\/iframe>\t\n\t<strong>Emplacement<\/strong><strong><br \/>\n<\/strong>Le chakra de l&#8217;Agnya est situ\u00e9 dans notre cerveau, \u00e0 peu pr\u00e8s \u00e0 la jonction des fibres du nerf optique (appel\u00e9 chiasma optique dans la terminologie m\u00e9dicale). Il se manifeste au centre du front. On peut ressentir les vibrations du chakra de l&#8217;Agnya sur les annulaires des deux mains.\n<strong>Couleur<\/strong><strong><br \/>\n<\/strong>La couleur argent repr\u00e9sente le chakra Agnya. L&#8217;\u00e9l\u00e9ment majeur de ce centre est la lumi\u00e8re.\n<p><strong>Les qualit\u00e9s du chakra de l&#8217;Agnya<\/strong><\/p>\n\u2022 Pardon<br \/>\n\u2022 Compassion<br \/>\n\u2022 Humilit\u00e9<br \/>\n\u2022 Silence int\u00e9rieur<br \/>\n\u2022 Capacit\u00e9 \u00e0 vivre au pr\u00e9sent\n<figure itemscope itemtype=\"https:\/\/schema.org\/ImageObject\">\n\t\t\t\t<img decoding=\"async\" src=\"https:\/\/shrimataji.org\/test\/wp-content\/uploads\/2023\/02\/6-Agnya-01.png\" alt=\"\u0d06\u0d1c\u0d4d\u0d1e \u0d1a\u0d15\u0d4d\u0d30\u0d02\" height=\"3426\" width=\"3214\" title=\"\u0d06\u0d1c\u0d4d\u0d1e \u0d1a\u0d15\u0d4d\u0d30\u0d02\" onerror=\"this.style.display='none'\" loading=\"lazy\" \/>\n\t<\/figure>\n\t<p>Quand la Kundalini perce la fontanelle, il se cr\u00e9\u00e9 alors un espace entre deux pens\u00e9es, qui va augmenter au fur et \u00e0 mesure de nos m\u00e9ditations. Cet espace est le pr\u00e9sent. M\u00e9diter permet de sortir de ses pens\u00e9es et de vivre au pr\u00e9sent. Le pardon envers soi-m\u00eame et envers les autres, c&#8217;est pardonner sans penser au mal qui nous a \u00e9t\u00e9 fait ou aux erreurs que l&#8217;on a commises. Seul le silence du mental nous permet d&#8217;\u00eatre en m\u00e9ditation.<\/p>\n<strong>Exp\u00e9rience et avantages<\/strong><br \/>\nLe chakra de l&#8217;Agnya se trouve dans le cerveau au croisement des nerfs optiques. Il a un aspect central et un aspect arri\u00e8re (Back Agnya). Il g\u00e8re le chiasma optique et contr\u00f4le les glandes pituitaire (hypophyse) et pin\u00e9ale, l&#8217;hypothalamus et la r\u00e9tine. Il int\u00e8gre aussi le thalamus. Il contr\u00f4le toutes les autres glandes endocrines des syst\u00e8mes sympathiques gauche et droit et du syst\u00e8me parasympathique.\n<p>La glande pin\u00e9ale produit deux hormones la s\u00e9rotonine et la m\u00e9latonine, qui g\u00e8rent le sentiment de &#8216;bonheur&#8217; et les rythmes du sommeil. Elle manifeste le superego au niveau subtil. Le surperego est situ\u00e9 dans l&#8217;h\u00e9misph\u00e8re droit de la t\u00eate. Le superego est l&#8217;extr\u00e9mit\u00e9 du canal gauche car les nerfs se croisent au niveau du centre de l&#8217;Agnya.<\/p>\n<p>L&#8217;hypophyse ou glande pituitaire fabrique beaucoup d&#8217;hormones qui circulent dans tout le corps. Elle manifeste l&#8217;ego au niveau subtil. L&#8217;ego est situ\u00e9 dans l&#8217;h\u00e9misph\u00e8re gauche de la t\u00eate. L&#8217;ego est l&#8217;extr\u00e9mit\u00e9 du canal droit.<\/p>\n<strong>Auto-\u00e9valuation<\/strong><strong><br \/>\n<\/strong>Si votre chakra de l&#8217;Agnya est bloqu\u00e9, vous risquez d&#8217;\u00eatre incapable de vous pardonner ou de pardonner aux autres. Vous risquez \u00e9galement de ressasser le pass\u00e9 ou de vous apitoyer sur votre sort. L&#8217;\u00e9go\u00efsme et l&#8217;agressivit\u00e9 sont d&#8217;autres signes d&#8217;un d\u00e9s\u00e9quilibre de ce chakra, de m\u00eame qu&#8217;une obsession pour la pornographie ou des fantasmes sexuels. L&#8217;inqui\u00e9tude, Trop de pens\u00e9es et de planifications peuvent \u00e9galement indiquer un blocage au chakra de l&#8217;Agnya.\n<p><strong>Raisons des d\u00e9s\u00e9quilibres<\/strong><\/p>\n<ul>\n<li>\u00c9go\u00efsme, rancune<\/li>\n<li>Trop d&#8217;activit\u00e9s physiques ou mentales<\/li>\n<li>Pens\u00e9es en boucle, trop de projections<\/li>\n<li>Arrogance, manque d&#8217;humilit\u00e9<\/li>\n<li>Manger trop de viande, trop \u00e9pic\u00e9, trop gras<\/li>\n<\/ul>\n<strong>Comment l&#8217;\u00e9quilibrer<\/strong><strong><br \/>\n<\/strong>Pour \u00e9quilibrer votre chakra de l&#8217;Agnya, pratiquez la m\u00e9ditation dans un cadre naturel. Essayez de m\u00e9diter en plein air, regardez le ciel. Vous pouvez \u00e9galement placer la main droite sur votre front, puis baisser l\u00e9g\u00e8rement la t\u00eate et dire: &#8220;Je pardonne \u00e0 tout le monde, y compris \u00e0 moi-m\u00eame.&#8221; Essayez de pardonner avec sinc\u00e9rit\u00e9.\nUtiliser l&#8217;humour pour &#8216;d\u00e9gonfler l&#8217;ego&#8217;, n&#8217;essayez pas de le combattre car cela le renforce. \u00c9coutez plus les autres. Faire preuve de compassion et de patience.<br \/>\nLa meilleure fa\u00e7on de maintenir l&#8217;\u00e9quilibre de votre chakra de l&#8217;Agnya est d&#8217;\u00e9viter de penser et de planifier \u00e0 l&#8217;exc\u00e8s. Vivez au pr\u00e9sent et profitez de chaque seconde!\n\n","protected":false},"excerpt":{"rendered":"<p>Le chakra de l&#8217;Agnya Le pouvoir du pardon L&#8217;essence de ce chakra est le pardon. Lorsque nous ne pardonnons pas, nous nous faisons du mal \u00e0 nous-m\u00eames en d\u00e9s\u00e9quilibrant ce chakra. Le pardon nous permet d&#8217;abandonner la col\u00e8re, la haine et le ressentiment, ce qui n&#8217;est pas facile avant la R\u00e9alisation du Soi. En disant&hellip; <br \/> <a class=\"read-more\" href=\"https:\/\/shrimataji.org\/test\/fr\/le-chakra-de-lagnya\/\">Read more<\/a><\/p>\n","protected":false},"author":7,"featured_media":9256,"parent":0,"menu_order":0,"comment_status":"closed","ping_status":"closed","template":"","meta":{"inline_featured_image":false,"footnotes":""},"class_list":["post-10719","page","type-page","status-publish","has-post-thumbnail","hentry"],"yoast_head":"<!-- This site is optimized with the Yoast SEO plugin v27.4 - https:\/\/yoast.com\/product\/yoast-seo-wordpress\/ -->\n<title>Le chakra de l&#039;Agnya - TEST - SMND<\/title>\n<meta name=\"robots\" content=\"noindex, follow, max-snippet:-1, max-image-preview:large, max-video-preview:-1\" \/>\n<meta property=\"og:locale\" content=\"en_US\" \/>\n<meta property=\"og:type\" content=\"article\" \/>\n<meta property=\"og:title\" content=\"Le chakra de l&#039;Agnya - TEST - SMND\" \/>\n<meta property=\"og:description\" content=\"Le chakra de l&#8217;Agnya Le pouvoir du pardon L&#8217;essence de ce chakra est le pardon. Lorsque nous ne pardonnons pas, nous nous faisons du mal \u00e0 nous-m\u00eames en d\u00e9s\u00e9quilibrant ce chakra. Le pardon nous permet d&#8217;abandonner la col\u00e8re, la haine et le ressentiment, ce qui n&#8217;est pas facile avant la R\u00e9alisation du Soi. En disant&hellip; Read more\" \/>\n<meta property=\"og:url\" content=\"https:\/\/shrimataji.org\/test\/fr\/le-chakra-de-lagnya\/\" \/>\n<meta property=\"og:site_name\" content=\"TEST - SMND\" \/>\n<meta property=\"article:publisher\" content=\"https:\/\/www.facebook.com\/shrimataji\" \/>\n<meta property=\"article:modified_time\" content=\"2026-02-15T16:03:09+00:00\" \/>\n<meta property=\"og:image\" content=\"https:\/\/shrimataji.org\/test\/wp-content\/uploads\/2023\/03\/21_Banner-SY-Chakra-agnya-scaled.jpg\" \/>\n\t<meta property=\"og:image:width\" content=\"2560\" \/>\n\t<meta property=\"og:image:height\" content=\"905\" \/>\n\t<meta property=\"og:image:type\" content=\"image\/jpeg\" \/>\n<meta name=\"twitter:card\" content=\"summary_large_image\" \/>\n<meta name=\"twitter:site\" content=\"@shrimataji\" \/>\n<meta name=\"twitter:label1\" content=\"Est. reading time\" \/>\n\t<meta name=\"twitter:data1\" content=\"4 minutes\" \/>\n<script type=\"application\/ld+json\" class=\"yoast-schema-graph\">{\"@context\":\"https:\\\/\\\/schema.org\",\"@graph\":[{\"@type\":\"WebPage\",\"@id\":\"https:\\\/\\\/shrimataji.org\\\/test\\\/fr\\\/le-chakra-de-lagnya\\\/\",\"url\":\"https:\\\/\\\/shrimataji.org\\\/test\\\/fr\\\/le-chakra-de-lagnya\\\/\",\"name\":\"Le chakra de l'Agnya - TEST - SMND\",\"isPartOf\":{\"@id\":\"https:\\\/\\\/shrimataji.org\\\/test\\\/#website\"},\"primaryImageOfPage\":{\"@id\":\"https:\\\/\\\/shrimataji.org\\\/test\\\/fr\\\/le-chakra-de-lagnya\\\/#primaryimage\"},\"image\":{\"@id\":\"https:\\\/\\\/shrimataji.org\\\/test\\\/fr\\\/le-chakra-de-lagnya\\\/#primaryimage\"},\"thumbnailUrl\":\"https:\\\/\\\/shrimataji.org\\\/test\\\/wp-content\\\/uploads\\\/2023\\\/03\\\/21_Banner-SY-Chakra-agnya-scaled.jpg\",\"datePublished\":\"2022-03-05T07:57:08+00:00\",\"dateModified\":\"2026-02-15T16:03:09+00:00\",\"breadcrumb\":{\"@id\":\"https:\\\/\\\/shrimataji.org\\\/test\\\/fr\\\/le-chakra-de-lagnya\\\/#breadcrumb\"},\"inLanguage\":\"en-US\",\"potentialAction\":[{\"@type\":\"ReadAction\",\"target\":[\"https:\\\/\\\/shrimataji.org\\\/test\\\/fr\\\/le-chakra-de-lagnya\\\/\"]}]},{\"@type\":\"ImageObject\",\"inLanguage\":\"en-US\",\"@id\":\"https:\\\/\\\/shrimataji.org\\\/test\\\/fr\\\/le-chakra-de-lagnya\\\/#primaryimage\",\"url\":\"https:\\\/\\\/shrimataji.org\\\/test\\\/wp-content\\\/uploads\\\/2023\\\/03\\\/21_Banner-SY-Chakra-agnya-scaled.jpg\",\"contentUrl\":\"https:\\\/\\\/shrimataji.org\\\/test\\\/wp-content\\\/uploads\\\/2023\\\/03\\\/21_Banner-SY-Chakra-agnya-scaled.jpg\",\"width\":2560,\"height\":905},{\"@type\":\"BreadcrumbList\",\"@id\":\"https:\\\/\\\/shrimataji.org\\\/test\\\/fr\\\/le-chakra-de-lagnya\\\/#breadcrumb\",\"itemListElement\":[{\"@type\":\"ListItem\",\"position\":1,\"name\":\"Home\",\"item\":\"https:\\\/\\\/shrimataji.org\\\/test\\\/uk\\\/home-en\\\/\"},{\"@type\":\"ListItem\",\"position\":2,\"name\":\"Le chakra de l&#8217;Agnya\"}]},{\"@type\":\"WebSite\",\"@id\":\"https:\\\/\\\/shrimataji.org\\\/test\\\/#website\",\"url\":\"https:\\\/\\\/shrimataji.org\\\/test\\\/\",\"name\":\"Shri Mataji Nirmala Devi\",\"description\":\"A Life Dedicated to Humanity\",\"publisher\":{\"@id\":\"https:\\\/\\\/shrimataji.org\\\/test\\\/#\\\/schema\\\/person\\\/a1b3419c6585f164aa96da1ff85715d1\"},\"potentialAction\":[{\"@type\":\"SearchAction\",\"target\":{\"@type\":\"EntryPoint\",\"urlTemplate\":\"https:\\\/\\\/shrimataji.org\\\/test\\\/?s={search_term_string}\"},\"query-input\":{\"@type\":\"PropertyValueSpecification\",\"valueRequired\":true,\"valueName\":\"search_term_string\"}}],\"inLanguage\":\"en-US\"},{\"@type\":[\"Person\",\"Organization\"],\"@id\":\"https:\\\/\\\/shrimataji.org\\\/test\\\/#\\\/schema\\\/person\\\/a1b3419c6585f164aa96da1ff85715d1\",\"name\":\"Nirmala Shrivastava\",\"image\":{\"@type\":\"ImageObject\",\"inLanguage\":\"en-US\",\"@id\":\"https:\\\/\\\/shrimataji.org\\\/test\\\/wp-content\\\/uploads\\\/2023\\\/02\\\/SMO_LOGO-03.svg\",\"url\":\"https:\\\/\\\/shrimataji.org\\\/test\\\/wp-content\\\/uploads\\\/2023\\\/02\\\/SMO_LOGO-03.svg\",\"contentUrl\":\"https:\\\/\\\/shrimataji.org\\\/test\\\/wp-content\\\/uploads\\\/2023\\\/02\\\/SMO_LOGO-03.svg\",\"width\":\"1024\",\"height\":\"1024\",\"caption\":\"Nirmala Shrivastava\"},\"logo\":{\"@id\":\"https:\\\/\\\/shrimataji.org\\\/test\\\/wp-content\\\/uploads\\\/2023\\\/02\\\/SMO_LOGO-03.svg\"},\"sameAs\":[\"https:\\\/\\\/shrimataji.org\\\/test\",\"https:\\\/\\\/www.facebook.com\\\/shrimataji\",\"https:\\\/\\\/x.com\\\/shrimataji\",\"https:\\\/\\\/www.youtube.com\\\/@Shri_Mataji_Nirmala_Devi\\\/featured\"]}]}<\/script>\n<!-- \/ Yoast SEO plugin. -->","yoast_head_json":{"title":"Le chakra de l'Agnya - TEST - SMND","robots":{"index":"noindex","follow":"follow","max-snippet":"max-snippet:-1","max-image-preview":"max-image-preview:large","max-video-preview":"max-video-preview:-1"},"og_locale":"en_US","og_type":"article","og_title":"Le chakra de l'Agnya - TEST - SMND","og_description":"Le chakra de l&#8217;Agnya Le pouvoir du pardon L&#8217;essence de ce chakra est le pardon. Lorsque nous ne pardonnons pas, nous nous faisons du mal \u00e0 nous-m\u00eames en d\u00e9s\u00e9quilibrant ce chakra. Le pardon nous permet d&#8217;abandonner la col\u00e8re, la haine et le ressentiment, ce qui n&#8217;est pas facile avant la R\u00e9alisation du Soi. En disant&hellip; Read more","og_url":"https:\/\/shrimataji.org\/test\/fr\/le-chakra-de-lagnya\/","og_site_name":"TEST - SMND","article_publisher":"https:\/\/www.facebook.com\/shrimataji","article_modified_time":"2026-02-15T16:03:09+00:00","og_image":[{"width":2560,"height":905,"url":"https:\/\/shrimataji.org\/test\/wp-content\/uploads\/2023\/03\/21_Banner-SY-Chakra-agnya-scaled.jpg","type":"image\/jpeg"}],"twitter_card":"summary_large_image","twitter_site":"@shrimataji","twitter_misc":{"Est. reading time":"4 minutes"},"schema":{"@context":"https:\/\/schema.org","@graph":[{"@type":"WebPage","@id":"https:\/\/shrimataji.org\/test\/fr\/le-chakra-de-lagnya\/","url":"https:\/\/shrimataji.org\/test\/fr\/le-chakra-de-lagnya\/","name":"Le chakra de l'Agnya - TEST - SMND","isPartOf":{"@id":"https:\/\/shrimataji.org\/test\/#website"},"primaryImageOfPage":{"@id":"https:\/\/shrimataji.org\/test\/fr\/le-chakra-de-lagnya\/#primaryimage"},"image":{"@id":"https:\/\/shrimataji.org\/test\/fr\/le-chakra-de-lagnya\/#primaryimage"},"thumbnailUrl":"https:\/\/shrimataji.org\/test\/wp-content\/uploads\/2023\/03\/21_Banner-SY-Chakra-agnya-scaled.jpg","datePublished":"2022-03-05T07:57:08+00:00","dateModified":"2026-02-15T16:03:09+00:00","breadcrumb":{"@id":"https:\/\/shrimataji.org\/test\/fr\/le-chakra-de-lagnya\/#breadcrumb"},"inLanguage":"en-US","potentialAction":[{"@type":"ReadAction","target":["https:\/\/shrimataji.org\/test\/fr\/le-chakra-de-lagnya\/"]}]},{"@type":"ImageObject","inLanguage":"en-US","@id":"https:\/\/shrimataji.org\/test\/fr\/le-chakra-de-lagnya\/#primaryimage","url":"https:\/\/shrimataji.org\/test\/wp-content\/uploads\/2023\/03\/21_Banner-SY-Chakra-agnya-scaled.jpg","contentUrl":"https:\/\/shrimataji.org\/test\/wp-content\/uploads\/2023\/03\/21_Banner-SY-Chakra-agnya-scaled.jpg","width":2560,"height":905},{"@type":"BreadcrumbList","@id":"https:\/\/shrimataji.org\/test\/fr\/le-chakra-de-lagnya\/#breadcrumb","itemListElement":[{"@type":"ListItem","position":1,"name":"Home","item":"https:\/\/shrimataji.org\/test\/uk\/home-en\/"},{"@type":"ListItem","position":2,"name":"Le chakra de l&#8217;Agnya"}]},{"@type":"WebSite","@id":"https:\/\/shrimataji.org\/test\/#website","url":"https:\/\/shrimataji.org\/test\/","name":"Shri Mataji Nirmala Devi","description":"A Life Dedicated to Humanity","publisher":{"@id":"https:\/\/shrimataji.org\/test\/#\/schema\/person\/a1b3419c6585f164aa96da1ff85715d1"},"potentialAction":[{"@type":"SearchAction","target":{"@type":"EntryPoint","urlTemplate":"https:\/\/shrimataji.org\/test\/?s={search_term_string}"},"query-input":{"@type":"PropertyValueSpecification","valueRequired":true,"valueName":"search_term_string"}}],"inLanguage":"en-US"},{"@type":["Person","Organization"],"@id":"https:\/\/shrimataji.org\/test\/#\/schema\/person\/a1b3419c6585f164aa96da1ff85715d1","name":"Nirmala Shrivastava","image":{"@type":"ImageObject","inLanguage":"en-US","@id":"https:\/\/shrimataji.org\/test\/wp-content\/uploads\/2023\/02\/SMO_LOGO-03.svg","url":"https:\/\/shrimataji.org\/test\/wp-content\/uploads\/2023\/02\/SMO_LOGO-03.svg","contentUrl":"https:\/\/shrimataji.org\/test\/wp-content\/uploads\/2023\/02\/SMO_LOGO-03.svg","width":"1024","height":"1024","caption":"Nirmala Shrivastava"},"logo":{"@id":"https:\/\/shrimataji.org\/test\/wp-content\/uploads\/2023\/02\/SMO_LOGO-03.svg"},"sameAs":["https:\/\/shrimataji.org\/test","https:\/\/www.facebook.com\/shrimataji","https:\/\/x.com\/shrimataji","https:\/\/www.youtube.com\/@Shri_Mataji_Nirmala_Devi\/featured"]}]}},"lang":"fr","translations":{"fr":10719,"ur":37387,"en":6497,"am":17958,"th":19882,"hu":19433,"sq":18359,"zh":17256,"hi":7347,"tr":10131,"pt":10348,"de":10621,"it":10817,"es":10915,"ja":11212,"ru":11400,"bn":11592,"te":11700,"sw":11823,"he":11971,"el":12262,"sk":12360,"fa":12458,"fi":12556,"bg":13366,"ro":14440,"cs":14633,"nl":16519,"ku":16679,"ar":16855,"be":18566,"kn":18840,"mr":20246,"uk":20538,"ml":20837,"ta":22674,"sv":22947,"gu":28795,"pa":28953,"fil":29393,"da":37701,"pl":37918,"nn":38253},"pll_sync_post":[],"_links":{"self":[{"href":"https:\/\/shrimataji.org\/test\/wp-json\/wp\/v2\/pages\/10719","targetHints":{"allow":["GET"]}}],"collection":[{"href":"https:\/\/shrimataji.org\/test\/wp-json\/wp\/v2\/pages"}],"about":[{"href":"https:\/\/shrimataji.org\/test\/wp-json\/wp\/v2\/types\/page"}],"author":[{"embeddable":true,"href":"https:\/\/shrimataji.org\/test\/wp-json\/wp\/v2\/users\/7"}],"replies":[{"embeddable":true,"href":"https:\/\/shrimataji.org\/test\/wp-json\/wp\/v2\/comments?post=10719"}],"version-history":[{"count":0,"href":"https:\/\/shrimataji.org\/test\/wp-json\/wp\/v2\/pages\/10719\/revisions"}],"wp:featuredmedia":[{"embeddable":true,"href":"https:\/\/shrimataji.org\/test\/wp-json\/wp\/v2\/media\/9256"}],"wp:attachment":[{"href":"https:\/\/shrimataji.org\/test\/wp-json\/wp\/v2\/media?parent=10719"}],"curies":[{"name":"wp","href":"https:\/\/api.w.org\/{rel}","templated":true}]}}