{"id":10720,"date":"2022-03-05T07:42:03","date_gmt":"2022-03-05T07:42:03","guid":{"rendered":"https:\/\/test.shrimataji.org\/?page_id=6490"},"modified":"2026-02-15T16:04:06","modified_gmt":"2026-02-15T16:04:06","slug":"le-chakra-du-coeur-ou-anahata","status":"publish","type":"page","link":"https:\/\/shrimataji.org\/test\/fr\/le-chakra-du-coeur-ou-anahata\/","title":{"rendered":"Le chakra du c\u0153ur ou l&#8217;Anahata"},"content":{"rendered":"\n\n\t<h1>Le chakra de l&#8217;Anahata ou du C\u0153ur<\/h1>\n<h2>Un amour inconditionnel et sans peur<\/h2>\n<h4>L&#8217;esprit \u00e9ternel omnipr\u00e9sent (Atma) p\u00e9n\u00e8tre dans le cerveau au stade de la formation du f\u0153tus. Shri Mataji d\u00e9crit ce moment comme le premier battement de c\u0153ur. Ce c\u0153ur battant se d\u00e9veloppe pr\u00e8s de la t\u00eate du f\u0153tus est ensuite pouss\u00e9 vers le bas dans la poitrine au fur et \u00e0 mesure que le f\u0153tus se d\u00e9veloppe. C&#8217;est l\u00e0 qu&#8217;il r\u00e9side, \u00e9ternellement pur et non affect\u00e9 par les \u00e9v\u00e9nements de notre vie, comme un spectateur qui assiste au jeu de la vie.<\/h4>\n<p>Lorsque la <a href=\"https:\/\/shrimataji.org\/test\/fr\/la-kundalini\/\" target=\"_blank\" rel=\"noopener\">Kundalini<\/a> illumine ce centre, Anahata ou c\u0153ur, nous \u00e9prouvons un sentiment d&#8217;amour pur et inconditionnel, qui est la v\u00e9ritable nature de notre Esprit.<\/p>\n<p>Un sentiment de d\u00e9tachement se d\u00e9veloppe au fur et \u00e0 mesure que notre conscience est aspir\u00e9e hors des illusions de la vie. Une fois lib\u00e9r\u00e9s des illusions, nous n&#8217;avons plus peur de rien.<\/p>\n<p>C&#8217;est l\u00e0 que la compassion et l&#8217;amour se manifestent. Le sens de la responsabilit\u00e9 et d&#8217;un comportement bienveillant envers les autres est li\u00e9 \u00e0 l&#8217;aspect droit de ce chakra. Ce centre nous aide \u00e0 d\u00e9velopper un sentiment de s\u00e9curit\u00e9 et une confiance en soi.<\/p>\n\t\t<iframe loading=\"lazy\" title=\"Anahata Chakra\" width=\"1920\" height=\"1080\" src=\"https:\/\/www.youtube.com\/embed\/Hj3SNT9-pfk?feature=oembed\" frameborder=\"0\" allow=\"accelerometer; autoplay; clipboard-write; encrypted-media; gyroscope; picture-in-picture; web-share\" allowfullscreen><\/iframe>\t\n\t<strong>Emplacement<br \/>\n<\/strong>Le chakra de l&#8217;Anahata est situ\u00e9 dans le c\u0153ur. Pour son aspect central, il est derri\u00e8re le sternum. Ce centre r\u00e9git le fonctionnement du plexus cardiaque. Les vibrations du chakra du C\u0153ur peuvent \u00eatre ressenties sur le petit doigt des deux mains.\n<strong>Couleur<br \/>\n<\/strong>Le chakra du C\u0153ur est repr\u00e9sent\u00e9 par la couleur rouge. L&#8217;\u00e9l\u00e9ment qui le constitue est l&#8217;air.\n<strong>Les qualit\u00e9s chakra du C\u0153ur<\/strong><br \/>\n\u2022 Amour inconditionnel<br \/>\n\u2022 Compassion inconditionnelle<br \/>\n\u2022 Comportement aimable<br \/>\n\u2022 Sinc\u00e9rit\u00e9<br \/>\n\u2022 Joie<br \/>\n\u2022 Confiance<br \/>\n\u2022 Absence de peur et sentiment de s\u00e9curit\u00e9 dans la vie<br \/>\n\u2022 Relations paternelles et maternelles positives\n<figure itemscope itemtype=\"https:\/\/schema.org\/ImageObject\">\n\t\t\t\t<img decoding=\"async\" src=\"https:\/\/shrimataji.org\/test\/wp-content\/uploads\/2023\/02\/4-Anahata-01.png\" alt=\"4-Anahata-01\" height=\"3426\" width=\"3214\" title=\"4-Anahata-01\" onerror=\"this.style.display='none'\" loading=\"lazy\" \/>\n\t<\/figure>\n\t<p>La qualit\u00e9 fondamentale du chakra du C\u0153ur est l&#8217;amour inconditionnel. L&#8217;activation de ce chakra apr\u00e8s la R\u00e9alisation du Soi nous permet de nous sentir confiants, s\u00fbrs de nous, moralement responsables et \u00e9motionnellement \u00e9quilibr\u00e9s. Lorsque les qualit\u00e9s de ce centre subtil se d\u00e9ploient dans notre conscience, nous faisons l&#8217;exp\u00e9rience de la joie pure de l&#8217;existence. Nous d\u00e9couvrons le v\u00e9ritable but de notre vie et nous nous effor\u00e7ons perp\u00e9tuellement d&#8217;\u00e9voluer vers un \u00e9tat de conscience spirituelle plus \u00e9lev\u00e9.<\/p>\n<strong>Exp\u00e9rience et avantages<\/strong><br \/>\nCe chakra g\u00e8re surtout le c\u0153ur et les poumons. Ces organes contr\u00f4lent la sant\u00e9 de votre syst\u00e8me circulatoire et respiratoire, ce qui rend leur bon fonctionnement absolument essentiel. Le chakra de l&#8217;Anahata contr\u00f4le les seins et le thymus. Le thymus est une petite glande situ\u00e9e derri\u00e8re le haut du sternum. Il est essentiel au fonctionnement du syst\u00e8me immunitaire et produit des anticorps.\n<p>L&#8217;amour et la compassion peuvent \u00eatre avant la R\u00e9alisation du Soi, des sentiments possessifs et \u00e9go\u00efstes. Mais, comme la m\u00e9diation de Sahaja Yoga remplit votre c\u0153ur d&#8217;\u00e9nergie divine, on apprend \u00e0 faire la diff\u00e9rence. Vous serez ressent le besoin des autres comme une partie de nous-m\u00eame.<\/p>\n<p>Comme pour de nombreux autres chakras, le stress de la vie quotidienne peut entra\u00eener des blocages et des d\u00e9s\u00e9quilibres. L&#8217;ins\u00e9curit\u00e9 et l&#8217;anxi\u00e9t\u00e9 peuvent contribuer \u00e0 un d\u00e9s\u00e9quilibre du chakra de l&#8217;Anahata. Cependant, lorsque vous donnez de l&#8217;\u00e9nergie \u00e0 ce chakra par la m\u00e9ditation, vous retrouvez l&#8217;\u00e9quilibre. Lorsque le chakra du c\u0153ur est fort, vous \u00eates libre d&#8217;appr\u00e9cier pleinement la joie de vivre.<\/p>\n<p>Si vous avez v\u00e9cu des relations maternelles ou paternelles n\u00e9gatives, les vibrations lors de la m\u00e9ditations vous aident \u00e0 les reconstruire. Vous apprendrez \u00e0 fixer des limites \u00e0 votre propre comportement et \u00e0 respecter celui des autres. Toutes vos relations s&#8217;en trouveront am\u00e9lior\u00e9es.<\/p>\n<strong>Auto-\u00e9valuation<br \/>\n<\/strong>Si votre chakra du C\u0153ur est bloqu\u00e9 ou d\u00e9s\u00e9quilibr\u00e9, vous pouvez ressentir des sympt\u00f4mes tels que des palpitations cardiaques, de l&#8217;asthme et un affaiblissement du syst\u00e8me immunitaire. Dans les cas les plus graves, une crise cardiaque, un cancer du sein et des maladies pulmonaires peuvent survenir. Cependant, il est peu probable que vous ayez atteint un tel \u00e9tat. \u00c9quilibrer ce chakra est simple et vous aidera \u00e0 pr\u00e9venir ces maladies graves ainsi que des sympt\u00f4mes moins s\u00e9rieux.\n<p><strong>Raisons des d\u00e9s\u00e9quilibres<\/strong><\/p>\n<ul>\n<li>Peur<\/li>\n<li>Sur-responsabilit\u00e9\/manque de responsabilit\u00e9<\/li>\n<li>Manque d&#8217;amour<\/li>\n<\/ul>\n<strong>Comment l&#8217;\u00e9quilibrer<br \/>\n<\/strong>Si vous avez besoin d&#8217;\u00e9quilibrer votre chakra de l&#8217;Anahata, respirez profond\u00e9ment et lentement pendant plusieurs secondes. Vous vous sentirez d\u00e9tendu en inspirant et en expirant. Respirez profond\u00e9ment et retenez votre souffle pendant quelques secondes. Expirez lentement et sans \u00e0-coups. R\u00e9p\u00e9tez ce processus plusieurs fois.\n<p>Pour l&#8217;aspect droit de ce chakra, central et de gauche, la m\u00e9thode suivante peut \u00e9galement \u00eatre utilis\u00e9e pour r\u00e9tablir l&#8217;\u00e9quilibre. Placez votre main droite \u00e0 quelques centim\u00e8tres de votre chakra du c\u0153ur, la paume tourn\u00e9e vers l&#8217;int\u00e9rieur. Lorsque vous sentez l&#8217;\u00e9nergie circuler dans votre main, faites-la tourner autour du chakra dans le sens des aiguilles d&#8217;une montre. R\u00e9p\u00e9tez la rotation plusieurs fois.<\/p>\n<p>Vous pouvez \u00e9quilibrer votre chakra de l&#8217;Anahata gauche en pla\u00e7ant votre main droite sur votre c\u0153ur pendant que vous m\u00e9ditez. Prononcez ces mots plusieurs fois : &#8220;Je ne fais qu&#8217;un avec mon esprit.&#8221; Ressentez ces mots au niveau du c\u0153ur.<\/p>\n\n","protected":false},"excerpt":{"rendered":"<p>Le chakra de l&#8217;Anahata ou du C\u0153ur Un amour inconditionnel et sans peur L&#8217;esprit \u00e9ternel omnipr\u00e9sent (Atma) p\u00e9n\u00e8tre dans le cerveau au stade de la formation du f\u0153tus. Shri Mataji d\u00e9crit ce moment comme le premier battement de c\u0153ur. Ce c\u0153ur battant se d\u00e9veloppe pr\u00e8s de la t\u00eate du f\u0153tus est ensuite pouss\u00e9 vers le&hellip; <br \/> <a class=\"read-more\" href=\"https:\/\/shrimataji.org\/test\/fr\/le-chakra-du-coeur-ou-anahata\/\">Read more<\/a><\/p>\n","protected":false},"author":7,"featured_media":9254,"parent":0,"menu_order":0,"comment_status":"closed","ping_status":"closed","template":"","meta":{"inline_featured_image":false,"footnotes":""},"class_list":["post-10720","page","type-page","status-publish","has-post-thumbnail","hentry"],"yoast_head":"<!-- This site is optimized with the Yoast SEO plugin v27.4 - https:\/\/yoast.com\/product\/yoast-seo-wordpress\/ -->\n<title>Le chakra du c\u0153ur ou l&#039;Anahata - TEST - SMND<\/title>\n<meta name=\"robots\" content=\"noindex, follow, max-snippet:-1, max-image-preview:large, max-video-preview:-1\" \/>\n<meta property=\"og:locale\" content=\"en_US\" \/>\n<meta property=\"og:type\" content=\"article\" \/>\n<meta property=\"og:title\" content=\"Le chakra du c\u0153ur ou l&#039;Anahata - TEST - SMND\" \/>\n<meta property=\"og:description\" content=\"Le chakra de l&#8217;Anahata ou du C\u0153ur Un amour inconditionnel et sans peur L&#8217;esprit \u00e9ternel omnipr\u00e9sent (Atma) p\u00e9n\u00e8tre dans le cerveau au stade de la formation du f\u0153tus. Shri Mataji d\u00e9crit ce moment comme le premier battement de c\u0153ur. Ce c\u0153ur battant se d\u00e9veloppe pr\u00e8s de la t\u00eate du f\u0153tus est ensuite pouss\u00e9 vers le&hellip; Read more\" \/>\n<meta property=\"og:url\" content=\"https:\/\/shrimataji.org\/test\/fr\/le-chakra-du-coeur-ou-anahata\/\" \/>\n<meta property=\"og:site_name\" content=\"TEST - SMND\" \/>\n<meta property=\"article:publisher\" content=\"https:\/\/www.facebook.com\/shrimataji\" \/>\n<meta property=\"article:modified_time\" content=\"2026-02-15T16:04:06+00:00\" \/>\n<meta property=\"og:image\" content=\"https:\/\/shrimataji.org\/test\/wp-content\/uploads\/2023\/03\/19_Banner-SY-Chakra-anahat-scaled.jpg\" \/>\n\t<meta property=\"og:image:width\" content=\"2560\" \/>\n\t<meta property=\"og:image:height\" content=\"905\" \/>\n\t<meta property=\"og:image:type\" content=\"image\/jpeg\" \/>\n<meta name=\"twitter:card\" content=\"summary_large_image\" \/>\n<meta name=\"twitter:site\" content=\"@shrimataji\" \/>\n<meta name=\"twitter:label1\" content=\"Est. reading time\" \/>\n\t<meta name=\"twitter:data1\" content=\"4 minutes\" \/>\n<script type=\"application\/ld+json\" class=\"yoast-schema-graph\">{\"@context\":\"https:\\\/\\\/schema.org\",\"@graph\":[{\"@type\":\"WebPage\",\"@id\":\"https:\\\/\\\/shrimataji.org\\\/test\\\/fr\\\/le-chakra-du-coeur-ou-anahata\\\/\",\"url\":\"https:\\\/\\\/shrimataji.org\\\/test\\\/fr\\\/le-chakra-du-coeur-ou-anahata\\\/\",\"name\":\"Le chakra du c\u0153ur ou l'Anahata - TEST - SMND\",\"isPartOf\":{\"@id\":\"https:\\\/\\\/shrimataji.org\\\/test\\\/#website\"},\"primaryImageOfPage\":{\"@id\":\"https:\\\/\\\/shrimataji.org\\\/test\\\/fr\\\/le-chakra-du-coeur-ou-anahata\\\/#primaryimage\"},\"image\":{\"@id\":\"https:\\\/\\\/shrimataji.org\\\/test\\\/fr\\\/le-chakra-du-coeur-ou-anahata\\\/#primaryimage\"},\"thumbnailUrl\":\"https:\\\/\\\/shrimataji.org\\\/test\\\/wp-content\\\/uploads\\\/2023\\\/03\\\/19_Banner-SY-Chakra-anahat-scaled.jpg\",\"datePublished\":\"2022-03-05T07:42:03+00:00\",\"dateModified\":\"2026-02-15T16:04:06+00:00\",\"breadcrumb\":{\"@id\":\"https:\\\/\\\/shrimataji.org\\\/test\\\/fr\\\/le-chakra-du-coeur-ou-anahata\\\/#breadcrumb\"},\"inLanguage\":\"en-US\",\"potentialAction\":[{\"@type\":\"ReadAction\",\"target\":[\"https:\\\/\\\/shrimataji.org\\\/test\\\/fr\\\/le-chakra-du-coeur-ou-anahata\\\/\"]}]},{\"@type\":\"ImageObject\",\"inLanguage\":\"en-US\",\"@id\":\"https:\\\/\\\/shrimataji.org\\\/test\\\/fr\\\/le-chakra-du-coeur-ou-anahata\\\/#primaryimage\",\"url\":\"https:\\\/\\\/shrimataji.org\\\/test\\\/wp-content\\\/uploads\\\/2023\\\/03\\\/19_Banner-SY-Chakra-anahat-scaled.jpg\",\"contentUrl\":\"https:\\\/\\\/shrimataji.org\\\/test\\\/wp-content\\\/uploads\\\/2023\\\/03\\\/19_Banner-SY-Chakra-anahat-scaled.jpg\",\"width\":2560,\"height\":905},{\"@type\":\"BreadcrumbList\",\"@id\":\"https:\\\/\\\/shrimataji.org\\\/test\\\/fr\\\/le-chakra-du-coeur-ou-anahata\\\/#breadcrumb\",\"itemListElement\":[{\"@type\":\"ListItem\",\"position\":1,\"name\":\"Home\",\"item\":\"https:\\\/\\\/shrimataji.org\\\/test\\\/uk\\\/home-en\\\/\"},{\"@type\":\"ListItem\",\"position\":2,\"name\":\"Le chakra du c\u0153ur ou l&#8217;Anahata\"}]},{\"@type\":\"WebSite\",\"@id\":\"https:\\\/\\\/shrimataji.org\\\/test\\\/#website\",\"url\":\"https:\\\/\\\/shrimataji.org\\\/test\\\/\",\"name\":\"Shri Mataji Nirmala Devi\",\"description\":\"A Life Dedicated to Humanity\",\"publisher\":{\"@id\":\"https:\\\/\\\/shrimataji.org\\\/test\\\/#\\\/schema\\\/person\\\/a1b3419c6585f164aa96da1ff85715d1\"},\"potentialAction\":[{\"@type\":\"SearchAction\",\"target\":{\"@type\":\"EntryPoint\",\"urlTemplate\":\"https:\\\/\\\/shrimataji.org\\\/test\\\/?s={search_term_string}\"},\"query-input\":{\"@type\":\"PropertyValueSpecification\",\"valueRequired\":true,\"valueName\":\"search_term_string\"}}],\"inLanguage\":\"en-US\"},{\"@type\":[\"Person\",\"Organization\"],\"@id\":\"https:\\\/\\\/shrimataji.org\\\/test\\\/#\\\/schema\\\/person\\\/a1b3419c6585f164aa96da1ff85715d1\",\"name\":\"Nirmala Shrivastava\",\"image\":{\"@type\":\"ImageObject\",\"inLanguage\":\"en-US\",\"@id\":\"https:\\\/\\\/shrimataji.org\\\/test\\\/wp-content\\\/uploads\\\/2023\\\/02\\\/SMO_LOGO-03.svg\",\"url\":\"https:\\\/\\\/shrimataji.org\\\/test\\\/wp-content\\\/uploads\\\/2023\\\/02\\\/SMO_LOGO-03.svg\",\"contentUrl\":\"https:\\\/\\\/shrimataji.org\\\/test\\\/wp-content\\\/uploads\\\/2023\\\/02\\\/SMO_LOGO-03.svg\",\"width\":\"1024\",\"height\":\"1024\",\"caption\":\"Nirmala Shrivastava\"},\"logo\":{\"@id\":\"https:\\\/\\\/shrimataji.org\\\/test\\\/wp-content\\\/uploads\\\/2023\\\/02\\\/SMO_LOGO-03.svg\"},\"sameAs\":[\"https:\\\/\\\/shrimataji.org\\\/test\",\"https:\\\/\\\/www.facebook.com\\\/shrimataji\",\"https:\\\/\\\/x.com\\\/shrimataji\",\"https:\\\/\\\/www.youtube.com\\\/@Shri_Mataji_Nirmala_Devi\\\/featured\"]}]}<\/script>\n<!-- \/ Yoast SEO plugin. -->","yoast_head_json":{"title":"Le chakra du c\u0153ur ou l'Anahata - TEST - SMND","robots":{"index":"noindex","follow":"follow","max-snippet":"max-snippet:-1","max-image-preview":"max-image-preview:large","max-video-preview":"max-video-preview:-1"},"og_locale":"en_US","og_type":"article","og_title":"Le chakra du c\u0153ur ou l'Anahata - TEST - SMND","og_description":"Le chakra de l&#8217;Anahata ou du C\u0153ur Un amour inconditionnel et sans peur L&#8217;esprit \u00e9ternel omnipr\u00e9sent (Atma) p\u00e9n\u00e8tre dans le cerveau au stade de la formation du f\u0153tus. Shri Mataji d\u00e9crit ce moment comme le premier battement de c\u0153ur. Ce c\u0153ur battant se d\u00e9veloppe pr\u00e8s de la t\u00eate du f\u0153tus est ensuite pouss\u00e9 vers le&hellip; Read more","og_url":"https:\/\/shrimataji.org\/test\/fr\/le-chakra-du-coeur-ou-anahata\/","og_site_name":"TEST - SMND","article_publisher":"https:\/\/www.facebook.com\/shrimataji","article_modified_time":"2026-02-15T16:04:06+00:00","og_image":[{"width":2560,"height":905,"url":"https:\/\/shrimataji.org\/test\/wp-content\/uploads\/2023\/03\/19_Banner-SY-Chakra-anahat-scaled.jpg","type":"image\/jpeg"}],"twitter_card":"summary_large_image","twitter_site":"@shrimataji","twitter_misc":{"Est. reading time":"4 minutes"},"schema":{"@context":"https:\/\/schema.org","@graph":[{"@type":"WebPage","@id":"https:\/\/shrimataji.org\/test\/fr\/le-chakra-du-coeur-ou-anahata\/","url":"https:\/\/shrimataji.org\/test\/fr\/le-chakra-du-coeur-ou-anahata\/","name":"Le chakra du c\u0153ur ou l'Anahata - TEST - SMND","isPartOf":{"@id":"https:\/\/shrimataji.org\/test\/#website"},"primaryImageOfPage":{"@id":"https:\/\/shrimataji.org\/test\/fr\/le-chakra-du-coeur-ou-anahata\/#primaryimage"},"image":{"@id":"https:\/\/shrimataji.org\/test\/fr\/le-chakra-du-coeur-ou-anahata\/#primaryimage"},"thumbnailUrl":"https:\/\/shrimataji.org\/test\/wp-content\/uploads\/2023\/03\/19_Banner-SY-Chakra-anahat-scaled.jpg","datePublished":"2022-03-05T07:42:03+00:00","dateModified":"2026-02-15T16:04:06+00:00","breadcrumb":{"@id":"https:\/\/shrimataji.org\/test\/fr\/le-chakra-du-coeur-ou-anahata\/#breadcrumb"},"inLanguage":"en-US","potentialAction":[{"@type":"ReadAction","target":["https:\/\/shrimataji.org\/test\/fr\/le-chakra-du-coeur-ou-anahata\/"]}]},{"@type":"ImageObject","inLanguage":"en-US","@id":"https:\/\/shrimataji.org\/test\/fr\/le-chakra-du-coeur-ou-anahata\/#primaryimage","url":"https:\/\/shrimataji.org\/test\/wp-content\/uploads\/2023\/03\/19_Banner-SY-Chakra-anahat-scaled.jpg","contentUrl":"https:\/\/shrimataji.org\/test\/wp-content\/uploads\/2023\/03\/19_Banner-SY-Chakra-anahat-scaled.jpg","width":2560,"height":905},{"@type":"BreadcrumbList","@id":"https:\/\/shrimataji.org\/test\/fr\/le-chakra-du-coeur-ou-anahata\/#breadcrumb","itemListElement":[{"@type":"ListItem","position":1,"name":"Home","item":"https:\/\/shrimataji.org\/test\/uk\/home-en\/"},{"@type":"ListItem","position":2,"name":"Le chakra du c\u0153ur ou l&#8217;Anahata"}]},{"@type":"WebSite","@id":"https:\/\/shrimataji.org\/test\/#website","url":"https:\/\/shrimataji.org\/test\/","name":"Shri Mataji Nirmala Devi","description":"A Life Dedicated to Humanity","publisher":{"@id":"https:\/\/shrimataji.org\/test\/#\/schema\/person\/a1b3419c6585f164aa96da1ff85715d1"},"potentialAction":[{"@type":"SearchAction","target":{"@type":"EntryPoint","urlTemplate":"https:\/\/shrimataji.org\/test\/?s={search_term_string}"},"query-input":{"@type":"PropertyValueSpecification","valueRequired":true,"valueName":"search_term_string"}}],"inLanguage":"en-US"},{"@type":["Person","Organization"],"@id":"https:\/\/shrimataji.org\/test\/#\/schema\/person\/a1b3419c6585f164aa96da1ff85715d1","name":"Nirmala Shrivastava","image":{"@type":"ImageObject","inLanguage":"en-US","@id":"https:\/\/shrimataji.org\/test\/wp-content\/uploads\/2023\/02\/SMO_LOGO-03.svg","url":"https:\/\/shrimataji.org\/test\/wp-content\/uploads\/2023\/02\/SMO_LOGO-03.svg","contentUrl":"https:\/\/shrimataji.org\/test\/wp-content\/uploads\/2023\/02\/SMO_LOGO-03.svg","width":"1024","height":"1024","caption":"Nirmala Shrivastava"},"logo":{"@id":"https:\/\/shrimataji.org\/test\/wp-content\/uploads\/2023\/02\/SMO_LOGO-03.svg"},"sameAs":["https:\/\/shrimataji.org\/test","https:\/\/www.facebook.com\/shrimataji","https:\/\/x.com\/shrimataji","https:\/\/www.youtube.com\/@Shri_Mataji_Nirmala_Devi\/featured"]}]}},"lang":"fr","translations":{"fr":10720,"ur":37389,"en":6490,"am":17960,"th":19885,"hu":19435,"sq":18361,"zh":17258,"hi":8331,"tr":10132,"pt":10349,"de":10622,"it":10818,"es":10916,"ja":11213,"ru":11401,"bn":11593,"te":11701,"sw":11824,"he":11972,"el":12263,"sk":12361,"fa":12459,"fi":12557,"bg":13370,"ro":14444,"cs":14637,"nl":16521,"ku":16681,"ar":16857,"be":18568,"kn":18842,"mr":20249,"uk":20541,"ml":20840,"ta":22676,"sv":22949,"gu":28797,"pa":28955,"fil":29395,"da":37703,"pl":37920,"nn":38255},"pll_sync_post":[],"_links":{"self":[{"href":"https:\/\/shrimataji.org\/test\/wp-json\/wp\/v2\/pages\/10720","targetHints":{"allow":["GET"]}}],"collection":[{"href":"https:\/\/shrimataji.org\/test\/wp-json\/wp\/v2\/pages"}],"about":[{"href":"https:\/\/shrimataji.org\/test\/wp-json\/wp\/v2\/types\/page"}],"author":[{"embeddable":true,"href":"https:\/\/shrimataji.org\/test\/wp-json\/wp\/v2\/users\/7"}],"replies":[{"embeddable":true,"href":"https:\/\/shrimataji.org\/test\/wp-json\/wp\/v2\/comments?post=10720"}],"version-history":[{"count":0,"href":"https:\/\/shrimataji.org\/test\/wp-json\/wp\/v2\/pages\/10720\/revisions"}],"wp:featuredmedia":[{"embeddable":true,"href":"https:\/\/shrimataji.org\/test\/wp-json\/wp\/v2\/media\/9254"}],"wp:attachment":[{"href":"https:\/\/shrimataji.org\/test\/wp-json\/wp\/v2\/media?parent=10720"}],"curies":[{"name":"wp","href":"https:\/\/api.w.org\/{rel}","templated":true}]}}