{"id":10723,"date":"2022-01-29T10:07:35","date_gmt":"2022-01-29T10:07:35","guid":{"rendered":"https:\/\/test.shrimataji.org\/?page_id=6397"},"modified":"2026-02-06T08:34:23","modified_gmt":"2026-02-06T08:34:23","slug":"l-atma","status":"publish","type":"page","link":"https:\/\/shrimataji.org\/test\/fr\/l-atma\/","title":{"rendered":"L&#8217;Atma"},"content":{"rendered":"\n\n\t<h1>L&#8217;Atma<\/h1>\n<h2>Le Soi \u00e9ternel<\/h2>\n<div class=\"su-quote su-quote-style-default\"><div class=\"su-quote-inner su-u-clearfix su-u-trim\">Une \u00e9toile brille en nous, et c&#8217;est l&#8217;Esprit.<\/div><\/div>\n\t<h4>\u00c0 un stade tr\u00e8s pr\u00e9coce du d\u00e9veloppement du f\u0153tus humain, l&#8217;Atma (mot sanskrit signifiant l&#8217;Esprit \u00e9ternel) p\u00e9n\u00e8tre pour la premi\u00e8re fois dans le c\u0153ur du f\u0153tus, qui commence alors \u00e0 battre. Biologiquement, notre c\u0153ur se d\u00e9veloppe pr\u00e8s de la t\u00eate de l&#8217;embryon, dans la zone cardiog\u00e9nique, puis est pouss\u00e9 vers le bas dans la poitrine \u00e0 mesure que notre corps se d\u00e9veloppe. L&#8217;Atma r\u00e9side dans le c\u0153ur comme un spectateur silencieux de notre vie et ne devient conscient que par la R\u00e9alisation du Soi. Il est le reflet de l&#8217;\u00eatre primordial en nous. Il n&#8217;\u00e9volue pas, mais l&#8217;\u00e9volution de la conscience humaine apour but d&#8217;atteindre cet Esprit.<\/h4>\n\t<p>Alors que la philosophie occidentale s&#8217;articule autour de l&#8217;individualisme et du d\u00e9veloppement de la personnalit\u00e9 ou de l&#8217;ego, la philosophie orientale est li\u00e9e \u00e0 la collectivit\u00e9 et am\u00e8ne l&#8217;individu vers l&#8217;int\u00e9rieur, vers notre Esprit.<\/p>\n<figure itemscope itemtype=\"https:\/\/schema.org\/ImageObject\">\n\t\t\t\t<a href=\"https:\/\/shrimataji.org\/test\/wp-content\/uploads\/2023\/02\/4a-Atma-01.png\"  target=\"_blank\" rel=\"noopener\"  itemprop=\"url\">\n\t\t\t\t<img decoding=\"async\" src=\"https:\/\/shrimataji.org\/test\/wp-content\/uploads\/2023\/02\/4a-Atma-01.png\" alt=\"4a-Atma-01\" height=\"3426\" width=\"3214\" title=\"4a-Atma-01\" onerror=\"this.style.display='none'\" loading=\"lazy\" \/>\n\t\t\t\t<\/a>\n\t<\/figure>\n\t<p>Shri Mataji d\u00e9crit comment la coupure du cordon ombilical \u00e0 la naissance provoque une s\u00e9paration dans notre conscience de la conscience divine absolue dans le canal subtil central ou Sushumna. Sur un plan mat\u00e9riel, cette s\u00e9paration correspond \u00e0 l&#8217;\u00e9cart entre le plexus solaire et le nerf vague du syst\u00e8me nerveux parasympathique. Ce ph\u00e9nom\u00e8ne a \u00e9t\u00e9 nomm\u00e9 dans de nombreux textes anciens, par exemple \u00ab le Vide \u00bb dans le syst\u00e8me zen et \u00ab Maya \u00bb (illusion) dans l&#8217;hindouisme.<\/p>\n<p>Plus tard, vers cinq ans, notre ego et notre superego grandissent et recouvrent les h\u00e9misph\u00e8res gauche et droit du cerveau correspondant aux extr\u00e9mit\u00e9s des syst\u00e8mes nerveux sympathique gauche et droit, coupant notre lien \u00e0 l&#8217;Inconscient collectif. Notre conscience en tant qu&#8217;entit\u00e9 distincte prend le dessus sur l&#8217;Atma et nous sommes isol\u00e9s du Tout.<\/p>\n\t<p>Par le proc\u00e9d\u00e9 de la <a href=\"https:\/\/shrimataji.org\/test\/fr\/faire-l-experience\/\" target=\"_blank\" rel=\"noopener\"><u>R\u00e9alisation du Soi<\/u><\/a> quand la <a href=\"https:\/\/shrimataji.org\/test\/fr\/la-kundalini\/\" target=\"_blank\" rel=\"noopener\"><u>Kundalini<\/u><\/a> s&#8217;\u00e9l\u00e8ve, elle rejoint le c\u0153ur et illumine l&#8217;Atma.\u00a0 Nous commen\u00e7ons alors \u00e0 ressentirla joie de l&#8217;existence, une des qualit\u00e9s fondamentales de cet Esprit ou Atma.\u00a0 Gr\u00e2ce \u00e0 l&#8217;ouverture du <a href=\"https:\/\/shrimataji.org\/test\/fr\/le-chakra-du-sahasrara\/\" target=\"_blank\" rel=\"noopener\">chakra du Sahasrara<\/a>, le dernier centre \u00e9nerg\u00e9tique plac\u00e9 au niveau de la grande fontanelle, notre Esprit individuel se reconnecte \u00e0 la Puissance universelle omnipr\u00e9sente.<\/p>\n<p>Nous sommes baign\u00e9s dans la f\u00e9licit\u00e9 d&#8217;\u00eatre uni \u00e0 cette puissance qui impr\u00e8gne l&#8217;univers. M\u00eame un soup\u00e7on de cette joie (que nous pouvons percevoir lorsque quelques brins de Kundalini s&#8217;\u00e9l\u00e8vent au-dessus de notre t\u00eate) peut servir de guide \u00e0 notre cheminement spirituel. Une fois que nous avons ressenti cette joie, nous ne voulons plus la perdre et nous nous abstenons automatiquement de toute attitude ou comportement susceptible de nuire \u00e0 son maintien et \u00e0 son d\u00e9veloppement. C&#8217;est pourquoi il y a tr\u00e8s peu de r\u00e8gles dans le Sahaja Yoga et aucun dogme en tant que tel.<\/p>\n<figure itemscope itemtype=\"https:\/\/schema.org\/ImageObject\">\n\t\t\t\t<img decoding=\"async\" src=\"https:\/\/shrimataji.org\/test\/wp-content\/uploads\/2023\/02\/GISELE_MOURA_HAF_10DEZ2022__14-scaled.jpg\" alt=\"GISELE_MOURA_HAF_10DEZ2022__14\" height=\"1918\" width=\"2560\" title=\"GISELE_MOURA_HAF_10DEZ2022__14\" onerror=\"this.style.display='none'\" loading=\"lazy\" \/>\n\t<\/figure>\n\t<div class=\"su-quote su-quote-style-default\"><div class=\"su-quote-inner su-u-clearfix su-u-trim\">Il faut ensuite savoir que nous sommes en paix, car l&#8217;Esprit est la source de la paix. Une fois que vous devenez l&#8217;Esprit, celui-ci entre dans votre attention et vous devenez une personne tr\u00e8s paisible. C&#8217;est comme si vous \u00e9tiez \u00e0 la p\u00e9riph\u00e9rie, comme sur une roue : si vous \u00eates \u00e0 la p\u00e9riph\u00e9rie, vous \u00eates en mouvement constant, mais au centre de la roue, tout est parfaitement paisible. Ainsi, comme si vous sautiez au centre et que vous voyiez le mouvement de la roue: vous \u00eates au centre et vous n&#8217;\u00eates pas perturb\u00e9. Vous pouvez voir les probl\u00e8mes tr\u00e8s facilement et les r\u00e9soudre. <\/div><\/div>\n\t\t<img decoding=\"async\" data-spai-excluded=\"true\" loading=\"lazy\"  alt=\"YouTube player\"  src=\"https:\/\/i.ytimg.com\/vi\/8-7C4nLmAI4\/maxresdefault.jpg\"  \/><button aria-label=\"Play\"><\/button><meta itemprop=\"embedUrl\" content=\"https:\/\/www.youtube.com\/embed\/8-7C4nLmAI4\"\/><meta itemprop=\"name\" content=\"The nature of the Spirit\"\/><meta itemprop=\"description\" content=\"YouTube video\"\/><meta itemprop=\"thumbnailUrl\" content=\"https:\/\/i.ytimg.com\/vi\/8-7C4nLmAI4\/0.jpg\"\/><meta itemprop=\"duration\" content=\"PT1M54S\"\/><meta itemprop=\"uploadDate\" content=\"2022-11-12T03:25:59Z\"\/>\t\n\t<p>Adi Shankaracharya, l&#8217;un des ma\u00eetres spirituels les plus renomm\u00e9s de l&#8217;Inde, d\u00e9crit cet \u00e9tat absolu de conscience de l&#8217;\u00eatre collectif qui se refl\u00e8te dans le c\u0153ur comme une f\u00e9licit\u00e9 \u00e9ternelle, dans les magnifiques versets de l&#8217; &#8220;Atma Shatakam&#8221;.<\/p>\n\t<p><em>&#8220;Manobuddhyahamkar. Chittani Na Aham<\/em><\/p>\n<p>Je ne suis ni l&#8217;intelligence, ni l&#8217;esprit, ni l&#8217;attention, ni l&#8217;ego<\/p>\n<p><em>Na cha Shrotr. Jihve, Na cha ghraan Netreghraan Netre<\/em><\/p>\n<p>Je ne suis ni les organes de l&#8217;ou\u00efe, ni ceux du go\u00fbt, de l&#8217;odorat ou de la vue<\/p>\n<p><em>Na cha vyom. Bhumir Na Tejo Na Vayu<\/em><\/p>\n<p>Je ne suis ni le ciel, ni la terre, ni le feu, ni l&#8217;air<\/p>\n<p><i>Chidanand. Rupah., Shivo.ham, Shivo.ham<\/i><\/p>\n<p>Je suis f\u00e9licit\u00e9 \u00e9ternelle et conscience, je suis Shiva, je suis Shiva&#8221;<\/p>\n\t<div class=\"su-quote su-quote-style-default\"><div class=\"su-quote-inner su-u-clearfix su-u-trim\">&#8220;La v\u00e9rit\u00e9, c&#8217;est que vous n&#8217;\u00eates pas ce corps, vous n&#8217;\u00eates pas cet intellect, vous n&#8217;\u00eates pas ces \u00e9motions, mais vous \u00eates l&#8217;Esprit.&#8221;<\/div><\/div>\n\n","protected":false},"excerpt":{"rendered":"<p>L&#8217;Atma Le Soi \u00e9ternel \u00c0 un stade tr\u00e8s pr\u00e9coce du d\u00e9veloppement du f\u0153tus humain, l&#8217;Atma (mot sanskrit signifiant l&#8217;Esprit \u00e9ternel) p\u00e9n\u00e8tre pour la premi\u00e8re fois dans le c\u0153ur du f\u0153tus, qui commence alors \u00e0 battre. Biologiquement, notre c\u0153ur se d\u00e9veloppe pr\u00e8s de la t\u00eate de l&#8217;embryon, dans la zone cardiog\u00e9nique, puis est pouss\u00e9 vers le&hellip; <br \/> <a class=\"read-more\" href=\"https:\/\/shrimataji.org\/test\/fr\/l-atma\/\">Read more<\/a><\/p>\n","protected":false},"author":7,"featured_media":9243,"parent":0,"menu_order":0,"comment_status":"closed","ping_status":"closed","template":"","meta":{"inline_featured_image":false,"footnotes":"","advanced-sidebar-menu\/link-title":"","advanced-sidebar-menu\/exclude-page":false},"class_list":["post-10723","page","type-page","status-publish","has-post-thumbnail","hentry"],"yoast_head":"<!-- This site is optimized with the Yoast SEO plugin v27.6 - https:\/\/yoast.com\/product\/yoast-seo-wordpress\/ -->\n<title>L&#039;Atma - TEST - SMND<\/title>\n<meta name=\"robots\" content=\"noindex, follow, max-snippet:-1, max-image-preview:large, max-video-preview:-1\" \/>\n<meta property=\"og:locale\" content=\"en_US\" \/>\n<meta property=\"og:type\" content=\"article\" \/>\n<meta property=\"og:title\" content=\"L&#039;Atma - TEST - SMND\" \/>\n<meta property=\"og:description\" content=\"L&#8217;Atma Le Soi \u00e9ternel \u00c0 un stade tr\u00e8s pr\u00e9coce du d\u00e9veloppement du f\u0153tus humain, l&#8217;Atma (mot sanskrit signifiant l&#8217;Esprit \u00e9ternel) p\u00e9n\u00e8tre pour la premi\u00e8re fois dans le c\u0153ur du f\u0153tus, qui commence alors \u00e0 battre. Biologiquement, notre c\u0153ur se d\u00e9veloppe pr\u00e8s de la t\u00eate de l&#8217;embryon, dans la zone cardiog\u00e9nique, puis est pouss\u00e9 vers le&hellip; Read more\" \/>\n<meta property=\"og:url\" content=\"https:\/\/shrimataji.org\/test\/fr\/l-atma\/\" \/>\n<meta property=\"og:site_name\" content=\"TEST - SMND\" \/>\n<meta property=\"article:publisher\" content=\"https:\/\/www.facebook.com\/shrimataji\" \/>\n<meta property=\"article:modified_time\" content=\"2026-02-06T08:34:23+00:00\" \/>\n<meta property=\"og:image\" content=\"https:\/\/shrimataji.org\/test\/wp-content\/uploads\/2023\/03\/8_Banner-SY-Atma-scaled.jpg\" \/>\n\t<meta property=\"og:image:width\" content=\"2560\" \/>\n\t<meta property=\"og:image:height\" content=\"905\" \/>\n\t<meta property=\"og:image:type\" content=\"image\/jpeg\" \/>\n<meta name=\"twitter:card\" content=\"summary_large_image\" \/>\n<meta name=\"twitter:site\" content=\"@shrimataji\" \/>\n<meta name=\"twitter:label1\" content=\"Est. reading time\" \/>\n\t<meta name=\"twitter:data1\" content=\"4 minutes\" \/>\n<script type=\"application\/ld+json\" class=\"yoast-schema-graph\">{\"@context\":\"https:\\\/\\\/schema.org\",\"@graph\":[{\"@type\":\"WebPage\",\"@id\":\"https:\\\/\\\/shrimataji.org\\\/test\\\/fr\\\/l-atma\\\/\",\"url\":\"https:\\\/\\\/shrimataji.org\\\/test\\\/fr\\\/l-atma\\\/\",\"name\":\"L'Atma - TEST - SMND\",\"isPartOf\":{\"@id\":\"https:\\\/\\\/shrimataji.org\\\/test\\\/#website\"},\"primaryImageOfPage\":{\"@id\":\"https:\\\/\\\/shrimataji.org\\\/test\\\/fr\\\/l-atma\\\/#primaryimage\"},\"image\":{\"@id\":\"https:\\\/\\\/shrimataji.org\\\/test\\\/fr\\\/l-atma\\\/#primaryimage\"},\"thumbnailUrl\":\"https:\\\/\\\/shrimataji.org\\\/test\\\/wp-content\\\/uploads\\\/2023\\\/03\\\/8_Banner-SY-Atma-scaled.jpg\",\"datePublished\":\"2022-01-29T10:07:35+00:00\",\"dateModified\":\"2026-02-06T08:34:23+00:00\",\"breadcrumb\":{\"@id\":\"https:\\\/\\\/shrimataji.org\\\/test\\\/fr\\\/l-atma\\\/#breadcrumb\"},\"inLanguage\":\"en-US\",\"potentialAction\":[{\"@type\":\"ReadAction\",\"target\":[\"https:\\\/\\\/shrimataji.org\\\/test\\\/fr\\\/l-atma\\\/\"]}]},{\"@type\":\"ImageObject\",\"inLanguage\":\"en-US\",\"@id\":\"https:\\\/\\\/shrimataji.org\\\/test\\\/fr\\\/l-atma\\\/#primaryimage\",\"url\":\"https:\\\/\\\/shrimataji.org\\\/test\\\/wp-content\\\/uploads\\\/2023\\\/03\\\/8_Banner-SY-Atma-scaled.jpg\",\"contentUrl\":\"https:\\\/\\\/shrimataji.org\\\/test\\\/wp-content\\\/uploads\\\/2023\\\/03\\\/8_Banner-SY-Atma-scaled.jpg\",\"width\":2560,\"height\":905},{\"@type\":\"BreadcrumbList\",\"@id\":\"https:\\\/\\\/shrimataji.org\\\/test\\\/fr\\\/l-atma\\\/#breadcrumb\",\"itemListElement\":[{\"@type\":\"ListItem\",\"position\":1,\"name\":\"Home\",\"item\":\"https:\\\/\\\/shrimataji.org\\\/test\\\/uk\\\/home-en\\\/\"},{\"@type\":\"ListItem\",\"position\":2,\"name\":\"L&#8217;Atma\"}]},{\"@type\":\"WebSite\",\"@id\":\"https:\\\/\\\/shrimataji.org\\\/test\\\/#website\",\"url\":\"https:\\\/\\\/shrimataji.org\\\/test\\\/\",\"name\":\"Shri Mataji Nirmala Devi\",\"description\":\"A Life Dedicated to Humanity\",\"publisher\":{\"@id\":\"https:\\\/\\\/shrimataji.org\\\/test\\\/#\\\/schema\\\/person\\\/a1b3419c6585f164aa96da1ff85715d1\"},\"potentialAction\":[{\"@type\":\"SearchAction\",\"target\":{\"@type\":\"EntryPoint\",\"urlTemplate\":\"https:\\\/\\\/shrimataji.org\\\/test\\\/?s={search_term_string}\"},\"query-input\":{\"@type\":\"PropertyValueSpecification\",\"valueRequired\":true,\"valueName\":\"search_term_string\"}}],\"inLanguage\":\"en-US\"},{\"@type\":[\"Person\",\"Organization\"],\"@id\":\"https:\\\/\\\/shrimataji.org\\\/test\\\/#\\\/schema\\\/person\\\/a1b3419c6585f164aa96da1ff85715d1\",\"name\":\"Nirmala Shrivastava\",\"image\":{\"@type\":\"ImageObject\",\"inLanguage\":\"en-US\",\"@id\":\"https:\\\/\\\/shrimataji.org\\\/test\\\/wp-content\\\/uploads\\\/2023\\\/02\\\/SMO_LOGO-03.svg\",\"url\":\"https:\\\/\\\/shrimataji.org\\\/test\\\/wp-content\\\/uploads\\\/2023\\\/02\\\/SMO_LOGO-03.svg\",\"contentUrl\":\"https:\\\/\\\/shrimataji.org\\\/test\\\/wp-content\\\/uploads\\\/2023\\\/02\\\/SMO_LOGO-03.svg\",\"width\":\"1024\",\"height\":\"1024\",\"caption\":\"Nirmala Shrivastava\"},\"logo\":{\"@id\":\"https:\\\/\\\/shrimataji.org\\\/test\\\/wp-content\\\/uploads\\\/2023\\\/02\\\/SMO_LOGO-03.svg\"},\"sameAs\":[\"https:\\\/\\\/shrimataji.org\\\/test\",\"https:\\\/\\\/www.facebook.com\\\/shrimataji\",\"https:\\\/\\\/x.com\\\/shrimataji\",\"https:\\\/\\\/www.youtube.com\\\/@Shri_Mataji_Nirmala_Devi\\\/featured\"]}]}<\/script>\n<!-- \/ Yoast SEO plugin. -->","yoast_head_json":{"title":"L'Atma - TEST - SMND","robots":{"index":"noindex","follow":"follow","max-snippet":"max-snippet:-1","max-image-preview":"max-image-preview:large","max-video-preview":"max-video-preview:-1"},"og_locale":"en_US","og_type":"article","og_title":"L'Atma - TEST - SMND","og_description":"L&#8217;Atma Le Soi \u00e9ternel \u00c0 un stade tr\u00e8s pr\u00e9coce du d\u00e9veloppement du f\u0153tus humain, l&#8217;Atma (mot sanskrit signifiant l&#8217;Esprit \u00e9ternel) p\u00e9n\u00e8tre pour la premi\u00e8re fois dans le c\u0153ur du f\u0153tus, qui commence alors \u00e0 battre. Biologiquement, notre c\u0153ur se d\u00e9veloppe pr\u00e8s de la t\u00eate de l&#8217;embryon, dans la zone cardiog\u00e9nique, puis est pouss\u00e9 vers le&hellip; Read more","og_url":"https:\/\/shrimataji.org\/test\/fr\/l-atma\/","og_site_name":"TEST - SMND","article_publisher":"https:\/\/www.facebook.com\/shrimataji","article_modified_time":"2026-02-06T08:34:23+00:00","og_image":[{"width":2560,"height":905,"url":"https:\/\/shrimataji.org\/test\/wp-content\/uploads\/2023\/03\/8_Banner-SY-Atma-scaled.jpg","type":"image\/jpeg"}],"twitter_card":"summary_large_image","twitter_site":"@shrimataji","twitter_misc":{"Est. reading time":"4 minutes"},"schema":{"@context":"https:\/\/schema.org","@graph":[{"@type":"WebPage","@id":"https:\/\/shrimataji.org\/test\/fr\/l-atma\/","url":"https:\/\/shrimataji.org\/test\/fr\/l-atma\/","name":"L'Atma - TEST - SMND","isPartOf":{"@id":"https:\/\/shrimataji.org\/test\/#website"},"primaryImageOfPage":{"@id":"https:\/\/shrimataji.org\/test\/fr\/l-atma\/#primaryimage"},"image":{"@id":"https:\/\/shrimataji.org\/test\/fr\/l-atma\/#primaryimage"},"thumbnailUrl":"https:\/\/shrimataji.org\/test\/wp-content\/uploads\/2023\/03\/8_Banner-SY-Atma-scaled.jpg","datePublished":"2022-01-29T10:07:35+00:00","dateModified":"2026-02-06T08:34:23+00:00","breadcrumb":{"@id":"https:\/\/shrimataji.org\/test\/fr\/l-atma\/#breadcrumb"},"inLanguage":"en-US","potentialAction":[{"@type":"ReadAction","target":["https:\/\/shrimataji.org\/test\/fr\/l-atma\/"]}]},{"@type":"ImageObject","inLanguage":"en-US","@id":"https:\/\/shrimataji.org\/test\/fr\/l-atma\/#primaryimage","url":"https:\/\/shrimataji.org\/test\/wp-content\/uploads\/2023\/03\/8_Banner-SY-Atma-scaled.jpg","contentUrl":"https:\/\/shrimataji.org\/test\/wp-content\/uploads\/2023\/03\/8_Banner-SY-Atma-scaled.jpg","width":2560,"height":905},{"@type":"BreadcrumbList","@id":"https:\/\/shrimataji.org\/test\/fr\/l-atma\/#breadcrumb","itemListElement":[{"@type":"ListItem","position":1,"name":"Home","item":"https:\/\/shrimataji.org\/test\/uk\/home-en\/"},{"@type":"ListItem","position":2,"name":"L&#8217;Atma"}]},{"@type":"WebSite","@id":"https:\/\/shrimataji.org\/test\/#website","url":"https:\/\/shrimataji.org\/test\/","name":"Shri Mataji Nirmala Devi","description":"A Life Dedicated to Humanity","publisher":{"@id":"https:\/\/shrimataji.org\/test\/#\/schema\/person\/a1b3419c6585f164aa96da1ff85715d1"},"potentialAction":[{"@type":"SearchAction","target":{"@type":"EntryPoint","urlTemplate":"https:\/\/shrimataji.org\/test\/?s={search_term_string}"},"query-input":{"@type":"PropertyValueSpecification","valueRequired":true,"valueName":"search_term_string"}}],"inLanguage":"en-US"},{"@type":["Person","Organization"],"@id":"https:\/\/shrimataji.org\/test\/#\/schema\/person\/a1b3419c6585f164aa96da1ff85715d1","name":"Nirmala Shrivastava","image":{"@type":"ImageObject","inLanguage":"en-US","@id":"https:\/\/shrimataji.org\/test\/wp-content\/uploads\/2023\/02\/SMO_LOGO-03.svg","url":"https:\/\/shrimataji.org\/test\/wp-content\/uploads\/2023\/02\/SMO_LOGO-03.svg","contentUrl":"https:\/\/shrimataji.org\/test\/wp-content\/uploads\/2023\/02\/SMO_LOGO-03.svg","width":"1024","height":"1024","caption":"Nirmala Shrivastava"},"logo":{"@id":"https:\/\/shrimataji.org\/test\/wp-content\/uploads\/2023\/02\/SMO_LOGO-03.svg"},"sameAs":["https:\/\/shrimataji.org\/test","https:\/\/www.facebook.com\/shrimataji","https:\/\/x.com\/shrimataji","https:\/\/www.youtube.com\/@Shri_Mataji_Nirmala_Devi\/featured"]}]}},"lang":"fr","translations":{"fr":10723,"ur":37394,"en":6397,"am":17965,"th":19892,"hu":19440,"sq":18366,"zh":17263,"hi":7360,"tr":10135,"pt":10352,"de":10625,"it":10821,"es":10919,"ja":11216,"ru":11404,"bn":11596,"te":11704,"sw":11827,"he":11975,"el":12266,"sk":12364,"fa":12462,"fi":12560,"bg":13393,"ro":14467,"cs":14660,"nl":16526,"ku":16686,"ar":16862,"be":18573,"kn":18847,"mr":20256,"uk":20548,"ml":20847,"ta":22681,"sv":22954,"gu":28802,"pa":28960,"fil":29400,"da":37708,"pl":37925,"nn":38260},"pll_sync_post":{},"_links":{"self":[{"href":"https:\/\/shrimataji.org\/test\/wp-json\/wp\/v2\/pages\/10723","targetHints":{"allow":["GET"]}}],"collection":[{"href":"https:\/\/shrimataji.org\/test\/wp-json\/wp\/v2\/pages"}],"about":[{"href":"https:\/\/shrimataji.org\/test\/wp-json\/wp\/v2\/types\/page"}],"author":[{"embeddable":true,"href":"https:\/\/shrimataji.org\/test\/wp-json\/wp\/v2\/users\/7"}],"replies":[{"embeddable":true,"href":"https:\/\/shrimataji.org\/test\/wp-json\/wp\/v2\/comments?post=10723"}],"version-history":[{"count":0,"href":"https:\/\/shrimataji.org\/test\/wp-json\/wp\/v2\/pages\/10723\/revisions"}],"wp:featuredmedia":[{"embeddable":true,"href":"https:\/\/shrimataji.org\/test\/wp-json\/wp\/v2\/media\/9243"}],"wp:attachment":[{"href":"https:\/\/shrimataji.org\/test\/wp-json\/wp\/v2\/media?parent=10723"}],"curies":[{"name":"wp","href":"https:\/\/api.w.org\/{rel}","templated":true}]}}