{"id":10724,"date":"2018-07-10T06:54:50","date_gmt":"2018-07-10T06:54:50","guid":{"rendered":"http:\/\/testwordpress.nirmalnagari.org\/smnd\/index.php\/awards\/"},"modified":"2026-01-12T10:06:05","modified_gmt":"2026-01-12T10:06:05","slug":"prix-et-recompenses","status":"publish","type":"page","link":"https:\/\/shrimataji.org\/test\/fr\/prix-et-recompenses\/","title":{"rendered":"Prix et r\u00e9compenses"},"content":{"rendered":"\n\n\t<h1>Prix et r\u00e9compenses<\/h1>\n<h2>Reconnaissances internationales<\/h2>\n<p>&nbsp;<\/p>\n\t<h4>L&#8217;\u0153uvre humanitaire et spirituelle de Shri Mataji attire l&#8217;admiration d&#8217;innombrables personnes, de plus de 95 nations, qui ont b\u00e9n\u00e9fici\u00e9 personnellement de ses enseignements, mais aussi de gouvernements, de dignitaires, d&#8217;institutions \u00e9ducatives et d&#8217;organisations humanitaires.<\/h4>\n<p>En reconnaissance de la nature non seulement scientifique mais aussi v\u00e9rifiable de ses enseignements, l&#8217;Acad\u00e9mie Petrovskaya des Arts et des Sciences de Saint-P\u00e9tersbourg a fait de Shri Mataji l&#8217;un de ses Membres Honoraires, lui disant: &#8220;Vous \u00eates m\u00eame plus grande que la science.&#8221;<\/p>\n<p>D&#8217;autres, comme Claes Nobel, l&#8217;ont remerci\u00e9e pour apporter de l&#8217;espoir \u00e0 l&#8217;humanit\u00e9. Elle a accept\u00e9 toutes ces r\u00e9compenses avec son humilit\u00e9 caract\u00e9ristique, en louant les efforts d&#8217;autrui et en insistant sur les r\u00e9sultats collectifs, plut\u00f4t qu&#8217;individuels.<\/p>\n<p>Malgr\u00e9 ses innombrables voyages, Shri Mataji n&#8217;a jamais fait allusion \u00e0 son emploi du temps exigeant autant que fatigant. Elle disait faire le travail d&#8217;une m\u00e8re aimante qui s&#8217;occupe du bien-\u00eatre de ses enfants.<\/p>\n\t\t<iframe loading=\"lazy\" title=\"Claes Nobel - Tribute to Shri Mataji\" width=\"1920\" height=\"1080\" src=\"https:\/\/www.youtube.com\/embed\/K4ftCStNzWk?feature=oembed\" frameborder=\"0\" allow=\"accelerometer; autoplay; clipboard-write; encrypted-media; gyroscope; picture-in-picture; web-share\" allowfullscreen><\/iframe>\t\n\t\t\t\t<img decoding=\"async\" src=\"https:\/\/shrimataji.org\/test\/wp-content\/uploads\/2026\/01\/Fr_shri-mataji-at-the-womens-conference-in-beijing-13.09.1995.jpg\" alt=\"Conf\u00e9rence des Nations Unies de 1995, \u00e0 Beijing, en Chine\" itemprop=\"image\" height=\"888\" width=\"1362\" title=\"Fr_shri-mataji-at-the-womens-conference-in-beijing-13.09.1995\" onerror=\"this.style.display='none'\" loading=\"lazy\" \/>\n\t\tConf\u00e9rence des Nations Unies de 1995, \u00e0 Beijing, en Chine\n\t<p><strong>Une s\u00e9lection de prix et de r\u00e9compenses<\/strong><\/p>\n<p>Shri Mataji a \u00e9t\u00e9 reconnue internationalement par plusieurs institutions prestigieuses pour son \u0153uvre g\u00e9n\u00e9reuse et pour les r\u00e9sultats remarquables de ses enseignements spirituels \u00e0 travers Sahaja Yoga. Quelques-uns de ces titres apparaissent dans la liste ci-dessous.<\/p>\n<strong>Italie, 1986<\/strong><br \/>\nD\u00e9clar\u00e9e &#8216;Personnalit\u00e9 de l&#8217;Ann\u00e9e&#8217; par le gouvernement italien.\n<strong>Moscou, Russie, 1989<\/strong><br \/>\nSuite \u00e0 la rencontre de Shri Mataji et du Ministre de la Sant\u00e9 de l&#8217;Union Sovi\u00e9tique, Sahaja Yoga a re\u00e7u le plein parrainage du gouvernement, y compris des fonds pour la recherche scientifique.\n<strong>New York, 1990-1994<\/strong><br \/>\nInvit\u00e9e par les Nations Unies quatre ann\u00e9es cons\u00e9cutives pour parler des moyens d&#8217;accomplir une paix mondiale.\n<strong>St P\u00e9tersbourgs, Russie, 1993<\/strong><br \/>\nNomm\u00e9e Membre Honoraire de l&#8217;Acad\u00e9mie Petrovskaya des Arts et des Sciences. Dans l&#8217;histoire de cette Acad\u00e9mie, seuls douze personnes ont obtenu cet honneur, parmi elles, Einstein. Shri Mataji a inaugur\u00e9 la premi\u00e8re Conf\u00e9rence Internationale de M\u00e9decine et de Connaissance de Soi, qui est devenue un \u00e9v\u00e9nement annuel de l&#8217;Acad\u00e9mie par la suite.\n<strong>Br\u00e9sil, 1994<\/strong><br \/>\n&#8211; Le maire de Brasilia a re\u00e7u Shri Mataji \u00e0 l&#8217;a\u00e9roport en lui pr\u00e9sentant les clefs de la ville et en sponsorisant toutes ses conf\u00e9rence.\n<strong>New York, 1994<\/strong><br \/>\nLe 26 septembre a \u00e9t\u00e9 d\u00e9clar\u00e9 \u00ab Jour de Shri Mataji Nirmala Devi \u00bb. Une escorte de police lui a \u00e9t\u00e9 offerte pour une parade de bienvenue en son honneur pour c\u00e9l\u00e9brer son association avec le Mahatma Gandhi.\n<strong>Colombie britannique, Canada, 1994<\/strong><br \/>\nUne lettre de bienvenue lui a \u00e9t\u00e9 adress\u00e9e par le Premier Ministre de la Province de Colombie britannique, Mr Mike Harcourt, de la part du peuple canadien.\n<strong>Roumanie, 1995<\/strong><strong><br \/>\n<\/strong>A re\u00e7u un Doctorat Honorifique en Science Cognitive par le Professeur D. Drimer, Pr\u00e9sident de l&#8217;Universit\u00e9 d&#8217;\u00c9cologie de Bucarest.\n<strong>Chine, 1995<\/strong><strong><br \/>\n<\/strong>Invit\u00e9e officielle du gouvernement chinois pour parler \u00e0 la Conf\u00e9rence Internationale des Femmes aux Nations Unies.\n<strong>Pune, Inde, 1996<\/strong><strong><br \/>\n<\/strong>A l&#8217;occasion du 700\u00e8me anniversaire du Saint Dnyaneshwara, Shri Mataji a fait un discours lors de la Conf\u00e9rence Mondiale de Philosophie au Parlement de la Science, de la Religion et de la Philosophie o\u00f9 elle a \u00e9t\u00e9 f\u00e9licit\u00e9e pour son mouvement spirituel, Sahaja Yoga.\n<strong>Londres, 1997<\/strong><strong><br \/>\n<\/strong>M. Claes Nobel, petit-neveu d&#8217;Alfred Nobel, pr\u00e9sident de &#8216;United Earth&#8217; et de la Soci\u00e9t\u00e9 Nationale des Universitaires, a rendu hommage \u00e0 la vie et \u00e0 l&#8217;\u0153uvre de Shri Mataji dans un discours public au Royal Albert Hall.\n<strong>USA, 105\u00e8me Congr\u00e8s, 1997 et 106\u00e8me Congr\u00e8s, 2000 <\/strong><strong><br \/>\n<\/strong>Un discours honorifique a \u00e9t\u00e9 lu par M. Eliot Engle, membre du Congr\u00e8s, f\u00e9licitant Shri Mataji pour son travail d\u00e9vou\u00e9 et infatigable pour l&#8217;humanit\u00e9.\n<strong>Cabella Ligure, Italie, 2006<\/strong><strong><br \/>\n<\/strong>La citoyennet\u00e9 italienne d&#8217;honneur a \u00e9t\u00e9 accord\u00e9e \u00e0 Shri Mataji. La c\u00e9r\u00e9monie a \u00e9t\u00e9 suivie par l&#8217;inauguration de la \u00ab Fondation Mondiale de Sahaja Yoga de Shri Mataji Nirmala Devi \u00bb. Cette fondation est situ\u00e9e \u00e0 Cabella Ligure.\n<p>&nbsp;<\/p>\n\t\t\t\t<img decoding=\"async\" src=\"https:\/\/shrimataji.org\/test\/wp-content\/uploads\/2026\/01\/Fr_lwp-3459.jpg\" alt=\"Cabella Ligure en Italie\" itemprop=\"image\" height=\"427\" width=\"640\" title=\"Fr_lwp-3459\" onerror=\"this.style.display='none'\" loading=\"lazy\" \/>\n\t\tCabella Ligure en Italie\n\t<p>&nbsp;<\/p>\n<div class=\"su-quote su-quote-style-default\"><div class=\"su-quote-inner su-u-clearfix su-u-trim\">La position d&#8217;une m\u00e8re est diff\u00e9rente, cette patience, cet amour et ce pardon sont inn\u00e9s chez une m\u00e8re&#8230; son attitude est tr\u00e8s diff\u00e9rente. ce n&#8217;est pas pour r\u00e9aliser quelque chose, obtenir une renomm\u00e9e ou une sorte de r\u00e9compense ou autre qu&#8217;elle le fait&#8230; elle le fait parce que c&#8217;est une m\u00e8re.<\/div><\/div>\n\n","protected":false},"excerpt":{"rendered":"<p>Prix et r\u00e9compenses Reconnaissances internationales &nbsp; L&#8217;\u0153uvre humanitaire et spirituelle de Shri Mataji attire l&#8217;admiration d&#8217;innombrables personnes, de plus de 95 nations, qui ont b\u00e9n\u00e9fici\u00e9 personnellement de ses enseignements, mais aussi de gouvernements, de dignitaires, d&#8217;institutions \u00e9ducatives et d&#8217;organisations humanitaires. En reconnaissance de la nature non seulement scientifique mais aussi v\u00e9rifiable de ses enseignements, l&#8217;Acad\u00e9mie&hellip; <br \/> <a class=\"read-more\" href=\"https:\/\/shrimataji.org\/test\/fr\/prix-et-recompenses\/\">Read more<\/a><\/p>\n","protected":false},"author":7,"featured_media":156,"parent":0,"menu_order":0,"comment_status":"closed","ping_status":"closed","template":"","meta":{"inline_featured_image":false,"footnotes":""},"class_list":["post-10724","page","type-page","status-publish","has-post-thumbnail","hentry"],"yoast_head":"<!-- This site is optimized with the Yoast SEO plugin v27.4 - https:\/\/yoast.com\/product\/yoast-seo-wordpress\/ -->\n<title>Prix et r\u00e9compenses - TEST - SMND<\/title>\n<meta name=\"robots\" content=\"noindex, follow, max-snippet:-1, max-image-preview:large, max-video-preview:-1\" \/>\n<meta property=\"og:locale\" content=\"en_US\" \/>\n<meta property=\"og:type\" content=\"article\" \/>\n<meta property=\"og:title\" content=\"Prix et r\u00e9compenses - TEST - SMND\" \/>\n<meta property=\"og:description\" content=\"Prix et r\u00e9compenses Reconnaissances internationales &nbsp; L&#8217;\u0153uvre humanitaire et spirituelle de Shri Mataji attire l&#8217;admiration d&#8217;innombrables personnes, de plus de 95 nations, qui ont b\u00e9n\u00e9fici\u00e9 personnellement de ses enseignements, mais aussi de gouvernements, de dignitaires, d&#8217;institutions \u00e9ducatives et d&#8217;organisations humanitaires. En reconnaissance de la nature non seulement scientifique mais aussi v\u00e9rifiable de ses enseignements, l&#8217;Acad\u00e9mie&hellip; Read more\" \/>\n<meta property=\"og:url\" content=\"https:\/\/shrimataji.org\/test\/fr\/prix-et-recompenses\/\" \/>\n<meta property=\"og:site_name\" content=\"TEST - SMND\" \/>\n<meta property=\"article:publisher\" content=\"https:\/\/www.facebook.com\/shrimataji\" \/>\n<meta property=\"article:modified_time\" content=\"2026-01-12T10:06:05+00:00\" \/>\n<meta property=\"og:image\" content=\"https:\/\/shrimataji.org\/test\/wp-content\/uploads\/2018\/07\/media_originals\/images\/headers-life-awards\/shri-mataji-recieves-recognition-in-moscow-russia.jpg\" \/>\n\t<meta property=\"og:image:width\" content=\"990\" \/>\n\t<meta property=\"og:image:height\" content=\"350\" \/>\n\t<meta property=\"og:image:type\" content=\"image\/jpeg\" \/>\n<meta name=\"twitter:card\" content=\"summary_large_image\" \/>\n<meta name=\"twitter:site\" content=\"@shrimataji\" \/>\n<script type=\"application\/ld+json\" class=\"yoast-schema-graph\">{\"@context\":\"https:\\\/\\\/schema.org\",\"@graph\":[{\"@type\":\"WebPage\",\"@id\":\"https:\\\/\\\/shrimataji.org\\\/test\\\/fr\\\/prix-et-recompenses\\\/\",\"url\":\"https:\\\/\\\/shrimataji.org\\\/test\\\/fr\\\/prix-et-recompenses\\\/\",\"name\":\"Prix et r\u00e9compenses - TEST - SMND\",\"isPartOf\":{\"@id\":\"https:\\\/\\\/shrimataji.org\\\/test\\\/#website\"},\"primaryImageOfPage\":{\"@id\":\"https:\\\/\\\/shrimataji.org\\\/test\\\/fr\\\/prix-et-recompenses\\\/#primaryimage\"},\"image\":{\"@id\":\"https:\\\/\\\/shrimataji.org\\\/test\\\/fr\\\/prix-et-recompenses\\\/#primaryimage\"},\"thumbnailUrl\":\"https:\\\/\\\/shrimataji.org\\\/test\\\/wp-content\\\/uploads\\\/2018\\\/07\\\/media_originals\\\/images\\\/headers-life-awards\\\/shri-mataji-recieves-recognition-in-moscow-russia.jpg\",\"datePublished\":\"2018-07-10T06:54:50+00:00\",\"dateModified\":\"2026-01-12T10:06:05+00:00\",\"breadcrumb\":{\"@id\":\"https:\\\/\\\/shrimataji.org\\\/test\\\/fr\\\/prix-et-recompenses\\\/#breadcrumb\"},\"inLanguage\":\"en-US\",\"potentialAction\":[{\"@type\":\"ReadAction\",\"target\":[\"https:\\\/\\\/shrimataji.org\\\/test\\\/fr\\\/prix-et-recompenses\\\/\"]}]},{\"@type\":\"ImageObject\",\"inLanguage\":\"en-US\",\"@id\":\"https:\\\/\\\/shrimataji.org\\\/test\\\/fr\\\/prix-et-recompenses\\\/#primaryimage\",\"url\":\"https:\\\/\\\/shrimataji.org\\\/test\\\/wp-content\\\/uploads\\\/2018\\\/07\\\/media_originals\\\/images\\\/headers-life-awards\\\/shri-mataji-recieves-recognition-in-moscow-russia.jpg\",\"contentUrl\":\"https:\\\/\\\/shrimataji.org\\\/test\\\/wp-content\\\/uploads\\\/2018\\\/07\\\/media_originals\\\/images\\\/headers-life-awards\\\/shri-mataji-recieves-recognition-in-moscow-russia.jpg\",\"width\":990,\"height\":350},{\"@type\":\"BreadcrumbList\",\"@id\":\"https:\\\/\\\/shrimataji.org\\\/test\\\/fr\\\/prix-et-recompenses\\\/#breadcrumb\",\"itemListElement\":[{\"@type\":\"ListItem\",\"position\":1,\"name\":\"Home\",\"item\":\"https:\\\/\\\/shrimataji.org\\\/test\\\/uk\\\/home-en\\\/\"},{\"@type\":\"ListItem\",\"position\":2,\"name\":\"Prix et r\u00e9compenses\"}]},{\"@type\":\"WebSite\",\"@id\":\"https:\\\/\\\/shrimataji.org\\\/test\\\/#website\",\"url\":\"https:\\\/\\\/shrimataji.org\\\/test\\\/\",\"name\":\"Shri Mataji Nirmala Devi\",\"description\":\"A Life Dedicated to Humanity\",\"publisher\":{\"@id\":\"https:\\\/\\\/shrimataji.org\\\/test\\\/#\\\/schema\\\/person\\\/a1b3419c6585f164aa96da1ff85715d1\"},\"potentialAction\":[{\"@type\":\"SearchAction\",\"target\":{\"@type\":\"EntryPoint\",\"urlTemplate\":\"https:\\\/\\\/shrimataji.org\\\/test\\\/?s={search_term_string}\"},\"query-input\":{\"@type\":\"PropertyValueSpecification\",\"valueRequired\":true,\"valueName\":\"search_term_string\"}}],\"inLanguage\":\"en-US\"},{\"@type\":[\"Person\",\"Organization\"],\"@id\":\"https:\\\/\\\/shrimataji.org\\\/test\\\/#\\\/schema\\\/person\\\/a1b3419c6585f164aa96da1ff85715d1\",\"name\":\"Nirmala Shrivastava\",\"image\":{\"@type\":\"ImageObject\",\"inLanguage\":\"en-US\",\"@id\":\"https:\\\/\\\/shrimataji.org\\\/test\\\/wp-content\\\/uploads\\\/2023\\\/02\\\/SMO_LOGO-03.svg\",\"url\":\"https:\\\/\\\/shrimataji.org\\\/test\\\/wp-content\\\/uploads\\\/2023\\\/02\\\/SMO_LOGO-03.svg\",\"contentUrl\":\"https:\\\/\\\/shrimataji.org\\\/test\\\/wp-content\\\/uploads\\\/2023\\\/02\\\/SMO_LOGO-03.svg\",\"width\":\"1024\",\"height\":\"1024\",\"caption\":\"Nirmala Shrivastava\"},\"logo\":{\"@id\":\"https:\\\/\\\/shrimataji.org\\\/test\\\/wp-content\\\/uploads\\\/2023\\\/02\\\/SMO_LOGO-03.svg\"},\"sameAs\":[\"https:\\\/\\\/shrimataji.org\\\/test\",\"https:\\\/\\\/www.facebook.com\\\/shrimataji\",\"https:\\\/\\\/x.com\\\/shrimataji\",\"https:\\\/\\\/www.youtube.com\\\/@Shri_Mataji_Nirmala_Devi\\\/featured\"]}]}<\/script>\n<!-- \/ Yoast SEO plugin. -->","yoast_head_json":{"title":"Prix et r\u00e9compenses - TEST - SMND","robots":{"index":"noindex","follow":"follow","max-snippet":"max-snippet:-1","max-image-preview":"max-image-preview:large","max-video-preview":"max-video-preview:-1"},"og_locale":"en_US","og_type":"article","og_title":"Prix et r\u00e9compenses - TEST - SMND","og_description":"Prix et r\u00e9compenses Reconnaissances internationales &nbsp; L&#8217;\u0153uvre humanitaire et spirituelle de Shri Mataji attire l&#8217;admiration d&#8217;innombrables personnes, de plus de 95 nations, qui ont b\u00e9n\u00e9fici\u00e9 personnellement de ses enseignements, mais aussi de gouvernements, de dignitaires, d&#8217;institutions \u00e9ducatives et d&#8217;organisations humanitaires. En reconnaissance de la nature non seulement scientifique mais aussi v\u00e9rifiable de ses enseignements, l&#8217;Acad\u00e9mie&hellip; Read more","og_url":"https:\/\/shrimataji.org\/test\/fr\/prix-et-recompenses\/","og_site_name":"TEST - SMND","article_publisher":"https:\/\/www.facebook.com\/shrimataji","article_modified_time":"2026-01-12T10:06:05+00:00","og_image":[{"width":990,"height":350,"url":"https:\/\/shrimataji.org\/test\/wp-content\/uploads\/2018\/07\/media_originals\/images\/headers-life-awards\/shri-mataji-recieves-recognition-in-moscow-russia.jpg","type":"image\/jpeg"}],"twitter_card":"summary_large_image","twitter_site":"@shrimataji","schema":{"@context":"https:\/\/schema.org","@graph":[{"@type":"WebPage","@id":"https:\/\/shrimataji.org\/test\/fr\/prix-et-recompenses\/","url":"https:\/\/shrimataji.org\/test\/fr\/prix-et-recompenses\/","name":"Prix et r\u00e9compenses - TEST - SMND","isPartOf":{"@id":"https:\/\/shrimataji.org\/test\/#website"},"primaryImageOfPage":{"@id":"https:\/\/shrimataji.org\/test\/fr\/prix-et-recompenses\/#primaryimage"},"image":{"@id":"https:\/\/shrimataji.org\/test\/fr\/prix-et-recompenses\/#primaryimage"},"thumbnailUrl":"https:\/\/shrimataji.org\/test\/wp-content\/uploads\/2018\/07\/media_originals\/images\/headers-life-awards\/shri-mataji-recieves-recognition-in-moscow-russia.jpg","datePublished":"2018-07-10T06:54:50+00:00","dateModified":"2026-01-12T10:06:05+00:00","breadcrumb":{"@id":"https:\/\/shrimataji.org\/test\/fr\/prix-et-recompenses\/#breadcrumb"},"inLanguage":"en-US","potentialAction":[{"@type":"ReadAction","target":["https:\/\/shrimataji.org\/test\/fr\/prix-et-recompenses\/"]}]},{"@type":"ImageObject","inLanguage":"en-US","@id":"https:\/\/shrimataji.org\/test\/fr\/prix-et-recompenses\/#primaryimage","url":"https:\/\/shrimataji.org\/test\/wp-content\/uploads\/2018\/07\/media_originals\/images\/headers-life-awards\/shri-mataji-recieves-recognition-in-moscow-russia.jpg","contentUrl":"https:\/\/shrimataji.org\/test\/wp-content\/uploads\/2018\/07\/media_originals\/images\/headers-life-awards\/shri-mataji-recieves-recognition-in-moscow-russia.jpg","width":990,"height":350},{"@type":"BreadcrumbList","@id":"https:\/\/shrimataji.org\/test\/fr\/prix-et-recompenses\/#breadcrumb","itemListElement":[{"@type":"ListItem","position":1,"name":"Home","item":"https:\/\/shrimataji.org\/test\/uk\/home-en\/"},{"@type":"ListItem","position":2,"name":"Prix et r\u00e9compenses"}]},{"@type":"WebSite","@id":"https:\/\/shrimataji.org\/test\/#website","url":"https:\/\/shrimataji.org\/test\/","name":"Shri Mataji Nirmala Devi","description":"A Life Dedicated to Humanity","publisher":{"@id":"https:\/\/shrimataji.org\/test\/#\/schema\/person\/a1b3419c6585f164aa96da1ff85715d1"},"potentialAction":[{"@type":"SearchAction","target":{"@type":"EntryPoint","urlTemplate":"https:\/\/shrimataji.org\/test\/?s={search_term_string}"},"query-input":{"@type":"PropertyValueSpecification","valueRequired":true,"valueName":"search_term_string"}}],"inLanguage":"en-US"},{"@type":["Person","Organization"],"@id":"https:\/\/shrimataji.org\/test\/#\/schema\/person\/a1b3419c6585f164aa96da1ff85715d1","name":"Nirmala Shrivastava","image":{"@type":"ImageObject","inLanguage":"en-US","@id":"https:\/\/shrimataji.org\/test\/wp-content\/uploads\/2023\/02\/SMO_LOGO-03.svg","url":"https:\/\/shrimataji.org\/test\/wp-content\/uploads\/2023\/02\/SMO_LOGO-03.svg","contentUrl":"https:\/\/shrimataji.org\/test\/wp-content\/uploads\/2023\/02\/SMO_LOGO-03.svg","width":"1024","height":"1024","caption":"Nirmala Shrivastava"},"logo":{"@id":"https:\/\/shrimataji.org\/test\/wp-content\/uploads\/2023\/02\/SMO_LOGO-03.svg"},"sameAs":["https:\/\/shrimataji.org\/test","https:\/\/www.facebook.com\/shrimataji","https:\/\/x.com\/shrimataji","https:\/\/www.youtube.com\/@Shri_Mataji_Nirmala_Devi\/featured"]}]}},"lang":"fr","translations":{"fr":10724,"ur":37691,"en":437,"am":17967,"th":19895,"hu":19442,"sq":18368,"zh":17265,"tr":10136,"pt":10353,"de":10626,"it":10822,"es":10920,"ja":11217,"ru":11405,"bn":11597,"te":11705,"sw":11828,"he":11976,"el":12267,"sk":12365,"fa":12463,"fi":12561,"bg":13438,"ro":14512,"cs":14705,"nl":16528,"ku":16688,"ar":16864,"be":18575,"kn":18849,"mr":20259,"uk":20551,"ml":20850,"ta":22683,"sv":22956,"gu":28804,"pa":28962,"fil":29402,"da":37710,"pl":37927,"nn":38262},"pll_sync_post":[],"_links":{"self":[{"href":"https:\/\/shrimataji.org\/test\/wp-json\/wp\/v2\/pages\/10724","targetHints":{"allow":["GET"]}}],"collection":[{"href":"https:\/\/shrimataji.org\/test\/wp-json\/wp\/v2\/pages"}],"about":[{"href":"https:\/\/shrimataji.org\/test\/wp-json\/wp\/v2\/types\/page"}],"author":[{"embeddable":true,"href":"https:\/\/shrimataji.org\/test\/wp-json\/wp\/v2\/users\/7"}],"replies":[{"embeddable":true,"href":"https:\/\/shrimataji.org\/test\/wp-json\/wp\/v2\/comments?post=10724"}],"version-history":[{"count":0,"href":"https:\/\/shrimataji.org\/test\/wp-json\/wp\/v2\/pages\/10724\/revisions"}],"wp:featuredmedia":[{"embeddable":true,"href":"https:\/\/shrimataji.org\/test\/wp-json\/wp\/v2\/media\/156"}],"wp:attachment":[{"href":"https:\/\/shrimataji.org\/test\/wp-json\/wp\/v2\/media?parent=10724"}],"curies":[{"name":"wp","href":"https:\/\/api.w.org\/{rel}","templated":true}]}}