{"id":10725,"date":"2022-01-29T09:51:00","date_gmt":"2022-01-29T09:51:00","guid":{"rendered":"https:\/\/test.shrimataji.org\/?page_id=6388"},"modified":"2025-11-12T16:26:40","modified_gmt":"2025-11-12T16:26:40","slug":"devenir-un-maitre","status":"publish","type":"page","link":"https:\/\/shrimataji.org\/test\/fr\/devenir-un-maitre\/","title":{"rendered":"Devenir un ma\u00eetre"},"content":{"rendered":"\n\n\t<h1>Devenir un ma\u00eetre<\/h1>\n<h2>\u00c9veillez votre principe du gourou<\/h2>\n<p>su_quote] Mais nous sommes bien au-dessus de tous ces outils ordinaires, m\u00eame les plus complexes, m\u00eame les plus avanc\u00e9s et les plus d\u00e9velopp\u00e9s par la science. Car nous atteignons un \u00e9tat o\u00f9 nous devenons nous-m\u00eames la science, la science de la v\u00e9rit\u00e9, de la v\u00e9rit\u00e9 absolue. Donc, ce dont un gourou a besoin, c&#8217;est l&#8217;estime de lui-m\u00eame. [\/su_quote]\n<p><strong>Shri Mataji a insist\u00e9 sur le fait que l&#8217;on pouvait atteindre l&#8217;\u00e9tat de ma\u00eetrise de soi d\u00e8s les premiers jours de notre pratique du Sahaja Yoga. Contrairement \u00e0 d&#8217;autres disciplines qui n\u00e9cessitent des ann\u00e9es d&#8217;apprentissage sous la supervision \u00e9troite d&#8217;un ma\u00eetre ou d&#8217;un gourou, la m\u00e9ditation Sahaja Yoga se concentre sur l&#8217;acc\u00e8s \u00e0 notre propre principe inn\u00e9 de ma\u00eetrise de soi, venant de l&#8217;Esprit \u00e9clair\u00e9.<\/strong><\/p>\n<p>Toute v\u00e9ritable connaissance doit passer par notre syst\u00e8me nerveux central. La conscience subtile des vibrations, d\u00e9clench\u00e9e par la R\u00e9alisation du Soi, est comme un sixi\u00e8me sens. Elle s&#8217;\u00e9tablit par la pratique de la m\u00e9ditation Sahaja Yoga. Elle devient un outil pour v\u00e9rifier notre propre connaissance de nous-m\u00eames et des autres, car c&#8217;est une nouvelle dimension de la conscience.<\/p>\n<p>Une fois que nous avons atteint cet \u00e9tat de ma\u00eetrise de soi inn\u00e9e, nous voyons clairement les choses telles qu&#8217;elles sont et non telles que nous les croyions auparavant. Nous ne suivons pas aveugl\u00e9ment une foi, une religion, des doctrines ou des dogmes ; au contraire, notre perspective change lorsque nous observons tout avec notre conscience vibratoire, qui transcende la dualit\u00e9 de notre mental limit\u00e9.<\/p>\n<p>Au d\u00e9but, ces exp\u00e9riences divines peuvent ne durer que quelques instants, mais \u00e0 mesure que nous progressons sinc\u00e8rement dans la m\u00e9ditation Sahaja Yoga, ces exp\u00e9riences profondes deviennent partie int\u00e9grante de notre vie. Nous arrivons \u00e0 affronter toutes les facettes de notre vie avec bien plus de s\u00e9r\u00e9nit\u00e9 et \u00e0 ma\u00eetriser des situations qui nous semblaient auparavant intimidantes ou p\u00e9nibles.<\/p>\n<p>Cet \u00e9tat de ma\u00eetrise de soi nous permet de ressentir un \u00e9quilibre harmonieux dans notre vie quotidienne. Mais il nous rend \u00e9galement capables d&#8217;amener les autres vers ce bel \u00e9tat de R\u00e9alisation du Soi. De nombreux Sahaja Yogis ont vu leur vie, celle de leur famille, de leurs amis et m\u00eame celle de la soci\u00e9t\u00e9 dans laquelle ils vivent se transformer simplement en \u00e9tablissant en eux-m\u00eames cet \u00e9tat de ma\u00eetrise de soi ou principe du gourou.<\/p>\n<div class=\"su-quote su-quote-style-default\"><div class=\"su-quote-inner su-u-clearfix su-u-trim\"> De m\u00eame, lorsque vous \u00eates \u00e0 cette \u00e9l\u00e9vation ou dans cet \u00e9tat, sans rien dire, sans rien faire, m\u00eame un simple regard suffit pour vous manifester. <\/div><\/div>\n\n","protected":false},"excerpt":{"rendered":"<p>Devenir un ma\u00eetre \u00c9veillez votre principe du gourou su_quote] Mais nous sommes bien au-dessus de tous ces outils ordinaires, m\u00eame les plus complexes, m\u00eame les plus avanc\u00e9s et les plus d\u00e9velopp\u00e9s par la science. Car nous atteignons un \u00e9tat o\u00f9 nous devenons nous-m\u00eames la science, la science de la v\u00e9rit\u00e9, de la v\u00e9rit\u00e9 absolue. Donc,&hellip; <br \/> <a class=\"read-more\" href=\"https:\/\/shrimataji.org\/test\/fr\/devenir-un-maitre\/\">Read more<\/a><\/p>\n","protected":false},"author":7,"featured_media":9261,"parent":0,"menu_order":0,"comment_status":"closed","ping_status":"closed","template":"","meta":{"inline_featured_image":false,"footnotes":""},"class_list":["post-10725","page","type-page","status-publish","has-post-thumbnail","hentry"],"yoast_head":"<!-- This site is optimized with the Yoast SEO plugin v27.4 - https:\/\/yoast.com\/product\/yoast-seo-wordpress\/ -->\n<title>Devenir un ma\u00eetre - TEST - SMND<\/title>\n<meta name=\"robots\" content=\"noindex, follow, max-snippet:-1, max-image-preview:large, max-video-preview:-1\" \/>\n<meta property=\"og:locale\" content=\"en_US\" \/>\n<meta property=\"og:type\" content=\"article\" \/>\n<meta property=\"og:title\" content=\"Devenir un ma\u00eetre - TEST - SMND\" \/>\n<meta property=\"og:description\" content=\"Devenir un ma\u00eetre \u00c9veillez votre principe du gourou su_quote] Mais nous sommes bien au-dessus de tous ces outils ordinaires, m\u00eame les plus complexes, m\u00eame les plus avanc\u00e9s et les plus d\u00e9velopp\u00e9s par la science. Car nous atteignons un \u00e9tat o\u00f9 nous devenons nous-m\u00eames la science, la science de la v\u00e9rit\u00e9, de la v\u00e9rit\u00e9 absolue. Donc,&hellip; Read more\" \/>\n<meta property=\"og:url\" content=\"https:\/\/shrimataji.org\/test\/fr\/devenir-un-maitre\/\" \/>\n<meta property=\"og:site_name\" content=\"TEST - SMND\" \/>\n<meta property=\"article:publisher\" content=\"https:\/\/www.facebook.com\/shrimataji\" \/>\n<meta property=\"article:modified_time\" content=\"2025-11-12T16:26:40+00:00\" \/>\n<meta property=\"og:image\" content=\"https:\/\/shrimataji.org\/test\/wp-content\/uploads\/2023\/03\/26_Banner-SY-Master-scaled.jpg\" \/>\n\t<meta property=\"og:image:width\" content=\"2560\" \/>\n\t<meta property=\"og:image:height\" content=\"905\" \/>\n\t<meta property=\"og:image:type\" content=\"image\/jpeg\" \/>\n<meta name=\"twitter:card\" content=\"summary_large_image\" \/>\n<meta name=\"twitter:site\" content=\"@shrimataji\" \/>\n<meta name=\"twitter:label1\" content=\"Est. reading time\" \/>\n\t<meta name=\"twitter:data1\" content=\"2 minutes\" \/>\n<script type=\"application\/ld+json\" class=\"yoast-schema-graph\">{\"@context\":\"https:\\\/\\\/schema.org\",\"@graph\":[{\"@type\":\"WebPage\",\"@id\":\"https:\\\/\\\/shrimataji.org\\\/test\\\/fr\\\/devenir-un-maitre\\\/\",\"url\":\"https:\\\/\\\/shrimataji.org\\\/test\\\/fr\\\/devenir-un-maitre\\\/\",\"name\":\"Devenir un ma\u00eetre - TEST - SMND\",\"isPartOf\":{\"@id\":\"https:\\\/\\\/shrimataji.org\\\/test\\\/#website\"},\"primaryImageOfPage\":{\"@id\":\"https:\\\/\\\/shrimataji.org\\\/test\\\/fr\\\/devenir-un-maitre\\\/#primaryimage\"},\"image\":{\"@id\":\"https:\\\/\\\/shrimataji.org\\\/test\\\/fr\\\/devenir-un-maitre\\\/#primaryimage\"},\"thumbnailUrl\":\"https:\\\/\\\/shrimataji.org\\\/test\\\/wp-content\\\/uploads\\\/2023\\\/03\\\/26_Banner-SY-Master-scaled.jpg\",\"datePublished\":\"2022-01-29T09:51:00+00:00\",\"dateModified\":\"2025-11-12T16:26:40+00:00\",\"breadcrumb\":{\"@id\":\"https:\\\/\\\/shrimataji.org\\\/test\\\/fr\\\/devenir-un-maitre\\\/#breadcrumb\"},\"inLanguage\":\"en-US\",\"potentialAction\":[{\"@type\":\"ReadAction\",\"target\":[\"https:\\\/\\\/shrimataji.org\\\/test\\\/fr\\\/devenir-un-maitre\\\/\"]}]},{\"@type\":\"ImageObject\",\"inLanguage\":\"en-US\",\"@id\":\"https:\\\/\\\/shrimataji.org\\\/test\\\/fr\\\/devenir-un-maitre\\\/#primaryimage\",\"url\":\"https:\\\/\\\/shrimataji.org\\\/test\\\/wp-content\\\/uploads\\\/2023\\\/03\\\/26_Banner-SY-Master-scaled.jpg\",\"contentUrl\":\"https:\\\/\\\/shrimataji.org\\\/test\\\/wp-content\\\/uploads\\\/2023\\\/03\\\/26_Banner-SY-Master-scaled.jpg\",\"width\":2560,\"height\":905},{\"@type\":\"BreadcrumbList\",\"@id\":\"https:\\\/\\\/shrimataji.org\\\/test\\\/fr\\\/devenir-un-maitre\\\/#breadcrumb\",\"itemListElement\":[{\"@type\":\"ListItem\",\"position\":1,\"name\":\"Home\",\"item\":\"https:\\\/\\\/shrimataji.org\\\/test\\\/uk\\\/home-en\\\/\"},{\"@type\":\"ListItem\",\"position\":2,\"name\":\"Devenir un ma\u00eetre\"}]},{\"@type\":\"WebSite\",\"@id\":\"https:\\\/\\\/shrimataji.org\\\/test\\\/#website\",\"url\":\"https:\\\/\\\/shrimataji.org\\\/test\\\/\",\"name\":\"Shri Mataji Nirmala Devi\",\"description\":\"A Life Dedicated to Humanity\",\"publisher\":{\"@id\":\"https:\\\/\\\/shrimataji.org\\\/test\\\/#\\\/schema\\\/person\\\/a1b3419c6585f164aa96da1ff85715d1\"},\"potentialAction\":[{\"@type\":\"SearchAction\",\"target\":{\"@type\":\"EntryPoint\",\"urlTemplate\":\"https:\\\/\\\/shrimataji.org\\\/test\\\/?s={search_term_string}\"},\"query-input\":{\"@type\":\"PropertyValueSpecification\",\"valueRequired\":true,\"valueName\":\"search_term_string\"}}],\"inLanguage\":\"en-US\"},{\"@type\":[\"Person\",\"Organization\"],\"@id\":\"https:\\\/\\\/shrimataji.org\\\/test\\\/#\\\/schema\\\/person\\\/a1b3419c6585f164aa96da1ff85715d1\",\"name\":\"Nirmala Shrivastava\",\"image\":{\"@type\":\"ImageObject\",\"inLanguage\":\"en-US\",\"@id\":\"https:\\\/\\\/shrimataji.org\\\/test\\\/wp-content\\\/uploads\\\/2023\\\/02\\\/SMO_LOGO-03.svg\",\"url\":\"https:\\\/\\\/shrimataji.org\\\/test\\\/wp-content\\\/uploads\\\/2023\\\/02\\\/SMO_LOGO-03.svg\",\"contentUrl\":\"https:\\\/\\\/shrimataji.org\\\/test\\\/wp-content\\\/uploads\\\/2023\\\/02\\\/SMO_LOGO-03.svg\",\"width\":\"1024\",\"height\":\"1024\",\"caption\":\"Nirmala Shrivastava\"},\"logo\":{\"@id\":\"https:\\\/\\\/shrimataji.org\\\/test\\\/wp-content\\\/uploads\\\/2023\\\/02\\\/SMO_LOGO-03.svg\"},\"sameAs\":[\"https:\\\/\\\/shrimataji.org\\\/test\",\"https:\\\/\\\/www.facebook.com\\\/shrimataji\",\"https:\\\/\\\/x.com\\\/shrimataji\",\"https:\\\/\\\/www.youtube.com\\\/@Shri_Mataji_Nirmala_Devi\\\/featured\"]}]}<\/script>\n<!-- \/ Yoast SEO plugin. -->","yoast_head_json":{"title":"Devenir un ma\u00eetre - TEST - SMND","robots":{"index":"noindex","follow":"follow","max-snippet":"max-snippet:-1","max-image-preview":"max-image-preview:large","max-video-preview":"max-video-preview:-1"},"og_locale":"en_US","og_type":"article","og_title":"Devenir un ma\u00eetre - TEST - SMND","og_description":"Devenir un ma\u00eetre \u00c9veillez votre principe du gourou su_quote] Mais nous sommes bien au-dessus de tous ces outils ordinaires, m\u00eame les plus complexes, m\u00eame les plus avanc\u00e9s et les plus d\u00e9velopp\u00e9s par la science. Car nous atteignons un \u00e9tat o\u00f9 nous devenons nous-m\u00eames la science, la science de la v\u00e9rit\u00e9, de la v\u00e9rit\u00e9 absolue. Donc,&hellip; Read more","og_url":"https:\/\/shrimataji.org\/test\/fr\/devenir-un-maitre\/","og_site_name":"TEST - SMND","article_publisher":"https:\/\/www.facebook.com\/shrimataji","article_modified_time":"2025-11-12T16:26:40+00:00","og_image":[{"width":2560,"height":905,"url":"https:\/\/shrimataji.org\/test\/wp-content\/uploads\/2023\/03\/26_Banner-SY-Master-scaled.jpg","type":"image\/jpeg"}],"twitter_card":"summary_large_image","twitter_site":"@shrimataji","twitter_misc":{"Est. reading time":"2 minutes"},"schema":{"@context":"https:\/\/schema.org","@graph":[{"@type":"WebPage","@id":"https:\/\/shrimataji.org\/test\/fr\/devenir-un-maitre\/","url":"https:\/\/shrimataji.org\/test\/fr\/devenir-un-maitre\/","name":"Devenir un ma\u00eetre - TEST - SMND","isPartOf":{"@id":"https:\/\/shrimataji.org\/test\/#website"},"primaryImageOfPage":{"@id":"https:\/\/shrimataji.org\/test\/fr\/devenir-un-maitre\/#primaryimage"},"image":{"@id":"https:\/\/shrimataji.org\/test\/fr\/devenir-un-maitre\/#primaryimage"},"thumbnailUrl":"https:\/\/shrimataji.org\/test\/wp-content\/uploads\/2023\/03\/26_Banner-SY-Master-scaled.jpg","datePublished":"2022-01-29T09:51:00+00:00","dateModified":"2025-11-12T16:26:40+00:00","breadcrumb":{"@id":"https:\/\/shrimataji.org\/test\/fr\/devenir-un-maitre\/#breadcrumb"},"inLanguage":"en-US","potentialAction":[{"@type":"ReadAction","target":["https:\/\/shrimataji.org\/test\/fr\/devenir-un-maitre\/"]}]},{"@type":"ImageObject","inLanguage":"en-US","@id":"https:\/\/shrimataji.org\/test\/fr\/devenir-un-maitre\/#primaryimage","url":"https:\/\/shrimataji.org\/test\/wp-content\/uploads\/2023\/03\/26_Banner-SY-Master-scaled.jpg","contentUrl":"https:\/\/shrimataji.org\/test\/wp-content\/uploads\/2023\/03\/26_Banner-SY-Master-scaled.jpg","width":2560,"height":905},{"@type":"BreadcrumbList","@id":"https:\/\/shrimataji.org\/test\/fr\/devenir-un-maitre\/#breadcrumb","itemListElement":[{"@type":"ListItem","position":1,"name":"Home","item":"https:\/\/shrimataji.org\/test\/uk\/home-en\/"},{"@type":"ListItem","position":2,"name":"Devenir un ma\u00eetre"}]},{"@type":"WebSite","@id":"https:\/\/shrimataji.org\/test\/#website","url":"https:\/\/shrimataji.org\/test\/","name":"Shri Mataji Nirmala Devi","description":"A Life Dedicated to Humanity","publisher":{"@id":"https:\/\/shrimataji.org\/test\/#\/schema\/person\/a1b3419c6585f164aa96da1ff85715d1"},"potentialAction":[{"@type":"SearchAction","target":{"@type":"EntryPoint","urlTemplate":"https:\/\/shrimataji.org\/test\/?s={search_term_string}"},"query-input":{"@type":"PropertyValueSpecification","valueRequired":true,"valueName":"search_term_string"}}],"inLanguage":"en-US"},{"@type":["Person","Organization"],"@id":"https:\/\/shrimataji.org\/test\/#\/schema\/person\/a1b3419c6585f164aa96da1ff85715d1","name":"Nirmala Shrivastava","image":{"@type":"ImageObject","inLanguage":"en-US","@id":"https:\/\/shrimataji.org\/test\/wp-content\/uploads\/2023\/02\/SMO_LOGO-03.svg","url":"https:\/\/shrimataji.org\/test\/wp-content\/uploads\/2023\/02\/SMO_LOGO-03.svg","contentUrl":"https:\/\/shrimataji.org\/test\/wp-content\/uploads\/2023\/02\/SMO_LOGO-03.svg","width":"1024","height":"1024","caption":"Nirmala Shrivastava"},"logo":{"@id":"https:\/\/shrimataji.org\/test\/wp-content\/uploads\/2023\/02\/SMO_LOGO-03.svg"},"sameAs":["https:\/\/shrimataji.org\/test","https:\/\/www.facebook.com\/shrimataji","https:\/\/x.com\/shrimataji","https:\/\/www.youtube.com\/@Shri_Mataji_Nirmala_Devi\/featured"]}]}},"lang":"fr","translations":{"fr":10725,"ur":37398,"en":6388,"am":17969,"th":19898,"hu":19444,"sq":18370,"zh":17267,"hi":7370,"tr":10137,"pt":10354,"de":10627,"it":10823,"es":10921,"ja":11218,"ru":11406,"bn":11598,"te":11706,"sw":11829,"he":11977,"el":12268,"sk":12366,"fa":12464,"fi":12562,"bg":13400,"ro":14474,"cs":14667,"nl":16530,"ku":16690,"ar":16866,"be":18577,"kn":18851,"mr":20262,"uk":20554,"ml":20853,"ta":22685,"sv":22958,"gu":28806,"pa":28964,"fil":29404,"da":37712,"pl":37929,"nn":38264},"pll_sync_post":[],"_links":{"self":[{"href":"https:\/\/shrimataji.org\/test\/wp-json\/wp\/v2\/pages\/10725","targetHints":{"allow":["GET"]}}],"collection":[{"href":"https:\/\/shrimataji.org\/test\/wp-json\/wp\/v2\/pages"}],"about":[{"href":"https:\/\/shrimataji.org\/test\/wp-json\/wp\/v2\/types\/page"}],"author":[{"embeddable":true,"href":"https:\/\/shrimataji.org\/test\/wp-json\/wp\/v2\/users\/7"}],"replies":[{"embeddable":true,"href":"https:\/\/shrimataji.org\/test\/wp-json\/wp\/v2\/comments?post=10725"}],"version-history":[{"count":0,"href":"https:\/\/shrimataji.org\/test\/wp-json\/wp\/v2\/pages\/10725\/revisions"}],"wp:featuredmedia":[{"embeddable":true,"href":"https:\/\/shrimataji.org\/test\/wp-json\/wp\/v2\/media\/9261"}],"wp:attachment":[{"href":"https:\/\/shrimataji.org\/test\/wp-json\/wp\/v2\/media?parent=10725"}],"curies":[{"name":"wp","href":"https:\/\/api.w.org\/{rel}","templated":true}]}}