{"id":10726,"date":"2022-02-25T04:05:58","date_gmt":"2022-02-25T04:05:58","guid":{"rendered":"https:\/\/test.shrimataji.org\/?page_id=6476"},"modified":"2026-02-15T16:07:30","modified_gmt":"2026-02-15T16:07:30","slug":"chakras-et-qualites","status":"publish","type":"page","link":"https:\/\/shrimataji.org\/test\/fr\/chakras-et-qualites\/","title":{"rendered":"Chakras et qualit\u00e9s"},"content":{"rendered":"\n\n\t<h1><a href=\"#_ftnref1\" name=\"_ftn1\"><\/a>Chakras et qualit\u00e9s<\/h1>\n<h2>Les rouages de la vie<\/h2>\n<div class=\"su-quote su-quote-style-default\"><div class=\"su-quote-inner su-u-clearfix su-u-trim\">Les chakras sont cr\u00e9\u00e9s \u00e0 partir des cinq \u00e9l\u00e9ments de la nature: la terre, l&#8217;eau, l&#8217;air, le feu et l&#8217;\u00e9ther..<\/div><\/div>\n\t<h4>Shri Mataji a expliqu\u00e9 aux chercheurs comment ressentir les centres subtils (chakras) sur le corps et aux extr\u00e9mit\u00e9s des doigts des mains et des pieds. Selon l&#8217;\u00e9tat de notre psychisme humain, on peut ressentir diff\u00e9rentes sensations, de la chaleur \u00e0 la fra\u00eecheur en passant par des picotements physiques ou une lourdeur. Elle a patiemment d\u00e9cod\u00e9 chacune de ces sensations que les chercheurs \u00e9prouvaient en sa pr\u00e9sence, indiquant un probl\u00e8me au niveau physique, mental, \u00e9motionnel ou spirituel. Elle a soulign\u00e9 que cette exp\u00e9rience spirituelle est d\u00e9crite dans diverses \u00e9critures sacr\u00e9es, notamment dans les versets du Coran.<\/h4>\n\t<p>On l&#8217;appelle Qiyama [<a href=\"https:\/\/shrimataji.org\/test\/fr\/chakras-et-qualites\/#citation-note-1\">1<\/a>] dans le Coran, o\u00f9 il est dit que vos mains parleront et qu&#8217;elles vous diront tout sur vous et sur les autres. C&#8217;est exactement ce qui se passe: vous pouvez sentir vos centres subtils sur les doigts ainsi que ceux des autres. Ainsi, vous d\u00e9veloppez la connaissance de Soi et vous d\u00e9couvrez parall\u00e8lement la conscience collective.[\/su_quote]\n<p>On peut d\u00e9crire les chakras comme un faisceau de langues de flammes ou m\u00eame comme des p\u00e9tales de lotus. Chaque chakra poss\u00e8de un nombre diff\u00e9rent de p\u00e9tales correspondant au nombre de sous-plexus au sein du plexus nerveux. Les plexus nerveux r\u00e9gulent le flux d&#8217;informations dans notre corps et notre cerveau, ce qui facilite le fonctionnement harmonieux de notre \u00eatre. Ils sont \u00e0 la base de toutes nos activit\u00e9s physiques, mentales et \u00e9motionnelles. Ainsi, chaque chakra est associ\u00e9 \u00e0 certains traits physiques, mentaux et \u00e9motionnels. Lorsque nous \u00e9prouvons des troubles au niveau mental, \u00e9motionnel ou physique, cela est d\u00fb \u00e0 un blocage ou \u00e0 des obstacles subtils dans ces chakras.<\/p>\n<div class=\"su-quote su-quote-style-default\"><div class=\"su-quote-inner su-u-clearfix su-u-trim\">L&#8217;\u00e9nergie subtile p\u00e9n\u00e8tre par le centre du cerveau (Sahasrara Brahmarandhra) et touche six autres centres en descendant vers le bas. La manifestation mat\u00e9rielle de cette \u00e9nergie subtile est le canal central Sushumna dans la moelle \u00e9pini\u00e8re, appel\u00e9e syst\u00e8me nerveux parasympathique.<\/div><\/div>\n<p>Le syst\u00e8me nerveux co\u00efncide avec notre corps subtil, ce qui permet une corr\u00e9lation entre les cinq autres chakras situ\u00e9s dans la moelle \u00e9pini\u00e8re et les extr\u00e9mit\u00e9s correspondantes de nos mains et de nos pieds. Si l&#8217;on sait d\u00e9coder correctement ces correspondances, on peut apprendre \u00e0 ma\u00eetriser son \u00eatre physique, mental, \u00e9motionnel et spirituel. On n&#8217;est plus s\u00e9par\u00e9 de la r\u00e9alit\u00e9 universelle absolue, mais on peut se d\u00e9tacher des illusions des r\u00e9alit\u00e9s per\u00e7ues gr\u00e2ce \u00e0 la connaissance de soi.<\/p>\n<figure itemscope itemtype=\"https:\/\/schema.org\/ImageObject\">\n\t\t\t\t<img decoding=\"async\" src=\"https:\/\/shrimataji.org\/test\/wp-content\/uploads\/2025\/11\/FR-Chakras-Qualities-scaled.png\" alt=\"FR-Chakras &amp; Qualities\" height=\"2560\" width=\"2098\" title=\"FR-Chakras &amp; Qualities\" onerror=\"this.style.display='none'\" loading=\"lazy\" \/>\n\t<\/figure>\n\t<p>Les centres de notre syst\u00e8me subtil r\u00e9gulent non seulement notre bien-\u00eatre physique, mental et \u00e9motionnel, mais contribuent \u00e9galement \u00e0 fa\u00e7onner notre personnalit\u00e9. On peut les comprendre comme \u00e9tant un r\u00e9servoir de nos traits de personnalit\u00e9. D&#8217;ailleurs, ces traits de personnalit\u00e9 se d\u00e9voilent souvent inconsciemment. Pensez \u00e0 l&#8217;envie d&#8217;aider quelqu&#8217;un ou d&#8217;\u00eatre gentil ou g\u00e9n\u00e9reux dans une situation donn\u00e9e: d&#8217;o\u00f9 viennent ces sentiments? Les anciennes cultures orientales vivaient en utilisant la connaissance du syst\u00e8me subtil et fondaient leurs soci\u00e9t\u00e9s sur les valeurs sup\u00e9rieures de la vie spirituelle. On appelle ce code le Dharma en sanscrit, qui signifie &#8216;code de conduite juste&#8217;. On peut mettre les Dix Commandements transmis \u00e0 Mo\u00efse dans ce groupe. En fait, dans de nombreuses religions, cultures et traditions anciennes du monde, on retrouve d&#8217;autres exemples de ce code de conduite int\u00e9rieur, qui est en harmonie avec l&#8217;esprit universel.<\/p>\n\t\t<iframe loading=\"lazy\" title=\"Chakras - The Subtle Centers\" width=\"1920\" height=\"1080\" src=\"https:\/\/www.youtube.com\/embed\/8_ocwivaNcc?feature=oembed\" frameborder=\"0\" allow=\"accelerometer; autoplay; clipboard-write; encrypted-media; gyroscope; picture-in-picture; web-share\" allowfullscreen><\/iframe>\t\n\t<p>Les sections suivantes s&#8217;appuient sur les connaissances partag\u00e9es par Shri Mataji pour d\u00e9crire les centres subtils ou chakras et les traits de personnalit\u00e9 associ\u00e9s \u00e0 ces centres. Nous d\u00e9veloppons beaucoup de ces qualit\u00e9s au fur et \u00e0 mesure que nous grandissons. Les qualit\u00e9s subtiles sup\u00e9rieures de ces centres se manifestent pleinement apr\u00e8s notre R\u00e9alisation du Soi \u00e0 travers l&#8217;\u00e9veil de la <a href=\"https:\/\/shrimataji.org\/test\/fr\/la-kundalini\/\" target=\"_blank\" rel=\"noopener\"><u>Kundalini<\/u><\/a>.<\/p>\n<p>Le recours \u00e0 cette connaissance subtile des diff\u00e9rents centres peut nous aider \u00e0 vivre en harmonie avec notre nature spirituelle inn\u00e9e et avec nos semblables.<\/p>\n\t<hr \/>\n<p>\u00a0<a href=\"#citation-note-1\">[1]<\/a> fait r\u00e9f\u00e9rence \u00e0 Al-Qiyama ou Al-Qiyamah, connu comme le moment de la r\u00e9surrection dans le Coran.<\/p>\n\n","protected":false},"excerpt":{"rendered":"<p>Chakras et qualit\u00e9s Les rouages de la vie Shri Mataji a expliqu\u00e9 aux chercheurs comment ressentir les centres subtils (chakras) sur le corps et aux extr\u00e9mit\u00e9s des doigts des mains et des pieds. Selon l&#8217;\u00e9tat de notre psychisme humain, on peut ressentir diff\u00e9rentes sensations, de la chaleur \u00e0 la fra\u00eecheur en passant par des picotements&hellip; <br \/> <a class=\"read-more\" href=\"https:\/\/shrimataji.org\/test\/fr\/chakras-et-qualites\/\">Read more<\/a><\/p>\n","protected":false},"author":7,"featured_media":9250,"parent":0,"menu_order":0,"comment_status":"closed","ping_status":"closed","template":"","meta":{"inline_featured_image":false,"footnotes":""},"class_list":["post-10726","page","type-page","status-publish","has-post-thumbnail","hentry"],"yoast_head":"<!-- This site is optimized with the Yoast SEO plugin v27.4 - https:\/\/yoast.com\/product\/yoast-seo-wordpress\/ -->\n<title>Chakras et qualit\u00e9s - TEST - SMND<\/title>\n<meta name=\"robots\" content=\"noindex, follow, max-snippet:-1, max-image-preview:large, max-video-preview:-1\" \/>\n<meta property=\"og:locale\" content=\"en_US\" \/>\n<meta property=\"og:type\" content=\"article\" \/>\n<meta property=\"og:title\" content=\"Chakras et qualit\u00e9s - TEST - SMND\" \/>\n<meta property=\"og:description\" content=\"Chakras et qualit\u00e9s Les rouages de la vie Shri Mataji a expliqu\u00e9 aux chercheurs comment ressentir les centres subtils (chakras) sur le corps et aux extr\u00e9mit\u00e9s des doigts des mains et des pieds. Selon l&#8217;\u00e9tat de notre psychisme humain, on peut ressentir diff\u00e9rentes sensations, de la chaleur \u00e0 la fra\u00eecheur en passant par des picotements&hellip; Read more\" \/>\n<meta property=\"og:url\" content=\"https:\/\/shrimataji.org\/test\/fr\/chakras-et-qualites\/\" \/>\n<meta property=\"og:site_name\" content=\"TEST - SMND\" \/>\n<meta property=\"article:publisher\" content=\"https:\/\/www.facebook.com\/shrimataji\" \/>\n<meta property=\"article:modified_time\" content=\"2026-02-15T16:07:30+00:00\" \/>\n<meta property=\"og:image\" content=\"https:\/\/shrimataji.org\/test\/wp-content\/uploads\/2023\/03\/15_Banner-SY-ChakrasQualities-scaled.jpg\" \/>\n\t<meta property=\"og:image:width\" content=\"2560\" \/>\n\t<meta property=\"og:image:height\" content=\"905\" \/>\n\t<meta property=\"og:image:type\" content=\"image\/jpeg\" \/>\n<meta name=\"twitter:card\" content=\"summary_large_image\" \/>\n<meta name=\"twitter:site\" content=\"@shrimataji\" \/>\n<meta name=\"twitter:label1\" content=\"Est. reading time\" \/>\n\t<meta name=\"twitter:data1\" content=\"4 minutes\" \/>\n<script type=\"application\/ld+json\" class=\"yoast-schema-graph\">{\"@context\":\"https:\\\/\\\/schema.org\",\"@graph\":[{\"@type\":\"WebPage\",\"@id\":\"https:\\\/\\\/shrimataji.org\\\/test\\\/fr\\\/chakras-et-qualites\\\/\",\"url\":\"https:\\\/\\\/shrimataji.org\\\/test\\\/fr\\\/chakras-et-qualites\\\/\",\"name\":\"Chakras et qualit\u00e9s - TEST - SMND\",\"isPartOf\":{\"@id\":\"https:\\\/\\\/shrimataji.org\\\/test\\\/#website\"},\"primaryImageOfPage\":{\"@id\":\"https:\\\/\\\/shrimataji.org\\\/test\\\/fr\\\/chakras-et-qualites\\\/#primaryimage\"},\"image\":{\"@id\":\"https:\\\/\\\/shrimataji.org\\\/test\\\/fr\\\/chakras-et-qualites\\\/#primaryimage\"},\"thumbnailUrl\":\"https:\\\/\\\/shrimataji.org\\\/test\\\/wp-content\\\/uploads\\\/2023\\\/03\\\/15_Banner-SY-ChakrasQualities-scaled.jpg\",\"datePublished\":\"2022-02-25T04:05:58+00:00\",\"dateModified\":\"2026-02-15T16:07:30+00:00\",\"breadcrumb\":{\"@id\":\"https:\\\/\\\/shrimataji.org\\\/test\\\/fr\\\/chakras-et-qualites\\\/#breadcrumb\"},\"inLanguage\":\"en-US\",\"potentialAction\":[{\"@type\":\"ReadAction\",\"target\":[\"https:\\\/\\\/shrimataji.org\\\/test\\\/fr\\\/chakras-et-qualites\\\/\"]}]},{\"@type\":\"ImageObject\",\"inLanguage\":\"en-US\",\"@id\":\"https:\\\/\\\/shrimataji.org\\\/test\\\/fr\\\/chakras-et-qualites\\\/#primaryimage\",\"url\":\"https:\\\/\\\/shrimataji.org\\\/test\\\/wp-content\\\/uploads\\\/2023\\\/03\\\/15_Banner-SY-ChakrasQualities-scaled.jpg\",\"contentUrl\":\"https:\\\/\\\/shrimataji.org\\\/test\\\/wp-content\\\/uploads\\\/2023\\\/03\\\/15_Banner-SY-ChakrasQualities-scaled.jpg\",\"width\":2560,\"height\":905},{\"@type\":\"BreadcrumbList\",\"@id\":\"https:\\\/\\\/shrimataji.org\\\/test\\\/fr\\\/chakras-et-qualites\\\/#breadcrumb\",\"itemListElement\":[{\"@type\":\"ListItem\",\"position\":1,\"name\":\"Home\",\"item\":\"https:\\\/\\\/shrimataji.org\\\/test\\\/uk\\\/home-en\\\/\"},{\"@type\":\"ListItem\",\"position\":2,\"name\":\"Chakras et qualit\u00e9s\"}]},{\"@type\":\"WebSite\",\"@id\":\"https:\\\/\\\/shrimataji.org\\\/test\\\/#website\",\"url\":\"https:\\\/\\\/shrimataji.org\\\/test\\\/\",\"name\":\"Shri Mataji Nirmala Devi\",\"description\":\"A Life Dedicated to Humanity\",\"publisher\":{\"@id\":\"https:\\\/\\\/shrimataji.org\\\/test\\\/#\\\/schema\\\/person\\\/a1b3419c6585f164aa96da1ff85715d1\"},\"potentialAction\":[{\"@type\":\"SearchAction\",\"target\":{\"@type\":\"EntryPoint\",\"urlTemplate\":\"https:\\\/\\\/shrimataji.org\\\/test\\\/?s={search_term_string}\"},\"query-input\":{\"@type\":\"PropertyValueSpecification\",\"valueRequired\":true,\"valueName\":\"search_term_string\"}}],\"inLanguage\":\"en-US\"},{\"@type\":[\"Person\",\"Organization\"],\"@id\":\"https:\\\/\\\/shrimataji.org\\\/test\\\/#\\\/schema\\\/person\\\/a1b3419c6585f164aa96da1ff85715d1\",\"name\":\"Nirmala Shrivastava\",\"image\":{\"@type\":\"ImageObject\",\"inLanguage\":\"en-US\",\"@id\":\"https:\\\/\\\/shrimataji.org\\\/test\\\/wp-content\\\/uploads\\\/2023\\\/02\\\/SMO_LOGO-03.svg\",\"url\":\"https:\\\/\\\/shrimataji.org\\\/test\\\/wp-content\\\/uploads\\\/2023\\\/02\\\/SMO_LOGO-03.svg\",\"contentUrl\":\"https:\\\/\\\/shrimataji.org\\\/test\\\/wp-content\\\/uploads\\\/2023\\\/02\\\/SMO_LOGO-03.svg\",\"width\":\"1024\",\"height\":\"1024\",\"caption\":\"Nirmala Shrivastava\"},\"logo\":{\"@id\":\"https:\\\/\\\/shrimataji.org\\\/test\\\/wp-content\\\/uploads\\\/2023\\\/02\\\/SMO_LOGO-03.svg\"},\"sameAs\":[\"https:\\\/\\\/shrimataji.org\\\/test\",\"https:\\\/\\\/www.facebook.com\\\/shrimataji\",\"https:\\\/\\\/x.com\\\/shrimataji\",\"https:\\\/\\\/www.youtube.com\\\/@Shri_Mataji_Nirmala_Devi\\\/featured\"]}]}<\/script>\n<!-- \/ Yoast SEO plugin. -->","yoast_head_json":{"title":"Chakras et qualit\u00e9s - TEST - SMND","robots":{"index":"noindex","follow":"follow","max-snippet":"max-snippet:-1","max-image-preview":"max-image-preview:large","max-video-preview":"max-video-preview:-1"},"og_locale":"en_US","og_type":"article","og_title":"Chakras et qualit\u00e9s - TEST - SMND","og_description":"Chakras et qualit\u00e9s Les rouages de la vie Shri Mataji a expliqu\u00e9 aux chercheurs comment ressentir les centres subtils (chakras) sur le corps et aux extr\u00e9mit\u00e9s des doigts des mains et des pieds. Selon l&#8217;\u00e9tat de notre psychisme humain, on peut ressentir diff\u00e9rentes sensations, de la chaleur \u00e0 la fra\u00eecheur en passant par des picotements&hellip; Read more","og_url":"https:\/\/shrimataji.org\/test\/fr\/chakras-et-qualites\/","og_site_name":"TEST - SMND","article_publisher":"https:\/\/www.facebook.com\/shrimataji","article_modified_time":"2026-02-15T16:07:30+00:00","og_image":[{"width":2560,"height":905,"url":"https:\/\/shrimataji.org\/test\/wp-content\/uploads\/2023\/03\/15_Banner-SY-ChakrasQualities-scaled.jpg","type":"image\/jpeg"}],"twitter_card":"summary_large_image","twitter_site":"@shrimataji","twitter_misc":{"Est. reading time":"4 minutes"},"schema":{"@context":"https:\/\/schema.org","@graph":[{"@type":"WebPage","@id":"https:\/\/shrimataji.org\/test\/fr\/chakras-et-qualites\/","url":"https:\/\/shrimataji.org\/test\/fr\/chakras-et-qualites\/","name":"Chakras et qualit\u00e9s - TEST - SMND","isPartOf":{"@id":"https:\/\/shrimataji.org\/test\/#website"},"primaryImageOfPage":{"@id":"https:\/\/shrimataji.org\/test\/fr\/chakras-et-qualites\/#primaryimage"},"image":{"@id":"https:\/\/shrimataji.org\/test\/fr\/chakras-et-qualites\/#primaryimage"},"thumbnailUrl":"https:\/\/shrimataji.org\/test\/wp-content\/uploads\/2023\/03\/15_Banner-SY-ChakrasQualities-scaled.jpg","datePublished":"2022-02-25T04:05:58+00:00","dateModified":"2026-02-15T16:07:30+00:00","breadcrumb":{"@id":"https:\/\/shrimataji.org\/test\/fr\/chakras-et-qualites\/#breadcrumb"},"inLanguage":"en-US","potentialAction":[{"@type":"ReadAction","target":["https:\/\/shrimataji.org\/test\/fr\/chakras-et-qualites\/"]}]},{"@type":"ImageObject","inLanguage":"en-US","@id":"https:\/\/shrimataji.org\/test\/fr\/chakras-et-qualites\/#primaryimage","url":"https:\/\/shrimataji.org\/test\/wp-content\/uploads\/2023\/03\/15_Banner-SY-ChakrasQualities-scaled.jpg","contentUrl":"https:\/\/shrimataji.org\/test\/wp-content\/uploads\/2023\/03\/15_Banner-SY-ChakrasQualities-scaled.jpg","width":2560,"height":905},{"@type":"BreadcrumbList","@id":"https:\/\/shrimataji.org\/test\/fr\/chakras-et-qualites\/#breadcrumb","itemListElement":[{"@type":"ListItem","position":1,"name":"Home","item":"https:\/\/shrimataji.org\/test\/uk\/home-en\/"},{"@type":"ListItem","position":2,"name":"Chakras et qualit\u00e9s"}]},{"@type":"WebSite","@id":"https:\/\/shrimataji.org\/test\/#website","url":"https:\/\/shrimataji.org\/test\/","name":"Shri Mataji Nirmala Devi","description":"A Life Dedicated to Humanity","publisher":{"@id":"https:\/\/shrimataji.org\/test\/#\/schema\/person\/a1b3419c6585f164aa96da1ff85715d1"},"potentialAction":[{"@type":"SearchAction","target":{"@type":"EntryPoint","urlTemplate":"https:\/\/shrimataji.org\/test\/?s={search_term_string}"},"query-input":{"@type":"PropertyValueSpecification","valueRequired":true,"valueName":"search_term_string"}}],"inLanguage":"en-US"},{"@type":["Person","Organization"],"@id":"https:\/\/shrimataji.org\/test\/#\/schema\/person\/a1b3419c6585f164aa96da1ff85715d1","name":"Nirmala Shrivastava","image":{"@type":"ImageObject","inLanguage":"en-US","@id":"https:\/\/shrimataji.org\/test\/wp-content\/uploads\/2023\/02\/SMO_LOGO-03.svg","url":"https:\/\/shrimataji.org\/test\/wp-content\/uploads\/2023\/02\/SMO_LOGO-03.svg","contentUrl":"https:\/\/shrimataji.org\/test\/wp-content\/uploads\/2023\/02\/SMO_LOGO-03.svg","width":"1024","height":"1024","caption":"Nirmala Shrivastava"},"logo":{"@id":"https:\/\/shrimataji.org\/test\/wp-content\/uploads\/2023\/02\/SMO_LOGO-03.svg"},"sameAs":["https:\/\/shrimataji.org\/test","https:\/\/www.facebook.com\/shrimataji","https:\/\/x.com\/shrimataji","https:\/\/www.youtube.com\/@Shri_Mataji_Nirmala_Devi\/featured"]}]}},"lang":"fr","translations":{"fr":10726,"ur":37400,"en":6476,"am":17971,"th":19901,"hu":19446,"sq":18372,"zh":17269,"hi":7374,"tr":10139,"pt":10355,"de":10628,"it":10824,"es":10922,"ja":11219,"ru":11407,"bn":11599,"te":11707,"sw":11830,"he":11978,"el":12269,"sk":12367,"fa":12465,"fi":12563,"bg":13378,"ro":14452,"cs":14645,"nl":16532,"ku":16692,"ar":16868,"be":18579,"kn":18853,"mr":20265,"uk":20557,"ml":20856,"ta":22687,"sv":22960,"gu":28808,"pa":28966,"fil":29406,"da":37714,"pl":37931,"nn":38266},"pll_sync_post":[],"_links":{"self":[{"href":"https:\/\/shrimataji.org\/test\/wp-json\/wp\/v2\/pages\/10726","targetHints":{"allow":["GET"]}}],"collection":[{"href":"https:\/\/shrimataji.org\/test\/wp-json\/wp\/v2\/pages"}],"about":[{"href":"https:\/\/shrimataji.org\/test\/wp-json\/wp\/v2\/types\/page"}],"author":[{"embeddable":true,"href":"https:\/\/shrimataji.org\/test\/wp-json\/wp\/v2\/users\/7"}],"replies":[{"embeddable":true,"href":"https:\/\/shrimataji.org\/test\/wp-json\/wp\/v2\/comments?post=10726"}],"version-history":[{"count":0,"href":"https:\/\/shrimataji.org\/test\/wp-json\/wp\/v2\/pages\/10726\/revisions"}],"wp:featuredmedia":[{"embeddable":true,"href":"https:\/\/shrimataji.org\/test\/wp-json\/wp\/v2\/media\/9250"}],"wp:attachment":[{"href":"https:\/\/shrimataji.org\/test\/wp-json\/wp\/v2\/media?parent=10726"}],"curies":[{"name":"wp","href":"https:\/\/api.w.org\/{rel}","templated":true}]}}