{"id":10728,"date":"2022-01-23T03:35:11","date_gmt":"2022-01-23T03:35:11","guid":{"rendered":"https:\/\/test.shrimataji.org\/?page_id=6283"},"modified":"2025-11-12T16:41:00","modified_gmt":"2025-11-12T16:41:00","slug":"meditation-collective","status":"publish","type":"page","link":"https:\/\/shrimataji.org\/test\/fr\/meditation-collective\/","title":{"rendered":"M\u00e9ditation collective"},"content":{"rendered":"\n\n\t<h1>M\u00e9ditation collective<\/h1>\n<h2>Faire partie int\u00e9grante du tout<\/h2>\n<div class=\"su-quote su-quote-style-default\"><div class=\"su-quote-inner su-u-clearfix su-u-trim\"> L&#8217;Esprit est l&#8217;\u00eatre collectif qui r\u00e9side en nous. Lorsqu&#8217;il se manifeste, vous serez \u00e9tonn\u00e9 de pouvoir sentir les centres subtils d&#8217;une autre personne au bout de vos doigts et de pouvoir \u00e9galement sentir les centres subtils de votre \u00eatre au bout de vos doigts. <\/div><\/div>\n<h4>Shri Mataji r\u00e9v\u00e8le dans ses enseignements que nous faisons en r\u00e9alit\u00e9 partie int\u00e9grante d&#8217;un univers spirituel vivant (Virata) qui existe \u00e9ternellement au-del\u00e0 des dimensions de l&#8217;espace, du temps et de la mati\u00e8re. Tout comme les cellules de notre corps, qui sont pr\u00e9serv\u00e9es lorsqu&#8217;elles font partie du corps et cessent d&#8217;exister lorsqu&#8217;elles sont s\u00e9par\u00e9es du reste, la croissance de notre conscience spirituelle se fait plus naturellement, plus simplement quand nous m\u00e9ditons ensemble, collectivement. Avec les autres, nous d\u00e9veloppons le sentiment de faire partie d&#8217;un corps complet.<\/h4>\n<p>On n&#8217;a pas besoin de salles tr\u00e8s confortables et luxueuses. L&#8217;endroit peut \u00eatre simple ; l&#8217;important est d&#8217;y venir avec l&#8217;intention de m\u00e9diter et d&#8217;\u00eatre \u00e0 l&#8217;aise avec soi-m\u00eame, afin de se plonger dans un oc\u00e9an de m\u00e9ditation silencieuse cr\u00e9\u00e9 par le fait que des \u00e2mes R\u00e9alis\u00e9es m\u00e9ditent ensemble.<\/p>\n<p>Shri Mataji recommandait aux Sahaja Yogis qui ont atteint la R\u00e9alisation du Soi de trouver des lieux simples et facilement accessibles aux personnes vivant dans une r\u00e9gion donn\u00e9e afin de se r\u00e9unir pour m\u00e9diter.<\/p>\n<p>Depuis 1970, des milliers de centres locaux de m\u00e9ditation Sahaja Yoga \u00e0 travers le monde sont g\u00e9r\u00e9s b\u00e9n\u00e9volement par des pratiquants de Sahaja Yoga afin d&#8217;aider toute personne en qu\u00eate de v\u00e9rit\u00e9 \u00e0 atteindre la R\u00e9alisation du Soi et \u00e0 s&#8217;\u00e9tablir dans la m\u00e9ditation, toujours gratuitement.<\/p>\n<h2>Centres de m\u00e9ditation Sahaja Yoga dans le monde<\/h2>\n<p>Vous pouvez trouver le centre de m\u00e9ditation Sahaja Yoga le plus proche de chez vous, ainsi que des cours et des programmes de m\u00e9ditation en ligne, \u00e0 l&#8217;aide de la carte interactive. Utilisez les liens pour trouver un site web de Sahaja Yoga et obtenir plus d&#8217;informations.<\/p>\n\t\t\t\t\t<a href=\"#\"  id=\"fl-accordion--label-0\" tabindex=\"0\" aria-controls=\"fl-accordion--panel-0\">Map<\/a>\n\t\t\t\t\t\t\t\t\t\t\t<a href=\"#\" id=\"fl-accordion--icon-0\"  tabindex=\"0\"><i title=\"D\u00e9plier\">D\u00e9plier<\/i><\/a>\n\t\t\t\t\t<h4>Note: <\/h4>\n<p>This map is a work in progress and currently only represents a small sample of the Sahaja Yoga meeting centers and courses around the world. Please zoom in to see more meeting locations which you can contact. The list is being updated on a regular basis, so be sure to revisit if you can&#8217;t locate a meeting close to you at this time.<\/p>\n<p><iframe loading=\"lazy\" src=\"\/map\/atlas.html\" width=\"100%\" height=\"500px\">Your browser does not support iframes.<\/iframe><\/p>\n\t\t\t\t\t<a href=\"#\"  id=\"fl-accordion--label-1\" tabindex=\"0\" aria-controls=\"fl-accordion--panel-1\">Links<\/a>\n\t\t\t\t\t\t\t\t\t\t\t<a href=\"#\" id=\"fl-accordion--icon-1\"  tabindex=\"0\"><i title=\"D\u00e9plier\">D\u00e9plier<\/i><\/a>\n\t\t\t\t\t<h4><strong>List of international Sahaja Yoga Websites<\/strong><\/h4>\n<p>Locate a Sahaja Yoga website in your country<\/p>\n<p><iframe loading=\"lazy\" src=\"\/map\/world.html\" width=\"100%\" height=\"500px\">Your browser does not support iframes.<\/iframe><\/p>\n\n","protected":false},"excerpt":{"rendered":"<p>M\u00e9ditation collective Faire partie int\u00e9grante du tout Shri Mataji r\u00e9v\u00e8le dans ses enseignements que nous faisons en r\u00e9alit\u00e9 partie int\u00e9grante d&#8217;un univers spirituel vivant (Virata) qui existe \u00e9ternellement au-del\u00e0 des dimensions de l&#8217;espace, du temps et de la mati\u00e8re. Tout comme les cellules de notre corps, qui sont pr\u00e9serv\u00e9es lorsqu&#8217;elles font partie du corps et&hellip; <br \/> <a class=\"read-more\" href=\"https:\/\/shrimataji.org\/test\/fr\/meditation-collective\/\">Read more<\/a><\/p>\n","protected":false},"author":7,"featured_media":9241,"parent":0,"menu_order":0,"comment_status":"closed","ping_status":"closed","template":"","meta":{"inline_featured_image":false,"footnotes":"","advanced-sidebar-menu\/link-title":"","advanced-sidebar-menu\/exclude-page":false},"class_list":["post-10728","page","type-page","status-publish","has-post-thumbnail","hentry"],"yoast_head":"<!-- This site is optimized with the Yoast SEO plugin v27.4 - https:\/\/yoast.com\/product\/yoast-seo-wordpress\/ -->\n<title>M\u00e9ditation collective - TEST - SMND<\/title>\n<meta name=\"robots\" content=\"noindex, follow, max-snippet:-1, max-image-preview:large, max-video-preview:-1\" \/>\n<meta property=\"og:locale\" content=\"en_US\" \/>\n<meta property=\"og:type\" content=\"article\" \/>\n<meta property=\"og:title\" content=\"M\u00e9ditation collective - TEST - SMND\" \/>\n<meta property=\"og:description\" content=\"M\u00e9ditation collective Faire partie int\u00e9grante du tout Shri Mataji r\u00e9v\u00e8le dans ses enseignements que nous faisons en r\u00e9alit\u00e9 partie int\u00e9grante d&#8217;un univers spirituel vivant (Virata) qui existe \u00e9ternellement au-del\u00e0 des dimensions de l&#8217;espace, du temps et de la mati\u00e8re. Tout comme les cellules de notre corps, qui sont pr\u00e9serv\u00e9es lorsqu&#8217;elles font partie du corps et&hellip; Read more\" \/>\n<meta property=\"og:url\" content=\"https:\/\/shrimataji.org\/test\/fr\/meditation-collective\/\" \/>\n<meta property=\"og:site_name\" content=\"TEST - SMND\" \/>\n<meta property=\"article:publisher\" content=\"https:\/\/www.facebook.com\/shrimataji\" \/>\n<meta property=\"article:modified_time\" content=\"2025-11-12T16:41:00+00:00\" \/>\n<meta property=\"og:image\" content=\"https:\/\/shrimataji.org\/test\/wp-content\/uploads\/2023\/03\/6_Banner-SY-collective-scaled.jpg\" \/>\n\t<meta property=\"og:image:width\" content=\"2560\" \/>\n\t<meta property=\"og:image:height\" content=\"905\" \/>\n\t<meta property=\"og:image:type\" content=\"image\/jpeg\" \/>\n<meta name=\"twitter:card\" content=\"summary_large_image\" \/>\n<meta name=\"twitter:site\" content=\"@shrimataji\" \/>\n<script type=\"application\/ld+json\" class=\"yoast-schema-graph\">{\"@context\":\"https:\\\/\\\/schema.org\",\"@graph\":[{\"@type\":\"WebPage\",\"@id\":\"https:\\\/\\\/shrimataji.org\\\/test\\\/fr\\\/meditation-collective\\\/\",\"url\":\"https:\\\/\\\/shrimataji.org\\\/test\\\/fr\\\/meditation-collective\\\/\",\"name\":\"M\u00e9ditation collective - TEST - SMND\",\"isPartOf\":{\"@id\":\"https:\\\/\\\/shrimataji.org\\\/test\\\/#website\"},\"primaryImageOfPage\":{\"@id\":\"https:\\\/\\\/shrimataji.org\\\/test\\\/fr\\\/meditation-collective\\\/#primaryimage\"},\"image\":{\"@id\":\"https:\\\/\\\/shrimataji.org\\\/test\\\/fr\\\/meditation-collective\\\/#primaryimage\"},\"thumbnailUrl\":\"https:\\\/\\\/shrimataji.org\\\/test\\\/wp-content\\\/uploads\\\/2023\\\/03\\\/6_Banner-SY-collective-scaled.jpg\",\"datePublished\":\"2022-01-23T03:35:11+00:00\",\"dateModified\":\"2025-11-12T16:41:00+00:00\",\"breadcrumb\":{\"@id\":\"https:\\\/\\\/shrimataji.org\\\/test\\\/fr\\\/meditation-collective\\\/#breadcrumb\"},\"inLanguage\":\"en-US\",\"potentialAction\":[{\"@type\":\"ReadAction\",\"target\":[\"https:\\\/\\\/shrimataji.org\\\/test\\\/fr\\\/meditation-collective\\\/\"]}]},{\"@type\":\"ImageObject\",\"inLanguage\":\"en-US\",\"@id\":\"https:\\\/\\\/shrimataji.org\\\/test\\\/fr\\\/meditation-collective\\\/#primaryimage\",\"url\":\"https:\\\/\\\/shrimataji.org\\\/test\\\/wp-content\\\/uploads\\\/2023\\\/03\\\/6_Banner-SY-collective-scaled.jpg\",\"contentUrl\":\"https:\\\/\\\/shrimataji.org\\\/test\\\/wp-content\\\/uploads\\\/2023\\\/03\\\/6_Banner-SY-collective-scaled.jpg\",\"width\":2560,\"height\":905},{\"@type\":\"BreadcrumbList\",\"@id\":\"https:\\\/\\\/shrimataji.org\\\/test\\\/fr\\\/meditation-collective\\\/#breadcrumb\",\"itemListElement\":[{\"@type\":\"ListItem\",\"position\":1,\"name\":\"Home\",\"item\":\"https:\\\/\\\/shrimataji.org\\\/test\\\/uk\\\/home-en\\\/\"},{\"@type\":\"ListItem\",\"position\":2,\"name\":\"M\u00e9ditation collective\"}]},{\"@type\":\"WebSite\",\"@id\":\"https:\\\/\\\/shrimataji.org\\\/test\\\/#website\",\"url\":\"https:\\\/\\\/shrimataji.org\\\/test\\\/\",\"name\":\"Shri Mataji Nirmala Devi\",\"description\":\"A Life Dedicated to Humanity\",\"publisher\":{\"@id\":\"https:\\\/\\\/shrimataji.org\\\/test\\\/#\\\/schema\\\/person\\\/a1b3419c6585f164aa96da1ff85715d1\"},\"potentialAction\":[{\"@type\":\"SearchAction\",\"target\":{\"@type\":\"EntryPoint\",\"urlTemplate\":\"https:\\\/\\\/shrimataji.org\\\/test\\\/?s={search_term_string}\"},\"query-input\":{\"@type\":\"PropertyValueSpecification\",\"valueRequired\":true,\"valueName\":\"search_term_string\"}}],\"inLanguage\":\"en-US\"},{\"@type\":[\"Person\",\"Organization\"],\"@id\":\"https:\\\/\\\/shrimataji.org\\\/test\\\/#\\\/schema\\\/person\\\/a1b3419c6585f164aa96da1ff85715d1\",\"name\":\"Nirmala Shrivastava\",\"image\":{\"@type\":\"ImageObject\",\"inLanguage\":\"en-US\",\"@id\":\"https:\\\/\\\/shrimataji.org\\\/test\\\/wp-content\\\/uploads\\\/2023\\\/02\\\/SMO_LOGO-03.svg\",\"url\":\"https:\\\/\\\/shrimataji.org\\\/test\\\/wp-content\\\/uploads\\\/2023\\\/02\\\/SMO_LOGO-03.svg\",\"contentUrl\":\"https:\\\/\\\/shrimataji.org\\\/test\\\/wp-content\\\/uploads\\\/2023\\\/02\\\/SMO_LOGO-03.svg\",\"width\":\"1024\",\"height\":\"1024\",\"caption\":\"Nirmala Shrivastava\"},\"logo\":{\"@id\":\"https:\\\/\\\/shrimataji.org\\\/test\\\/wp-content\\\/uploads\\\/2023\\\/02\\\/SMO_LOGO-03.svg\"},\"sameAs\":[\"https:\\\/\\\/shrimataji.org\\\/test\",\"https:\\\/\\\/www.facebook.com\\\/shrimataji\",\"https:\\\/\\\/x.com\\\/shrimataji\",\"https:\\\/\\\/www.youtube.com\\\/@Shri_Mataji_Nirmala_Devi\\\/featured\"]}]}<\/script>\n<!-- \/ Yoast SEO plugin. -->","yoast_head_json":{"title":"M\u00e9ditation collective - TEST - SMND","robots":{"index":"noindex","follow":"follow","max-snippet":"max-snippet:-1","max-image-preview":"max-image-preview:large","max-video-preview":"max-video-preview:-1"},"og_locale":"en_US","og_type":"article","og_title":"M\u00e9ditation collective - TEST - SMND","og_description":"M\u00e9ditation collective Faire partie int\u00e9grante du tout Shri Mataji r\u00e9v\u00e8le dans ses enseignements que nous faisons en r\u00e9alit\u00e9 partie int\u00e9grante d&#8217;un univers spirituel vivant (Virata) qui existe \u00e9ternellement au-del\u00e0 des dimensions de l&#8217;espace, du temps et de la mati\u00e8re. Tout comme les cellules de notre corps, qui sont pr\u00e9serv\u00e9es lorsqu&#8217;elles font partie du corps et&hellip; Read more","og_url":"https:\/\/shrimataji.org\/test\/fr\/meditation-collective\/","og_site_name":"TEST - SMND","article_publisher":"https:\/\/www.facebook.com\/shrimataji","article_modified_time":"2025-11-12T16:41:00+00:00","og_image":[{"width":2560,"height":905,"url":"https:\/\/shrimataji.org\/test\/wp-content\/uploads\/2023\/03\/6_Banner-SY-collective-scaled.jpg","type":"image\/jpeg"}],"twitter_card":"summary_large_image","twitter_site":"@shrimataji","schema":{"@context":"https:\/\/schema.org","@graph":[{"@type":"WebPage","@id":"https:\/\/shrimataji.org\/test\/fr\/meditation-collective\/","url":"https:\/\/shrimataji.org\/test\/fr\/meditation-collective\/","name":"M\u00e9ditation collective - TEST - SMND","isPartOf":{"@id":"https:\/\/shrimataji.org\/test\/#website"},"primaryImageOfPage":{"@id":"https:\/\/shrimataji.org\/test\/fr\/meditation-collective\/#primaryimage"},"image":{"@id":"https:\/\/shrimataji.org\/test\/fr\/meditation-collective\/#primaryimage"},"thumbnailUrl":"https:\/\/shrimataji.org\/test\/wp-content\/uploads\/2023\/03\/6_Banner-SY-collective-scaled.jpg","datePublished":"2022-01-23T03:35:11+00:00","dateModified":"2025-11-12T16:41:00+00:00","breadcrumb":{"@id":"https:\/\/shrimataji.org\/test\/fr\/meditation-collective\/#breadcrumb"},"inLanguage":"en-US","potentialAction":[{"@type":"ReadAction","target":["https:\/\/shrimataji.org\/test\/fr\/meditation-collective\/"]}]},{"@type":"ImageObject","inLanguage":"en-US","@id":"https:\/\/shrimataji.org\/test\/fr\/meditation-collective\/#primaryimage","url":"https:\/\/shrimataji.org\/test\/wp-content\/uploads\/2023\/03\/6_Banner-SY-collective-scaled.jpg","contentUrl":"https:\/\/shrimataji.org\/test\/wp-content\/uploads\/2023\/03\/6_Banner-SY-collective-scaled.jpg","width":2560,"height":905},{"@type":"BreadcrumbList","@id":"https:\/\/shrimataji.org\/test\/fr\/meditation-collective\/#breadcrumb","itemListElement":[{"@type":"ListItem","position":1,"name":"Home","item":"https:\/\/shrimataji.org\/test\/uk\/home-en\/"},{"@type":"ListItem","position":2,"name":"M\u00e9ditation collective"}]},{"@type":"WebSite","@id":"https:\/\/shrimataji.org\/test\/#website","url":"https:\/\/shrimataji.org\/test\/","name":"Shri Mataji Nirmala Devi","description":"A Life Dedicated to Humanity","publisher":{"@id":"https:\/\/shrimataji.org\/test\/#\/schema\/person\/a1b3419c6585f164aa96da1ff85715d1"},"potentialAction":[{"@type":"SearchAction","target":{"@type":"EntryPoint","urlTemplate":"https:\/\/shrimataji.org\/test\/?s={search_term_string}"},"query-input":{"@type":"PropertyValueSpecification","valueRequired":true,"valueName":"search_term_string"}}],"inLanguage":"en-US"},{"@type":["Person","Organization"],"@id":"https:\/\/shrimataji.org\/test\/#\/schema\/person\/a1b3419c6585f164aa96da1ff85715d1","name":"Nirmala Shrivastava","image":{"@type":"ImageObject","inLanguage":"en-US","@id":"https:\/\/shrimataji.org\/test\/wp-content\/uploads\/2023\/02\/SMO_LOGO-03.svg","url":"https:\/\/shrimataji.org\/test\/wp-content\/uploads\/2023\/02\/SMO_LOGO-03.svg","contentUrl":"https:\/\/shrimataji.org\/test\/wp-content\/uploads\/2023\/02\/SMO_LOGO-03.svg","width":"1024","height":"1024","caption":"Nirmala Shrivastava"},"logo":{"@id":"https:\/\/shrimataji.org\/test\/wp-content\/uploads\/2023\/02\/SMO_LOGO-03.svg"},"sameAs":["https:\/\/shrimataji.org\/test","https:\/\/www.facebook.com\/shrimataji","https:\/\/x.com\/shrimataji","https:\/\/www.youtube.com\/@Shri_Mataji_Nirmala_Devi\/featured"]}]}},"lang":"fr","translations":{"fr":10728,"ur":37402,"en":7046,"am":17973,"th":19904,"hu":19448,"sq":18374,"zh":17271,"hi":7378,"tr":10143,"pt":10356,"de":10630,"it":10826,"es":10923,"ja":11220,"ru":11408,"bn":11600,"te":11708,"sw":11831,"he":11979,"el":12270,"sk":12368,"fa":12466,"fi":12564,"bg":13407,"ro":14481,"cs":14674,"nl":16534,"ku":16694,"ar":16870,"be":18581,"kn":18855,"mr":20268,"uk":20560,"ml":20859,"ta":22689,"sv":22962,"gu":28810,"pa":28968,"fil":29408,"da":37716,"pl":37933,"nn":38268},"pll_sync_post":[],"_links":{"self":[{"href":"https:\/\/shrimataji.org\/test\/wp-json\/wp\/v2\/pages\/10728","targetHints":{"allow":["GET"]}}],"collection":[{"href":"https:\/\/shrimataji.org\/test\/wp-json\/wp\/v2\/pages"}],"about":[{"href":"https:\/\/shrimataji.org\/test\/wp-json\/wp\/v2\/types\/page"}],"author":[{"embeddable":true,"href":"https:\/\/shrimataji.org\/test\/wp-json\/wp\/v2\/users\/7"}],"replies":[{"embeddable":true,"href":"https:\/\/shrimataji.org\/test\/wp-json\/wp\/v2\/comments?post=10728"}],"version-history":[{"count":0,"href":"https:\/\/shrimataji.org\/test\/wp-json\/wp\/v2\/pages\/10728\/revisions"}],"wp:featuredmedia":[{"embeddable":true,"href":"https:\/\/shrimataji.org\/test\/wp-json\/wp\/v2\/media\/9241"}],"wp:attachment":[{"href":"https:\/\/shrimataji.org\/test\/wp-json\/wp\/v2\/media?parent=10728"}],"curies":[{"name":"wp","href":"https:\/\/api.w.org\/{rel}","templated":true}]}}