{"id":10731,"date":"2018-07-10T06:54:42","date_gmt":"2018-07-10T06:54:42","guid":{"rendered":"http:\/\/testwordpress.nirmalnagari.org\/smnd\/index.php\/creativity\/"},"modified":"2026-02-06T16:31:51","modified_gmt":"2026-02-06T16:31:51","slug":"creativite","status":"publish","type":"page","link":"https:\/\/shrimataji.org\/test\/fr\/creativite\/","title":{"rendered":"Cr\u00e9ativit\u00e9"},"content":{"rendered":"\n\n\t<h1>Cr\u00e9ativit\u00e9<\/h1>\n<h2>Exprimer la beaut\u00e9 int\u00e9rieure<\/h2>\n\t<p>Tout au long de sa vie, Shri Mataji a consacr\u00e9 beaucoup de temps et d&#8217;\u00e9nergie \u00e0 promouvoir l&#8217;art sous toutes ses formes. Elle a toujours consid\u00e9r\u00e9 l&#8217;art comme un moyen privil\u00e9gi\u00e9 d&#8217;exprimer les diff\u00e9rentes cultures, et aussi de les nourrir. Notamment, elle a voulu pr\u00e9server les riches traditions artistiques et ancestrales de son Inde natale, et a activement encourag\u00e9 leur diffusion dans le monde entier.<\/p>\n<figure itemscope itemtype=\"https:\/\/schema.org\/ImageObject\">\n\t\t\t\t<img decoding=\"async\" src=\"https:\/\/shrimataji.org\/test\/wp-content\/uploads\/2018\/07\/media_originals\/images\/art\/blick-vom-garten-1024x722.jpg\" alt=\"blick-vom-garten\" height=\"722\" width=\"1024\" height=\"722\" width=\"1024\" title=\"blick-vom-garten\" onerror=\"this.style.display='none'\" loading=\"lazy\" \/>\n\t<\/figure>\n\t<p>En 2003, Shri Mataji, avec l&#8217;aide de son fr\u00e8re (affectueusement appel\u00e9 Babamama) a cr\u00e9\u00e9 un centre d&#8217;apprentissage pour les arts dans le Maharashtra, en Inde. Les \u00e9tudiants viennent de partout pour apprendre la musique indienne, la danse et la peinture classiques, dans un cadre rural et paisible. Shri Mataji a personnellement guid\u00e9 la conception architecturale de <a href=\"https:\/\/www.pksacademy.com\/\" target=\"_blank\" rel=\"noopener\">l&#8217;acad\u00e9mie PK Salve Arts Academy <\/a>ainsi que celle d&#8217;autres b\u00e2timents construits \u00e0 des fins humanitaires, y compris le <a href=\"https:\/\/www.nirmalprem.org\/\" target=\"_blank\" rel=\"noopener\">Centre Prem Vishwa Nirmala pour femmes d\u00e9munies et les enfants orphelins<\/a> \u00e0 Delhi.<\/p>\n<p>Elle a insist\u00e9 sur l&#8217;importance des biens faits main, et en cela elle a suivi la tradition instaur\u00e9e par le Mahatma Gandhi. Elle a toujours fait son possible pour aider les industries artisanales essentielles \u00e0 la vie \u00e9conomique et culturelle de l&#8217;Inde.<\/p>\n\t<p>Au fil des ans, Shri Mataji a suivi et soutenu la carri\u00e8re de quelques-uns des repr\u00e9sentants les plus renomm\u00e9s de la musique et de la danse classiques indiennes, en organisant des concerts et des programmes musicaux, comme l&#8217;avait fait auparavant son p\u00e8re. Beaucoup de ceux qui ont jou\u00e9 en sa pr\u00e9sence ont d\u00e9crit ce moment comme un tournant dans leur d\u00e9veloppement artistique. Ils se sont trouv\u00e9s transport\u00e9s par la forte \u00e9nergie cr\u00e9atrice qui \u00e9manait d&#8217;elle, et ont ressenti une cr\u00e9ativit\u00e9 particuli\u00e8re, tant au niveau personnel que mat\u00e9riel. lors de leur repr\u00e9sentation.<\/p>\n\t<p>Ustad Amjad Ali Khan, Debu Chaudhari et Bismillah Khan ne sont que quelques-uns des artistes de renom qui ont r\u00e9pondu \u00e0 l&#8217;invitation de Shri Mataji. Elle a elle-m\u00eame \u00e9crits des bhajans (chants d\u00e9votionnels indiens) et des po\u00e8mes.<\/p>\n<p>&nbsp;<\/p>\n<p>La promotion des arts inclut bien s\u00fbr le th\u00e9\u00e2tre. Elle a encourag\u00e9 un groupe d&#8217;artistes venant de diff\u00e9rents pays \u00e0 collaborer pour former le <a href=\"https:\/\/theatreofeternalvalues.com\" target=\"_blank\" rel=\"noopener\">Th\u00e9\u00e2tre des Valeurs \u00c9ternelles. <\/a>Cr\u00e9\u00e9 \u00e0 Gand, en Belgique, en 1993, la compagnie continue de tourner internationalement, et interpr\u00e8te certaines \u0153uvres de dramaturges tr\u00e8s connus, comme Moli\u00e8re, Blake et Shakespeare, qui inspirent et \u00e9l\u00e8vent l&#8217;\u00e2me et la conscience chez leurs auditoires.<\/p>\n<p>&nbsp;<\/p>\n\t<div class=\"su-quote su-quote-style-default\"><div class=\"su-quote-inner su-u-clearfix su-u-trim\"> En fait, \u00eatre mat\u00e9rialiste au sens propre, c&#8217;est comprendre la valeur de la mati\u00e8re. Et la valeur de la mati\u00e8re, c&#8217;est l&#8217;esth\u00e9tique : les choses artistiques, les choses vraiment artistiques. Et au-del\u00e0, la valeur de la mati\u00e8re, c&#8217;est qu&#8217;elle permet de donner de l&#8217;amour aux autres. <\/div><\/div>\n\t<p>Le Th\u00e9\u00e2tre des Valeurs \u00c9ternelles travaille aussi avec les \u00e9coles, les universit\u00e9s, les entreprises. Il propose des projets \u00e9ducatifs et artistiques comme le <a href=\"https:\/\/www.theatreofeternalvalues.com\/events\" target=\"_blank\" rel=\"noopener\">&#8216;Festival de la Culture de l&#8217;Esprit&#8217;<\/a> et <a href=\"https:\/\/www.theatreofeternalvalues.com\/education\/academy\" target=\"_blank\" rel=\"noopener\">&#8216;l&#8217;Acad\u00e9mie Internationale des Arts&#8217;<\/a>, qui, en 2020, va entamer sa douzi\u00e8me ann\u00e9e d&#8217;existence dans le Pi\u00e9mont, en Italie.<\/p>\n\n<figure itemscope itemtype=\"https:\/\/schema.org\/ImageObject\">\n\t\t\t\t<img decoding=\"async\" src=\"https:\/\/shrimataji.org\/test\/wp-content\/uploads\/2026\/01\/Fr_theater-of-eternal-values.jpg\" alt=\"Le Th\u00e9\u00e2tre des \u00c9ternelles Valeurs (TEV) pr\u00e9sente la pi\u00e8ce &#039;Divine Humanity&#039; de William Blake \u00e0 Londres\" height=\"270\" width=\"1500\" title=\"Fr_theater-of-eternal-values\" onerror=\"this.style.display='none'\" loading=\"lazy\" \/>\n\t\t<figcaption>Le Th\u00e9\u00e2tre des \u00c9ternelles Valeurs (TEV) pr\u00e9sente la pi\u00e8ce &#8216;Divine Humanity&#8217; de William Blake \u00e0 Londres<\/figcaption>\n\t<\/figure>\n\t<p>Selon la tradition ancestrale du yoga en Inde, l&#8217;\u00eatre humain embrasse sept qualit\u00e9s essentielles, la deuxi\u00e8me \u00e9tant le principe de la cr\u00e9ativit\u00e9. Cette cr\u00e9ativit\u00e9 donne une dimension nouvelle \u00e0 la personnalit\u00e9, qui, sans la <a href=\"https:\/\/shrimataji.org\/test\/fr\/realization-du-soi-et-meditation\/\" target=\"_blank\" rel=\"noopener\" data-cp-link=\"1\">R\u00e9alisation du Soi<\/a> ou la conscience de soi serait extr\u00eamement limit\u00e9e. Ainsi, Shri Mataji a cherch\u00e9 \u00e0 \u00e9veiller les pouvoirs cr\u00e9atifs des individus et des communaut\u00e9s dans tous les pays qu&#8217;elle a visit\u00e9s.<\/p>\n\t<div class=\"su-quote su-quote-style-default\"><div class=\"su-quote-inner su-u-clearfix su-u-trim\">Telle est la force motrice d&#8217;un artiste. Les artistes sont les plus belles fleurs de la cr\u00e9ation, les r\u00eaves les plus doux du cr\u00e9ateur, et les membres les plus pr\u00e9cieux de la soci\u00e9t\u00e9 humaine. Peut-\u00eatre ne savent-ils pas combien ils sont aim\u00e9s, ador\u00e9s et suivis par leurs spectateurs&#8230;<\/div><\/div>\n\n","protected":false},"excerpt":{"rendered":"<p>Cr\u00e9ativit\u00e9 Exprimer la beaut\u00e9 int\u00e9rieure Tout au long de sa vie, Shri Mataji a consacr\u00e9 beaucoup de temps et d&#8217;\u00e9nergie \u00e0 promouvoir l&#8217;art sous toutes ses formes. Elle a toujours consid\u00e9r\u00e9 l&#8217;art comme un moyen privil\u00e9gi\u00e9 d&#8217;exprimer les diff\u00e9rentes cultures, et aussi de les nourrir. Notamment, elle a voulu pr\u00e9server les riches traditions artistiques et&hellip; <br \/> <a class=\"read-more\" href=\"https:\/\/shrimataji.org\/test\/fr\/creativite\/\">Read more<\/a><\/p>\n","protected":false},"author":7,"featured_media":162,"parent":0,"menu_order":0,"comment_status":"closed","ping_status":"closed","template":"pro\/page-templates\/full-width-page.php","meta":{"inline_featured_image":false,"footnotes":""},"class_list":["post-10731","page","type-page","status-publish","has-post-thumbnail","hentry"],"yoast_head":"<!-- This site is optimized with the Yoast SEO plugin v27.4 - https:\/\/yoast.com\/product\/yoast-seo-wordpress\/ -->\n<title>Cr\u00e9ativit\u00e9 - TEST - SMND<\/title>\n<meta name=\"robots\" content=\"noindex, follow, max-snippet:-1, max-image-preview:large, max-video-preview:-1\" \/>\n<meta property=\"og:locale\" content=\"en_US\" \/>\n<meta property=\"og:type\" content=\"article\" \/>\n<meta property=\"og:title\" content=\"Cr\u00e9ativit\u00e9 - TEST - SMND\" \/>\n<meta property=\"og:description\" content=\"Cr\u00e9ativit\u00e9 Exprimer la beaut\u00e9 int\u00e9rieure Tout au long de sa vie, Shri Mataji a consacr\u00e9 beaucoup de temps et d&#8217;\u00e9nergie \u00e0 promouvoir l&#8217;art sous toutes ses formes. Elle a toujours consid\u00e9r\u00e9 l&#8217;art comme un moyen privil\u00e9gi\u00e9 d&#8217;exprimer les diff\u00e9rentes cultures, et aussi de les nourrir. Notamment, elle a voulu pr\u00e9server les riches traditions artistiques et&hellip; Read more\" \/>\n<meta property=\"og:url\" content=\"https:\/\/shrimataji.org\/test\/fr\/creativite\/\" \/>\n<meta property=\"og:site_name\" content=\"TEST - SMND\" \/>\n<meta property=\"article:publisher\" content=\"https:\/\/www.facebook.com\/shrimataji\" \/>\n<meta property=\"article:modified_time\" content=\"2026-02-06T16:31:51+00:00\" \/>\n<meta property=\"og:image\" content=\"https:\/\/shrimataji.org\/test\/wp-content\/uploads\/2018\/07\/media_originals\/images\/headers-work-creativity\/dance-scene-cabella-italy.jpg\" \/>\n\t<meta property=\"og:image:width\" content=\"990\" \/>\n\t<meta property=\"og:image:height\" content=\"350\" \/>\n\t<meta property=\"og:image:type\" content=\"image\/jpeg\" \/>\n<meta name=\"twitter:card\" content=\"summary_large_image\" \/>\n<meta name=\"twitter:site\" content=\"@shrimataji\" \/>\n<meta name=\"twitter:label1\" content=\"Est. reading time\" \/>\n\t<meta name=\"twitter:data1\" content=\"4 minutes\" \/>\n<script type=\"application\/ld+json\" class=\"yoast-schema-graph\">{\"@context\":\"https:\\\/\\\/schema.org\",\"@graph\":[{\"@type\":\"WebPage\",\"@id\":\"https:\\\/\\\/shrimataji.org\\\/test\\\/fr\\\/creativite\\\/\",\"url\":\"https:\\\/\\\/shrimataji.org\\\/test\\\/fr\\\/creativite\\\/\",\"name\":\"Cr\u00e9ativit\u00e9 - TEST - SMND\",\"isPartOf\":{\"@id\":\"https:\\\/\\\/shrimataji.org\\\/test\\\/#website\"},\"primaryImageOfPage\":{\"@id\":\"https:\\\/\\\/shrimataji.org\\\/test\\\/fr\\\/creativite\\\/#primaryimage\"},\"image\":{\"@id\":\"https:\\\/\\\/shrimataji.org\\\/test\\\/fr\\\/creativite\\\/#primaryimage\"},\"thumbnailUrl\":\"https:\\\/\\\/shrimataji.org\\\/test\\\/wp-content\\\/uploads\\\/2018\\\/07\\\/media_originals\\\/images\\\/headers-work-creativity\\\/dance-scene-cabella-italy.jpg\",\"datePublished\":\"2018-07-10T06:54:42+00:00\",\"dateModified\":\"2026-02-06T16:31:51+00:00\",\"breadcrumb\":{\"@id\":\"https:\\\/\\\/shrimataji.org\\\/test\\\/fr\\\/creativite\\\/#breadcrumb\"},\"inLanguage\":\"en-US\",\"potentialAction\":[{\"@type\":\"ReadAction\",\"target\":[\"https:\\\/\\\/shrimataji.org\\\/test\\\/fr\\\/creativite\\\/\"]}]},{\"@type\":\"ImageObject\",\"inLanguage\":\"en-US\",\"@id\":\"https:\\\/\\\/shrimataji.org\\\/test\\\/fr\\\/creativite\\\/#primaryimage\",\"url\":\"https:\\\/\\\/shrimataji.org\\\/test\\\/wp-content\\\/uploads\\\/2018\\\/07\\\/media_originals\\\/images\\\/headers-work-creativity\\\/dance-scene-cabella-italy.jpg\",\"contentUrl\":\"https:\\\/\\\/shrimataji.org\\\/test\\\/wp-content\\\/uploads\\\/2018\\\/07\\\/media_originals\\\/images\\\/headers-work-creativity\\\/dance-scene-cabella-italy.jpg\",\"width\":990,\"height\":350},{\"@type\":\"BreadcrumbList\",\"@id\":\"https:\\\/\\\/shrimataji.org\\\/test\\\/fr\\\/creativite\\\/#breadcrumb\",\"itemListElement\":[{\"@type\":\"ListItem\",\"position\":1,\"name\":\"Home\",\"item\":\"https:\\\/\\\/shrimataji.org\\\/test\\\/uk\\\/home-en\\\/\"},{\"@type\":\"ListItem\",\"position\":2,\"name\":\"Cr\u00e9ativit\u00e9\"}]},{\"@type\":\"WebSite\",\"@id\":\"https:\\\/\\\/shrimataji.org\\\/test\\\/#website\",\"url\":\"https:\\\/\\\/shrimataji.org\\\/test\\\/\",\"name\":\"Shri Mataji Nirmala Devi\",\"description\":\"A Life Dedicated to Humanity\",\"publisher\":{\"@id\":\"https:\\\/\\\/shrimataji.org\\\/test\\\/#\\\/schema\\\/person\\\/a1b3419c6585f164aa96da1ff85715d1\"},\"potentialAction\":[{\"@type\":\"SearchAction\",\"target\":{\"@type\":\"EntryPoint\",\"urlTemplate\":\"https:\\\/\\\/shrimataji.org\\\/test\\\/?s={search_term_string}\"},\"query-input\":{\"@type\":\"PropertyValueSpecification\",\"valueRequired\":true,\"valueName\":\"search_term_string\"}}],\"inLanguage\":\"en-US\"},{\"@type\":[\"Person\",\"Organization\"],\"@id\":\"https:\\\/\\\/shrimataji.org\\\/test\\\/#\\\/schema\\\/person\\\/a1b3419c6585f164aa96da1ff85715d1\",\"name\":\"Nirmala Shrivastava\",\"image\":{\"@type\":\"ImageObject\",\"inLanguage\":\"en-US\",\"@id\":\"https:\\\/\\\/shrimataji.org\\\/test\\\/wp-content\\\/uploads\\\/2023\\\/02\\\/SMO_LOGO-03.svg\",\"url\":\"https:\\\/\\\/shrimataji.org\\\/test\\\/wp-content\\\/uploads\\\/2023\\\/02\\\/SMO_LOGO-03.svg\",\"contentUrl\":\"https:\\\/\\\/shrimataji.org\\\/test\\\/wp-content\\\/uploads\\\/2023\\\/02\\\/SMO_LOGO-03.svg\",\"width\":\"1024\",\"height\":\"1024\",\"caption\":\"Nirmala Shrivastava\"},\"logo\":{\"@id\":\"https:\\\/\\\/shrimataji.org\\\/test\\\/wp-content\\\/uploads\\\/2023\\\/02\\\/SMO_LOGO-03.svg\"},\"sameAs\":[\"https:\\\/\\\/shrimataji.org\\\/test\",\"https:\\\/\\\/www.facebook.com\\\/shrimataji\",\"https:\\\/\\\/x.com\\\/shrimataji\",\"https:\\\/\\\/www.youtube.com\\\/@Shri_Mataji_Nirmala_Devi\\\/featured\"]}]}<\/script>\n<!-- \/ Yoast SEO plugin. -->","yoast_head_json":{"title":"Cr\u00e9ativit\u00e9 - TEST - SMND","robots":{"index":"noindex","follow":"follow","max-snippet":"max-snippet:-1","max-image-preview":"max-image-preview:large","max-video-preview":"max-video-preview:-1"},"og_locale":"en_US","og_type":"article","og_title":"Cr\u00e9ativit\u00e9 - TEST - SMND","og_description":"Cr\u00e9ativit\u00e9 Exprimer la beaut\u00e9 int\u00e9rieure Tout au long de sa vie, Shri Mataji a consacr\u00e9 beaucoup de temps et d&#8217;\u00e9nergie \u00e0 promouvoir l&#8217;art sous toutes ses formes. Elle a toujours consid\u00e9r\u00e9 l&#8217;art comme un moyen privil\u00e9gi\u00e9 d&#8217;exprimer les diff\u00e9rentes cultures, et aussi de les nourrir. Notamment, elle a voulu pr\u00e9server les riches traditions artistiques et&hellip; Read more","og_url":"https:\/\/shrimataji.org\/test\/fr\/creativite\/","og_site_name":"TEST - SMND","article_publisher":"https:\/\/www.facebook.com\/shrimataji","article_modified_time":"2026-02-06T16:31:51+00:00","og_image":[{"width":990,"height":350,"url":"https:\/\/shrimataji.org\/test\/wp-content\/uploads\/2018\/07\/media_originals\/images\/headers-work-creativity\/dance-scene-cabella-italy.jpg","type":"image\/jpeg"}],"twitter_card":"summary_large_image","twitter_site":"@shrimataji","twitter_misc":{"Est. reading time":"4 minutes"},"schema":{"@context":"https:\/\/schema.org","@graph":[{"@type":"WebPage","@id":"https:\/\/shrimataji.org\/test\/fr\/creativite\/","url":"https:\/\/shrimataji.org\/test\/fr\/creativite\/","name":"Cr\u00e9ativit\u00e9 - TEST - SMND","isPartOf":{"@id":"https:\/\/shrimataji.org\/test\/#website"},"primaryImageOfPage":{"@id":"https:\/\/shrimataji.org\/test\/fr\/creativite\/#primaryimage"},"image":{"@id":"https:\/\/shrimataji.org\/test\/fr\/creativite\/#primaryimage"},"thumbnailUrl":"https:\/\/shrimataji.org\/test\/wp-content\/uploads\/2018\/07\/media_originals\/images\/headers-work-creativity\/dance-scene-cabella-italy.jpg","datePublished":"2018-07-10T06:54:42+00:00","dateModified":"2026-02-06T16:31:51+00:00","breadcrumb":{"@id":"https:\/\/shrimataji.org\/test\/fr\/creativite\/#breadcrumb"},"inLanguage":"en-US","potentialAction":[{"@type":"ReadAction","target":["https:\/\/shrimataji.org\/test\/fr\/creativite\/"]}]},{"@type":"ImageObject","inLanguage":"en-US","@id":"https:\/\/shrimataji.org\/test\/fr\/creativite\/#primaryimage","url":"https:\/\/shrimataji.org\/test\/wp-content\/uploads\/2018\/07\/media_originals\/images\/headers-work-creativity\/dance-scene-cabella-italy.jpg","contentUrl":"https:\/\/shrimataji.org\/test\/wp-content\/uploads\/2018\/07\/media_originals\/images\/headers-work-creativity\/dance-scene-cabella-italy.jpg","width":990,"height":350},{"@type":"BreadcrumbList","@id":"https:\/\/shrimataji.org\/test\/fr\/creativite\/#breadcrumb","itemListElement":[{"@type":"ListItem","position":1,"name":"Home","item":"https:\/\/shrimataji.org\/test\/uk\/home-en\/"},{"@type":"ListItem","position":2,"name":"Cr\u00e9ativit\u00e9"}]},{"@type":"WebSite","@id":"https:\/\/shrimataji.org\/test\/#website","url":"https:\/\/shrimataji.org\/test\/","name":"Shri Mataji Nirmala Devi","description":"A Life Dedicated to Humanity","publisher":{"@id":"https:\/\/shrimataji.org\/test\/#\/schema\/person\/a1b3419c6585f164aa96da1ff85715d1"},"potentialAction":[{"@type":"SearchAction","target":{"@type":"EntryPoint","urlTemplate":"https:\/\/shrimataji.org\/test\/?s={search_term_string}"},"query-input":{"@type":"PropertyValueSpecification","valueRequired":true,"valueName":"search_term_string"}}],"inLanguage":"en-US"},{"@type":["Person","Organization"],"@id":"https:\/\/shrimataji.org\/test\/#\/schema\/person\/a1b3419c6585f164aa96da1ff85715d1","name":"Nirmala Shrivastava","image":{"@type":"ImageObject","inLanguage":"en-US","@id":"https:\/\/shrimataji.org\/test\/wp-content\/uploads\/2023\/02\/SMO_LOGO-03.svg","url":"https:\/\/shrimataji.org\/test\/wp-content\/uploads\/2023\/02\/SMO_LOGO-03.svg","contentUrl":"https:\/\/shrimataji.org\/test\/wp-content\/uploads\/2023\/02\/SMO_LOGO-03.svg","width":"1024","height":"1024","caption":"Nirmala Shrivastava"},"logo":{"@id":"https:\/\/shrimataji.org\/test\/wp-content\/uploads\/2023\/02\/SMO_LOGO-03.svg"},"sameAs":["https:\/\/shrimataji.org\/test","https:\/\/www.facebook.com\/shrimataji","https:\/\/x.com\/shrimataji","https:\/\/www.youtube.com\/@Shri_Mataji_Nirmala_Devi\/featured"]}]}},"lang":"fr","translations":{"fr":10731,"ur":37407,"en":400,"am":17978,"th":19911,"hu":19453,"sq":18379,"zh":17276,"tr":10146,"pt":10359,"de":10633,"it":10829,"es":10926,"ja":11223,"ru":11411,"bn":11603,"te":11711,"sw":11834,"he":11982,"el":12273,"sk":12371,"fa":12469,"fi":12567,"bg":13474,"ro":14546,"cs":14739,"nl":16539,"ku":16699,"ar":16875,"be":18586,"kn":18860,"mr":20275,"uk":20567,"ml":20866,"ta":22694,"sv":22967,"gu":28815,"pa":28973,"fil":29413,"da":37721,"pl":37938,"nn":38273},"pll_sync_post":[],"_links":{"self":[{"href":"https:\/\/shrimataji.org\/test\/wp-json\/wp\/v2\/pages\/10731","targetHints":{"allow":["GET"]}}],"collection":[{"href":"https:\/\/shrimataji.org\/test\/wp-json\/wp\/v2\/pages"}],"about":[{"href":"https:\/\/shrimataji.org\/test\/wp-json\/wp\/v2\/types\/page"}],"author":[{"embeddable":true,"href":"https:\/\/shrimataji.org\/test\/wp-json\/wp\/v2\/users\/7"}],"replies":[{"embeddable":true,"href":"https:\/\/shrimataji.org\/test\/wp-json\/wp\/v2\/comments?post=10731"}],"version-history":[{"count":0,"href":"https:\/\/shrimataji.org\/test\/wp-json\/wp\/v2\/pages\/10731\/revisions"}],"wp:featuredmedia":[{"embeddable":true,"href":"https:\/\/shrimataji.org\/test\/wp-json\/wp\/v2\/media\/162"}],"wp:attachment":[{"href":"https:\/\/shrimataji.org\/test\/wp-json\/wp\/v2\/media?parent=10731"}],"curies":[{"name":"wp","href":"https:\/\/api.w.org\/{rel}","templated":true}]}}