{"id":10733,"date":"2023-02-20T03:40:29","date_gmt":"2023-02-20T03:40:29","guid":{"rendered":"https:\/\/shrimataji.org\/test\/?page_id=8414"},"modified":"2026-01-12T10:26:23","modified_gmt":"2026-01-12T10:26:23","slug":"les-jeunes-annees","status":"publish","type":"page","link":"https:\/\/shrimataji.org\/test\/fr\/les-jeunes-annees\/","title":{"rendered":"Les jeunes ann\u00e9es"},"content":{"rendered":"\n\n\t<h1>Les jeunes ann\u00e9es<\/h1>\n<h2>Du mouvement de masse pour la libert\u00e9 de Gandhi, \u00e0 l&#8217;\u00e8re de la R\u00e9alisation du Soi en masse<\/h2>\n\t<p>Le Mahatma Gandhi a laiss\u00e9 une impression durable sur tous ceux qui l&#8217;ont rencontr\u00e9, y compris pour une petite fille qui s\u00e9journait dans son ashram. Cette petite fille s&#8217;appelait Nirmala, qu&#8217;il surnommait N\u00e9pali en raison des traits n\u00e9palais de son visage.<\/p>\n<p>D\u00e8s l&#8217;\u00e2ge de sept ans, Nirmala a pass\u00e9 beaucoup de temps avec Gandhi dans son ashram. &#8220;Il s&#8217;asseyait avec moi, me posait tr\u00e8s s\u00e9rieusement des questions tr\u00e8s douces&#8221;, se souvient Shri Mataji, qui l&#8217;accompagnait souvent lors des promenades matinales avant les pri\u00e8res collectives.<\/p>\n\t\t\t\t<img decoding=\"async\" src=\"https:\/\/shrimataji.org\/test\/wp-content\/uploads\/2018\/07\/media_originals\/images\/shri-mataji-and-family\/shri-mataji-as-a-young-child.jpg\" alt=\"shri-mataji-as-a-young-child\" itemprop=\"image\" height=\"407\" width=\"640\" title=\"shri-mataji-as-a-young-child\" onerror=\"this.style.display='none'\" loading=\"lazy\" \/>\n\t<p>&#8220;C&#8217;\u00e9tait un ma\u00eetre extr\u00eamement dur, mais une personne tr\u00e8s aimable et pleine de compassion&#8221;, disait Shri Mataji. &#8220;Il me parlait toujours comme si j&#8217;\u00e9tais une grand-m\u00e8re et il discutait avec moi de choses qui surprenaient les autres, d&#8217;une certaine mani\u00e8re, comme si j&#8217;\u00e9tais plus sage que tout le monde. Et il disait que certains enfants pouvaient mieux guider que les personnes plus \u00e2g\u00e9es.&#8221;<\/p>\n<p>Shri Mataji fera plus tard l&#8217;\u00e9loge de Gandhi pour avoir r\u00e9tabli en Inde, la base du dharma, surtout en politique, c&#8217;est-\u00e0-dire de la religion int\u00e9rieure ou de la droiture. Il a encourag\u00e9 les gens \u00e0 explorer la Bible, \u00e0 comprendre la Bhagavad Gita, \u00e0 conna\u00eetre toutes les grandes \u00e9critures et tous les grands personnages du monde, et \u00e0 comprendre leurs points communs plut\u00f4t que leurs diff\u00e9rences.<\/p>\n<p>Au cours de leurs conversations, Gandhi explorait avec elle la nature inh\u00e9rente de la personnalit\u00e9 humaine et les moyens de parvenir \u00e0 la lib\u00e9ration sociale et spirituelle. Shri Mataji a racont\u00e9 l&#8217;une de leurs discussions : Gandhi \u00e9tait tr\u00e8s strict dans sa routine et demandait aux gens de se lever \u00e0 4 heures du matin, de je\u00fbner et ainsi de suite: Shri Mataji lui dit : &#8220;Vous \u00eates trop strict, n&#8217;est-ce pas un peu trop?&#8221;<\/p>\n<p>Gandhi a r\u00e9pondu qu&#8217;il \u00e9tait n\u00e9cessaire d&#8217;avoir une discipline stricte en p\u00e9riode d&#8217;urgence, alors que l&#8217;\u00e9lan de libert\u00e9 s&#8217;acc\u00e9l\u00e9rait dans le pays.<\/p>\n<p>Gandhi lui demanda ce qu&#8217;elle voulait dire. Elle lui dit que la transformation int\u00e9rieure \u00e9tait la solution. Mais il a ajout\u00e9: &#8220;Tout d&#8217;abord, lib\u00e9rons-nous (de la domination britannique). Si nous ne sommes pas libres, les gens nous diront que comme nous ne sommes pas libres dans le pays, comment pourrions-nous parler de la libert\u00e9 de l&#8217;Esprit? Nous devons d&#8217;abord nous lib\u00e9rer de la domination \u00e9trang\u00e8re.&#8221;<\/p>\n<p>Au cours des ann\u00e9es suivantes, le message de Gandhi s&#8217;est r\u00e9pandu aupr\u00e8s des masses, des agriculteurs illettr\u00e9s jusqu&#8217;aux classes les plus privil\u00e9gi\u00e9es et aux membres les plus instruits de la soci\u00e9t\u00e9. Shri Mataji a \u00e9galement pris part \u00e0 la lutte pour la libert\u00e9, donnant l&#8217;exemple aux autres \u00e9tudiants.<\/p>\n<p>En 1947, l&#8217;Inde est enfin devenue une nation libre malgr\u00e9 la douloureuse partition. Des ann\u00e9es plus tard, peu de temps avant sa mort, Shri Mataji rencontra Gandhi une derni\u00e8re fois. &#8220;Je l&#8217;ai rencontr\u00e9. Il m&#8217;a imm\u00e9diatement reconnue&#8221;, se souvient Shri Mataji, Il m&#8217;a dit: &#8216;Rencontrez-moi apr\u00e8s la pri\u00e8re.&#8217; Apr\u00e8s la pri\u00e8re, je l&#8217;ai revu et il m&#8217;a dit: &#8216;Maintenant, met-toi \u00e0 un travail constructif. Maintenant, met-toi \u00e0 un travail constructif.'&#8221;<\/p>\n<p>Shri Mataji a continu\u00e9 d&#8217;\u00e9tudier les diff\u00e9rents probl\u00e8mes auxquels sont confront\u00e9s les \u00eatres humains ainsi que leurs solutions possibles. Il lui faudra de nombreuses ann\u00e9es avant de commencer son travail de transformation au moyen de Sahaja Yoga. Tout comme Gandhi avait guid\u00e9 son pays vers la libert\u00e9, le travail de Shri Mataji allait transformer non seulement quelques individus mais des centaines de milliers de personnes dans le monde. L&#8217;heure de la libert\u00e9 int\u00e9rieure \u00e9tait venue.<\/p>\n\t\t<img decoding=\"async\" data-spai-excluded=\"true\" loading=\"lazy\"  alt=\"YouTube player\"  src=\"https:\/\/i.ytimg.com\/vi\/R3BuPaDgo4c\/maxresdefault.jpg\"  \/><button aria-label=\"Play\"><\/button><meta itemprop=\"embedUrl\" content=\"https:\/\/www.youtube.com\/embed\/R3BuPaDgo4c\"\/><meta itemprop=\"name\" content=\"Her Studies, Indian Independence, Gandhi\"\/><meta itemprop=\"description\" content=\"Shri Mataji describes her childhood and remarkable father who took her, aged 7, to meet Mahatma Gandhi. Recognizing her spiritual depths he asked the little girl to stay at his ashram and often consulted her on profound matters. She and her family were deeply committed to the freedom movement and endured great hardships. After Independence her father was the only Christian to be elected to the Central Assembly. Shri Mataji studied medicine and married Sir C.P. Srivastava. More videos at: http:\/\/ShriMataji.org ~ A Life Dedicated to Humanity ~\"\/><meta itemprop=\"thumbnailUrl\" content=\"https:\/\/i.ytimg.com\/vi\/R3BuPaDgo4c\/0.jpg\"\/><meta itemprop=\"duration\" content=\"PT6M33S\"\/><meta itemprop=\"uploadDate\" content=\"2020-07-19T23:59:15Z\"\/>\t\n\t<div class=\"su-quote su-quote-style-default\"><div class=\"su-quote-inner su-u-clearfix su-u-trim\">Un dirigeant politique n&#8217;a pas besoin de se soucier de l&#8217;Esprit ni de la religion, mais il consid\u00e8re notre pays comme une terre de yoga &#8230; La principale contribution de Gandhi a \u00e9t\u00e9 d&#8217;\u00e9tablir un \u00e9quilibre entre les gens et de les rendre plus &#8216;indiens&#8217; en supprimant la mentalit\u00e9 servile qui s&#8217;\u00e9tait r\u00e9pandue parli nous. <\/div><\/div>\n\t\t\t\t<img decoding=\"async\" src=\"https:\/\/shrimataji.org\/test\/wp-content\/uploads\/2026\/01\/Fr_Chhindwara_Final-1920x516-1.jpg\" alt=\"Sanctuaire natal de Shri Mataji Nirmala Devi \u00e0 Chhindwara en Inde\" itemprop=\"image\" height=\"516\" width=\"1920\" title=\"Fr_Chhindwara_Final-1920x516-1\" onerror=\"this.style.display='none'\" loading=\"lazy\" \/>\n\t\tSanctuaire natal de Shri Mataji Nirmala Devi \u00e0 Chhindwara en Inde\n\n","protected":false},"excerpt":{"rendered":"<p>Les jeunes ann\u00e9es Du mouvement de masse pour la libert\u00e9 de Gandhi, \u00e0 l&#8217;\u00e8re de la R\u00e9alisation du Soi en masse Le Mahatma Gandhi a laiss\u00e9 une impression durable sur tous ceux qui l&#8217;ont rencontr\u00e9, y compris pour une petite fille qui s\u00e9journait dans son ashram. Cette petite fille s&#8217;appelait Nirmala, qu&#8217;il surnommait N\u00e9pali en&hellip; <br \/> <a class=\"read-more\" href=\"https:\/\/shrimataji.org\/test\/fr\/les-jeunes-annees\/\">Read more<\/a><\/p>\n","protected":false},"author":7,"featured_media":9507,"parent":0,"menu_order":0,"comment_status":"closed","ping_status":"closed","template":"","meta":{"inline_featured_image":false,"footnotes":""},"class_list":["post-10733","page","type-page","status-publish","has-post-thumbnail","hentry"],"yoast_head":"<!-- This site is optimized with the Yoast SEO plugin v27.4 - https:\/\/yoast.com\/product\/yoast-seo-wordpress\/ -->\n<title>Les jeunes ann\u00e9es - TEST - SMND<\/title>\n<meta name=\"robots\" content=\"noindex, follow, max-snippet:-1, max-image-preview:large, max-video-preview:-1\" \/>\n<meta property=\"og:locale\" content=\"en_US\" \/>\n<meta property=\"og:type\" content=\"article\" \/>\n<meta property=\"og:title\" content=\"Les jeunes ann\u00e9es - TEST - SMND\" \/>\n<meta property=\"og:description\" content=\"Les jeunes ann\u00e9es Du mouvement de masse pour la libert\u00e9 de Gandhi, \u00e0 l&#8217;\u00e8re de la R\u00e9alisation du Soi en masse Le Mahatma Gandhi a laiss\u00e9 une impression durable sur tous ceux qui l&#8217;ont rencontr\u00e9, y compris pour une petite fille qui s\u00e9journait dans son ashram. Cette petite fille s&#8217;appelait Nirmala, qu&#8217;il surnommait N\u00e9pali en&hellip; Read more\" \/>\n<meta property=\"og:url\" content=\"https:\/\/shrimataji.org\/test\/fr\/les-jeunes-annees\/\" \/>\n<meta property=\"og:site_name\" content=\"TEST - SMND\" \/>\n<meta property=\"article:publisher\" content=\"https:\/\/www.facebook.com\/shrimataji\" \/>\n<meta property=\"article:modified_time\" content=\"2026-01-12T10:26:23+00:00\" \/>\n<meta property=\"og:image\" content=\"https:\/\/shrimataji.org\/test\/wp-content\/uploads\/2023\/03\/1_Banner_EarlyLife-scaled.jpg\" \/>\n\t<meta property=\"og:image:width\" content=\"2560\" \/>\n\t<meta property=\"og:image:height\" content=\"905\" \/>\n\t<meta property=\"og:image:type\" content=\"image\/jpeg\" \/>\n<meta name=\"twitter:card\" content=\"summary_large_image\" \/>\n<meta name=\"twitter:site\" content=\"@shrimataji\" \/>\n<meta name=\"twitter:label1\" content=\"Est. reading time\" \/>\n\t<meta name=\"twitter:data1\" content=\"4 minutes\" \/>\n<script type=\"application\/ld+json\" class=\"yoast-schema-graph\">{\"@context\":\"https:\\\/\\\/schema.org\",\"@graph\":[{\"@type\":\"WebPage\",\"@id\":\"https:\\\/\\\/shrimataji.org\\\/test\\\/fr\\\/les-jeunes-annees\\\/\",\"url\":\"https:\\\/\\\/shrimataji.org\\\/test\\\/fr\\\/les-jeunes-annees\\\/\",\"name\":\"Les jeunes ann\u00e9es - TEST - SMND\",\"isPartOf\":{\"@id\":\"https:\\\/\\\/shrimataji.org\\\/test\\\/#website\"},\"primaryImageOfPage\":{\"@id\":\"https:\\\/\\\/shrimataji.org\\\/test\\\/fr\\\/les-jeunes-annees\\\/#primaryimage\"},\"image\":{\"@id\":\"https:\\\/\\\/shrimataji.org\\\/test\\\/fr\\\/les-jeunes-annees\\\/#primaryimage\"},\"thumbnailUrl\":\"https:\\\/\\\/shrimataji.org\\\/test\\\/wp-content\\\/uploads\\\/2023\\\/03\\\/1_Banner_EarlyLife-scaled.jpg\",\"datePublished\":\"2023-02-20T03:40:29+00:00\",\"dateModified\":\"2026-01-12T10:26:23+00:00\",\"breadcrumb\":{\"@id\":\"https:\\\/\\\/shrimataji.org\\\/test\\\/fr\\\/les-jeunes-annees\\\/#breadcrumb\"},\"inLanguage\":\"en-US\",\"potentialAction\":[{\"@type\":\"ReadAction\",\"target\":[\"https:\\\/\\\/shrimataji.org\\\/test\\\/fr\\\/les-jeunes-annees\\\/\"]}]},{\"@type\":\"ImageObject\",\"inLanguage\":\"en-US\",\"@id\":\"https:\\\/\\\/shrimataji.org\\\/test\\\/fr\\\/les-jeunes-annees\\\/#primaryimage\",\"url\":\"https:\\\/\\\/shrimataji.org\\\/test\\\/wp-content\\\/uploads\\\/2023\\\/03\\\/1_Banner_EarlyLife-scaled.jpg\",\"contentUrl\":\"https:\\\/\\\/shrimataji.org\\\/test\\\/wp-content\\\/uploads\\\/2023\\\/03\\\/1_Banner_EarlyLife-scaled.jpg\",\"width\":2560,\"height\":905},{\"@type\":\"BreadcrumbList\",\"@id\":\"https:\\\/\\\/shrimataji.org\\\/test\\\/fr\\\/les-jeunes-annees\\\/#breadcrumb\",\"itemListElement\":[{\"@type\":\"ListItem\",\"position\":1,\"name\":\"Home\",\"item\":\"https:\\\/\\\/shrimataji.org\\\/test\\\/uk\\\/home-en\\\/\"},{\"@type\":\"ListItem\",\"position\":2,\"name\":\"Les jeunes ann\u00e9es\"}]},{\"@type\":\"WebSite\",\"@id\":\"https:\\\/\\\/shrimataji.org\\\/test\\\/#website\",\"url\":\"https:\\\/\\\/shrimataji.org\\\/test\\\/\",\"name\":\"Shri Mataji Nirmala Devi\",\"description\":\"A Life Dedicated to Humanity\",\"publisher\":{\"@id\":\"https:\\\/\\\/shrimataji.org\\\/test\\\/#\\\/schema\\\/person\\\/a1b3419c6585f164aa96da1ff85715d1\"},\"potentialAction\":[{\"@type\":\"SearchAction\",\"target\":{\"@type\":\"EntryPoint\",\"urlTemplate\":\"https:\\\/\\\/shrimataji.org\\\/test\\\/?s={search_term_string}\"},\"query-input\":{\"@type\":\"PropertyValueSpecification\",\"valueRequired\":true,\"valueName\":\"search_term_string\"}}],\"inLanguage\":\"en-US\"},{\"@type\":[\"Person\",\"Organization\"],\"@id\":\"https:\\\/\\\/shrimataji.org\\\/test\\\/#\\\/schema\\\/person\\\/a1b3419c6585f164aa96da1ff85715d1\",\"name\":\"Nirmala Shrivastava\",\"image\":{\"@type\":\"ImageObject\",\"inLanguage\":\"en-US\",\"@id\":\"https:\\\/\\\/shrimataji.org\\\/test\\\/wp-content\\\/uploads\\\/2023\\\/02\\\/SMO_LOGO-03.svg\",\"url\":\"https:\\\/\\\/shrimataji.org\\\/test\\\/wp-content\\\/uploads\\\/2023\\\/02\\\/SMO_LOGO-03.svg\",\"contentUrl\":\"https:\\\/\\\/shrimataji.org\\\/test\\\/wp-content\\\/uploads\\\/2023\\\/02\\\/SMO_LOGO-03.svg\",\"width\":\"1024\",\"height\":\"1024\",\"caption\":\"Nirmala Shrivastava\"},\"logo\":{\"@id\":\"https:\\\/\\\/shrimataji.org\\\/test\\\/wp-content\\\/uploads\\\/2023\\\/02\\\/SMO_LOGO-03.svg\"},\"sameAs\":[\"https:\\\/\\\/shrimataji.org\\\/test\",\"https:\\\/\\\/www.facebook.com\\\/shrimataji\",\"https:\\\/\\\/x.com\\\/shrimataji\",\"https:\\\/\\\/www.youtube.com\\\/@Shri_Mataji_Nirmala_Devi\\\/featured\"]}]}<\/script>\n<!-- \/ Yoast SEO plugin. -->","yoast_head_json":{"title":"Les jeunes ann\u00e9es - TEST - SMND","robots":{"index":"noindex","follow":"follow","max-snippet":"max-snippet:-1","max-image-preview":"max-image-preview:large","max-video-preview":"max-video-preview:-1"},"og_locale":"en_US","og_type":"article","og_title":"Les jeunes ann\u00e9es - TEST - SMND","og_description":"Les jeunes ann\u00e9es Du mouvement de masse pour la libert\u00e9 de Gandhi, \u00e0 l&#8217;\u00e8re de la R\u00e9alisation du Soi en masse Le Mahatma Gandhi a laiss\u00e9 une impression durable sur tous ceux qui l&#8217;ont rencontr\u00e9, y compris pour une petite fille qui s\u00e9journait dans son ashram. Cette petite fille s&#8217;appelait Nirmala, qu&#8217;il surnommait N\u00e9pali en&hellip; Read more","og_url":"https:\/\/shrimataji.org\/test\/fr\/les-jeunes-annees\/","og_site_name":"TEST - SMND","article_publisher":"https:\/\/www.facebook.com\/shrimataji","article_modified_time":"2026-01-12T10:26:23+00:00","og_image":[{"width":2560,"height":905,"url":"https:\/\/shrimataji.org\/test\/wp-content\/uploads\/2023\/03\/1_Banner_EarlyLife-scaled.jpg","type":"image\/jpeg"}],"twitter_card":"summary_large_image","twitter_site":"@shrimataji","twitter_misc":{"Est. reading time":"4 minutes"},"schema":{"@context":"https:\/\/schema.org","@graph":[{"@type":"WebPage","@id":"https:\/\/shrimataji.org\/test\/fr\/les-jeunes-annees\/","url":"https:\/\/shrimataji.org\/test\/fr\/les-jeunes-annees\/","name":"Les jeunes ann\u00e9es - TEST - SMND","isPartOf":{"@id":"https:\/\/shrimataji.org\/test\/#website"},"primaryImageOfPage":{"@id":"https:\/\/shrimataji.org\/test\/fr\/les-jeunes-annees\/#primaryimage"},"image":{"@id":"https:\/\/shrimataji.org\/test\/fr\/les-jeunes-annees\/#primaryimage"},"thumbnailUrl":"https:\/\/shrimataji.org\/test\/wp-content\/uploads\/2023\/03\/1_Banner_EarlyLife-scaled.jpg","datePublished":"2023-02-20T03:40:29+00:00","dateModified":"2026-01-12T10:26:23+00:00","breadcrumb":{"@id":"https:\/\/shrimataji.org\/test\/fr\/les-jeunes-annees\/#breadcrumb"},"inLanguage":"en-US","potentialAction":[{"@type":"ReadAction","target":["https:\/\/shrimataji.org\/test\/fr\/les-jeunes-annees\/"]}]},{"@type":"ImageObject","inLanguage":"en-US","@id":"https:\/\/shrimataji.org\/test\/fr\/les-jeunes-annees\/#primaryimage","url":"https:\/\/shrimataji.org\/test\/wp-content\/uploads\/2023\/03\/1_Banner_EarlyLife-scaled.jpg","contentUrl":"https:\/\/shrimataji.org\/test\/wp-content\/uploads\/2023\/03\/1_Banner_EarlyLife-scaled.jpg","width":2560,"height":905},{"@type":"BreadcrumbList","@id":"https:\/\/shrimataji.org\/test\/fr\/les-jeunes-annees\/#breadcrumb","itemListElement":[{"@type":"ListItem","position":1,"name":"Home","item":"https:\/\/shrimataji.org\/test\/uk\/home-en\/"},{"@type":"ListItem","position":2,"name":"Les jeunes ann\u00e9es"}]},{"@type":"WebSite","@id":"https:\/\/shrimataji.org\/test\/#website","url":"https:\/\/shrimataji.org\/test\/","name":"Shri Mataji Nirmala Devi","description":"A Life Dedicated to Humanity","publisher":{"@id":"https:\/\/shrimataji.org\/test\/#\/schema\/person\/a1b3419c6585f164aa96da1ff85715d1"},"potentialAction":[{"@type":"SearchAction","target":{"@type":"EntryPoint","urlTemplate":"https:\/\/shrimataji.org\/test\/?s={search_term_string}"},"query-input":{"@type":"PropertyValueSpecification","valueRequired":true,"valueName":"search_term_string"}}],"inLanguage":"en-US"},{"@type":["Person","Organization"],"@id":"https:\/\/shrimataji.org\/test\/#\/schema\/person\/a1b3419c6585f164aa96da1ff85715d1","name":"Nirmala Shrivastava","image":{"@type":"ImageObject","inLanguage":"en-US","@id":"https:\/\/shrimataji.org\/test\/wp-content\/uploads\/2023\/02\/SMO_LOGO-03.svg","url":"https:\/\/shrimataji.org\/test\/wp-content\/uploads\/2023\/02\/SMO_LOGO-03.svg","contentUrl":"https:\/\/shrimataji.org\/test\/wp-content\/uploads\/2023\/02\/SMO_LOGO-03.svg","width":"1024","height":"1024","caption":"Nirmala Shrivastava"},"logo":{"@id":"https:\/\/shrimataji.org\/test\/wp-content\/uploads\/2023\/02\/SMO_LOGO-03.svg"},"sameAs":["https:\/\/shrimataji.org\/test","https:\/\/www.facebook.com\/shrimataji","https:\/\/x.com\/shrimataji","https:\/\/www.youtube.com\/@Shri_Mataji_Nirmala_Devi\/featured"]}]}},"lang":"fr","translations":{"fr":10733,"ur":37411,"en":8414,"am":18348,"th":19917,"hu":19457,"sq":18383,"zh":17280,"hi":8389,"tr":10148,"pt":10361,"de":10635,"it":10831,"es":10928,"ja":11225,"ru":11413,"bn":11605,"te":11713,"sw":11836,"he":11984,"el":12275,"sk":12373,"fa":12471,"fi":12569,"bg":13361,"ro":14435,"cs":14628,"nl":16543,"ku":16703,"ar":16879,"be":18590,"kn":18864,"mr":20281,"uk":20573,"ml":20872,"ta":22698,"sv":22971,"gu":28819,"pa":28977,"fil":29417,"da":37725,"pl":37942,"nn":38277},"pll_sync_post":[],"_links":{"self":[{"href":"https:\/\/shrimataji.org\/test\/wp-json\/wp\/v2\/pages\/10733","targetHints":{"allow":["GET"]}}],"collection":[{"href":"https:\/\/shrimataji.org\/test\/wp-json\/wp\/v2\/pages"}],"about":[{"href":"https:\/\/shrimataji.org\/test\/wp-json\/wp\/v2\/types\/page"}],"author":[{"embeddable":true,"href":"https:\/\/shrimataji.org\/test\/wp-json\/wp\/v2\/users\/7"}],"replies":[{"embeddable":true,"href":"https:\/\/shrimataji.org\/test\/wp-json\/wp\/v2\/comments?post=10733"}],"version-history":[{"count":0,"href":"https:\/\/shrimataji.org\/test\/wp-json\/wp\/v2\/pages\/10733\/revisions"}],"wp:featuredmedia":[{"embeddable":true,"href":"https:\/\/shrimataji.org\/test\/wp-json\/wp\/v2\/media\/9507"}],"wp:attachment":[{"href":"https:\/\/shrimataji.org\/test\/wp-json\/wp\/v2\/media?parent=10733"}],"curies":[{"name":"wp","href":"https:\/\/api.w.org\/{rel}","templated":true}]}}