{"id":10734,"date":"2011-02-12T02:00:00","date_gmt":"2011-02-12T02:00:00","guid":{"rendered":"http:\/\/testwordpress.nirmalnagari.org\/smnd\/index.php\/ecology\/"},"modified":"2026-02-28T01:45:17","modified_gmt":"2026-02-28T01:45:17","slug":"ecologie-fr","status":"publish","type":"page","link":"https:\/\/shrimataji.org\/test\/fr\/ecologie-fr\/","title":{"rendered":"\u00c9cologie FR"},"content":{"rendered":"\n\n\t<h1>\u00c9cologie<\/h1>\n<h2>Un \u00e9quilibre naturel<\/h2>\n\t<div class=\"su-quote su-quote-style-default\"><div class=\"su-quote-inner su-u-clearfix su-u-trim\">Si nous ne savons pas comment respecter la Terre M\u00e8re, nous ne saurons pas comment nous respecter nous-m\u00eames.<\/div><\/div>\n\t<p>Shri Mataji consid\u00e9rait la nature comme notre Terre M\u00e8re qui fournit et soutient la vie, une entit\u00e9 vivante qu&#8217;il faut respecter et m\u00eame v\u00e9n\u00e9rer. Un jour, elle a expliqu\u00e9 comment on lui avait enseign\u00e9, ainsi qu&#8217;\u00e0 ses fr\u00e8res et s\u0153urs, et \u00e0 tous les enfants indiens, \u00e0 demander pardon \u00e0 la Terre M\u00e8re chaque matin &#8220;de la toucher avec les pieds.&#8221;<\/p>\n<p>Shri Mataji a voyag\u00e9 autour du monde durant environ 40 ann\u00e9es pour \u00e9veiller le potentiel int\u00e9rieur humain, afin d&#8217;aider les \u00eatres humains \u00e0 atteindre un \u00e9tat d&#8217;esprit plus pacifique et moins \u00e9gocentrique. Les gens qui sont venus \u00e0 ses conf\u00e9rences et \u00e0 ses sessions de m\u00e9ditation \u00e9taient des chercheurs de la spiritualit\u00e9. Elle leur a clairement explicit\u00e9 que la spiritualit\u00e9 ne pouvait pas se d\u00e9velopper sans une compr\u00e9hension totale de notre relation avec la nature.<\/p>\n<p>Il y a une quarantaine d&#8217;ann\u00e9es d\u00e9j\u00e0, Shri Mataji d\u00e9non\u00e7ait des probl\u00e8mes qui maintenant sont devenus critiques : la surproduction de plastique, les dangers du nucl\u00e9aire, la surexploitation dans l&#8217;agriculture, la pollution des moyens de transport et la contamination de nos oc\u00e9ans, lacs et rivi\u00e8res.<\/p>\n<figure itemscope itemtype=\"https:\/\/schema.org\/ImageObject\">\n\t\t\t\t<img decoding=\"async\" src=\"https:\/\/shrimataji.org\/test\/wp-content\/uploads\/2018\/07\/media_originals\/images\/flowers\/purple-flowers-by-vera-subkus-300x300.jpg\" alt=\"\" height=\"300\" width=\"300\" onerror=\"this.style.display='none'\" loading=\"lazy\" \/>\n\t\t\n\t<\/figure>\n<figure itemscope itemtype=\"https:\/\/schema.org\/ImageObject\">\n\t\t\t\t<img decoding=\"async\" src=\"https:\/\/shrimataji.org\/test\/wp-content\/uploads\/2026\/01\/Fr_wentworth-falls-artwork-by-meredith-cooper.jpg\" alt=\"Wentworth Falls en Nouvelle-Galles du Sud, Australie, par l'artiste Meredith Cooper\" height=\"1000\" width=\"993\" title=\"Fr_wentworth-falls-artwork-by-meredith-cooper\" onerror=\"this.style.display='none'\" loading=\"lazy\" \/>\n\t\t<figcaption>Wentworth Falls en Nouvelle-Galles du Sud, Australie, par l&#8217;artiste Meredith Cooper<\/figcaption>\n\t<\/figure>\n\t<p>D\u00e8s les ann\u00e9es 80, Shri Mataji a critiqu\u00e9 l&#8217;usage excessif des plastiques et leur d\u00e9sastreuse propagation dans la nature, sans nier leur utilit\u00e9 dans certaines circonstances. &#8220;Ceux qui g\u00e8rent la cr\u00e9ation et la fabrication des plastiques se d\u00e9veloppent tr\u00e8s bien et se construisent une image de multimillionnaires&#8221; a-t-elle expliqu\u00e9.&#8221;<\/p>\n<p>Pendant ce temps, cette consommation insouciante est en train de cr\u00e9er des montagnes et des montagnes de plastique, cela en telle quantit\u00e9 que l&#8217;on ne sait pas comment ils vont r\u00e9soudre le probl\u00e8me de destruction de ces montagnes de fabrication humaine non seulement hideuses, mais qui peuvent polluer jusqu&#8217;\u00e0 l&#8217;atmosph\u00e8re m\u00eame, du fait de leur simple existence. Cette surproduction de plastiques et de fibres artificielles n&#8217;est en fait que le sous-produit d&#8217;une consommation compulsive nourrie par les effets de mode.&#8221;<\/p>\n<p>Shri Mataji a \u00e9galement demand\u00e9 d&#8217;\u00eatre vigilant dans le domaine de l&#8217;\u00e9nergie nucl\u00e9aire et, apr\u00e8s la trag\u00e9die de Tchernobyl, elle a ajout\u00e9: &#8220;Tchernobyl a \u00e9t\u00e9 un \u00e9norme probl\u00e8me&#8230; et la le\u00e7on, pour nous, c&#8217;est qu&#8217;il ne faut pas trop s&#8217;occuper d&#8217;\u00e9nergie atomique.&#8221; Selon elle, la fission nucl\u00e9aire est une agression contre l&#8217;int\u00e9gralit\u00e9 naturelle du noyau ce qui explique, \u00e0 un niveau subtil, la qualit\u00e9 destructive des sous-produits de l&#8217;\u00e9nergie qui en r\u00e9sulte.<\/p>\n\t<p>Elle nous a pr\u00e9venu des m\u00e9faits du gaspillage li\u00e9 \u00e0 une consommation moderne d\u00e9brid\u00e9e, et nous a encourag\u00e9 \u00e0 r\u00e9duire notre impact \u00e9conomique dans la vie quotidienne. Chacun devrait \u00eatre conscient &#8220;de sa consommation personnelle \u00e9nerg\u00e9tique avec l&#8217;\u00e9lectricit\u00e9, le t\u00e9l\u00e9phone, ou envers l&#8217;eau et le reste.&#8221; &#8220;Nous devons \u00eatre \u00e9conomes \u00e0 ce sujet&#8230; Il faut l&#8217;appliquer au quotidien et consid\u00e9rer qu&#8217;essayer de sauver l&#8217;\u00e9nergie de cette M\u00e8re Terre fait partie de votre vie, c&#8217;est tr\u00e8s important.&#8221;<\/p>\n<p>\u00c0 plusieurs occasions Shri Mataji a fait remarquer le nombre important de voitures ayant un seul passager qui allaient dans la m\u00eame direction. Elle a sugg\u00e9r\u00e9 le covoiturage comme mesure de r\u00e9duction de la pollution et comme moyen de rendre notre attitude envers l&#8217;environnement plus responsable et collectif. Elle a souvent recommand\u00e9 de marcher ; ceci non seulement pour sa sant\u00e9, mais aussi pour d\u00e9couvrir les subtilit\u00e9s de la nature dans un monde bien trop press\u00e9.<\/p>\n\t<p>Au-del\u00e0 de ses paroles, l&#8217;exemple personnel de Shri Mataji a probablement constitu\u00e9 l&#8217;influence la plus forte. Partout o\u00f9 elle s&#8217;est rendue, elle a soutenu l&#8217;artisanat local en rencontrant les artisans et en achetant leurs \u0153uvres. Elle s&#8217;est int\u00e9ress\u00e9e aux moindres d\u00e9tails de l&#8217;artisanat, le mat\u00e9riel utilis\u00e9, leur origine, les conditions de travail et le niveau de vie des artisans eux-m\u00eames et de leur famille.<\/p>\n\t<div class=\"su-quote su-quote-style-default\"><div class=\"su-quote-inner su-u-clearfix su-u-trim\">Nous devons changer l&#8217;\u00e9quilibre entre les objets faits \u00e0 la machine et ceux faits main, et adopter plus de choses naturelles.<\/div><\/div>\n\t<p>Elle a souvent soulign\u00e9 la valeur \u00e9cologique et \u00e9conomique de ces objets faits main. En les achetant, les consommateurs cassent la cha\u00eene de notre asservissement aux grands lobbies industriels, \u00e0 la mode et \u00e0 la culture des objets jetables. Les objets faits main r\u00e9duisent simultan\u00e9ment la consommation excessive et cr\u00e9ent des emplois. Etant donn\u00e9 le travail et le temps investis, les objets faits main ont tendance \u00e0 co\u00fbter plus cher que ceux faits par la grande industrie. Cependant, cela signifie que les consommateurs vont leur accorder plus d&#8217;importance qu&#8217;\u00e0 des objets jetables.<\/p>\n<p>De m\u00eame, Shri Mataji reconna\u00eet l&#8217;utilit\u00e9 de la production industrielle et des machines, mais a aussi insist\u00e9 sur la n\u00e9cessit\u00e9 de contrebalancer les productions de masse avec l&#8217;artisanat: &#8220;Les machines devraient \u00eatre utilis\u00e9es pour tout ce qui est relatif au bien public comme vos voitures, vos trains, vos tramways, tout le bien public qui a un usage ext\u00e9rieur. Vous pouvez utiliser des machines tout au plus pour construire vos maisons. Mais en ce qui concerne vos affaires personnelles, vous devriez utiliser des objets faits main. Les gens spirituels appr\u00e9cient de porter quelque chose qui est fait main et qui est naturel.&#8221;<\/p>\n<p>Le monde d&#8217;aujourd&#8217;hui se trouve \u00e0 un tournant critique en mati\u00e8re de changement climatique, qui risque d&#8217;entra\u00eener une catastrophe \u00e9cologique mondiale sans pr\u00e9c\u00e9dent. Les \u00e9tudes scientifiques actuelles indiquent que l&#8217;\u00e9volution des priorit\u00e9s humaines depuis le d\u00e9but de l&#8217;\u00e8re industrielle a contribu\u00e9 de mani\u00e8re spectaculaire \u00e0 la d\u00e9gradation de l&#8217;environnement mondial, et que seul un effort concert\u00e9 de l&#8217;ensemble de l&#8217;humanit\u00e9 pour s&#8217;adapter \u00e0 un mode de vie durable peut nous sortir du danger qui nous guette.<\/p>\n<p>La pratique de la m\u00e9ditation Sahaja Yoga \u00e9tablit un \u00e9quilibre holistique entre le corps, l&#8217;esprit et l&#8217;\u00e2me, qui permet \u00e0 chacun de mener une vie altruiste et de vivre en harmonie avec la nature. Au-del\u00e0 de cette transformation comportementale que l&#8217;on peut facilement atteindre gr\u00e2ce \u00e0 la m\u00e9ditation, Shri Mataji recommandait d&#8217;utiliser l&#8217;\u00e9nergie vibratoire subtile qui est d\u00e9velopp\u00e9e gr\u00e2ce \u00e0 la pratique de Sahaja Yoga. Les vibrations ont un effet sur la nature et favorisent une croissance \u00e9cologique naturelle. De nombreuses exp\u00e9riences agricoles de ce type [<a href=\"https:\/\/shrimataji.org\/test\/fr\/ecologie\/#citation-note-1\">1<\/a>] men\u00e9es par des Sahaja Yogis dans le monde entier, ont d\u00e9montr\u00e9 que cette \u00e9nergie avait des r\u00e9sultats positifs sur la pousse des v\u00e9g\u00e9taux et par cons\u00e9quent r\u00e9duit notre d\u00e9pendance aux engrais chimiques nocifs pour l&#8217;environnement.<\/p>\n<p>Pour Shri Mataji, un monde \u00e9quilibr\u00e9 commence avec des gens qui sont eux-m\u00eames \u00e9quilibr\u00e9s. C&#8217;est seulement lorsque cet \u00e9quilibre int\u00e9rieur est \u00e9tabli que les \u00eatres humains peuvent entretenir une relation harmonieuse et respectueuse avec l&#8217;environnement et la Terre M\u00e8re qui nous nourrit tous.<\/p>\n\t<h5>&#8220;La terre produit assez pour satisfaire les besoins de chacun, mais pas la cupidit\u00e9 de chaque homme.&#8221;<\/h5>\n<h5>Le Mahatma Gandhi<\/h5>\n\t<p>&nbsp;<\/p>\n<hr \/>\n<h3><a href=\"https:\/\/shrimataji.org\/test\/ecology\/#_ftnref1\" name=\"_ftn1\">[1]<\/a> <a href=\"https:\/\/sahajkrishi.in\/\" target=\"_blank\" rel=\"noopener\">https:\/\/sahajkrishi.in\/<\/a><\/h3>\n\n","protected":false},"excerpt":{"rendered":"<p>\u00c9cologie Un \u00e9quilibre naturel Shri Mataji consid\u00e9rait la nature comme notre Terre M\u00e8re qui fournit et soutient la vie, une entit\u00e9 vivante qu&#8217;il faut respecter et m\u00eame v\u00e9n\u00e9rer. Un jour, elle a expliqu\u00e9 comment on lui avait enseign\u00e9, ainsi qu&#8217;\u00e0 ses fr\u00e8res et s\u0153urs, et \u00e0 tous les enfants indiens, \u00e0 demander pardon \u00e0 la&hellip; <br \/> <a class=\"read-more\" href=\"https:\/\/shrimataji.org\/test\/fr\/ecologie-fr\/\">Read more<\/a><\/p>\n","protected":false},"author":7,"featured_media":126,"parent":0,"menu_order":0,"comment_status":"closed","ping_status":"closed","template":"pro\/page-templates\/full-width-page.php","meta":{"inline_featured_image":false,"footnotes":""},"class_list":["post-10734","page","type-page","status-publish","has-post-thumbnail","hentry"],"yoast_head":"<!-- This site is optimized with the Yoast SEO plugin v27.4 - https:\/\/yoast.com\/product\/yoast-seo-wordpress\/ -->\n<title>\u00c9cologie FR - TEST - SMND<\/title>\n<meta name=\"robots\" content=\"noindex, follow, max-snippet:-1, max-image-preview:large, max-video-preview:-1\" \/>\n<meta property=\"og:locale\" content=\"en_US\" \/>\n<meta property=\"og:type\" content=\"article\" \/>\n<meta property=\"og:title\" content=\"\u00c9cologie FR - TEST - SMND\" \/>\n<meta property=\"og:description\" content=\"\u00c9cologie Un \u00e9quilibre naturel Shri Mataji consid\u00e9rait la nature comme notre Terre M\u00e8re qui fournit et soutient la vie, une entit\u00e9 vivante qu&#8217;il faut respecter et m\u00eame v\u00e9n\u00e9rer. Un jour, elle a expliqu\u00e9 comment on lui avait enseign\u00e9, ainsi qu&#8217;\u00e0 ses fr\u00e8res et s\u0153urs, et \u00e0 tous les enfants indiens, \u00e0 demander pardon \u00e0 la&hellip; Read more\" \/>\n<meta property=\"og:url\" content=\"https:\/\/shrimataji.org\/test\/fr\/ecologie-fr\/\" \/>\n<meta property=\"og:site_name\" content=\"TEST - SMND\" \/>\n<meta property=\"article:publisher\" content=\"https:\/\/www.facebook.com\/shrimataji\" \/>\n<meta property=\"article:modified_time\" content=\"2026-02-28T01:45:17+00:00\" \/>\n<meta property=\"og:image\" content=\"https:\/\/shrimataji.org\/test\/wp-content\/uploads\/2018\/07\/media_originals\/images\/headers-general\/shri-mataji-at-the-krishna-river-in-brahmapuri-india-1985.jpg\" \/>\n\t<meta property=\"og:image:width\" content=\"990\" \/>\n\t<meta property=\"og:image:height\" content=\"350\" \/>\n\t<meta property=\"og:image:type\" content=\"image\/jpeg\" \/>\n<meta name=\"twitter:card\" content=\"summary_large_image\" \/>\n<meta name=\"twitter:site\" content=\"@shrimataji\" \/>\n<meta name=\"twitter:label1\" content=\"Est. reading time\" \/>\n\t<meta name=\"twitter:data1\" content=\"6 minutes\" \/>\n<script type=\"application\/ld+json\" class=\"yoast-schema-graph\">{\"@context\":\"https:\\\/\\\/schema.org\",\"@graph\":[{\"@type\":\"WebPage\",\"@id\":\"https:\\\/\\\/shrimataji.org\\\/test\\\/fr\\\/ecologie-fr\\\/\",\"url\":\"https:\\\/\\\/shrimataji.org\\\/test\\\/fr\\\/ecologie-fr\\\/\",\"name\":\"\u00c9cologie FR - TEST - SMND\",\"isPartOf\":{\"@id\":\"https:\\\/\\\/shrimataji.org\\\/test\\\/#website\"},\"primaryImageOfPage\":{\"@id\":\"https:\\\/\\\/shrimataji.org\\\/test\\\/fr\\\/ecologie-fr\\\/#primaryimage\"},\"image\":{\"@id\":\"https:\\\/\\\/shrimataji.org\\\/test\\\/fr\\\/ecologie-fr\\\/#primaryimage\"},\"thumbnailUrl\":\"https:\\\/\\\/shrimataji.org\\\/test\\\/wp-content\\\/uploads\\\/2018\\\/07\\\/media_originals\\\/images\\\/headers-general\\\/shri-mataji-at-the-krishna-river-in-brahmapuri-india-1985.jpg\",\"datePublished\":\"2011-02-12T02:00:00+00:00\",\"dateModified\":\"2026-02-28T01:45:17+00:00\",\"breadcrumb\":{\"@id\":\"https:\\\/\\\/shrimataji.org\\\/test\\\/fr\\\/ecologie-fr\\\/#breadcrumb\"},\"inLanguage\":\"en-US\",\"potentialAction\":[{\"@type\":\"ReadAction\",\"target\":[\"https:\\\/\\\/shrimataji.org\\\/test\\\/fr\\\/ecologie-fr\\\/\"]}]},{\"@type\":\"ImageObject\",\"inLanguage\":\"en-US\",\"@id\":\"https:\\\/\\\/shrimataji.org\\\/test\\\/fr\\\/ecologie-fr\\\/#primaryimage\",\"url\":\"https:\\\/\\\/shrimataji.org\\\/test\\\/wp-content\\\/uploads\\\/2018\\\/07\\\/media_originals\\\/images\\\/headers-general\\\/shri-mataji-at-the-krishna-river-in-brahmapuri-india-1985.jpg\",\"contentUrl\":\"https:\\\/\\\/shrimataji.org\\\/test\\\/wp-content\\\/uploads\\\/2018\\\/07\\\/media_originals\\\/images\\\/headers-general\\\/shri-mataji-at-the-krishna-river-in-brahmapuri-india-1985.jpg\",\"width\":990,\"height\":350},{\"@type\":\"BreadcrumbList\",\"@id\":\"https:\\\/\\\/shrimataji.org\\\/test\\\/fr\\\/ecologie-fr\\\/#breadcrumb\",\"itemListElement\":[{\"@type\":\"ListItem\",\"position\":1,\"name\":\"Home\",\"item\":\"https:\\\/\\\/shrimataji.org\\\/test\\\/uk\\\/home-en\\\/\"},{\"@type\":\"ListItem\",\"position\":2,\"name\":\"\u00c9cologie FR\"}]},{\"@type\":\"WebSite\",\"@id\":\"https:\\\/\\\/shrimataji.org\\\/test\\\/#website\",\"url\":\"https:\\\/\\\/shrimataji.org\\\/test\\\/\",\"name\":\"Shri Mataji Nirmala Devi\",\"description\":\"A Life Dedicated to Humanity\",\"publisher\":{\"@id\":\"https:\\\/\\\/shrimataji.org\\\/test\\\/#\\\/schema\\\/person\\\/a1b3419c6585f164aa96da1ff85715d1\"},\"potentialAction\":[{\"@type\":\"SearchAction\",\"target\":{\"@type\":\"EntryPoint\",\"urlTemplate\":\"https:\\\/\\\/shrimataji.org\\\/test\\\/?s={search_term_string}\"},\"query-input\":{\"@type\":\"PropertyValueSpecification\",\"valueRequired\":true,\"valueName\":\"search_term_string\"}}],\"inLanguage\":\"en-US\"},{\"@type\":[\"Person\",\"Organization\"],\"@id\":\"https:\\\/\\\/shrimataji.org\\\/test\\\/#\\\/schema\\\/person\\\/a1b3419c6585f164aa96da1ff85715d1\",\"name\":\"Nirmala Shrivastava\",\"image\":{\"@type\":\"ImageObject\",\"inLanguage\":\"en-US\",\"@id\":\"https:\\\/\\\/shrimataji.org\\\/test\\\/wp-content\\\/uploads\\\/2023\\\/02\\\/SMO_LOGO-03.svg\",\"url\":\"https:\\\/\\\/shrimataji.org\\\/test\\\/wp-content\\\/uploads\\\/2023\\\/02\\\/SMO_LOGO-03.svg\",\"contentUrl\":\"https:\\\/\\\/shrimataji.org\\\/test\\\/wp-content\\\/uploads\\\/2023\\\/02\\\/SMO_LOGO-03.svg\",\"width\":\"1024\",\"height\":\"1024\",\"caption\":\"Nirmala Shrivastava\"},\"logo\":{\"@id\":\"https:\\\/\\\/shrimataji.org\\\/test\\\/wp-content\\\/uploads\\\/2023\\\/02\\\/SMO_LOGO-03.svg\"},\"sameAs\":[\"https:\\\/\\\/shrimataji.org\\\/test\",\"https:\\\/\\\/www.facebook.com\\\/shrimataji\",\"https:\\\/\\\/x.com\\\/shrimataji\",\"https:\\\/\\\/www.youtube.com\\\/@Shri_Mataji_Nirmala_Devi\\\/featured\"]}]}<\/script>\n<!-- \/ Yoast SEO plugin. -->","yoast_head_json":{"title":"\u00c9cologie FR - TEST - SMND","robots":{"index":"noindex","follow":"follow","max-snippet":"max-snippet:-1","max-image-preview":"max-image-preview:large","max-video-preview":"max-video-preview:-1"},"og_locale":"en_US","og_type":"article","og_title":"\u00c9cologie FR - TEST - SMND","og_description":"\u00c9cologie Un \u00e9quilibre naturel Shri Mataji consid\u00e9rait la nature comme notre Terre M\u00e8re qui fournit et soutient la vie, une entit\u00e9 vivante qu&#8217;il faut respecter et m\u00eame v\u00e9n\u00e9rer. Un jour, elle a expliqu\u00e9 comment on lui avait enseign\u00e9, ainsi qu&#8217;\u00e0 ses fr\u00e8res et s\u0153urs, et \u00e0 tous les enfants indiens, \u00e0 demander pardon \u00e0 la&hellip; Read more","og_url":"https:\/\/shrimataji.org\/test\/fr\/ecologie-fr\/","og_site_name":"TEST - SMND","article_publisher":"https:\/\/www.facebook.com\/shrimataji","article_modified_time":"2026-02-28T01:45:17+00:00","og_image":[{"width":990,"height":350,"url":"https:\/\/shrimataji.org\/test\/wp-content\/uploads\/2018\/07\/media_originals\/images\/headers-general\/shri-mataji-at-the-krishna-river-in-brahmapuri-india-1985.jpg","type":"image\/jpeg"}],"twitter_card":"summary_large_image","twitter_site":"@shrimataji","twitter_misc":{"Est. reading time":"6 minutes"},"schema":{"@context":"https:\/\/schema.org","@graph":[{"@type":"WebPage","@id":"https:\/\/shrimataji.org\/test\/fr\/ecologie-fr\/","url":"https:\/\/shrimataji.org\/test\/fr\/ecologie-fr\/","name":"\u00c9cologie FR - TEST - SMND","isPartOf":{"@id":"https:\/\/shrimataji.org\/test\/#website"},"primaryImageOfPage":{"@id":"https:\/\/shrimataji.org\/test\/fr\/ecologie-fr\/#primaryimage"},"image":{"@id":"https:\/\/shrimataji.org\/test\/fr\/ecologie-fr\/#primaryimage"},"thumbnailUrl":"https:\/\/shrimataji.org\/test\/wp-content\/uploads\/2018\/07\/media_originals\/images\/headers-general\/shri-mataji-at-the-krishna-river-in-brahmapuri-india-1985.jpg","datePublished":"2011-02-12T02:00:00+00:00","dateModified":"2026-02-28T01:45:17+00:00","breadcrumb":{"@id":"https:\/\/shrimataji.org\/test\/fr\/ecologie-fr\/#breadcrumb"},"inLanguage":"en-US","potentialAction":[{"@type":"ReadAction","target":["https:\/\/shrimataji.org\/test\/fr\/ecologie-fr\/"]}]},{"@type":"ImageObject","inLanguage":"en-US","@id":"https:\/\/shrimataji.org\/test\/fr\/ecologie-fr\/#primaryimage","url":"https:\/\/shrimataji.org\/test\/wp-content\/uploads\/2018\/07\/media_originals\/images\/headers-general\/shri-mataji-at-the-krishna-river-in-brahmapuri-india-1985.jpg","contentUrl":"https:\/\/shrimataji.org\/test\/wp-content\/uploads\/2018\/07\/media_originals\/images\/headers-general\/shri-mataji-at-the-krishna-river-in-brahmapuri-india-1985.jpg","width":990,"height":350},{"@type":"BreadcrumbList","@id":"https:\/\/shrimataji.org\/test\/fr\/ecologie-fr\/#breadcrumb","itemListElement":[{"@type":"ListItem","position":1,"name":"Home","item":"https:\/\/shrimataji.org\/test\/uk\/home-en\/"},{"@type":"ListItem","position":2,"name":"\u00c9cologie FR"}]},{"@type":"WebSite","@id":"https:\/\/shrimataji.org\/test\/#website","url":"https:\/\/shrimataji.org\/test\/","name":"Shri Mataji Nirmala Devi","description":"A Life Dedicated to Humanity","publisher":{"@id":"https:\/\/shrimataji.org\/test\/#\/schema\/person\/a1b3419c6585f164aa96da1ff85715d1"},"potentialAction":[{"@type":"SearchAction","target":{"@type":"EntryPoint","urlTemplate":"https:\/\/shrimataji.org\/test\/?s={search_term_string}"},"query-input":{"@type":"PropertyValueSpecification","valueRequired":true,"valueName":"search_term_string"}}],"inLanguage":"en-US"},{"@type":["Person","Organization"],"@id":"https:\/\/shrimataji.org\/test\/#\/schema\/person\/a1b3419c6585f164aa96da1ff85715d1","name":"Nirmala Shrivastava","image":{"@type":"ImageObject","inLanguage":"en-US","@id":"https:\/\/shrimataji.org\/test\/wp-content\/uploads\/2023\/02\/SMO_LOGO-03.svg","url":"https:\/\/shrimataji.org\/test\/wp-content\/uploads\/2023\/02\/SMO_LOGO-03.svg","contentUrl":"https:\/\/shrimataji.org\/test\/wp-content\/uploads\/2023\/02\/SMO_LOGO-03.svg","width":"1024","height":"1024","caption":"Nirmala Shrivastava"},"logo":{"@id":"https:\/\/shrimataji.org\/test\/wp-content\/uploads\/2023\/02\/SMO_LOGO-03.svg"},"sameAs":["https:\/\/shrimataji.org\/test","https:\/\/www.facebook.com\/shrimataji","https:\/\/x.com\/shrimataji","https:\/\/www.youtube.com\/@Shri_Mataji_Nirmala_Devi\/featured"]}]}},"lang":"fr","translations":{"fr":10734,"ur":37413,"en":416,"am":17984,"th":19920,"hu":19459,"sq":18385,"zh":17282,"tr":10149,"pt":10362,"de":10636,"it":10832,"es":10929,"ja":11226,"ru":11414,"bn":11606,"te":11714,"sw":11837,"he":11985,"el":12276,"sk":12374,"fa":12472,"fi":12570,"bg":13513,"ro":14588,"cs":14781,"nl":16545,"ku":16705,"ar":16881,"be":18592,"kn":18866,"mr":20284,"uk":20576,"ml":20875,"ta":22700,"sv":22973,"gu":28821,"pa":28979,"fil":29419,"da":37727,"pl":37944,"nn":38279},"pll_sync_post":[],"_links":{"self":[{"href":"https:\/\/shrimataji.org\/test\/wp-json\/wp\/v2\/pages\/10734","targetHints":{"allow":["GET"]}}],"collection":[{"href":"https:\/\/shrimataji.org\/test\/wp-json\/wp\/v2\/pages"}],"about":[{"href":"https:\/\/shrimataji.org\/test\/wp-json\/wp\/v2\/types\/page"}],"author":[{"embeddable":true,"href":"https:\/\/shrimataji.org\/test\/wp-json\/wp\/v2\/users\/7"}],"replies":[{"embeddable":true,"href":"https:\/\/shrimataji.org\/test\/wp-json\/wp\/v2\/comments?post=10734"}],"version-history":[{"count":0,"href":"https:\/\/shrimataji.org\/test\/wp-json\/wp\/v2\/pages\/10734\/revisions"}],"wp:featuredmedia":[{"embeddable":true,"href":"https:\/\/shrimataji.org\/test\/wp-json\/wp\/v2\/media\/126"}],"wp:attachment":[{"href":"https:\/\/shrimataji.org\/test\/wp-json\/wp\/v2\/media?parent=10734"}],"curies":[{"name":"wp","href":"https:\/\/api.w.org\/{rel}","templated":true}]}}