{"id":10735,"date":"2018-07-10T06:54:42","date_gmt":"2018-07-10T06:54:42","guid":{"rendered":"http:\/\/testwordpress.nirmalnagari.org\/smnd\/index.php\/education-2\/"},"modified":"2026-02-15T16:23:54","modified_gmt":"2026-02-15T16:23:54","slug":"une-education-eclairee","status":"publish","type":"page","link":"https:\/\/shrimataji.org\/test\/fr\/une-education-eclairee\/","title":{"rendered":"Une \u00e9ducation \u00e9clair\u00e9e"},"content":{"rendered":"\n\n\t<h1>Une \u00e9ducation \u00e9clair\u00e9e<\/h1>\n<h2>Cultiver le bien-\u00eatre spirituel<\/h2>\n\t<div class=\"su-quote su-quote-style-default\"><div class=\"su-quote-inner su-u-clearfix su-u-trim\">L&#8217;\u00e9ducation devrait non seulement nourrir la croissance intellectuelle et \u00e9motionnelle, mais aussi englober le bien-\u00eatre spirituel des enfants.<\/div><\/div>\n\t<h4><strong>Les enfants ont besoin d&#8217;une \u00e9ducation \u00e9quilibr\u00e9e, maintenant plus que jamais. Cette \u00e9ducation ne devrait pas seulement soutenir la croissance intellectuelle et \u00e9motionnelle, mais aussi r\u00e9pondre \u00e0 leur bien-\u00eatre spirituel. Quand les enfants comprennent leur capacit\u00e9 int\u00e9rieure et leur force, ils peuvent s&#8217;\u00e9panouir dans n&#8217;importe quel environnement.<\/strong><\/h4>\n\t<p>Shri Mataji a mis l&#8217;accent sur la construction d&#8217;une base solide d\u00e8s l&#8217;\u00e9ducation maternelle, estimant que cela devrait \u00eatre un processus collectif partag\u00e9 par les parents et les enseignants. L&#8217;environnement naturel joue lui aussi un r\u00f4le dans l&#8217;instruction. Comme les enfants \u00e9tudient la fa\u00e7on d&#8217;entretenir les plantes et de nourrir les animaux, ils apprennent \u00e0 respecter la Terre M\u00e8re et ses pr\u00e9cieuses ressources.<\/p>\n\t<h5>&#8220;L&#8217;\u00e9ducation litt\u00e9raire n&#8217;a aucune valeur si elle ne peut construire un caract\u00e8re solide.&#8221;<\/h5>\n<h5>Le Mahatma Gandhi<\/h5>\n<figure itemscope itemtype=\"https:\/\/schema.org\/ImageObject\">\n\t\t\t\t<img decoding=\"async\" src=\"https:\/\/shrimataji.org\/test\/wp-content\/uploads\/2018\/07\/media_originals\/images\/shri-mataji-with-people\/shri-mataji-nirmala-devi-being-greeted-at-the-train-station-in-rome-italy.jpg\" alt=\"\" height=\"974\" width=\"1500\" onerror=\"this.style.display='none'\" loading=\"lazy\" \/>\n\t\t\n\t<\/figure>\n\t<p>Pour instiller un sentiment d&#8217;estime de soi et de dignit\u00e9, Shri Mataji a accord\u00e9 une grande importance \u00e0 la discipline &#8211; une discipline enracin\u00e9e dans l&#8217;amour et le respect. &#8220;Il est de notre devoir de veiller \u00e0 ce que nos enfants grandissent et deviennent de belles personnes, meilleures que celles que nous sommes.&#8221; a d\u00e9clar\u00e9 Shri Mataji. &#8220;Ils doivent s&#8217;occuper du monde.&#8221;<\/p>\n<p>Pour mettre en pratique sa vision des choses, Shri Mataji a cr\u00e9\u00e9 un syst\u00e8me \u00e9ducatif avec Sahaja Yoga \u00e0 la base. En plus d&#8217;un programme scolaire soutenu, les \u00e9tudiants m\u00e9ditent r\u00e9guli\u00e8rement, cela les aide \u00e0 am\u00e9liorer leur attention et leur capacit\u00e9 \u00e0 se concentrer, et cela accro\u00eet leur sentiment de confiance et de compr\u00e9hension en eux-m\u00eames. Les jeunes du monde entier s&#8217;\u00e9panouissent dans les \u00e9coles de Shri Mataji en Inde, en Italie, au Canada, en Autriche, aux \u00c9tats-Unis, dans la R\u00e9publique tch\u00e8que, en Russie et en Australie, o\u00f9 ils se construisent des liens d&#8217;amiti\u00e9 profonds.<\/p>\n<p>&nbsp;<\/p>\n\t<div class=\"su-quote su-quote-style-default\"><div class=\"su-quote-inner su-u-clearfix su-u-trim\">J&#8217;ai vu des enfants venir de notre \u00e9cole \u00e0 Dharamshala. extr\u00eamement confiants et extr\u00eamement humbles. et je leur ai demand\u00e9: &#8216;Que faites-vous?&#8217; Ils m&#8217;ont dit: &#8216;Shri Mataji, nous m\u00e9ditons. Nous m\u00e9ditons le soir et le matin, et cela nous aide beaucoup.&#8217;<\/div><\/div>\n\t<p>En ce qui concerne les enfants, le prix Nobel de litt\u00e9rature, Rabindranath Tagore, a fait remarquer que: &#8220;Ce sont des \u00eatres vivants &#8211; plus vivants que les adultes qui se sont enferm\u00e9s entre les murs de leurs habitudes. Ainsi, il est absolument n\u00e9cessaire, pour leur sant\u00e9 mentale et leur d\u00e9veloppement, que leur apprentissage ne se fasse pas dans de simples \u00e9coles, mais qu&#8217;ils disposent d&#8217;un monde guid\u00e9 par l&#8217;esprit d&#8217;amour individuel.&#8221;<\/p>\n<p>Les enfants d&#8217;aujourd&#8217;hui sont les adultes de demain, et investir dans une bonne \u00e9ducation revient \u00e0 investir dans un monde meilleur. Cependant, le bien-\u00eatre social et psychologique des enfants est de plus en plus compromis \u00e0 l&#8217;\u00e9cole. Aujourd&#8217;hui, au moins un enfant ou adolescent sur cinq peut exprimer un probl\u00e8me de sant\u00e9 mentale. Aux \u00c9tats-Unis et en France, on estime que plus d&#8217;un enfant ou adolescent sur dix souffre d&#8217;une maladie mentale suffisamment grave pour entra\u00eener un certain degr\u00e9 d&#8217;invalidit\u00e9.<\/p>\n<p>Des recherches scientifiques sur la m\u00e9ditation<a href=\"https:\/\/shrimataji.org\/test\/fr\/une-education-eclairee\/#citation-ref-1\">[1]<\/a> r\u00e9v\u00e8lent que celle-ci pr\u00e9vient les cons\u00e9quences du stress r\u00e9sultant des d\u00e9s\u00e9quilibres quotidiens de la vie, que ce soit \u00e0 l&#8217;\u00e9cole, au travail ou \u00e0 la maison, et permet \u00e9galement de les g\u00e9rer. La m\u00e9ditation Sahaja Yoga (SYM) s&#8217;est r\u00e9v\u00e9l\u00e9e unique en son genre, car elle est spontan\u00e9e, simple et ne demande aucun effort. Toutes ces caract\u00e9ristiques ont rendu la m\u00e9ditation de Sahaja Yoga tr\u00e8s populaire aupr\u00e8s des enfants et des enseignants dans les \u00e9coles. Elle s&#8217;est \u00e9galement av\u00e9r\u00e9e efficace pour aider les enseignants \u00e0 trouver un \u00e9quilibre entre leur vie professionnelle et leur vie priv\u00e9e, afin de faire face \u00e0 la lourde charge que repr\u00e9sentent la gestion et l&#8217;enseignement d&#8217;un programme scolaire dans un d\u00e9lai donn\u00e9 et avec un niveau de qualit\u00e9 requis.<\/p>\n<p>Diverses initiatives telles que Inner Peace Day (<a href=\"http:\/\/innerpeaceday.fr\/\" target=\"_blank\" rel=\"noopener\">www.innerpeaceday.fr<\/a>) et Dhyaandhara<a href=\"https:\/\/shrimataji.org\/test\/fr\/une-education-eclairee\/#citation-ref-1\">[2]<\/a> (Inde) font b\u00e9n\u00e9ficier les \u00e9coles ordinaires des bienfaits de la m\u00e9ditation Sahaja Yoga sur la sant\u00e9 et la vie des enfants en g\u00e9n\u00e9ral.<\/p>\n<p>&nbsp;<\/p>\n\t<hr \/>\n<h3 id=\"citation-ref-1\">\n[1]\u00a0https:\/\/researchingmeditation.org\/<\/h3>\n<h3 id=\"citation-ref-2\">\n[2]\u00a0Dhyaandhara Study at LMP Intercollege Lucknow India<\/h3>\n\n","protected":false},"excerpt":{"rendered":"<p>Une \u00e9ducation \u00e9clair\u00e9e Cultiver le bien-\u00eatre spirituel Les enfants ont besoin d&#8217;une \u00e9ducation \u00e9quilibr\u00e9e, maintenant plus que jamais. Cette \u00e9ducation ne devrait pas seulement soutenir la croissance intellectuelle et \u00e9motionnelle, mais aussi r\u00e9pondre \u00e0 leur bien-\u00eatre spirituel. Quand les enfants comprennent leur capacit\u00e9 int\u00e9rieure et leur force, ils peuvent s&#8217;\u00e9panouir dans n&#8217;importe quel environnement. Shri&hellip; <br \/> <a class=\"read-more\" href=\"https:\/\/shrimataji.org\/test\/fr\/une-education-eclairee\/\">Read more<\/a><\/p>\n","protected":false},"author":7,"featured_media":104,"parent":0,"menu_order":0,"comment_status":"closed","ping_status":"closed","template":"pro\/page-templates\/full-width-page.php","meta":{"inline_featured_image":false,"footnotes":""},"class_list":["post-10735","page","type-page","status-publish","has-post-thumbnail","hentry"],"yoast_head":"<!-- This site is optimized with the Yoast SEO plugin v27.4 - https:\/\/yoast.com\/product\/yoast-seo-wordpress\/ -->\n<title>Une \u00e9ducation \u00e9clair\u00e9e - TEST - SMND<\/title>\n<meta name=\"robots\" content=\"noindex, follow, max-snippet:-1, max-image-preview:large, max-video-preview:-1\" \/>\n<meta property=\"og:locale\" content=\"en_US\" \/>\n<meta property=\"og:type\" content=\"article\" \/>\n<meta property=\"og:title\" content=\"Une \u00e9ducation \u00e9clair\u00e9e - TEST - SMND\" \/>\n<meta property=\"og:description\" content=\"Une \u00e9ducation \u00e9clair\u00e9e Cultiver le bien-\u00eatre spirituel Les enfants ont besoin d&#8217;une \u00e9ducation \u00e9quilibr\u00e9e, maintenant plus que jamais. Cette \u00e9ducation ne devrait pas seulement soutenir la croissance intellectuelle et \u00e9motionnelle, mais aussi r\u00e9pondre \u00e0 leur bien-\u00eatre spirituel. Quand les enfants comprennent leur capacit\u00e9 int\u00e9rieure et leur force, ils peuvent s&#8217;\u00e9panouir dans n&#8217;importe quel environnement. Shri&hellip; Read more\" \/>\n<meta property=\"og:url\" content=\"https:\/\/shrimataji.org\/test\/fr\/une-education-eclairee\/\" \/>\n<meta property=\"og:site_name\" content=\"TEST - SMND\" \/>\n<meta property=\"article:publisher\" content=\"https:\/\/www.facebook.com\/shrimataji\" \/>\n<meta property=\"article:modified_time\" content=\"2026-02-15T16:23:54+00:00\" \/>\n<meta property=\"og:image\" content=\"https:\/\/shrimataji.org\/test\/wp-content\/uploads\/2018\/07\/media_originals\/images\/headers-general\/students-cheering-in-rajasthan-india.jpg\" \/>\n\t<meta property=\"og:image:width\" content=\"990\" \/>\n\t<meta property=\"og:image:height\" content=\"350\" \/>\n\t<meta property=\"og:image:type\" content=\"image\/jpeg\" \/>\n<meta name=\"twitter:card\" content=\"summary_large_image\" \/>\n<meta name=\"twitter:site\" content=\"@shrimataji\" \/>\n<script type=\"application\/ld+json\" class=\"yoast-schema-graph\">{\"@context\":\"https:\\\/\\\/schema.org\",\"@graph\":[{\"@type\":\"WebPage\",\"@id\":\"https:\\\/\\\/shrimataji.org\\\/test\\\/fr\\\/une-education-eclairee\\\/\",\"url\":\"https:\\\/\\\/shrimataji.org\\\/test\\\/fr\\\/une-education-eclairee\\\/\",\"name\":\"Une \u00e9ducation \u00e9clair\u00e9e - TEST - SMND\",\"isPartOf\":{\"@id\":\"https:\\\/\\\/shrimataji.org\\\/test\\\/#website\"},\"primaryImageOfPage\":{\"@id\":\"https:\\\/\\\/shrimataji.org\\\/test\\\/fr\\\/une-education-eclairee\\\/#primaryimage\"},\"image\":{\"@id\":\"https:\\\/\\\/shrimataji.org\\\/test\\\/fr\\\/une-education-eclairee\\\/#primaryimage\"},\"thumbnailUrl\":\"https:\\\/\\\/shrimataji.org\\\/test\\\/wp-content\\\/uploads\\\/2018\\\/07\\\/media_originals\\\/images\\\/headers-general\\\/students-cheering-in-rajasthan-india.jpg\",\"datePublished\":\"2018-07-10T06:54:42+00:00\",\"dateModified\":\"2026-02-15T16:23:54+00:00\",\"breadcrumb\":{\"@id\":\"https:\\\/\\\/shrimataji.org\\\/test\\\/fr\\\/une-education-eclairee\\\/#breadcrumb\"},\"inLanguage\":\"en-US\",\"potentialAction\":[{\"@type\":\"ReadAction\",\"target\":[\"https:\\\/\\\/shrimataji.org\\\/test\\\/fr\\\/une-education-eclairee\\\/\"]}]},{\"@type\":\"ImageObject\",\"inLanguage\":\"en-US\",\"@id\":\"https:\\\/\\\/shrimataji.org\\\/test\\\/fr\\\/une-education-eclairee\\\/#primaryimage\",\"url\":\"https:\\\/\\\/shrimataji.org\\\/test\\\/wp-content\\\/uploads\\\/2018\\\/07\\\/media_originals\\\/images\\\/headers-general\\\/students-cheering-in-rajasthan-india.jpg\",\"contentUrl\":\"https:\\\/\\\/shrimataji.org\\\/test\\\/wp-content\\\/uploads\\\/2018\\\/07\\\/media_originals\\\/images\\\/headers-general\\\/students-cheering-in-rajasthan-india.jpg\",\"width\":990,\"height\":350},{\"@type\":\"BreadcrumbList\",\"@id\":\"https:\\\/\\\/shrimataji.org\\\/test\\\/fr\\\/une-education-eclairee\\\/#breadcrumb\",\"itemListElement\":[{\"@type\":\"ListItem\",\"position\":1,\"name\":\"Home\",\"item\":\"https:\\\/\\\/shrimataji.org\\\/test\\\/uk\\\/home-en\\\/\"},{\"@type\":\"ListItem\",\"position\":2,\"name\":\"Une \u00e9ducation \u00e9clair\u00e9e\"}]},{\"@type\":\"WebSite\",\"@id\":\"https:\\\/\\\/shrimataji.org\\\/test\\\/#website\",\"url\":\"https:\\\/\\\/shrimataji.org\\\/test\\\/\",\"name\":\"Shri Mataji Nirmala Devi\",\"description\":\"A Life Dedicated to Humanity\",\"publisher\":{\"@id\":\"https:\\\/\\\/shrimataji.org\\\/test\\\/#\\\/schema\\\/person\\\/a1b3419c6585f164aa96da1ff85715d1\"},\"potentialAction\":[{\"@type\":\"SearchAction\",\"target\":{\"@type\":\"EntryPoint\",\"urlTemplate\":\"https:\\\/\\\/shrimataji.org\\\/test\\\/?s={search_term_string}\"},\"query-input\":{\"@type\":\"PropertyValueSpecification\",\"valueRequired\":true,\"valueName\":\"search_term_string\"}}],\"inLanguage\":\"en-US\"},{\"@type\":[\"Person\",\"Organization\"],\"@id\":\"https:\\\/\\\/shrimataji.org\\\/test\\\/#\\\/schema\\\/person\\\/a1b3419c6585f164aa96da1ff85715d1\",\"name\":\"Nirmala Shrivastava\",\"image\":{\"@type\":\"ImageObject\",\"inLanguage\":\"en-US\",\"@id\":\"https:\\\/\\\/shrimataji.org\\\/test\\\/wp-content\\\/uploads\\\/2023\\\/02\\\/SMO_LOGO-03.svg\",\"url\":\"https:\\\/\\\/shrimataji.org\\\/test\\\/wp-content\\\/uploads\\\/2023\\\/02\\\/SMO_LOGO-03.svg\",\"contentUrl\":\"https:\\\/\\\/shrimataji.org\\\/test\\\/wp-content\\\/uploads\\\/2023\\\/02\\\/SMO_LOGO-03.svg\",\"width\":\"1024\",\"height\":\"1024\",\"caption\":\"Nirmala Shrivastava\"},\"logo\":{\"@id\":\"https:\\\/\\\/shrimataji.org\\\/test\\\/wp-content\\\/uploads\\\/2023\\\/02\\\/SMO_LOGO-03.svg\"},\"sameAs\":[\"https:\\\/\\\/shrimataji.org\\\/test\",\"https:\\\/\\\/www.facebook.com\\\/shrimataji\",\"https:\\\/\\\/x.com\\\/shrimataji\",\"https:\\\/\\\/www.youtube.com\\\/@Shri_Mataji_Nirmala_Devi\\\/featured\"]}]}<\/script>\n<!-- \/ Yoast SEO plugin. -->","yoast_head_json":{"title":"Une \u00e9ducation \u00e9clair\u00e9e - TEST - SMND","robots":{"index":"noindex","follow":"follow","max-snippet":"max-snippet:-1","max-image-preview":"max-image-preview:large","max-video-preview":"max-video-preview:-1"},"og_locale":"en_US","og_type":"article","og_title":"Une \u00e9ducation \u00e9clair\u00e9e - TEST - SMND","og_description":"Une \u00e9ducation \u00e9clair\u00e9e Cultiver le bien-\u00eatre spirituel Les enfants ont besoin d&#8217;une \u00e9ducation \u00e9quilibr\u00e9e, maintenant plus que jamais. Cette \u00e9ducation ne devrait pas seulement soutenir la croissance intellectuelle et \u00e9motionnelle, mais aussi r\u00e9pondre \u00e0 leur bien-\u00eatre spirituel. Quand les enfants comprennent leur capacit\u00e9 int\u00e9rieure et leur force, ils peuvent s&#8217;\u00e9panouir dans n&#8217;importe quel environnement. Shri&hellip; Read more","og_url":"https:\/\/shrimataji.org\/test\/fr\/une-education-eclairee\/","og_site_name":"TEST - SMND","article_publisher":"https:\/\/www.facebook.com\/shrimataji","article_modified_time":"2026-02-15T16:23:54+00:00","og_image":[{"width":990,"height":350,"url":"https:\/\/shrimataji.org\/test\/wp-content\/uploads\/2018\/07\/media_originals\/images\/headers-general\/students-cheering-in-rajasthan-india.jpg","type":"image\/jpeg"}],"twitter_card":"summary_large_image","twitter_site":"@shrimataji","schema":{"@context":"https:\/\/schema.org","@graph":[{"@type":"WebPage","@id":"https:\/\/shrimataji.org\/test\/fr\/une-education-eclairee\/","url":"https:\/\/shrimataji.org\/test\/fr\/une-education-eclairee\/","name":"Une \u00e9ducation \u00e9clair\u00e9e - TEST - SMND","isPartOf":{"@id":"https:\/\/shrimataji.org\/test\/#website"},"primaryImageOfPage":{"@id":"https:\/\/shrimataji.org\/test\/fr\/une-education-eclairee\/#primaryimage"},"image":{"@id":"https:\/\/shrimataji.org\/test\/fr\/une-education-eclairee\/#primaryimage"},"thumbnailUrl":"https:\/\/shrimataji.org\/test\/wp-content\/uploads\/2018\/07\/media_originals\/images\/headers-general\/students-cheering-in-rajasthan-india.jpg","datePublished":"2018-07-10T06:54:42+00:00","dateModified":"2026-02-15T16:23:54+00:00","breadcrumb":{"@id":"https:\/\/shrimataji.org\/test\/fr\/une-education-eclairee\/#breadcrumb"},"inLanguage":"en-US","potentialAction":[{"@type":"ReadAction","target":["https:\/\/shrimataji.org\/test\/fr\/une-education-eclairee\/"]}]},{"@type":"ImageObject","inLanguage":"en-US","@id":"https:\/\/shrimataji.org\/test\/fr\/une-education-eclairee\/#primaryimage","url":"https:\/\/shrimataji.org\/test\/wp-content\/uploads\/2018\/07\/media_originals\/images\/headers-general\/students-cheering-in-rajasthan-india.jpg","contentUrl":"https:\/\/shrimataji.org\/test\/wp-content\/uploads\/2018\/07\/media_originals\/images\/headers-general\/students-cheering-in-rajasthan-india.jpg","width":990,"height":350},{"@type":"BreadcrumbList","@id":"https:\/\/shrimataji.org\/test\/fr\/une-education-eclairee\/#breadcrumb","itemListElement":[{"@type":"ListItem","position":1,"name":"Home","item":"https:\/\/shrimataji.org\/test\/uk\/home-en\/"},{"@type":"ListItem","position":2,"name":"Une \u00e9ducation \u00e9clair\u00e9e"}]},{"@type":"WebSite","@id":"https:\/\/shrimataji.org\/test\/#website","url":"https:\/\/shrimataji.org\/test\/","name":"Shri Mataji Nirmala Devi","description":"A Life Dedicated to Humanity","publisher":{"@id":"https:\/\/shrimataji.org\/test\/#\/schema\/person\/a1b3419c6585f164aa96da1ff85715d1"},"potentialAction":[{"@type":"SearchAction","target":{"@type":"EntryPoint","urlTemplate":"https:\/\/shrimataji.org\/test\/?s={search_term_string}"},"query-input":{"@type":"PropertyValueSpecification","valueRequired":true,"valueName":"search_term_string"}}],"inLanguage":"en-US"},{"@type":["Person","Organization"],"@id":"https:\/\/shrimataji.org\/test\/#\/schema\/person\/a1b3419c6585f164aa96da1ff85715d1","name":"Nirmala Shrivastava","image":{"@type":"ImageObject","inLanguage":"en-US","@id":"https:\/\/shrimataji.org\/test\/wp-content\/uploads\/2023\/02\/SMO_LOGO-03.svg","url":"https:\/\/shrimataji.org\/test\/wp-content\/uploads\/2023\/02\/SMO_LOGO-03.svg","contentUrl":"https:\/\/shrimataji.org\/test\/wp-content\/uploads\/2023\/02\/SMO_LOGO-03.svg","width":"1024","height":"1024","caption":"Nirmala Shrivastava"},"logo":{"@id":"https:\/\/shrimataji.org\/test\/wp-content\/uploads\/2023\/02\/SMO_LOGO-03.svg"},"sameAs":["https:\/\/shrimataji.org\/test","https:\/\/www.facebook.com\/shrimataji","https:\/\/x.com\/shrimataji","https:\/\/www.youtube.com\/@Shri_Mataji_Nirmala_Devi\/featured"]}]}},"lang":"fr","translations":{"fr":10735,"ur":37415,"en":398,"am":17986,"th":19923,"hu":19461,"sq":18387,"zh":17284,"hi":8488,"tr":10150,"pt":10363,"de":10637,"it":10833,"es":10930,"ja":11227,"ru":11415,"bn":11607,"te":11715,"sw":11838,"he":11986,"el":12277,"sk":12375,"fa":12473,"fi":12571,"bg":13472,"ro":14544,"cs":14737,"nl":16547,"ku":16707,"ar":16883,"be":18594,"kn":18868,"mr":20287,"uk":20579,"ml":20878,"ta":22702,"sv":22975,"gu":28823,"pa":28981,"fil":29421,"da":37729,"pl":37946,"nn":38281},"pll_sync_post":[],"_links":{"self":[{"href":"https:\/\/shrimataji.org\/test\/wp-json\/wp\/v2\/pages\/10735","targetHints":{"allow":["GET"]}}],"collection":[{"href":"https:\/\/shrimataji.org\/test\/wp-json\/wp\/v2\/pages"}],"about":[{"href":"https:\/\/shrimataji.org\/test\/wp-json\/wp\/v2\/types\/page"}],"author":[{"embeddable":true,"href":"https:\/\/shrimataji.org\/test\/wp-json\/wp\/v2\/users\/7"}],"replies":[{"embeddable":true,"href":"https:\/\/shrimataji.org\/test\/wp-json\/wp\/v2\/comments?post=10735"}],"version-history":[{"count":0,"href":"https:\/\/shrimataji.org\/test\/wp-json\/wp\/v2\/pages\/10735\/revisions"}],"wp:featuredmedia":[{"embeddable":true,"href":"https:\/\/shrimataji.org\/test\/wp-json\/wp\/v2\/media\/104"}],"wp:attachment":[{"href":"https:\/\/shrimataji.org\/test\/wp-json\/wp\/v2\/media?parent=10735"}],"curies":[{"name":"wp","href":"https:\/\/api.w.org\/{rel}","templated":true}]}}