{"id":10737,"date":"2017-09-02T04:00:00","date_gmt":"2017-09-02T04:00:00","guid":{"rendered":"http:\/\/testwordpress.nirmalnagari.org\/smnd\/index.php\/enlightening-encounters\/"},"modified":"2025-11-12T16:35:54","modified_gmt":"2025-11-12T16:35:54","slug":"rencontres-eclairantes","status":"publish","type":"page","link":"https:\/\/shrimataji.org\/test\/fr\/rencontres-eclairantes\/","title":{"rendered":"Rencontres \u00e9clairantes"},"content":{"rendered":"\n\n\t<h1>Rencontres \u00e9clairantes<\/h1>\n<h2>Son empathie et son amour immenses envers l&#8217;humanit\u00e9<\/h2>\n\t<h4>Interrog\u00e9e un jour par un journaliste en Angleterre: &#8220;Avez-vous eu des d\u00e9ceptions?&#8221; Shri Mataji a r\u00e9pondu: &#8220;Je n&#8217;ai ni engagements ni d\u00e9sengagements!&#8221; Le rire qui en a suivi est caract\u00e9ristique de beaucoup de conversations avec Shri Mataji, qui pouvaient \u00eatre pleines d&#8217;humour, inattendues et qui prenaient souvent une tournure surprenante.<\/h4>\n<p>Shri Mataji avait la capacit\u00e9 de r\u00e9v\u00e9ler des liens entre des sujets que la plupart ne voyait pas, ce qui rendait ses discussions et ses histoires enchanteresses et m\u00e9morables. Shri Mataji a prononc\u00e9 des milliers de ces entretiens, toujours instructifs, toujours \u00e9clairants. Son passeport avait pr\u00e8s de trois centim\u00e8tres d&#8217;\u00e9paisseur, avec plusieurs sections d&#8217;extension agraf\u00e9es les unes aux autres. Il portait la marque des nombreux endroits visit\u00e9s par Shri Mataji qui traversait le globe avec la m\u00eame ferme intention de rencontrer les personnes plus que les lieux.<\/p>\n<p>Elle a en effet rencontr\u00e9 des milliers de personnes, sans se cantonner \u00e0 de br\u00e8ves salutations. Elle \u00e9tait \u00e0 l&#8217;\u00e9coute de la personne en face d&#8217;elle, qu&#8217;elle soit de l&#8217;\u00e9lite ou vienne d&#8217;un petit village. Elle plongeait profond\u00e9ment dans l&#8217;\u00eatre car pour Shri Mataji, chacun comptait, tous \u00e9taient remarquables, tous avaient des capacit\u00e9s.<\/p>\n<p>C&#8217;est la capacit\u00e9 de chaque personne \u00e0 devenir l&#8217;Esprit, \u00e0 se connecter, \u00e0 \u00eatre r\u00e9alis\u00e9 qui a inspir\u00e9 Shri Mataji \u00e0 faire ce travail. Certains ont rencontr\u00e9 Shri Mataji en personne, d&#8217;autres non. Certaines personnes l&#8217;ont vue, l&#8217;ont per\u00e7ue, se sont rapproch\u00e9es, d&#8217;autres se sont d\u00e9tourn\u00e9es.<\/p>\n\tEt qui \u00e9tait Shri Mataji? Qu&#8217;est-ce Shri Mataji repr\u00e9sentait? Shri Mataji \u00e9tait un gourou. Et qu&#8217;est-ce qu&#8217;un gourou? &#8211; Le mot gourou a une signification tr\u00e8s sp\u00e9cifique :<br \/>\n\n<p>gu = ignorance. ru = dissiper. Par cons\u00e9quent, un gourou devrait \u00eatre capable de faire dispara\u00eetre l&#8217;ignorance et l&#8217;illusion spirituelle qui engloutissent la condition humaine.<\/p>\n<p>Pour ceux qui se sont rapproch\u00e9s, beaucoup ont senti que Shri Mataji \u00e9tait incontournable, une m\u00e8re divine. D&#8217;une mani\u00e8re ou d&#8217;une autre, elle avait la capacit\u00e9 d&#8217;aider les autres \u00e0 travailler sur leurs probl\u00e8mes et \u00e0 les r\u00e9soudre. Sa magie \u00e9tait comparable \u00e0 celle d&#8217;un jardinier travaillant avec amour \u00e0 la germination.<\/p>\n\t<h5>&#8220;La Sagesse est resplendissante, elle ne se fl\u00e9trit pas.<\/h5>\n<h5>Elle et facilement discernable par ceux qui l&#8217;aiment,<\/h5>\n<h5>Et se laisse trouver par ceux qui la recherchent.<\/h5>\n<h5>Elle devance leurs d\u00e9sirs en se faisant conna\u00eetre la premi\u00e8re.<\/h5>\n<h5>&#8230; elle recherche ceux qui sont dignes d&#8217;elle,<\/h5>\n<h5>Et leur appara\u00eet gracieusement sur leur chemin.&#8221;<\/h5>\n<h5>La sagesse de Salomon, chapitre 6, versets 12 \u00e0 17<\/h5>\n\t<p>Pourtant, son message \u00e9tait clair: &#8220;Devenez votre propre gourou, devenez l&#8217;Esprit&#8221;, et cela s&#8217;est av\u00e9r\u00e9 quelque peu difficile. Il fallait de la volont\u00e9!<\/p>\n<p>Une attention dispers\u00e9e, de la confusion, de la paresse, une faible estime de soi, d&#8217;innombrables faiblesses entravent la d\u00e9termination de chaque individu \u00e0 travailler sur lui-m\u00eame, \u00e0 s&#8217;occuper de lui-m\u00eame, \u00e0 devenir tout ce qu&#8217;il pourrait \u00eatre.<\/p>\n<p>Dans ce processus, en tant que gourou, Shri Mataji pouvait \u00eatre stricte s&#8217;il le fallait, et pourtant, en tant que m\u00e8re, elle pouvait \u00eatre d&#8217;une douceur consolatrice. Elle s&#8217;effor\u00e7ait d&#8217;inspirer et d&#8217;\u00e9lever des individus avec un sentiment maternel, m\u00eame si ce n&#8217;\u00e9tait que pour les voir se d\u00e9battre avec leurs difficult\u00e9s, tr\u00e9bucher, sortir des sentiers battus et avoir besoin d&#8217;\u00eatre revigor\u00e9.<\/p>\n<p>Lorsque vous \u00e9tiez dans son champ d&#8217;attention, vous aviez l&#8217;impression d&#8217;\u00eatre entre les mains de l&#8217;\u00e9volution elle-m\u00eame. Son sourire avait un effet r\u00e9confortant et salvateur. Sa voix offrait secours et conseils. Le choix d&#8217;\u00e9couter ou non ses paroles, restait toujours entre les mains de chacun. Avec diff\u00e9rents niveaux de compr\u00e9hension, chacun a v\u00e9cu son rapport \u00e0 Shri Mataji de mani\u00e8re unique.<\/p>\n\t<p>Sa d\u00e9licatesse dans la fa\u00e7on de traiter les autres \u00e9tait immense. Elle pouvait rapidement sentir une situation, son attention p\u00e9n\u00e9trante lui permettait de saisir ce qui \u00e9tait dit et comme du non-dit. Elle \u00e9tait \u00e0 l&#8217;\u00e9coute du d\u00e9sir int\u00e9rieur de ceux qui l&#8217;entouraient.<\/p>\n\t<p>Son rire \u00e9tait contagieux et apaisant, sa fa\u00e7on d&#8217;accepter les hauts et des bas de la vie, lib\u00e9ratrice. Des livres ont \u00e9t\u00e9 compil\u00e9s o\u00f9 ceux qui ont rencontr\u00e9 Shri Mataji se souviennent de bon nombre de ces moments. Ils expriment tous une chose : le sentiment d&#8217;un privil\u00e8ge, la chance divine d&#8217;avoir rencontr\u00e9 Shri Mataji et ses enseignements, le sentiment que la gr\u00e2ce elle-m\u00eame avait touch\u00e9 ces rencontres et nourri leur vie.<\/p>\n<p>Le message de perspicacit\u00e9 et de sagesse de Shri Mataji reste constant et identique, comme elle l&#8217;a dit:<\/p>\n&#8220;Je m&#8217;incline devant tous les chercheurs de la v\u00e9rit\u00e9&#8221;<br \/>\n&#8220;Vous \u00eates l&#8217;Esprit&#8221;<br \/>\n&#8220;En vous se trouve un pouvoir&#8221;<br \/>\n&#8220;Devenez votre propre gourou&#8221;<br \/>\n&#8220;R\u00e9jouissez-vous!&#8221;\n<p>&#8220;Vous pouvez atteindre la R\u00e9alisation du Soi. Vous pouvez sentir une brise fra\u00eeche dans vos paumes et au-dessus de la t\u00eate.&#8221;<\/p>\n<p>Le message essentiel n&#8217;a jamais chang\u00e9. Ce chant c\u00e9leste reste toujours le m\u00eame. La seule question c&#8217;est de savoir combien vont entendre ce chant, le comprendre et exp\u00e9rimenter sa m\u00e9lodie.<\/p>\n<p>L&#8217;h\u00e9ritage de Shri Mataji demeure en ceux qui ont entendu son message, ont pris son don \u00e0 c\u0153ur et appr\u00e9cient et diffusent le Sahaja Yoga.<\/p>\n<p>Son essence se ressent dans la brise fra\u00eeche qui caresse nos mains et souffle au-dessus de nos t\u00eates. Sa gr\u00e2ce adoucit nos c\u0153urs, et l&#8217;amour divin r\u00e9sonne en nous.<\/p>\n<p>&nbsp;<\/p>\n\n","protected":false},"excerpt":{"rendered":"<p>Rencontres \u00e9clairantes Son empathie et son amour immenses envers l&#8217;humanit\u00e9 Interrog\u00e9e un jour par un journaliste en Angleterre: &#8220;Avez-vous eu des d\u00e9ceptions?&#8221; Shri Mataji a r\u00e9pondu: &#8220;Je n&#8217;ai ni engagements ni d\u00e9sengagements!&#8221; Le rire qui en a suivi est caract\u00e9ristique de beaucoup de conversations avec Shri Mataji, qui pouvaient \u00eatre pleines d&#8217;humour, inattendues et qui&hellip; <br \/> <a class=\"read-more\" href=\"https:\/\/shrimataji.org\/test\/fr\/rencontres-eclairantes\/\">Read more<\/a><\/p>\n","protected":false},"author":7,"featured_media":159,"parent":0,"menu_order":0,"comment_status":"closed","ping_status":"closed","template":"","meta":{"inline_featured_image":false,"footnotes":""},"class_list":["post-10737","page","type-page","status-publish","has-post-thumbnail","hentry"],"yoast_head":"<!-- This site is optimized with the Yoast SEO plugin v27.4 - https:\/\/yoast.com\/product\/yoast-seo-wordpress\/ -->\n<title>Rencontres \u00e9clairantes - TEST - SMND<\/title>\n<meta name=\"robots\" content=\"noindex, follow, max-snippet:-1, max-image-preview:large, max-video-preview:-1\" \/>\n<meta property=\"og:locale\" content=\"en_US\" \/>\n<meta property=\"og:type\" content=\"article\" \/>\n<meta property=\"og:title\" content=\"Rencontres \u00e9clairantes - TEST - SMND\" \/>\n<meta property=\"og:description\" content=\"Rencontres \u00e9clairantes Son empathie et son amour immenses envers l&#8217;humanit\u00e9 Interrog\u00e9e un jour par un journaliste en Angleterre: &#8220;Avez-vous eu des d\u00e9ceptions?&#8221; Shri Mataji a r\u00e9pondu: &#8220;Je n&#8217;ai ni engagements ni d\u00e9sengagements!&#8221; Le rire qui en a suivi est caract\u00e9ristique de beaucoup de conversations avec Shri Mataji, qui pouvaient \u00eatre pleines d&#8217;humour, inattendues et qui&hellip; Read more\" \/>\n<meta property=\"og:url\" content=\"https:\/\/shrimataji.org\/test\/fr\/rencontres-eclairantes\/\" \/>\n<meta property=\"og:site_name\" content=\"TEST - SMND\" \/>\n<meta property=\"article:publisher\" content=\"https:\/\/www.facebook.com\/shrimataji\" \/>\n<meta property=\"article:modified_time\" content=\"2025-11-12T16:35:54+00:00\" \/>\n<meta property=\"og:image\" content=\"https:\/\/shrimataji.org\/test\/wp-content\/uploads\/2018\/07\/media_originals\/images\/headers-people\/shri-mataji-nirmala-devi-with-village-people-in-india.jpg\" \/>\n\t<meta property=\"og:image:width\" content=\"990\" \/>\n\t<meta property=\"og:image:height\" content=\"350\" \/>\n\t<meta property=\"og:image:type\" content=\"image\/jpeg\" \/>\n<meta name=\"twitter:card\" content=\"summary_large_image\" \/>\n<meta name=\"twitter:site\" content=\"@shrimataji\" \/>\n<script type=\"application\/ld+json\" class=\"yoast-schema-graph\">{\"@context\":\"https:\\\/\\\/schema.org\",\"@graph\":[{\"@type\":\"WebPage\",\"@id\":\"https:\\\/\\\/shrimataji.org\\\/test\\\/fr\\\/rencontres-eclairantes\\\/\",\"url\":\"https:\\\/\\\/shrimataji.org\\\/test\\\/fr\\\/rencontres-eclairantes\\\/\",\"name\":\"Rencontres \u00e9clairantes - TEST - SMND\",\"isPartOf\":{\"@id\":\"https:\\\/\\\/shrimataji.org\\\/test\\\/#website\"},\"primaryImageOfPage\":{\"@id\":\"https:\\\/\\\/shrimataji.org\\\/test\\\/fr\\\/rencontres-eclairantes\\\/#primaryimage\"},\"image\":{\"@id\":\"https:\\\/\\\/shrimataji.org\\\/test\\\/fr\\\/rencontres-eclairantes\\\/#primaryimage\"},\"thumbnailUrl\":\"https:\\\/\\\/shrimataji.org\\\/test\\\/wp-content\\\/uploads\\\/2018\\\/07\\\/media_originals\\\/images\\\/headers-people\\\/shri-mataji-nirmala-devi-with-village-people-in-india.jpg\",\"datePublished\":\"2017-09-02T04:00:00+00:00\",\"dateModified\":\"2025-11-12T16:35:54+00:00\",\"breadcrumb\":{\"@id\":\"https:\\\/\\\/shrimataji.org\\\/test\\\/fr\\\/rencontres-eclairantes\\\/#breadcrumb\"},\"inLanguage\":\"en-US\",\"potentialAction\":[{\"@type\":\"ReadAction\",\"target\":[\"https:\\\/\\\/shrimataji.org\\\/test\\\/fr\\\/rencontres-eclairantes\\\/\"]}]},{\"@type\":\"ImageObject\",\"inLanguage\":\"en-US\",\"@id\":\"https:\\\/\\\/shrimataji.org\\\/test\\\/fr\\\/rencontres-eclairantes\\\/#primaryimage\",\"url\":\"https:\\\/\\\/shrimataji.org\\\/test\\\/wp-content\\\/uploads\\\/2018\\\/07\\\/media_originals\\\/images\\\/headers-people\\\/shri-mataji-nirmala-devi-with-village-people-in-india.jpg\",\"contentUrl\":\"https:\\\/\\\/shrimataji.org\\\/test\\\/wp-content\\\/uploads\\\/2018\\\/07\\\/media_originals\\\/images\\\/headers-people\\\/shri-mataji-nirmala-devi-with-village-people-in-india.jpg\",\"width\":990,\"height\":350},{\"@type\":\"BreadcrumbList\",\"@id\":\"https:\\\/\\\/shrimataji.org\\\/test\\\/fr\\\/rencontres-eclairantes\\\/#breadcrumb\",\"itemListElement\":[{\"@type\":\"ListItem\",\"position\":1,\"name\":\"Home\",\"item\":\"https:\\\/\\\/shrimataji.org\\\/test\\\/uk\\\/home-en\\\/\"},{\"@type\":\"ListItem\",\"position\":2,\"name\":\"Rencontres \u00e9clairantes\"}]},{\"@type\":\"WebSite\",\"@id\":\"https:\\\/\\\/shrimataji.org\\\/test\\\/#website\",\"url\":\"https:\\\/\\\/shrimataji.org\\\/test\\\/\",\"name\":\"Shri Mataji Nirmala Devi\",\"description\":\"A Life Dedicated to Humanity\",\"publisher\":{\"@id\":\"https:\\\/\\\/shrimataji.org\\\/test\\\/#\\\/schema\\\/person\\\/a1b3419c6585f164aa96da1ff85715d1\"},\"potentialAction\":[{\"@type\":\"SearchAction\",\"target\":{\"@type\":\"EntryPoint\",\"urlTemplate\":\"https:\\\/\\\/shrimataji.org\\\/test\\\/?s={search_term_string}\"},\"query-input\":{\"@type\":\"PropertyValueSpecification\",\"valueRequired\":true,\"valueName\":\"search_term_string\"}}],\"inLanguage\":\"en-US\"},{\"@type\":[\"Person\",\"Organization\"],\"@id\":\"https:\\\/\\\/shrimataji.org\\\/test\\\/#\\\/schema\\\/person\\\/a1b3419c6585f164aa96da1ff85715d1\",\"name\":\"Nirmala Shrivastava\",\"image\":{\"@type\":\"ImageObject\",\"inLanguage\":\"en-US\",\"@id\":\"https:\\\/\\\/shrimataji.org\\\/test\\\/wp-content\\\/uploads\\\/2023\\\/02\\\/SMO_LOGO-03.svg\",\"url\":\"https:\\\/\\\/shrimataji.org\\\/test\\\/wp-content\\\/uploads\\\/2023\\\/02\\\/SMO_LOGO-03.svg\",\"contentUrl\":\"https:\\\/\\\/shrimataji.org\\\/test\\\/wp-content\\\/uploads\\\/2023\\\/02\\\/SMO_LOGO-03.svg\",\"width\":\"1024\",\"height\":\"1024\",\"caption\":\"Nirmala Shrivastava\"},\"logo\":{\"@id\":\"https:\\\/\\\/shrimataji.org\\\/test\\\/wp-content\\\/uploads\\\/2023\\\/02\\\/SMO_LOGO-03.svg\"},\"sameAs\":[\"https:\\\/\\\/shrimataji.org\\\/test\",\"https:\\\/\\\/www.facebook.com\\\/shrimataji\",\"https:\\\/\\\/x.com\\\/shrimataji\",\"https:\\\/\\\/www.youtube.com\\\/@Shri_Mataji_Nirmala_Devi\\\/featured\"]}]}<\/script>\n<!-- \/ Yoast SEO plugin. -->","yoast_head_json":{"title":"Rencontres \u00e9clairantes - TEST - SMND","robots":{"index":"noindex","follow":"follow","max-snippet":"max-snippet:-1","max-image-preview":"max-image-preview:large","max-video-preview":"max-video-preview:-1"},"og_locale":"en_US","og_type":"article","og_title":"Rencontres \u00e9clairantes - TEST - SMND","og_description":"Rencontres \u00e9clairantes Son empathie et son amour immenses envers l&#8217;humanit\u00e9 Interrog\u00e9e un jour par un journaliste en Angleterre: &#8220;Avez-vous eu des d\u00e9ceptions?&#8221; Shri Mataji a r\u00e9pondu: &#8220;Je n&#8217;ai ni engagements ni d\u00e9sengagements!&#8221; Le rire qui en a suivi est caract\u00e9ristique de beaucoup de conversations avec Shri Mataji, qui pouvaient \u00eatre pleines d&#8217;humour, inattendues et qui&hellip; Read more","og_url":"https:\/\/shrimataji.org\/test\/fr\/rencontres-eclairantes\/","og_site_name":"TEST - SMND","article_publisher":"https:\/\/www.facebook.com\/shrimataji","article_modified_time":"2025-11-12T16:35:54+00:00","og_image":[{"width":990,"height":350,"url":"https:\/\/shrimataji.org\/test\/wp-content\/uploads\/2018\/07\/media_originals\/images\/headers-people\/shri-mataji-nirmala-devi-with-village-people-in-india.jpg","type":"image\/jpeg"}],"twitter_card":"summary_large_image","twitter_site":"@shrimataji","schema":{"@context":"https:\/\/schema.org","@graph":[{"@type":"WebPage","@id":"https:\/\/shrimataji.org\/test\/fr\/rencontres-eclairantes\/","url":"https:\/\/shrimataji.org\/test\/fr\/rencontres-eclairantes\/","name":"Rencontres \u00e9clairantes - TEST - SMND","isPartOf":{"@id":"https:\/\/shrimataji.org\/test\/#website"},"primaryImageOfPage":{"@id":"https:\/\/shrimataji.org\/test\/fr\/rencontres-eclairantes\/#primaryimage"},"image":{"@id":"https:\/\/shrimataji.org\/test\/fr\/rencontres-eclairantes\/#primaryimage"},"thumbnailUrl":"https:\/\/shrimataji.org\/test\/wp-content\/uploads\/2018\/07\/media_originals\/images\/headers-people\/shri-mataji-nirmala-devi-with-village-people-in-india.jpg","datePublished":"2017-09-02T04:00:00+00:00","dateModified":"2025-11-12T16:35:54+00:00","breadcrumb":{"@id":"https:\/\/shrimataji.org\/test\/fr\/rencontres-eclairantes\/#breadcrumb"},"inLanguage":"en-US","potentialAction":[{"@type":"ReadAction","target":["https:\/\/shrimataji.org\/test\/fr\/rencontres-eclairantes\/"]}]},{"@type":"ImageObject","inLanguage":"en-US","@id":"https:\/\/shrimataji.org\/test\/fr\/rencontres-eclairantes\/#primaryimage","url":"https:\/\/shrimataji.org\/test\/wp-content\/uploads\/2018\/07\/media_originals\/images\/headers-people\/shri-mataji-nirmala-devi-with-village-people-in-india.jpg","contentUrl":"https:\/\/shrimataji.org\/test\/wp-content\/uploads\/2018\/07\/media_originals\/images\/headers-people\/shri-mataji-nirmala-devi-with-village-people-in-india.jpg","width":990,"height":350},{"@type":"BreadcrumbList","@id":"https:\/\/shrimataji.org\/test\/fr\/rencontres-eclairantes\/#breadcrumb","itemListElement":[{"@type":"ListItem","position":1,"name":"Home","item":"https:\/\/shrimataji.org\/test\/uk\/home-en\/"},{"@type":"ListItem","position":2,"name":"Rencontres \u00e9clairantes"}]},{"@type":"WebSite","@id":"https:\/\/shrimataji.org\/test\/#website","url":"https:\/\/shrimataji.org\/test\/","name":"Shri Mataji Nirmala Devi","description":"A Life Dedicated to Humanity","publisher":{"@id":"https:\/\/shrimataji.org\/test\/#\/schema\/person\/a1b3419c6585f164aa96da1ff85715d1"},"potentialAction":[{"@type":"SearchAction","target":{"@type":"EntryPoint","urlTemplate":"https:\/\/shrimataji.org\/test\/?s={search_term_string}"},"query-input":{"@type":"PropertyValueSpecification","valueRequired":true,"valueName":"search_term_string"}}],"inLanguage":"en-US"},{"@type":["Person","Organization"],"@id":"https:\/\/shrimataji.org\/test\/#\/schema\/person\/a1b3419c6585f164aa96da1ff85715d1","name":"Nirmala Shrivastava","image":{"@type":"ImageObject","inLanguage":"en-US","@id":"https:\/\/shrimataji.org\/test\/wp-content\/uploads\/2023\/02\/SMO_LOGO-03.svg","url":"https:\/\/shrimataji.org\/test\/wp-content\/uploads\/2023\/02\/SMO_LOGO-03.svg","contentUrl":"https:\/\/shrimataji.org\/test\/wp-content\/uploads\/2023\/02\/SMO_LOGO-03.svg","width":"1024","height":"1024","caption":"Nirmala Shrivastava"},"logo":{"@id":"https:\/\/shrimataji.org\/test\/wp-content\/uploads\/2023\/02\/SMO_LOGO-03.svg"},"sameAs":["https:\/\/shrimataji.org\/test","https:\/\/www.facebook.com\/shrimataji","https:\/\/x.com\/shrimataji","https:\/\/www.youtube.com\/@Shri_Mataji_Nirmala_Devi\/featured"]}]}},"lang":"fr","translations":{"fr":10737,"ur":37419,"en":435,"am":17990,"th":19929,"hu":19465,"sq":18391,"zh":17288,"tr":10152,"pt":10365,"de":10639,"it":10835,"es":10932,"ja":11229,"ru":11417,"bn":11609,"te":11717,"sw":11840,"he":11988,"el":12279,"sk":12377,"fa":12475,"fi":12573,"bg":13485,"ro":14560,"cs":14753,"nl":16551,"ku":16711,"ar":16887,"be":18598,"kn":18872,"mr":20293,"uk":20585,"ml":20884,"ta":22706,"sv":22979,"gu":28827,"pa":28985,"fil":29425,"da":37733,"pl":37950,"nn":38285},"pll_sync_post":[],"_links":{"self":[{"href":"https:\/\/shrimataji.org\/test\/wp-json\/wp\/v2\/pages\/10737","targetHints":{"allow":["GET"]}}],"collection":[{"href":"https:\/\/shrimataji.org\/test\/wp-json\/wp\/v2\/pages"}],"about":[{"href":"https:\/\/shrimataji.org\/test\/wp-json\/wp\/v2\/types\/page"}],"author":[{"embeddable":true,"href":"https:\/\/shrimataji.org\/test\/wp-json\/wp\/v2\/users\/7"}],"replies":[{"embeddable":true,"href":"https:\/\/shrimataji.org\/test\/wp-json\/wp\/v2\/comments?post=10737"}],"version-history":[{"count":0,"href":"https:\/\/shrimataji.org\/test\/wp-json\/wp\/v2\/pages\/10737\/revisions"}],"wp:featuredmedia":[{"embeddable":true,"href":"https:\/\/shrimataji.org\/test\/wp-json\/wp\/v2\/media\/159"}],"wp:attachment":[{"href":"https:\/\/shrimataji.org\/test\/wp-json\/wp\/v2\/media?parent=10737"}],"curies":[{"name":"wp","href":"https:\/\/api.w.org\/{rel}","templated":true}]}}