{"id":10740,"date":"2022-01-23T02:49:35","date_gmt":"2022-01-23T02:49:35","guid":{"rendered":"https:\/\/test.shrimataji.org\/?page_id=6269"},"modified":"2026-02-06T17:22:11","modified_gmt":"2026-02-06T17:22:11","slug":"faire-l-experience","status":"publish","type":"page","link":"https:\/\/shrimataji.org\/test\/fr\/faire-l-experience\/","title":{"rendered":"Faire l&#8217;exp\u00e9rience"},"content":{"rendered":"\n\n\t<h1>Faites l&#8217;exp\u00e9rience de la R\u00e9alisation du Soi<\/h1>\n<h2>Il suffit d&#8217;un d\u00e9sir pur<\/h2>\n<div class=\"su-quote su-quote-style-default\"><div class=\"su-quote-inner su-u-clearfix su-u-trim\"> C&#8217;est le droit de chacun d&#8217;atteindre cet \u00e9tat d&#8217;\u00e9volution et tout ce qui est n\u00e9cessaire est d\u00e9j\u00e0 en nous. Mais comme je respecte votre libert\u00e9, vous devez avoir le d\u00e9sir d&#8217;atteindre cet \u00e9tat, on ne peut pas vous l&#8217;imposer. <\/div><\/div>\n\t<h4>Shri Mataji est le seul gourou spirituel de l&#8217;histoire de l&#8217;humanit\u00e9 \u00e0 avoir donn\u00e9 l&#8217;exp\u00e9rience de la R\u00e9alisation du Soi en masse lors de ses programmes publics, dans le monde entier. Des millions de personnes ont b\u00e9n\u00e9fici\u00e9 de cette exp\u00e9rience unique qui a marqu\u00e9 un tournant dans leur vie. L&#8217;exp\u00e9rience de la R\u00e9alisation du Soi peut \u00eatre, au minimum, per\u00e7ue comme un \u00e9tat de silence int\u00e9rieur, de relaxation physique et de bien-\u00eatre, souvent associ\u00e9 \u00e0 une brise chaude ou fra\u00eeche dans la paume des mains, au-dessus de la t\u00eate et parfois sur tout le corps.<\/h4>\n<p>Les \u00e9tapes suivantes vous aideront \u00e0 vous pr\u00e9parer \u00e0 l&#8217;exp\u00e9rience de la R\u00e9alisation du Soi. Asseyez-vous confortablement, le dos droit. Enlevez vos chaussures, pour \u00eatre en contact avec le sol, car la Terre M\u00e8re aspire les tensions qui sortent par nos pieds.<\/p>\n<p>Mettez les deux mains sur vos genoux, paumes vers le haut. Pour stabiliser votre attention, vous pouvez regarder l&#8217;image de Shri Mataji \u00e0 l&#8217;\u00e9cran. Une fois que vous vous \u00eates d\u00e9tendu, essayez d&#8217;observer vos pens\u00e9es.<\/p>\n<p>Si vous ressentez d\u00e9j\u00e0 un silence int\u00e9rieur total et une douce brise fra\u00eeche soufflant sur vos paumes ou au-dessus de la t\u00eate, au niveau de la fontanelle, sachez que vous \u00eates une \u00e2me R\u00e9alis\u00e9e et que vous avez naturellement atteint la R\u00e9alisation du Soi. C&#8217;est un tr\u00e8s bon d\u00e9but et les \u00e9tapes suivantes vous aideront \u00e0 approfondir votre exp\u00e9rience de la m\u00e9ditation.<\/p>\n<p>&nbsp;<\/p>\n<figure itemscope itemtype=\"https:\/\/schema.org\/ImageObject\">\n\t\t\t\t<img decoding=\"async\" src=\"https:\/\/shrimataji.org\/test\/wp-content\/uploads\/2023\/02\/ShriMataji_BW.webp\" alt=\"ShriMataji_BW\" height=\"960\" width=\"671\" title=\"ShriMataji_BW\" onerror=\"this.style.display='none'\" loading=\"lazy\" \/>\n\t<\/figure>\n\t<p>Il est b\u00e9n\u00e9fique d&#8217;utiliser la m\u00e9ditation guid\u00e9e pour recevoir la R\u00e9alisation du Soi que Shri Mataji a donn\u00e9e plus de mille fois \u00e0 travers le monde.<\/p>\n\t<p>Pour suivre la m\u00e9ditation guid\u00e9e avec la vid\u00e9o de Shri Mataji, voici les \u00e9tapes que vous ferez les yeux ferm\u00e9s. Fermer les yeux nous aide \u00e0 vivre nous introspecter et permet \u00e0 l&#8217;\u00e9nergie de s&#8217;\u00e9veiller doucement en nous. Regardez les diff\u00e9rentes positions des mains sur votre corps que Shri Mataji vous indiquera lors de la R\u00e9alisation du Soi, ainsi que les affirmations correspondant \u00e0 chaque endroit du corps.<\/p>\n<p>Tout au long de la s\u00e9ance de R\u00e9alisation, nous placerons la <b>main droite sur les centres<\/b> situ\u00e9s le long du c\u00f4t\u00e9 gauche et garderons la paume de la <b>main gauche ouverte<\/b>, comme le montrent les croquis suivants.<\/p>\n<figure itemscope itemtype=\"https:\/\/schema.org\/ImageObject\">\n\t\t\t\t<img decoding=\"async\" src=\"https:\/\/shrimataji.org\/test\/wp-content\/uploads\/2025\/11\/FR-1.png\" alt=\"FR-1\" height=\"767\" width=\"546\" title=\"FR-1\" onerror=\"this.style.display='none'\" loading=\"lazy\" \/>\n\t<\/figure>\n<figure itemscope itemtype=\"https:\/\/schema.org\/ImageObject\">\n\t\t\t\t<img decoding=\"async\" src=\"https:\/\/shrimataji.org\/test\/wp-content\/uploads\/2025\/11\/FR-2.png\" alt=\"FR-2\" height=\"767\" width=\"548\" title=\"FR-2\" onerror=\"this.style.display='none'\" loading=\"lazy\" \/>\n\t<\/figure>\n<figure itemscope itemtype=\"https:\/\/schema.org\/ImageObject\">\n\t\t\t\t<img decoding=\"async\" src=\"https:\/\/shrimataji.org\/test\/wp-content\/uploads\/2025\/11\/FR-3.png\" alt=\"FR-3\" height=\"768\" width=\"549\" title=\"FR-3\" onerror=\"this.style.display='none'\" loading=\"lazy\" \/>\n\t<\/figure>\n<figure itemscope itemtype=\"https:\/\/schema.org\/ImageObject\">\n\t\t\t\t<img decoding=\"async\" src=\"https:\/\/shrimataji.org\/test\/wp-content\/uploads\/2025\/11\/FR-4.png\" alt=\"FR-4\" height=\"767\" width=\"548\" title=\"FR-4\" onerror=\"this.style.display='none'\" loading=\"lazy\" \/>\n\t<\/figure>\n<figure itemscope itemtype=\"https:\/\/schema.org\/ImageObject\">\n\t\t\t\t<img decoding=\"async\" src=\"https:\/\/shrimataji.org\/test\/wp-content\/uploads\/2025\/11\/FR-5.png\" alt=\"FR-5\" height=\"766\" width=\"546\" title=\"FR-5\" onerror=\"this.style.display='none'\" loading=\"lazy\" \/>\n\t<\/figure>\n<figure itemscope itemtype=\"https:\/\/schema.org\/ImageObject\">\n\t\t\t\t<img decoding=\"async\" src=\"https:\/\/shrimataji.org\/test\/wp-content\/uploads\/2025\/11\/FR-6.png\" alt=\"FR-6\" height=\"767\" width=\"548\" title=\"FR-6\" onerror=\"this.style.display='none'\" loading=\"lazy\" \/>\n\t<\/figure>\n<figure itemscope itemtype=\"https:\/\/schema.org\/ImageObject\">\n\t\t\t\t<img decoding=\"async\" src=\"https:\/\/shrimataji.org\/test\/wp-content\/uploads\/2025\/11\/FR-7.png\" alt=\"FR-7\" height=\"767\" width=\"548\" title=\"FR-7\" onerror=\"this.style.display='none'\" loading=\"lazy\" \/>\n\t<\/figure>\n<figure itemscope itemtype=\"https:\/\/schema.org\/ImageObject\">\n\t\t\t\t<img decoding=\"async\" src=\"https:\/\/shrimataji.org\/test\/wp-content\/uploads\/2025\/11\/FR-8.png\" alt=\"FR-8\" height=\"767\" width=\"549\" title=\"FR-8\" onerror=\"this.style.display='none'\" loading=\"lazy\" \/>\n\t<\/figure>\n<figure itemscope itemtype=\"https:\/\/schema.org\/ImageObject\">\n\t\t\t\t<img decoding=\"async\" src=\"https:\/\/shrimataji.org\/test\/wp-content\/uploads\/2025\/11\/FR-9.png\" alt=\"FR-9\" height=\"767\" width=\"547\" title=\"FR-9\" onerror=\"this.style.display='none'\" loading=\"lazy\" \/>\n\t<\/figure>\n\t\t<iframe loading=\"lazy\" title=\"vimeo-player\" src=\"https:\/\/player.vimeo.com\/video\/1060976448?h=a46f29e079\" width=\"640\" height=\"360\" frameborder=\"0\" referrerpolicy=\"strict-origin-when-cross-origin\" allow=\"autoplay; fullscreen; picture-in-picture; clipboard-write; encrypted-media; web-share\"   allowfullscreen><\/iframe>\t\n\t<p>Maintenant, \u00e0 la fin de la m\u00e9ditation guid\u00e9e, remarquez si vous vous sentez d\u00e9tendu et si vos pens\u00e9es se sont calm\u00e9es ou ont progressivement disparu. C&#8217;est le premier \u00e9tat de m\u00e9ditation : la conscience sans pens\u00e9e. C&#8217;est un \u00e9tat de conscience pure et paisible.<\/p>\n<p>Essayez maintenant de voir si vous pouvez sentir une douce brise fra\u00eeche sur vos paumes et au-dessus de la t\u00eate, au niveau de la fontanelle, en pla\u00e7ant votre paume gauche l\u00e9g\u00e8rement au-dessus de votre t\u00eate, puis en essayant avec la paume droite. Au d\u00e9but, vous pouvez ressentir une sensation de chaleur, ce qui signifie que votre \u00e9nergie <a href=\"https:\/\/shrimataji.org\/test\/fr\/la-kundalini\/\" target=\"_blank\" rel=\"noopener\">Kundalini<\/a> est en train de purifier votre syst\u00e8me subtil, mais cette sensation finira par s&#8217;estomper.<\/p>\n<p>Si vous ne ressentez rien, cela peut s&#8217;expliquer par plusieurs raisons. L&#8217;une des plus courantes est que nous nous sentons coupables et cela bloque notre \u00e9nergie. Ou bien , nous ne sommes pas capables de pardonner aux autres ou soi-m\u00eame. Dites alors plusieurs fois du fond du c\u0153ur : &#8220;M\u00e8re (ou Shri Mataji), je pardonne \u00e0 tout le monde&#8221;, sans penser \u00e0 quelqu&#8217;un en particulier. V\u00e9rifiez \u00e0 nouveau si vous sentez une brise fra\u00eeche au-dessus de la t\u00eate.<\/p>\n<p>C&#8217;est le d\u00e9but de votre voyage int\u00e9rieur vers un nouveau monde int\u00e9rieur et spirituel. Une nouvelle conscience va se d\u00e9velopper et, gr\u00e2ce \u00e0 une m\u00e9ditation r\u00e9guli\u00e8re, vous serez en mesure de ressentir de plus en plus l&#8217;\u00e9tat de votre propre syst\u00e8me subtil ainsi que celui des autres. Vous recevrez des sensations au bout des doigts vous informant sur votre \u00e9tat subtil et vibratoire, et vous pourrez le corriger \u00e0 l&#8217;aide de votre \u00e9nergie spirituelle inn\u00e9e, la Kundalini.<\/p>\n<p>Les sections suivantes vous aideront \u00e0 en savoir plus sur la <a href=\"https:\/\/shrimataji.org\/test\/fr\/la-meditation-sahaja-yoga\/\" target=\"_blank\" rel=\"noopener\">m\u00e9ditation Sahaja Yoga<\/a> et vous expliqueront comment pratiquer une m\u00e9ditation simple et sans effort chez vous. La section sur la <a href=\"https:\/\/shrimataji.org\/test\/fr\/meditation-collective\/\" target=\"_blank\" rel=\"noopener\">m\u00e9ditation collective<\/a> vous familiarisera avec cet aspect de la m\u00e9ditation tel que recommand\u00e9 par Shri Mataji et vous indiquera o\u00f9 trouver des centres de m\u00e9ditation Sahaja Yoga dans le monde entier.<\/p>\n\n","protected":false},"excerpt":{"rendered":"<p>Faites l&#8217;exp\u00e9rience de la R\u00e9alisation du Soi Il suffit d&#8217;un d\u00e9sir pur Shri Mataji est le seul gourou spirituel de l&#8217;histoire de l&#8217;humanit\u00e9 \u00e0 avoir donn\u00e9 l&#8217;exp\u00e9rience de la R\u00e9alisation du Soi en masse lors de ses programmes publics, dans le monde entier. Des millions de personnes ont b\u00e9n\u00e9fici\u00e9 de cette exp\u00e9rience unique qui a&hellip; <br \/> <a class=\"read-more\" href=\"https:\/\/shrimataji.org\/test\/fr\/faire-l-experience\/\">Read more<\/a><\/p>\n","protected":false},"author":7,"featured_media":9265,"parent":0,"menu_order":0,"comment_status":"closed","ping_status":"closed","template":"","meta":{"inline_featured_image":false,"footnotes":""},"class_list":["post-10740","page","type-page","status-publish","has-post-thumbnail","hentry"],"yoast_head":"<!-- This site is optimized with the Yoast SEO plugin v27.4 - https:\/\/yoast.com\/product\/yoast-seo-wordpress\/ -->\n<title>Faire l&#039;exp\u00e9rience - TEST - SMND<\/title>\n<meta name=\"robots\" content=\"noindex, follow, max-snippet:-1, max-image-preview:large, max-video-preview:-1\" \/>\n<meta property=\"og:locale\" content=\"en_US\" \/>\n<meta property=\"og:type\" content=\"article\" \/>\n<meta property=\"og:title\" content=\"Faire l&#039;exp\u00e9rience - TEST - SMND\" \/>\n<meta property=\"og:description\" content=\"Faites l&#8217;exp\u00e9rience de la R\u00e9alisation du Soi Il suffit d&#8217;un d\u00e9sir pur Shri Mataji est le seul gourou spirituel de l&#8217;histoire de l&#8217;humanit\u00e9 \u00e0 avoir donn\u00e9 l&#8217;exp\u00e9rience de la R\u00e9alisation du Soi en masse lors de ses programmes publics, dans le monde entier. Des millions de personnes ont b\u00e9n\u00e9fici\u00e9 de cette exp\u00e9rience unique qui a&hellip; Read more\" \/>\n<meta property=\"og:url\" content=\"https:\/\/shrimataji.org\/test\/fr\/faire-l-experience\/\" \/>\n<meta property=\"og:site_name\" content=\"TEST - SMND\" \/>\n<meta property=\"article:publisher\" content=\"https:\/\/www.facebook.com\/shrimataji\" \/>\n<meta property=\"article:modified_time\" content=\"2026-02-06T17:22:11+00:00\" \/>\n<meta property=\"og:image\" content=\"https:\/\/shrimataji.org\/test\/wp-content\/uploads\/2023\/03\/3_Banner-SY-Experience-2-scaled.jpg\" \/>\n\t<meta property=\"og:image:width\" content=\"2560\" \/>\n\t<meta property=\"og:image:height\" content=\"905\" \/>\n\t<meta property=\"og:image:type\" content=\"image\/jpeg\" \/>\n<meta name=\"twitter:card\" content=\"summary_large_image\" \/>\n<meta name=\"twitter:site\" content=\"@shrimataji\" \/>\n<script type=\"application\/ld+json\" class=\"yoast-schema-graph\">{\"@context\":\"https:\\\/\\\/schema.org\",\"@graph\":[{\"@type\":\"WebPage\",\"@id\":\"https:\\\/\\\/shrimataji.org\\\/test\\\/fr\\\/faire-l-experience\\\/\",\"url\":\"https:\\\/\\\/shrimataji.org\\\/test\\\/fr\\\/faire-l-experience\\\/\",\"name\":\"Faire l'exp\u00e9rience - TEST - SMND\",\"isPartOf\":{\"@id\":\"https:\\\/\\\/shrimataji.org\\\/test\\\/#website\"},\"primaryImageOfPage\":{\"@id\":\"https:\\\/\\\/shrimataji.org\\\/test\\\/fr\\\/faire-l-experience\\\/#primaryimage\"},\"image\":{\"@id\":\"https:\\\/\\\/shrimataji.org\\\/test\\\/fr\\\/faire-l-experience\\\/#primaryimage\"},\"thumbnailUrl\":\"https:\\\/\\\/shrimataji.org\\\/test\\\/wp-content\\\/uploads\\\/2023\\\/03\\\/3_Banner-SY-Experience-2-scaled.jpg\",\"datePublished\":\"2022-01-23T02:49:35+00:00\",\"dateModified\":\"2026-02-06T17:22:11+00:00\",\"breadcrumb\":{\"@id\":\"https:\\\/\\\/shrimataji.org\\\/test\\\/fr\\\/faire-l-experience\\\/#breadcrumb\"},\"inLanguage\":\"en-US\",\"potentialAction\":[{\"@type\":\"ReadAction\",\"target\":[\"https:\\\/\\\/shrimataji.org\\\/test\\\/fr\\\/faire-l-experience\\\/\"]}]},{\"@type\":\"ImageObject\",\"inLanguage\":\"en-US\",\"@id\":\"https:\\\/\\\/shrimataji.org\\\/test\\\/fr\\\/faire-l-experience\\\/#primaryimage\",\"url\":\"https:\\\/\\\/shrimataji.org\\\/test\\\/wp-content\\\/uploads\\\/2023\\\/03\\\/3_Banner-SY-Experience-2-scaled.jpg\",\"contentUrl\":\"https:\\\/\\\/shrimataji.org\\\/test\\\/wp-content\\\/uploads\\\/2023\\\/03\\\/3_Banner-SY-Experience-2-scaled.jpg\",\"width\":2560,\"height\":905},{\"@type\":\"BreadcrumbList\",\"@id\":\"https:\\\/\\\/shrimataji.org\\\/test\\\/fr\\\/faire-l-experience\\\/#breadcrumb\",\"itemListElement\":[{\"@type\":\"ListItem\",\"position\":1,\"name\":\"Home\",\"item\":\"https:\\\/\\\/shrimataji.org\\\/test\\\/uk\\\/home-en\\\/\"},{\"@type\":\"ListItem\",\"position\":2,\"name\":\"Faire l&#8217;exp\u00e9rience\"}]},{\"@type\":\"WebSite\",\"@id\":\"https:\\\/\\\/shrimataji.org\\\/test\\\/#website\",\"url\":\"https:\\\/\\\/shrimataji.org\\\/test\\\/\",\"name\":\"Shri Mataji Nirmala Devi\",\"description\":\"A Life Dedicated to Humanity\",\"publisher\":{\"@id\":\"https:\\\/\\\/shrimataji.org\\\/test\\\/#\\\/schema\\\/person\\\/a1b3419c6585f164aa96da1ff85715d1\"},\"potentialAction\":[{\"@type\":\"SearchAction\",\"target\":{\"@type\":\"EntryPoint\",\"urlTemplate\":\"https:\\\/\\\/shrimataji.org\\\/test\\\/?s={search_term_string}\"},\"query-input\":{\"@type\":\"PropertyValueSpecification\",\"valueRequired\":true,\"valueName\":\"search_term_string\"}}],\"inLanguage\":\"en-US\"},{\"@type\":[\"Person\",\"Organization\"],\"@id\":\"https:\\\/\\\/shrimataji.org\\\/test\\\/#\\\/schema\\\/person\\\/a1b3419c6585f164aa96da1ff85715d1\",\"name\":\"Nirmala Shrivastava\",\"image\":{\"@type\":\"ImageObject\",\"inLanguage\":\"en-US\",\"@id\":\"https:\\\/\\\/shrimataji.org\\\/test\\\/wp-content\\\/uploads\\\/2023\\\/02\\\/SMO_LOGO-03.svg\",\"url\":\"https:\\\/\\\/shrimataji.org\\\/test\\\/wp-content\\\/uploads\\\/2023\\\/02\\\/SMO_LOGO-03.svg\",\"contentUrl\":\"https:\\\/\\\/shrimataji.org\\\/test\\\/wp-content\\\/uploads\\\/2023\\\/02\\\/SMO_LOGO-03.svg\",\"width\":\"1024\",\"height\":\"1024\",\"caption\":\"Nirmala Shrivastava\"},\"logo\":{\"@id\":\"https:\\\/\\\/shrimataji.org\\\/test\\\/wp-content\\\/uploads\\\/2023\\\/02\\\/SMO_LOGO-03.svg\"},\"sameAs\":[\"https:\\\/\\\/shrimataji.org\\\/test\",\"https:\\\/\\\/www.facebook.com\\\/shrimataji\",\"https:\\\/\\\/x.com\\\/shrimataji\",\"https:\\\/\\\/www.youtube.com\\\/@Shri_Mataji_Nirmala_Devi\\\/featured\"]}]}<\/script>\n<!-- \/ Yoast SEO plugin. -->","yoast_head_json":{"title":"Faire l'exp\u00e9rience - TEST - SMND","robots":{"index":"noindex","follow":"follow","max-snippet":"max-snippet:-1","max-image-preview":"max-image-preview:large","max-video-preview":"max-video-preview:-1"},"og_locale":"en_US","og_type":"article","og_title":"Faire l'exp\u00e9rience - TEST - SMND","og_description":"Faites l&#8217;exp\u00e9rience de la R\u00e9alisation du Soi Il suffit d&#8217;un d\u00e9sir pur Shri Mataji est le seul gourou spirituel de l&#8217;histoire de l&#8217;humanit\u00e9 \u00e0 avoir donn\u00e9 l&#8217;exp\u00e9rience de la R\u00e9alisation du Soi en masse lors de ses programmes publics, dans le monde entier. Des millions de personnes ont b\u00e9n\u00e9fici\u00e9 de cette exp\u00e9rience unique qui a&hellip; Read more","og_url":"https:\/\/shrimataji.org\/test\/fr\/faire-l-experience\/","og_site_name":"TEST - SMND","article_publisher":"https:\/\/www.facebook.com\/shrimataji","article_modified_time":"2026-02-06T17:22:11+00:00","og_image":[{"width":2560,"height":905,"url":"https:\/\/shrimataji.org\/test\/wp-content\/uploads\/2023\/03\/3_Banner-SY-Experience-2-scaled.jpg","type":"image\/jpeg"}],"twitter_card":"summary_large_image","twitter_site":"@shrimataji","schema":{"@context":"https:\/\/schema.org","@graph":[{"@type":"WebPage","@id":"https:\/\/shrimataji.org\/test\/fr\/faire-l-experience\/","url":"https:\/\/shrimataji.org\/test\/fr\/faire-l-experience\/","name":"Faire l'exp\u00e9rience - TEST - SMND","isPartOf":{"@id":"https:\/\/shrimataji.org\/test\/#website"},"primaryImageOfPage":{"@id":"https:\/\/shrimataji.org\/test\/fr\/faire-l-experience\/#primaryimage"},"image":{"@id":"https:\/\/shrimataji.org\/test\/fr\/faire-l-experience\/#primaryimage"},"thumbnailUrl":"https:\/\/shrimataji.org\/test\/wp-content\/uploads\/2023\/03\/3_Banner-SY-Experience-2-scaled.jpg","datePublished":"2022-01-23T02:49:35+00:00","dateModified":"2026-02-06T17:22:11+00:00","breadcrumb":{"@id":"https:\/\/shrimataji.org\/test\/fr\/faire-l-experience\/#breadcrumb"},"inLanguage":"en-US","potentialAction":[{"@type":"ReadAction","target":["https:\/\/shrimataji.org\/test\/fr\/faire-l-experience\/"]}]},{"@type":"ImageObject","inLanguage":"en-US","@id":"https:\/\/shrimataji.org\/test\/fr\/faire-l-experience\/#primaryimage","url":"https:\/\/shrimataji.org\/test\/wp-content\/uploads\/2023\/03\/3_Banner-SY-Experience-2-scaled.jpg","contentUrl":"https:\/\/shrimataji.org\/test\/wp-content\/uploads\/2023\/03\/3_Banner-SY-Experience-2-scaled.jpg","width":2560,"height":905},{"@type":"BreadcrumbList","@id":"https:\/\/shrimataji.org\/test\/fr\/faire-l-experience\/#breadcrumb","itemListElement":[{"@type":"ListItem","position":1,"name":"Home","item":"https:\/\/shrimataji.org\/test\/uk\/home-en\/"},{"@type":"ListItem","position":2,"name":"Faire l&#8217;exp\u00e9rience"}]},{"@type":"WebSite","@id":"https:\/\/shrimataji.org\/test\/#website","url":"https:\/\/shrimataji.org\/test\/","name":"Shri Mataji Nirmala Devi","description":"A Life Dedicated to Humanity","publisher":{"@id":"https:\/\/shrimataji.org\/test\/#\/schema\/person\/a1b3419c6585f164aa96da1ff85715d1"},"potentialAction":[{"@type":"SearchAction","target":{"@type":"EntryPoint","urlTemplate":"https:\/\/shrimataji.org\/test\/?s={search_term_string}"},"query-input":{"@type":"PropertyValueSpecification","valueRequired":true,"valueName":"search_term_string"}}],"inLanguage":"en-US"},{"@type":["Person","Organization"],"@id":"https:\/\/shrimataji.org\/test\/#\/schema\/person\/a1b3419c6585f164aa96da1ff85715d1","name":"Nirmala Shrivastava","image":{"@type":"ImageObject","inLanguage":"en-US","@id":"https:\/\/shrimataji.org\/test\/wp-content\/uploads\/2023\/02\/SMO_LOGO-03.svg","url":"https:\/\/shrimataji.org\/test\/wp-content\/uploads\/2023\/02\/SMO_LOGO-03.svg","contentUrl":"https:\/\/shrimataji.org\/test\/wp-content\/uploads\/2023\/02\/SMO_LOGO-03.svg","width":"1024","height":"1024","caption":"Nirmala Shrivastava"},"logo":{"@id":"https:\/\/shrimataji.org\/test\/wp-content\/uploads\/2023\/02\/SMO_LOGO-03.svg"},"sameAs":["https:\/\/shrimataji.org\/test","https:\/\/www.facebook.com\/shrimataji","https:\/\/x.com\/shrimataji","https:\/\/www.youtube.com\/@Shri_Mataji_Nirmala_Devi\/featured"]}]}},"lang":"fr","translations":{"fr":10740,"ur":37424,"en":7043,"pa":25836,"gu":25439,"th":19936,"hu":19470,"sq":18396,"zh":17293,"hi":8277,"tr":10155,"pt":10368,"de":10642,"it":10838,"es":10935,"ja":11232,"ru":11420,"bn":11612,"te":11720,"sw":11843,"he":11991,"el":12282,"sk":12380,"fa":12478,"fi":12576,"bg":13413,"ro":14487,"cs":14680,"nl":16556,"ku":16716,"ar":16892,"be":18603,"kn":18877,"mr":20300,"uk":20592,"ml":20891,"ta":22711,"sv":22984,"bs":27284,"fil":29430,"sd":30998,"da":37738,"pl":37955,"nn":38290},"pll_sync_post":[],"_links":{"self":[{"href":"https:\/\/shrimataji.org\/test\/wp-json\/wp\/v2\/pages\/10740","targetHints":{"allow":["GET"]}}],"collection":[{"href":"https:\/\/shrimataji.org\/test\/wp-json\/wp\/v2\/pages"}],"about":[{"href":"https:\/\/shrimataji.org\/test\/wp-json\/wp\/v2\/types\/page"}],"author":[{"embeddable":true,"href":"https:\/\/shrimataji.org\/test\/wp-json\/wp\/v2\/users\/7"}],"replies":[{"embeddable":true,"href":"https:\/\/shrimataji.org\/test\/wp-json\/wp\/v2\/comments?post=10740"}],"version-history":[{"count":0,"href":"https:\/\/shrimataji.org\/test\/wp-json\/wp\/v2\/pages\/10740\/revisions"}],"wp:featuredmedia":[{"embeddable":true,"href":"https:\/\/shrimataji.org\/test\/wp-json\/wp\/v2\/media\/9265"}],"wp:attachment":[{"href":"https:\/\/shrimataji.org\/test\/wp-json\/wp\/v2\/media?parent=10740"}],"curies":[{"name":"wp","href":"https:\/\/api.w.org\/{rel}","templated":true}]}}