{"id":10741,"date":"2018-07-10T06:54:42","date_gmt":"2018-07-10T06:54:42","guid":{"rendered":"http:\/\/testwordpress.nirmalnagari.org\/smnd\/index.php\/family\/"},"modified":"2026-02-15T16:28:51","modified_gmt":"2026-02-15T16:28:51","slug":"la-famille","status":"publish","type":"page","link":"https:\/\/shrimataji.org\/test\/fr\/la-famille\/","title":{"rendered":"La famille"},"content":{"rendered":"\n\n\t<h1>La famille<\/h1>\n<h2>An Enlightened Upbringing<\/h2>\n\t<h4>Shri Mataji, de son nom Nirmala Salve, est n\u00e9e dans une famille illustre descendant de la dynastie indienne du roi Shalivahan. Le caract\u00e8re de cette famille exceptionnelle s&#8217;est transmis de g\u00e9n\u00e9rations en g\u00e9n\u00e9rations, tout comme l&#8217;adh\u00e9sion \u00e0 des id\u00e9aux moraux et \u00e9thiques tr\u00e8s \u00e9lev\u00e9s.<\/h4>\n\t<p>Par exemple, un des anc\u00eatres de Shri Mataji est all\u00e9 jusqu&#8217;\u00e0 se convertir \u00e0 la religion chr\u00e9tienne pour rompre avec la cruaut\u00e9 de la tradition et des croyances, largement accept\u00e9es \u00e0 l&#8217;\u00e9poque, envers les veuves hindoues, en particulier les petites filles qui avaient \u00e9t\u00e9 mari\u00e9es dans l&#8217;enfance.<\/p>\n<p>La grand-m\u00e8re de Nirmala, Sakhubai, comme on peut l&#8217;apprendre dans le livre de son fr\u00e8re, H.P. Salve, Mes M\u00e9moires, \u00e9tait une femme tr\u00e8s courageuse: &#8220;L&#8217;image de ma grand-m\u00e8re \u00e9merge telle une personnalit\u00e9 phare, pleine de bravoure et de convictions dans son combat contre l&#8217;injustice; une personne qui avait, d&#8217;une part, des qualit\u00e9s de force et de courage, et d&#8217;autre part, un amour maternel et bienveillant vis-\u00e0-vis de ses enfants. Ces qualit\u00e9s ont \u00e9t\u00e9 une source d&#8217;inspiration pour tous ses enfants. Je souligne particuli\u00e8rement ce point, car toutes ces qualit\u00e9s ont impr\u00e9gn\u00e9 ses enfants et ses petits-enfants, surtout Shri Mataji.&#8221;<\/p>\n<p>Les parents de Shri Mataji ont men\u00e9 un combat pour la justice et l&#8217;\u00e9galit\u00e9 en Inde et ont rejoint le Mahatma Gandhi dans sa lutte pour l&#8217;ind\u00e9pendance. Il \u00e9tait bien entendu que personne ne devait verser de larmes quand un des membres de la famille \u00e9tait arr\u00eat\u00e9 et emprisonn\u00e9. Apr\u00e8s l&#8217;ind\u00e9pendance, son p\u00e8re a continu\u00e9 \u00e0 servir le pays dans le gouvernement nouvellement form\u00e9.<\/p>\n<p>Le mari de Shri Mataji, Sir C.P. Srivastava, a lui aussi men\u00e9 une vie exemplaire et d\u00e9vou\u00e9e au service public. Parmi ses livres, notons la biographie de Lal Bahadur Shastri: Une vie de V\u00e9rit\u00e9 en Politique [<a href=\"https:\/\/shrimataji.org\/test\/fr\/la-famille\/#citation-note-1\">1<\/a>] et Corruption: l&#8217;ennemi int\u00e9rieur de l&#8217;Inde. [<a href=\"https:\/\/shrimataji.org\/test\/fr\/la-famille\/#citation-note-2\">2<\/a>]\n\t<p>Shri Mataji a eu deux filles, quatre petits-enfants et de nombreux arri\u00e8re-petits-enfants. Elle est d\u00e9c\u00e9d\u00e9e en f\u00e9vrier 2011.<\/p>\n\t<div class=\"epyt-video-wrapper\"><div  data-ep-a=\"fadeIn\"  style=\"display: block; margin: 0px auto;\"  id=\"_ytid_70720\"  width=\"3840\" height=\"2160\"  data-origwidth=\"3840\" data-origheight=\"2160\" data-facadesrc=\"https:\/\/www.youtube.com\/embed\/BlhbfY8PoHs?enablejsapi=1&autoplay=0&cc_load_policy=0&cc_lang_pref=&iv_load_policy=1&loop=0&rel=0&fs=1&playsinline=1&autohide=2&theme=dark&color=red&controls=1&disablekb=0&\" class=\"__youtube_prefs__ epyt-facade  no-lazyload\" data-epautoplay=\"1\" ><img decoding=\"async\" data-spai-excluded=\"true\" class=\"epyt-facade-poster skip-lazy\" loading=\"lazy\"  alt=\"YouTube player\"  src=\"https:\/\/i.ytimg.com\/vi\/BlhbfY8PoHs\/maxresdefault.jpg\"  \/><button class=\"epyt-facade-play\" aria-label=\"Play\"><svg data-no-lazy=\"1\" height=\"100%\" version=\"1.1\" viewBox=\"0 0 68 48\" width=\"100%\"><path class=\"ytp-large-play-button-bg\" d=\"M66.52,7.74c-0.78-2.93-2.49-5.41-5.42-6.19C55.79,.13,34,0,34,0S12.21,.13,6.9,1.55 C3.97,2.33,2.27,4.81,1.48,7.74C0.06,13.05,0,24,0,24s0.06,10.95,1.48,16.26c0.78,2.93,2.49,5.41,5.42,6.19 C12.21,47.87,34,48,34,48s21.79-0.13,27.1-1.55c2.93-0.78,4.64-3.26,5.42-6.19C67.94,34.95,68,24,68,24S67.94,13.05,66.52,7.74z\" fill=\"#f00\"><\/path><path d=\"M 45,24 27,14 27,34\" fill=\"#fff\"><\/path><\/svg><\/button><\/div><\/div><span itemprop=\"video\" itemscope itemtype=\"http:\/\/schema.org\/VideoObject\"><meta itemprop=\"embedUrl\" content=\"https:\/\/www.youtube.com\/embed\/BlhbfY8PoHs\"><meta itemprop=\"name\" content=\"Remembering Their Mother\"><meta itemprop=\"description\" content=\"Shri Mataji&#039;s daughters describe the extent of their mother&#039;s travels and global duties. They describe the experience of sharing a mother with the world. &#039;She became renowned all over the world, but to me always a mother.&#039; They recall the strong mother of childhood, keen that her children be correct and dharmic. Shri Mataji emphasized that her children should never do anything wrong. More videos at: http:\/\/ShriMataji.org ~ A Life Dedicated to Humanity ~\"><meta itemprop=\"thumbnailUrl\" content=\"https:\/\/i.ytimg.com\/vi\/BlhbfY8PoHs\/0.jpg\"><meta itemprop=\"duration\" content=\"PT3M13S\"><meta itemprop=\"uploadDate\" content=\"2020-07-20T00:11:57Z\"><\/span>\n\t<h5>&#8220;Nous n&#8217;avions pas un esprit de consommateur \u00e0 cette \u00e9poque. je veux dire qu&#8217;on vivait simplement&#8230;aussi, je trouve qu&#8217;il n&#8217;y avait pas beaucoup de conflits entre les g\u00e9n\u00e9rations, les familles s&#8217;entendaient bien.&#8221;<\/h5>\n<h5>Sadhana Varma, fille cadette de Shri Mataji<\/h5>\n\t<hr \/>\n<h3 id=citation-note-1>1.\u00a0 C. P. Srivastava, &#8216;Lal Bahadur Shastri: une vie de v\u00e9rit\u00e9 en politique&#8217; New Delhi: Oxford University Press, 1995.<\/h3>\n<h3 id=citation-note-2>2. C. P. Srivastava, &#8216;Corruption: India&#8217;s Enemy Within&#8217; New Delhi: Macmillan India, 2001.<\/h3>\n\n","protected":false},"excerpt":{"rendered":"<p>La famille An Enlightened Upbringing Shri Mataji, de son nom Nirmala Salve, est n\u00e9e dans une famille illustre descendant de la dynastie indienne du roi Shalivahan. Le caract\u00e8re de cette famille exceptionnelle s&#8217;est transmis de g\u00e9n\u00e9rations en g\u00e9n\u00e9rations, tout comme l&#8217;adh\u00e9sion \u00e0 des id\u00e9aux moraux et \u00e9thiques tr\u00e8s \u00e9lev\u00e9s. Par exemple, un des anc\u00eatres de&hellip; <br \/> <a class=\"read-more\" href=\"https:\/\/shrimataji.org\/test\/fr\/la-famille\/\">Read more<\/a><\/p>\n","protected":false},"author":7,"featured_media":9511,"parent":0,"menu_order":0,"comment_status":"closed","ping_status":"closed","template":"","meta":{"inline_featured_image":false,"footnotes":""},"class_list":["post-10741","page","type-page","status-publish","has-post-thumbnail","hentry"],"yoast_head":"<!-- This site is optimized with the Yoast SEO plugin v27.4 - https:\/\/yoast.com\/product\/yoast-seo-wordpress\/ -->\n<title>La famille - TEST - SMND<\/title>\n<meta name=\"robots\" content=\"noindex, follow, max-snippet:-1, max-image-preview:large, max-video-preview:-1\" \/>\n<meta property=\"og:locale\" content=\"en_US\" \/>\n<meta property=\"og:type\" content=\"article\" \/>\n<meta property=\"og:title\" content=\"La famille - TEST - SMND\" \/>\n<meta property=\"og:description\" content=\"La famille An Enlightened Upbringing Shri Mataji, de son nom Nirmala Salve, est n\u00e9e dans une famille illustre descendant de la dynastie indienne du roi Shalivahan. Le caract\u00e8re de cette famille exceptionnelle s&#8217;est transmis de g\u00e9n\u00e9rations en g\u00e9n\u00e9rations, tout comme l&#8217;adh\u00e9sion \u00e0 des id\u00e9aux moraux et \u00e9thiques tr\u00e8s \u00e9lev\u00e9s. Par exemple, un des anc\u00eatres de&hellip; Read more\" \/>\n<meta property=\"og:url\" content=\"https:\/\/shrimataji.org\/test\/fr\/la-famille\/\" \/>\n<meta property=\"og:site_name\" content=\"TEST - SMND\" \/>\n<meta property=\"article:publisher\" content=\"https:\/\/www.facebook.com\/shrimataji\" \/>\n<meta property=\"article:modified_time\" content=\"2026-02-15T16:28:51+00:00\" \/>\n<meta property=\"og:image\" content=\"https:\/\/shrimataji.org\/test\/wp-content\/uploads\/2023\/03\/6_Banner-Family-scaled.jpg\" \/>\n\t<meta property=\"og:image:width\" content=\"2560\" \/>\n\t<meta property=\"og:image:height\" content=\"905\" \/>\n\t<meta property=\"og:image:type\" content=\"image\/jpeg\" \/>\n<meta name=\"twitter:card\" content=\"summary_large_image\" \/>\n<meta name=\"twitter:site\" content=\"@shrimataji\" \/>\n<meta name=\"twitter:label1\" content=\"Est. reading time\" \/>\n\t<meta name=\"twitter:data1\" content=\"2 minutes\" \/>\n<script type=\"application\/ld+json\" class=\"yoast-schema-graph\">{\"@context\":\"https:\\\/\\\/schema.org\",\"@graph\":[{\"@type\":\"WebPage\",\"@id\":\"https:\\\/\\\/shrimataji.org\\\/test\\\/fr\\\/la-famille\\\/\",\"url\":\"https:\\\/\\\/shrimataji.org\\\/test\\\/fr\\\/la-famille\\\/\",\"name\":\"La famille - TEST - SMND\",\"isPartOf\":{\"@id\":\"https:\\\/\\\/shrimataji.org\\\/test\\\/#website\"},\"primaryImageOfPage\":{\"@id\":\"https:\\\/\\\/shrimataji.org\\\/test\\\/fr\\\/la-famille\\\/#primaryimage\"},\"image\":{\"@id\":\"https:\\\/\\\/shrimataji.org\\\/test\\\/fr\\\/la-famille\\\/#primaryimage\"},\"thumbnailUrl\":\"https:\\\/\\\/shrimataji.org\\\/test\\\/wp-content\\\/uploads\\\/2023\\\/03\\\/6_Banner-Family-scaled.jpg\",\"datePublished\":\"2018-07-10T06:54:42+00:00\",\"dateModified\":\"2026-02-15T16:28:51+00:00\",\"breadcrumb\":{\"@id\":\"https:\\\/\\\/shrimataji.org\\\/test\\\/fr\\\/la-famille\\\/#breadcrumb\"},\"inLanguage\":\"en-US\",\"potentialAction\":[{\"@type\":\"ReadAction\",\"target\":[\"https:\\\/\\\/shrimataji.org\\\/test\\\/fr\\\/la-famille\\\/\"]}]},{\"@type\":\"ImageObject\",\"inLanguage\":\"en-US\",\"@id\":\"https:\\\/\\\/shrimataji.org\\\/test\\\/fr\\\/la-famille\\\/#primaryimage\",\"url\":\"https:\\\/\\\/shrimataji.org\\\/test\\\/wp-content\\\/uploads\\\/2023\\\/03\\\/6_Banner-Family-scaled.jpg\",\"contentUrl\":\"https:\\\/\\\/shrimataji.org\\\/test\\\/wp-content\\\/uploads\\\/2023\\\/03\\\/6_Banner-Family-scaled.jpg\",\"width\":2560,\"height\":905},{\"@type\":\"BreadcrumbList\",\"@id\":\"https:\\\/\\\/shrimataji.org\\\/test\\\/fr\\\/la-famille\\\/#breadcrumb\",\"itemListElement\":[{\"@type\":\"ListItem\",\"position\":1,\"name\":\"Home\",\"item\":\"https:\\\/\\\/shrimataji.org\\\/test\\\/uk\\\/home-en\\\/\"},{\"@type\":\"ListItem\",\"position\":2,\"name\":\"La famille\"}]},{\"@type\":\"WebSite\",\"@id\":\"https:\\\/\\\/shrimataji.org\\\/test\\\/#website\",\"url\":\"https:\\\/\\\/shrimataji.org\\\/test\\\/\",\"name\":\"Shri Mataji Nirmala Devi\",\"description\":\"A Life Dedicated to Humanity\",\"publisher\":{\"@id\":\"https:\\\/\\\/shrimataji.org\\\/test\\\/#\\\/schema\\\/person\\\/a1b3419c6585f164aa96da1ff85715d1\"},\"potentialAction\":[{\"@type\":\"SearchAction\",\"target\":{\"@type\":\"EntryPoint\",\"urlTemplate\":\"https:\\\/\\\/shrimataji.org\\\/test\\\/?s={search_term_string}\"},\"query-input\":{\"@type\":\"PropertyValueSpecification\",\"valueRequired\":true,\"valueName\":\"search_term_string\"}}],\"inLanguage\":\"en-US\"},{\"@type\":[\"Person\",\"Organization\"],\"@id\":\"https:\\\/\\\/shrimataji.org\\\/test\\\/#\\\/schema\\\/person\\\/a1b3419c6585f164aa96da1ff85715d1\",\"name\":\"Nirmala Shrivastava\",\"image\":{\"@type\":\"ImageObject\",\"inLanguage\":\"en-US\",\"@id\":\"https:\\\/\\\/shrimataji.org\\\/test\\\/wp-content\\\/uploads\\\/2023\\\/02\\\/SMO_LOGO-03.svg\",\"url\":\"https:\\\/\\\/shrimataji.org\\\/test\\\/wp-content\\\/uploads\\\/2023\\\/02\\\/SMO_LOGO-03.svg\",\"contentUrl\":\"https:\\\/\\\/shrimataji.org\\\/test\\\/wp-content\\\/uploads\\\/2023\\\/02\\\/SMO_LOGO-03.svg\",\"width\":\"1024\",\"height\":\"1024\",\"caption\":\"Nirmala Shrivastava\"},\"logo\":{\"@id\":\"https:\\\/\\\/shrimataji.org\\\/test\\\/wp-content\\\/uploads\\\/2023\\\/02\\\/SMO_LOGO-03.svg\"},\"sameAs\":[\"https:\\\/\\\/shrimataji.org\\\/test\",\"https:\\\/\\\/www.facebook.com\\\/shrimataji\",\"https:\\\/\\\/x.com\\\/shrimataji\",\"https:\\\/\\\/www.youtube.com\\\/@Shri_Mataji_Nirmala_Devi\\\/featured\"]}]}<\/script>\n<!-- \/ Yoast SEO plugin. -->","yoast_head_json":{"title":"La famille - TEST - SMND","robots":{"index":"noindex","follow":"follow","max-snippet":"max-snippet:-1","max-image-preview":"max-image-preview:large","max-video-preview":"max-video-preview:-1"},"og_locale":"en_US","og_type":"article","og_title":"La famille - TEST - SMND","og_description":"La famille An Enlightened Upbringing Shri Mataji, de son nom Nirmala Salve, est n\u00e9e dans une famille illustre descendant de la dynastie indienne du roi Shalivahan. Le caract\u00e8re de cette famille exceptionnelle s&#8217;est transmis de g\u00e9n\u00e9rations en g\u00e9n\u00e9rations, tout comme l&#8217;adh\u00e9sion \u00e0 des id\u00e9aux moraux et \u00e9thiques tr\u00e8s \u00e9lev\u00e9s. Par exemple, un des anc\u00eatres de&hellip; Read more","og_url":"https:\/\/shrimataji.org\/test\/fr\/la-famille\/","og_site_name":"TEST - SMND","article_publisher":"https:\/\/www.facebook.com\/shrimataji","article_modified_time":"2026-02-15T16:28:51+00:00","og_image":[{"width":2560,"height":905,"url":"https:\/\/shrimataji.org\/test\/wp-content\/uploads\/2023\/03\/6_Banner-Family-scaled.jpg","type":"image\/jpeg"}],"twitter_card":"summary_large_image","twitter_site":"@shrimataji","twitter_misc":{"Est. reading time":"2 minutes"},"schema":{"@context":"https:\/\/schema.org","@graph":[{"@type":"WebPage","@id":"https:\/\/shrimataji.org\/test\/fr\/la-famille\/","url":"https:\/\/shrimataji.org\/test\/fr\/la-famille\/","name":"La famille - TEST - SMND","isPartOf":{"@id":"https:\/\/shrimataji.org\/test\/#website"},"primaryImageOfPage":{"@id":"https:\/\/shrimataji.org\/test\/fr\/la-famille\/#primaryimage"},"image":{"@id":"https:\/\/shrimataji.org\/test\/fr\/la-famille\/#primaryimage"},"thumbnailUrl":"https:\/\/shrimataji.org\/test\/wp-content\/uploads\/2023\/03\/6_Banner-Family-scaled.jpg","datePublished":"2018-07-10T06:54:42+00:00","dateModified":"2026-02-15T16:28:51+00:00","breadcrumb":{"@id":"https:\/\/shrimataji.org\/test\/fr\/la-famille\/#breadcrumb"},"inLanguage":"en-US","potentialAction":[{"@type":"ReadAction","target":["https:\/\/shrimataji.org\/test\/fr\/la-famille\/"]}]},{"@type":"ImageObject","inLanguage":"en-US","@id":"https:\/\/shrimataji.org\/test\/fr\/la-famille\/#primaryimage","url":"https:\/\/shrimataji.org\/test\/wp-content\/uploads\/2023\/03\/6_Banner-Family-scaled.jpg","contentUrl":"https:\/\/shrimataji.org\/test\/wp-content\/uploads\/2023\/03\/6_Banner-Family-scaled.jpg","width":2560,"height":905},{"@type":"BreadcrumbList","@id":"https:\/\/shrimataji.org\/test\/fr\/la-famille\/#breadcrumb","itemListElement":[{"@type":"ListItem","position":1,"name":"Home","item":"https:\/\/shrimataji.org\/test\/uk\/home-en\/"},{"@type":"ListItem","position":2,"name":"La famille"}]},{"@type":"WebSite","@id":"https:\/\/shrimataji.org\/test\/#website","url":"https:\/\/shrimataji.org\/test\/","name":"Shri Mataji Nirmala Devi","description":"A Life Dedicated to Humanity","publisher":{"@id":"https:\/\/shrimataji.org\/test\/#\/schema\/person\/a1b3419c6585f164aa96da1ff85715d1"},"potentialAction":[{"@type":"SearchAction","target":{"@type":"EntryPoint","urlTemplate":"https:\/\/shrimataji.org\/test\/?s={search_term_string}"},"query-input":{"@type":"PropertyValueSpecification","valueRequired":true,"valueName":"search_term_string"}}],"inLanguage":"en-US"},{"@type":["Person","Organization"],"@id":"https:\/\/shrimataji.org\/test\/#\/schema\/person\/a1b3419c6585f164aa96da1ff85715d1","name":"Nirmala Shrivastava","image":{"@type":"ImageObject","inLanguage":"en-US","@id":"https:\/\/shrimataji.org\/test\/wp-content\/uploads\/2023\/02\/SMO_LOGO-03.svg","url":"https:\/\/shrimataji.org\/test\/wp-content\/uploads\/2023\/02\/SMO_LOGO-03.svg","contentUrl":"https:\/\/shrimataji.org\/test\/wp-content\/uploads\/2023\/02\/SMO_LOGO-03.svg","width":"1024","height":"1024","caption":"Nirmala Shrivastava"},"logo":{"@id":"https:\/\/shrimataji.org\/test\/wp-content\/uploads\/2023\/02\/SMO_LOGO-03.svg"},"sameAs":["https:\/\/shrimataji.org\/test","https:\/\/www.facebook.com\/shrimataji","https:\/\/x.com\/shrimataji","https:\/\/www.youtube.com\/@Shri_Mataji_Nirmala_Devi\/featured"]}]}},"lang":"fr","translations":{"fr":10741},"pll_sync_post":[],"_links":{"self":[{"href":"https:\/\/shrimataji.org\/test\/wp-json\/wp\/v2\/pages\/10741","targetHints":{"allow":["GET"]}}],"collection":[{"href":"https:\/\/shrimataji.org\/test\/wp-json\/wp\/v2\/pages"}],"about":[{"href":"https:\/\/shrimataji.org\/test\/wp-json\/wp\/v2\/types\/page"}],"author":[{"embeddable":true,"href":"https:\/\/shrimataji.org\/test\/wp-json\/wp\/v2\/users\/7"}],"replies":[{"embeddable":true,"href":"https:\/\/shrimataji.org\/test\/wp-json\/wp\/v2\/comments?post=10741"}],"version-history":[{"count":0,"href":"https:\/\/shrimataji.org\/test\/wp-json\/wp\/v2\/pages\/10741\/revisions"}],"wp:featuredmedia":[{"embeddable":true,"href":"https:\/\/shrimataji.org\/test\/wp-json\/wp\/v2\/media\/9511"}],"wp:attachment":[{"href":"https:\/\/shrimataji.org\/test\/wp-json\/wp\/v2\/media?parent=10741"}],"curies":[{"name":"wp","href":"https:\/\/api.w.org\/{rel}","templated":true}]}}