{"id":10759,"date":"2022-01-29T10:17:23","date_gmt":"2022-01-29T10:17:23","guid":{"rendered":"https:\/\/test.shrimataji.org\/?page_id=6401"},"modified":"2026-02-15T17:03:48","modified_gmt":"2026-02-15T17:03:48","slug":"la-kundalini","status":"publish","type":"page","link":"https:\/\/shrimataji.org\/test\/fr\/la-kundalini\/","title":{"rendered":"La Kundalini"},"content":{"rendered":"\n\n\t<h1>La Kundalini<\/h1>\n<h2>La puissance de l&#8217;amour et de l&#8217;\u00e9volution<\/h2>\n\t<div class=\"su-quote su-quote-style-default\"><div class=\"su-quote-inner su-u-clearfix su-u-trim\">J&#8217;ai vu la Kundalini primordiale s&#8217;\u00e9lever comme un grand fourneau, et ce fourneau \u00e9tait tr\u00e8s silencieux, mais il semblait br\u00fbler, comme lorsque l&#8217;on chauffe du m\u00e9tal et qu&#8217;il prend diff\u00e9rentes couleurs. De la m\u00eame mani\u00e8re, la Kundalini apparaissait comme un immense fourneau, disons, un fourneau qui ressemble \u00e0 un tunnel, o\u00f9 l&#8217;on voit ces plantes que l&#8217;on utilise pour br\u00fbler du charbon afin de produire de l&#8217;\u00e9lectricit\u00e9 ; et elle s&#8217;\u00e9tirait comme un t\u00e9lescope, un maillon apr\u00e8s l&#8217;autre, elle jaillissait &#8211; clac, clac, clac &#8211; comme \u00e7a.<\/div><\/div>\n\t<h4>L&#8217;exp\u00e9rience spirituelle de Shri Mataji concernant l&#8217;\u00e9veil de la Kundalini et son fonctionnement complexe dans notre syst\u00e8me subtil est devenue le fondement de la m\u00e9ditation Sahaja Yoga, qu&#8217;elle a diffus\u00e9e dans le monde entier. En tant que ma\u00eetre absolu et autorit\u00e9 dans ce domaine, elle d\u00e9crit en d\u00e9tail comment la Kundalini entre \u00e0 un stade tr\u00e8s pr\u00e9coce de la formation f\u0153tale. Elle nous explique sa nature divine et les raisons pour lesquelles cette puissante force divine d&#8217;amour respecte notre libert\u00e9 et n&#8217;interf\u00e8re pas avec notre libre arbitre.<\/h4>\n<p>Seul notre d\u00e9sir pur de faire l&#8217;exp\u00e9rience de la v\u00e9rit\u00e9 absolue d\u00e9clenche l&#8217;\u00e9veil de ce pouvoir spirituel dans notre conscience et nous conduit \u00e0 la R\u00e9alisation du Soi.<\/p>\n\t<p>Dans chaque \u00eatre humain, il existe une forme subtile et f\u00e9minine d&#8217;\u00e9nergie spirituelle situ\u00e9e dans le sacrum, le grand os triangulaire \u00e0 la base de la colonne vert\u00e9brale. Cette \u00e9nergie f\u00e9minine est connue en sanskrit sous le nom de Kundalini, qui signifie &#8216;enroul\u00e9e&#8217;, car elle est enroul\u00e9e en trois spirales et demie. Lorsque la Kundalini est \u00e9veill\u00e9e, elle monte le long de la colonne vert\u00e9brale et traverse nos centres \u00e9nerg\u00e9tiques, les <a href=\"https:\/\/shrimataji.org\/test\/fr\/chakras-et-qualites\/\" target=\"_blank\" rel=\"noopener\"><u>chakras<\/u><\/a>, pour \u00e9merger par la fontanelle, la partie molle du cr\u00e2ne des b\u00e9b\u00e9s. Lorsque la Kundalini traverse cette zone, nous la ressentons comme une douce brise fra\u00eeche, comme si elle jaillissait d&#8217;une fontaine. Il est int\u00e9ressant de noter que le nom &#8216;fontanelle&#8217; vient du grecque et signifie &#8216;petite fontaine&#8217;.<\/p>\n<p>La Kundalini est le reflet de la puissance \u00e9ternelle de l&#8217;amour de Dieu, source de toute cr\u00e9ation. C&#8217;est la force universelle qui pense, comprend, coordonne, fait fonctionner et d\u00e9veloppe tout selon un sch\u00e9ma harmonieux, des plus petites particules atomiques aux formes de vie unicellulaires.<\/p>\n<figure itemscope itemtype=\"https:\/\/schema.org\/ImageObject\">\n\t\t\t\t<img decoding=\"async\" src=\"https:\/\/shrimataji.org\/test\/wp-content\/uploads\/2023\/02\/1a-Kundalini-01.png\" alt=\"1a-Kundalini-01\" height=\"3426\" width=\"3214\" title=\"1a-Kundalini-01\" onerror=\"this.style.display='none'\" loading=\"lazy\" \/>\n\t<\/figure>\n<figure itemscope itemtype=\"https:\/\/schema.org\/ImageObject\">\n\t\t\t\t<img decoding=\"async\" src=\"https:\/\/shrimataji.org\/test\/wp-content\/uploads\/2023\/02\/Sacrum-1-scaled.jpg\" alt=\"Sacrum\" height=\"2225\" width=\"2560\" title=\"Sacrum\" onerror=\"this.style.display='none'\" loading=\"lazy\" \/>\n\t<\/figure>\n\t<p>Shri Mataji a soulign\u00e9 que, bien que la connaissance de la Kundalini ait \u00e9t\u00e9 gard\u00e9e secr\u00e8te dans certaines sectes de traditions yogiques, telles que les Natha anthis, il existe de nombreuses r\u00e9f\u00e9rences \u00e0 cette \u00e9nergie dans de nombreuses cultures et traditions anciennes. Parmi celles-ci, on trouve des r\u00e9f\u00e9rences anciennes au sacrum o\u00f9 r\u00e9side la Kundalini, qui signifie &#8216;os sacr\u00e9&#8217; venant du grec ancien &#8216;Hieron osteon&#8217;. Il existe \u00e9galement des r\u00e9f\u00e9rences \u00e0 la culture \u00e9gyptienne antique, qui consid\u00e9rait cet os comme sacr\u00e9 pour Osiris, le dieu de la r\u00e9surrection et de l&#8217;agriculture. On trouve \u00e9galement une r\u00e9f\u00e9rence \u00e0 cet os sacr\u00e9 dans la Bible, dans le Psaume 34:20 : &#8220;Il prot\u00e8ge tous ses os, aucun n&#8217;est bris\u00e9.&#8221; De nombreuses \u0153uvres d&#8217;art anciennes repr\u00e9sentent la forme en spirale \u00e0 trois tours et demie de la Kundalini. Tout cela indique que tout au long de l&#8217;histoire, les gens ont \u00e9t\u00e9 inconsciemment guid\u00e9s par cette force subtile.<\/p>\n\t<div class=\"epyt-video-wrapper\"><div  data-ep-a=\"fadeIn\"  style=\"display: block; margin: 0px auto;\"  id=\"_ytid_98205\"  width=\"3840\" height=\"2160\"  data-origwidth=\"3840\" data-origheight=\"2160\" data-facadesrc=\"https:\/\/www.youtube.com\/embed\/d9vKBI_X_QY?enablejsapi=1&autoplay=0&cc_load_policy=0&cc_lang_pref=&iv_load_policy=1&loop=0&rel=0&fs=1&playsinline=1&autohide=2&theme=dark&color=red&controls=1&disablekb=0&\" class=\"__youtube_prefs__ epyt-facade  no-lazyload\" data-epautoplay=\"1\" ><img decoding=\"async\" data-spai-excluded=\"true\" class=\"epyt-facade-poster skip-lazy\" loading=\"lazy\"  alt=\"YouTube player\"  src=\"https:\/\/i.ytimg.com\/vi\/d9vKBI_X_QY\/maxresdefault.jpg\"  \/><button class=\"epyt-facade-play\" aria-label=\"Play\"><svg data-no-lazy=\"1\" height=\"100%\" version=\"1.1\" viewBox=\"0 0 68 48\" width=\"100%\"><path class=\"ytp-large-play-button-bg\" d=\"M66.52,7.74c-0.78-2.93-2.49-5.41-5.42-6.19C55.79,.13,34,0,34,0S12.21,.13,6.9,1.55 C3.97,2.33,2.27,4.81,1.48,7.74C0.06,13.05,0,24,0,24s0.06,10.95,1.48,16.26c0.78,2.93,2.49,5.41,5.42,6.19 C12.21,47.87,34,48,34,48s21.79-0.13,27.1-1.55c2.93-0.78,4.64-3.26,5.42-6.19C67.94,34.95,68,24,68,24S67.94,13.05,66.52,7.74z\" fill=\"#f00\"><\/path><path d=\"M 45,24 27,14 27,34\" fill=\"#fff\"><\/path><\/svg><\/button><\/div><\/div><span itemprop=\"video\" itemscope itemtype=\"http:\/\/schema.org\/VideoObject\"><meta itemprop=\"embedUrl\" content=\"https:\/\/www.youtube.com\/embed\/d9vKBI_X_QY\"><meta itemprop=\"name\" content=\"Kundalini, the pure desire\"><meta itemprop=\"description\" content=\"YouTube video\"><meta itemprop=\"thumbnailUrl\" content=\"https:\/\/i.ytimg.com\/vi\/d9vKBI_X_QY\/0.jpg\"><meta itemprop=\"duration\" content=\"PT3M57S\"><meta itemprop=\"uploadDate\" content=\"2022-11-12T03:31:46Z\"><\/span>\n\t<p>Shri Mataji a clarifi\u00e9 de nombreuses id\u00e9es fausses selon lesquelles l&#8217;\u00e9veil de la Kundalini serait dangereux ou nuisible. Elle a donn\u00e9 une analogie claire entre la Kundalini et notre m\u00e8re spirituelle qui nous accompagne tout au long de notre vie, \u00e0 travers de nombreuses renaissances, et qui attend patiemment que nous d\u00e9sirions atteindre la R\u00e9alisation du Soi. M\u00eame dans le r\u00e8gne animal, aucune m\u00e8re ne fait de mal \u00e0 son enfant. Au contraire, c&#8217;est la m\u00e8re qui prot\u00e8ge, nourrit et soutient l&#8217;enfant afin qu&#8217;il puisse atteindre son plein potentiel \u00e9volutif.<\/p>\n<p>&nbsp;<\/p>\n<h5>&#8220;<strong>Sans forme mais compl\u00e8te, existant avant le ciel et la terre. Silencieuse et illimit\u00e9e, seule et immuable. Omnipr\u00e9sente, mais infatigable. Elle est la M\u00e8re de toutes choses sous le ciel. Je ne connais pas son nom, alors je l&#8217;appelle Tao<\/strong>.&#8221;<\/h5>\n<h5>Lao Tseu &#8211; Tao Te King<\/h5>\n<p>Cette exp\u00e9rience mystique de la Kundalini a \u00e9t\u00e9 d\u00e9crite par de nombreux saints indiens tels que Adi Shankaracharya (700 apr\u00e8s J.-C.), Kabir (1400 apr\u00e8s J.-C.) et Jnanadeva (1200 apr\u00e8s J.-C.), entre autres.<\/p>\n<p>L&#8217;\u00e9nergie Kundalini est g\u00e9n\u00e9ralement en sommeil. Le but de la R\u00e9alisation de Soi est d&#8217;\u00e9veiller cette \u00e9nergie afin que ses qualit\u00e9s se manifestent. Elle peut \u00eatre \u00e9veill\u00e9e par notre pouvoir de d\u00e9sir pur &#8211; le d\u00e9sir de conna\u00eetre notre vrai soi, notre Esprit. Notre vrai soi est souvent cach\u00e9 par nos propres pens\u00e9es et \u00e9motions, mais lorsque la Kundalini s&#8217;\u00e9l\u00e8ve, elle nous am\u00e8ne spontan\u00e9ment dans un \u00e9tat de m\u00e9ditation permettant \u00e0 notre esprit pur de se manifester dans notre attention silencieuse. Ainsi, nous pouvons nous d\u00e9tacher de ces pens\u00e9es et \u00e9motions pour faire l&#8217;exp\u00e9rience de la joie pure et de la paix qui existent \u00e9ternellement en chacun de nous.<\/p>\n<h5>&#8220;<strong>En me d\u00e9tournant du mat\u00e9rialisme&#8230; je suis entr\u00e9 dans le ciel du mental et j&#8217;ai ouvert la dixi\u00e8me porte. Les chakras de l&#8217;\u00e9nergie Kundalini enroul\u00e9e ont \u00e9t\u00e9 ouverts et j&#8217;ai rencontr\u00e9 mon Seigneur Souverain sans crainte.<\/strong>&#8220;<\/h5>\n<h5>Saint Kabir<\/h5>\n<p>Les effets de la Kundalini peuvent \u00eatre ressentis sur le syst\u00e8me subtil, repr\u00e9sent\u00e9 au niveau physique par le syst\u00e8me nerveux central. Lorsque la Kundalini s&#8217;\u00e9l\u00e8ve, elle passe par les chakras correspondant aux principaux plexus nerveux situ\u00e9s le long de notre colonne vert\u00e9brale. Shri Mataji a expliqu\u00e9 que notre Kundalini peut \u00eatre imagin\u00e9e comme une corde compos\u00e9e de millions de brins. Lorsque nous recevons notre r\u00e9alisation du Soi pour la premi\u00e8re fois, seuls un ou deux brins trouvent leur chemin \u00e0 travers les chakras pour atteindre le Sahasrara, au sommet de la t\u00eate. Gr\u00e2ce \u00e0 la m\u00e9ditation quotidienne, de plus en plus de brins de la Kundalini s&#8217;\u00e9l\u00e8vent, renfor\u00e7ant notre connexion \u00e0 l&#8217;exp\u00e9rience de la m\u00e9ditation, qui s&#8217;approfondit, devenant plus intense et plus heureuse.<\/p>\n<div class=\"su-quote su-quote-style-default\"><div class=\"su-quote-inner su-u-clearfix su-u-trim\">Maintenant, le probl\u00e8me est de savoir comment \u00e9liminer les pens\u00e9es de votre mental. Les pens\u00e9es sont pr\u00e9sentes dans votre mental \u00e0 tout moment&#8230; mais lorsque la Kundalini s&#8217;\u00e9l\u00e8ve, ces pens\u00e9es s&#8217;allongent&#8230; et il y a un espace entre les pens\u00e9es, et cet espace est le lieu de la paix. Si vous parvenez \u00e0 cette paix, la paix mondiale peut \u00eatre obtenue. Ce n&#8217;est pas en brandissant des pancartes et en criant pour la paix que vous \u00e9tablirez la paix. La paix doit venir du c\u0153ur des \u00eatres humains. Dans le c\u0153ur des \u00eatres humains, la paix ne peut \u00eatre \u00e9tablie que lorsque vous \u00e9tablissez l&#8217;Esprit en son centre, o\u00f9 il manifeste la f\u00e9licit\u00e9 de la paix. Lorsque vous commencez \u00e0 profiter de la f\u00e9licit\u00e9 de la paix, vous ne voulez plus de guerres, vous ne pensez plus \u00e0 la guerre, et c&#8217;est l&#8217;\u00e9tat vers lequel les \u00eatres humains doivent maintenant s&#8217;\u00e9lever. <\/div><\/div>\n\n","protected":false},"excerpt":{"rendered":"<p>La Kundalini La puissance de l&#8217;amour et de l&#8217;\u00e9volution L&#8217;exp\u00e9rience spirituelle de Shri Mataji concernant l&#8217;\u00e9veil de la Kundalini et son fonctionnement complexe dans notre syst\u00e8me subtil est devenue le fondement de la m\u00e9ditation Sahaja Yoga, qu&#8217;elle a diffus\u00e9e dans le monde entier. En tant que ma\u00eetre absolu et autorit\u00e9 dans ce domaine, elle d\u00e9crit&hellip; <br \/> <a class=\"read-more\" href=\"https:\/\/shrimataji.org\/test\/fr\/la-kundalini\/\">Read more<\/a><\/p>\n","protected":false},"author":7,"featured_media":9244,"parent":0,"menu_order":0,"comment_status":"closed","ping_status":"closed","template":"","meta":{"inline_featured_image":false,"footnotes":"","advanced-sidebar-menu\/link-title":"","advanced-sidebar-menu\/exclude-page":false},"class_list":["post-10759","page","type-page","status-publish","has-post-thumbnail","hentry"],"yoast_head":"<!-- This site is optimized with the Yoast SEO plugin v27.4 - https:\/\/yoast.com\/product\/yoast-seo-wordpress\/ -->\n<title>La Kundalini - TEST - SMND<\/title>\n<meta name=\"robots\" content=\"noindex, follow, max-snippet:-1, max-image-preview:large, max-video-preview:-1\" \/>\n<meta property=\"og:locale\" content=\"en_US\" \/>\n<meta property=\"og:type\" content=\"article\" \/>\n<meta property=\"og:title\" content=\"La Kundalini - TEST - SMND\" \/>\n<meta property=\"og:description\" content=\"La Kundalini La puissance de l&#8217;amour et de l&#8217;\u00e9volution L&#8217;exp\u00e9rience spirituelle de Shri Mataji concernant l&#8217;\u00e9veil de la Kundalini et son fonctionnement complexe dans notre syst\u00e8me subtil est devenue le fondement de la m\u00e9ditation Sahaja Yoga, qu&#8217;elle a diffus\u00e9e dans le monde entier. En tant que ma\u00eetre absolu et autorit\u00e9 dans ce domaine, elle d\u00e9crit&hellip; Read more\" \/>\n<meta property=\"og:url\" content=\"https:\/\/shrimataji.org\/test\/fr\/la-kundalini\/\" \/>\n<meta property=\"og:site_name\" content=\"TEST - SMND\" \/>\n<meta property=\"article:publisher\" content=\"https:\/\/www.facebook.com\/shrimataji\" \/>\n<meta property=\"article:modified_time\" content=\"2026-02-15T17:03:48+00:00\" \/>\n<meta property=\"og:image\" content=\"https:\/\/shrimataji.org\/test\/wp-content\/uploads\/2023\/03\/9_Banner-SY-Kundalini-scaled.jpg\" \/>\n\t<meta property=\"og:image:width\" content=\"2560\" \/>\n\t<meta property=\"og:image:height\" content=\"905\" \/>\n\t<meta property=\"og:image:type\" content=\"image\/jpeg\" \/>\n<meta name=\"twitter:card\" content=\"summary_large_image\" \/>\n<meta name=\"twitter:site\" content=\"@shrimataji\" \/>\n<meta name=\"twitter:label1\" content=\"Est. reading time\" \/>\n\t<meta name=\"twitter:data1\" content=\"6 minutes\" \/>\n<script type=\"application\/ld+json\" class=\"yoast-schema-graph\">{\"@context\":\"https:\\\/\\\/schema.org\",\"@graph\":[{\"@type\":\"WebPage\",\"@id\":\"https:\\\/\\\/shrimataji.org\\\/test\\\/fr\\\/la-kundalini\\\/\",\"url\":\"https:\\\/\\\/shrimataji.org\\\/test\\\/fr\\\/la-kundalini\\\/\",\"name\":\"La Kundalini - TEST - SMND\",\"isPartOf\":{\"@id\":\"https:\\\/\\\/shrimataji.org\\\/test\\\/#website\"},\"primaryImageOfPage\":{\"@id\":\"https:\\\/\\\/shrimataji.org\\\/test\\\/fr\\\/la-kundalini\\\/#primaryimage\"},\"image\":{\"@id\":\"https:\\\/\\\/shrimataji.org\\\/test\\\/fr\\\/la-kundalini\\\/#primaryimage\"},\"thumbnailUrl\":\"https:\\\/\\\/shrimataji.org\\\/test\\\/wp-content\\\/uploads\\\/2023\\\/03\\\/9_Banner-SY-Kundalini-scaled.jpg\",\"datePublished\":\"2022-01-29T10:17:23+00:00\",\"dateModified\":\"2026-02-15T17:03:48+00:00\",\"breadcrumb\":{\"@id\":\"https:\\\/\\\/shrimataji.org\\\/test\\\/fr\\\/la-kundalini\\\/#breadcrumb\"},\"inLanguage\":\"en-US\",\"potentialAction\":[{\"@type\":\"ReadAction\",\"target\":[\"https:\\\/\\\/shrimataji.org\\\/test\\\/fr\\\/la-kundalini\\\/\"]}]},{\"@type\":\"ImageObject\",\"inLanguage\":\"en-US\",\"@id\":\"https:\\\/\\\/shrimataji.org\\\/test\\\/fr\\\/la-kundalini\\\/#primaryimage\",\"url\":\"https:\\\/\\\/shrimataji.org\\\/test\\\/wp-content\\\/uploads\\\/2023\\\/03\\\/9_Banner-SY-Kundalini-scaled.jpg\",\"contentUrl\":\"https:\\\/\\\/shrimataji.org\\\/test\\\/wp-content\\\/uploads\\\/2023\\\/03\\\/9_Banner-SY-Kundalini-scaled.jpg\",\"width\":2560,\"height\":905},{\"@type\":\"BreadcrumbList\",\"@id\":\"https:\\\/\\\/shrimataji.org\\\/test\\\/fr\\\/la-kundalini\\\/#breadcrumb\",\"itemListElement\":[{\"@type\":\"ListItem\",\"position\":1,\"name\":\"Home\",\"item\":\"https:\\\/\\\/shrimataji.org\\\/test\\\/uk\\\/home-en\\\/\"},{\"@type\":\"ListItem\",\"position\":2,\"name\":\"La Kundalini\"}]},{\"@type\":\"WebSite\",\"@id\":\"https:\\\/\\\/shrimataji.org\\\/test\\\/#website\",\"url\":\"https:\\\/\\\/shrimataji.org\\\/test\\\/\",\"name\":\"Shri Mataji Nirmala Devi\",\"description\":\"A Life Dedicated to Humanity\",\"publisher\":{\"@id\":\"https:\\\/\\\/shrimataji.org\\\/test\\\/#\\\/schema\\\/person\\\/a1b3419c6585f164aa96da1ff85715d1\"},\"potentialAction\":[{\"@type\":\"SearchAction\",\"target\":{\"@type\":\"EntryPoint\",\"urlTemplate\":\"https:\\\/\\\/shrimataji.org\\\/test\\\/?s={search_term_string}\"},\"query-input\":{\"@type\":\"PropertyValueSpecification\",\"valueRequired\":true,\"valueName\":\"search_term_string\"}}],\"inLanguage\":\"en-US\"},{\"@type\":[\"Person\",\"Organization\"],\"@id\":\"https:\\\/\\\/shrimataji.org\\\/test\\\/#\\\/schema\\\/person\\\/a1b3419c6585f164aa96da1ff85715d1\",\"name\":\"Nirmala Shrivastava\",\"image\":{\"@type\":\"ImageObject\",\"inLanguage\":\"en-US\",\"@id\":\"https:\\\/\\\/shrimataji.org\\\/test\\\/wp-content\\\/uploads\\\/2023\\\/02\\\/SMO_LOGO-03.svg\",\"url\":\"https:\\\/\\\/shrimataji.org\\\/test\\\/wp-content\\\/uploads\\\/2023\\\/02\\\/SMO_LOGO-03.svg\",\"contentUrl\":\"https:\\\/\\\/shrimataji.org\\\/test\\\/wp-content\\\/uploads\\\/2023\\\/02\\\/SMO_LOGO-03.svg\",\"width\":\"1024\",\"height\":\"1024\",\"caption\":\"Nirmala Shrivastava\"},\"logo\":{\"@id\":\"https:\\\/\\\/shrimataji.org\\\/test\\\/wp-content\\\/uploads\\\/2023\\\/02\\\/SMO_LOGO-03.svg\"},\"sameAs\":[\"https:\\\/\\\/shrimataji.org\\\/test\",\"https:\\\/\\\/www.facebook.com\\\/shrimataji\",\"https:\\\/\\\/x.com\\\/shrimataji\",\"https:\\\/\\\/www.youtube.com\\\/@Shri_Mataji_Nirmala_Devi\\\/featured\"]}]}<\/script>\n<!-- \/ Yoast SEO plugin. -->","yoast_head_json":{"title":"La Kundalini - TEST - SMND","robots":{"index":"noindex","follow":"follow","max-snippet":"max-snippet:-1","max-image-preview":"max-image-preview:large","max-video-preview":"max-video-preview:-1"},"og_locale":"en_US","og_type":"article","og_title":"La Kundalini - TEST - SMND","og_description":"La Kundalini La puissance de l&#8217;amour et de l&#8217;\u00e9volution L&#8217;exp\u00e9rience spirituelle de Shri Mataji concernant l&#8217;\u00e9veil de la Kundalini et son fonctionnement complexe dans notre syst\u00e8me subtil est devenue le fondement de la m\u00e9ditation Sahaja Yoga, qu&#8217;elle a diffus\u00e9e dans le monde entier. En tant que ma\u00eetre absolu et autorit\u00e9 dans ce domaine, elle d\u00e9crit&hellip; Read more","og_url":"https:\/\/shrimataji.org\/test\/fr\/la-kundalini\/","og_site_name":"TEST - SMND","article_publisher":"https:\/\/www.facebook.com\/shrimataji","article_modified_time":"2026-02-15T17:03:48+00:00","og_image":[{"width":2560,"height":905,"url":"https:\/\/shrimataji.org\/test\/wp-content\/uploads\/2023\/03\/9_Banner-SY-Kundalini-scaled.jpg","type":"image\/jpeg"}],"twitter_card":"summary_large_image","twitter_site":"@shrimataji","twitter_misc":{"Est. reading time":"6 minutes"},"schema":{"@context":"https:\/\/schema.org","@graph":[{"@type":"WebPage","@id":"https:\/\/shrimataji.org\/test\/fr\/la-kundalini\/","url":"https:\/\/shrimataji.org\/test\/fr\/la-kundalini\/","name":"La Kundalini - TEST - SMND","isPartOf":{"@id":"https:\/\/shrimataji.org\/test\/#website"},"primaryImageOfPage":{"@id":"https:\/\/shrimataji.org\/test\/fr\/la-kundalini\/#primaryimage"},"image":{"@id":"https:\/\/shrimataji.org\/test\/fr\/la-kundalini\/#primaryimage"},"thumbnailUrl":"https:\/\/shrimataji.org\/test\/wp-content\/uploads\/2023\/03\/9_Banner-SY-Kundalini-scaled.jpg","datePublished":"2022-01-29T10:17:23+00:00","dateModified":"2026-02-15T17:03:48+00:00","breadcrumb":{"@id":"https:\/\/shrimataji.org\/test\/fr\/la-kundalini\/#breadcrumb"},"inLanguage":"en-US","potentialAction":[{"@type":"ReadAction","target":["https:\/\/shrimataji.org\/test\/fr\/la-kundalini\/"]}]},{"@type":"ImageObject","inLanguage":"en-US","@id":"https:\/\/shrimataji.org\/test\/fr\/la-kundalini\/#primaryimage","url":"https:\/\/shrimataji.org\/test\/wp-content\/uploads\/2023\/03\/9_Banner-SY-Kundalini-scaled.jpg","contentUrl":"https:\/\/shrimataji.org\/test\/wp-content\/uploads\/2023\/03\/9_Banner-SY-Kundalini-scaled.jpg","width":2560,"height":905},{"@type":"BreadcrumbList","@id":"https:\/\/shrimataji.org\/test\/fr\/la-kundalini\/#breadcrumb","itemListElement":[{"@type":"ListItem","position":1,"name":"Home","item":"https:\/\/shrimataji.org\/test\/uk\/home-en\/"},{"@type":"ListItem","position":2,"name":"La Kundalini"}]},{"@type":"WebSite","@id":"https:\/\/shrimataji.org\/test\/#website","url":"https:\/\/shrimataji.org\/test\/","name":"Shri Mataji Nirmala Devi","description":"A Life Dedicated to Humanity","publisher":{"@id":"https:\/\/shrimataji.org\/test\/#\/schema\/person\/a1b3419c6585f164aa96da1ff85715d1"},"potentialAction":[{"@type":"SearchAction","target":{"@type":"EntryPoint","urlTemplate":"https:\/\/shrimataji.org\/test\/?s={search_term_string}"},"query-input":{"@type":"PropertyValueSpecification","valueRequired":true,"valueName":"search_term_string"}}],"inLanguage":"en-US"},{"@type":["Person","Organization"],"@id":"https:\/\/shrimataji.org\/test\/#\/schema\/person\/a1b3419c6585f164aa96da1ff85715d1","name":"Nirmala Shrivastava","image":{"@type":"ImageObject","inLanguage":"en-US","@id":"https:\/\/shrimataji.org\/test\/wp-content\/uploads\/2023\/02\/SMO_LOGO-03.svg","url":"https:\/\/shrimataji.org\/test\/wp-content\/uploads\/2023\/02\/SMO_LOGO-03.svg","contentUrl":"https:\/\/shrimataji.org\/test\/wp-content\/uploads\/2023\/02\/SMO_LOGO-03.svg","width":"1024","height":"1024","caption":"Nirmala Shrivastava"},"logo":{"@id":"https:\/\/shrimataji.org\/test\/wp-content\/uploads\/2023\/02\/SMO_LOGO-03.svg"},"sameAs":["https:\/\/shrimataji.org\/test","https:\/\/www.facebook.com\/shrimataji","https:\/\/x.com\/shrimataji","https:\/\/www.youtube.com\/@Shri_Mataji_Nirmala_Devi\/featured"]}]}},"lang":"fr","translations":{"fr":10759,"am":18025,"th":19981,"hu":19505,"be":6401,"sq":18426,"zh":17323,"hi":8293,"tr":10175,"pt":10387,"de":10661,"it":10857,"es":10954,"ja":11251,"ru":11439,"bn":11631,"te":11739,"sw":11862,"he":12010,"el":12302,"sk":12400,"fa":12498,"fi":12596,"bg":13390,"ro":14464,"cs":14657,"nl":16586,"ku":16746,"ar":16922,"kn":18907,"mr":20345,"uk":20637,"ml":20932,"ta":22744,"sv":23016,"gu":28858,"pa":29018},"pll_sync_post":[],"_links":{"self":[{"href":"https:\/\/shrimataji.org\/test\/wp-json\/wp\/v2\/pages\/10759","targetHints":{"allow":["GET"]}}],"collection":[{"href":"https:\/\/shrimataji.org\/test\/wp-json\/wp\/v2\/pages"}],"about":[{"href":"https:\/\/shrimataji.org\/test\/wp-json\/wp\/v2\/types\/page"}],"author":[{"embeddable":true,"href":"https:\/\/shrimataji.org\/test\/wp-json\/wp\/v2\/users\/7"}],"replies":[{"embeddable":true,"href":"https:\/\/shrimataji.org\/test\/wp-json\/wp\/v2\/comments?post=10759"}],"version-history":[{"count":0,"href":"https:\/\/shrimataji.org\/test\/wp-json\/wp\/v2\/pages\/10759\/revisions"}],"wp:featuredmedia":[{"embeddable":true,"href":"https:\/\/shrimataji.org\/test\/wp-json\/wp\/v2\/media\/9244"}],"wp:attachment":[{"href":"https:\/\/shrimataji.org\/test\/wp-json\/wp\/v2\/media?parent=10759"}],"curies":[{"name":"wp","href":"https:\/\/api.w.org\/{rel}","templated":true}]}}