{"id":10763,"date":"2017-08-11T05:00:00","date_gmt":"2017-08-11T05:00:00","guid":{"rendered":"http:\/\/testwordpress.nirmalnagari.org\/smnd\/index.php\/legacy\/"},"modified":"2026-01-12T10:08:05","modified_gmt":"2026-01-12T10:08:05","slug":"heritage","status":"publish","type":"page","link":"https:\/\/shrimataji.org\/test\/fr\/heritage\/","title":{"rendered":"H\u00e9ritage"},"content":{"rendered":"\n\n\t<h1>H\u00e9ritage<\/h1>\n<h2>La transformation de l&#8217;individu \u00e0 la soci\u00e9t\u00e9, c&#8217;est notre patrimoine.<\/h2>\n\t<h4>Il existe des livres et des \u00e9coles, des cours de yoga et des centres de sant\u00e9, une acad\u00e9mie d&#8217;art et de musique et m\u00eame une maison pour les femmes les plus d\u00e9munies, mais l&#8217;h\u00e9ritage de Shri Mataji est bien plus que cela encore.<\/h4>\n<p>Aucun monument ni aucune organisation non gouvernementale ne pourraient d\u00e9montrer le v\u00e9ritable h\u00e9ritage de Shri Mataji Nirmala Devi; il va au-del\u00e0 de toutes ces choses.<\/p>\n<p>Shri Mataji n&#8217;a pas l\u00e9gu\u00e9 au monde une philosophie, une doctrine ou m\u00eame un syst\u00e8me de croyances, c&#8217;est quelque chose de singuli\u00e8rement extraordinaire: la R\u00e9alisation du Soi. L&#8217;\u00e9veil de cette \u00e9nergie spirituelle a litt\u00e9ralement la capacit\u00e9 de changer le monde par la transformation individuelle.<\/p>\n<p>Contrairement aux recommandations habituelles de transformation, celle-ci commence par une conscience intime et progressive de l&#8217;individu. Cette \u00e9tincelle de reconnaissance spirituelle est l&#8217;h\u00e9ritage que Shri Mataji a donn\u00e9 au monde.<\/p>\n<p>Gr\u00e2ce \u00e0 son travail, elle a cr\u00e9\u00e9 une communaut\u00e9 mondiale de pratiquants de Sahaja Yoga dans plus de 95 pays, tous unis par le d\u00e9sir d&#8217;\u00e9voluer et, ce faisant, de cr\u00e9er une possibilit\u00e9 de transformation \u00e0 une \u00e9chelle plus vaste.<\/p>\n\t\t\t\t<img decoding=\"async\" src=\"https:\/\/shrimataji.org\/test\/wp-content\/uploads\/2026\/01\/Fr_shri-mataji-nirmala-devi-in-daglio-italy-7th-july-2007.jpg\" alt=\"Shri Mataji \u00e0 Daglio, nord de l&#039;Italie, en 2007\" itemprop=\"image\" height=\"1800\" width=\"1200\" title=\"Fr_shri-mataji-nirmala-devi-in-daglio-italy-7th-july-2007\" onerror=\"this.style.display='none'\" loading=\"lazy\" \/>\n\t\tShri Mataji \u00e0 Daglio, nord de l&#8217;Italie, en 2007\n\t<p>Sa vision n&#8217;\u00e9tait pas de cr\u00e9er des institutions ou des mouvements, mais \u00e9tait centr\u00e9e sur l&#8217;individu, le Soi. Son message, c&#8217;est que seul le partage de la vraie spiritualit\u00e9 individuelle peut r\u00e9soudre les probl\u00e8mes mondiaux. En cela, la libert\u00e9 de l&#8217;individu est primordiale- il n&#8217;y a pas de dogme ni de doctrine avec Sahaja Yoga, mais simplement une prise de conscience \u00e9clair\u00e9e de ce qui convient au d\u00e9veloppement spirituel de chacun.<\/p>\n\t<div class=\"su-quote su-quote-style-default\"><div class=\"su-quote-inner su-u-clearfix su-u-trim\"> Les \u00e9quiper pour qu&#8217;ils puissent r\u00e9soudre leurs propres probl\u00e8mes, c&#8217;est ce que je dois faire &#8230; Vous devez \u00eatre votre propre docteur, votre propre gourou.<\/div><\/div>\n<p>&nbsp;<\/p>\n<p>En suscitant un changement tangible chez l&#8217;individu \u00e0 travers l&#8217;\u00e9veil de la Kundalini et de la m\u00e9ditation qui s&#8217;ensuit, elle a enseign\u00e9 comment atteindre une ambition plus grande que le succ\u00e8s ou le pouvoir mat\u00e9riel.<\/p>\n<p>&#8220;Nous devons r\u00e9aliser la paix int\u00e9rieure&#8221;, a-t-elle conseill\u00e9. Essayez de m\u00e9diter. M\u00e9ditez afin d&#8217;atteindre votre \u00eatre int\u00e9rieur. Cet \u00eatre int\u00e9rieur est un vaste oc\u00e9an de f\u00e9licit\u00e9 !<\/p>\n\t<div class=\"su-quote su-quote-style-default\"><div class=\"su-quote-inner su-u-clearfix su-u-trim\">Nous devons montrer les r\u00e9sultats de l&#8217;\u00e9veil de la kundalini &#8230; C&#8217;est pour le monde entier. Voil\u00e0 ce qu&#8217;est ma vision.<\/div><\/div>\n\t<p>Son h\u00e9ritage de transformation par la R\u00e9alisation du Soi continue de toucher la vie de millions de personnes qui, gr\u00e2ce \u00e0 la pratique de la m\u00e9ditation Sahaja Yoga, atteignent la paix int\u00e9rieure et la libert\u00e9 de vivre en harmonie les uns avec les autres et avec M\u00e8re Nature.<\/p>\n\n","protected":false},"excerpt":{"rendered":"<p>H\u00e9ritage La transformation de l&#8217;individu \u00e0 la soci\u00e9t\u00e9, c&#8217;est notre patrimoine. Il existe des livres et des \u00e9coles, des cours de yoga et des centres de sant\u00e9, une acad\u00e9mie d&#8217;art et de musique et m\u00eame une maison pour les femmes les plus d\u00e9munies, mais l&#8217;h\u00e9ritage de Shri Mataji est bien plus que cela encore. Aucun&hellip; <br \/> <a class=\"read-more\" href=\"https:\/\/shrimataji.org\/test\/fr\/heritage\/\">Read more<\/a><\/p>\n","protected":false},"author":7,"featured_media":17085,"parent":0,"menu_order":0,"comment_status":"closed","ping_status":"closed","template":"","meta":{"inline_featured_image":false,"footnotes":""},"class_list":["post-10763","page","type-page","status-publish","has-post-thumbnail","hentry"],"yoast_head":"<!-- This site is optimized with the Yoast SEO plugin v27.4 - https:\/\/yoast.com\/product\/yoast-seo-wordpress\/ -->\n<title>H\u00e9ritage - TEST - SMND<\/title>\n<meta name=\"robots\" content=\"noindex, follow, max-snippet:-1, max-image-preview:large, max-video-preview:-1\" \/>\n<meta property=\"og:locale\" content=\"en_US\" \/>\n<meta property=\"og:type\" content=\"article\" \/>\n<meta property=\"og:title\" content=\"H\u00e9ritage - TEST - SMND\" \/>\n<meta property=\"og:description\" content=\"H\u00e9ritage La transformation de l&#8217;individu \u00e0 la soci\u00e9t\u00e9, c&#8217;est notre patrimoine. Il existe des livres et des \u00e9coles, des cours de yoga et des centres de sant\u00e9, une acad\u00e9mie d&#8217;art et de musique et m\u00eame une maison pour les femmes les plus d\u00e9munies, mais l&#8217;h\u00e9ritage de Shri Mataji est bien plus que cela encore. Aucun&hellip; Read more\" \/>\n<meta property=\"og:url\" content=\"https:\/\/shrimataji.org\/test\/fr\/heritage\/\" \/>\n<meta property=\"og:site_name\" content=\"TEST - SMND\" \/>\n<meta property=\"article:publisher\" content=\"https:\/\/www.facebook.com\/shrimataji\" \/>\n<meta property=\"article:modified_time\" content=\"2026-01-12T10:08:05+00:00\" \/>\n<meta property=\"og:image\" content=\"https:\/\/shrimataji.org\/test\/wp-content\/uploads\/2024\/05\/teaching.jpg\" \/>\n\t<meta property=\"og:image:width\" content=\"1021\" \/>\n\t<meta property=\"og:image:height\" content=\"360\" \/>\n\t<meta property=\"og:image:type\" content=\"image\/jpeg\" \/>\n<meta name=\"twitter:card\" content=\"summary_large_image\" \/>\n<meta name=\"twitter:site\" content=\"@shrimataji\" \/>\n<meta name=\"twitter:label1\" content=\"Est. reading time\" \/>\n\t<meta name=\"twitter:data1\" content=\"3 minutes\" \/>\n<script type=\"application\/ld+json\" class=\"yoast-schema-graph\">{\"@context\":\"https:\\\/\\\/schema.org\",\"@graph\":[{\"@type\":\"WebPage\",\"@id\":\"https:\\\/\\\/shrimataji.org\\\/test\\\/fr\\\/heritage\\\/\",\"url\":\"https:\\\/\\\/shrimataji.org\\\/test\\\/fr\\\/heritage\\\/\",\"name\":\"H\u00e9ritage - TEST - SMND\",\"isPartOf\":{\"@id\":\"https:\\\/\\\/shrimataji.org\\\/test\\\/#website\"},\"primaryImageOfPage\":{\"@id\":\"https:\\\/\\\/shrimataji.org\\\/test\\\/fr\\\/heritage\\\/#primaryimage\"},\"image\":{\"@id\":\"https:\\\/\\\/shrimataji.org\\\/test\\\/fr\\\/heritage\\\/#primaryimage\"},\"thumbnailUrl\":\"https:\\\/\\\/shrimataji.org\\\/test\\\/wp-content\\\/uploads\\\/2024\\\/05\\\/teaching.jpg\",\"datePublished\":\"2017-08-11T05:00:00+00:00\",\"dateModified\":\"2026-01-12T10:08:05+00:00\",\"breadcrumb\":{\"@id\":\"https:\\\/\\\/shrimataji.org\\\/test\\\/fr\\\/heritage\\\/#breadcrumb\"},\"inLanguage\":\"en-US\",\"potentialAction\":[{\"@type\":\"ReadAction\",\"target\":[\"https:\\\/\\\/shrimataji.org\\\/test\\\/fr\\\/heritage\\\/\"]}]},{\"@type\":\"ImageObject\",\"inLanguage\":\"en-US\",\"@id\":\"https:\\\/\\\/shrimataji.org\\\/test\\\/fr\\\/heritage\\\/#primaryimage\",\"url\":\"https:\\\/\\\/shrimataji.org\\\/test\\\/wp-content\\\/uploads\\\/2024\\\/05\\\/teaching.jpg\",\"contentUrl\":\"https:\\\/\\\/shrimataji.org\\\/test\\\/wp-content\\\/uploads\\\/2024\\\/05\\\/teaching.jpg\",\"width\":1021,\"height\":360},{\"@type\":\"BreadcrumbList\",\"@id\":\"https:\\\/\\\/shrimataji.org\\\/test\\\/fr\\\/heritage\\\/#breadcrumb\",\"itemListElement\":[{\"@type\":\"ListItem\",\"position\":1,\"name\":\"Home\",\"item\":\"https:\\\/\\\/shrimataji.org\\\/test\\\/uk\\\/home-en\\\/\"},{\"@type\":\"ListItem\",\"position\":2,\"name\":\"H\u00e9ritage\"}]},{\"@type\":\"WebSite\",\"@id\":\"https:\\\/\\\/shrimataji.org\\\/test\\\/#website\",\"url\":\"https:\\\/\\\/shrimataji.org\\\/test\\\/\",\"name\":\"Shri Mataji Nirmala Devi\",\"description\":\"A Life Dedicated to Humanity\",\"publisher\":{\"@id\":\"https:\\\/\\\/shrimataji.org\\\/test\\\/#\\\/schema\\\/person\\\/a1b3419c6585f164aa96da1ff85715d1\"},\"potentialAction\":[{\"@type\":\"SearchAction\",\"target\":{\"@type\":\"EntryPoint\",\"urlTemplate\":\"https:\\\/\\\/shrimataji.org\\\/test\\\/?s={search_term_string}\"},\"query-input\":{\"@type\":\"PropertyValueSpecification\",\"valueRequired\":true,\"valueName\":\"search_term_string\"}}],\"inLanguage\":\"en-US\"},{\"@type\":[\"Person\",\"Organization\"],\"@id\":\"https:\\\/\\\/shrimataji.org\\\/test\\\/#\\\/schema\\\/person\\\/a1b3419c6585f164aa96da1ff85715d1\",\"name\":\"Nirmala Shrivastava\",\"image\":{\"@type\":\"ImageObject\",\"inLanguage\":\"en-US\",\"@id\":\"https:\\\/\\\/shrimataji.org\\\/test\\\/wp-content\\\/uploads\\\/2023\\\/02\\\/SMO_LOGO-03.svg\",\"url\":\"https:\\\/\\\/shrimataji.org\\\/test\\\/wp-content\\\/uploads\\\/2023\\\/02\\\/SMO_LOGO-03.svg\",\"contentUrl\":\"https:\\\/\\\/shrimataji.org\\\/test\\\/wp-content\\\/uploads\\\/2023\\\/02\\\/SMO_LOGO-03.svg\",\"width\":\"1024\",\"height\":\"1024\",\"caption\":\"Nirmala Shrivastava\"},\"logo\":{\"@id\":\"https:\\\/\\\/shrimataji.org\\\/test\\\/wp-content\\\/uploads\\\/2023\\\/02\\\/SMO_LOGO-03.svg\"},\"sameAs\":[\"https:\\\/\\\/shrimataji.org\\\/test\",\"https:\\\/\\\/www.facebook.com\\\/shrimataji\",\"https:\\\/\\\/x.com\\\/shrimataji\",\"https:\\\/\\\/www.youtube.com\\\/@Shri_Mataji_Nirmala_Devi\\\/featured\"]}]}<\/script>\n<!-- \/ Yoast SEO plugin. -->","yoast_head_json":{"title":"H\u00e9ritage - TEST - SMND","robots":{"index":"noindex","follow":"follow","max-snippet":"max-snippet:-1","max-image-preview":"max-image-preview:large","max-video-preview":"max-video-preview:-1"},"og_locale":"en_US","og_type":"article","og_title":"H\u00e9ritage - TEST - SMND","og_description":"H\u00e9ritage La transformation de l&#8217;individu \u00e0 la soci\u00e9t\u00e9, c&#8217;est notre patrimoine. Il existe des livres et des \u00e9coles, des cours de yoga et des centres de sant\u00e9, une acad\u00e9mie d&#8217;art et de musique et m\u00eame une maison pour les femmes les plus d\u00e9munies, mais l&#8217;h\u00e9ritage de Shri Mataji est bien plus que cela encore. Aucun&hellip; Read more","og_url":"https:\/\/shrimataji.org\/test\/fr\/heritage\/","og_site_name":"TEST - SMND","article_publisher":"https:\/\/www.facebook.com\/shrimataji","article_modified_time":"2026-01-12T10:08:05+00:00","og_image":[{"width":1021,"height":360,"url":"https:\/\/shrimataji.org\/test\/wp-content\/uploads\/2024\/05\/teaching.jpg","type":"image\/jpeg"}],"twitter_card":"summary_large_image","twitter_site":"@shrimataji","twitter_misc":{"Est. reading time":"3 minutes"},"schema":{"@context":"https:\/\/schema.org","@graph":[{"@type":"WebPage","@id":"https:\/\/shrimataji.org\/test\/fr\/heritage\/","url":"https:\/\/shrimataji.org\/test\/fr\/heritage\/","name":"H\u00e9ritage - TEST - SMND","isPartOf":{"@id":"https:\/\/shrimataji.org\/test\/#website"},"primaryImageOfPage":{"@id":"https:\/\/shrimataji.org\/test\/fr\/heritage\/#primaryimage"},"image":{"@id":"https:\/\/shrimataji.org\/test\/fr\/heritage\/#primaryimage"},"thumbnailUrl":"https:\/\/shrimataji.org\/test\/wp-content\/uploads\/2024\/05\/teaching.jpg","datePublished":"2017-08-11T05:00:00+00:00","dateModified":"2026-01-12T10:08:05+00:00","breadcrumb":{"@id":"https:\/\/shrimataji.org\/test\/fr\/heritage\/#breadcrumb"},"inLanguage":"en-US","potentialAction":[{"@type":"ReadAction","target":["https:\/\/shrimataji.org\/test\/fr\/heritage\/"]}]},{"@type":"ImageObject","inLanguage":"en-US","@id":"https:\/\/shrimataji.org\/test\/fr\/heritage\/#primaryimage","url":"https:\/\/shrimataji.org\/test\/wp-content\/uploads\/2024\/05\/teaching.jpg","contentUrl":"https:\/\/shrimataji.org\/test\/wp-content\/uploads\/2024\/05\/teaching.jpg","width":1021,"height":360},{"@type":"BreadcrumbList","@id":"https:\/\/shrimataji.org\/test\/fr\/heritage\/#breadcrumb","itemListElement":[{"@type":"ListItem","position":1,"name":"Home","item":"https:\/\/shrimataji.org\/test\/uk\/home-en\/"},{"@type":"ListItem","position":2,"name":"H\u00e9ritage"}]},{"@type":"WebSite","@id":"https:\/\/shrimataji.org\/test\/#website","url":"https:\/\/shrimataji.org\/test\/","name":"Shri Mataji Nirmala Devi","description":"A Life Dedicated to Humanity","publisher":{"@id":"https:\/\/shrimataji.org\/test\/#\/schema\/person\/a1b3419c6585f164aa96da1ff85715d1"},"potentialAction":[{"@type":"SearchAction","target":{"@type":"EntryPoint","urlTemplate":"https:\/\/shrimataji.org\/test\/?s={search_term_string}"},"query-input":{"@type":"PropertyValueSpecification","valueRequired":true,"valueName":"search_term_string"}}],"inLanguage":"en-US"},{"@type":["Person","Organization"],"@id":"https:\/\/shrimataji.org\/test\/#\/schema\/person\/a1b3419c6585f164aa96da1ff85715d1","name":"Nirmala Shrivastava","image":{"@type":"ImageObject","inLanguage":"en-US","@id":"https:\/\/shrimataji.org\/test\/wp-content\/uploads\/2023\/02\/SMO_LOGO-03.svg","url":"https:\/\/shrimataji.org\/test\/wp-content\/uploads\/2023\/02\/SMO_LOGO-03.svg","contentUrl":"https:\/\/shrimataji.org\/test\/wp-content\/uploads\/2023\/02\/SMO_LOGO-03.svg","width":"1024","height":"1024","caption":"Nirmala Shrivastava"},"logo":{"@id":"https:\/\/shrimataji.org\/test\/wp-content\/uploads\/2023\/02\/SMO_LOGO-03.svg"},"sameAs":["https:\/\/shrimataji.org\/test","https:\/\/www.facebook.com\/shrimataji","https:\/\/x.com\/shrimataji","https:\/\/www.youtube.com\/@Shri_Mataji_Nirmala_Devi\/featured"]}]}},"lang":"fr","translations":{"fr":10763,"ur":37458,"en":409,"am":18030,"th":19988,"hu":19511,"sq":18431,"zh":17328,"tr":10179,"pt":10391,"de":10665,"it":10861,"es":10958,"ja":11255,"ru":11443,"bn":11635,"te":11743,"sw":11866,"he":12014,"el":12306,"sk":12404,"fa":12502,"fi":12600,"bg":13486,"ro":14561,"cs":14754,"nl":16591,"ku":16751,"ar":16927,"be":18638,"kn":18912,"mr":20352,"uk":20646,"ml":20941,"ta":22749,"sv":23020,"gu":28863,"pa":29023,"fil":29468,"da":37771,"pl":37983,"nn":38323},"pll_sync_post":[],"_links":{"self":[{"href":"https:\/\/shrimataji.org\/test\/wp-json\/wp\/v2\/pages\/10763","targetHints":{"allow":["GET"]}}],"collection":[{"href":"https:\/\/shrimataji.org\/test\/wp-json\/wp\/v2\/pages"}],"about":[{"href":"https:\/\/shrimataji.org\/test\/wp-json\/wp\/v2\/types\/page"}],"author":[{"embeddable":true,"href":"https:\/\/shrimataji.org\/test\/wp-json\/wp\/v2\/users\/7"}],"replies":[{"embeddable":true,"href":"https:\/\/shrimataji.org\/test\/wp-json\/wp\/v2\/comments?post=10763"}],"version-history":[{"count":0,"href":"https:\/\/shrimataji.org\/test\/wp-json\/wp\/v2\/pages\/10763\/revisions"}],"wp:featuredmedia":[{"embeddable":true,"href":"https:\/\/shrimataji.org\/test\/wp-json\/wp\/v2\/media\/17085"}],"wp:attachment":[{"href":"https:\/\/shrimataji.org\/test\/wp-json\/wp\/v2\/media?parent=10763"}],"curies":[{"name":"wp","href":"https:\/\/api.w.org\/{rel}","templated":true}]}}