{"id":10764,"date":"2018-07-10T06:54:42","date_gmt":"2018-07-10T06:54:42","guid":{"rendered":"http:\/\/testwordpress.nirmalnagari.org\/smnd\/index.php\/in-her-words\/"},"modified":"2026-01-11T18:46:09","modified_gmt":"2026-01-11T18:46:09","slug":"bibliotheque","status":"publish","type":"page","link":"https:\/\/shrimataji.org\/test\/fr\/bibliotheque\/","title":{"rendered":"Biblioth\u00e8que"},"content":{"rendered":"\n\n\t<h1><b>Biblioth\u00e8que<\/b><\/h1>\n\n<h2>Ses mots<\/h2>\n\t<h4>La contribution de Shri Mataji au monde comprend une biblioth\u00e8que de plus de 3 000 conf\u00e9rences vid\u00e9o et audio. Ces conf\u00e9rences couvrent un large \u00e9ventail de sujets li\u00e9s \u00e0 la spiritualit\u00e9 et \u00e0 la condition humaine.<\/h4>\n\t\t\t\t<img decoding=\"async\" src=\"https:\/\/shrimataji.org\/test\/wp-content\/uploads\/2018\/07\/media_originals\/images\/shri-mataji-portraits\/shri-mataji-speaking-near-rahuri-in-india-02-02-1982.jpg.jpg\" alt=\"shri-mataji-speaking-near-rahuri-in-india-02-02-1982\" itemprop=\"image\" height=\"995\" width=\"1500\" title=\"shri-mataji-speaking-near-rahuri-in-india-02-02-1982\" onerror=\"this.style.display='none'\" loading='lazy' \/>\n\tAuteure accomplie, son ouvrage le plus populaire, Les Temps Meta Modern, offre une description franche des probl\u00e8mes du monde actuel ainsi que des solutions d\u00e9taill\u00e9es pour les surmonter.<br \/>\nLa meilleure fa\u00e7on de se faire une id\u00e9e de la vision et de l&#8217;exp\u00e9rience de Shri Mataji est d&#8217;assister \u00e0 l&#8217;une de ses conf\u00e9rences ou d&#8217;\u00e9couter l&#8217;un de ses discours. Qu&#8217;ils soient longs ou courts, formels ou informels, publics ou priv\u00e9s, tous sont empreints de son humour et de sa sagesse l\u00e9gendaires. Son style est direct et chacun d&#8217;entre eux s&#8217;articule autour des deux principes fondamentaux de son enseignement : la connaissance de soi et la v\u00e9rit\u00e9 de notre nature spirituelle inn\u00e9e.\n\t<div class=\"su-quote su-quote-style-default\"><div class=\"su-quote-inner su-u-clearfix su-u-trim\">Tout ce qui n&#8217;est pas \u00e9ternel est \u00e9ph\u00e9m\u00e8re. Dans le pr\u00e9sent, seul l&#8217;\u00e9ternel demeure, tout le reste dispara\u00eet. C&#8217;est comme une rivi\u00e8re qui coule sans s&#8217;arr\u00eater, mais le mouvement de la rivi\u00e8re est \u00e9ternel, tout le reste change. Si vous suivez le principe de l&#8217;\u00e9ternit\u00e9, tout ce qui n&#8217;est pas \u00e9ternel change, dispara\u00eet, se dissout et cesse d&#8217;exister. Vous devez profiter de la force de l&#8217;\u00e9ternit\u00e9, de la force de l&#8217;amour divin, de la force de cet \u00eatre universel que vous \u00eates. <\/div><\/div>\n\n","protected":false},"excerpt":{"rendered":"<p>Biblioth\u00e8que Ses mots La contribution de Shri Mataji au monde comprend une biblioth\u00e8que de plus de 3 000 conf\u00e9rences vid\u00e9o et audio. Ces conf\u00e9rences couvrent un large \u00e9ventail de sujets li\u00e9s \u00e0 la spiritualit\u00e9 et \u00e0 la condition humaine. Auteure accomplie, son ouvrage le plus populaire, Les Temps Meta Modern, offre une description franche des&hellip; <br \/> <a class=\"read-more\" href=\"https:\/\/shrimataji.org\/test\/fr\/bibliotheque\/\">Read more<\/a><\/p>\n","protected":false},"author":7,"featured_media":110,"parent":0,"menu_order":0,"comment_status":"closed","ping_status":"closed","template":"","meta":{"inline_featured_image":false,"footnotes":""},"class_list":["post-10764","page","type-page","status-publish","has-post-thumbnail","hentry"],"yoast_head":"<!-- This site is optimized with the Yoast SEO plugin v27.4 - https:\/\/yoast.com\/product\/yoast-seo-wordpress\/ -->\n<title>Biblioth\u00e8que - TEST - SMND<\/title>\n<meta name=\"robots\" content=\"noindex, follow, max-snippet:-1, max-image-preview:large, max-video-preview:-1\" \/>\n<meta property=\"og:locale\" content=\"en_US\" \/>\n<meta property=\"og:type\" content=\"article\" \/>\n<meta property=\"og:title\" content=\"Biblioth\u00e8que - TEST - SMND\" \/>\n<meta property=\"og:description\" content=\"Biblioth\u00e8que Ses mots La contribution de Shri Mataji au monde comprend une biblioth\u00e8que de plus de 3 000 conf\u00e9rences vid\u00e9o et audio. Ces conf\u00e9rences couvrent un large \u00e9ventail de sujets li\u00e9s \u00e0 la spiritualit\u00e9 et \u00e0 la condition humaine. Auteure accomplie, son ouvrage le plus populaire, Les Temps Meta Modern, offre une description franche des&hellip; Read more\" \/>\n<meta property=\"og:url\" content=\"https:\/\/shrimataji.org\/test\/fr\/bibliotheque\/\" \/>\n<meta property=\"og:site_name\" content=\"TEST - SMND\" \/>\n<meta property=\"article:publisher\" content=\"https:\/\/www.facebook.com\/shrimataji\" \/>\n<meta property=\"article:modified_time\" content=\"2026-01-11T18:46:09+00:00\" \/>\n<meta property=\"og:image\" content=\"https:\/\/shrimataji.org\/test\/wp-content\/uploads\/2018\/07\/media_originals\/images\/headers-general\/shri-mataji-speaking-at-the-sydney-town-hall-feb-2006.jpg\" \/>\n\t<meta property=\"og:image:width\" content=\"990\" \/>\n\t<meta property=\"og:image:height\" content=\"350\" \/>\n\t<meta property=\"og:image:type\" content=\"image\/jpeg\" \/>\n<meta name=\"twitter:card\" content=\"summary_large_image\" \/>\n<meta name=\"twitter:site\" content=\"@shrimataji\" \/>\n<script type=\"application\/ld+json\" class=\"yoast-schema-graph\">{\"@context\":\"https:\\\/\\\/schema.org\",\"@graph\":[{\"@type\":\"WebPage\",\"@id\":\"https:\\\/\\\/shrimataji.org\\\/test\\\/fr\\\/bibliotheque\\\/\",\"url\":\"https:\\\/\\\/shrimataji.org\\\/test\\\/fr\\\/bibliotheque\\\/\",\"name\":\"Biblioth\u00e8que - TEST - SMND\",\"isPartOf\":{\"@id\":\"https:\\\/\\\/shrimataji.org\\\/test\\\/#website\"},\"primaryImageOfPage\":{\"@id\":\"https:\\\/\\\/shrimataji.org\\\/test\\\/fr\\\/bibliotheque\\\/#primaryimage\"},\"image\":{\"@id\":\"https:\\\/\\\/shrimataji.org\\\/test\\\/fr\\\/bibliotheque\\\/#primaryimage\"},\"thumbnailUrl\":\"https:\\\/\\\/shrimataji.org\\\/test\\\/wp-content\\\/uploads\\\/2018\\\/07\\\/media_originals\\\/images\\\/headers-general\\\/shri-mataji-speaking-at-the-sydney-town-hall-feb-2006.jpg\",\"datePublished\":\"2018-07-10T06:54:42+00:00\",\"dateModified\":\"2026-01-11T18:46:09+00:00\",\"breadcrumb\":{\"@id\":\"https:\\\/\\\/shrimataji.org\\\/test\\\/fr\\\/bibliotheque\\\/#breadcrumb\"},\"inLanguage\":\"en-US\",\"potentialAction\":[{\"@type\":\"ReadAction\",\"target\":[\"https:\\\/\\\/shrimataji.org\\\/test\\\/fr\\\/bibliotheque\\\/\"]}]},{\"@type\":\"ImageObject\",\"inLanguage\":\"en-US\",\"@id\":\"https:\\\/\\\/shrimataji.org\\\/test\\\/fr\\\/bibliotheque\\\/#primaryimage\",\"url\":\"https:\\\/\\\/shrimataji.org\\\/test\\\/wp-content\\\/uploads\\\/2018\\\/07\\\/media_originals\\\/images\\\/headers-general\\\/shri-mataji-speaking-at-the-sydney-town-hall-feb-2006.jpg\",\"contentUrl\":\"https:\\\/\\\/shrimataji.org\\\/test\\\/wp-content\\\/uploads\\\/2018\\\/07\\\/media_originals\\\/images\\\/headers-general\\\/shri-mataji-speaking-at-the-sydney-town-hall-feb-2006.jpg\",\"width\":990,\"height\":350},{\"@type\":\"BreadcrumbList\",\"@id\":\"https:\\\/\\\/shrimataji.org\\\/test\\\/fr\\\/bibliotheque\\\/#breadcrumb\",\"itemListElement\":[{\"@type\":\"ListItem\",\"position\":1,\"name\":\"Home\",\"item\":\"https:\\\/\\\/shrimataji.org\\\/test\\\/uk\\\/home-en\\\/\"},{\"@type\":\"ListItem\",\"position\":2,\"name\":\"Biblioth\u00e8que\"}]},{\"@type\":\"WebSite\",\"@id\":\"https:\\\/\\\/shrimataji.org\\\/test\\\/#website\",\"url\":\"https:\\\/\\\/shrimataji.org\\\/test\\\/\",\"name\":\"Shri Mataji Nirmala Devi\",\"description\":\"A Life Dedicated to Humanity\",\"publisher\":{\"@id\":\"https:\\\/\\\/shrimataji.org\\\/test\\\/#\\\/schema\\\/person\\\/a1b3419c6585f164aa96da1ff85715d1\"},\"potentialAction\":[{\"@type\":\"SearchAction\",\"target\":{\"@type\":\"EntryPoint\",\"urlTemplate\":\"https:\\\/\\\/shrimataji.org\\\/test\\\/?s={search_term_string}\"},\"query-input\":{\"@type\":\"PropertyValueSpecification\",\"valueRequired\":true,\"valueName\":\"search_term_string\"}}],\"inLanguage\":\"en-US\"},{\"@type\":[\"Person\",\"Organization\"],\"@id\":\"https:\\\/\\\/shrimataji.org\\\/test\\\/#\\\/schema\\\/person\\\/a1b3419c6585f164aa96da1ff85715d1\",\"name\":\"Nirmala Shrivastava\",\"image\":{\"@type\":\"ImageObject\",\"inLanguage\":\"en-US\",\"@id\":\"https:\\\/\\\/shrimataji.org\\\/test\\\/wp-content\\\/uploads\\\/2023\\\/02\\\/SMO_LOGO-03.svg\",\"url\":\"https:\\\/\\\/shrimataji.org\\\/test\\\/wp-content\\\/uploads\\\/2023\\\/02\\\/SMO_LOGO-03.svg\",\"contentUrl\":\"https:\\\/\\\/shrimataji.org\\\/test\\\/wp-content\\\/uploads\\\/2023\\\/02\\\/SMO_LOGO-03.svg\",\"width\":\"1024\",\"height\":\"1024\",\"caption\":\"Nirmala Shrivastava\"},\"logo\":{\"@id\":\"https:\\\/\\\/shrimataji.org\\\/test\\\/wp-content\\\/uploads\\\/2023\\\/02\\\/SMO_LOGO-03.svg\"},\"sameAs\":[\"https:\\\/\\\/shrimataji.org\\\/test\",\"https:\\\/\\\/www.facebook.com\\\/shrimataji\",\"https:\\\/\\\/x.com\\\/shrimataji\",\"https:\\\/\\\/www.youtube.com\\\/@Shri_Mataji_Nirmala_Devi\\\/featured\"]}]}<\/script>\n<!-- \/ Yoast SEO plugin. -->","yoast_head_json":{"title":"Biblioth\u00e8que - TEST - SMND","robots":{"index":"noindex","follow":"follow","max-snippet":"max-snippet:-1","max-image-preview":"max-image-preview:large","max-video-preview":"max-video-preview:-1"},"og_locale":"en_US","og_type":"article","og_title":"Biblioth\u00e8que - TEST - SMND","og_description":"Biblioth\u00e8que Ses mots La contribution de Shri Mataji au monde comprend une biblioth\u00e8que de plus de 3 000 conf\u00e9rences vid\u00e9o et audio. Ces conf\u00e9rences couvrent un large \u00e9ventail de sujets li\u00e9s \u00e0 la spiritualit\u00e9 et \u00e0 la condition humaine. Auteure accomplie, son ouvrage le plus populaire, Les Temps Meta Modern, offre une description franche des&hellip; Read more","og_url":"https:\/\/shrimataji.org\/test\/fr\/bibliotheque\/","og_site_name":"TEST - SMND","article_publisher":"https:\/\/www.facebook.com\/shrimataji","article_modified_time":"2026-01-11T18:46:09+00:00","og_image":[{"width":990,"height":350,"url":"https:\/\/shrimataji.org\/test\/wp-content\/uploads\/2018\/07\/media_originals\/images\/headers-general\/shri-mataji-speaking-at-the-sydney-town-hall-feb-2006.jpg","type":"image\/jpeg"}],"twitter_card":"summary_large_image","twitter_site":"@shrimataji","schema":{"@context":"https:\/\/schema.org","@graph":[{"@type":"WebPage","@id":"https:\/\/shrimataji.org\/test\/fr\/bibliotheque\/","url":"https:\/\/shrimataji.org\/test\/fr\/bibliotheque\/","name":"Biblioth\u00e8que - TEST - SMND","isPartOf":{"@id":"https:\/\/shrimataji.org\/test\/#website"},"primaryImageOfPage":{"@id":"https:\/\/shrimataji.org\/test\/fr\/bibliotheque\/#primaryimage"},"image":{"@id":"https:\/\/shrimataji.org\/test\/fr\/bibliotheque\/#primaryimage"},"thumbnailUrl":"https:\/\/shrimataji.org\/test\/wp-content\/uploads\/2018\/07\/media_originals\/images\/headers-general\/shri-mataji-speaking-at-the-sydney-town-hall-feb-2006.jpg","datePublished":"2018-07-10T06:54:42+00:00","dateModified":"2026-01-11T18:46:09+00:00","breadcrumb":{"@id":"https:\/\/shrimataji.org\/test\/fr\/bibliotheque\/#breadcrumb"},"inLanguage":"en-US","potentialAction":[{"@type":"ReadAction","target":["https:\/\/shrimataji.org\/test\/fr\/bibliotheque\/"]}]},{"@type":"ImageObject","inLanguage":"en-US","@id":"https:\/\/shrimataji.org\/test\/fr\/bibliotheque\/#primaryimage","url":"https:\/\/shrimataji.org\/test\/wp-content\/uploads\/2018\/07\/media_originals\/images\/headers-general\/shri-mataji-speaking-at-the-sydney-town-hall-feb-2006.jpg","contentUrl":"https:\/\/shrimataji.org\/test\/wp-content\/uploads\/2018\/07\/media_originals\/images\/headers-general\/shri-mataji-speaking-at-the-sydney-town-hall-feb-2006.jpg","width":990,"height":350},{"@type":"BreadcrumbList","@id":"https:\/\/shrimataji.org\/test\/fr\/bibliotheque\/#breadcrumb","itemListElement":[{"@type":"ListItem","position":1,"name":"Home","item":"https:\/\/shrimataji.org\/test\/uk\/home-en\/"},{"@type":"ListItem","position":2,"name":"Biblioth\u00e8que"}]},{"@type":"WebSite","@id":"https:\/\/shrimataji.org\/test\/#website","url":"https:\/\/shrimataji.org\/test\/","name":"Shri Mataji Nirmala Devi","description":"A Life Dedicated to Humanity","publisher":{"@id":"https:\/\/shrimataji.org\/test\/#\/schema\/person\/a1b3419c6585f164aa96da1ff85715d1"},"potentialAction":[{"@type":"SearchAction","target":{"@type":"EntryPoint","urlTemplate":"https:\/\/shrimataji.org\/test\/?s={search_term_string}"},"query-input":{"@type":"PropertyValueSpecification","valueRequired":true,"valueName":"search_term_string"}}],"inLanguage":"en-US"},{"@type":["Person","Organization"],"@id":"https:\/\/shrimataji.org\/test\/#\/schema\/person\/a1b3419c6585f164aa96da1ff85715d1","name":"Nirmala Shrivastava","image":{"@type":"ImageObject","inLanguage":"en-US","@id":"https:\/\/shrimataji.org\/test\/wp-content\/uploads\/2023\/02\/SMO_LOGO-03.svg","url":"https:\/\/shrimataji.org\/test\/wp-content\/uploads\/2023\/02\/SMO_LOGO-03.svg","contentUrl":"https:\/\/shrimataji.org\/test\/wp-content\/uploads\/2023\/02\/SMO_LOGO-03.svg","width":"1024","height":"1024","caption":"Nirmala Shrivastava"},"logo":{"@id":"https:\/\/shrimataji.org\/test\/wp-content\/uploads\/2023\/02\/SMO_LOGO-03.svg"},"sameAs":["https:\/\/shrimataji.org\/test","https:\/\/www.facebook.com\/shrimataji","https:\/\/x.com\/shrimataji","https:\/\/www.youtube.com\/@Shri_Mataji_Nirmala_Devi\/featured"]}]}},"lang":"fr","translations":{"fr":10764,"ur":37460,"en":395,"am":18032,"th":19991,"hu":19513,"sq":18433,"zh":17330,"tr":10180,"pt":10392,"de":10666,"it":10862,"es":10959,"ja":11256,"ru":11444,"bn":11636,"te":11744,"sw":11867,"he":12015,"el":12307,"sk":12405,"fa":12503,"fi":12601,"bg":13469,"ro":14541,"cs":14734,"nl":16593,"ku":16753,"ar":16929,"be":18640,"kn":18914,"mr":20355,"uk":20649,"ml":20944,"ta":22751,"sv":23022,"bs":27288,"gu":28865,"pa":29025,"fil":29470,"da":37773,"pl":37985,"nn":38325},"pll_sync_post":[],"_links":{"self":[{"href":"https:\/\/shrimataji.org\/test\/wp-json\/wp\/v2\/pages\/10764","targetHints":{"allow":["GET"]}}],"collection":[{"href":"https:\/\/shrimataji.org\/test\/wp-json\/wp\/v2\/pages"}],"about":[{"href":"https:\/\/shrimataji.org\/test\/wp-json\/wp\/v2\/types\/page"}],"author":[{"embeddable":true,"href":"https:\/\/shrimataji.org\/test\/wp-json\/wp\/v2\/users\/7"}],"replies":[{"embeddable":true,"href":"https:\/\/shrimataji.org\/test\/wp-json\/wp\/v2\/comments?post=10764"}],"version-history":[{"count":0,"href":"https:\/\/shrimataji.org\/test\/wp-json\/wp\/v2\/pages\/10764\/revisions"}],"wp:featuredmedia":[{"embeddable":true,"href":"https:\/\/shrimataji.org\/test\/wp-json\/wp\/v2\/media\/110"}],"wp:attachment":[{"href":"https:\/\/shrimataji.org\/test\/wp-json\/wp\/v2\/media?parent=10764"}],"curies":[{"name":"wp","href":"https:\/\/api.w.org\/{rel}","templated":true}]}}