{"id":10767,"date":"2013-03-05T14:00:00","date_gmt":"2013-03-05T14:00:00","guid":{"rendered":"http:\/\/testwordpress.nirmalnagari.org\/smnd\/index.php\/may-5th-world-realization-day\/"},"modified":"2026-02-07T15:43:01","modified_gmt":"2026-02-07T15:43:01","slug":"5-mai-journee-mondiale-de-la-realisation","status":"publish","type":"page","link":"https:\/\/shrimataji.org\/test\/fr\/5-mai-journee-mondiale-de-la-realisation\/","title":{"rendered":"Le 5 mai, journ\u00e9e mondiale de la  R\u00e9alisation"},"content":{"rendered":"\n\n\t<h1>Le 5 mai, journ\u00e9e mondiale de la\u00a0 R\u00e9alisation<\/h1>\n<h4>Le 5 mai d\u00e9clar\u00e9 journ\u00e9e mondiale de la R\u00e9alisation en l&#8217;honneur de Shri Mataji Nirmala Devi, fondatrice de la m\u00e9ditation Sahaja Yoga<\/h4>\n<p>La Fondation Mondiale Shri Mataji Nirmala Devi Sahaja Yoga a le plaisir d&#8217;annoncer que le 5 mai a \u00e9t\u00e9 d\u00e9clar\u00e9 &#8216;Journ\u00e9e mondiale de la Realisation&#8217; en l&#8217;honneur du travail et de la vision de la fondatrice du <a href=\"https:\/\/shrimataji.org\/test\/fr\/sahaja-yoga\/\" target=\"_blank\" rel=\"noopener\">Sahaja Yoga<\/a>, Shri Mataji Nirmala Devi. Apr\u00e8s des ann\u00e9es de m\u00e9ditation et d&#8217;\u00e9tude de la condition humaine, Shri Mataji a ouvert, le 5 mai 1970 \u00e0 Nargol, en Inde, le dernier centre d&#8217;\u00e9nergie subtile &#8211; le chakra du <a href=\"https:\/\/shrimataji.org\/test\/fr\/le-chakra-du-sahasrara\/\" target=\"_blank\" rel=\"noopener\">Sahasrara<\/a> &#8211; situ\u00e9 dans la zone limbique du cerveau.<\/p>\n<p>Cette perc\u00e9e sans pr\u00e9c\u00e9dent a ouvert la voie \u00e0 une nouvelle \u00e8re d&#8217;\u00e9mancipation par la transformation int\u00e9rieure. Shri Mataji a d\u00e9couvert un processus capable de d\u00e9clencher l&#8217;\u00e9veil spirituel chez un grand nombre de personnes. Cet \u00e9veil, la R\u00e9alisation du Soi, est l&#8217;activation de l&#8217;\u00e9nergie vitale Kundalini qui existe \u00e0 l&#8217;int\u00e9rieur de chaque \u00eatre humain. Sans se retirer dans une montagne pour pratiquer des asc\u00e8ses, il est possible de recevoir spontan\u00e9ment cet \u00e9veil en douceur, simplement en le demandant.<\/p>\n<p>Shri Mataji a fait de la R\u00e9alisation du Soi la base d&#8217;une m\u00e9ditation qu&#8217;elle a appel\u00e9e Sahaja Yoga. La cl\u00e9 de cette pratique et ce qui la distingue des autres m\u00e9thodes est la <a href=\"https:\/\/shrimataji.org\/test\/fr\/la-conscience-sans-pensee\/\" target=\"_blank\" rel=\"noopener\">conscience sans pens\u00e9e<\/a> , qui se produit gr\u00e2ce au silence mental plut\u00f4t qu&#8217;\u00e0 la visualisation ou \u00e0 d&#8217;autres types de concentration mentale. La m\u00e9ditation Sahaja Yoga s&#8217;est d\u00e9velopp\u00e9e de mani\u00e8re prodigieuse au cours des 40 derni\u00e8res ann\u00e9es et est aujourd&#8217;hui pratiqu\u00e9e dans plus de 100 pays.<\/p>\n<p>Shri Mataji, alors \u00e9tudiante, a particip\u00e9 avec <a href=\"https:\/\/shrimataji.org\/test\/fr\/les-annees-universitaires\/\" target=\"_blank\" rel=\"noopener\">le Mahatma Gandhi<\/a> \u00e0 la lutte non violente pour l&#8217;ind\u00e9pendance de l&#8217;Inde. Elle a \u00e9t\u00e9 nomin\u00e9e deux fois pour le prix Nobel de la paix et a re\u00e7u la M\u00e9daille de la paix des Nations Unies en 1989. Elle a pass\u00e9 plus de 40 ans \u00e0 voyager \u00e0 travers le monde pour diffuser son message de paix et d&#8217;unit\u00e9 \u00e0 travers la m\u00e9ditation Sahaja Yoga.<\/p>\n<p>Unique parmi les soi-disant gourous de l&#8217;\u00e9poque, son message cl\u00e9 \u00e9tait que chaque personne porte en elle la graine de sa propre ma\u00eetrise. Elle peut devenir son propre gourou sans avoir recours \u00e0 un dogme ou \u00e0 un rituel.<\/p>\n<p>Shri Mataji est d\u00e9c\u00e9d\u00e9e en 2011, mais son <a href=\"https:\/\/shrimataji.org\/test\/fr\/bibliotheque\/\" target=\"_blank\" rel=\"noopener\">h\u00e9ritage<\/a> perdure dans la vie et le travail communautaire de ses disciples \u00e0 travers le monde. Elle a expliqu\u00e9 \u00e0 maintes reprises que chaque personne a le droit d&#8217;obtenir gratuitement la <a href=\"https:\/\/shrimataji.org\/test\/fr\/realization-du-soi-et-meditation\/\" target=\"_blank\" rel=\"noopener\">R\u00e9alisation du Soi<\/a>, et le processus qui consiste \u00e0 la transmettre \u00e0 chacun se poursuit aujourd&#8217;hui avec la m\u00eame intensit\u00e9 que lorsqu&#8217;elle offrait cette exp\u00e9rience en personne, lors d&#8217;innombrables programmes publics.<\/p>\n<p>Le 5 mai pourrait un jour \u00eatre reconnu comme l&#8217;anniversaire le plus important de l&#8217;histoire de l&#8217;humanit\u00e9. D&#8217;ici l\u00e0, il servira de m\u00e9morial universel et affectueux au gourou des gourous et au ma\u00eetre des ma\u00eetres qui a apport\u00e9 une spiritualit\u00e9 tangible et significative au monde moderne.<\/p>\n<p>Cet article a \u00e9t\u00e9 publi\u00e9 pour la premi\u00e8re fois le 3 mai 2013.<\/p>\n<p>&nbsp;<\/p>\n\n","protected":false},"excerpt":{"rendered":"<p>Le 5 mai, journ\u00e9e mondiale de la\u00a0 R\u00e9alisation Le 5 mai d\u00e9clar\u00e9 journ\u00e9e mondiale de la R\u00e9alisation en l&#8217;honneur de Shri Mataji Nirmala Devi, fondatrice de la m\u00e9ditation Sahaja Yoga La Fondation Mondiale Shri Mataji Nirmala Devi Sahaja Yoga a le plaisir d&#8217;annoncer que le 5 mai a \u00e9t\u00e9 d\u00e9clar\u00e9 &#8216;Journ\u00e9e mondiale de la Realisation&#8217;&hellip; <br \/> <a class=\"read-more\" href=\"https:\/\/shrimataji.org\/test\/fr\/5-mai-journee-mondiale-de-la-realisation\/\">Read more<\/a><\/p>\n","protected":false},"author":7,"featured_media":0,"parent":0,"menu_order":0,"comment_status":"closed","ping_status":"closed","template":"","meta":{"inline_featured_image":false,"footnotes":""},"class_list":["post-10767","page","type-page","status-publish","hentry"],"yoast_head":"<!-- This site is optimized with the Yoast SEO plugin v27.4 - https:\/\/yoast.com\/product\/yoast-seo-wordpress\/ -->\n<title>Le 5 mai, journ\u00e9e mondiale de la R\u00e9alisation - TEST - SMND<\/title>\n<meta name=\"robots\" content=\"noindex, follow, max-snippet:-1, max-image-preview:large, max-video-preview:-1\" \/>\n<meta property=\"og:locale\" content=\"en_US\" \/>\n<meta property=\"og:type\" content=\"article\" \/>\n<meta property=\"og:title\" content=\"Le 5 mai, journ\u00e9e mondiale de la R\u00e9alisation - TEST - SMND\" \/>\n<meta property=\"og:description\" content=\"Le 5 mai, journ\u00e9e mondiale de la\u00a0 R\u00e9alisation Le 5 mai d\u00e9clar\u00e9 journ\u00e9e mondiale de la R\u00e9alisation en l&#8217;honneur de Shri Mataji Nirmala Devi, fondatrice de la m\u00e9ditation Sahaja Yoga La Fondation Mondiale Shri Mataji Nirmala Devi Sahaja Yoga a le plaisir d&#8217;annoncer que le 5 mai a \u00e9t\u00e9 d\u00e9clar\u00e9 &#8216;Journ\u00e9e mondiale de la Realisation&#8217;&hellip; Read more\" \/>\n<meta property=\"og:url\" content=\"https:\/\/shrimataji.org\/test\/fr\/5-mai-journee-mondiale-de-la-realisation\/\" \/>\n<meta property=\"og:site_name\" content=\"TEST - SMND\" \/>\n<meta property=\"article:publisher\" content=\"https:\/\/www.facebook.com\/shrimataji\" \/>\n<meta property=\"article:modified_time\" content=\"2026-02-07T15:43:01+00:00\" \/>\n<meta property=\"og:image\" content=\"https:\/\/shrimataji.org\/test\/wp-content\/uploads\/2018\/07\/fp11-e1588597806347.jpg\" \/>\n\t<meta property=\"og:image:width\" content=\"707\" \/>\n\t<meta property=\"og:image:height\" content=\"700\" \/>\n\t<meta property=\"og:image:type\" content=\"image\/jpeg\" \/>\n<meta name=\"twitter:card\" content=\"summary_large_image\" \/>\n<meta name=\"twitter:site\" content=\"@shrimataji\" \/>\n<script type=\"application\/ld+json\" class=\"yoast-schema-graph\">{\"@context\":\"https:\\\/\\\/schema.org\",\"@graph\":[{\"@type\":\"WebPage\",\"@id\":\"https:\\\/\\\/shrimataji.org\\\/test\\\/fr\\\/5-mai-journee-mondiale-de-la-realisation\\\/\",\"url\":\"https:\\\/\\\/shrimataji.org\\\/test\\\/fr\\\/5-mai-journee-mondiale-de-la-realisation\\\/\",\"name\":\"Le 5 mai, journ\u00e9e mondiale de la R\u00e9alisation - TEST - SMND\",\"isPartOf\":{\"@id\":\"https:\\\/\\\/shrimataji.org\\\/test\\\/#website\"},\"datePublished\":\"2013-03-05T14:00:00+00:00\",\"dateModified\":\"2026-02-07T15:43:01+00:00\",\"breadcrumb\":{\"@id\":\"https:\\\/\\\/shrimataji.org\\\/test\\\/fr\\\/5-mai-journee-mondiale-de-la-realisation\\\/#breadcrumb\"},\"inLanguage\":\"en-US\",\"potentialAction\":[{\"@type\":\"ReadAction\",\"target\":[\"https:\\\/\\\/shrimataji.org\\\/test\\\/fr\\\/5-mai-journee-mondiale-de-la-realisation\\\/\"]}]},{\"@type\":\"BreadcrumbList\",\"@id\":\"https:\\\/\\\/shrimataji.org\\\/test\\\/fr\\\/5-mai-journee-mondiale-de-la-realisation\\\/#breadcrumb\",\"itemListElement\":[{\"@type\":\"ListItem\",\"position\":1,\"name\":\"Home\",\"item\":\"https:\\\/\\\/shrimataji.org\\\/test\\\/uk\\\/home-en\\\/\"},{\"@type\":\"ListItem\",\"position\":2,\"name\":\"Le 5 mai, journ\u00e9e mondiale de la R\u00e9alisation\"}]},{\"@type\":\"WebSite\",\"@id\":\"https:\\\/\\\/shrimataji.org\\\/test\\\/#website\",\"url\":\"https:\\\/\\\/shrimataji.org\\\/test\\\/\",\"name\":\"Shri Mataji Nirmala Devi\",\"description\":\"A Life Dedicated to Humanity\",\"publisher\":{\"@id\":\"https:\\\/\\\/shrimataji.org\\\/test\\\/#\\\/schema\\\/person\\\/a1b3419c6585f164aa96da1ff85715d1\"},\"potentialAction\":[{\"@type\":\"SearchAction\",\"target\":{\"@type\":\"EntryPoint\",\"urlTemplate\":\"https:\\\/\\\/shrimataji.org\\\/test\\\/?s={search_term_string}\"},\"query-input\":{\"@type\":\"PropertyValueSpecification\",\"valueRequired\":true,\"valueName\":\"search_term_string\"}}],\"inLanguage\":\"en-US\"},{\"@type\":[\"Person\",\"Organization\"],\"@id\":\"https:\\\/\\\/shrimataji.org\\\/test\\\/#\\\/schema\\\/person\\\/a1b3419c6585f164aa96da1ff85715d1\",\"name\":\"Nirmala Shrivastava\",\"image\":{\"@type\":\"ImageObject\",\"inLanguage\":\"en-US\",\"@id\":\"https:\\\/\\\/shrimataji.org\\\/test\\\/wp-content\\\/uploads\\\/2023\\\/02\\\/SMO_LOGO-03.svg\",\"url\":\"https:\\\/\\\/shrimataji.org\\\/test\\\/wp-content\\\/uploads\\\/2023\\\/02\\\/SMO_LOGO-03.svg\",\"contentUrl\":\"https:\\\/\\\/shrimataji.org\\\/test\\\/wp-content\\\/uploads\\\/2023\\\/02\\\/SMO_LOGO-03.svg\",\"width\":\"1024\",\"height\":\"1024\",\"caption\":\"Nirmala Shrivastava\"},\"logo\":{\"@id\":\"https:\\\/\\\/shrimataji.org\\\/test\\\/wp-content\\\/uploads\\\/2023\\\/02\\\/SMO_LOGO-03.svg\"},\"sameAs\":[\"https:\\\/\\\/shrimataji.org\\\/test\",\"https:\\\/\\\/www.facebook.com\\\/shrimataji\",\"https:\\\/\\\/x.com\\\/shrimataji\",\"https:\\\/\\\/www.youtube.com\\\/@Shri_Mataji_Nirmala_Devi\\\/featured\"]}]}<\/script>\n<!-- \/ Yoast SEO plugin. -->","yoast_head_json":{"title":"Le 5 mai, journ\u00e9e mondiale de la R\u00e9alisation - TEST - SMND","robots":{"index":"noindex","follow":"follow","max-snippet":"max-snippet:-1","max-image-preview":"max-image-preview:large","max-video-preview":"max-video-preview:-1"},"og_locale":"en_US","og_type":"article","og_title":"Le 5 mai, journ\u00e9e mondiale de la R\u00e9alisation - TEST - SMND","og_description":"Le 5 mai, journ\u00e9e mondiale de la\u00a0 R\u00e9alisation Le 5 mai d\u00e9clar\u00e9 journ\u00e9e mondiale de la R\u00e9alisation en l&#8217;honneur de Shri Mataji Nirmala Devi, fondatrice de la m\u00e9ditation Sahaja Yoga La Fondation Mondiale Shri Mataji Nirmala Devi Sahaja Yoga a le plaisir d&#8217;annoncer que le 5 mai a \u00e9t\u00e9 d\u00e9clar\u00e9 &#8216;Journ\u00e9e mondiale de la Realisation&#8217;&hellip; Read more","og_url":"https:\/\/shrimataji.org\/test\/fr\/5-mai-journee-mondiale-de-la-realisation\/","og_site_name":"TEST - SMND","article_publisher":"https:\/\/www.facebook.com\/shrimataji","article_modified_time":"2026-02-07T15:43:01+00:00","og_image":[{"width":707,"height":700,"url":"https:\/\/shrimataji.org\/test\/wp-content\/uploads\/2018\/07\/fp11-e1588597806347.jpg","type":"image\/jpeg"}],"twitter_card":"summary_large_image","twitter_site":"@shrimataji","schema":{"@context":"https:\/\/schema.org","@graph":[{"@type":"WebPage","@id":"https:\/\/shrimataji.org\/test\/fr\/5-mai-journee-mondiale-de-la-realisation\/","url":"https:\/\/shrimataji.org\/test\/fr\/5-mai-journee-mondiale-de-la-realisation\/","name":"Le 5 mai, journ\u00e9e mondiale de la R\u00e9alisation - TEST - SMND","isPartOf":{"@id":"https:\/\/shrimataji.org\/test\/#website"},"datePublished":"2013-03-05T14:00:00+00:00","dateModified":"2026-02-07T15:43:01+00:00","breadcrumb":{"@id":"https:\/\/shrimataji.org\/test\/fr\/5-mai-journee-mondiale-de-la-realisation\/#breadcrumb"},"inLanguage":"en-US","potentialAction":[{"@type":"ReadAction","target":["https:\/\/shrimataji.org\/test\/fr\/5-mai-journee-mondiale-de-la-realisation\/"]}]},{"@type":"BreadcrumbList","@id":"https:\/\/shrimataji.org\/test\/fr\/5-mai-journee-mondiale-de-la-realisation\/#breadcrumb","itemListElement":[{"@type":"ListItem","position":1,"name":"Home","item":"https:\/\/shrimataji.org\/test\/uk\/home-en\/"},{"@type":"ListItem","position":2,"name":"Le 5 mai, journ\u00e9e mondiale de la R\u00e9alisation"}]},{"@type":"WebSite","@id":"https:\/\/shrimataji.org\/test\/#website","url":"https:\/\/shrimataji.org\/test\/","name":"Shri Mataji Nirmala Devi","description":"A Life Dedicated to Humanity","publisher":{"@id":"https:\/\/shrimataji.org\/test\/#\/schema\/person\/a1b3419c6585f164aa96da1ff85715d1"},"potentialAction":[{"@type":"SearchAction","target":{"@type":"EntryPoint","urlTemplate":"https:\/\/shrimataji.org\/test\/?s={search_term_string}"},"query-input":{"@type":"PropertyValueSpecification","valueRequired":true,"valueName":"search_term_string"}}],"inLanguage":"en-US"},{"@type":["Person","Organization"],"@id":"https:\/\/shrimataji.org\/test\/#\/schema\/person\/a1b3419c6585f164aa96da1ff85715d1","name":"Nirmala Shrivastava","image":{"@type":"ImageObject","inLanguage":"en-US","@id":"https:\/\/shrimataji.org\/test\/wp-content\/uploads\/2023\/02\/SMO_LOGO-03.svg","url":"https:\/\/shrimataji.org\/test\/wp-content\/uploads\/2023\/02\/SMO_LOGO-03.svg","contentUrl":"https:\/\/shrimataji.org\/test\/wp-content\/uploads\/2023\/02\/SMO_LOGO-03.svg","width":"1024","height":"1024","caption":"Nirmala Shrivastava"},"logo":{"@id":"https:\/\/shrimataji.org\/test\/wp-content\/uploads\/2023\/02\/SMO_LOGO-03.svg"},"sameAs":["https:\/\/shrimataji.org\/test","https:\/\/www.facebook.com\/shrimataji","https:\/\/x.com\/shrimataji","https:\/\/www.youtube.com\/@Shri_Mataji_Nirmala_Devi\/featured"]}]}},"lang":"fr","translations":{"fr":10767,"en":453,"am":18037,"th":19998,"hu":19518,"sq":18438,"zh":17335,"tr":10183,"pt":10395,"de":10669,"it":10865,"es":10962,"ja":11259,"ru":11447,"bn":11639,"te":11747,"sw":11870,"he":12018,"el":12310,"sk":12408,"fa":12506,"fi":12604,"bg":13491,"ro":14566,"cs":14759,"nl":16598,"ku":16758,"ar":16934,"be":18645,"kn":18919,"mr":20362,"uk":20656,"ml":20951,"ta":22756,"sv":23027,"gu":28870,"pa":29030,"fil":29475},"pll_sync_post":[],"_links":{"self":[{"href":"https:\/\/shrimataji.org\/test\/wp-json\/wp\/v2\/pages\/10767","targetHints":{"allow":["GET"]}}],"collection":[{"href":"https:\/\/shrimataji.org\/test\/wp-json\/wp\/v2\/pages"}],"about":[{"href":"https:\/\/shrimataji.org\/test\/wp-json\/wp\/v2\/types\/page"}],"author":[{"embeddable":true,"href":"https:\/\/shrimataji.org\/test\/wp-json\/wp\/v2\/users\/7"}],"replies":[{"embeddable":true,"href":"https:\/\/shrimataji.org\/test\/wp-json\/wp\/v2\/comments?post=10767"}],"version-history":[{"count":0,"href":"https:\/\/shrimataji.org\/test\/wp-json\/wp\/v2\/pages\/10767\/revisions"}],"wp:attachment":[{"href":"https:\/\/shrimataji.org\/test\/wp-json\/wp\/v2\/media?parent=10767"}],"curies":[{"name":"wp","href":"https:\/\/api.w.org\/{rel}","templated":true}]}}