{"id":10771,"date":"2018-07-10T06:54:54","date_gmt":"2018-07-10T06:54:54","guid":{"rendered":"http:\/\/testwordpress.nirmalnagari.org\/smnd\/index.php\/obituary-for-sir-c-p-srivastava\/"},"modified":"2025-11-12T17:49:34","modified_gmt":"2025-11-12T17:49:34","slug":"eloge-funebre-de-sir-c-p-srivastava","status":"publish","type":"page","link":"https:\/\/shrimataji.org\/test\/fr\/eloge-funebre-de-sir-c-p-srivastava\/","title":{"rendered":"\u00c9loge fun\u00e8bre de Sir C.P. Srivastava"},"content":{"rendered":"\n\n\t<h1>\u00c9loge fun\u00e8bre de Sir C.P. Srivastava<\/h1>\n<h4>Republi\u00e9 \u00e0 partir de \u00ab The Hindu \u00bb le 24 juillet 2013 en Inde :<\/h4>\n<h4>\u00ab L&#8217;homme qui avait le don de Midas pour le monde maritime est d\u00e9c\u00e9d\u00e9 \u00bb par S. Anandan<\/h4>\n<p>&nbsp;<\/p>\n<p>Le monde maritime a perdu un leader pionnier et visionnaire avec le d\u00e9c\u00e8s de C.P. Srivastava, Padma Vibhushan et Secr\u00e9taire g\u00e9n\u00e9ral \u00e9m\u00e9rite de l&#8217;Organisation maritime internationale (OMI), ce lundi \u00e0 G\u00eanes en Italie. Il avait 93 ans. Le Dr Srivastava laisse derri\u00e8re lui deux filles en deuil. Son \u00e9pouse, Nirmala Devi, fondatrice de Sahaja Yoga, a exerc\u00e9 une profonde influence sur les id\u00e9aux de sa vie et l&#8217;avait pr\u00e9c\u00e9d\u00e9 dans la tombe.\u00a0<\/p>\n<p>Le Dr Srivastava \u00e9tait un constructeur d&#8217;institutions et un administrateur international avec une touche Midas. Le fait qu&#8217;il ait \u00e9t\u00e9 \u00e9lu secr\u00e9taire g\u00e9n\u00e9ral incontest\u00e9 de l&#8217;OMI pour quatre mandats cons\u00e9cutifs &#8211; de 1974 jusqu&#8217;\u00e0 sa d\u00e9mission volontaire le 31 d\u00e9cembre 1989 &#8211; t\u00e9moigne de son charme et de son acceptation en tant que leader influent et impartial. <\/p>\n<p>Il est rest\u00e9 le le plus longtemps au poste de Secr\u00e9taire g\u00e9n\u00e9ral. Le record n&#8217;est toujours pas battu.<\/p>\n<p>&nbsp;<\/p>\n\t<p>Avant de se d\u00e9marquer \u00e0 l&#8217;international, le Dr Srivastava \u00e9tait un officier de l&#8217;IAS (lot de 1949) du cadre de l&#8217;Uttar Pradesh qui travaillait en \u00e9troite collaboration avec Lal Bahadur Shastri, alors ministre des Transports de l&#8217;Union.<\/p>\n<p>Lorsque Shastri a \u00e9t\u00e9 choisi pour diriger le Cabinet de l&#8217;Union, le Dr Srivastava l&#8217;a suivi au secr\u00e9tariat du Cabinet du Premier Ministre. Il faisait partie de l&#8217;entourage du Premier ministre \u00e0 Tachkent en 1966, o\u00f9 Shastri a sign\u00e9 le c\u00e9l\u00e8bre trait\u00e9 de non-guerre avec le Pakistan et est myst\u00e9rieusement d\u00e9c\u00e9d\u00e9 le lendemain. Des d\u00e9cennies plus tard, le Dr Srivastava est l&#8217;auteur de la biographie, &#8220;Lal Bahadur Shastri: Une vie de v\u00e9rit\u00e9 en politique&#8221;. Cependant, le monde conna\u00eet le Dr Srivastava comme un \u00e9minent administrateur qui a contribu\u00e9 \u00e0 la cr\u00e9ation d&#8217;institutions de formation maritime pionni\u00e8res telles que l&#8217;Universit\u00e9 maritime mondiale en Su\u00e8de et l&#8217;Institut international de droit maritime \u00e0 Malta.<\/p>\n\t<div class=\"su-quote su-quote-style-default\"><div class=\"su-quote-inner su-u-clearfix su-u-trim\">Il existe une force bienveillante qui traverse toute la r\u00e9alit\u00e9. lorsque vous \u00eates align\u00e9 avec cette force, vous avancez avec une puissance \u00e9norme.<br \/>\n&#8211; Lao Tseu\u00a0<\/div><\/div>\n\t<p>Il \u00e9tait la force vive derri\u00e8re les conventions et codes maritimes cl\u00e9s qui ont grandement contribu\u00e9 \u00e0 am\u00e9liorer la s\u00e9curit\u00e9 des \u00e9quipages, les normes de formation \u00e9lev\u00e9es et la s\u00e9curit\u00e9 en haute mer, en plus de propager une philosophie d&#8217;oc\u00e9ans plus propres et moins pollu\u00e9s. <\/p>\n<p> Il \u00e9tait en charge lorsque l&#8217;OMI a \u00e9labor\u00e9 et valid\u00e9 des conventions historiques, notamment celles sur les normes de formation, de certification et de veille des gens de mer; Recherche et sauvetage maritimes; Suppression d&#8217;actes illicites contre la s\u00e9curit\u00e9 de la navigation maritime; et le Protocole pour la r\u00e9pression d&#8217;actes illicites contre la s\u00e9curit\u00e9 des plates-formes fixes situ\u00e9es sur le plateau continental.<\/p>\nUne s\u00e9rie d&#8217;accidents au d\u00e9but des ann\u00e9es 1970 l&#8217;a amen\u00e9 \u00e0 organiser une conf\u00e9rence d\u00e9cisive sur la s\u00e9curit\u00e9 des navires-citernes et la pr\u00e9vention de la pollution, \u00e0 la suite de laquelle des mesures affectant la conception et l&#8217;exploitation des navires-citernes ont \u00e9t\u00e9 incorpor\u00e9es dans le Protocole de l&#8217;OMI de 1978 relatif \u00e0 la Convention sur la sauvegarde de la vie humaine en mer et la Convention internationale pour la pr\u00e9vention de la pollution par les navires. Apr\u00e8s avoir fait ses armes dans la &#8220;Shipping Corporation of India&#8221; en tant que Directeur g\u00e9n\u00e9ral fondateur, o\u00f9 il a abord\u00e9 les questions de bien-\u00eatre et de s\u00e9curit\u00e9 des \u00e9quipages, en plus de diversifier l&#8217;entreprise naissante en vrac, le Dr Srivastava a su guider naturellement l&#8217;OMI pour assumer de plus grandes responsabilit\u00e9s et des r\u00f4les plus importants.<br \/>\nSous sa direction, l&#8217;agence a gagn\u00e9 en force et en dimension, rejetant son caract\u00e8re \u00e9litiste pour tendre la main aux pays en d\u00e9veloppement, qui en constituent aujourd&#8217;hui la majorit\u00e9 des membres. \n<p>Bj\u00f6rn Kjerfve, pr\u00e9sident en exercice de l&#8217;Universit\u00e9 maritime mondiale, d\u00e9crit le Dr Srivastava comme un leader m\u00e9ritoire dot\u00e9 de formidables capacit\u00e9s de persuasion. &#8220;Nous sommes tr\u00e8s tristes d&#8217;apprendre son d\u00e9c\u00e8s. Je lui ai rendu visite il y a environ deux ans et je l&#8217;ai invit\u00e9 au d\u00e9but du mois pour notre c\u00e9r\u00e9monie de remise des dipl\u00f4mes \u00e0 l&#8217;occasion du 30e anniversaire de l&#8217;universit\u00e9&#8230; La fondation n&#8217;a jamais \u00e9t\u00e9 facile. Il faut mettre \u00e0 son cr\u00e9dit d&#8217;avoir r\u00e9ussi \u00e0 convaincre les membres du conseil de l&#8217;OMI et le PNUD d&#8217;avoir lev\u00e9 des fonds pour sa mise en place&#8221;, a d\u00e9clar\u00e9 au t\u00e9l\u00e9phone M. Kjerfve, pour le journal &#8220;The Hindu&#8221; depuis Malm\u00f6 en Su\u00e8de.<\/p>\n<p>P.M. Abraham, ancien secr\u00e9taire de l&#8217;Union des transports de surface, se souvient du Dr Srivastava comme un leader charmant avec une vision. &#8220;Je l&#8217;ai rencontr\u00e9 pour la premi\u00e8re fois lorsque j&#8217;ai repr\u00e9sent\u00e9 l&#8217;Inde \u00e0 une r\u00e9union du conseil de l&#8217;OMI. En tant que Secr\u00e9taire g\u00e9n\u00e9ral, il conduirait les r\u00e9unions de l&#8217;organe technique en toute impartialit\u00e9. Je me souviens d&#8217;une occasion o\u00f9 un membre s&#8217;est lev\u00e9 et a grommel\u00e9 de ne pas avoir re\u00e7u l&#8217;ordre du jour de la r\u00e9union. Cela a pris tout le monde par surprise lorsque le Secr\u00e9taire g\u00e9n\u00e9ral est descendu de l&#8217;estrade pour s&#8217;excuser de la d\u00e9ch\u00e9ance et lui remettre une copie. C&#8217;\u00e9tait tellement d\u00e9sarmant.&#8221; <\/p>\n<p>Le Dr Srivastava encourageait un sens de l&#8217;humour bienveillant. &#8220;Dans de nombreux pays, je suis connu comme le mari de Nirmala, pas comme le secr\u00e9taire g\u00e9n\u00e9ral de l&#8217;OMI&#8221;, plaisantait-il \u00e0 propos de son \u00e9pouse plus c\u00e9l\u00e8bre. <\/p>\n<p>Il \u00e9tait un m\u00e9lange rare d&#8217;humilit\u00e9, de clairvoyance, de bon jugement et de d\u00e9termination, et le leadership lui \u00e9tait naturel. Il est rare qu&#8217;une personne obtienne une telle acceptabilit\u00e9 internationale si rapidement. &#8220;On se souviendra de lui pour les conventions maritimes sur les bassins versants r\u00e9dig\u00e9es sous sa direction pour la s\u00e9curit\u00e9 des gens de mer&#8221;, a d\u00e9clar\u00e9 K. Mohandas, ancien secr\u00e9taire de l&#8217;Union Shipping. Pr\u00e8s de 70 pays lui ont d\u00e9cern\u00e9 leurs plus hautes distinctions.  <\/p>\n<p>Parmi les nombreuses distinctions qui lui ont \u00e9t\u00e9 d\u00e9cern\u00e9es figurait le titre de Chevalier honoraire commandant de l&#8217;Ordre le plus distingu\u00e9 de Saint-Michel et Saint-Georges conf\u00e9r\u00e9 par la reine Elizabeth-II.<\/p>\n\n","protected":false},"excerpt":{"rendered":"<p>\u00c9loge fun\u00e8bre de Sir C.P. Srivastava Republi\u00e9 \u00e0 partir de \u00ab The Hindu \u00bb le 24 juillet 2013 en Inde : \u00ab L&#8217;homme qui avait le don de Midas pour le monde maritime est d\u00e9c\u00e9d\u00e9 \u00bb par S. Anandan &nbsp; Le monde maritime a perdu un leader pionnier et visionnaire avec le d\u00e9c\u00e8s de C.P.&hellip; <br \/> <a class=\"read-more\" href=\"https:\/\/shrimataji.org\/test\/fr\/eloge-funebre-de-sir-c-p-srivastava\/\">Read more<\/a><\/p>\n","protected":false},"author":7,"featured_media":36957,"parent":0,"menu_order":0,"comment_status":"closed","ping_status":"closed","template":"","meta":{"inline_featured_image":false,"footnotes":""},"class_list":["post-10771","page","type-page","status-publish","has-post-thumbnail","hentry"],"yoast_head":"<!-- This site is optimized with the Yoast SEO plugin v27.4 - https:\/\/yoast.com\/product\/yoast-seo-wordpress\/ -->\n<title>\u00c9loge fun\u00e8bre de Sir C.P. Srivastava - TEST - SMND<\/title>\n<meta name=\"robots\" content=\"noindex, follow, max-snippet:-1, max-image-preview:large, max-video-preview:-1\" \/>\n<meta property=\"og:locale\" content=\"en_US\" \/>\n<meta property=\"og:type\" content=\"article\" \/>\n<meta property=\"og:title\" content=\"\u00c9loge fun\u00e8bre de Sir C.P. Srivastava - TEST - SMND\" \/>\n<meta property=\"og:description\" content=\"\u00c9loge fun\u00e8bre de Sir C.P. Srivastava Republi\u00e9 \u00e0 partir de \u00ab The Hindu \u00bb le 24 juillet 2013 en Inde : \u00ab L&#8217;homme qui avait le don de Midas pour le monde maritime est d\u00e9c\u00e9d\u00e9 \u00bb par S. Anandan &nbsp; Le monde maritime a perdu un leader pionnier et visionnaire avec le d\u00e9c\u00e8s de C.P.&hellip; Read more\" \/>\n<meta property=\"og:url\" content=\"https:\/\/shrimataji.org\/test\/fr\/eloge-funebre-de-sir-c-p-srivastava\/\" \/>\n<meta property=\"og:site_name\" content=\"TEST - SMND\" \/>\n<meta property=\"article:publisher\" content=\"https:\/\/www.facebook.com\/shrimataji\" \/>\n<meta property=\"article:modified_time\" content=\"2025-11-12T17:49:34+00:00\" \/>\n<meta property=\"og:image\" content=\"https:\/\/shrimataji.org\/test\/wp-content\/uploads\/2018\/07\/fp11-e1588597806347.jpg\" \/>\n\t<meta property=\"og:image:width\" content=\"707\" \/>\n\t<meta property=\"og:image:height\" content=\"700\" \/>\n\t<meta property=\"og:image:type\" content=\"image\/jpeg\" \/>\n<meta name=\"twitter:card\" content=\"summary_large_image\" \/>\n<meta name=\"twitter:site\" content=\"@shrimataji\" \/>\n<meta name=\"twitter:label1\" content=\"Est. reading time\" \/>\n\t<meta name=\"twitter:data1\" content=\"5 minutes\" \/>\n<script type=\"application\/ld+json\" class=\"yoast-schema-graph\">{\"@context\":\"https:\\\/\\\/schema.org\",\"@graph\":[{\"@type\":\"WebPage\",\"@id\":\"https:\\\/\\\/shrimataji.org\\\/test\\\/fr\\\/eloge-funebre-de-sir-c-p-srivastava\\\/\",\"url\":\"https:\\\/\\\/shrimataji.org\\\/test\\\/fr\\\/eloge-funebre-de-sir-c-p-srivastava\\\/\",\"name\":\"\u00c9loge fun\u00e8bre de Sir C.P. Srivastava - TEST - SMND\",\"isPartOf\":{\"@id\":\"https:\\\/\\\/shrimataji.org\\\/test\\\/#website\"},\"primaryImageOfPage\":{\"@id\":\"https:\\\/\\\/shrimataji.org\\\/test\\\/fr\\\/eloge-funebre-de-sir-c-p-srivastava\\\/#primaryimage\"},\"image\":{\"@id\":\"https:\\\/\\\/shrimataji.org\\\/test\\\/fr\\\/eloge-funebre-de-sir-c-p-srivastava\\\/#primaryimage\"},\"thumbnailUrl\":\"https:\\\/\\\/shrimataji.org\\\/test\\\/wp-content\\\/uploads\\\/2026\\\/02\\\/8_Banner-Family_CP-2-1920x679-1.avif\",\"datePublished\":\"2018-07-10T06:54:54+00:00\",\"dateModified\":\"2025-11-12T17:49:34+00:00\",\"breadcrumb\":{\"@id\":\"https:\\\/\\\/shrimataji.org\\\/test\\\/fr\\\/eloge-funebre-de-sir-c-p-srivastava\\\/#breadcrumb\"},\"inLanguage\":\"en-US\",\"potentialAction\":[{\"@type\":\"ReadAction\",\"target\":[\"https:\\\/\\\/shrimataji.org\\\/test\\\/fr\\\/eloge-funebre-de-sir-c-p-srivastava\\\/\"]}]},{\"@type\":\"ImageObject\",\"inLanguage\":\"en-US\",\"@id\":\"https:\\\/\\\/shrimataji.org\\\/test\\\/fr\\\/eloge-funebre-de-sir-c-p-srivastava\\\/#primaryimage\",\"url\":\"https:\\\/\\\/shrimataji.org\\\/test\\\/wp-content\\\/uploads\\\/2026\\\/02\\\/8_Banner-Family_CP-2-1920x679-1.avif\",\"contentUrl\":\"https:\\\/\\\/shrimataji.org\\\/test\\\/wp-content\\\/uploads\\\/2026\\\/02\\\/8_Banner-Family_CP-2-1920x679-1.avif\",\"width\":1920,\"height\":679},{\"@type\":\"BreadcrumbList\",\"@id\":\"https:\\\/\\\/shrimataji.org\\\/test\\\/fr\\\/eloge-funebre-de-sir-c-p-srivastava\\\/#breadcrumb\",\"itemListElement\":[{\"@type\":\"ListItem\",\"position\":1,\"name\":\"Home\",\"item\":\"https:\\\/\\\/shrimataji.org\\\/test\\\/uk\\\/home-en\\\/\"},{\"@type\":\"ListItem\",\"position\":2,\"name\":\"\u00c9loge fun\u00e8bre de Sir C.P. Srivastava\"}]},{\"@type\":\"WebSite\",\"@id\":\"https:\\\/\\\/shrimataji.org\\\/test\\\/#website\",\"url\":\"https:\\\/\\\/shrimataji.org\\\/test\\\/\",\"name\":\"Shri Mataji Nirmala Devi\",\"description\":\"A Life Dedicated to Humanity\",\"publisher\":{\"@id\":\"https:\\\/\\\/shrimataji.org\\\/test\\\/#\\\/schema\\\/person\\\/a1b3419c6585f164aa96da1ff85715d1\"},\"potentialAction\":[{\"@type\":\"SearchAction\",\"target\":{\"@type\":\"EntryPoint\",\"urlTemplate\":\"https:\\\/\\\/shrimataji.org\\\/test\\\/?s={search_term_string}\"},\"query-input\":{\"@type\":\"PropertyValueSpecification\",\"valueRequired\":true,\"valueName\":\"search_term_string\"}}],\"inLanguage\":\"en-US\"},{\"@type\":[\"Person\",\"Organization\"],\"@id\":\"https:\\\/\\\/shrimataji.org\\\/test\\\/#\\\/schema\\\/person\\\/a1b3419c6585f164aa96da1ff85715d1\",\"name\":\"Nirmala Shrivastava\",\"image\":{\"@type\":\"ImageObject\",\"inLanguage\":\"en-US\",\"@id\":\"https:\\\/\\\/shrimataji.org\\\/test\\\/wp-content\\\/uploads\\\/2023\\\/02\\\/SMO_LOGO-03.svg\",\"url\":\"https:\\\/\\\/shrimataji.org\\\/test\\\/wp-content\\\/uploads\\\/2023\\\/02\\\/SMO_LOGO-03.svg\",\"contentUrl\":\"https:\\\/\\\/shrimataji.org\\\/test\\\/wp-content\\\/uploads\\\/2023\\\/02\\\/SMO_LOGO-03.svg\",\"width\":\"1024\",\"height\":\"1024\",\"caption\":\"Nirmala Shrivastava\"},\"logo\":{\"@id\":\"https:\\\/\\\/shrimataji.org\\\/test\\\/wp-content\\\/uploads\\\/2023\\\/02\\\/SMO_LOGO-03.svg\"},\"sameAs\":[\"https:\\\/\\\/shrimataji.org\\\/test\",\"https:\\\/\\\/www.facebook.com\\\/shrimataji\",\"https:\\\/\\\/x.com\\\/shrimataji\",\"https:\\\/\\\/www.youtube.com\\\/@Shri_Mataji_Nirmala_Devi\\\/featured\"]}]}<\/script>\n<!-- \/ Yoast SEO plugin. -->","yoast_head_json":{"title":"\u00c9loge fun\u00e8bre de Sir C.P. Srivastava - TEST - SMND","robots":{"index":"noindex","follow":"follow","max-snippet":"max-snippet:-1","max-image-preview":"max-image-preview:large","max-video-preview":"max-video-preview:-1"},"og_locale":"en_US","og_type":"article","og_title":"\u00c9loge fun\u00e8bre de Sir C.P. Srivastava - TEST - SMND","og_description":"\u00c9loge fun\u00e8bre de Sir C.P. Srivastava Republi\u00e9 \u00e0 partir de \u00ab The Hindu \u00bb le 24 juillet 2013 en Inde : \u00ab L&#8217;homme qui avait le don de Midas pour le monde maritime est d\u00e9c\u00e9d\u00e9 \u00bb par S. Anandan &nbsp; Le monde maritime a perdu un leader pionnier et visionnaire avec le d\u00e9c\u00e8s de C.P.&hellip; Read more","og_url":"https:\/\/shrimataji.org\/test\/fr\/eloge-funebre-de-sir-c-p-srivastava\/","og_site_name":"TEST - SMND","article_publisher":"https:\/\/www.facebook.com\/shrimataji","article_modified_time":"2025-11-12T17:49:34+00:00","og_image":[{"width":707,"height":700,"url":"https:\/\/shrimataji.org\/test\/wp-content\/uploads\/2018\/07\/fp11-e1588597806347.jpg","type":"image\/jpeg"}],"twitter_card":"summary_large_image","twitter_site":"@shrimataji","twitter_misc":{"Est. reading time":"5 minutes"},"schema":{"@context":"https:\/\/schema.org","@graph":[{"@type":"WebPage","@id":"https:\/\/shrimataji.org\/test\/fr\/eloge-funebre-de-sir-c-p-srivastava\/","url":"https:\/\/shrimataji.org\/test\/fr\/eloge-funebre-de-sir-c-p-srivastava\/","name":"\u00c9loge fun\u00e8bre de Sir C.P. Srivastava - TEST - SMND","isPartOf":{"@id":"https:\/\/shrimataji.org\/test\/#website"},"primaryImageOfPage":{"@id":"https:\/\/shrimataji.org\/test\/fr\/eloge-funebre-de-sir-c-p-srivastava\/#primaryimage"},"image":{"@id":"https:\/\/shrimataji.org\/test\/fr\/eloge-funebre-de-sir-c-p-srivastava\/#primaryimage"},"thumbnailUrl":"https:\/\/shrimataji.org\/test\/wp-content\/uploads\/2026\/02\/8_Banner-Family_CP-2-1920x679-1.avif","datePublished":"2018-07-10T06:54:54+00:00","dateModified":"2025-11-12T17:49:34+00:00","breadcrumb":{"@id":"https:\/\/shrimataji.org\/test\/fr\/eloge-funebre-de-sir-c-p-srivastava\/#breadcrumb"},"inLanguage":"en-US","potentialAction":[{"@type":"ReadAction","target":["https:\/\/shrimataji.org\/test\/fr\/eloge-funebre-de-sir-c-p-srivastava\/"]}]},{"@type":"ImageObject","inLanguage":"en-US","@id":"https:\/\/shrimataji.org\/test\/fr\/eloge-funebre-de-sir-c-p-srivastava\/#primaryimage","url":"https:\/\/shrimataji.org\/test\/wp-content\/uploads\/2026\/02\/8_Banner-Family_CP-2-1920x679-1.avif","contentUrl":"https:\/\/shrimataji.org\/test\/wp-content\/uploads\/2026\/02\/8_Banner-Family_CP-2-1920x679-1.avif","width":1920,"height":679},{"@type":"BreadcrumbList","@id":"https:\/\/shrimataji.org\/test\/fr\/eloge-funebre-de-sir-c-p-srivastava\/#breadcrumb","itemListElement":[{"@type":"ListItem","position":1,"name":"Home","item":"https:\/\/shrimataji.org\/test\/uk\/home-en\/"},{"@type":"ListItem","position":2,"name":"\u00c9loge fun\u00e8bre de Sir C.P. Srivastava"}]},{"@type":"WebSite","@id":"https:\/\/shrimataji.org\/test\/#website","url":"https:\/\/shrimataji.org\/test\/","name":"Shri Mataji Nirmala Devi","description":"A Life Dedicated to Humanity","publisher":{"@id":"https:\/\/shrimataji.org\/test\/#\/schema\/person\/a1b3419c6585f164aa96da1ff85715d1"},"potentialAction":[{"@type":"SearchAction","target":{"@type":"EntryPoint","urlTemplate":"https:\/\/shrimataji.org\/test\/?s={search_term_string}"},"query-input":{"@type":"PropertyValueSpecification","valueRequired":true,"valueName":"search_term_string"}}],"inLanguage":"en-US"},{"@type":["Person","Organization"],"@id":"https:\/\/shrimataji.org\/test\/#\/schema\/person\/a1b3419c6585f164aa96da1ff85715d1","name":"Nirmala Shrivastava","image":{"@type":"ImageObject","inLanguage":"en-US","@id":"https:\/\/shrimataji.org\/test\/wp-content\/uploads\/2023\/02\/SMO_LOGO-03.svg","url":"https:\/\/shrimataji.org\/test\/wp-content\/uploads\/2023\/02\/SMO_LOGO-03.svg","contentUrl":"https:\/\/shrimataji.org\/test\/wp-content\/uploads\/2023\/02\/SMO_LOGO-03.svg","width":"1024","height":"1024","caption":"Nirmala Shrivastava"},"logo":{"@id":"https:\/\/shrimataji.org\/test\/wp-content\/uploads\/2023\/02\/SMO_LOGO-03.svg"},"sameAs":["https:\/\/shrimataji.org\/test","https:\/\/www.facebook.com\/shrimataji","https:\/\/x.com\/shrimataji","https:\/\/www.youtube.com\/@Shri_Mataji_Nirmala_Devi\/featured"]}]}},"lang":"fr","translations":{"fr":10771,"en":459,"am":18044,"th":20009,"hu":19526,"sq":18445,"zh":17342,"tr":10189,"pt":10399,"de":10673,"it":10869,"es":10966,"ja":11263,"ru":11451,"bn":11643,"te":11751,"sw":11874,"he":12022,"el":12314,"sk":12412,"fa":12510,"fi":12608,"bg":13437,"ro":14511,"cs":14704,"nl":16605,"ku":16765,"ar":16941,"be":18652,"kn":18926,"uk":20667,"ml":20962,"ta":22763,"sv":23034,"gu":28877,"pa":29037,"fil":29482},"pll_sync_post":[],"_links":{"self":[{"href":"https:\/\/shrimataji.org\/test\/wp-json\/wp\/v2\/pages\/10771","targetHints":{"allow":["GET"]}}],"collection":[{"href":"https:\/\/shrimataji.org\/test\/wp-json\/wp\/v2\/pages"}],"about":[{"href":"https:\/\/shrimataji.org\/test\/wp-json\/wp\/v2\/types\/page"}],"author":[{"embeddable":true,"href":"https:\/\/shrimataji.org\/test\/wp-json\/wp\/v2\/users\/7"}],"replies":[{"embeddable":true,"href":"https:\/\/shrimataji.org\/test\/wp-json\/wp\/v2\/comments?post=10771"}],"version-history":[{"count":0,"href":"https:\/\/shrimataji.org\/test\/wp-json\/wp\/v2\/pages\/10771\/revisions"}],"wp:featuredmedia":[{"embeddable":true,"href":"https:\/\/shrimataji.org\/test\/wp-json\/wp\/v2\/media\/36957"}],"wp:attachment":[{"href":"https:\/\/shrimataji.org\/test\/wp-json\/wp\/v2\/media?parent=10771"}],"curies":[{"name":"wp","href":"https:\/\/api.w.org\/{rel}","templated":true}]}}