{"id":10774,"date":"2022-01-29T10:23:24","date_gmt":"2022-01-29T10:23:24","guid":{"rendered":"https:\/\/test.shrimataji.org\/?page_id=6404"},"modified":"2026-02-07T09:19:01","modified_gmt":"2026-02-07T09:19:01","slug":"la-paramchaitanya","status":"publish","type":"page","link":"https:\/\/shrimataji.org\/test\/fr\/la-paramchaitanya\/","title":{"rendered":"La Paramchaitanya"},"content":{"rendered":"\n\n\t<h1>La Paramchaitanya<\/h1>\n<h2>La divine brise fra\u00eeche de l&#8217;inconscient<\/h2>\n<div class=\"su-quote su-quote-style-default\"><div class=\"su-quote-inner su-u-clearfix su-u-trim\">Chaque jour, nous voyons des graines germer, des fleurs s&#8217;\u00e9panouir, des fruits m\u00fbrir, mais nous ne voulons pas penser \u00e0 comment cela se produit. Il existe une puissance qui accomplit ce travail, c&#8217;est la puissance omnipr\u00e9sente de l&#8217;amour Divin. Le moment est venu de ressentir cette puissance \u00e0 l&#8217;aide de notre instrument int\u00e9rieur. Cet instrument n&#8217;a aucune utilit\u00e9 s&#8217;il n&#8217;est pas connect\u00e9 \u00e0 la source d&#8217;\u00e9nergie. Nous ne connaissons pas notre potentiel, notre beaut\u00e9, mais une fois que cette connexion sera \u00e9tablie, nous serons surpris par le dynamisme des r\u00e9sultats. <\/div><\/div>\n<p>&nbsp;<\/p>\n<h4>Il existe de nombreux noms dans diff\u00e9rentes cultures pour d\u00e9signer cette puissance universelle de l&#8217;amour de Dieu : &#8216;Phneuma&#8217;, &#8216;Ruah&#8217;, &#8216;Assas&#8217;, &#8216;Tao&#8217;, &#8216;souffle du Saint-Esprit&#8217;, &#8216;eau de vie&#8217;. Cependant, ils ont tous la m\u00eame signification, une \u00e9nergie cr\u00e9atrice aimante, intelligente et omnipr\u00e9sente. La conscience et l&#8217;\u00e9nergie sont les facteurs premiers. Tout le reste est secondaire. Cette \u00e9nergie causale impr\u00e8gne l&#8217;ensemble du cosmos. Shri Mataji appelle cette \u00e9nergie omnipr\u00e9sente la Paramchaitanya.<\/h4>\n<p>Cette \u00e9nergie omnipr\u00e9sente est ressentie comme une brise fra\u00eeche ou des &#8220;vibrations&#8221; apr\u00e8s la R\u00e9alisation du Soi, en particulier au-dessus de la t\u00eate et sur les paumes des mains. En m\u00e9ditation, lorsque notre <a href=\"https:\/\/shrimataji.org\/test\/fr\/la-kundalini\/\" target=\"_blank\" rel=\"noopener\"><u>Kundalin<\/u>i<\/a> s&#8217;\u00e9l\u00e8ve \u00e0 travers les diff\u00e9rents <a href=\"https:\/\/shrimataji.org\/test\/fr\/chakras-et-qualites\" target=\"_blank\" rel=\"noopener\"><u>chakras<\/u><\/a>, il peut arriver que l&#8217;on ressente cette \u00e9nergie le long de la notre colonne vert\u00e9brale. Ces vibrations nous donnent une image compl\u00e8te de la r\u00e9alit\u00e9 de notre \u00e9tat vibratoire. Elles agissent \u00e9galement sur l&#8217;ensemble de la situation pour la rendre favorable \u00e0 nous-m\u00eames, \u00e0 nos semblables et \u00e0 toute la nature qui nous entoure.<\/p>\n<p>De nombreux pratiquants de Sahaja Yoga ont \u00e9t\u00e9 \u00e9merveill\u00e9s par la pr\u00e9cision et l&#8217;efficacit\u00e9 de ces vibrations d&#8217;amour divin qui nous enveloppent sans que l&#8217;on en soit toujours conscient, et nous guident dans notre vie quotidienne sans interf\u00e9rer avec notre libre arbitre.<\/p>\n<p>Prenons l&#8217;analogie simple d&#8217;un m\u00e9dia omnipr\u00e9sent, Internet, qui nous permet de r\u00e9soudre tant de probl\u00e8mes quotidiens sans qu&#8217;il soit n\u00e9cessaire d&#8217;avoir des connaissances sp\u00e9cialis\u00e9es dans un domaine particulier. Tout comme pour Internet, il suffit d&#8217;\u00eatre correctement connect\u00e9 \u00e0 cette puissance omnipr\u00e9sente, ce que nous pouvons facilement r\u00e9aliser gr\u00e2ce \u00e0 notre m\u00e9ditation quotidienne.<\/p>\n<p>&nbsp;<\/p>\n<div class=\"su-quote su-quote-style-default\"><div class=\"su-quote-inner su-u-clearfix su-u-trim\">Pour les Sahaja Yogis, aujourd&#8217;hui, il est tr\u00e8s facile de savoir si quelque chose est r\u00e9el ou irr\u00e9el, si c&#8217;est la v\u00e9rit\u00e9 ou le mensonge, si c&#8217;est de l&#8217;amour ou de la haine. Vous pouvez le savoir simplement au moyen ses vibrations. Mais au-del\u00e0 de cela, il faut savoir ce que sont ces vibrations et de quoi elles sont faites. Quelle est la force subtile qui se cache derri\u00e8re ces vibrations ? Nous l&#8217;appelons la Paramchaitanya.<\/div><\/div>\n\t\t<iframe loading=\"lazy\" title=\"Paramchaitanya\" width=\"1920\" height=\"1080\" src=\"https:\/\/www.youtube.com\/embed\/Er_H-whvfWQ?feature=oembed\" frameborder=\"0\" allow=\"accelerometer; autoplay; clipboard-write; encrypted-media; gyroscope; picture-in-picture; web-share\" allowfullscreen><\/iframe>\t\n\n","protected":false},"excerpt":{"rendered":"<p>La Paramchaitanya La divine brise fra\u00eeche de l&#8217;inconscient &nbsp; Il existe de nombreux noms dans diff\u00e9rentes cultures pour d\u00e9signer cette puissance universelle de l&#8217;amour de Dieu : &#8216;Phneuma&#8217;, &#8216;Ruah&#8217;, &#8216;Assas&#8217;, &#8216;Tao&#8217;, &#8216;souffle du Saint-Esprit&#8217;, &#8216;eau de vie&#8217;. Cependant, ils ont tous la m\u00eame signification, une \u00e9nergie cr\u00e9atrice aimante, intelligente et omnipr\u00e9sente. La conscience et l&#8217;\u00e9nergie&hellip; <br \/> <a class=\"read-more\" href=\"https:\/\/shrimataji.org\/test\/fr\/la-paramchaitanya\/\">Read more<\/a><\/p>\n","protected":false},"author":7,"featured_media":9245,"parent":0,"menu_order":0,"comment_status":"closed","ping_status":"closed","template":"","meta":{"inline_featured_image":false,"footnotes":""},"class_list":["post-10774","page","type-page","status-publish","has-post-thumbnail","hentry"],"yoast_head":"<!-- This site is optimized with the Yoast SEO plugin v27.4 - https:\/\/yoast.com\/product\/yoast-seo-wordpress\/ -->\n<title>La Paramchaitanya - TEST - SMND<\/title>\n<meta name=\"robots\" content=\"noindex, follow, max-snippet:-1, max-image-preview:large, max-video-preview:-1\" \/>\n<meta property=\"og:locale\" content=\"en_US\" \/>\n<meta property=\"og:type\" content=\"article\" \/>\n<meta property=\"og:title\" content=\"La Paramchaitanya - TEST - SMND\" \/>\n<meta property=\"og:description\" content=\"La Paramchaitanya La divine brise fra\u00eeche de l&#8217;inconscient &nbsp; Il existe de nombreux noms dans diff\u00e9rentes cultures pour d\u00e9signer cette puissance universelle de l&#8217;amour de Dieu : &#8216;Phneuma&#8217;, &#8216;Ruah&#8217;, &#8216;Assas&#8217;, &#8216;Tao&#8217;, &#8216;souffle du Saint-Esprit&#8217;, &#8216;eau de vie&#8217;. Cependant, ils ont tous la m\u00eame signification, une \u00e9nergie cr\u00e9atrice aimante, intelligente et omnipr\u00e9sente. La conscience et l&#8217;\u00e9nergie&hellip; Read more\" \/>\n<meta property=\"og:url\" content=\"https:\/\/shrimataji.org\/test\/fr\/la-paramchaitanya\/\" \/>\n<meta property=\"og:site_name\" content=\"TEST - SMND\" \/>\n<meta property=\"article:publisher\" content=\"https:\/\/www.facebook.com\/shrimataji\" \/>\n<meta property=\"article:modified_time\" content=\"2026-02-07T09:19:01+00:00\" \/>\n<meta property=\"og:image\" content=\"https:\/\/shrimataji.org\/test\/wp-content\/uploads\/2023\/03\/10_Banner-SY-Paramchaitanya-scaled.jpg\" \/>\n\t<meta property=\"og:image:width\" content=\"2560\" \/>\n\t<meta property=\"og:image:height\" content=\"905\" \/>\n\t<meta property=\"og:image:type\" content=\"image\/jpeg\" \/>\n<meta name=\"twitter:card\" content=\"summary_large_image\" \/>\n<meta name=\"twitter:site\" content=\"@shrimataji\" \/>\n<meta name=\"twitter:label1\" content=\"Est. reading time\" \/>\n\t<meta name=\"twitter:data1\" content=\"2 minutes\" \/>\n<script type=\"application\/ld+json\" class=\"yoast-schema-graph\">{\"@context\":\"https:\\\/\\\/schema.org\",\"@graph\":[{\"@type\":\"WebPage\",\"@id\":\"https:\\\/\\\/shrimataji.org\\\/test\\\/fr\\\/la-paramchaitanya\\\/\",\"url\":\"https:\\\/\\\/shrimataji.org\\\/test\\\/fr\\\/la-paramchaitanya\\\/\",\"name\":\"La Paramchaitanya - TEST - SMND\",\"isPartOf\":{\"@id\":\"https:\\\/\\\/shrimataji.org\\\/test\\\/#website\"},\"primaryImageOfPage\":{\"@id\":\"https:\\\/\\\/shrimataji.org\\\/test\\\/fr\\\/la-paramchaitanya\\\/#primaryimage\"},\"image\":{\"@id\":\"https:\\\/\\\/shrimataji.org\\\/test\\\/fr\\\/la-paramchaitanya\\\/#primaryimage\"},\"thumbnailUrl\":\"https:\\\/\\\/shrimataji.org\\\/test\\\/wp-content\\\/uploads\\\/2023\\\/03\\\/10_Banner-SY-Paramchaitanya-scaled.jpg\",\"datePublished\":\"2022-01-29T10:23:24+00:00\",\"dateModified\":\"2026-02-07T09:19:01+00:00\",\"breadcrumb\":{\"@id\":\"https:\\\/\\\/shrimataji.org\\\/test\\\/fr\\\/la-paramchaitanya\\\/#breadcrumb\"},\"inLanguage\":\"en-US\",\"potentialAction\":[{\"@type\":\"ReadAction\",\"target\":[\"https:\\\/\\\/shrimataji.org\\\/test\\\/fr\\\/la-paramchaitanya\\\/\"]}]},{\"@type\":\"ImageObject\",\"inLanguage\":\"en-US\",\"@id\":\"https:\\\/\\\/shrimataji.org\\\/test\\\/fr\\\/la-paramchaitanya\\\/#primaryimage\",\"url\":\"https:\\\/\\\/shrimataji.org\\\/test\\\/wp-content\\\/uploads\\\/2023\\\/03\\\/10_Banner-SY-Paramchaitanya-scaled.jpg\",\"contentUrl\":\"https:\\\/\\\/shrimataji.org\\\/test\\\/wp-content\\\/uploads\\\/2023\\\/03\\\/10_Banner-SY-Paramchaitanya-scaled.jpg\",\"width\":2560,\"height\":905},{\"@type\":\"BreadcrumbList\",\"@id\":\"https:\\\/\\\/shrimataji.org\\\/test\\\/fr\\\/la-paramchaitanya\\\/#breadcrumb\",\"itemListElement\":[{\"@type\":\"ListItem\",\"position\":1,\"name\":\"Home\",\"item\":\"https:\\\/\\\/shrimataji.org\\\/test\\\/uk\\\/home-en\\\/\"},{\"@type\":\"ListItem\",\"position\":2,\"name\":\"La Paramchaitanya\"}]},{\"@type\":\"WebSite\",\"@id\":\"https:\\\/\\\/shrimataji.org\\\/test\\\/#website\",\"url\":\"https:\\\/\\\/shrimataji.org\\\/test\\\/\",\"name\":\"Shri Mataji Nirmala Devi\",\"description\":\"A Life Dedicated to Humanity\",\"publisher\":{\"@id\":\"https:\\\/\\\/shrimataji.org\\\/test\\\/#\\\/schema\\\/person\\\/a1b3419c6585f164aa96da1ff85715d1\"},\"potentialAction\":[{\"@type\":\"SearchAction\",\"target\":{\"@type\":\"EntryPoint\",\"urlTemplate\":\"https:\\\/\\\/shrimataji.org\\\/test\\\/?s={search_term_string}\"},\"query-input\":{\"@type\":\"PropertyValueSpecification\",\"valueRequired\":true,\"valueName\":\"search_term_string\"}}],\"inLanguage\":\"en-US\"},{\"@type\":[\"Person\",\"Organization\"],\"@id\":\"https:\\\/\\\/shrimataji.org\\\/test\\\/#\\\/schema\\\/person\\\/a1b3419c6585f164aa96da1ff85715d1\",\"name\":\"Nirmala Shrivastava\",\"image\":{\"@type\":\"ImageObject\",\"inLanguage\":\"en-US\",\"@id\":\"https:\\\/\\\/shrimataji.org\\\/test\\\/wp-content\\\/uploads\\\/2023\\\/02\\\/SMO_LOGO-03.svg\",\"url\":\"https:\\\/\\\/shrimataji.org\\\/test\\\/wp-content\\\/uploads\\\/2023\\\/02\\\/SMO_LOGO-03.svg\",\"contentUrl\":\"https:\\\/\\\/shrimataji.org\\\/test\\\/wp-content\\\/uploads\\\/2023\\\/02\\\/SMO_LOGO-03.svg\",\"width\":\"1024\",\"height\":\"1024\",\"caption\":\"Nirmala Shrivastava\"},\"logo\":{\"@id\":\"https:\\\/\\\/shrimataji.org\\\/test\\\/wp-content\\\/uploads\\\/2023\\\/02\\\/SMO_LOGO-03.svg\"},\"sameAs\":[\"https:\\\/\\\/shrimataji.org\\\/test\",\"https:\\\/\\\/www.facebook.com\\\/shrimataji\",\"https:\\\/\\\/x.com\\\/shrimataji\",\"https:\\\/\\\/www.youtube.com\\\/@Shri_Mataji_Nirmala_Devi\\\/featured\"]}]}<\/script>\n<!-- \/ Yoast SEO plugin. -->","yoast_head_json":{"title":"La Paramchaitanya - TEST - SMND","robots":{"index":"noindex","follow":"follow","max-snippet":"max-snippet:-1","max-image-preview":"max-image-preview:large","max-video-preview":"max-video-preview:-1"},"og_locale":"en_US","og_type":"article","og_title":"La Paramchaitanya - TEST - SMND","og_description":"La Paramchaitanya La divine brise fra\u00eeche de l&#8217;inconscient &nbsp; Il existe de nombreux noms dans diff\u00e9rentes cultures pour d\u00e9signer cette puissance universelle de l&#8217;amour de Dieu : &#8216;Phneuma&#8217;, &#8216;Ruah&#8217;, &#8216;Assas&#8217;, &#8216;Tao&#8217;, &#8216;souffle du Saint-Esprit&#8217;, &#8216;eau de vie&#8217;. Cependant, ils ont tous la m\u00eame signification, une \u00e9nergie cr\u00e9atrice aimante, intelligente et omnipr\u00e9sente. La conscience et l&#8217;\u00e9nergie&hellip; Read more","og_url":"https:\/\/shrimataji.org\/test\/fr\/la-paramchaitanya\/","og_site_name":"TEST - SMND","article_publisher":"https:\/\/www.facebook.com\/shrimataji","article_modified_time":"2026-02-07T09:19:01+00:00","og_image":[{"width":2560,"height":905,"url":"https:\/\/shrimataji.org\/test\/wp-content\/uploads\/2023\/03\/10_Banner-SY-Paramchaitanya-scaled.jpg","type":"image\/jpeg"}],"twitter_card":"summary_large_image","twitter_site":"@shrimataji","twitter_misc":{"Est. reading time":"2 minutes"},"schema":{"@context":"https:\/\/schema.org","@graph":[{"@type":"WebPage","@id":"https:\/\/shrimataji.org\/test\/fr\/la-paramchaitanya\/","url":"https:\/\/shrimataji.org\/test\/fr\/la-paramchaitanya\/","name":"La Paramchaitanya - TEST - SMND","isPartOf":{"@id":"https:\/\/shrimataji.org\/test\/#website"},"primaryImageOfPage":{"@id":"https:\/\/shrimataji.org\/test\/fr\/la-paramchaitanya\/#primaryimage"},"image":{"@id":"https:\/\/shrimataji.org\/test\/fr\/la-paramchaitanya\/#primaryimage"},"thumbnailUrl":"https:\/\/shrimataji.org\/test\/wp-content\/uploads\/2023\/03\/10_Banner-SY-Paramchaitanya-scaled.jpg","datePublished":"2022-01-29T10:23:24+00:00","dateModified":"2026-02-07T09:19:01+00:00","breadcrumb":{"@id":"https:\/\/shrimataji.org\/test\/fr\/la-paramchaitanya\/#breadcrumb"},"inLanguage":"en-US","potentialAction":[{"@type":"ReadAction","target":["https:\/\/shrimataji.org\/test\/fr\/la-paramchaitanya\/"]}]},{"@type":"ImageObject","inLanguage":"en-US","@id":"https:\/\/shrimataji.org\/test\/fr\/la-paramchaitanya\/#primaryimage","url":"https:\/\/shrimataji.org\/test\/wp-content\/uploads\/2023\/03\/10_Banner-SY-Paramchaitanya-scaled.jpg","contentUrl":"https:\/\/shrimataji.org\/test\/wp-content\/uploads\/2023\/03\/10_Banner-SY-Paramchaitanya-scaled.jpg","width":2560,"height":905},{"@type":"BreadcrumbList","@id":"https:\/\/shrimataji.org\/test\/fr\/la-paramchaitanya\/#breadcrumb","itemListElement":[{"@type":"ListItem","position":1,"name":"Home","item":"https:\/\/shrimataji.org\/test\/uk\/home-en\/"},{"@type":"ListItem","position":2,"name":"La Paramchaitanya"}]},{"@type":"WebSite","@id":"https:\/\/shrimataji.org\/test\/#website","url":"https:\/\/shrimataji.org\/test\/","name":"Shri Mataji Nirmala Devi","description":"A Life Dedicated to Humanity","publisher":{"@id":"https:\/\/shrimataji.org\/test\/#\/schema\/person\/a1b3419c6585f164aa96da1ff85715d1"},"potentialAction":[{"@type":"SearchAction","target":{"@type":"EntryPoint","urlTemplate":"https:\/\/shrimataji.org\/test\/?s={search_term_string}"},"query-input":{"@type":"PropertyValueSpecification","valueRequired":true,"valueName":"search_term_string"}}],"inLanguage":"en-US"},{"@type":["Person","Organization"],"@id":"https:\/\/shrimataji.org\/test\/#\/schema\/person\/a1b3419c6585f164aa96da1ff85715d1","name":"Nirmala Shrivastava","image":{"@type":"ImageObject","inLanguage":"en-US","@id":"https:\/\/shrimataji.org\/test\/wp-content\/uploads\/2023\/02\/SMO_LOGO-03.svg","url":"https:\/\/shrimataji.org\/test\/wp-content\/uploads\/2023\/02\/SMO_LOGO-03.svg","contentUrl":"https:\/\/shrimataji.org\/test\/wp-content\/uploads\/2023\/02\/SMO_LOGO-03.svg","width":"1024","height":"1024","caption":"Nirmala Shrivastava"},"logo":{"@id":"https:\/\/shrimataji.org\/test\/wp-content\/uploads\/2023\/02\/SMO_LOGO-03.svg"},"sameAs":["https:\/\/shrimataji.org\/test","https:\/\/www.facebook.com\/shrimataji","https:\/\/x.com\/shrimataji","https:\/\/www.youtube.com\/@Shri_Mataji_Nirmala_Devi\/featured"]}]}},"lang":"fr","translations":{"fr":10774,"ur":37475,"en":6404,"am":18048,"th":20016,"hu":19532,"sq":18449,"zh":17346,"hi":8298,"tr":10192,"pt":10402,"de":10676,"it":10872,"es":10969,"ja":11266,"ru":11454,"bn":11646,"te":11754,"sw":11877,"he":12025,"el":12317,"sk":12415,"fa":12513,"fi":12611,"bg":13388,"ro":14462,"cs":14655,"nl":16609,"ku":16769,"ar":16945,"be":18656,"kn":18930,"mr":20380,"uk":20674,"ml":20969,"ta":22767,"sv":23037,"gu":28881,"pa":29041,"fil":29485,"da":37786,"pl":37998,"nn":38338},"pll_sync_post":[],"_links":{"self":[{"href":"https:\/\/shrimataji.org\/test\/wp-json\/wp\/v2\/pages\/10774","targetHints":{"allow":["GET"]}}],"collection":[{"href":"https:\/\/shrimataji.org\/test\/wp-json\/wp\/v2\/pages"}],"about":[{"href":"https:\/\/shrimataji.org\/test\/wp-json\/wp\/v2\/types\/page"}],"author":[{"embeddable":true,"href":"https:\/\/shrimataji.org\/test\/wp-json\/wp\/v2\/users\/7"}],"replies":[{"embeddable":true,"href":"https:\/\/shrimataji.org\/test\/wp-json\/wp\/v2\/comments?post=10774"}],"version-history":[{"count":0,"href":"https:\/\/shrimataji.org\/test\/wp-json\/wp\/v2\/pages\/10774\/revisions"}],"wp:featuredmedia":[{"embeddable":true,"href":"https:\/\/shrimataji.org\/test\/wp-json\/wp\/v2\/media\/9245"}],"wp:attachment":[{"href":"https:\/\/shrimataji.org\/test\/wp-json\/wp\/v2\/media?parent=10774"}],"curies":[{"name":"wp","href":"https:\/\/api.w.org\/{rel}","templated":true}]}}