{"id":10775,"date":"2022-01-29T10:34:53","date_gmt":"2022-01-29T10:34:53","guid":{"rendered":"https:\/\/test.shrimataji.org\/?page_id=6414"},"modified":"2026-02-15T17:11:40","modified_gmt":"2026-02-15T17:11:40","slug":"pingala-nadi","status":"publish","type":"page","link":"https:\/\/shrimataji.org\/test\/fr\/pingala-nadi\/","title":{"rendered":"Pingala Nadi ou canal droit"},"content":{"rendered":"\n\n\t<h1>Pingala Nadi ou le canal droit<\/h1>\n<h2>Le canal de l&#8217;action et de l&#8217;intelligence<\/h2>\n\t<h4>Notre canal \u00e9nerg\u00e9tique droit, appel\u00e9 Pingala Nadi en sanskrit, \u00e9galement connu sous le nom de canal solaire, commence au deuxi\u00e8me centre \u00e9nerg\u00e9tique, le chakra du Swadhisthan. Il remonte le long du c\u00f4t\u00e9 droit de notre corps, pour aboutir, apr\u00e8s le croisement des nerfs au chiasma optique, dans l&#8217;h\u00e9misph\u00e8re gauche de notre cerveau.<\/h4>\n<p>Shri Mataji d\u00e9crit l&#8217;extr\u00e9mit\u00e9 du canal droit, ou c\u00f4t\u00e9 droit, comme \u00e9tant l&#8217;expression psychique de l&#8217;ego. L&#8217;ego nous donne un sentiment d&#8217;individualisme et d&#8217;identit\u00e9, qui nous distingue des autres. C&#8217;est l&#8217;ego qui nous permet de nous percevoir comme &#8216;moi&#8217; ou &#8216;je&#8217;. Il est repr\u00e9sent\u00e9 sur la charte par le ballon jaune.<\/p>\n<figure itemscope itemtype=\"https:\/\/schema.org\/ImageObject\">\n\t\t\t\t<img decoding=\"async\" src=\"https:\/\/shrimataji.org\/test\/wp-content\/uploads\/2025\/11\/FR-0-3-Pingala-scaled.png\" alt=\"FR-0-3-Pingala\" height=\"2560\" width=\"2413\" title=\"FR-0-3-Pingala\" onerror=\"this.style.display='none'\" loading=\"lazy\" \/>\n\t<\/figure>\n\t<div class=\"su-quote su-quote-style-default\"><div class=\"su-quote-inner su-u-clearfix su-u-trim\">Cette tension nous vient parce que nous utilisons trop le c\u00f4t\u00e9 droit, comme vous le voyez ici, la ligne jaune &#8230; qui se d\u00e9veloppe en une autre chose horrible appel\u00e9e &#8216;ego&#8217; : c&#8217;est le sentiment que c&#8217;est nous qui faisons les choses. Il n&#8217;y a rien de mal \u00e0 cela, ce n&#8217;est pas grave, car c&#8217;est l&#8217;ignorance qui vous donne l&#8217;id\u00e9e que c&#8217;est vous qui faites un travail. <\/div><\/div>\n\t\t<iframe loading=\"lazy\" title=\"Pingala Nadi\" width=\"1920\" height=\"1080\" src=\"https:\/\/www.youtube.com\/embed\/lV4Sh2Mgp2Y?feature=oembed\" frameborder=\"0\" allow=\"accelerometer; autoplay; clipboard-write; encrypted-media; gyroscope; picture-in-picture; web-share\" allowfullscreen><\/iframe>\t\n\t<p>L&#8217;action et la planification sont des qualit\u00e9s essentielles associ\u00e9es au canal \u00e9nerg\u00e9tique droit. Ces aspects se manifestent \u00e9galement sous forme de connexions neuronales dans l&#8217;h\u00e9misph\u00e8re gauche du cerveau. Ils stimulent nos activit\u00e9s mentales et physiques. Cependant, la demande en \u00e9nergie du c\u00f4t\u00e9 droit peut parfois \u00eatre si importante que le c\u00f4t\u00e9 gauche s&#8217;en trouve affaibli. Lorsque cela se produit, notre d\u00e9sir et notre sentiment de joie peuvent diminuer et nous pouvons devenir grincheux et irritables. Nous pouvons m\u00eame avoir envie de crier sur tout le monde ou nous mettre en col\u00e8re au moindre probl\u00e8me. En cons\u00e9quence, les \u00e9nergies n\u00e9gatives, le stress et l&#8217;agressivit\u00e9 continuent de s&#8217;accumuler.<\/p>\n<p>Nous sommes souvent confront\u00e9s \u00e0 des environnements stressants sur notre lieu de travail, \u00e0 l&#8217;\u00e9cole et dans d&#8217;autres lieux publics. Il est parfois difficile de maintenir une atmosph\u00e8re paisible et \u00e9panouissante \u00e0 la maison lorsque de telles situations stressantes persistent de mani\u00e8re chronique sur une longue p\u00e9riode.<\/p>\n<p>Heureusement, la prise de conscience est la premi\u00e8re \u00e9tape pour corriger ces d\u00e9s\u00e9quilibres de notre c\u00f4t\u00e9 droit. La m\u00e9ditation et l&#8217;acc\u00e8s \u00e0 notre \u00e9nergie <a href=\"https:\/\/shrimataji.org\/test\/fr\/la-kundalini\/\" target=\"_blank\" rel=\"noopener\">Kundalini<\/a> pour r\u00e9tablir l&#8217;harmonie, la paix et la joie nous permettent de retrouver un \u00e9tat d&#8217;\u00e9quilibre naturel.<\/p>\n<p>En r\u00e9sum\u00e9, notre canal \u00e9nerg\u00e9tique droit nous donne la capacit\u00e9 de penser en termes de &#8220;je&#8221;, &#8220;le mien&#8221;, &#8220;\u00e0 moi&#8221;. Lorsque nous exag\u00e9rons l&#8217;une de ces notions, nous mettons les autres mal \u00e0 l&#8217;aise en notre pr\u00e9sence. Cependant, gr\u00e2ce \u00e0 la m\u00e9ditation, nous pouvons reconna\u00eetre quand notre canal droit est trop charg\u00e9, quand il est temps de se calmer et de retrouver l&#8217;\u00e9quilibre.<\/p>\n<p>Shri Mataji a recommand\u00e9 des techniques tr\u00e8s simples qui utilisent les \u00e9l\u00e9ments naturels pour nous permettre de r\u00e9\u00e9quilibrer notre c\u00f4t\u00e9 droit.<\/p>\n<p>&nbsp;<\/p>\n\n","protected":false},"excerpt":{"rendered":"<p>Pingala Nadi ou le canal droit Le canal de l&#8217;action et de l&#8217;intelligence Notre canal \u00e9nerg\u00e9tique droit, appel\u00e9 Pingala Nadi en sanskrit, \u00e9galement connu sous le nom de canal solaire, commence au deuxi\u00e8me centre \u00e9nerg\u00e9tique, le chakra du Swadhisthan. Il remonte le long du c\u00f4t\u00e9 droit de notre corps, pour aboutir, apr\u00e8s le croisement des&hellip; <br \/> <a class=\"read-more\" href=\"https:\/\/shrimataji.org\/test\/fr\/pingala-nadi\/\">Read more<\/a><\/p>\n","protected":false},"author":7,"featured_media":9248,"parent":0,"menu_order":0,"comment_status":"closed","ping_status":"closed","template":"","meta":{"inline_featured_image":false,"footnotes":""},"class_list":["post-10775","page","type-page","status-publish","has-post-thumbnail","hentry"],"yoast_head":"<!-- This site is optimized with the Yoast SEO plugin v27.4 - https:\/\/yoast.com\/product\/yoast-seo-wordpress\/ -->\n<title>Pingala Nadi ou canal droit - TEST - SMND<\/title>\n<meta name=\"robots\" content=\"noindex, follow, max-snippet:-1, max-image-preview:large, max-video-preview:-1\" \/>\n<meta property=\"og:locale\" content=\"en_US\" \/>\n<meta property=\"og:type\" content=\"article\" \/>\n<meta property=\"og:title\" content=\"Pingala Nadi ou canal droit - TEST - SMND\" \/>\n<meta property=\"og:description\" content=\"Pingala Nadi ou le canal droit Le canal de l&#8217;action et de l&#8217;intelligence Notre canal \u00e9nerg\u00e9tique droit, appel\u00e9 Pingala Nadi en sanskrit, \u00e9galement connu sous le nom de canal solaire, commence au deuxi\u00e8me centre \u00e9nerg\u00e9tique, le chakra du Swadhisthan. Il remonte le long du c\u00f4t\u00e9 droit de notre corps, pour aboutir, apr\u00e8s le croisement des&hellip; Read more\" \/>\n<meta property=\"og:url\" content=\"https:\/\/shrimataji.org\/test\/fr\/pingala-nadi\/\" \/>\n<meta property=\"og:site_name\" content=\"TEST - SMND\" \/>\n<meta property=\"article:publisher\" content=\"https:\/\/www.facebook.com\/shrimataji\" \/>\n<meta property=\"article:modified_time\" content=\"2026-02-15T17:11:40+00:00\" \/>\n<meta property=\"og:image\" content=\"https:\/\/shrimataji.org\/test\/wp-content\/uploads\/2023\/03\/13_Banner-SY-Pingala-scaled.jpg\" \/>\n\t<meta property=\"og:image:width\" content=\"2560\" \/>\n\t<meta property=\"og:image:height\" content=\"905\" \/>\n\t<meta property=\"og:image:type\" content=\"image\/jpeg\" \/>\n<meta name=\"twitter:card\" content=\"summary_large_image\" \/>\n<meta name=\"twitter:site\" content=\"@shrimataji\" \/>\n<script type=\"application\/ld+json\" class=\"yoast-schema-graph\">{\"@context\":\"https:\\\/\\\/schema.org\",\"@graph\":[{\"@type\":\"WebPage\",\"@id\":\"https:\\\/\\\/shrimataji.org\\\/test\\\/fr\\\/pingala-nadi\\\/\",\"url\":\"https:\\\/\\\/shrimataji.org\\\/test\\\/fr\\\/pingala-nadi\\\/\",\"name\":\"Pingala Nadi ou canal droit - TEST - SMND\",\"isPartOf\":{\"@id\":\"https:\\\/\\\/shrimataji.org\\\/test\\\/#website\"},\"primaryImageOfPage\":{\"@id\":\"https:\\\/\\\/shrimataji.org\\\/test\\\/fr\\\/pingala-nadi\\\/#primaryimage\"},\"image\":{\"@id\":\"https:\\\/\\\/shrimataji.org\\\/test\\\/fr\\\/pingala-nadi\\\/#primaryimage\"},\"thumbnailUrl\":\"https:\\\/\\\/shrimataji.org\\\/test\\\/wp-content\\\/uploads\\\/2023\\\/03\\\/13_Banner-SY-Pingala-scaled.jpg\",\"datePublished\":\"2022-01-29T10:34:53+00:00\",\"dateModified\":\"2026-02-15T17:11:40+00:00\",\"breadcrumb\":{\"@id\":\"https:\\\/\\\/shrimataji.org\\\/test\\\/fr\\\/pingala-nadi\\\/#breadcrumb\"},\"inLanguage\":\"en-US\",\"potentialAction\":[{\"@type\":\"ReadAction\",\"target\":[\"https:\\\/\\\/shrimataji.org\\\/test\\\/fr\\\/pingala-nadi\\\/\"]}]},{\"@type\":\"ImageObject\",\"inLanguage\":\"en-US\",\"@id\":\"https:\\\/\\\/shrimataji.org\\\/test\\\/fr\\\/pingala-nadi\\\/#primaryimage\",\"url\":\"https:\\\/\\\/shrimataji.org\\\/test\\\/wp-content\\\/uploads\\\/2023\\\/03\\\/13_Banner-SY-Pingala-scaled.jpg\",\"contentUrl\":\"https:\\\/\\\/shrimataji.org\\\/test\\\/wp-content\\\/uploads\\\/2023\\\/03\\\/13_Banner-SY-Pingala-scaled.jpg\",\"width\":2560,\"height\":905},{\"@type\":\"BreadcrumbList\",\"@id\":\"https:\\\/\\\/shrimataji.org\\\/test\\\/fr\\\/pingala-nadi\\\/#breadcrumb\",\"itemListElement\":[{\"@type\":\"ListItem\",\"position\":1,\"name\":\"Home\",\"item\":\"https:\\\/\\\/shrimataji.org\\\/test\\\/uk\\\/home-en\\\/\"},{\"@type\":\"ListItem\",\"position\":2,\"name\":\"Pingala Nadi ou canal droit\"}]},{\"@type\":\"WebSite\",\"@id\":\"https:\\\/\\\/shrimataji.org\\\/test\\\/#website\",\"url\":\"https:\\\/\\\/shrimataji.org\\\/test\\\/\",\"name\":\"Shri Mataji Nirmala Devi\",\"description\":\"A Life Dedicated to Humanity\",\"publisher\":{\"@id\":\"https:\\\/\\\/shrimataji.org\\\/test\\\/#\\\/schema\\\/person\\\/a1b3419c6585f164aa96da1ff85715d1\"},\"potentialAction\":[{\"@type\":\"SearchAction\",\"target\":{\"@type\":\"EntryPoint\",\"urlTemplate\":\"https:\\\/\\\/shrimataji.org\\\/test\\\/?s={search_term_string}\"},\"query-input\":{\"@type\":\"PropertyValueSpecification\",\"valueRequired\":true,\"valueName\":\"search_term_string\"}}],\"inLanguage\":\"en-US\"},{\"@type\":[\"Person\",\"Organization\"],\"@id\":\"https:\\\/\\\/shrimataji.org\\\/test\\\/#\\\/schema\\\/person\\\/a1b3419c6585f164aa96da1ff85715d1\",\"name\":\"Nirmala Shrivastava\",\"image\":{\"@type\":\"ImageObject\",\"inLanguage\":\"en-US\",\"@id\":\"https:\\\/\\\/shrimataji.org\\\/test\\\/wp-content\\\/uploads\\\/2023\\\/02\\\/SMO_LOGO-03.svg\",\"url\":\"https:\\\/\\\/shrimataji.org\\\/test\\\/wp-content\\\/uploads\\\/2023\\\/02\\\/SMO_LOGO-03.svg\",\"contentUrl\":\"https:\\\/\\\/shrimataji.org\\\/test\\\/wp-content\\\/uploads\\\/2023\\\/02\\\/SMO_LOGO-03.svg\",\"width\":\"1024\",\"height\":\"1024\",\"caption\":\"Nirmala Shrivastava\"},\"logo\":{\"@id\":\"https:\\\/\\\/shrimataji.org\\\/test\\\/wp-content\\\/uploads\\\/2023\\\/02\\\/SMO_LOGO-03.svg\"},\"sameAs\":[\"https:\\\/\\\/shrimataji.org\\\/test\",\"https:\\\/\\\/www.facebook.com\\\/shrimataji\",\"https:\\\/\\\/x.com\\\/shrimataji\",\"https:\\\/\\\/www.youtube.com\\\/@Shri_Mataji_Nirmala_Devi\\\/featured\"]}]}<\/script>\n<!-- \/ Yoast SEO plugin. -->","yoast_head_json":{"title":"Pingala Nadi ou canal droit - TEST - SMND","robots":{"index":"noindex","follow":"follow","max-snippet":"max-snippet:-1","max-image-preview":"max-image-preview:large","max-video-preview":"max-video-preview:-1"},"og_locale":"en_US","og_type":"article","og_title":"Pingala Nadi ou canal droit - TEST - SMND","og_description":"Pingala Nadi ou le canal droit Le canal de l&#8217;action et de l&#8217;intelligence Notre canal \u00e9nerg\u00e9tique droit, appel\u00e9 Pingala Nadi en sanskrit, \u00e9galement connu sous le nom de canal solaire, commence au deuxi\u00e8me centre \u00e9nerg\u00e9tique, le chakra du Swadhisthan. Il remonte le long du c\u00f4t\u00e9 droit de notre corps, pour aboutir, apr\u00e8s le croisement des&hellip; Read more","og_url":"https:\/\/shrimataji.org\/test\/fr\/pingala-nadi\/","og_site_name":"TEST - SMND","article_publisher":"https:\/\/www.facebook.com\/shrimataji","article_modified_time":"2026-02-15T17:11:40+00:00","og_image":[{"width":2560,"height":905,"url":"https:\/\/shrimataji.org\/test\/wp-content\/uploads\/2023\/03\/13_Banner-SY-Pingala-scaled.jpg","type":"image\/jpeg"}],"twitter_card":"summary_large_image","twitter_site":"@shrimataji","schema":{"@context":"https:\/\/schema.org","@graph":[{"@type":"WebPage","@id":"https:\/\/shrimataji.org\/test\/fr\/pingala-nadi\/","url":"https:\/\/shrimataji.org\/test\/fr\/pingala-nadi\/","name":"Pingala Nadi ou canal droit - TEST - SMND","isPartOf":{"@id":"https:\/\/shrimataji.org\/test\/#website"},"primaryImageOfPage":{"@id":"https:\/\/shrimataji.org\/test\/fr\/pingala-nadi\/#primaryimage"},"image":{"@id":"https:\/\/shrimataji.org\/test\/fr\/pingala-nadi\/#primaryimage"},"thumbnailUrl":"https:\/\/shrimataji.org\/test\/wp-content\/uploads\/2023\/03\/13_Banner-SY-Pingala-scaled.jpg","datePublished":"2022-01-29T10:34:53+00:00","dateModified":"2026-02-15T17:11:40+00:00","breadcrumb":{"@id":"https:\/\/shrimataji.org\/test\/fr\/pingala-nadi\/#breadcrumb"},"inLanguage":"en-US","potentialAction":[{"@type":"ReadAction","target":["https:\/\/shrimataji.org\/test\/fr\/pingala-nadi\/"]}]},{"@type":"ImageObject","inLanguage":"en-US","@id":"https:\/\/shrimataji.org\/test\/fr\/pingala-nadi\/#primaryimage","url":"https:\/\/shrimataji.org\/test\/wp-content\/uploads\/2023\/03\/13_Banner-SY-Pingala-scaled.jpg","contentUrl":"https:\/\/shrimataji.org\/test\/wp-content\/uploads\/2023\/03\/13_Banner-SY-Pingala-scaled.jpg","width":2560,"height":905},{"@type":"BreadcrumbList","@id":"https:\/\/shrimataji.org\/test\/fr\/pingala-nadi\/#breadcrumb","itemListElement":[{"@type":"ListItem","position":1,"name":"Home","item":"https:\/\/shrimataji.org\/test\/uk\/home-en\/"},{"@type":"ListItem","position":2,"name":"Pingala Nadi ou canal droit"}]},{"@type":"WebSite","@id":"https:\/\/shrimataji.org\/test\/#website","url":"https:\/\/shrimataji.org\/test\/","name":"Shri Mataji Nirmala Devi","description":"A Life Dedicated to Humanity","publisher":{"@id":"https:\/\/shrimataji.org\/test\/#\/schema\/person\/a1b3419c6585f164aa96da1ff85715d1"},"potentialAction":[{"@type":"SearchAction","target":{"@type":"EntryPoint","urlTemplate":"https:\/\/shrimataji.org\/test\/?s={search_term_string}"},"query-input":{"@type":"PropertyValueSpecification","valueRequired":true,"valueName":"search_term_string"}}],"inLanguage":"en-US"},{"@type":["Person","Organization"],"@id":"https:\/\/shrimataji.org\/test\/#\/schema\/person\/a1b3419c6585f164aa96da1ff85715d1","name":"Nirmala Shrivastava","image":{"@type":"ImageObject","inLanguage":"en-US","@id":"https:\/\/shrimataji.org\/test\/wp-content\/uploads\/2023\/02\/SMO_LOGO-03.svg","url":"https:\/\/shrimataji.org\/test\/wp-content\/uploads\/2023\/02\/SMO_LOGO-03.svg","contentUrl":"https:\/\/shrimataji.org\/test\/wp-content\/uploads\/2023\/02\/SMO_LOGO-03.svg","width":"1024","height":"1024","caption":"Nirmala Shrivastava"},"logo":{"@id":"https:\/\/shrimataji.org\/test\/wp-content\/uploads\/2023\/02\/SMO_LOGO-03.svg"},"sameAs":["https:\/\/shrimataji.org\/test","https:\/\/www.facebook.com\/shrimataji","https:\/\/x.com\/shrimataji","https:\/\/www.youtube.com\/@Shri_Mataji_Nirmala_Devi\/featured"]}]}},"lang":"fr","translations":{"fr":10775,"ur":37477,"en":6414,"am":18050,"th":20019,"hu":19534,"sq":18451,"zh":17348,"hi":8311,"tr":10193,"pt":10403,"de":10677,"it":10873,"es":10970,"ja":11267,"ru":11455,"bn":11647,"te":11755,"sw":11878,"he":12026,"el":12318,"sk":12416,"fa":12514,"fi":12612,"bg":13382,"ro":14456,"cs":14649,"nl":16611,"ku":16771,"ar":16947,"be":18658,"kn":18932,"mr":20383,"uk":20677,"ml":20972,"ta":22769,"sv":23039,"gu":28883,"pa":29043,"fil":29487,"da":37788,"pl":38000,"nn":38340},"pll_sync_post":[],"_links":{"self":[{"href":"https:\/\/shrimataji.org\/test\/wp-json\/wp\/v2\/pages\/10775","targetHints":{"allow":["GET"]}}],"collection":[{"href":"https:\/\/shrimataji.org\/test\/wp-json\/wp\/v2\/pages"}],"about":[{"href":"https:\/\/shrimataji.org\/test\/wp-json\/wp\/v2\/types\/page"}],"author":[{"embeddable":true,"href":"https:\/\/shrimataji.org\/test\/wp-json\/wp\/v2\/users\/7"}],"replies":[{"embeddable":true,"href":"https:\/\/shrimataji.org\/test\/wp-json\/wp\/v2\/comments?post=10775"}],"version-history":[{"count":0,"href":"https:\/\/shrimataji.org\/test\/wp-json\/wp\/v2\/pages\/10775\/revisions"}],"wp:featuredmedia":[{"embeddable":true,"href":"https:\/\/shrimataji.org\/test\/wp-json\/wp\/v2\/media\/9248"}],"wp:attachment":[{"href":"https:\/\/shrimataji.org\/test\/wp-json\/wp\/v2\/media?parent=10775"}],"curies":[{"name":"wp","href":"https:\/\/api.w.org\/{rel}","templated":true}]}}