{"id":10776,"date":"2015-02-02T03:00:00","date_gmt":"2015-02-02T03:00:00","guid":{"rendered":"http:\/\/testwordpress.nirmalnagari.org\/smnd\/index.php\/poems-by-shri-mataji\/"},"modified":"2025-11-12T16:50:21","modified_gmt":"2025-11-12T16:50:21","slug":"poemes-de-shri-mataji","status":"publish","type":"page","link":"https:\/\/shrimataji.org\/test\/fr\/poemes-de-shri-mataji\/","title":{"rendered":"Po\u00e8mes de Shri Mataji"},"content":{"rendered":"\n\n\t<h1>\u00catre un grain de poussi\u00e8re<\/h1>\nJe veux \u00eatre plus petite<br \/>\nComme un grain de poussi\u00e8re<br \/>\nQui vole avec le vent.<br \/>\nQui va n&#8217;importe o\u00f9\nPeut s&#8217;en aller<br \/>\nSe poser sur la t\u00eate d&#8217;un roi<br \/>\nOu peut s&#8217;en aller<br \/>\nEt tomber aux pieds de quelqu&#8217;un<br \/>\nEt peut s&#8217;en aller<br \/>\nPour se poser sur une petite fleur<br \/>\nEt peut s&#8217;en aller<br \/>\nPour se poser n&#8217;importe o\u00f9\nMais je veux \u00eatre un grain de poussi\u00e8re<br \/>\nQui est parfum\u00e9<br \/>\nQui est nourricier<br \/>\nQui est \u00e9clairant\n<h4><strong>Shri Mataji Nirmala Devi,<\/strong><br \/>\n<strong>\u00e0 l&#8217;\u00e2ge de sept ans, d\u00e9crit \u00e0<\/strong><strong> Dhulia en Inde, le 14 janvier 1983.<\/strong><\/h4>\n\t\n<h1><strong>\u00c0<\/strong><strong> mes enfants fleurs<\/strong><\/h1>\nVous \u00eates f\u00e2ch\u00e9s avec la vie<br \/>\nComme de petits enfants<br \/>\nDont la m\u00e8re est perdue dans l&#8217;obscurit\u00e9<br \/>\nR\u00e9v\u00e9lant un d\u00e9sespoir renfrogn\u00e9<br \/>\n\u00c0 la fin st\u00e9rile de votre voyage\nVous portez la laideur, pour d\u00e9couvrir la beaut\u00e9<br \/>\nVous nommez tout &#8220;mensonge&#8221;, au nom de la V\u00e9rit\u00e9<br \/>\nVous drainez les \u00e9motions, pour en combler le calice de l&#8217;Amour.<br \/>\nMes d\u00e9licieux enfants, mes amours<br \/>\nComment gagner la paix en brandissant la guerre ?<br \/>\nLa guerre contre vous-m\u00eames,<br \/>\nContre votre \u00eatre, contre la joie elle-m\u00eame ?\nSuffisants sont vos efforts de renonciation<br \/>\nAu masque artificiel de la consolation<br \/>\nReposez-vous maintenant entre les p\u00e9tales de la fleur de lotus<br \/>\nSur les genoux de votre M\u00e8re accueillante\nJ&#8217;ornerai votre vie de magnifiques fleurs<br \/>\nEt garnirai vos instants de joyeux parfums<br \/>\nJ&#8217;envelopperai votre t\u00eate de mon amour divin<br \/>\nCar je ne peux endurer plus longtemps vos douleurs\nLaissez-moi vous submerger dans l&#8217;oc\u00e9an de joie<br \/>\nEt vous abandonnerez votre \u00eatre au Plus Grand<br \/>\nQui sourit dans le calice de votre Soi<br \/>\nSecr\u00e8tement dissimul\u00e9 pour vous taquiner tout le temps\nPrenez conscience et vous Le trouverez<br \/>\nVibrant chacune de vos fibres d&#8217;une joie prosp\u00e8re<br \/>\nRecouvrant tout l&#8217;univers de lumi\u00e8re.\n<h4>Shri Mataji Nirmala Devi, aux chercheurs am\u00e9ricains lors de son premier voyage en 1972.<\/h4>\n\t<h1>Montagne<\/h1>\nDe ma fen\u00eatre je vois une montagne<br \/>\nDress\u00e9e comme un ancien sage<br \/>\nSans d\u00e9sir, plein d&#8217;amour.<br \/>\nTant d&#8217;arbres et tant de fleurs<br \/>\nPillent la montagne toujours.\nSon attention n&#8217;est pas perturb\u00e9e<br \/>\nNi lorsque la pluie se d\u00e9verse<br \/>\nComme des pichets de nuages perc\u00e9s<br \/>\nEt qu&#8217;elle comble la montagne de verdure.\nIl se peut que l&#8217;orage se l\u00e8ve,<br \/>\nEmplissant le lac de compassion<br \/>\nEt que le courant des rivi\u00e8res d\u00e9vale<br \/>\nVers la mer qui appelle.\nLe soleil cr\u00e9era des nuages<br \/>\nEt le vent transportera sur ses ailes l\u00e9g\u00e8res<br \/>\nLa pluie sur la montagne.\nC&#8217;est le jeu \u00e9ternel<br \/>\nQue contemple la montagne<br \/>\nSans d\u00e9sir.\n<h4>Shri Mataji Nirmala Devi, 2002.<\/h4>\n\n","protected":false},"excerpt":{"rendered":"<p>\u00catre un grain de poussi\u00e8re Je veux \u00eatre plus petite Comme un grain de poussi\u00e8re Qui vole avec le vent. Qui va n&#8217;importe o\u00f9 Peut s&#8217;en aller Se poser sur la t\u00eate d&#8217;un roi Ou peut s&#8217;en aller Et tomber aux pieds de quelqu&#8217;un Et peut s&#8217;en aller Pour se poser sur une petite fleur&hellip; <br \/> <a class=\"read-more\" href=\"https:\/\/shrimataji.org\/test\/fr\/poemes-de-shri-mataji\/\">Read more<\/a><\/p>\n","protected":false},"author":7,"featured_media":150,"parent":0,"menu_order":0,"comment_status":"closed","ping_status":"closed","template":"","meta":{"inline_featured_image":false,"footnotes":""},"class_list":["post-10776","page","type-page","status-publish","has-post-thumbnail","hentry"],"yoast_head":"<!-- This site is optimized with the Yoast SEO plugin v27.4 - https:\/\/yoast.com\/product\/yoast-seo-wordpress\/ -->\n<title>Po\u00e8mes de Shri Mataji - TEST - SMND<\/title>\n<meta name=\"robots\" content=\"noindex, follow, max-snippet:-1, max-image-preview:large, max-video-preview:-1\" \/>\n<meta property=\"og:locale\" content=\"en_US\" \/>\n<meta property=\"og:type\" content=\"article\" \/>\n<meta property=\"og:title\" content=\"Po\u00e8mes de Shri Mataji - TEST - SMND\" \/>\n<meta property=\"og:description\" content=\"\u00catre un grain de poussi\u00e8re Je veux \u00eatre plus petite Comme un grain de poussi\u00e8re Qui vole avec le vent. Qui va n&#8217;importe o\u00f9 Peut s&#8217;en aller Se poser sur la t\u00eate d&#8217;un roi Ou peut s&#8217;en aller Et tomber aux pieds de quelqu&#8217;un Et peut s&#8217;en aller Pour se poser sur une petite fleur&hellip; Read more\" \/>\n<meta property=\"og:url\" content=\"https:\/\/shrimataji.org\/test\/fr\/poemes-de-shri-mataji\/\" \/>\n<meta property=\"og:site_name\" content=\"TEST - SMND\" \/>\n<meta property=\"article:publisher\" content=\"https:\/\/www.facebook.com\/shrimataji\" \/>\n<meta property=\"article:modified_time\" content=\"2025-11-12T16:50:21+00:00\" \/>\n<meta property=\"og:image\" content=\"https:\/\/shrimataji.org\/test\/wp-content\/uploads\/2018\/07\/media_originals\/images\/headers-general\/artwork-by-meredith-cooper-australia.jpg\" \/>\n\t<meta property=\"og:image:width\" content=\"990\" \/>\n\t<meta property=\"og:image:height\" content=\"350\" \/>\n\t<meta property=\"og:image:type\" content=\"image\/jpeg\" \/>\n<meta name=\"twitter:card\" content=\"summary_large_image\" \/>\n<meta name=\"twitter:site\" content=\"@shrimataji\" \/>\n<meta name=\"twitter:label1\" content=\"Est. reading time\" \/>\n\t<meta name=\"twitter:data1\" content=\"2 minutes\" \/>\n<script type=\"application\/ld+json\" class=\"yoast-schema-graph\">{\"@context\":\"https:\\\/\\\/schema.org\",\"@graph\":[{\"@type\":\"WebPage\",\"@id\":\"https:\\\/\\\/shrimataji.org\\\/test\\\/fr\\\/poemes-de-shri-mataji\\\/\",\"url\":\"https:\\\/\\\/shrimataji.org\\\/test\\\/fr\\\/poemes-de-shri-mataji\\\/\",\"name\":\"Po\u00e8mes de Shri Mataji - TEST - SMND\",\"isPartOf\":{\"@id\":\"https:\\\/\\\/shrimataji.org\\\/test\\\/#website\"},\"primaryImageOfPage\":{\"@id\":\"https:\\\/\\\/shrimataji.org\\\/test\\\/fr\\\/poemes-de-shri-mataji\\\/#primaryimage\"},\"image\":{\"@id\":\"https:\\\/\\\/shrimataji.org\\\/test\\\/fr\\\/poemes-de-shri-mataji\\\/#primaryimage\"},\"thumbnailUrl\":\"https:\\\/\\\/shrimataji.org\\\/test\\\/wp-content\\\/uploads\\\/2018\\\/07\\\/media_originals\\\/images\\\/headers-general\\\/artwork-by-meredith-cooper-australia.jpg\",\"datePublished\":\"2015-02-02T03:00:00+00:00\",\"dateModified\":\"2025-11-12T16:50:21+00:00\",\"breadcrumb\":{\"@id\":\"https:\\\/\\\/shrimataji.org\\\/test\\\/fr\\\/poemes-de-shri-mataji\\\/#breadcrumb\"},\"inLanguage\":\"en-US\",\"potentialAction\":[{\"@type\":\"ReadAction\",\"target\":[\"https:\\\/\\\/shrimataji.org\\\/test\\\/fr\\\/poemes-de-shri-mataji\\\/\"]}]},{\"@type\":\"ImageObject\",\"inLanguage\":\"en-US\",\"@id\":\"https:\\\/\\\/shrimataji.org\\\/test\\\/fr\\\/poemes-de-shri-mataji\\\/#primaryimage\",\"url\":\"https:\\\/\\\/shrimataji.org\\\/test\\\/wp-content\\\/uploads\\\/2018\\\/07\\\/media_originals\\\/images\\\/headers-general\\\/artwork-by-meredith-cooper-australia.jpg\",\"contentUrl\":\"https:\\\/\\\/shrimataji.org\\\/test\\\/wp-content\\\/uploads\\\/2018\\\/07\\\/media_originals\\\/images\\\/headers-general\\\/artwork-by-meredith-cooper-australia.jpg\",\"width\":990,\"height\":350},{\"@type\":\"BreadcrumbList\",\"@id\":\"https:\\\/\\\/shrimataji.org\\\/test\\\/fr\\\/poemes-de-shri-mataji\\\/#breadcrumb\",\"itemListElement\":[{\"@type\":\"ListItem\",\"position\":1,\"name\":\"Home\",\"item\":\"https:\\\/\\\/shrimataji.org\\\/test\\\/uk\\\/home-en\\\/\"},{\"@type\":\"ListItem\",\"position\":2,\"name\":\"Po\u00e8mes de Shri Mataji\"}]},{\"@type\":\"WebSite\",\"@id\":\"https:\\\/\\\/shrimataji.org\\\/test\\\/#website\",\"url\":\"https:\\\/\\\/shrimataji.org\\\/test\\\/\",\"name\":\"Shri Mataji Nirmala Devi\",\"description\":\"A Life Dedicated to Humanity\",\"publisher\":{\"@id\":\"https:\\\/\\\/shrimataji.org\\\/test\\\/#\\\/schema\\\/person\\\/a1b3419c6585f164aa96da1ff85715d1\"},\"potentialAction\":[{\"@type\":\"SearchAction\",\"target\":{\"@type\":\"EntryPoint\",\"urlTemplate\":\"https:\\\/\\\/shrimataji.org\\\/test\\\/?s={search_term_string}\"},\"query-input\":{\"@type\":\"PropertyValueSpecification\",\"valueRequired\":true,\"valueName\":\"search_term_string\"}}],\"inLanguage\":\"en-US\"},{\"@type\":[\"Person\",\"Organization\"],\"@id\":\"https:\\\/\\\/shrimataji.org\\\/test\\\/#\\\/schema\\\/person\\\/a1b3419c6585f164aa96da1ff85715d1\",\"name\":\"Nirmala Shrivastava\",\"image\":{\"@type\":\"ImageObject\",\"inLanguage\":\"en-US\",\"@id\":\"https:\\\/\\\/shrimataji.org\\\/test\\\/wp-content\\\/uploads\\\/2023\\\/02\\\/SMO_LOGO-03.svg\",\"url\":\"https:\\\/\\\/shrimataji.org\\\/test\\\/wp-content\\\/uploads\\\/2023\\\/02\\\/SMO_LOGO-03.svg\",\"contentUrl\":\"https:\\\/\\\/shrimataji.org\\\/test\\\/wp-content\\\/uploads\\\/2023\\\/02\\\/SMO_LOGO-03.svg\",\"width\":\"1024\",\"height\":\"1024\",\"caption\":\"Nirmala Shrivastava\"},\"logo\":{\"@id\":\"https:\\\/\\\/shrimataji.org\\\/test\\\/wp-content\\\/uploads\\\/2023\\\/02\\\/SMO_LOGO-03.svg\"},\"sameAs\":[\"https:\\\/\\\/shrimataji.org\\\/test\",\"https:\\\/\\\/www.facebook.com\\\/shrimataji\",\"https:\\\/\\\/x.com\\\/shrimataji\",\"https:\\\/\\\/www.youtube.com\\\/@Shri_Mataji_Nirmala_Devi\\\/featured\"]}]}<\/script>\n<!-- \/ Yoast SEO plugin. -->","yoast_head_json":{"title":"Po\u00e8mes de Shri Mataji - TEST - SMND","robots":{"index":"noindex","follow":"follow","max-snippet":"max-snippet:-1","max-image-preview":"max-image-preview:large","max-video-preview":"max-video-preview:-1"},"og_locale":"en_US","og_type":"article","og_title":"Po\u00e8mes de Shri Mataji - TEST - SMND","og_description":"\u00catre un grain de poussi\u00e8re Je veux \u00eatre plus petite Comme un grain de poussi\u00e8re Qui vole avec le vent. Qui va n&#8217;importe o\u00f9 Peut s&#8217;en aller Se poser sur la t\u00eate d&#8217;un roi Ou peut s&#8217;en aller Et tomber aux pieds de quelqu&#8217;un Et peut s&#8217;en aller Pour se poser sur une petite fleur&hellip; Read more","og_url":"https:\/\/shrimataji.org\/test\/fr\/poemes-de-shri-mataji\/","og_site_name":"TEST - SMND","article_publisher":"https:\/\/www.facebook.com\/shrimataji","article_modified_time":"2025-11-12T16:50:21+00:00","og_image":[{"width":990,"height":350,"url":"https:\/\/shrimataji.org\/test\/wp-content\/uploads\/2018\/07\/media_originals\/images\/headers-general\/artwork-by-meredith-cooper-australia.jpg","type":"image\/jpeg"}],"twitter_card":"summary_large_image","twitter_site":"@shrimataji","twitter_misc":{"Est. reading time":"2 minutes"},"schema":{"@context":"https:\/\/schema.org","@graph":[{"@type":"WebPage","@id":"https:\/\/shrimataji.org\/test\/fr\/poemes-de-shri-mataji\/","url":"https:\/\/shrimataji.org\/test\/fr\/poemes-de-shri-mataji\/","name":"Po\u00e8mes de Shri Mataji - TEST - SMND","isPartOf":{"@id":"https:\/\/shrimataji.org\/test\/#website"},"primaryImageOfPage":{"@id":"https:\/\/shrimataji.org\/test\/fr\/poemes-de-shri-mataji\/#primaryimage"},"image":{"@id":"https:\/\/shrimataji.org\/test\/fr\/poemes-de-shri-mataji\/#primaryimage"},"thumbnailUrl":"https:\/\/shrimataji.org\/test\/wp-content\/uploads\/2018\/07\/media_originals\/images\/headers-general\/artwork-by-meredith-cooper-australia.jpg","datePublished":"2015-02-02T03:00:00+00:00","dateModified":"2025-11-12T16:50:21+00:00","breadcrumb":{"@id":"https:\/\/shrimataji.org\/test\/fr\/poemes-de-shri-mataji\/#breadcrumb"},"inLanguage":"en-US","potentialAction":[{"@type":"ReadAction","target":["https:\/\/shrimataji.org\/test\/fr\/poemes-de-shri-mataji\/"]}]},{"@type":"ImageObject","inLanguage":"en-US","@id":"https:\/\/shrimataji.org\/test\/fr\/poemes-de-shri-mataji\/#primaryimage","url":"https:\/\/shrimataji.org\/test\/wp-content\/uploads\/2018\/07\/media_originals\/images\/headers-general\/artwork-by-meredith-cooper-australia.jpg","contentUrl":"https:\/\/shrimataji.org\/test\/wp-content\/uploads\/2018\/07\/media_originals\/images\/headers-general\/artwork-by-meredith-cooper-australia.jpg","width":990,"height":350},{"@type":"BreadcrumbList","@id":"https:\/\/shrimataji.org\/test\/fr\/poemes-de-shri-mataji\/#breadcrumb","itemListElement":[{"@type":"ListItem","position":1,"name":"Home","item":"https:\/\/shrimataji.org\/test\/uk\/home-en\/"},{"@type":"ListItem","position":2,"name":"Po\u00e8mes de Shri Mataji"}]},{"@type":"WebSite","@id":"https:\/\/shrimataji.org\/test\/#website","url":"https:\/\/shrimataji.org\/test\/","name":"Shri Mataji Nirmala Devi","description":"A Life Dedicated to Humanity","publisher":{"@id":"https:\/\/shrimataji.org\/test\/#\/schema\/person\/a1b3419c6585f164aa96da1ff85715d1"},"potentialAction":[{"@type":"SearchAction","target":{"@type":"EntryPoint","urlTemplate":"https:\/\/shrimataji.org\/test\/?s={search_term_string}"},"query-input":{"@type":"PropertyValueSpecification","valueRequired":true,"valueName":"search_term_string"}}],"inLanguage":"en-US"},{"@type":["Person","Organization"],"@id":"https:\/\/shrimataji.org\/test\/#\/schema\/person\/a1b3419c6585f164aa96da1ff85715d1","name":"Nirmala Shrivastava","image":{"@type":"ImageObject","inLanguage":"en-US","@id":"https:\/\/shrimataji.org\/test\/wp-content\/uploads\/2023\/02\/SMO_LOGO-03.svg","url":"https:\/\/shrimataji.org\/test\/wp-content\/uploads\/2023\/02\/SMO_LOGO-03.svg","contentUrl":"https:\/\/shrimataji.org\/test\/wp-content\/uploads\/2023\/02\/SMO_LOGO-03.svg","width":"1024","height":"1024","caption":"Nirmala Shrivastava"},"logo":{"@id":"https:\/\/shrimataji.org\/test\/wp-content\/uploads\/2023\/02\/SMO_LOGO-03.svg"},"sameAs":["https:\/\/shrimataji.org\/test","https:\/\/www.facebook.com\/shrimataji","https:\/\/x.com\/shrimataji","https:\/\/www.youtube.com\/@Shri_Mataji_Nirmala_Devi\/featured"]}]}},"lang":"fr","translations":{"fr":10776,"ur":37479,"en":428,"am":18052,"th":20022,"hu":19536,"sq":18453,"zh":17350,"hi":7608,"tr":10194,"pt":10404,"de":10678,"it":10874,"es":10971,"ja":11268,"ru":11456,"bn":11648,"te":11756,"sw":11879,"he":12027,"el":12319,"sk":12417,"fa":12515,"fi":12613,"bg":13489,"ro":14564,"cs":14757,"nl":16613,"ku":16773,"ar":16949,"be":18660,"kn":18934,"mr":20386,"uk":20680,"ml":20975,"ta":22771,"sv":23041,"gu":28885,"pa":29045,"fil":29489,"da":37790,"pl":38002,"nn":38342},"pll_sync_post":[],"_links":{"self":[{"href":"https:\/\/shrimataji.org\/test\/wp-json\/wp\/v2\/pages\/10776","targetHints":{"allow":["GET"]}}],"collection":[{"href":"https:\/\/shrimataji.org\/test\/wp-json\/wp\/v2\/pages"}],"about":[{"href":"https:\/\/shrimataji.org\/test\/wp-json\/wp\/v2\/types\/page"}],"author":[{"embeddable":true,"href":"https:\/\/shrimataji.org\/test\/wp-json\/wp\/v2\/users\/7"}],"replies":[{"embeddable":true,"href":"https:\/\/shrimataji.org\/test\/wp-json\/wp\/v2\/comments?post=10776"}],"version-history":[{"count":0,"href":"https:\/\/shrimataji.org\/test\/wp-json\/wp\/v2\/pages\/10776\/revisions"}],"wp:featuredmedia":[{"embeddable":true,"href":"https:\/\/shrimataji.org\/test\/wp-json\/wp\/v2\/media\/150"}],"wp:attachment":[{"href":"https:\/\/shrimataji.org\/test\/wp-json\/wp\/v2\/media?parent=10776"}],"curies":[{"name":"wp","href":"https:\/\/api.w.org\/{rel}","templated":true}]}}