{"id":10777,"date":"2015-11-02T21:00:00","date_gmt":"2015-11-02T21:00:00","guid":{"rendered":"http:\/\/testwordpress.nirmalnagari.org\/smnd\/index.php\/press\/"},"modified":"2025-11-22T14:59:25","modified_gmt":"2025-11-22T14:59:25","slug":"presse-et-media","status":"publish","type":"page","link":"https:\/\/shrimataji.org\/test\/fr\/presse-et-media\/","title":{"rendered":"Presse et Media"},"content":{"rendered":"\n\n\t<h1>Presse et Media<\/h1>\n<h2>Contact<\/h2>\n<p>Les membres accr\u00e9dit\u00e9s de la presse et des m\u00e9dias sont invit\u00e9s \u00e0 \u00e9crire \u00e0 <a href=\"mailto:press@shrimataji.org?subject=Contact%20from%20ShriMataji.org%20Press%20Page\">press@shrimataji.org<\/a><\/p>\n<h2>Documents<\/h2>\n<p>S\u00e9lectionnez un document \u00e0 t\u00e9l\u00e9charger :<\/p>\n<ul>\n<li><a href=\"https:\/\/shrimataji.org\/test\/wp-content\/uploads\/2025\/11\/SHRI-MATAJI-NIRMALA-DEVI-courte-bio-et-distinctions.pdf\" target=\"_blank\" rel=\"noopener\">Shri Mataji Nirmala Devi : courte biographie et distinctions<\/a><\/li>\n<li><a href=\"https:\/\/shrimataji.org\/test\/wp-content\/uploads\/2025\/11\/Sahaja-Yoga-Meditation-pour-PDF-francais.pdf\" target=\"_blank\" rel=\"noopener\">M\u00e9ditation Sahaja Yoga : aper\u00e7u g\u00e9n\u00e9ral<\/a><\/li>\n<li><a href=\"https:\/\/shrimataji.org\/test\/wp-content\/uploads\/2025\/11\/Brochure-SHRI-MATAJI-FR-LAST-COLOUR-PHOTO-2025.pdf\" target=\"_blank\" rel=\"noopener\">Une brochure au sujet de Shri Mataji Nirmala Devi<\/a><\/li>\n<\/ul>\n\t<h2>Articles<\/h2>\n<p><a href=\"https:\/\/shrimataji.org\/test\/wp-content\/uploads\/2023\/03\/Shri-Mataji-100-Anniversary-Press-Release.pdf\" target=\"_blank\" rel=\"noopener\">Shri Mataji Nirmala Devi 100th anniversaire<\/a><\/p>\n<p><a href=\"https:\/\/shrimataji.org\/test\/wp-content\/uploads\/2020\/05\/5th-May_50-years-Sahaja-Yoga_press-release.pdf\" target=\"_blank\" rel=\"noopener\">Sahaja Yoga 50th anniversaire<\/a><\/p>\n<a href=\"\/the-international-day-of-yoga\/\" target=\"_blank\" rel=\"noopener\">Journ\u00e9e internationale du yoga, 21 juin 2015<br \/>\n<\/a>\n<p><a href=\"\/may-5th-world-realization-day\/\" target=\"_blank\" rel=\"noopener\">Le 5 mai est la &#8216;Journ\u00e9e mondiale de la R\u00e9alisation&#8217; en l&#8217;honneur de Shri Mataji Nirmala Devi<\/a><\/p>\n<p><a href=\"\/obituary-for-sir-c-p-srivastava\/\" target=\"_blank\" rel=\"noopener\">\u00c9loge fun\u00e8bre de Sir C.P. Srivastava<\/a><\/p>\n\t<h2>Photographies<\/h2>\n<p>Veuillez lire les conditions d&#8217;utilisation avant de t\u00e9l\u00e9charger les photos de presse ci-dessous. Les photos sont au format TIFF et compress\u00e9es au format ZIP pour le t\u00e9l\u00e9chargement.<\/p>\n\t\t\t\t<img decoding=\"async\" src=\"https:\/\/shrimataji.org\/test\/wp-content\/uploads\/2023\/03\/Home_1440x775_100_2-scaled.jpg\" alt=\"Home_1440x775_100_2\" itemprop=\"image\" height=\"1378\" width=\"2560\" title=\"Home_1440x775_100_2\" onerror=\"this.style.display='none'\" loading=\"lazy\" \/>\n\t\t\t\t<img decoding=\"async\" src=\"https:\/\/shrimataji.org\/test\/wp-content\/uploads\/2020\/04\/Image-50-years-1920x1080-1.jpg\" alt=\"Image-50-years-1920x1080\" itemprop=\"image\" height=\"1080\" width=\"1920\" title=\"Image-50-years-1920x1080\" onerror=\"this.style.display='none'\" loading=\"lazy\" \/>\n\t<p><img loading=\"lazy\" decoding=\"async\" src=\"https:\/\/shrimataji.org\/test\/wp-content\/uploads\/2018\/07\/media_originals\/images\/shri-mataji-portraits\/shri-mataji-nirmala-devi-lane-cove-sydney-australia-722x1024.jpg\" alt=\"\" width=\"722\" height=\"1024\" \/><\/p>\n\t<p><img loading=\"lazy\" decoding=\"async\" src=\"https:\/\/shrimataji.org\/test\/wp-content\/uploads\/2018\/07\/media_originals\/images\/press\/shri-mataji-nirmala-devi-press-portrait-2-1024x681.jpg\" alt=\"\" width=\"1024\" height=\"681\" \/><\/p>\n<p>&nbsp;<\/p>\n<p><img loading=\"lazy\" decoding=\"async\" src=\"https:\/\/shrimataji.org\/test\/wp-content\/uploads\/2018\/07\/media_originals\/images\/press\/shri-mataji-nirmala-devi-press-portrait-3-1024x726.jpg\" alt=\"\" width=\"1024\" height=\"726\" \/><\/p>\n\t<h4>Conditions d&#8217;utilisation<\/h4>\n<p>Informations importantes concernant l&#8217;utilisation des documents, logos et photos<\/p>\n<p>En copiant ou en utilisant les photos ci-dessus, vous reconnaissez avoir lu et accept\u00e9 l&#8217;accord d&#8217;utilisation des images ci-dessous qui r\u00e9git l&#8217;utilisation de toute photo obtenue \u00e0 partir de cette page web.<\/p>\n<p>Si vous n&#8217;acceptez pas les conditions de cet accord, veuillez ne pas copier ou utiliser la photo de quelque mani\u00e8re que ce soit. Si vous avez des questions, n&#8217;h\u00e9sitez pas \u00e0 nous \u00e9crire \u00e0 l&#8217;adresse <a href=\"mailto:press@shrimataji.org?subject=Contact%20from%20ShriMataji.org%20Press%20Page\">press@shrimataji.org<\/a>.<\/p>\n<h4>Accord d&#8217;utilisation<\/h4>\n<p>Sous r\u00e9serve des conditions du pr\u00e9sent accord, vous pouvez utiliser l&#8217;image dans son int\u00e9gralit\u00e9 \u00e0 des fins \u00e9ditoriales par la presse et les m\u00e9dias. Ce droit d&#8217;utilisation vous est personnel et n&#8217;est pas transf\u00e9rable \u00e0 un tiers. La photo ne peut \u00eatre utilis\u00e9e pour promouvoir ou vendre un produit ou une technologie (par exemple dans des publicit\u00e9s, des brochures, des couvertures de livres, des banques d&#8217;images, des t-shirts ou tout autre article promotionnel). Vous ne pouvez pas alt\u00e9rer ou modifier l&#8217;image, en tout ou en partie, pour quelque raison que ce soit.<\/p>\n<p>Entre vous et la Fondation Mondiale Shri Mataji Nirmala Devi, qui est et restera le propri\u00e9taire unique et exclusif de la photo, sauf dans certains cas particuliers o\u00f9 la propri\u00e9t\u00e9 est conserv\u00e9e par un tiers. Vous ne supprimerez, ne modifierez ni ne masquerez aucune mention de propri\u00e9t\u00e9 relative \u00e0 la photo, et chaque utilisation sera accompagn\u00e9e de la mention de propri\u00e9t\u00e9 applicable figurant \u00e0 c\u00f4t\u00e9 de l&#8217;image.<\/p>\n<p>Toutes les photos, documents texte et logos figurant sur cette page sont prot\u00e9g\u00e9s par le droit d&#8217;auteur de la Fondation Mondiale Shri Mataji Nirmala Devi ou de tiers s\u00e9lectionn\u00e9s.<\/p>\n<h4>Utilisation<\/h4>\n<p>Informations importantes concernant l&#8217;utilisation des documents, logos et photos<\/p>\n<p>En copiant ou en utilisant les photos ci-dessus, vous reconnaissez avoir lu et accept\u00e9 l&#8217;accord d&#8217;utilisation des images ci-dessous qui r\u00e9git l&#8217;utilisation de toute photo obtenue \u00e0 partir de cette page web.<\/p>\n<p>Si vous n&#8217;acceptez pas les termes de cet accord, veuillez ne pas copier ou utiliser la photo de quelque mani\u00e8re que ce soit. Si vous avez des questions, n&#8217;h\u00e9sitez pas \u00e0 nous \u00e9crire \u00e0 l&#8217;adresse <a href=\"mailto:press@shrimataji.org?subject=Contact%20from%20ShriMataji.org%20Press%20Page\">press@shrimataji.org<\/a>.<\/p>\n<p>&nbsp;<\/p>\n\t<p><strong>\u00a9 Shri Mataji Nirmala Devi Sahaja Yoga World Foundation, organisation \u00e0 but non lucratif inscrite au registre r\u00e9gional des entit\u00e9s judiciaires du Pi\u00e9mont (prot. n\u00b0 747)<\/strong><\/p>\n<p>&nbsp;<\/p>\n\n","protected":false},"excerpt":{"rendered":"<p>Presse et Media Contact Les membres accr\u00e9dit\u00e9s de la presse et des m\u00e9dias sont invit\u00e9s \u00e0 \u00e9crire \u00e0 press@shrimataji.org Documents S\u00e9lectionnez un document \u00e0 t\u00e9l\u00e9charger : Shri Mataji Nirmala Devi : courte biographie et distinctions M\u00e9ditation Sahaja Yoga : aper\u00e7u g\u00e9n\u00e9ral Une brochure au sujet de Shri Mataji Nirmala Devi Articles Shri Mataji Nirmala Devi&hellip; <br \/> <a class=\"read-more\" href=\"https:\/\/shrimataji.org\/test\/fr\/presse-et-media\/\">Read more<\/a><\/p>\n","protected":false},"author":7,"featured_media":9552,"parent":0,"menu_order":0,"comment_status":"closed","ping_status":"closed","template":"","meta":{"inline_featured_image":false,"footnotes":""},"class_list":["post-10777","page","type-page","status-publish","has-post-thumbnail","hentry"],"yoast_head":"<!-- This site is optimized with the Yoast SEO plugin v27.4 - https:\/\/yoast.com\/product\/yoast-seo-wordpress\/ -->\n<title>Presse et Media - TEST - SMND<\/title>\n<meta name=\"robots\" content=\"noindex, follow, max-snippet:-1, max-image-preview:large, max-video-preview:-1\" \/>\n<meta property=\"og:locale\" content=\"en_US\" \/>\n<meta property=\"og:type\" content=\"article\" \/>\n<meta property=\"og:title\" content=\"Presse et Media - TEST - SMND\" \/>\n<meta property=\"og:description\" content=\"Presse et Media Contact Les membres accr\u00e9dit\u00e9s de la presse et des m\u00e9dias sont invit\u00e9s \u00e0 \u00e9crire \u00e0 press@shrimataji.org Documents S\u00e9lectionnez un document \u00e0 t\u00e9l\u00e9charger : Shri Mataji Nirmala Devi : courte biographie et distinctions M\u00e9ditation Sahaja Yoga : aper\u00e7u g\u00e9n\u00e9ral Une brochure au sujet de Shri Mataji Nirmala Devi Articles Shri Mataji Nirmala Devi&hellip; Read more\" \/>\n<meta property=\"og:url\" content=\"https:\/\/shrimataji.org\/test\/fr\/presse-et-media\/\" \/>\n<meta property=\"og:site_name\" content=\"TEST - SMND\" \/>\n<meta property=\"article:publisher\" content=\"https:\/\/www.facebook.com\/shrimataji\" \/>\n<meta property=\"article:modified_time\" content=\"2025-11-22T14:59:25+00:00\" \/>\n<meta property=\"og:image\" content=\"https:\/\/shrimataji.org\/test\/wp-content\/uploads\/2023\/03\/Banner-Footer-Castle-1-scaled.jpg\" \/>\n\t<meta property=\"og:image:width\" content=\"2560\" \/>\n\t<meta property=\"og:image:height\" content=\"905\" \/>\n\t<meta property=\"og:image:type\" content=\"image\/jpeg\" \/>\n<meta name=\"twitter:card\" content=\"summary_large_image\" \/>\n<meta name=\"twitter:site\" content=\"@shrimataji\" \/>\n<script type=\"application\/ld+json\" class=\"yoast-schema-graph\">{\"@context\":\"https:\\\/\\\/schema.org\",\"@graph\":[{\"@type\":\"WebPage\",\"@id\":\"https:\\\/\\\/shrimataji.org\\\/test\\\/fr\\\/presse-et-media\\\/\",\"url\":\"https:\\\/\\\/shrimataji.org\\\/test\\\/fr\\\/presse-et-media\\\/\",\"name\":\"Presse et Media - TEST - SMND\",\"isPartOf\":{\"@id\":\"https:\\\/\\\/shrimataji.org\\\/test\\\/#website\"},\"primaryImageOfPage\":{\"@id\":\"https:\\\/\\\/shrimataji.org\\\/test\\\/fr\\\/presse-et-media\\\/#primaryimage\"},\"image\":{\"@id\":\"https:\\\/\\\/shrimataji.org\\\/test\\\/fr\\\/presse-et-media\\\/#primaryimage\"},\"thumbnailUrl\":\"https:\\\/\\\/shrimataji.org\\\/test\\\/wp-content\\\/uploads\\\/2023\\\/03\\\/Banner-Footer-Castle-1-scaled.jpg\",\"datePublished\":\"2015-11-02T21:00:00+00:00\",\"dateModified\":\"2025-11-22T14:59:25+00:00\",\"breadcrumb\":{\"@id\":\"https:\\\/\\\/shrimataji.org\\\/test\\\/fr\\\/presse-et-media\\\/#breadcrumb\"},\"inLanguage\":\"en-US\",\"potentialAction\":[{\"@type\":\"ReadAction\",\"target\":[\"https:\\\/\\\/shrimataji.org\\\/test\\\/fr\\\/presse-et-media\\\/\"]}]},{\"@type\":\"ImageObject\",\"inLanguage\":\"en-US\",\"@id\":\"https:\\\/\\\/shrimataji.org\\\/test\\\/fr\\\/presse-et-media\\\/#primaryimage\",\"url\":\"https:\\\/\\\/shrimataji.org\\\/test\\\/wp-content\\\/uploads\\\/2023\\\/03\\\/Banner-Footer-Castle-1-scaled.jpg\",\"contentUrl\":\"https:\\\/\\\/shrimataji.org\\\/test\\\/wp-content\\\/uploads\\\/2023\\\/03\\\/Banner-Footer-Castle-1-scaled.jpg\",\"width\":2560,\"height\":905},{\"@type\":\"BreadcrumbList\",\"@id\":\"https:\\\/\\\/shrimataji.org\\\/test\\\/fr\\\/presse-et-media\\\/#breadcrumb\",\"itemListElement\":[{\"@type\":\"ListItem\",\"position\":1,\"name\":\"Home\",\"item\":\"https:\\\/\\\/shrimataji.org\\\/test\\\/uk\\\/home-en\\\/\"},{\"@type\":\"ListItem\",\"position\":2,\"name\":\"Presse et Media\"}]},{\"@type\":\"WebSite\",\"@id\":\"https:\\\/\\\/shrimataji.org\\\/test\\\/#website\",\"url\":\"https:\\\/\\\/shrimataji.org\\\/test\\\/\",\"name\":\"Shri Mataji Nirmala Devi\",\"description\":\"A Life Dedicated to Humanity\",\"publisher\":{\"@id\":\"https:\\\/\\\/shrimataji.org\\\/test\\\/#\\\/schema\\\/person\\\/a1b3419c6585f164aa96da1ff85715d1\"},\"potentialAction\":[{\"@type\":\"SearchAction\",\"target\":{\"@type\":\"EntryPoint\",\"urlTemplate\":\"https:\\\/\\\/shrimataji.org\\\/test\\\/?s={search_term_string}\"},\"query-input\":{\"@type\":\"PropertyValueSpecification\",\"valueRequired\":true,\"valueName\":\"search_term_string\"}}],\"inLanguage\":\"en-US\"},{\"@type\":[\"Person\",\"Organization\"],\"@id\":\"https:\\\/\\\/shrimataji.org\\\/test\\\/#\\\/schema\\\/person\\\/a1b3419c6585f164aa96da1ff85715d1\",\"name\":\"Nirmala Shrivastava\",\"image\":{\"@type\":\"ImageObject\",\"inLanguage\":\"en-US\",\"@id\":\"https:\\\/\\\/shrimataji.org\\\/test\\\/wp-content\\\/uploads\\\/2023\\\/02\\\/SMO_LOGO-03.svg\",\"url\":\"https:\\\/\\\/shrimataji.org\\\/test\\\/wp-content\\\/uploads\\\/2023\\\/02\\\/SMO_LOGO-03.svg\",\"contentUrl\":\"https:\\\/\\\/shrimataji.org\\\/test\\\/wp-content\\\/uploads\\\/2023\\\/02\\\/SMO_LOGO-03.svg\",\"width\":\"1024\",\"height\":\"1024\",\"caption\":\"Nirmala Shrivastava\"},\"logo\":{\"@id\":\"https:\\\/\\\/shrimataji.org\\\/test\\\/wp-content\\\/uploads\\\/2023\\\/02\\\/SMO_LOGO-03.svg\"},\"sameAs\":[\"https:\\\/\\\/shrimataji.org\\\/test\",\"https:\\\/\\\/www.facebook.com\\\/shrimataji\",\"https:\\\/\\\/x.com\\\/shrimataji\",\"https:\\\/\\\/www.youtube.com\\\/@Shri_Mataji_Nirmala_Devi\\\/featured\"]}]}<\/script>\n<!-- \/ Yoast SEO plugin. -->","yoast_head_json":{"title":"Presse et Media - TEST - SMND","robots":{"index":"noindex","follow":"follow","max-snippet":"max-snippet:-1","max-image-preview":"max-image-preview:large","max-video-preview":"max-video-preview:-1"},"og_locale":"en_US","og_type":"article","og_title":"Presse et Media - TEST - SMND","og_description":"Presse et Media Contact Les membres accr\u00e9dit\u00e9s de la presse et des m\u00e9dias sont invit\u00e9s \u00e0 \u00e9crire \u00e0 press@shrimataji.org Documents S\u00e9lectionnez un document \u00e0 t\u00e9l\u00e9charger : Shri Mataji Nirmala Devi : courte biographie et distinctions M\u00e9ditation Sahaja Yoga : aper\u00e7u g\u00e9n\u00e9ral Une brochure au sujet de Shri Mataji Nirmala Devi Articles Shri Mataji Nirmala Devi&hellip; Read more","og_url":"https:\/\/shrimataji.org\/test\/fr\/presse-et-media\/","og_site_name":"TEST - SMND","article_publisher":"https:\/\/www.facebook.com\/shrimataji","article_modified_time":"2025-11-22T14:59:25+00:00","og_image":[{"width":2560,"height":905,"url":"https:\/\/shrimataji.org\/test\/wp-content\/uploads\/2023\/03\/Banner-Footer-Castle-1-scaled.jpg","type":"image\/jpeg"}],"twitter_card":"summary_large_image","twitter_site":"@shrimataji","schema":{"@context":"https:\/\/schema.org","@graph":[{"@type":"WebPage","@id":"https:\/\/shrimataji.org\/test\/fr\/presse-et-media\/","url":"https:\/\/shrimataji.org\/test\/fr\/presse-et-media\/","name":"Presse et Media - TEST - SMND","isPartOf":{"@id":"https:\/\/shrimataji.org\/test\/#website"},"primaryImageOfPage":{"@id":"https:\/\/shrimataji.org\/test\/fr\/presse-et-media\/#primaryimage"},"image":{"@id":"https:\/\/shrimataji.org\/test\/fr\/presse-et-media\/#primaryimage"},"thumbnailUrl":"https:\/\/shrimataji.org\/test\/wp-content\/uploads\/2023\/03\/Banner-Footer-Castle-1-scaled.jpg","datePublished":"2015-11-02T21:00:00+00:00","dateModified":"2025-11-22T14:59:25+00:00","breadcrumb":{"@id":"https:\/\/shrimataji.org\/test\/fr\/presse-et-media\/#breadcrumb"},"inLanguage":"en-US","potentialAction":[{"@type":"ReadAction","target":["https:\/\/shrimataji.org\/test\/fr\/presse-et-media\/"]}]},{"@type":"ImageObject","inLanguage":"en-US","@id":"https:\/\/shrimataji.org\/test\/fr\/presse-et-media\/#primaryimage","url":"https:\/\/shrimataji.org\/test\/wp-content\/uploads\/2023\/03\/Banner-Footer-Castle-1-scaled.jpg","contentUrl":"https:\/\/shrimataji.org\/test\/wp-content\/uploads\/2023\/03\/Banner-Footer-Castle-1-scaled.jpg","width":2560,"height":905},{"@type":"BreadcrumbList","@id":"https:\/\/shrimataji.org\/test\/fr\/presse-et-media\/#breadcrumb","itemListElement":[{"@type":"ListItem","position":1,"name":"Home","item":"https:\/\/shrimataji.org\/test\/uk\/home-en\/"},{"@type":"ListItem","position":2,"name":"Presse et Media"}]},{"@type":"WebSite","@id":"https:\/\/shrimataji.org\/test\/#website","url":"https:\/\/shrimataji.org\/test\/","name":"Shri Mataji Nirmala Devi","description":"A Life Dedicated to Humanity","publisher":{"@id":"https:\/\/shrimataji.org\/test\/#\/schema\/person\/a1b3419c6585f164aa96da1ff85715d1"},"potentialAction":[{"@type":"SearchAction","target":{"@type":"EntryPoint","urlTemplate":"https:\/\/shrimataji.org\/test\/?s={search_term_string}"},"query-input":{"@type":"PropertyValueSpecification","valueRequired":true,"valueName":"search_term_string"}}],"inLanguage":"en-US"},{"@type":["Person","Organization"],"@id":"https:\/\/shrimataji.org\/test\/#\/schema\/person\/a1b3419c6585f164aa96da1ff85715d1","name":"Nirmala Shrivastava","image":{"@type":"ImageObject","inLanguage":"en-US","@id":"https:\/\/shrimataji.org\/test\/wp-content\/uploads\/2023\/02\/SMO_LOGO-03.svg","url":"https:\/\/shrimataji.org\/test\/wp-content\/uploads\/2023\/02\/SMO_LOGO-03.svg","contentUrl":"https:\/\/shrimataji.org\/test\/wp-content\/uploads\/2023\/02\/SMO_LOGO-03.svg","width":"1024","height":"1024","caption":"Nirmala Shrivastava"},"logo":{"@id":"https:\/\/shrimataji.org\/test\/wp-content\/uploads\/2023\/02\/SMO_LOGO-03.svg"},"sameAs":["https:\/\/shrimataji.org\/test","https:\/\/www.facebook.com\/shrimataji","https:\/\/x.com\/shrimataji","https:\/\/www.youtube.com\/@Shri_Mataji_Nirmala_Devi\/featured"]}]}},"lang":"fr","translations":{"fr":10777,"en":426,"am":18054,"th":20025,"hu":19538,"sq":18455,"zh":17352,"hi":8501,"tr":10195,"pt":10405,"de":10679,"it":10875,"es":10972,"ja":11269,"ru":11457,"bn":11649,"te":11757,"sw":11880,"he":12028,"el":12320,"fa":12516,"fi":12614,"bg":13488,"ro":14563,"cs":14756,"nl":16615,"ku":16775,"ar":16951,"be":18662,"kn":18936,"mr":20389,"uk":20683,"ml":20978,"ta":22773,"sv":23043,"pa":29047,"fil":29491},"pll_sync_post":[],"_links":{"self":[{"href":"https:\/\/shrimataji.org\/test\/wp-json\/wp\/v2\/pages\/10777","targetHints":{"allow":["GET"]}}],"collection":[{"href":"https:\/\/shrimataji.org\/test\/wp-json\/wp\/v2\/pages"}],"about":[{"href":"https:\/\/shrimataji.org\/test\/wp-json\/wp\/v2\/types\/page"}],"author":[{"embeddable":true,"href":"https:\/\/shrimataji.org\/test\/wp-json\/wp\/v2\/users\/7"}],"replies":[{"embeddable":true,"href":"https:\/\/shrimataji.org\/test\/wp-json\/wp\/v2\/comments?post=10777"}],"version-history":[{"count":0,"href":"https:\/\/shrimataji.org\/test\/wp-json\/wp\/v2\/pages\/10777\/revisions"}],"wp:featuredmedia":[{"embeddable":true,"href":"https:\/\/shrimataji.org\/test\/wp-json\/wp\/v2\/media\/9552"}],"wp:attachment":[{"href":"https:\/\/shrimataji.org\/test\/wp-json\/wp\/v2\/media?parent=10777"}],"curies":[{"name":"wp","href":"https:\/\/api.w.org\/{rel}","templated":true}]}}