{"id":10778,"date":"2012-08-02T21:00:00","date_gmt":"2012-08-02T21:00:00","guid":{"rendered":"http:\/\/testwordpress.nirmalnagari.org\/smnd\/index.php\/privacy\/"},"modified":"2026-02-07T09:34:46","modified_gmt":"2026-02-07T09:34:46","slug":"notre-politique-de-confidentialite","status":"publish","type":"page","link":"https:\/\/shrimataji.org\/test\/fr\/notre-politique-de-confidentialite\/","title":{"rendered":"Notre politique de confidentialit\u00e9"},"content":{"rendered":"\n\n\t<h1><strong>Notre politique de confidentialit\u00e9<\/strong><\/h1>\n<p><strong>Sur ShriMataji.org, nous sommes conscients de la confiance que vous nous accordez et de notre responsabilit\u00e9 \u00e0 prot\u00e9ger votre vie priv\u00e9e. Dans le cadre de cette responsabilit\u00e9, nous vous informons des informations que nous recueillons lorsque vous utilisez notre site web, des raisons pour lesquelles nous les recueillons et de la mani\u00e8re dont nous les utilisons pour am\u00e9liorer votre exp\u00e9rience.<\/strong><\/p>\n<p>La Fondation mondiale Shri Mataji Nirmala Devi Sahaja Yoga adopte des proc\u00e9dures et des politiques d&#8217;entreprise conformes au r\u00e8glement g\u00e9n\u00e9ral sur la protection des donn\u00e9es (RGPD 2016\/679) de l&#8217;Union europ\u00e9enne afin de garantir des normes de s\u00e9curit\u00e9 \u00e9lev\u00e9es et des r\u00e8gles permettant un traitement ad\u00e9quat des donn\u00e9es \u00e0 caract\u00e8re personnel.<\/p>\n<p><strong>Personnes autoris\u00e9es \u00e0 traiter les donn\u00e9es<\/strong><\/p>\n<p>Les donn\u00e9es sont trait\u00e9es par du personnel d\u00fbment identifi\u00e9, form\u00e9 et autoris\u00e9 \u00e0 traiter les donn\u00e9es, op\u00e9rant tant \u00e0 l&#8217;int\u00e9rieur qu&#8217;\u00e0 l&#8217;ext\u00e9rieur des bureaux de l&#8217;entreprise.<\/p>\n<p><strong>Conservation des donn\u00e9es<\/strong><\/p>\n<p>Les donn\u00e9es ne sont utilis\u00e9es que pendant la dur\u00e9e strictement n\u00e9cessaire aux fins du traitement.<\/p>\n<p><strong>Informations sur la confidentialit\u00e9<\/strong><\/p>\n<p>Pour plus de d\u00e9tails, veuillez trouver ci-dessous les informations sur la confidentialit\u00e9 :<\/p>\n<ul>\n<li><a href=\"https:\/\/shrimataji.org\/test\/wp-content\/uploads\/2020\/04\/1_Privacy_Information_Website_User.pdf\" target=\"_blank\" rel=\"noopener\">Informations sur la confidentialit\u00e9 pour les utilisateurs du site web<\/a><\/li>\n<li><a href=\"https:\/\/shrimataji.org\/test\/wp-content\/uploads\/2020\/04\/Privacy_Information_Feedback.pdf\" target=\"_blank\" rel=\"noopener\">Informations sur la confidentialit\u00e9 pour les commentaires<\/a><\/li>\n<li><a href=\"https:\/\/shrimataji.org\/test\/wp-content\/uploads\/2020\/04\/Cookie-Policy_eng.pdf\" target=\"_blank\" rel=\"noopener\">Politique en mati\u00e8re de cookies<\/a><\/li>\n<\/ul>\n<p><strong>\u00a0<\/strong><\/p>\n<p>&nbsp;<\/p>\n<hr \/>\n<p><strong>\u00a9 Shri Mataji Nirmala Devi Sahaja Yoga World Foundation, organisation \u00e0 but non lucratif inscrite au registre r\u00e9gional des entit\u00e9s judiciaires du Pi\u00e9mont (prot. n\u00b0 747)<\/strong><\/p>\n\n","protected":false},"excerpt":{"rendered":"<p>Notre politique de confidentialit\u00e9 Sur ShriMataji.org, nous sommes conscients de la confiance que vous nous accordez et de notre responsabilit\u00e9 \u00e0 prot\u00e9ger votre vie priv\u00e9e. Dans le cadre de cette responsabilit\u00e9, nous vous informons des informations que nous recueillons lorsque vous utilisez notre site web, des raisons pour lesquelles nous les recueillons et de la&hellip; <br \/> <a class=\"read-more\" href=\"https:\/\/shrimataji.org\/test\/fr\/notre-politique-de-confidentialite\/\">Read more<\/a><\/p>\n","protected":false},"author":7,"featured_media":9552,"parent":0,"menu_order":0,"comment_status":"closed","ping_status":"closed","template":"","meta":{"inline_featured_image":false,"footnotes":""},"class_list":["post-10778","page","type-page","status-publish","has-post-thumbnail","hentry"],"yoast_head":"<!-- This site is optimized with the Yoast SEO plugin v27.4 - https:\/\/yoast.com\/product\/yoast-seo-wordpress\/ -->\n<title>Notre politique de confidentialit\u00e9 - TEST - SMND<\/title>\n<meta name=\"robots\" content=\"noindex, follow, max-snippet:-1, max-image-preview:large, max-video-preview:-1\" \/>\n<meta property=\"og:locale\" content=\"en_US\" \/>\n<meta property=\"og:type\" content=\"article\" \/>\n<meta property=\"og:title\" content=\"Notre politique de confidentialit\u00e9 - TEST - SMND\" \/>\n<meta property=\"og:description\" content=\"Notre politique de confidentialit\u00e9 Sur ShriMataji.org, nous sommes conscients de la confiance que vous nous accordez et de notre responsabilit\u00e9 \u00e0 prot\u00e9ger votre vie priv\u00e9e. Dans le cadre de cette responsabilit\u00e9, nous vous informons des informations que nous recueillons lorsque vous utilisez notre site web, des raisons pour lesquelles nous les recueillons et de la&hellip; Read more\" \/>\n<meta property=\"og:url\" content=\"https:\/\/shrimataji.org\/test\/fr\/notre-politique-de-confidentialite\/\" \/>\n<meta property=\"og:site_name\" content=\"TEST - SMND\" \/>\n<meta property=\"article:publisher\" content=\"https:\/\/www.facebook.com\/shrimataji\" \/>\n<meta property=\"article:modified_time\" content=\"2026-02-07T09:34:46+00:00\" \/>\n<meta property=\"og:image\" content=\"https:\/\/shrimataji.org\/test\/wp-content\/uploads\/2023\/03\/Banner-Footer-Castle-1-scaled.jpg\" \/>\n\t<meta property=\"og:image:width\" content=\"2560\" \/>\n\t<meta property=\"og:image:height\" content=\"905\" \/>\n\t<meta property=\"og:image:type\" content=\"image\/jpeg\" \/>\n<meta name=\"twitter:card\" content=\"summary_large_image\" \/>\n<meta name=\"twitter:site\" content=\"@shrimataji\" \/>\n<meta name=\"twitter:label1\" content=\"Est. reading time\" \/>\n\t<meta name=\"twitter:data1\" content=\"1 minute\" \/>\n<script type=\"application\/ld+json\" class=\"yoast-schema-graph\">{\"@context\":\"https:\\\/\\\/schema.org\",\"@graph\":[{\"@type\":\"WebPage\",\"@id\":\"https:\\\/\\\/shrimataji.org\\\/test\\\/fr\\\/notre-politique-de-confidentialite\\\/\",\"url\":\"https:\\\/\\\/shrimataji.org\\\/test\\\/fr\\\/notre-politique-de-confidentialite\\\/\",\"name\":\"Notre politique de confidentialit\u00e9 - TEST - SMND\",\"isPartOf\":{\"@id\":\"https:\\\/\\\/shrimataji.org\\\/test\\\/#website\"},\"primaryImageOfPage\":{\"@id\":\"https:\\\/\\\/shrimataji.org\\\/test\\\/fr\\\/notre-politique-de-confidentialite\\\/#primaryimage\"},\"image\":{\"@id\":\"https:\\\/\\\/shrimataji.org\\\/test\\\/fr\\\/notre-politique-de-confidentialite\\\/#primaryimage\"},\"thumbnailUrl\":\"https:\\\/\\\/shrimataji.org\\\/test\\\/wp-content\\\/uploads\\\/2023\\\/03\\\/Banner-Footer-Castle-1-scaled.jpg\",\"datePublished\":\"2012-08-02T21:00:00+00:00\",\"dateModified\":\"2026-02-07T09:34:46+00:00\",\"breadcrumb\":{\"@id\":\"https:\\\/\\\/shrimataji.org\\\/test\\\/fr\\\/notre-politique-de-confidentialite\\\/#breadcrumb\"},\"inLanguage\":\"en-US\",\"potentialAction\":[{\"@type\":\"ReadAction\",\"target\":[\"https:\\\/\\\/shrimataji.org\\\/test\\\/fr\\\/notre-politique-de-confidentialite\\\/\"]}]},{\"@type\":\"ImageObject\",\"inLanguage\":\"en-US\",\"@id\":\"https:\\\/\\\/shrimataji.org\\\/test\\\/fr\\\/notre-politique-de-confidentialite\\\/#primaryimage\",\"url\":\"https:\\\/\\\/shrimataji.org\\\/test\\\/wp-content\\\/uploads\\\/2023\\\/03\\\/Banner-Footer-Castle-1-scaled.jpg\",\"contentUrl\":\"https:\\\/\\\/shrimataji.org\\\/test\\\/wp-content\\\/uploads\\\/2023\\\/03\\\/Banner-Footer-Castle-1-scaled.jpg\",\"width\":2560,\"height\":905},{\"@type\":\"BreadcrumbList\",\"@id\":\"https:\\\/\\\/shrimataji.org\\\/test\\\/fr\\\/notre-politique-de-confidentialite\\\/#breadcrumb\",\"itemListElement\":[{\"@type\":\"ListItem\",\"position\":1,\"name\":\"Home\",\"item\":\"https:\\\/\\\/shrimataji.org\\\/test\\\/uk\\\/home-en\\\/\"},{\"@type\":\"ListItem\",\"position\":2,\"name\":\"Notre politique de confidentialit\u00e9\"}]},{\"@type\":\"WebSite\",\"@id\":\"https:\\\/\\\/shrimataji.org\\\/test\\\/#website\",\"url\":\"https:\\\/\\\/shrimataji.org\\\/test\\\/\",\"name\":\"Shri Mataji Nirmala Devi\",\"description\":\"A Life Dedicated to Humanity\",\"publisher\":{\"@id\":\"https:\\\/\\\/shrimataji.org\\\/test\\\/#\\\/schema\\\/person\\\/a1b3419c6585f164aa96da1ff85715d1\"},\"potentialAction\":[{\"@type\":\"SearchAction\",\"target\":{\"@type\":\"EntryPoint\",\"urlTemplate\":\"https:\\\/\\\/shrimataji.org\\\/test\\\/?s={search_term_string}\"},\"query-input\":{\"@type\":\"PropertyValueSpecification\",\"valueRequired\":true,\"valueName\":\"search_term_string\"}}],\"inLanguage\":\"en-US\"},{\"@type\":[\"Person\",\"Organization\"],\"@id\":\"https:\\\/\\\/shrimataji.org\\\/test\\\/#\\\/schema\\\/person\\\/a1b3419c6585f164aa96da1ff85715d1\",\"name\":\"Nirmala Shrivastava\",\"image\":{\"@type\":\"ImageObject\",\"inLanguage\":\"en-US\",\"@id\":\"https:\\\/\\\/shrimataji.org\\\/test\\\/wp-content\\\/uploads\\\/2023\\\/02\\\/SMO_LOGO-03.svg\",\"url\":\"https:\\\/\\\/shrimataji.org\\\/test\\\/wp-content\\\/uploads\\\/2023\\\/02\\\/SMO_LOGO-03.svg\",\"contentUrl\":\"https:\\\/\\\/shrimataji.org\\\/test\\\/wp-content\\\/uploads\\\/2023\\\/02\\\/SMO_LOGO-03.svg\",\"width\":\"1024\",\"height\":\"1024\",\"caption\":\"Nirmala Shrivastava\"},\"logo\":{\"@id\":\"https:\\\/\\\/shrimataji.org\\\/test\\\/wp-content\\\/uploads\\\/2023\\\/02\\\/SMO_LOGO-03.svg\"},\"sameAs\":[\"https:\\\/\\\/shrimataji.org\\\/test\",\"https:\\\/\\\/www.facebook.com\\\/shrimataji\",\"https:\\\/\\\/x.com\\\/shrimataji\",\"https:\\\/\\\/www.youtube.com\\\/@Shri_Mataji_Nirmala_Devi\\\/featured\"]}]}<\/script>\n<!-- \/ Yoast SEO plugin. -->","yoast_head_json":{"title":"Notre politique de confidentialit\u00e9 - TEST - SMND","robots":{"index":"noindex","follow":"follow","max-snippet":"max-snippet:-1","max-image-preview":"max-image-preview:large","max-video-preview":"max-video-preview:-1"},"og_locale":"en_US","og_type":"article","og_title":"Notre politique de confidentialit\u00e9 - TEST - SMND","og_description":"Notre politique de confidentialit\u00e9 Sur ShriMataji.org, nous sommes conscients de la confiance que vous nous accordez et de notre responsabilit\u00e9 \u00e0 prot\u00e9ger votre vie priv\u00e9e. Dans le cadre de cette responsabilit\u00e9, nous vous informons des informations que nous recueillons lorsque vous utilisez notre site web, des raisons pour lesquelles nous les recueillons et de la&hellip; Read more","og_url":"https:\/\/shrimataji.org\/test\/fr\/notre-politique-de-confidentialite\/","og_site_name":"TEST - SMND","article_publisher":"https:\/\/www.facebook.com\/shrimataji","article_modified_time":"2026-02-07T09:34:46+00:00","og_image":[{"width":2560,"height":905,"url":"https:\/\/shrimataji.org\/test\/wp-content\/uploads\/2023\/03\/Banner-Footer-Castle-1-scaled.jpg","type":"image\/jpeg"}],"twitter_card":"summary_large_image","twitter_site":"@shrimataji","twitter_misc":{"Est. reading time":"1 minute"},"schema":{"@context":"https:\/\/schema.org","@graph":[{"@type":"WebPage","@id":"https:\/\/shrimataji.org\/test\/fr\/notre-politique-de-confidentialite\/","url":"https:\/\/shrimataji.org\/test\/fr\/notre-politique-de-confidentialite\/","name":"Notre politique de confidentialit\u00e9 - TEST - SMND","isPartOf":{"@id":"https:\/\/shrimataji.org\/test\/#website"},"primaryImageOfPage":{"@id":"https:\/\/shrimataji.org\/test\/fr\/notre-politique-de-confidentialite\/#primaryimage"},"image":{"@id":"https:\/\/shrimataji.org\/test\/fr\/notre-politique-de-confidentialite\/#primaryimage"},"thumbnailUrl":"https:\/\/shrimataji.org\/test\/wp-content\/uploads\/2023\/03\/Banner-Footer-Castle-1-scaled.jpg","datePublished":"2012-08-02T21:00:00+00:00","dateModified":"2026-02-07T09:34:46+00:00","breadcrumb":{"@id":"https:\/\/shrimataji.org\/test\/fr\/notre-politique-de-confidentialite\/#breadcrumb"},"inLanguage":"en-US","potentialAction":[{"@type":"ReadAction","target":["https:\/\/shrimataji.org\/test\/fr\/notre-politique-de-confidentialite\/"]}]},{"@type":"ImageObject","inLanguage":"en-US","@id":"https:\/\/shrimataji.org\/test\/fr\/notre-politique-de-confidentialite\/#primaryimage","url":"https:\/\/shrimataji.org\/test\/wp-content\/uploads\/2023\/03\/Banner-Footer-Castle-1-scaled.jpg","contentUrl":"https:\/\/shrimataji.org\/test\/wp-content\/uploads\/2023\/03\/Banner-Footer-Castle-1-scaled.jpg","width":2560,"height":905},{"@type":"BreadcrumbList","@id":"https:\/\/shrimataji.org\/test\/fr\/notre-politique-de-confidentialite\/#breadcrumb","itemListElement":[{"@type":"ListItem","position":1,"name":"Home","item":"https:\/\/shrimataji.org\/test\/uk\/home-en\/"},{"@type":"ListItem","position":2,"name":"Notre politique de confidentialit\u00e9"}]},{"@type":"WebSite","@id":"https:\/\/shrimataji.org\/test\/#website","url":"https:\/\/shrimataji.org\/test\/","name":"Shri Mataji Nirmala Devi","description":"A Life Dedicated to Humanity","publisher":{"@id":"https:\/\/shrimataji.org\/test\/#\/schema\/person\/a1b3419c6585f164aa96da1ff85715d1"},"potentialAction":[{"@type":"SearchAction","target":{"@type":"EntryPoint","urlTemplate":"https:\/\/shrimataji.org\/test\/?s={search_term_string}"},"query-input":{"@type":"PropertyValueSpecification","valueRequired":true,"valueName":"search_term_string"}}],"inLanguage":"en-US"},{"@type":["Person","Organization"],"@id":"https:\/\/shrimataji.org\/test\/#\/schema\/person\/a1b3419c6585f164aa96da1ff85715d1","name":"Nirmala Shrivastava","image":{"@type":"ImageObject","inLanguage":"en-US","@id":"https:\/\/shrimataji.org\/test\/wp-content\/uploads\/2023\/02\/SMO_LOGO-03.svg","url":"https:\/\/shrimataji.org\/test\/wp-content\/uploads\/2023\/02\/SMO_LOGO-03.svg","contentUrl":"https:\/\/shrimataji.org\/test\/wp-content\/uploads\/2023\/02\/SMO_LOGO-03.svg","width":"1024","height":"1024","caption":"Nirmala Shrivastava"},"logo":{"@id":"https:\/\/shrimataji.org\/test\/wp-content\/uploads\/2023\/02\/SMO_LOGO-03.svg"},"sameAs":["https:\/\/shrimataji.org\/test","https:\/\/www.facebook.com\/shrimataji","https:\/\/x.com\/shrimataji","https:\/\/www.youtube.com\/@Shri_Mataji_Nirmala_Devi\/featured"]}]}},"lang":"fr","translations":{"fr":10778,"en":424,"am":18055,"th":20027,"hu":19540,"sq":18456,"zh":17353,"hi":8498,"tr":10196,"pt":10406,"de":10680,"it":10876,"es":10973,"ja":11270,"ru":11458,"bn":11650,"te":11758,"sw":11881,"he":12029,"el":12321,"fa":12517,"fi":12615,"bg":13503,"ro":14578,"cs":14771,"nl":16616,"ku":16776,"ar":16952,"be":18663,"kn":18937,"mr":20391,"uk":20685,"ml":20980,"ta":22774,"sv":23044,"pa":29048,"fil":29492},"pll_sync_post":[],"_links":{"self":[{"href":"https:\/\/shrimataji.org\/test\/wp-json\/wp\/v2\/pages\/10778","targetHints":{"allow":["GET"]}}],"collection":[{"href":"https:\/\/shrimataji.org\/test\/wp-json\/wp\/v2\/pages"}],"about":[{"href":"https:\/\/shrimataji.org\/test\/wp-json\/wp\/v2\/types\/page"}],"author":[{"embeddable":true,"href":"https:\/\/shrimataji.org\/test\/wp-json\/wp\/v2\/users\/7"}],"replies":[{"embeddable":true,"href":"https:\/\/shrimataji.org\/test\/wp-json\/wp\/v2\/comments?post=10778"}],"version-history":[{"count":0,"href":"https:\/\/shrimataji.org\/test\/wp-json\/wp\/v2\/pages\/10778\/revisions"}],"wp:featuredmedia":[{"embeddable":true,"href":"https:\/\/shrimataji.org\/test\/wp-json\/wp\/v2\/media\/9552"}],"wp:attachment":[{"href":"https:\/\/shrimataji.org\/test\/wp-json\/wp\/v2\/media?parent=10778"}],"curies":[{"name":"wp","href":"https:\/\/api.w.org\/{rel}","templated":true}]}}