{"id":10779,"date":"2018-07-10T06:54:50","date_gmt":"2018-07-10T06:54:50","guid":{"rendered":"http:\/\/testwordpress.nirmalnagari.org\/smnd\/index.php\/public-life\/"},"modified":"2026-02-05T17:04:11","modified_gmt":"2026-02-05T17:04:11","slug":"vie-publique","status":"publish","type":"page","link":"https:\/\/shrimataji.org\/test\/fr\/vie-publique\/","title":{"rendered":"Vie publique"},"content":{"rendered":"\n\n\t<h1>Vie publique<\/h1>\n<h2>En parler au monde<\/h2>\n\n\t<h4>Une fois ses filles \u00e9lev\u00e9es et install\u00e9es, Nirmala Shrivastava a pu davantage investir son temps et son attention dans la sph\u00e8re publique.\u00a0Alors que son mari dirigeait depuis Londres l&#8217;organisation maritime internationale de l\u00b4O.N.U. Elle a entam\u00e9 son travail spirituel avec un petit groupe de personnes. On a rapidement appel\u00e9 Nirmala du nom de Shri Mataji &#8211; titre honorifique qui veut dire \u00ab M\u00e8re respect\u00e9e \u00bb -parce que ceux qui l&#8217;approchaient lui reconnaissaient des qualit\u00e9s spirituelles et maternelles exceptionnelles.<\/h4>\n\t<p>Elle n&#8217;a jamais fait payer ses conf\u00e9rences, pas plus que pour la R\u00e9alisation du Soi. Elle a toujours insist\u00e9 sur le fait que l&#8217;\u00e9veil de cette \u00e9nergie dormante en chacun de nous, \u00e9tait un droit de naissance et ne pouvait donc pas \u00eatre achet\u00e9.\u00a0La m\u00e9thode de m\u00e9ditation d\u00e9velopp\u00e9e par Shri Mataji, par l&#8217;exp\u00e9rience de la R\u00e9alisation du soi, s&#8217;appelle <a href=\"https:\/\/shrimataji.org\/test\/fr\/sahaja-yoga\/\" target=\"_blank\" rel=\"noopener\">Sahaja Yoga<\/a>.<\/p>\n<p>Shri Mataji a d&#8217;abord consacr\u00e9 ses efforts au Royaume Uni, en allant donner son message de petites villes en grandes villes. Elle a travers\u00e9 le pays, donn\u00e9 des interviews \u00e0 la radio ou \u00e0 la t\u00e9l\u00e9vision. Elle a pass\u00e9 des heures apr\u00e8s chaque conf\u00e9rence, \u00e0 rencontrer une \u00e0 une chaque personne, \u00e0 \u00e9couter patiemment l&#8217;histoire et les probl\u00e8mes de chacun et \u00e0 offrir son conseil.<\/p>\n\t\t<iframe loading=\"lazy\" title=\"The Time For Realization Is Now\" width=\"1920\" height=\"1080\" src=\"https:\/\/www.youtube.com\/embed\/4X6QxLepxT0?feature=oembed\" frameborder=\"0\" allow=\"accelerometer; autoplay; clipboard-write; encrypted-media; gyroscope; picture-in-picture; web-share\" allowfullscreen><\/iframe>\t\n\t<p>Cela allait devenir le mod\u00e8le de ses d\u00e9placements dans les ann\u00e9es 80, lorsque Shri Mataji parcourait l&#8217;Europe, l&#8217;Australie et l&#8217;Am\u00e9rique du Nord. Elle a enseign\u00e9 gratuitement Sahaja Yoga \u00e0 tous ceux qui \u00e9taient int\u00e9ress\u00e9s; et elle a pris ainsi part \u00e0 de passionnants d\u00e9bats ou \u00e0 des sessions de questions\/r\u00e9ponses sur le r\u00f4le de la spiritualit\u00e9 dans les temps modernes.<\/p>\n<p>Dans les ann\u00e9es 90, elle a \u00e9tendu ses voyages \u00e0 l&#8217;Am\u00e9rique du Sud, l&#8217;Europe de l&#8217;Est, l&#8217;Asie et les r\u00e9gions du Pacifique.<\/p>\n<p>De nombreux <a href=\"https:\/\/shrimataji.org\/test\/fr\/prix-et-recompenses\/\" target=\"_blank\" rel=\"noopener\">prix honorifiques et doctorats<\/a> lui ont \u00e9t\u00e9 d\u00e9cern\u00e9s par des institutions du monde entier. En 1995, elle a pris la parole lors de la <a href=\"https:\/\/shrimataji.org\/test\/fr\/4eme-conference-sur-les-femmes-a-l-onu\/\" target=\"_blank\" rel=\"noopener\">quatri\u00e8me Conf\u00e9rence mondiale sur les femmes \u00e0 P\u00e9kin<\/a>. Elle s&#8217;est \u00e9galement exprim\u00e9e sur la paix mondiale aux Nations unies.<\/p>\n<figure itemscope itemtype=\"https:\/\/schema.org\/ImageObject\">\n\t\t\t\t<img decoding=\"async\" src=\"https:\/\/shrimataji.org\/test\/wp-content\/uploads\/2026\/01\/Fr_shri-mataji-greeting-the-queen-2.jpg\" alt=\"Shri Mataji avec la reine Elizabeth II d'Angleterre\" height=\"320\" width=\"460\" title=\"Fr_shri-mataji-greeting-the-queen-2\" onerror=\"this.style.display='none'\" loading=\"lazy\" \/>\n\t\t<figcaption>Shri Mataji avec la reine Elizabeth II d&#8217;Angleterre<\/figcaption>\n\t<\/figure>\n\t<p>En 1997 Claes Nobel a exprim\u00e9 son admiration pour Shri Mataji et Sahaja Yoga qu&#8217;il a d\u00e9crit comme &#8220;un point de r\u00e9f\u00e9rence pour\u00a0d\u00e9terminer le vrai du faux&#8221; ainsi qu&#8217;une &#8220;source d&#8217;espoir pour l&#8217;humanit\u00e9.&#8221;<\/p>\n\t<div class=\"su-quote su-quote-style-default\"><div class=\"su-quote-inner su-u-clearfix su-u-trim\">Votre gain, c&#8217;est la paix que vous avez r\u00e9alis\u00e9e, l&#8217;amour que vous avez d\u00e9velopp\u00e9, la compassion que vous pouvez \u00e9mettre, le nombre de vos relations et le retour des autres montrant que vous les avez touch\u00e9s.<\/div><\/div>\n\n","protected":false},"excerpt":{"rendered":"<p>Vie publique En parler au monde Une fois ses filles \u00e9lev\u00e9es et install\u00e9es, Nirmala Shrivastava a pu davantage investir son temps et son attention dans la sph\u00e8re publique.\u00a0Alors que son mari dirigeait depuis Londres l&#8217;organisation maritime internationale de l\u00b4O.N.U. Elle a entam\u00e9 son travail spirituel avec un petit groupe de personnes. On a rapidement appel\u00e9&hellip; <br \/> <a class=\"read-more\" href=\"https:\/\/shrimataji.org\/test\/fr\/vie-publique\/\">Read more<\/a><\/p>\n","protected":false},"author":7,"featured_media":9514,"parent":0,"menu_order":0,"comment_status":"closed","ping_status":"closed","template":"","meta":{"inline_featured_image":false,"footnotes":"","advanced-sidebar-menu\/link-title":"","advanced-sidebar-menu\/exclude-page":false},"class_list":["post-10779","page","type-page","status-publish","has-post-thumbnail","hentry"],"yoast_head":"<!-- This site is optimized with the Yoast SEO plugin v27.4 - https:\/\/yoast.com\/product\/yoast-seo-wordpress\/ -->\n<title>Vie publique - TEST - SMND<\/title>\n<meta name=\"robots\" content=\"noindex, follow, max-snippet:-1, max-image-preview:large, max-video-preview:-1\" \/>\n<meta property=\"og:locale\" content=\"en_US\" \/>\n<meta property=\"og:type\" content=\"article\" \/>\n<meta property=\"og:title\" content=\"Vie publique - TEST - SMND\" \/>\n<meta property=\"og:description\" content=\"Vie publique En parler au monde Une fois ses filles \u00e9lev\u00e9es et install\u00e9es, Nirmala Shrivastava a pu davantage investir son temps et son attention dans la sph\u00e8re publique.\u00a0Alors que son mari dirigeait depuis Londres l&#8217;organisation maritime internationale de l\u00b4O.N.U. Elle a entam\u00e9 son travail spirituel avec un petit groupe de personnes. On a rapidement appel\u00e9&hellip; Read more\" \/>\n<meta property=\"og:url\" content=\"https:\/\/shrimataji.org\/test\/fr\/vie-publique\/\" \/>\n<meta property=\"og:site_name\" content=\"TEST - SMND\" \/>\n<meta property=\"article:publisher\" content=\"https:\/\/www.facebook.com\/shrimataji\" \/>\n<meta property=\"article:modified_time\" content=\"2026-02-05T17:04:11+00:00\" \/>\n<meta property=\"og:image\" content=\"https:\/\/shrimataji.org\/test\/wp-content\/uploads\/2023\/03\/9_Banner-PublicLife-2-scaled.jpg\" \/>\n\t<meta property=\"og:image:width\" content=\"2560\" \/>\n\t<meta property=\"og:image:height\" content=\"905\" \/>\n\t<meta property=\"og:image:type\" content=\"image\/jpeg\" \/>\n<meta name=\"twitter:card\" content=\"summary_large_image\" \/>\n<meta name=\"twitter:site\" content=\"@shrimataji\" \/>\n<meta name=\"twitter:label1\" content=\"Est. reading time\" \/>\n\t<meta name=\"twitter:data1\" content=\"3 minutes\" \/>\n<script type=\"application\/ld+json\" class=\"yoast-schema-graph\">{\"@context\":\"https:\\\/\\\/schema.org\",\"@graph\":[{\"@type\":\"WebPage\",\"@id\":\"https:\\\/\\\/shrimataji.org\\\/test\\\/fr\\\/vie-publique\\\/\",\"url\":\"https:\\\/\\\/shrimataji.org\\\/test\\\/fr\\\/vie-publique\\\/\",\"name\":\"Vie publique - TEST - SMND\",\"isPartOf\":{\"@id\":\"https:\\\/\\\/shrimataji.org\\\/test\\\/#website\"},\"primaryImageOfPage\":{\"@id\":\"https:\\\/\\\/shrimataji.org\\\/test\\\/fr\\\/vie-publique\\\/#primaryimage\"},\"image\":{\"@id\":\"https:\\\/\\\/shrimataji.org\\\/test\\\/fr\\\/vie-publique\\\/#primaryimage\"},\"thumbnailUrl\":\"https:\\\/\\\/shrimataji.org\\\/test\\\/wp-content\\\/uploads\\\/2023\\\/03\\\/9_Banner-PublicLife-2-scaled.jpg\",\"datePublished\":\"2018-07-10T06:54:50+00:00\",\"dateModified\":\"2026-02-05T17:04:11+00:00\",\"breadcrumb\":{\"@id\":\"https:\\\/\\\/shrimataji.org\\\/test\\\/fr\\\/vie-publique\\\/#breadcrumb\"},\"inLanguage\":\"en-US\",\"potentialAction\":[{\"@type\":\"ReadAction\",\"target\":[\"https:\\\/\\\/shrimataji.org\\\/test\\\/fr\\\/vie-publique\\\/\"]}]},{\"@type\":\"ImageObject\",\"inLanguage\":\"en-US\",\"@id\":\"https:\\\/\\\/shrimataji.org\\\/test\\\/fr\\\/vie-publique\\\/#primaryimage\",\"url\":\"https:\\\/\\\/shrimataji.org\\\/test\\\/wp-content\\\/uploads\\\/2023\\\/03\\\/9_Banner-PublicLife-2-scaled.jpg\",\"contentUrl\":\"https:\\\/\\\/shrimataji.org\\\/test\\\/wp-content\\\/uploads\\\/2023\\\/03\\\/9_Banner-PublicLife-2-scaled.jpg\",\"width\":2560,\"height\":905},{\"@type\":\"BreadcrumbList\",\"@id\":\"https:\\\/\\\/shrimataji.org\\\/test\\\/fr\\\/vie-publique\\\/#breadcrumb\",\"itemListElement\":[{\"@type\":\"ListItem\",\"position\":1,\"name\":\"Home\",\"item\":\"https:\\\/\\\/shrimataji.org\\\/test\\\/uk\\\/home-en\\\/\"},{\"@type\":\"ListItem\",\"position\":2,\"name\":\"Vie publique\"}]},{\"@type\":\"WebSite\",\"@id\":\"https:\\\/\\\/shrimataji.org\\\/test\\\/#website\",\"url\":\"https:\\\/\\\/shrimataji.org\\\/test\\\/\",\"name\":\"Shri Mataji Nirmala Devi\",\"description\":\"A Life Dedicated to Humanity\",\"publisher\":{\"@id\":\"https:\\\/\\\/shrimataji.org\\\/test\\\/#\\\/schema\\\/person\\\/a1b3419c6585f164aa96da1ff85715d1\"},\"potentialAction\":[{\"@type\":\"SearchAction\",\"target\":{\"@type\":\"EntryPoint\",\"urlTemplate\":\"https:\\\/\\\/shrimataji.org\\\/test\\\/?s={search_term_string}\"},\"query-input\":{\"@type\":\"PropertyValueSpecification\",\"valueRequired\":true,\"valueName\":\"search_term_string\"}}],\"inLanguage\":\"en-US\"},{\"@type\":[\"Person\",\"Organization\"],\"@id\":\"https:\\\/\\\/shrimataji.org\\\/test\\\/#\\\/schema\\\/person\\\/a1b3419c6585f164aa96da1ff85715d1\",\"name\":\"Nirmala Shrivastava\",\"image\":{\"@type\":\"ImageObject\",\"inLanguage\":\"en-US\",\"@id\":\"https:\\\/\\\/shrimataji.org\\\/test\\\/wp-content\\\/uploads\\\/2023\\\/02\\\/SMO_LOGO-03.svg\",\"url\":\"https:\\\/\\\/shrimataji.org\\\/test\\\/wp-content\\\/uploads\\\/2023\\\/02\\\/SMO_LOGO-03.svg\",\"contentUrl\":\"https:\\\/\\\/shrimataji.org\\\/test\\\/wp-content\\\/uploads\\\/2023\\\/02\\\/SMO_LOGO-03.svg\",\"width\":\"1024\",\"height\":\"1024\",\"caption\":\"Nirmala Shrivastava\"},\"logo\":{\"@id\":\"https:\\\/\\\/shrimataji.org\\\/test\\\/wp-content\\\/uploads\\\/2023\\\/02\\\/SMO_LOGO-03.svg\"},\"sameAs\":[\"https:\\\/\\\/shrimataji.org\\\/test\",\"https:\\\/\\\/www.facebook.com\\\/shrimataji\",\"https:\\\/\\\/x.com\\\/shrimataji\",\"https:\\\/\\\/www.youtube.com\\\/@Shri_Mataji_Nirmala_Devi\\\/featured\"]}]}<\/script>\n<!-- \/ Yoast SEO plugin. -->","yoast_head_json":{"title":"Vie publique - TEST - SMND","robots":{"index":"noindex","follow":"follow","max-snippet":"max-snippet:-1","max-image-preview":"max-image-preview:large","max-video-preview":"max-video-preview:-1"},"og_locale":"en_US","og_type":"article","og_title":"Vie publique - TEST - SMND","og_description":"Vie publique En parler au monde Une fois ses filles \u00e9lev\u00e9es et install\u00e9es, Nirmala Shrivastava a pu davantage investir son temps et son attention dans la sph\u00e8re publique.\u00a0Alors que son mari dirigeait depuis Londres l&#8217;organisation maritime internationale de l\u00b4O.N.U. Elle a entam\u00e9 son travail spirituel avec un petit groupe de personnes. On a rapidement appel\u00e9&hellip; Read more","og_url":"https:\/\/shrimataji.org\/test\/fr\/vie-publique\/","og_site_name":"TEST - SMND","article_publisher":"https:\/\/www.facebook.com\/shrimataji","article_modified_time":"2026-02-05T17:04:11+00:00","og_image":[{"width":2560,"height":905,"url":"https:\/\/shrimataji.org\/test\/wp-content\/uploads\/2023\/03\/9_Banner-PublicLife-2-scaled.jpg","type":"image\/jpeg"}],"twitter_card":"summary_large_image","twitter_site":"@shrimataji","twitter_misc":{"Est. reading time":"3 minutes"},"schema":{"@context":"https:\/\/schema.org","@graph":[{"@type":"WebPage","@id":"https:\/\/shrimataji.org\/test\/fr\/vie-publique\/","url":"https:\/\/shrimataji.org\/test\/fr\/vie-publique\/","name":"Vie publique - TEST - SMND","isPartOf":{"@id":"https:\/\/shrimataji.org\/test\/#website"},"primaryImageOfPage":{"@id":"https:\/\/shrimataji.org\/test\/fr\/vie-publique\/#primaryimage"},"image":{"@id":"https:\/\/shrimataji.org\/test\/fr\/vie-publique\/#primaryimage"},"thumbnailUrl":"https:\/\/shrimataji.org\/test\/wp-content\/uploads\/2023\/03\/9_Banner-PublicLife-2-scaled.jpg","datePublished":"2018-07-10T06:54:50+00:00","dateModified":"2026-02-05T17:04:11+00:00","breadcrumb":{"@id":"https:\/\/shrimataji.org\/test\/fr\/vie-publique\/#breadcrumb"},"inLanguage":"en-US","potentialAction":[{"@type":"ReadAction","target":["https:\/\/shrimataji.org\/test\/fr\/vie-publique\/"]}]},{"@type":"ImageObject","inLanguage":"en-US","@id":"https:\/\/shrimataji.org\/test\/fr\/vie-publique\/#primaryimage","url":"https:\/\/shrimataji.org\/test\/wp-content\/uploads\/2023\/03\/9_Banner-PublicLife-2-scaled.jpg","contentUrl":"https:\/\/shrimataji.org\/test\/wp-content\/uploads\/2023\/03\/9_Banner-PublicLife-2-scaled.jpg","width":2560,"height":905},{"@type":"BreadcrumbList","@id":"https:\/\/shrimataji.org\/test\/fr\/vie-publique\/#breadcrumb","itemListElement":[{"@type":"ListItem","position":1,"name":"Home","item":"https:\/\/shrimataji.org\/test\/uk\/home-en\/"},{"@type":"ListItem","position":2,"name":"Vie publique"}]},{"@type":"WebSite","@id":"https:\/\/shrimataji.org\/test\/#website","url":"https:\/\/shrimataji.org\/test\/","name":"Shri Mataji Nirmala Devi","description":"A Life Dedicated to Humanity","publisher":{"@id":"https:\/\/shrimataji.org\/test\/#\/schema\/person\/a1b3419c6585f164aa96da1ff85715d1"},"potentialAction":[{"@type":"SearchAction","target":{"@type":"EntryPoint","urlTemplate":"https:\/\/shrimataji.org\/test\/?s={search_term_string}"},"query-input":{"@type":"PropertyValueSpecification","valueRequired":true,"valueName":"search_term_string"}}],"inLanguage":"en-US"},{"@type":["Person","Organization"],"@id":"https:\/\/shrimataji.org\/test\/#\/schema\/person\/a1b3419c6585f164aa96da1ff85715d1","name":"Nirmala Shrivastava","image":{"@type":"ImageObject","inLanguage":"en-US","@id":"https:\/\/shrimataji.org\/test\/wp-content\/uploads\/2023\/02\/SMO_LOGO-03.svg","url":"https:\/\/shrimataji.org\/test\/wp-content\/uploads\/2023\/02\/SMO_LOGO-03.svg","contentUrl":"https:\/\/shrimataji.org\/test\/wp-content\/uploads\/2023\/02\/SMO_LOGO-03.svg","width":"1024","height":"1024","caption":"Nirmala Shrivastava"},"logo":{"@id":"https:\/\/shrimataji.org\/test\/wp-content\/uploads\/2023\/02\/SMO_LOGO-03.svg"},"sameAs":["https:\/\/shrimataji.org\/test","https:\/\/www.facebook.com\/shrimataji","https:\/\/x.com\/shrimataji","https:\/\/www.youtube.com\/@Shri_Mataji_Nirmala_Devi\/featured"]}]}},"lang":"fr","translations":{"fr":10779,"ur":37481,"en":438,"am":18056,"th":20029,"hu":19542,"sq":18457,"zh":17354,"tr":10197,"pt":10407,"de":10681,"it":10877,"es":10974,"ja":11271,"ru":11459,"bn":11651,"te":11759,"sw":11882,"he":12030,"el":12322,"sk":12420,"fa":12518,"fi":12616,"bg":13440,"ro":14514,"cs":14707,"nl":16617,"ku":16777,"ar":16953,"be":18664,"kn":18938,"mr":20393,"uk":20687,"ml":20982,"ta":22775,"sv":23045,"gu":28889,"pa":29049,"fil":29493,"da":37792,"pl":38004,"nn":38344},"pll_sync_post":[],"_links":{"self":[{"href":"https:\/\/shrimataji.org\/test\/wp-json\/wp\/v2\/pages\/10779","targetHints":{"allow":["GET"]}}],"collection":[{"href":"https:\/\/shrimataji.org\/test\/wp-json\/wp\/v2\/pages"}],"about":[{"href":"https:\/\/shrimataji.org\/test\/wp-json\/wp\/v2\/types\/page"}],"author":[{"embeddable":true,"href":"https:\/\/shrimataji.org\/test\/wp-json\/wp\/v2\/users\/7"}],"replies":[{"embeddable":true,"href":"https:\/\/shrimataji.org\/test\/wp-json\/wp\/v2\/comments?post=10779"}],"version-history":[{"count":0,"href":"https:\/\/shrimataji.org\/test\/wp-json\/wp\/v2\/pages\/10779\/revisions"}],"wp:featuredmedia":[{"embeddable":true,"href":"https:\/\/shrimataji.org\/test\/wp-json\/wp\/v2\/media\/9514"}],"wp:attachment":[{"href":"https:\/\/shrimataji.org\/test\/wp-json\/wp\/v2\/media?parent=10779"}],"curies":[{"name":"wp","href":"https:\/\/api.w.org\/{rel}","templated":true}]}}