{"id":10783,"date":"2020-04-20T17:46:08","date_gmt":"2020-04-20T17:46:08","guid":{"rendered":"https:\/\/testwordpress.nirmalnagari.org\/smnd\/?page_id=3434"},"modified":"2026-02-28T01:45:17","modified_gmt":"2026-02-28T01:45:17","slug":"sahaja-yoga-fr","status":"publish","type":"page","link":"https:\/\/shrimataji.org\/test\/fr\/sahaja-yoga-fr\/","title":{"rendered":"Sahaja Yoga FR"},"content":{"rendered":"\n\n\t<h1>Sahaja Yoga<\/h1>\n<h2>L&#8217;\u00e9veil int\u00e9rieur par la R\u00e9alisation du Soi et la m\u00e9ditation<\/h2>\n<h4>Shri Mataji Nirmala Devi a r\u00e9volutionn\u00e9 la pratique du yoga par l&#8217;actualisation <a href=\"https:\/\/shrimataji.org\/test\/fr\/realization-du-soi-et-meditation\/\" target=\"_blank\" rel=\"noopener\">de la R\u00e9alisation<\/a> du Soi sur le syst\u00e8me nerveux central. Dans l&#8217;histoire de la spiritualit\u00e9, Shri Mataji est la premi\u00e8re et la seule personne \u00e0 offrir l&#8217;exp\u00e9rience de la R\u00e9alisation du Soi en masse. Elle a d\u00e9clar\u00e9 que c&#8217;est le droit de naissance de tous les \u00eatres humains &#8211; sans distinction de religion, de race, de nationalit\u00e9 ni de condition &#8211; de recevoir la R\u00e9alisation du Soi. Elle a \u00e9galement insist\u00e9 sur le fait que l&#8217;on ne peut pas payer pour la v\u00e9rit\u00e9 ou la connaissance de soi, et que la R\u00e9alisation du Soi a donc toujours \u00e9t\u00e9 offerte gratuitement et continue de l&#8217;\u00eatre.<\/h4>\nShri Mataji est n\u00e9e avec la conscience totale de la r\u00e9alisation du Soi et d\u00e8s son plus jeune \u00e2ge, elle a voulu partager ce don pr\u00e9cieux avec tout le monde. C&#8217;est son p\u00e8re qui a reconnu ce prodige spirituel et lui a conseill\u00e9 de trouver d&#8217;abord un moyen de donner la R\u00e9alisation en masse, ce qui lui permettrait d&#8217;atteindre un public mondial plus large pour le b\u00e9n\u00e9fice de l&#8217;humanit\u00e9.<br \/>\nCela inspira Shri Mataji \u00e0 \u00e9tudier les \u00eatres humains sur une p\u00e9riode de quarante-sept ans, alors qu&#8217;elle vivait et interagissait avec eux. Ce n&#8217;est qu&#8217;apr\u00e8s avoir ma\u00eetris\u00e9 toutes les permutations et combinaisons de la psych\u00e9 humaine qu&#8217;elle prit la d\u00e9cision finale de d\u00e9clencher l&#8217;ouverture du\u00a0<a href=\"https:\/\/shrimataji.org\/test\/fr\/le-chakra-du-sahasrara\/\" target=\"_blank\" rel=\"noopener\">chakra du Sahasrara<\/a>\u00a0(le septi\u00e8me centre spirituel au sommet de la t\u00eate) en elle-m\u00eame, ce qui lui permit d&#8217;accomplir la mission de sa vie : faire \u00e9voluer et propager en masse la R\u00e9alisation du Soi et la pratique de la M\u00e9ditation Sahaja Yoga.\n<a href=\"https:\/\/shrimataji.org\/test\/fr\/un-moment-cle\/\" target=\"_blank\" rel=\"noopener\">Le 5 mai 1970<\/a>\u00a0 a marqu\u00e9 une avanc\u00e9e historique dans l&#8217;\u00e9volution spirituelle de l&#8217;humanit\u00e9. L&#8217;acc\u00e8s \u00e0 l&#8217;\u00e9veil int\u00e9rieur par la R\u00e9alisation du Soi et la v\u00e9ritable m\u00e9ditation ne serait plus limit\u00e9e \u00e0 quelques ma\u00eetres ardents du Yoga, et deviendrait accessible aux masses, \u00e0 tous ceux qui \u00e9taient \u00e0 la recherche d&#8217;une r\u00e9ponse pour atteindre une plus grande conscience de Soi.<br \/>\nLa diff\u00e9rence unique que Shri Mataji a introduite dans la pratique du yoga \u00e9tait l&#8217;actualisation de la R\u00e9alisation du Soi d\u00e8s le premier jour. Auparavant, cela \u00e9tait rarement possible, m\u00eame apr\u00e8s une pratique rigoureuse du yoga pendant de nombreuses ann\u00e9es, voire des d\u00e9cennies, sous la direction \u00e9troite d&#8217;un gourou.<br \/>\nShri Mataji a r\u00e9v\u00e9l\u00e9 que la conscience humaine avait atteint un sommet dans le processus d&#8217;\u00e9volution et \u00e9tait suffisamment m\u00fbre pour recevoir la R\u00e9alisation spontan\u00e9e du Soi, \u00e0 condition qu&#8217;un ma\u00eetre autoris\u00e9 puisse activer l&#8217;\u00e9nergie spirituelle primordiale dormante, la <a href=\"https:\/\/shrimataji.org\/test\/fr\/la-kundalini\/\" target=\"_blank\" rel=\"noopener\">Kundalini<\/a> (qui signifie en sanskrit &#8216;\u00e9nergie enroul\u00e9e, reflet de la Puissance Divine omnipr\u00e9sente&#8217;) r\u00e9sidant \u00e0 la base de la colonne vert\u00e9brale.\n<p>Au cours des quatre d\u00e9cennies suivantes, Shri Mataji a \u00e9tabli la pratique de la m\u00e9ditation Sahaja Yoga. N&#8217;importe qui, ind\u00e9pendamment de sa culture, de sa religion, de son \u00e2ge ou de son \u00e9ducation, pouvait facilement pratiquer cette forme de yoga m\u00e9ditatif. De plus, beaucoup de ceux qui s&#8217;\u00e9taient \u00e9tablis dans Sahaja Yoga pouvaient sans effort transmettre le don profond de la R\u00e9alisation du Soi \u00e0 d&#8217;autres, tout comme une bougie qui peut \u00eatre utilis\u00e9e pour allumer d&#8217;autres bougies.<\/p>\n<p>Shri Mataji a particuli\u00e8rement insist\u00e9 sur le fait qu&#8217;aucune somme d&#8217;argent ne pouvait \u00eatre demand\u00e9e pour la R\u00e9alisation du Soi aux autres ou pour l&#8217;enseignement de la connaissance de <a href=\"https:\/\/shrimataji.org\/test\/fr\/la-meditation-sahaja-yoga\/\" target=\"_blank\" rel=\"noopener\">Sahaja Yoga<\/a>, car elle-m\u00eame n&#8217;a jamais demand\u00e9 d&#8217;argent pour le partage de ce don inn\u00e9. Cela a jet\u00e9 les bases de la v\u00e9ritable R\u00e9alisation du Soi en masse que son p\u00e8re avait imagin\u00e9e alors qu&#8217;elle \u00e9tait une jeune enfant.<\/p>\n<p><a href=\"https:\/\/shrimataji.org\/test\/fr\/la-meditation-sahaja-yoga\/\" target=\"_blank\" rel=\"noopener\" data-cp-link=\"1\">La m\u00e9ditation Sahaja Yoga<\/a> est une technique simple et sans effort que Shri Mataji a d\u00e9velopp\u00e9e pour soutenir l&#8217;\u00e9veil spontan\u00e9 exp\u00e9riment\u00e9 \u00e0 travers le processus de la <a href=\"https:\/\/shrimataji.org\/test\/fr\/realization-du-soi-et-meditation\/\" target=\"_blank\" rel=\"noopener\" data-cp-link=\"1\">R\u00e9alisation du Soi<\/a>. Le mot Sahaja signifie \u00e0 la fois &#8220;spontan\u00e9&#8221; et &#8220;n\u00e9 avec vous&#8221;, d\u00e9crivant cette \u00e9nergie subtile (Kundalini) qui existe en chaque \u00eatre humain. Contrairement \u00e0 la croyance populaire, le Yoga ne d\u00e9signe pas une s\u00e9rie d&#8217;exercices ou de postures, mais signifie en fait &#8220;joindre, unir, fusionner&#8221;. Le but du Yoga est de faire prendre conscience \u00e0 l&#8217;individu de la v\u00e9ritable nature de son \u00eatre, <a href=\"https:\/\/shrimataji.org\/test\/fr\/l-atma\/\" target=\"_blank\" rel=\"noopener\">l&#8217;Atma<\/a>&#8221; &#8221; (en sanskrit, ce terme d\u00e9signe le reflet de l&#8217;Esprit omnipr\u00e9sent), et d&#8217;atteindre l&#8217;union compl\u00e8te avec cette nouvelle conscience. Tout comme une goutte d&#8217;eau se fond dans l&#8217;oc\u00e9an, on peut dire que la conscience individuelle se fond dans la conscience collective. Lorsque cette union se produit, la force d&#8217;int\u00e9gration de la Kundalini apporte l&#8217;\u00e9quilibre et la paix tant au niveau individuel que collectif.<\/p>\n<div class=\"su-quote su-quote-style-default\"><div class=\"su-quote-inner su-u-clearfix su-u-trim\">La signification de Sahaja Yoga peut \u00eatre mieux comprise si nous la divisons en ses \u00e9l\u00e9ments constitutifs: &#8216;Saha&#8217; signifie &#8216;avec&#8217; et &#8216;ja&#8217; signifie &#8216;n\u00e9&#8217;, et &#8216;yoga&#8217; est l&#8217;union ou la technique. Sahaja Yoga signifie donc que la capacit\u00e9 d&#8217;\u00e9voluer est inn\u00e9e en chacun de nous.<\/div><\/div>\n\t\t<img decoding=\"async\" data-spai-excluded=\"true\" loading=\"lazy\"  alt=\"YouTube player\"  src=\"https:\/\/i.ytimg.com\/vi\/0isS36I-zu8\/maxresdefault.jpg\"  \/><button aria-label=\"Play\"><\/button><meta itemprop=\"embedUrl\" content=\"https:\/\/www.youtube.com\/embed\/0isS36I-zu8\"\/><meta itemprop=\"name\" content=\"Sahaja Yoga is your birthright\"\/><meta itemprop=\"description\" content=\"YouTube video\"\/><meta itemprop=\"thumbnailUrl\" content=\"https:\/\/i.ytimg.com\/vi\/0isS36I-zu8\/0.jpg\"\/><meta itemprop=\"duration\" content=\"PT1M44S\"\/><meta itemprop=\"uploadDate\" content=\"2022-11-12T03:16:18Z\"\/>\t\n\n","protected":false},"excerpt":{"rendered":"<p>Sahaja Yoga L&#8217;\u00e9veil int\u00e9rieur par la R\u00e9alisation du Soi et la m\u00e9ditation Shri Mataji Nirmala Devi a r\u00e9volutionn\u00e9 la pratique du yoga par l&#8217;actualisation de la R\u00e9alisation du Soi sur le syst\u00e8me nerveux central. Dans l&#8217;histoire de la spiritualit\u00e9, Shri Mataji est la premi\u00e8re et la seule personne \u00e0 offrir l&#8217;exp\u00e9rience de la R\u00e9alisation du&hellip; <br \/> <a class=\"read-more\" href=\"https:\/\/shrimataji.org\/test\/fr\/sahaja-yoga-fr\/\">Read more<\/a><\/p>\n","protected":false},"author":7,"featured_media":8561,"parent":0,"menu_order":0,"comment_status":"closed","ping_status":"closed","template":"","meta":{"inline_featured_image":false,"footnotes":""},"class_list":["post-10783","page","type-page","status-publish","has-post-thumbnail","hentry"],"yoast_head":"<!-- This site is optimized with the Yoast SEO plugin v27.4 - https:\/\/yoast.com\/product\/yoast-seo-wordpress\/ -->\n<title>Sahaja Yoga FR - TEST - SMND<\/title>\n<meta name=\"robots\" content=\"noindex, follow, max-snippet:-1, max-image-preview:large, max-video-preview:-1\" \/>\n<meta property=\"og:locale\" content=\"en_US\" \/>\n<meta property=\"og:type\" content=\"article\" \/>\n<meta property=\"og:title\" content=\"Sahaja Yoga FR - TEST - SMND\" \/>\n<meta property=\"og:description\" content=\"Sahaja Yoga L&#8217;\u00e9veil int\u00e9rieur par la R\u00e9alisation du Soi et la m\u00e9ditation Shri Mataji Nirmala Devi a r\u00e9volutionn\u00e9 la pratique du yoga par l&#8217;actualisation de la R\u00e9alisation du Soi sur le syst\u00e8me nerveux central. Dans l&#8217;histoire de la spiritualit\u00e9, Shri Mataji est la premi\u00e8re et la seule personne \u00e0 offrir l&#8217;exp\u00e9rience de la R\u00e9alisation du&hellip; Read more\" \/>\n<meta property=\"og:url\" content=\"https:\/\/shrimataji.org\/test\/fr\/sahaja-yoga-fr\/\" \/>\n<meta property=\"og:site_name\" content=\"TEST - SMND\" \/>\n<meta property=\"article:publisher\" content=\"https:\/\/www.facebook.com\/shrimataji\" \/>\n<meta property=\"article:modified_time\" content=\"2026-02-28T01:45:17+00:00\" \/>\n<meta property=\"og:image\" content=\"https:\/\/shrimataji.org\/test\/wp-content\/uploads\/2023\/02\/Banner-SY-SY-scaled.jpg\" \/>\n\t<meta property=\"og:image:width\" content=\"2560\" \/>\n\t<meta property=\"og:image:height\" content=\"905\" \/>\n\t<meta property=\"og:image:type\" content=\"image\/jpeg\" \/>\n<meta name=\"twitter:card\" content=\"summary_large_image\" \/>\n<meta name=\"twitter:site\" content=\"@shrimataji\" \/>\n<meta name=\"twitter:label1\" content=\"Est. reading time\" \/>\n\t<meta name=\"twitter:data1\" content=\"4 minutes\" \/>\n<script type=\"application\/ld+json\" class=\"yoast-schema-graph\">{\"@context\":\"https:\\\/\\\/schema.org\",\"@graph\":[{\"@type\":\"WebPage\",\"@id\":\"https:\\\/\\\/shrimataji.org\\\/test\\\/fr\\\/sahaja-yoga-fr\\\/\",\"url\":\"https:\\\/\\\/shrimataji.org\\\/test\\\/fr\\\/sahaja-yoga-fr\\\/\",\"name\":\"Sahaja Yoga FR - TEST - SMND\",\"isPartOf\":{\"@id\":\"https:\\\/\\\/shrimataji.org\\\/test\\\/#website\"},\"primaryImageOfPage\":{\"@id\":\"https:\\\/\\\/shrimataji.org\\\/test\\\/fr\\\/sahaja-yoga-fr\\\/#primaryimage\"},\"image\":{\"@id\":\"https:\\\/\\\/shrimataji.org\\\/test\\\/fr\\\/sahaja-yoga-fr\\\/#primaryimage\"},\"thumbnailUrl\":\"https:\\\/\\\/shrimataji.org\\\/test\\\/wp-content\\\/uploads\\\/2023\\\/02\\\/Banner-SY-SY-scaled.jpg\",\"datePublished\":\"2020-04-20T17:46:08+00:00\",\"dateModified\":\"2026-02-28T01:45:17+00:00\",\"breadcrumb\":{\"@id\":\"https:\\\/\\\/shrimataji.org\\\/test\\\/fr\\\/sahaja-yoga-fr\\\/#breadcrumb\"},\"inLanguage\":\"en-US\",\"potentialAction\":[{\"@type\":\"ReadAction\",\"target\":[\"https:\\\/\\\/shrimataji.org\\\/test\\\/fr\\\/sahaja-yoga-fr\\\/\"]}]},{\"@type\":\"ImageObject\",\"inLanguage\":\"en-US\",\"@id\":\"https:\\\/\\\/shrimataji.org\\\/test\\\/fr\\\/sahaja-yoga-fr\\\/#primaryimage\",\"url\":\"https:\\\/\\\/shrimataji.org\\\/test\\\/wp-content\\\/uploads\\\/2023\\\/02\\\/Banner-SY-SY-scaled.jpg\",\"contentUrl\":\"https:\\\/\\\/shrimataji.org\\\/test\\\/wp-content\\\/uploads\\\/2023\\\/02\\\/Banner-SY-SY-scaled.jpg\",\"width\":2560,\"height\":905},{\"@type\":\"BreadcrumbList\",\"@id\":\"https:\\\/\\\/shrimataji.org\\\/test\\\/fr\\\/sahaja-yoga-fr\\\/#breadcrumb\",\"itemListElement\":[{\"@type\":\"ListItem\",\"position\":1,\"name\":\"Home\",\"item\":\"https:\\\/\\\/shrimataji.org\\\/test\\\/uk\\\/home-en\\\/\"},{\"@type\":\"ListItem\",\"position\":2,\"name\":\"Sahaja Yoga FR\"}]},{\"@type\":\"WebSite\",\"@id\":\"https:\\\/\\\/shrimataji.org\\\/test\\\/#website\",\"url\":\"https:\\\/\\\/shrimataji.org\\\/test\\\/\",\"name\":\"Shri Mataji Nirmala Devi\",\"description\":\"A Life Dedicated to Humanity\",\"publisher\":{\"@id\":\"https:\\\/\\\/shrimataji.org\\\/test\\\/#\\\/schema\\\/person\\\/a1b3419c6585f164aa96da1ff85715d1\"},\"potentialAction\":[{\"@type\":\"SearchAction\",\"target\":{\"@type\":\"EntryPoint\",\"urlTemplate\":\"https:\\\/\\\/shrimataji.org\\\/test\\\/?s={search_term_string}\"},\"query-input\":{\"@type\":\"PropertyValueSpecification\",\"valueRequired\":true,\"valueName\":\"search_term_string\"}}],\"inLanguage\":\"en-US\"},{\"@type\":[\"Person\",\"Organization\"],\"@id\":\"https:\\\/\\\/shrimataji.org\\\/test\\\/#\\\/schema\\\/person\\\/a1b3419c6585f164aa96da1ff85715d1\",\"name\":\"Nirmala Shrivastava\",\"image\":{\"@type\":\"ImageObject\",\"inLanguage\":\"en-US\",\"@id\":\"https:\\\/\\\/shrimataji.org\\\/test\\\/wp-content\\\/uploads\\\/2023\\\/02\\\/SMO_LOGO-03.svg\",\"url\":\"https:\\\/\\\/shrimataji.org\\\/test\\\/wp-content\\\/uploads\\\/2023\\\/02\\\/SMO_LOGO-03.svg\",\"contentUrl\":\"https:\\\/\\\/shrimataji.org\\\/test\\\/wp-content\\\/uploads\\\/2023\\\/02\\\/SMO_LOGO-03.svg\",\"width\":\"1024\",\"height\":\"1024\",\"caption\":\"Nirmala Shrivastava\"},\"logo\":{\"@id\":\"https:\\\/\\\/shrimataji.org\\\/test\\\/wp-content\\\/uploads\\\/2023\\\/02\\\/SMO_LOGO-03.svg\"},\"sameAs\":[\"https:\\\/\\\/shrimataji.org\\\/test\",\"https:\\\/\\\/www.facebook.com\\\/shrimataji\",\"https:\\\/\\\/x.com\\\/shrimataji\",\"https:\\\/\\\/www.youtube.com\\\/@Shri_Mataji_Nirmala_Devi\\\/featured\"]}]}<\/script>\n<!-- \/ Yoast SEO plugin. -->","yoast_head_json":{"title":"Sahaja Yoga FR - TEST - SMND","robots":{"index":"noindex","follow":"follow","max-snippet":"max-snippet:-1","max-image-preview":"max-image-preview:large","max-video-preview":"max-video-preview:-1"},"og_locale":"en_US","og_type":"article","og_title":"Sahaja Yoga FR - TEST - SMND","og_description":"Sahaja Yoga L&#8217;\u00e9veil int\u00e9rieur par la R\u00e9alisation du Soi et la m\u00e9ditation Shri Mataji Nirmala Devi a r\u00e9volutionn\u00e9 la pratique du yoga par l&#8217;actualisation de la R\u00e9alisation du Soi sur le syst\u00e8me nerveux central. Dans l&#8217;histoire de la spiritualit\u00e9, Shri Mataji est la premi\u00e8re et la seule personne \u00e0 offrir l&#8217;exp\u00e9rience de la R\u00e9alisation du&hellip; Read more","og_url":"https:\/\/shrimataji.org\/test\/fr\/sahaja-yoga-fr\/","og_site_name":"TEST - SMND","article_publisher":"https:\/\/www.facebook.com\/shrimataji","article_modified_time":"2026-02-28T01:45:17+00:00","og_image":[{"width":2560,"height":905,"url":"https:\/\/shrimataji.org\/test\/wp-content\/uploads\/2023\/02\/Banner-SY-SY-scaled.jpg","type":"image\/jpeg"}],"twitter_card":"summary_large_image","twitter_site":"@shrimataji","twitter_misc":{"Est. reading time":"4 minutes"},"schema":{"@context":"https:\/\/schema.org","@graph":[{"@type":"WebPage","@id":"https:\/\/shrimataji.org\/test\/fr\/sahaja-yoga-fr\/","url":"https:\/\/shrimataji.org\/test\/fr\/sahaja-yoga-fr\/","name":"Sahaja Yoga FR - TEST - SMND","isPartOf":{"@id":"https:\/\/shrimataji.org\/test\/#website"},"primaryImageOfPage":{"@id":"https:\/\/shrimataji.org\/test\/fr\/sahaja-yoga-fr\/#primaryimage"},"image":{"@id":"https:\/\/shrimataji.org\/test\/fr\/sahaja-yoga-fr\/#primaryimage"},"thumbnailUrl":"https:\/\/shrimataji.org\/test\/wp-content\/uploads\/2023\/02\/Banner-SY-SY-scaled.jpg","datePublished":"2020-04-20T17:46:08+00:00","dateModified":"2026-02-28T01:45:17+00:00","breadcrumb":{"@id":"https:\/\/shrimataji.org\/test\/fr\/sahaja-yoga-fr\/#breadcrumb"},"inLanguage":"en-US","potentialAction":[{"@type":"ReadAction","target":["https:\/\/shrimataji.org\/test\/fr\/sahaja-yoga-fr\/"]}]},{"@type":"ImageObject","inLanguage":"en-US","@id":"https:\/\/shrimataji.org\/test\/fr\/sahaja-yoga-fr\/#primaryimage","url":"https:\/\/shrimataji.org\/test\/wp-content\/uploads\/2023\/02\/Banner-SY-SY-scaled.jpg","contentUrl":"https:\/\/shrimataji.org\/test\/wp-content\/uploads\/2023\/02\/Banner-SY-SY-scaled.jpg","width":2560,"height":905},{"@type":"BreadcrumbList","@id":"https:\/\/shrimataji.org\/test\/fr\/sahaja-yoga-fr\/#breadcrumb","itemListElement":[{"@type":"ListItem","position":1,"name":"Home","item":"https:\/\/shrimataji.org\/test\/uk\/home-en\/"},{"@type":"ListItem","position":2,"name":"Sahaja Yoga FR"}]},{"@type":"WebSite","@id":"https:\/\/shrimataji.org\/test\/#website","url":"https:\/\/shrimataji.org\/test\/","name":"Shri Mataji Nirmala Devi","description":"A Life Dedicated to Humanity","publisher":{"@id":"https:\/\/shrimataji.org\/test\/#\/schema\/person\/a1b3419c6585f164aa96da1ff85715d1"},"potentialAction":[{"@type":"SearchAction","target":{"@type":"EntryPoint","urlTemplate":"https:\/\/shrimataji.org\/test\/?s={search_term_string}"},"query-input":{"@type":"PropertyValueSpecification","valueRequired":true,"valueName":"search_term_string"}}],"inLanguage":"en-US"},{"@type":["Person","Organization"],"@id":"https:\/\/shrimataji.org\/test\/#\/schema\/person\/a1b3419c6585f164aa96da1ff85715d1","name":"Nirmala Shrivastava","image":{"@type":"ImageObject","inLanguage":"en-US","@id":"https:\/\/shrimataji.org\/test\/wp-content\/uploads\/2023\/02\/SMO_LOGO-03.svg","url":"https:\/\/shrimataji.org\/test\/wp-content\/uploads\/2023\/02\/SMO_LOGO-03.svg","contentUrl":"https:\/\/shrimataji.org\/test\/wp-content\/uploads\/2023\/02\/SMO_LOGO-03.svg","width":"1024","height":"1024","caption":"Nirmala Shrivastava"},"logo":{"@id":"https:\/\/shrimataji.org\/test\/wp-content\/uploads\/2023\/02\/SMO_LOGO-03.svg"},"sameAs":["https:\/\/shrimataji.org\/test","https:\/\/www.facebook.com\/shrimataji","https:\/\/x.com\/shrimataji","https:\/\/www.youtube.com\/@Shri_Mataji_Nirmala_Devi\/featured"]}]}},"lang":"fr","translations":{"fr":10783,"ur":37488,"en":3434,"pa":25904,"gu":25507,"th":20040,"hu":19550,"sq":18464,"zh":17361,"tr":10201,"pt":10411,"de":10685,"it":10881,"es":10978,"ja":11276,"ru":11464,"bn":11655,"te":11763,"sw":11886,"he":12034,"el":12326,"sk":12424,"fa":12522,"fi":12620,"bg":13428,"ro":14502,"cs":14695,"nl":16624,"ku":16784,"ar":16960,"be":18671,"kn":18945,"mr":20404,"uk":20698,"ml":20993,"ta":22782,"sv":23052,"bs":27292,"fil":29500,"sd":31004,"da":37798,"pl":38008,"nn":38350},"pll_sync_post":[],"_links":{"self":[{"href":"https:\/\/shrimataji.org\/test\/wp-json\/wp\/v2\/pages\/10783","targetHints":{"allow":["GET"]}}],"collection":[{"href":"https:\/\/shrimataji.org\/test\/wp-json\/wp\/v2\/pages"}],"about":[{"href":"https:\/\/shrimataji.org\/test\/wp-json\/wp\/v2\/types\/page"}],"author":[{"embeddable":true,"href":"https:\/\/shrimataji.org\/test\/wp-json\/wp\/v2\/users\/7"}],"replies":[{"embeddable":true,"href":"https:\/\/shrimataji.org\/test\/wp-json\/wp\/v2\/comments?post=10783"}],"version-history":[{"count":0,"href":"https:\/\/shrimataji.org\/test\/wp-json\/wp\/v2\/pages\/10783\/revisions"}],"wp:featuredmedia":[{"embeddable":true,"href":"https:\/\/shrimataji.org\/test\/wp-json\/wp\/v2\/media\/8561"}],"wp:attachment":[{"href":"https:\/\/shrimataji.org\/test\/wp-json\/wp\/v2\/media?parent=10783"}],"curies":[{"name":"wp","href":"https:\/\/api.w.org\/{rel}","templated":true}]}}