{"id":10787,"date":"2022-03-05T08:01:33","date_gmt":"2022-03-05T08:01:33","guid":{"rendered":"https:\/\/test.shrimataji.org\/?page_id=6500"},"modified":"2026-02-15T17:21:59","modified_gmt":"2026-02-15T17:21:59","slug":"le-chakra-du-sahasrara","status":"publish","type":"page","link":"https:\/\/shrimataji.org\/test\/fr\/le-chakra-du-sahasrara\/","title":{"rendered":"Le chakra du Sahasrara"},"content":{"rendered":"\n\n\t<h1>Le chakra du Sahasrara<\/h1>\n<h2>L&#8217;int\u00e9gration<\/h2>\n<h4>Le chakra du Sahasrara, &#8216;sahasrara&#8217; signifiant mille, se trouve au sommet de la t\u00eate et symbolise l&#8217;aboutissement de notre \u00e9volution en tant qu&#8217;Homo sapiens. L&#8217;esp\u00e8ce humaine, apparue \u00e0 la toute fin des 4,8 milliards d&#8217;ann\u00e9es de vie sur Terre, est l&#8217;esp\u00e8ce dominante gr\u00e2ce \u00e0 son cerveau. Quel est le but de la vie humaine ? Est-ce simplement pour utiliser ce cerveau en vue d&#8217;un gain illusoire de pouvoir ou d&#8217;argent, ou satisfaire une curiosit\u00e9 scientifique? Ou existe-t-il un but plus \u00e9lev\u00e9 \u00e0 notre vie humaine que seuls quelques-uns ont \u00e9t\u00e9 capables de comprendre ?<\/h4>\n<p>Gr\u00e2ce \u00e0 la R\u00e9alisation du Soi, d\u00e9clench\u00e9e par l&#8217;\u00e9veil de la <a href=\"https:\/\/shrimataji.org\/test\/fr\/la-kundalini\/\" target=\"_blank\" rel=\"noopener\"><u>Kundalini<\/u><\/a> per\u00e7ant le sommet de la t\u00eate appel\u00e9 Brahmarandra en sanskrit, notre conscience humaine entre dans un nouveau domaine de perception et de conscience qui d\u00e9passe nos activit\u00e9s et pens\u00e9es mentales. Ce Chakra nous donne la perception directe et absolue de la R\u00e9alit\u00e9 sur notre syst\u00e8me nerveux central et nous \u00e9tablissons sans effort un \u00e9tat de conscience sans pens\u00e9e.<\/p>\n<p>La qualit\u00e9 premi\u00e8re du chakra du Sahasrara est l&#8217;int\u00e9gration et le sentiment d&#8217;unit\u00e9 avec tous les \u00e9l\u00e9ments de l&#8217;univers. C&#8217;est \u00e0 travers le Sahasrara que nous faisons l&#8217;exp\u00e9rience de la connexion \u00e0 l&#8217;\u00e9nergie spirituelle omnipr\u00e9sente, \u00e0 la v\u00e9rit\u00e9 absolue. Le Sahasrara repr\u00e9sente notre destination ultime. Pour comprendre pleinement le sens et le but de notre vie, nous devons explorer les domaines sup\u00e9rieurs de la conscience qui font partie int\u00e9grante du pouvoir qui nous a cr\u00e9\u00e9s.<\/p>\n<p>Le septi\u00e8me centre int\u00e8gre les pouvoirs et les qualit\u00e9s de l&#8217;ensemble du syst\u00e8me subtil, compos\u00e9 de milliers de <a href=\"https:\/\/shrimataji.org\/test\/fr\/les-nadis-et-les-trois-canaux\/\" target=\"_blank\" rel=\"noopener\">nadis <\/a>et chakras. Le mode de fonctionnement de tous les chakras est activ\u00e9 par les positions respectives des chakras \u00e0 l&#8217;int\u00e9rieur du Sahasrara. Tout comme le cerveau, station de contr\u00f4le de notre syst\u00e8me nerveux central o\u00f9 chaque information est communiqu\u00e9e et trait\u00e9e par le biais de ce super ordinateur, le Sahasrara interagit avec l&#8217;ensemble du syst\u00e8me subtil de la m\u00eame mani\u00e8re.<\/p>\n\t\t<iframe loading=\"lazy\" title=\"Sahasrara Chakra\" width=\"1920\" height=\"1080\" src=\"https:\/\/www.youtube.com\/embed\/9L26slNEfCY?feature=oembed\" frameborder=\"0\" allow=\"accelerometer; autoplay; clipboard-write; encrypted-media; gyroscope; picture-in-picture; web-share\" allowfullscreen><\/iframe>\t\n<figure itemscope itemtype=\"https:\/\/schema.org\/ImageObject\">\n\t\t\t\t<img decoding=\"async\" src=\"https:\/\/shrimataji.org\/test\/wp-content\/uploads\/2026\/01\/Fr_Sahasrara_Handsketch_1.jpg\" alt=\"Dessin original de Shri Mataji\" height=\"589\" width=\"1001\" title=\"Fr_Sahasrara_Handsketch_1\" onerror=\"this.style.display='none'\" loading=\"lazy\" \/>\n\t\t<figcaption>Dessin original de Shri Mataji<\/figcaption>\n\t<\/figure>\n\t<strong>Emplacement<\/strong><strong><br \/>\n<\/strong>Le chakra du Sahasrara est situ\u00e9 dans le syst\u00e8me limbique du cerveau. Vous pouvez aussi ressentir les vibrations du Sahasrara au centre de votre paume.\n<strong>Couleur<\/strong><strong><br \/>\n<\/strong>Le blanc \u00e9tant la r\u00e9union de toutes les couleurs, c&#8217;est celle qui repr\u00e9sente le chakra du Sahasrara.\n<strong>Les qualit\u00e9s du chakra du Sahasrara<\/strong><br \/>\nLe chakra du Sahasrara vous permet de vous connecter \u00e0 la puissance qui vous a cr\u00e9\u00e9. Vous pouvez ainsi d\u00e9couvrir le sens de votre vie. Il repr\u00e9sente votre destination ultime &#8211; la r\u00e9alisation du paradis sur terre. Il offre :\n\u2022 Un sentiment d&#8217;unit\u00e9 avec l&#8217;univers ou int\u00e9gration de l&#8217;\u00e2me au tout<br \/>\n\u2022 La conscience sans pens\u00e9e ou le silence du mental<br \/>\n\u2022 L&#8217;int\u00e9gration de toutes les qualit\u00e9s des chakras\n<figure itemscope itemtype=\"https:\/\/schema.org\/ImageObject\">\n\t\t\t\t<img decoding=\"async\" src=\"https:\/\/shrimataji.org\/test\/wp-content\/uploads\/2023\/02\/7-Sahasrara-01-1.png\" alt=\"7-Sahasrara-01\" height=\"3426\" width=\"3214\" title=\"7-Sahasrara-01\" onerror=\"this.style.display='none'\" loading=\"lazy\" \/>\n\t<\/figure>\n\t<p>Chacun des six chakras principaux, du Mooladhara \u00e0 l&#8217;Agnya, a ses racines dans le cerveau. Lorsque vous pratiquez Sahaja Yoga, la Kundalini s&#8217;\u00e9l\u00e8ve et installe les chakras dans la r\u00e9gion limbique du cerveau. Ce processus est \u00e9galement connu sous le nom d&#8217;illumination spirituelle.<\/p>\n<p>Le Sahasrara est repr\u00e9sent\u00e9 sur le cr\u00e2ne dans l&#8217;espace creux de la fontanelle. Lorsque l&#8217;\u00e9nergie de la Kundalini p\u00e9n\u00e8tre le Sahasrara par le biais de la m\u00e9ditation, tous les nerfs fonctionnent \u00e0 l&#8217;unisson. L&#8217;\u00e9nergie de la Kundalini se manifeste alors au sommet de la t\u00eate et s&#8217;unit \u00e0 l&#8217;\u00e9nergie divine de l&#8217;univers.<\/p>\n<strong>Exp\u00e9rience et avantages <\/strong><br \/>\nLorsque l&#8217;\u00e9nergie de la Kundalini traverse le sommet de la t\u00eate, la fontanelle, elle unit votre conscience individuelle (Atma) \u00e0 la conscience universelle (Paramatma). Cela peut \u00eatre ressenti comme une puissante sensation de pulsation au sommet de la t\u00eate. Une sensation de fusion et des vibrations plus fra\u00eeches suivent souvent ces pulsations puissantes. \u00c0 la suite de cette exp\u00e9rience, vous aurez obtenu une nouvelle dimension de conscience qui vous permettra de mieux percevoir la v\u00e9rit\u00e9. Vous aurez tout ce qu&#8217;il faut pour distinguer le bon du mauvais, le bien du mal, la v\u00e9rit\u00e9 du mensonge.\n<p>Une fois que vous avez r\u00e9ussi \u00e0 connecter votre Kundalini \u00e0 l&#8217;\u00e9nergie divine de l&#8217;univers, vous ne serez plus accapar\u00e9 par le pass\u00e9 ni par l&#8217;avenir. Vous ressentez une v\u00e9ritable joie int\u00e9rieure, comme vous n&#8217;en avez jamais connue auparavant. \u00c0 ce stade, vos \u00eatres physique, intellectuel, \u00e9motionnel et spirituel ne font plus qu&#8217;un.<\/p>\n<p>Vous pouvez d\u00e9sormais agir en parfaite harmonie, sans confusion ni contradiction interne. Vous saurez intuitivement quelle r\u00e9ponse ou action est moralement correcte. Vous ferez l&#8217;exp\u00e9rience d&#8217;un calme int\u00e9rieur complet et d&#8217;une joie parfaite. Avant d&#8217;atteindre la connexion de votre Kundalini, vous avez peut-\u00eatre d\u00fb accepter l&#8217;existence de Dieu sur la base de votre seule foi. Mais en continuant \u00e0 m\u00e9diter, cette conscience deviendra encore plus forte et on parlera de <strong>conscience sans doute<\/strong>, car vous serez alors conscient de votre vraie nature et aussi du fait qu&#8217;il existe une conscience plus grande que la n\u00f4tre.<\/p>\n<strong>Auto-\u00e9valuation <\/strong><br \/>\nSi votre chakra du Sahasrara est bloqu\u00e9, vous pouvez \u00e9prouver des doutes quant \u00e0 la r\u00e9alit\u00e9 spirituelle ou \u00e0 l&#8217;existence du divin. Heureusement, plus vous pratiquez la m\u00e9ditation de Sahaja Yoga, plus tous vos chakras seront \u00e9quilibr\u00e9s. Tout ce qu&#8217;il faut, c&#8217;est un esprit ouvert et la volont\u00e9 de continuer \u00e0 pratiquer la m\u00e9ditation. Finalement, vous atteindrez et exp\u00e9rimenterez la connexion de votre Kundalini \u00e0 l&#8217;\u00e9nergie divine assez r\u00e9guli\u00e8rement.\n<p><strong>Raisons des d\u00e9s\u00e9quilibres <\/strong><\/p>\n<ul>\n<li>Le doute de soi<\/li>\n<li>Un ath\u00e9isme extr\u00eame<\/li>\n<li>Toute attitude extr\u00eame<\/li>\n<li>Un asservissement envers une autre personne<\/li>\n<\/ul>\n<strong>Comment l&#8217;\u00e9quilibrer <\/strong><br \/>\nVous pouvez \u00e9quilibrer votre chakra du Sahasrara en pla\u00e7ant la main droite sur le sommet de votre t\u00eate. Tournez lentement votre main dans le sens des aiguilles d&#8217;une montre tout en disant : &#8220;Je veux exp\u00e9rimenter l&#8217;\u00e9tat de m\u00e9ditation.&#8221;\n<p>Si vous n&#8217;arrivez pas \u00e0 ressentir les vibrations au d\u00e9but, soyez patient avec vous-m\u00eame et pers\u00e9v\u00e9rez. De nombreuses personnes pratiquant le Sahaja Yoga ont besoin de plus de temps avant de pouvoir ressentir des vibrations ou de confirmer de mani\u00e8re cr\u00e9dible leur propre connexion \u00e0 l&#8217;\u00e9nergie de la Kundalini.  . Vous y arriverez aussi. Il s&#8217;agit d&#8217;une \u00e9tape d&#8217;apprentissage essentielle pour garder votre chakra du Sahasrara ouvert.<\/p>\n\n","protected":false},"excerpt":{"rendered":"<p>Le chakra du Sahasrara L&#8217;int\u00e9gration Le chakra du Sahasrara, &#8216;sahasrara&#8217; signifiant mille, se trouve au sommet de la t\u00eate et symbolise l&#8217;aboutissement de notre \u00e9volution en tant qu&#8217;Homo sapiens. L&#8217;esp\u00e8ce humaine, apparue \u00e0 la toute fin des 4,8 milliards d&#8217;ann\u00e9es de vie sur Terre, est l&#8217;esp\u00e8ce dominante gr\u00e2ce \u00e0 son cerveau. Quel est le but&hellip; <br \/> <a class=\"read-more\" href=\"https:\/\/shrimataji.org\/test\/fr\/le-chakra-du-sahasrara\/\">Read more<\/a><\/p>\n","protected":false},"author":7,"featured_media":9257,"parent":0,"menu_order":0,"comment_status":"closed","ping_status":"closed","template":"","meta":{"inline_featured_image":false,"footnotes":""},"class_list":["post-10787","page","type-page","status-publish","has-post-thumbnail","hentry"],"yoast_head":"<!-- This site is optimized with the Yoast SEO plugin v27.4 - https:\/\/yoast.com\/product\/yoast-seo-wordpress\/ -->\n<title>Le chakra du Sahasrara - TEST - SMND<\/title>\n<meta name=\"robots\" content=\"noindex, follow, max-snippet:-1, max-image-preview:large, max-video-preview:-1\" \/>\n<meta property=\"og:locale\" content=\"en_US\" \/>\n<meta property=\"og:type\" content=\"article\" \/>\n<meta property=\"og:title\" content=\"Le chakra du Sahasrara - TEST - SMND\" \/>\n<meta property=\"og:description\" content=\"Le chakra du Sahasrara L&#8217;int\u00e9gration Le chakra du Sahasrara, &#8216;sahasrara&#8217; signifiant mille, se trouve au sommet de la t\u00eate et symbolise l&#8217;aboutissement de notre \u00e9volution en tant qu&#8217;Homo sapiens. L&#8217;esp\u00e8ce humaine, apparue \u00e0 la toute fin des 4,8 milliards d&#8217;ann\u00e9es de vie sur Terre, est l&#8217;esp\u00e8ce dominante gr\u00e2ce \u00e0 son cerveau. Quel est le but&hellip; Read more\" \/>\n<meta property=\"og:url\" content=\"https:\/\/shrimataji.org\/test\/fr\/le-chakra-du-sahasrara\/\" \/>\n<meta property=\"og:site_name\" content=\"TEST - SMND\" \/>\n<meta property=\"article:publisher\" content=\"https:\/\/www.facebook.com\/shrimataji\" \/>\n<meta property=\"article:modified_time\" content=\"2026-02-15T17:21:59+00:00\" \/>\n<meta property=\"og:image\" content=\"https:\/\/shrimataji.org\/test\/wp-content\/uploads\/2023\/03\/22_Banner-SY-Chakra-sahas-scaled.jpg\" \/>\n\t<meta property=\"og:image:width\" content=\"2560\" \/>\n\t<meta property=\"og:image:height\" content=\"905\" \/>\n\t<meta property=\"og:image:type\" content=\"image\/jpeg\" \/>\n<meta name=\"twitter:card\" content=\"summary_large_image\" \/>\n<meta name=\"twitter:site\" content=\"@shrimataji\" \/>\n<meta name=\"twitter:label1\" content=\"Est. reading time\" \/>\n\t<meta name=\"twitter:data1\" content=\"5 minutes\" \/>\n<script type=\"application\/ld+json\" class=\"yoast-schema-graph\">{\"@context\":\"https:\\\/\\\/schema.org\",\"@graph\":[{\"@type\":\"WebPage\",\"@id\":\"https:\\\/\\\/shrimataji.org\\\/test\\\/fr\\\/le-chakra-du-sahasrara\\\/\",\"url\":\"https:\\\/\\\/shrimataji.org\\\/test\\\/fr\\\/le-chakra-du-sahasrara\\\/\",\"name\":\"Le chakra du Sahasrara - TEST - SMND\",\"isPartOf\":{\"@id\":\"https:\\\/\\\/shrimataji.org\\\/test\\\/#website\"},\"primaryImageOfPage\":{\"@id\":\"https:\\\/\\\/shrimataji.org\\\/test\\\/fr\\\/le-chakra-du-sahasrara\\\/#primaryimage\"},\"image\":{\"@id\":\"https:\\\/\\\/shrimataji.org\\\/test\\\/fr\\\/le-chakra-du-sahasrara\\\/#primaryimage\"},\"thumbnailUrl\":\"https:\\\/\\\/shrimataji.org\\\/test\\\/wp-content\\\/uploads\\\/2023\\\/03\\\/22_Banner-SY-Chakra-sahas-scaled.jpg\",\"datePublished\":\"2022-03-05T08:01:33+00:00\",\"dateModified\":\"2026-02-15T17:21:59+00:00\",\"breadcrumb\":{\"@id\":\"https:\\\/\\\/shrimataji.org\\\/test\\\/fr\\\/le-chakra-du-sahasrara\\\/#breadcrumb\"},\"inLanguage\":\"en-US\",\"potentialAction\":[{\"@type\":\"ReadAction\",\"target\":[\"https:\\\/\\\/shrimataji.org\\\/test\\\/fr\\\/le-chakra-du-sahasrara\\\/\"]}]},{\"@type\":\"ImageObject\",\"inLanguage\":\"en-US\",\"@id\":\"https:\\\/\\\/shrimataji.org\\\/test\\\/fr\\\/le-chakra-du-sahasrara\\\/#primaryimage\",\"url\":\"https:\\\/\\\/shrimataji.org\\\/test\\\/wp-content\\\/uploads\\\/2023\\\/03\\\/22_Banner-SY-Chakra-sahas-scaled.jpg\",\"contentUrl\":\"https:\\\/\\\/shrimataji.org\\\/test\\\/wp-content\\\/uploads\\\/2023\\\/03\\\/22_Banner-SY-Chakra-sahas-scaled.jpg\",\"width\":2560,\"height\":905},{\"@type\":\"BreadcrumbList\",\"@id\":\"https:\\\/\\\/shrimataji.org\\\/test\\\/fr\\\/le-chakra-du-sahasrara\\\/#breadcrumb\",\"itemListElement\":[{\"@type\":\"ListItem\",\"position\":1,\"name\":\"Home\",\"item\":\"https:\\\/\\\/shrimataji.org\\\/test\\\/uk\\\/home-en\\\/\"},{\"@type\":\"ListItem\",\"position\":2,\"name\":\"Le chakra du Sahasrara\"}]},{\"@type\":\"WebSite\",\"@id\":\"https:\\\/\\\/shrimataji.org\\\/test\\\/#website\",\"url\":\"https:\\\/\\\/shrimataji.org\\\/test\\\/\",\"name\":\"Shri Mataji Nirmala Devi\",\"description\":\"A Life Dedicated to Humanity\",\"publisher\":{\"@id\":\"https:\\\/\\\/shrimataji.org\\\/test\\\/#\\\/schema\\\/person\\\/a1b3419c6585f164aa96da1ff85715d1\"},\"potentialAction\":[{\"@type\":\"SearchAction\",\"target\":{\"@type\":\"EntryPoint\",\"urlTemplate\":\"https:\\\/\\\/shrimataji.org\\\/test\\\/?s={search_term_string}\"},\"query-input\":{\"@type\":\"PropertyValueSpecification\",\"valueRequired\":true,\"valueName\":\"search_term_string\"}}],\"inLanguage\":\"en-US\"},{\"@type\":[\"Person\",\"Organization\"],\"@id\":\"https:\\\/\\\/shrimataji.org\\\/test\\\/#\\\/schema\\\/person\\\/a1b3419c6585f164aa96da1ff85715d1\",\"name\":\"Nirmala Shrivastava\",\"image\":{\"@type\":\"ImageObject\",\"inLanguage\":\"en-US\",\"@id\":\"https:\\\/\\\/shrimataji.org\\\/test\\\/wp-content\\\/uploads\\\/2023\\\/02\\\/SMO_LOGO-03.svg\",\"url\":\"https:\\\/\\\/shrimataji.org\\\/test\\\/wp-content\\\/uploads\\\/2023\\\/02\\\/SMO_LOGO-03.svg\",\"contentUrl\":\"https:\\\/\\\/shrimataji.org\\\/test\\\/wp-content\\\/uploads\\\/2023\\\/02\\\/SMO_LOGO-03.svg\",\"width\":\"1024\",\"height\":\"1024\",\"caption\":\"Nirmala Shrivastava\"},\"logo\":{\"@id\":\"https:\\\/\\\/shrimataji.org\\\/test\\\/wp-content\\\/uploads\\\/2023\\\/02\\\/SMO_LOGO-03.svg\"},\"sameAs\":[\"https:\\\/\\\/shrimataji.org\\\/test\",\"https:\\\/\\\/www.facebook.com\\\/shrimataji\",\"https:\\\/\\\/x.com\\\/shrimataji\",\"https:\\\/\\\/www.youtube.com\\\/@Shri_Mataji_Nirmala_Devi\\\/featured\"]}]}<\/script>\n<!-- \/ Yoast SEO plugin. -->","yoast_head_json":{"title":"Le chakra du Sahasrara - TEST - SMND","robots":{"index":"noindex","follow":"follow","max-snippet":"max-snippet:-1","max-image-preview":"max-image-preview:large","max-video-preview":"max-video-preview:-1"},"og_locale":"en_US","og_type":"article","og_title":"Le chakra du Sahasrara - TEST - SMND","og_description":"Le chakra du Sahasrara L&#8217;int\u00e9gration Le chakra du Sahasrara, &#8216;sahasrara&#8217; signifiant mille, se trouve au sommet de la t\u00eate et symbolise l&#8217;aboutissement de notre \u00e9volution en tant qu&#8217;Homo sapiens. L&#8217;esp\u00e8ce humaine, apparue \u00e0 la toute fin des 4,8 milliards d&#8217;ann\u00e9es de vie sur Terre, est l&#8217;esp\u00e8ce dominante gr\u00e2ce \u00e0 son cerveau. Quel est le but&hellip; Read more","og_url":"https:\/\/shrimataji.org\/test\/fr\/le-chakra-du-sahasrara\/","og_site_name":"TEST - SMND","article_publisher":"https:\/\/www.facebook.com\/shrimataji","article_modified_time":"2026-02-15T17:21:59+00:00","og_image":[{"width":2560,"height":905,"url":"https:\/\/shrimataji.org\/test\/wp-content\/uploads\/2023\/03\/22_Banner-SY-Chakra-sahas-scaled.jpg","type":"image\/jpeg"}],"twitter_card":"summary_large_image","twitter_site":"@shrimataji","twitter_misc":{"Est. reading time":"5 minutes"},"schema":{"@context":"https:\/\/schema.org","@graph":[{"@type":"WebPage","@id":"https:\/\/shrimataji.org\/test\/fr\/le-chakra-du-sahasrara\/","url":"https:\/\/shrimataji.org\/test\/fr\/le-chakra-du-sahasrara\/","name":"Le chakra du Sahasrara - TEST - SMND","isPartOf":{"@id":"https:\/\/shrimataji.org\/test\/#website"},"primaryImageOfPage":{"@id":"https:\/\/shrimataji.org\/test\/fr\/le-chakra-du-sahasrara\/#primaryimage"},"image":{"@id":"https:\/\/shrimataji.org\/test\/fr\/le-chakra-du-sahasrara\/#primaryimage"},"thumbnailUrl":"https:\/\/shrimataji.org\/test\/wp-content\/uploads\/2023\/03\/22_Banner-SY-Chakra-sahas-scaled.jpg","datePublished":"2022-03-05T08:01:33+00:00","dateModified":"2026-02-15T17:21:59+00:00","breadcrumb":{"@id":"https:\/\/shrimataji.org\/test\/fr\/le-chakra-du-sahasrara\/#breadcrumb"},"inLanguage":"en-US","potentialAction":[{"@type":"ReadAction","target":["https:\/\/shrimataji.org\/test\/fr\/le-chakra-du-sahasrara\/"]}]},{"@type":"ImageObject","inLanguage":"en-US","@id":"https:\/\/shrimataji.org\/test\/fr\/le-chakra-du-sahasrara\/#primaryimage","url":"https:\/\/shrimataji.org\/test\/wp-content\/uploads\/2023\/03\/22_Banner-SY-Chakra-sahas-scaled.jpg","contentUrl":"https:\/\/shrimataji.org\/test\/wp-content\/uploads\/2023\/03\/22_Banner-SY-Chakra-sahas-scaled.jpg","width":2560,"height":905},{"@type":"BreadcrumbList","@id":"https:\/\/shrimataji.org\/test\/fr\/le-chakra-du-sahasrara\/#breadcrumb","itemListElement":[{"@type":"ListItem","position":1,"name":"Home","item":"https:\/\/shrimataji.org\/test\/uk\/home-en\/"},{"@type":"ListItem","position":2,"name":"Le chakra du Sahasrara"}]},{"@type":"WebSite","@id":"https:\/\/shrimataji.org\/test\/#website","url":"https:\/\/shrimataji.org\/test\/","name":"Shri Mataji Nirmala Devi","description":"A Life Dedicated to Humanity","publisher":{"@id":"https:\/\/shrimataji.org\/test\/#\/schema\/person\/a1b3419c6585f164aa96da1ff85715d1"},"potentialAction":[{"@type":"SearchAction","target":{"@type":"EntryPoint","urlTemplate":"https:\/\/shrimataji.org\/test\/?s={search_term_string}"},"query-input":{"@type":"PropertyValueSpecification","valueRequired":true,"valueName":"search_term_string"}}],"inLanguage":"en-US"},{"@type":["Person","Organization"],"@id":"https:\/\/shrimataji.org\/test\/#\/schema\/person\/a1b3419c6585f164aa96da1ff85715d1","name":"Nirmala Shrivastava","image":{"@type":"ImageObject","inLanguage":"en-US","@id":"https:\/\/shrimataji.org\/test\/wp-content\/uploads\/2023\/02\/SMO_LOGO-03.svg","url":"https:\/\/shrimataji.org\/test\/wp-content\/uploads\/2023\/02\/SMO_LOGO-03.svg","contentUrl":"https:\/\/shrimataji.org\/test\/wp-content\/uploads\/2023\/02\/SMO_LOGO-03.svg","width":"1024","height":"1024","caption":"Nirmala Shrivastava"},"logo":{"@id":"https:\/\/shrimataji.org\/test\/wp-content\/uploads\/2023\/02\/SMO_LOGO-03.svg"},"sameAs":["https:\/\/shrimataji.org\/test","https:\/\/www.facebook.com\/shrimataji","https:\/\/x.com\/shrimataji","https:\/\/www.youtube.com\/@Shri_Mataji_Nirmala_Devi\/featured"]}]}},"lang":"fr","translations":{"fr":10787,"ur":37494,"en":6500,"am":18069,"th":20049,"hu":19557,"sq":18470,"zh":17367,"hi":8335,"tr":10205,"pt":10415,"de":10689,"it":10885,"es":10982,"ja":11280,"ru":11468,"bn":11659,"te":11767,"sw":11890,"he":12038,"el":12330,"sk":12428,"fa":12526,"fi":12624,"bg":13364,"ro":14438,"cs":14631,"nl":16630,"ku":16790,"ar":16966,"be":18677,"kn":18951,"mr":20413,"uk":20707,"ml":21002,"ta":22788,"sv":23058,"gu":28898,"pa":29058,"fil":29506,"da":37804,"pl":38014,"nn":38356},"pll_sync_post":[],"_links":{"self":[{"href":"https:\/\/shrimataji.org\/test\/wp-json\/wp\/v2\/pages\/10787","targetHints":{"allow":["GET"]}}],"collection":[{"href":"https:\/\/shrimataji.org\/test\/wp-json\/wp\/v2\/pages"}],"about":[{"href":"https:\/\/shrimataji.org\/test\/wp-json\/wp\/v2\/types\/page"}],"author":[{"embeddable":true,"href":"https:\/\/shrimataji.org\/test\/wp-json\/wp\/v2\/users\/7"}],"replies":[{"embeddable":true,"href":"https:\/\/shrimataji.org\/test\/wp-json\/wp\/v2\/comments?post=10787"}],"version-history":[{"count":0,"href":"https:\/\/shrimataji.org\/test\/wp-json\/wp\/v2\/pages\/10787\/revisions"}],"wp:featuredmedia":[{"embeddable":true,"href":"https:\/\/shrimataji.org\/test\/wp-json\/wp\/v2\/media\/9257"}],"wp:attachment":[{"href":"https:\/\/shrimataji.org\/test\/wp-json\/wp\/v2\/media?parent=10787"}],"curies":[{"name":"wp","href":"https:\/\/api.w.org\/{rel}","templated":true}]}}