{"id":10790,"date":"2018-07-10T06:54:42","date_gmt":"2018-07-10T06:54:42","guid":{"rendered":"http:\/\/testwordpress.nirmalnagari.org\/smnd\/index.php\/self-empowerment\/"},"modified":"2025-11-12T16:57:51","modified_gmt":"2025-11-12T16:57:51","slug":"liberez-votre-potentiel","status":"publish","type":"page","link":"https:\/\/shrimataji.org\/test\/fr\/liberez-votre-potentiel\/","title":{"rendered":"Lib\u00e9rez votre potentiel"},"content":{"rendered":"\n\n\t<h1>Lib\u00e9rez votre potentiel<\/h1>\n<h2>Gr\u00e2ce \u00e0 la connaissance de vous-m\u00eame<\/h2>\n\t<h4>Si l&#8217;\u00e9panouissement personnel peut \u00eatre d\u00e9fini comme le processus qui consiste \u00e0 acqu\u00e9rir un contr\u00f4le accru sur sa vie, une plus grande force ou une confiance accrue en ses capacit\u00e9s, la m\u00e9thode d\u00e9velopp\u00e9e par Shri Mataji est le moyen ultime d&#8217;atteindre l&#8217;\u00e9panouissement personnel, permettant aux gens de lib\u00e9rer un formidable potentiel qui entra\u00eene une v\u00e9ritable transformation.<\/h4>\n\t<div class=\"su-quote su-quote-style-default\"><div class=\"su-quote-inner su-u-clearfix su-u-trim\">Tout est en vous. Laissez le processus suivre son cours, comme des fleurs qui doivent devenir des fruits. <\/div><\/div>\n\t<p>Parmi les bienfaits tels qu&#8217;une am\u00e9lioration g\u00e9n\u00e9rale du bien-\u00eatre et une meilleure r\u00e9sistance au stress et aux effets n\u00e9gatifs, la pratique r\u00e9guli\u00e8re de la m\u00e9ditation Sahaja Yoga permet aux pratiquants de mieux comprendre l&#8217;\u00e9tat de leur corps subtil &#8211; compos\u00e9 d&#8217;un r\u00e9seau de canaux vitaux et de centres \u00e9nerg\u00e9tiques &#8211; et de ma\u00eetriser progressivement des techniques simples pour r\u00e9tablir l&#8217;\u00e9quilibre et l&#8217;harmonie int\u00e9rieure.<\/p>\n\t<p>Shri Mataji a soulign\u00e9 que la R\u00e9alisation du Soi commence par la connaissance de soi. En quelques semaines, les pratiquants de la m\u00e9ditation Sahaja Yoga d\u00e9veloppent une nouvelle conscience plus subtile de la r\u00e9alit\u00e9 appel\u00e9e conscience vibratoire, qui leur donne la capacit\u00e9 d&#8217;\u00e9valuer la qualit\u00e9 de l&#8217;\u00e9nergie dans leur environnement, ainsi que de diagnostiquer leur propre \u00e9tat int\u00e9rieur. \u00c0 l&#8217;aide d&#8217;\u00e9l\u00e9ments (air, eau, feu, terre, \u00e9ther), toute une gamme de techniques et de traitements peuvent \u00eatre appliqu\u00e9s pour corriger les exc\u00e8s ou les carences en \u00e9nergie, le tout bas\u00e9 sur des sensations tangibles per\u00e7ues dans les mains et certaines zones du corps.<\/p>\n\t<p>Plus important encore, l&#8217;exp\u00e9rience de la v\u00e9ritable m\u00e9ditation, d\u00e9finie comme un \u00e9tat de conscience sans pens\u00e9e et de paix int\u00e9rieure, aide \u00e0 neutraliser les d\u00e9s\u00e9quilibres souvent caus\u00e9s par des pens\u00e9es excessives ou des pr\u00e9occupations. Cela permet d&#8217;am\u00e9liorer la capacit\u00e9 de concentration et l&#8217;estime de soi.<\/p>\n<p>Avec une pratique plus approfondie, la conscience des vibrations subtiles peut devenir un outil d&#8217;aide \u00e0 la prise de d\u00e9cision, augmentant la capacit\u00e9 des pratiquants \u00e0 \u00e9valuer plus pr\u00e9cis\u00e9ment tous les aspects d&#8217;une situation. La m\u00e9ditation et les conseils et techniques qui l&#8217;accompagnent peuvent contribuer \u00e0 une transformation progressive de soi ainsi qu&#8217;\u00e0 la capacit\u00e9 d&#8217;influencer positivement son environnement.<\/p>\n\t\t\t\t<img decoding=\"async\" src=\"https:\/\/shrimataji.org\/test\/wp-content\/uploads\/2020\/08\/self-empowerment-through-meditation.jpg\" alt=\"self-empowerment-through-meditation\" itemprop=\"image\" height=\"321\" width=\"489\" title=\"self-empowerment-through-meditation\" onerror=\"this.style.display='none'\" loading='lazy' \/>\n\t<div class=\"su-quote su-quote-style-default\"><div class=\"su-quote-inner su-u-clearfix su-u-trim\">Vous devez aller au-del\u00e0 de ce mental, et pour cela, la chose la plus utile est l&#8217;\u00e9veil de la Kundalini, car elle traverse votre zone limbique, perce la fontanelle et vous emporte loin, hors de vous-m\u00eame, dans le royaume de la r\u00e9alit\u00e9. Et le yoga se produit entre votre cerveau, je devrais dire, votre c\u0153ur, et cette puissance omnipr\u00e9sente.<\/div><\/div>\n\t<p>La v\u00e9ritable autonomie s&#8217;acquiert gr\u00e2ce \u00e0 la pratique de la m\u00e9ditation Sahaja Yoga, qui nous relie automatiquement \u00e0 la source supr\u00eame de la puissance universelle omnipr\u00e9sente, l&#8217;Esprit \u00e9ternel qui r\u00e9side dans le c\u0153ur.<\/p>\n\t<div class=\"su-quote su-quote-style-default\"><div class=\"su-quote-inner su-u-clearfix su-u-trim\">\u00catre \u00e9clair\u00e9 signifie avoir une personnalit\u00e9 \u00e9clair\u00e9e, qui transcende le mental, car on est en contact avec cette puissance omnipr\u00e9sente qu&#8217;est l&#8217;amour divin. En cons\u00e9quence, tout dans cette personne est guid\u00e9, aid\u00e9&#8230; Cette puissance est si grande qu&#8217;elle veille sur vous, organise tout. Elle pense, comprend et est sagesse&#8230; \u00bb<\/div><\/div>\n\n","protected":false},"excerpt":{"rendered":"<p>Lib\u00e9rez votre potentiel Gr\u00e2ce \u00e0 la connaissance de vous-m\u00eame Si l&#8217;\u00e9panouissement personnel peut \u00eatre d\u00e9fini comme le processus qui consiste \u00e0 acqu\u00e9rir un contr\u00f4le accru sur sa vie, une plus grande force ou une confiance accrue en ses capacit\u00e9s, la m\u00e9thode d\u00e9velopp\u00e9e par Shri Mataji est le moyen ultime d&#8217;atteindre l&#8217;\u00e9panouissement personnel, permettant aux gens&hellip; <br \/> <a class=\"read-more\" href=\"https:\/\/shrimataji.org\/test\/fr\/liberez-votre-potentiel\/\">Read more<\/a><\/p>\n","protected":false},"author":7,"featured_media":9259,"parent":0,"menu_order":0,"comment_status":"closed","ping_status":"closed","template":"","meta":{"inline_featured_image":false,"footnotes":""},"class_list":["post-10790","page","type-page","status-publish","has-post-thumbnail","hentry"],"yoast_head":"<!-- This site is optimized with the Yoast SEO plugin v27.4 - https:\/\/yoast.com\/product\/yoast-seo-wordpress\/ -->\n<title>Lib\u00e9rez votre potentiel - TEST - SMND<\/title>\n<meta name=\"robots\" content=\"noindex, follow, max-snippet:-1, max-image-preview:large, max-video-preview:-1\" \/>\n<meta property=\"og:locale\" content=\"en_US\" \/>\n<meta property=\"og:type\" content=\"article\" \/>\n<meta property=\"og:title\" content=\"Lib\u00e9rez votre potentiel - TEST - SMND\" \/>\n<meta property=\"og:description\" content=\"Lib\u00e9rez votre potentiel Gr\u00e2ce \u00e0 la connaissance de vous-m\u00eame Si l&#8217;\u00e9panouissement personnel peut \u00eatre d\u00e9fini comme le processus qui consiste \u00e0 acqu\u00e9rir un contr\u00f4le accru sur sa vie, une plus grande force ou une confiance accrue en ses capacit\u00e9s, la m\u00e9thode d\u00e9velopp\u00e9e par Shri Mataji est le moyen ultime d&#8217;atteindre l&#8217;\u00e9panouissement personnel, permettant aux gens&hellip; Read more\" \/>\n<meta property=\"og:url\" content=\"https:\/\/shrimataji.org\/test\/fr\/liberez-votre-potentiel\/\" \/>\n<meta property=\"og:site_name\" content=\"TEST - SMND\" \/>\n<meta property=\"article:publisher\" content=\"https:\/\/www.facebook.com\/shrimataji\" \/>\n<meta property=\"article:modified_time\" content=\"2025-11-12T16:57:51+00:00\" \/>\n<meta property=\"og:image\" content=\"https:\/\/shrimataji.org\/test\/wp-content\/uploads\/2023\/03\/24_Banner-SY-Empower-scaled.jpg\" \/>\n\t<meta property=\"og:image:width\" content=\"2560\" \/>\n\t<meta property=\"og:image:height\" content=\"905\" \/>\n\t<meta property=\"og:image:type\" content=\"image\/jpeg\" \/>\n<meta name=\"twitter:card\" content=\"summary_large_image\" \/>\n<meta name=\"twitter:site\" content=\"@shrimataji\" \/>\n<script type=\"application\/ld+json\" class=\"yoast-schema-graph\">{\"@context\":\"https:\\\/\\\/schema.org\",\"@graph\":[{\"@type\":\"WebPage\",\"@id\":\"https:\\\/\\\/shrimataji.org\\\/test\\\/fr\\\/liberez-votre-potentiel\\\/\",\"url\":\"https:\\\/\\\/shrimataji.org\\\/test\\\/fr\\\/liberez-votre-potentiel\\\/\",\"name\":\"Lib\u00e9rez votre potentiel - TEST - SMND\",\"isPartOf\":{\"@id\":\"https:\\\/\\\/shrimataji.org\\\/test\\\/#website\"},\"primaryImageOfPage\":{\"@id\":\"https:\\\/\\\/shrimataji.org\\\/test\\\/fr\\\/liberez-votre-potentiel\\\/#primaryimage\"},\"image\":{\"@id\":\"https:\\\/\\\/shrimataji.org\\\/test\\\/fr\\\/liberez-votre-potentiel\\\/#primaryimage\"},\"thumbnailUrl\":\"https:\\\/\\\/shrimataji.org\\\/test\\\/wp-content\\\/uploads\\\/2023\\\/03\\\/24_Banner-SY-Empower-scaled.jpg\",\"datePublished\":\"2018-07-10T06:54:42+00:00\",\"dateModified\":\"2025-11-12T16:57:51+00:00\",\"breadcrumb\":{\"@id\":\"https:\\\/\\\/shrimataji.org\\\/test\\\/fr\\\/liberez-votre-potentiel\\\/#breadcrumb\"},\"inLanguage\":\"en-US\",\"potentialAction\":[{\"@type\":\"ReadAction\",\"target\":[\"https:\\\/\\\/shrimataji.org\\\/test\\\/fr\\\/liberez-votre-potentiel\\\/\"]}]},{\"@type\":\"ImageObject\",\"inLanguage\":\"en-US\",\"@id\":\"https:\\\/\\\/shrimataji.org\\\/test\\\/fr\\\/liberez-votre-potentiel\\\/#primaryimage\",\"url\":\"https:\\\/\\\/shrimataji.org\\\/test\\\/wp-content\\\/uploads\\\/2023\\\/03\\\/24_Banner-SY-Empower-scaled.jpg\",\"contentUrl\":\"https:\\\/\\\/shrimataji.org\\\/test\\\/wp-content\\\/uploads\\\/2023\\\/03\\\/24_Banner-SY-Empower-scaled.jpg\",\"width\":2560,\"height\":905},{\"@type\":\"BreadcrumbList\",\"@id\":\"https:\\\/\\\/shrimataji.org\\\/test\\\/fr\\\/liberez-votre-potentiel\\\/#breadcrumb\",\"itemListElement\":[{\"@type\":\"ListItem\",\"position\":1,\"name\":\"Home\",\"item\":\"https:\\\/\\\/shrimataji.org\\\/test\\\/uk\\\/home-en\\\/\"},{\"@type\":\"ListItem\",\"position\":2,\"name\":\"Lib\u00e9rez votre potentiel\"}]},{\"@type\":\"WebSite\",\"@id\":\"https:\\\/\\\/shrimataji.org\\\/test\\\/#website\",\"url\":\"https:\\\/\\\/shrimataji.org\\\/test\\\/\",\"name\":\"Shri Mataji Nirmala Devi\",\"description\":\"A Life Dedicated to Humanity\",\"publisher\":{\"@id\":\"https:\\\/\\\/shrimataji.org\\\/test\\\/#\\\/schema\\\/person\\\/a1b3419c6585f164aa96da1ff85715d1\"},\"potentialAction\":[{\"@type\":\"SearchAction\",\"target\":{\"@type\":\"EntryPoint\",\"urlTemplate\":\"https:\\\/\\\/shrimataji.org\\\/test\\\/?s={search_term_string}\"},\"query-input\":{\"@type\":\"PropertyValueSpecification\",\"valueRequired\":true,\"valueName\":\"search_term_string\"}}],\"inLanguage\":\"en-US\"},{\"@type\":[\"Person\",\"Organization\"],\"@id\":\"https:\\\/\\\/shrimataji.org\\\/test\\\/#\\\/schema\\\/person\\\/a1b3419c6585f164aa96da1ff85715d1\",\"name\":\"Nirmala Shrivastava\",\"image\":{\"@type\":\"ImageObject\",\"inLanguage\":\"en-US\",\"@id\":\"https:\\\/\\\/shrimataji.org\\\/test\\\/wp-content\\\/uploads\\\/2023\\\/02\\\/SMO_LOGO-03.svg\",\"url\":\"https:\\\/\\\/shrimataji.org\\\/test\\\/wp-content\\\/uploads\\\/2023\\\/02\\\/SMO_LOGO-03.svg\",\"contentUrl\":\"https:\\\/\\\/shrimataji.org\\\/test\\\/wp-content\\\/uploads\\\/2023\\\/02\\\/SMO_LOGO-03.svg\",\"width\":\"1024\",\"height\":\"1024\",\"caption\":\"Nirmala Shrivastava\"},\"logo\":{\"@id\":\"https:\\\/\\\/shrimataji.org\\\/test\\\/wp-content\\\/uploads\\\/2023\\\/02\\\/SMO_LOGO-03.svg\"},\"sameAs\":[\"https:\\\/\\\/shrimataji.org\\\/test\",\"https:\\\/\\\/www.facebook.com\\\/shrimataji\",\"https:\\\/\\\/x.com\\\/shrimataji\",\"https:\\\/\\\/www.youtube.com\\\/@Shri_Mataji_Nirmala_Devi\\\/featured\"]}]}<\/script>\n<!-- \/ Yoast SEO plugin. -->","yoast_head_json":{"title":"Lib\u00e9rez votre potentiel - TEST - SMND","robots":{"index":"noindex","follow":"follow","max-snippet":"max-snippet:-1","max-image-preview":"max-image-preview:large","max-video-preview":"max-video-preview:-1"},"og_locale":"en_US","og_type":"article","og_title":"Lib\u00e9rez votre potentiel - TEST - SMND","og_description":"Lib\u00e9rez votre potentiel Gr\u00e2ce \u00e0 la connaissance de vous-m\u00eame Si l&#8217;\u00e9panouissement personnel peut \u00eatre d\u00e9fini comme le processus qui consiste \u00e0 acqu\u00e9rir un contr\u00f4le accru sur sa vie, une plus grande force ou une confiance accrue en ses capacit\u00e9s, la m\u00e9thode d\u00e9velopp\u00e9e par Shri Mataji est le moyen ultime d&#8217;atteindre l&#8217;\u00e9panouissement personnel, permettant aux gens&hellip; Read more","og_url":"https:\/\/shrimataji.org\/test\/fr\/liberez-votre-potentiel\/","og_site_name":"TEST - SMND","article_publisher":"https:\/\/www.facebook.com\/shrimataji","article_modified_time":"2025-11-12T16:57:51+00:00","og_image":[{"width":2560,"height":905,"url":"https:\/\/shrimataji.org\/test\/wp-content\/uploads\/2023\/03\/24_Banner-SY-Empower-scaled.jpg","type":"image\/jpeg"}],"twitter_card":"summary_large_image","twitter_site":"@shrimataji","schema":{"@context":"https:\/\/schema.org","@graph":[{"@type":"WebPage","@id":"https:\/\/shrimataji.org\/test\/fr\/liberez-votre-potentiel\/","url":"https:\/\/shrimataji.org\/test\/fr\/liberez-votre-potentiel\/","name":"Lib\u00e9rez votre potentiel - TEST - SMND","isPartOf":{"@id":"https:\/\/shrimataji.org\/test\/#website"},"primaryImageOfPage":{"@id":"https:\/\/shrimataji.org\/test\/fr\/liberez-votre-potentiel\/#primaryimage"},"image":{"@id":"https:\/\/shrimataji.org\/test\/fr\/liberez-votre-potentiel\/#primaryimage"},"thumbnailUrl":"https:\/\/shrimataji.org\/test\/wp-content\/uploads\/2023\/03\/24_Banner-SY-Empower-scaled.jpg","datePublished":"2018-07-10T06:54:42+00:00","dateModified":"2025-11-12T16:57:51+00:00","breadcrumb":{"@id":"https:\/\/shrimataji.org\/test\/fr\/liberez-votre-potentiel\/#breadcrumb"},"inLanguage":"en-US","potentialAction":[{"@type":"ReadAction","target":["https:\/\/shrimataji.org\/test\/fr\/liberez-votre-potentiel\/"]}]},{"@type":"ImageObject","inLanguage":"en-US","@id":"https:\/\/shrimataji.org\/test\/fr\/liberez-votre-potentiel\/#primaryimage","url":"https:\/\/shrimataji.org\/test\/wp-content\/uploads\/2023\/03\/24_Banner-SY-Empower-scaled.jpg","contentUrl":"https:\/\/shrimataji.org\/test\/wp-content\/uploads\/2023\/03\/24_Banner-SY-Empower-scaled.jpg","width":2560,"height":905},{"@type":"BreadcrumbList","@id":"https:\/\/shrimataji.org\/test\/fr\/liberez-votre-potentiel\/#breadcrumb","itemListElement":[{"@type":"ListItem","position":1,"name":"Home","item":"https:\/\/shrimataji.org\/test\/uk\/home-en\/"},{"@type":"ListItem","position":2,"name":"Lib\u00e9rez votre potentiel"}]},{"@type":"WebSite","@id":"https:\/\/shrimataji.org\/test\/#website","url":"https:\/\/shrimataji.org\/test\/","name":"Shri Mataji Nirmala Devi","description":"A Life Dedicated to Humanity","publisher":{"@id":"https:\/\/shrimataji.org\/test\/#\/schema\/person\/a1b3419c6585f164aa96da1ff85715d1"},"potentialAction":[{"@type":"SearchAction","target":{"@type":"EntryPoint","urlTemplate":"https:\/\/shrimataji.org\/test\/?s={search_term_string}"},"query-input":{"@type":"PropertyValueSpecification","valueRequired":true,"valueName":"search_term_string"}}],"inLanguage":"en-US"},{"@type":["Person","Organization"],"@id":"https:\/\/shrimataji.org\/test\/#\/schema\/person\/a1b3419c6585f164aa96da1ff85715d1","name":"Nirmala Shrivastava","image":{"@type":"ImageObject","inLanguage":"en-US","@id":"https:\/\/shrimataji.org\/test\/wp-content\/uploads\/2023\/02\/SMO_LOGO-03.svg","url":"https:\/\/shrimataji.org\/test\/wp-content\/uploads\/2023\/02\/SMO_LOGO-03.svg","contentUrl":"https:\/\/shrimataji.org\/test\/wp-content\/uploads\/2023\/02\/SMO_LOGO-03.svg","width":"1024","height":"1024","caption":"Nirmala Shrivastava"},"logo":{"@id":"https:\/\/shrimataji.org\/test\/wp-content\/uploads\/2023\/02\/SMO_LOGO-03.svg"},"sameAs":["https:\/\/shrimataji.org\/test","https:\/\/www.facebook.com\/shrimataji","https:\/\/x.com\/shrimataji","https:\/\/www.youtube.com\/@Shri_Mataji_Nirmala_Devi\/featured"]}]}},"lang":"fr","translations":{"fr":10790,"ur":37498,"en":401,"am":18073,"th":20055,"hu":19562,"sq":18474,"zh":17371,"hi":8356,"tr":10208,"pt":10418,"de":10692,"it":10888,"es":10985,"ja":11283,"ru":11471,"bn":11662,"te":11770,"sw":11893,"he":12041,"el":12333,"sk":12431,"fa":12529,"fi":12627,"bg":13476,"ro":14548,"cs":14741,"nl":16634,"ku":16794,"ar":16970,"be":18681,"kn":18955,"mr":20419,"uk":20713,"ml":21008,"ta":22792,"sv":23062,"gu":28902,"pa":29062,"fil":29510,"da":37808,"pl":38018,"nn":38360},"pll_sync_post":[],"_links":{"self":[{"href":"https:\/\/shrimataji.org\/test\/wp-json\/wp\/v2\/pages\/10790","targetHints":{"allow":["GET"]}}],"collection":[{"href":"https:\/\/shrimataji.org\/test\/wp-json\/wp\/v2\/pages"}],"about":[{"href":"https:\/\/shrimataji.org\/test\/wp-json\/wp\/v2\/types\/page"}],"author":[{"embeddable":true,"href":"https:\/\/shrimataji.org\/test\/wp-json\/wp\/v2\/users\/7"}],"replies":[{"embeddable":true,"href":"https:\/\/shrimataji.org\/test\/wp-json\/wp\/v2\/comments?post=10790"}],"version-history":[{"count":0,"href":"https:\/\/shrimataji.org\/test\/wp-json\/wp\/v2\/pages\/10790\/revisions"}],"wp:featuredmedia":[{"embeddable":true,"href":"https:\/\/shrimataji.org\/test\/wp-json\/wp\/v2\/media\/9259"}],"wp:attachment":[{"href":"https:\/\/shrimataji.org\/test\/wp-json\/wp\/v2\/media?parent=10790"}],"curies":[{"name":"wp","href":"https:\/\/api.w.org\/{rel}","templated":true}]}}