{"id":10791,"date":"2018-07-10T06:54:46","date_gmt":"2018-07-10T06:54:46","guid":{"rendered":"http:\/\/testwordpress.nirmalnagari.org\/smnd\/index.php\/self-realization\/"},"modified":"2026-02-07T11:15:54","modified_gmt":"2026-02-07T11:15:54","slug":"realization-du-soi-et-meditation","status":"publish","type":"page","link":"https:\/\/shrimataji.org\/test\/fr\/realization-du-soi-et-meditation\/","title":{"rendered":"R\u00e9alisation du Soi et m\u00e9ditation"},"content":{"rendered":"\n\n\t<h1>R\u00e9alisation du Soi et m\u00e9ditation<\/h1>\n<h2>Une actualisation unique de votre v\u00e9ritable moi<\/h2>\n\t<div class=\"su-quote su-quote-style-default\"><div class=\"su-quote-inner su-u-clearfix su-u-trim\"> La R\u00e9alisation du Soi est la premi\u00e8re rencontre avec la r\u00e9alit\u00e9 <\/div><\/div>\n\t<h4>Shri Mataji a utilis\u00e9 la connaissance ancestrale de la <a href=\"https:\/\/shrimataji.org\/test\/fr\/la-kundalini\/\" target=\"_blank\" rel=\"noopener\">Kundalini<\/a> (mot qui veut dire &#8216;enroul\u00e9&#8217; en sanscrit) comme base de la <a href=\"https:\/\/shrimataji.org\/test\/fr\/la-meditation-sahaja-yoga\/\" target=\"_blank\" rel=\"noopener\">m\u00e9ditation Sahaja Yoga<\/a>. Autrefois, l&#8217;\u00e9veil de cette \u00e9nergie spirituelle int\u00e9rieure n&#8217;\u00e9tait accessible qu&#8217;\u00e0 un petit nombre de personnes, au prix de durs efforts de purification et de pratiques asc\u00e9tiques.<\/h4>\n<p>Shri Mataji a d\u00e9couvert une m\u00e9thode spontan\u00e9e pour \u00e9veiller cette \u00e9nergie en masse, qui n&#8217;exige aucune connaissance ni aucune pratique spirituelle pr\u00e9alables. Cet \u00e9veil de la Kundalini se nomme la R\u00e9alisation du Soi. Cet \u00e9veil spontan\u00e9 peut aussi se transmettre \u00e0 d&#8217;autres, sans payer quoi que ce soit, sans dipl\u00f4me ou sans devenir un disciple. Cela se transmet comme la flamme d&#8217;une bougie peut en allumer une autre.<\/p>\n<p>Shri Mataji explique que la m\u00e9ditation sans la R\u00e9alisation du Soi, c&#8217;est comme essayer de conduire une voiture sans d\u00e9marrer le moteur. On n&#8217;arrive \u00e0 rien en tournant le volant ou en appuyant sur l&#8217;acc\u00e9l\u00e9rateur. De la m\u00eame mani\u00e8re, tous les efforts de m\u00e9ditation sont vains si l&#8217;on ne parvient pas \u00e0 r\u00e9aliser son v\u00e9ritable moi par l&#8217;\u00e9veil de la Kundalini et si l&#8217;on ne d\u00e9couvre pas l&#8217;\u00e9tat int\u00e9rieur de son <a href=\"https:\/\/shrimataji.org\/test\/fr\/les-racines-ou-le-systeme-subtil\/\" target=\"_blank\" rel=\"noopener\">syst\u00e8me subtil<\/a>.<\/p>\n\t\t<iframe loading=\"lazy\" title=\"What is Self Realization\" width=\"1920\" height=\"1080\" src=\"https:\/\/www.youtube.com\/embed\/tqh9lhTVoTQ?feature=oembed\" frameborder=\"0\" allow=\"accelerometer; autoplay; clipboard-write; encrypted-media; gyroscope; picture-in-picture; web-share\" allowfullscreen><\/iframe>\t\n<p>Gr\u00e2ce \u00e0 la R\u00e9alisation du Soi, on prend conscience de la Kundalini (l&#8217;\u00e9nergie int\u00e9rieure subtile) qui r\u00e9side dans chacun \u00e0 la base de la colonne vert\u00e9brale, au niveau du sacrum. Cette \u00e9nergie subtile est connue de nombreuses cultures anciennes et porte diff\u00e9rents noms. Les Grecs de l&#8217;Antiquit\u00e9 nommaient sa demeure l&#8217;os sacr\u00e9 (ou sacrum). Lorsqu&#8217;elle est \u00e9veill\u00e9e, cette \u00e9nergie bienveillante et nourrissante s&#8217;\u00e9l\u00e8ve \u00e0 travers le syst\u00e8me subtil, atteint et illumine notre v\u00e9ritable moi int\u00e9rieur (<a href=\"https:\/\/shrimataji.org\/test\/fr\/l-atma\/\" target=\"_blank\" rel=\"noopener\">Atma<\/a>) dans le c\u0153ur, et \u00e9merge au sommet de la t\u00eate par la fontanelle, \u00e9levant ainsi notre attention vers un \u00e9tat de m\u00e9ditation silencieuse et sublime.<\/p>\n<p>On peut en effet ressentir l&#8217;\u00e9nergie de la Kundalini se manifester comme une brise fra\u00eeche au-dessus de la t\u00eate, ainsi que sur les paumes des mains. Cette \u00e9nergie, soutenue par la pratique de la m\u00e9ditation de Sahaja Yoga, a un effet b\u00e9n\u00e9fique et \u00e9quilibrant sur notre syst\u00e8me. Elle facilite \u00e9galement un \u00e9tat r\u00e9parateur, la <a href=\"https:\/\/shrimataji.org\/test\/fr\/glossaire\/#ThoughtlessAwareness\" target=\"_blank\" rel=\"noopener\">conscience sans pens\u00e9e<\/a> [<a href=\"#citation-note-1\">1<\/a>], dans laquelle le mental est en repos tout en \u00e9tant parfaitement conscient de ce qui l&#8217;entoure. Ce qui distingue la m\u00e9ditation de Sahaja Yoga des autres formes de m\u00e9ditation ancienne, qu&#8217;auparavant les chercheurs devaient passer des ann\u00e9es \u00e0 purifier leur syst\u00e8me subtil sous la direction d&#8217;un ma\u00eetre. Shri Mataji a renvers\u00e9 la situation et nous a donn\u00e9 d&#8217;exp\u00e9rimenter d&#8217;abord notre syst\u00e8me subtil, puis de nous immerger pleinement dans la m\u00e9ditation.<\/p>\n<p>L&#8217;exp\u00e9rience de la R\u00e9alisation de Soi avec Sahaja Yoga offre des bienfaits importants \u00e0 ceux qui consacrent ne serait-ce que quelques minutes par jour \u00e0 la m\u00e9ditation. Elle r\u00e9duit le stress et la fatigue, r\u00e9tablit l&#8217;\u00e9quilibre \u00e9motionnel et procure un sentiment de paix et de satisfaction, m\u00eame dans des circonstances difficiles.<\/p>\n<p>En fait, l&#8217;exp\u00e9rience de la R\u00e9alisation du Soi est si simple et si facile qu&#8217;on peut l&#8217;obtenir m\u00eame dans le confort de son propre foyer ou au bureau, partout o\u00f9 l&#8217;on dispose d&#8217;un acc\u00e8s \u00e0 Internet et que l&#8217;on peut s&#8217;isoler dans un endroit tranquille.<\/p>\n<p>Nous invitons nos lecteurs \u00e0 <a href=\"https:\/\/shrimataji.org\/test\/fr\/faire-l-experience\/\" target=\"_blank\" rel=\"noopener\">faire l&#8217;exp\u00e9rience de la R\u00e9alisation du Soi<\/a> et \u00e0 commencer un nouveau voyage int\u00e9rieur vers la paix, l&#8217;harmonie et l&#8217;\u00e9quilibre.<\/p>\n<div class=\"su-quote su-quote-style-default\"><div class=\"su-quote-inner su-u-clearfix su-u-trim\"> Now, the question arises that many people ask me, &#8220;Mother, if it is so simple, why was it difficult before?&#8221; This was never difficult. Someone asked Shivaji Maharaj&#8217;s guru, Ramdas Swami, &#8220;How much time does it take the Kundalini to awaken?&#8221; He replied, &#8220;Tat kshan,&#8221; meaning, that very second. But there should be a person to give, and also a person to receive. Before, there might have been many people to give but very few people to receive. Today, there are thousands of people to receive; that is why this has become easier.<\/div><\/div>\n\t<hr \/>\n<h3>1.<a href=\"https:\/\/shrimataji.org\/test\/self-realization\/#citation-ref-1\">^<\/a>\u00a0Dr Ramesh Manocha, &#8216;Does Meditation Have a Specific Effect?: A Systematic Experimental Evaluation of a Mental Silence Orientated Definition&#8217; (University of NSW, Australia 2008); e-book:\u00a0<a href=\"https:\/\/www.beyondthemind.com\/\">&#8216;Silence Your Mind&#8217;<\/a>\u00a0published by Hachette Australia 2013.<\/h3>\n\n","protected":false},"excerpt":{"rendered":"<p>R\u00e9alisation du Soi et m\u00e9ditation Une actualisation unique de votre v\u00e9ritable moi Shri Mataji a utilis\u00e9 la connaissance ancestrale de la Kundalini (mot qui veut dire &#8216;enroul\u00e9&#8217; en sanscrit) comme base de la m\u00e9ditation Sahaja Yoga. Autrefois, l&#8217;\u00e9veil de cette \u00e9nergie spirituelle int\u00e9rieure n&#8217;\u00e9tait accessible qu&#8217;\u00e0 un petit nombre de personnes, au prix de durs&hellip; <br \/> <a class=\"read-more\" href=\"https:\/\/shrimataji.org\/test\/fr\/realization-du-soi-et-meditation\/\">Read more<\/a><\/p>\n","protected":false},"author":7,"featured_media":9264,"parent":0,"menu_order":0,"comment_status":"closed","ping_status":"closed","template":"","meta":{"inline_featured_image":false,"footnotes":""},"class_list":["post-10791","page","type-page","status-publish","has-post-thumbnail","hentry"],"yoast_head":"<!-- This site is optimized with the Yoast SEO plugin v27.4 - https:\/\/yoast.com\/product\/yoast-seo-wordpress\/ -->\n<title>R\u00e9alisation du Soi et m\u00e9ditation - TEST - SMND<\/title>\n<meta name=\"robots\" content=\"noindex, follow, max-snippet:-1, max-image-preview:large, max-video-preview:-1\" \/>\n<meta property=\"og:locale\" content=\"en_US\" \/>\n<meta property=\"og:type\" content=\"article\" \/>\n<meta property=\"og:title\" content=\"R\u00e9alisation du Soi et m\u00e9ditation - TEST - SMND\" \/>\n<meta property=\"og:description\" content=\"R\u00e9alisation du Soi et m\u00e9ditation Une actualisation unique de votre v\u00e9ritable moi Shri Mataji a utilis\u00e9 la connaissance ancestrale de la Kundalini (mot qui veut dire &#8216;enroul\u00e9&#8217; en sanscrit) comme base de la m\u00e9ditation Sahaja Yoga. Autrefois, l&#8217;\u00e9veil de cette \u00e9nergie spirituelle int\u00e9rieure n&#8217;\u00e9tait accessible qu&#8217;\u00e0 un petit nombre de personnes, au prix de durs&hellip; Read more\" \/>\n<meta property=\"og:url\" content=\"https:\/\/shrimataji.org\/test\/fr\/realization-du-soi-et-meditation\/\" \/>\n<meta property=\"og:site_name\" content=\"TEST - SMND\" \/>\n<meta property=\"article:publisher\" content=\"https:\/\/www.facebook.com\/shrimataji\" \/>\n<meta property=\"article:modified_time\" content=\"2026-02-07T11:15:54+00:00\" \/>\n<meta property=\"og:image\" content=\"https:\/\/shrimataji.org\/test\/wp-content\/uploads\/2023\/03\/2_Banner-SelfRealisation-scaled.jpg\" \/>\n\t<meta property=\"og:image:width\" content=\"2560\" \/>\n\t<meta property=\"og:image:height\" content=\"905\" \/>\n\t<meta property=\"og:image:type\" content=\"image\/jpeg\" \/>\n<meta name=\"twitter:card\" content=\"summary_large_image\" \/>\n<meta name=\"twitter:site\" content=\"@shrimataji\" \/>\n<script type=\"application\/ld+json\" class=\"yoast-schema-graph\">{\"@context\":\"https:\\\/\\\/schema.org\",\"@graph\":[{\"@type\":\"WebPage\",\"@id\":\"https:\\\/\\\/shrimataji.org\\\/test\\\/fr\\\/realization-du-soi-et-meditation\\\/\",\"url\":\"https:\\\/\\\/shrimataji.org\\\/test\\\/fr\\\/realization-du-soi-et-meditation\\\/\",\"name\":\"R\u00e9alisation du Soi et m\u00e9ditation - TEST - SMND\",\"isPartOf\":{\"@id\":\"https:\\\/\\\/shrimataji.org\\\/test\\\/#website\"},\"primaryImageOfPage\":{\"@id\":\"https:\\\/\\\/shrimataji.org\\\/test\\\/fr\\\/realization-du-soi-et-meditation\\\/#primaryimage\"},\"image\":{\"@id\":\"https:\\\/\\\/shrimataji.org\\\/test\\\/fr\\\/realization-du-soi-et-meditation\\\/#primaryimage\"},\"thumbnailUrl\":\"https:\\\/\\\/shrimataji.org\\\/test\\\/wp-content\\\/uploads\\\/2023\\\/03\\\/2_Banner-SelfRealisation-scaled.jpg\",\"datePublished\":\"2018-07-10T06:54:46+00:00\",\"dateModified\":\"2026-02-07T11:15:54+00:00\",\"breadcrumb\":{\"@id\":\"https:\\\/\\\/shrimataji.org\\\/test\\\/fr\\\/realization-du-soi-et-meditation\\\/#breadcrumb\"},\"inLanguage\":\"en-US\",\"potentialAction\":[{\"@type\":\"ReadAction\",\"target\":[\"https:\\\/\\\/shrimataji.org\\\/test\\\/fr\\\/realization-du-soi-et-meditation\\\/\"]}]},{\"@type\":\"ImageObject\",\"inLanguage\":\"en-US\",\"@id\":\"https:\\\/\\\/shrimataji.org\\\/test\\\/fr\\\/realization-du-soi-et-meditation\\\/#primaryimage\",\"url\":\"https:\\\/\\\/shrimataji.org\\\/test\\\/wp-content\\\/uploads\\\/2023\\\/03\\\/2_Banner-SelfRealisation-scaled.jpg\",\"contentUrl\":\"https:\\\/\\\/shrimataji.org\\\/test\\\/wp-content\\\/uploads\\\/2023\\\/03\\\/2_Banner-SelfRealisation-scaled.jpg\",\"width\":2560,\"height\":905},{\"@type\":\"BreadcrumbList\",\"@id\":\"https:\\\/\\\/shrimataji.org\\\/test\\\/fr\\\/realization-du-soi-et-meditation\\\/#breadcrumb\",\"itemListElement\":[{\"@type\":\"ListItem\",\"position\":1,\"name\":\"Home\",\"item\":\"https:\\\/\\\/shrimataji.org\\\/test\\\/uk\\\/home-en\\\/\"},{\"@type\":\"ListItem\",\"position\":2,\"name\":\"R\u00e9alisation du Soi et m\u00e9ditation\"}]},{\"@type\":\"WebSite\",\"@id\":\"https:\\\/\\\/shrimataji.org\\\/test\\\/#website\",\"url\":\"https:\\\/\\\/shrimataji.org\\\/test\\\/\",\"name\":\"Shri Mataji Nirmala Devi\",\"description\":\"A Life Dedicated to Humanity\",\"publisher\":{\"@id\":\"https:\\\/\\\/shrimataji.org\\\/test\\\/#\\\/schema\\\/person\\\/a1b3419c6585f164aa96da1ff85715d1\"},\"potentialAction\":[{\"@type\":\"SearchAction\",\"target\":{\"@type\":\"EntryPoint\",\"urlTemplate\":\"https:\\\/\\\/shrimataji.org\\\/test\\\/?s={search_term_string}\"},\"query-input\":{\"@type\":\"PropertyValueSpecification\",\"valueRequired\":true,\"valueName\":\"search_term_string\"}}],\"inLanguage\":\"en-US\"},{\"@type\":[\"Person\",\"Organization\"],\"@id\":\"https:\\\/\\\/shrimataji.org\\\/test\\\/#\\\/schema\\\/person\\\/a1b3419c6585f164aa96da1ff85715d1\",\"name\":\"Nirmala Shrivastava\",\"image\":{\"@type\":\"ImageObject\",\"inLanguage\":\"en-US\",\"@id\":\"https:\\\/\\\/shrimataji.org\\\/test\\\/wp-content\\\/uploads\\\/2023\\\/02\\\/SMO_LOGO-03.svg\",\"url\":\"https:\\\/\\\/shrimataji.org\\\/test\\\/wp-content\\\/uploads\\\/2023\\\/02\\\/SMO_LOGO-03.svg\",\"contentUrl\":\"https:\\\/\\\/shrimataji.org\\\/test\\\/wp-content\\\/uploads\\\/2023\\\/02\\\/SMO_LOGO-03.svg\",\"width\":\"1024\",\"height\":\"1024\",\"caption\":\"Nirmala Shrivastava\"},\"logo\":{\"@id\":\"https:\\\/\\\/shrimataji.org\\\/test\\\/wp-content\\\/uploads\\\/2023\\\/02\\\/SMO_LOGO-03.svg\"},\"sameAs\":[\"https:\\\/\\\/shrimataji.org\\\/test\",\"https:\\\/\\\/www.facebook.com\\\/shrimataji\",\"https:\\\/\\\/x.com\\\/shrimataji\",\"https:\\\/\\\/www.youtube.com\\\/@Shri_Mataji_Nirmala_Devi\\\/featured\"]}]}<\/script>\n<!-- \/ Yoast SEO plugin. -->","yoast_head_json":{"title":"R\u00e9alisation du Soi et m\u00e9ditation - TEST - SMND","robots":{"index":"noindex","follow":"follow","max-snippet":"max-snippet:-1","max-image-preview":"max-image-preview:large","max-video-preview":"max-video-preview:-1"},"og_locale":"en_US","og_type":"article","og_title":"R\u00e9alisation du Soi et m\u00e9ditation - TEST - SMND","og_description":"R\u00e9alisation du Soi et m\u00e9ditation Une actualisation unique de votre v\u00e9ritable moi Shri Mataji a utilis\u00e9 la connaissance ancestrale de la Kundalini (mot qui veut dire &#8216;enroul\u00e9&#8217; en sanscrit) comme base de la m\u00e9ditation Sahaja Yoga. Autrefois, l&#8217;\u00e9veil de cette \u00e9nergie spirituelle int\u00e9rieure n&#8217;\u00e9tait accessible qu&#8217;\u00e0 un petit nombre de personnes, au prix de durs&hellip; Read more","og_url":"https:\/\/shrimataji.org\/test\/fr\/realization-du-soi-et-meditation\/","og_site_name":"TEST - SMND","article_publisher":"https:\/\/www.facebook.com\/shrimataji","article_modified_time":"2026-02-07T11:15:54+00:00","og_image":[{"width":2560,"height":905,"url":"https:\/\/shrimataji.org\/test\/wp-content\/uploads\/2023\/03\/2_Banner-SelfRealisation-scaled.jpg","type":"image\/jpeg"}],"twitter_card":"summary_large_image","twitter_site":"@shrimataji","schema":{"@context":"https:\/\/schema.org","@graph":[{"@type":"WebPage","@id":"https:\/\/shrimataji.org\/test\/fr\/realization-du-soi-et-meditation\/","url":"https:\/\/shrimataji.org\/test\/fr\/realization-du-soi-et-meditation\/","name":"R\u00e9alisation du Soi et m\u00e9ditation - TEST - SMND","isPartOf":{"@id":"https:\/\/shrimataji.org\/test\/#website"},"primaryImageOfPage":{"@id":"https:\/\/shrimataji.org\/test\/fr\/realization-du-soi-et-meditation\/#primaryimage"},"image":{"@id":"https:\/\/shrimataji.org\/test\/fr\/realization-du-soi-et-meditation\/#primaryimage"},"thumbnailUrl":"https:\/\/shrimataji.org\/test\/wp-content\/uploads\/2023\/03\/2_Banner-SelfRealisation-scaled.jpg","datePublished":"2018-07-10T06:54:46+00:00","dateModified":"2026-02-07T11:15:54+00:00","breadcrumb":{"@id":"https:\/\/shrimataji.org\/test\/fr\/realization-du-soi-et-meditation\/#breadcrumb"},"inLanguage":"en-US","potentialAction":[{"@type":"ReadAction","target":["https:\/\/shrimataji.org\/test\/fr\/realization-du-soi-et-meditation\/"]}]},{"@type":"ImageObject","inLanguage":"en-US","@id":"https:\/\/shrimataji.org\/test\/fr\/realization-du-soi-et-meditation\/#primaryimage","url":"https:\/\/shrimataji.org\/test\/wp-content\/uploads\/2023\/03\/2_Banner-SelfRealisation-scaled.jpg","contentUrl":"https:\/\/shrimataji.org\/test\/wp-content\/uploads\/2023\/03\/2_Banner-SelfRealisation-scaled.jpg","width":2560,"height":905},{"@type":"BreadcrumbList","@id":"https:\/\/shrimataji.org\/test\/fr\/realization-du-soi-et-meditation\/#breadcrumb","itemListElement":[{"@type":"ListItem","position":1,"name":"Home","item":"https:\/\/shrimataji.org\/test\/uk\/home-en\/"},{"@type":"ListItem","position":2,"name":"R\u00e9alisation du Soi et m\u00e9ditation"}]},{"@type":"WebSite","@id":"https:\/\/shrimataji.org\/test\/#website","url":"https:\/\/shrimataji.org\/test\/","name":"Shri Mataji Nirmala Devi","description":"A Life Dedicated to Humanity","publisher":{"@id":"https:\/\/shrimataji.org\/test\/#\/schema\/person\/a1b3419c6585f164aa96da1ff85715d1"},"potentialAction":[{"@type":"SearchAction","target":{"@type":"EntryPoint","urlTemplate":"https:\/\/shrimataji.org\/test\/?s={search_term_string}"},"query-input":{"@type":"PropertyValueSpecification","valueRequired":true,"valueName":"search_term_string"}}],"inLanguage":"en-US"},{"@type":["Person","Organization"],"@id":"https:\/\/shrimataji.org\/test\/#\/schema\/person\/a1b3419c6585f164aa96da1ff85715d1","name":"Nirmala Shrivastava","image":{"@type":"ImageObject","inLanguage":"en-US","@id":"https:\/\/shrimataji.org\/test\/wp-content\/uploads\/2023\/02\/SMO_LOGO-03.svg","url":"https:\/\/shrimataji.org\/test\/wp-content\/uploads\/2023\/02\/SMO_LOGO-03.svg","contentUrl":"https:\/\/shrimataji.org\/test\/wp-content\/uploads\/2023\/02\/SMO_LOGO-03.svg","width":"1024","height":"1024","caption":"Nirmala Shrivastava"},"logo":{"@id":"https:\/\/shrimataji.org\/test\/wp-content\/uploads\/2023\/02\/SMO_LOGO-03.svg"},"sameAs":["https:\/\/shrimataji.org\/test","https:\/\/www.facebook.com\/shrimataji","https:\/\/x.com\/shrimataji","https:\/\/www.youtube.com\/@Shri_Mataji_Nirmala_Devi\/featured"]}]}},"lang":"fr","translations":{"fr":10791,"ur":37500,"en":410,"pa":25916,"gu":25519,"th":20058,"hu":19564,"sq":18476,"zh":17373,"hi":8373,"tr":10209,"pt":10419,"de":10693,"it":10889,"es":10986,"ja":11284,"ru":11472,"bn":11663,"te":11771,"sw":11894,"he":12042,"el":12334,"sk":12432,"fa":12530,"fi":12628,"bg":13461,"ro":14533,"cs":14726,"nl":16636,"ku":16796,"ar":16972,"be":18683,"kn":18957,"mr":20422,"uk":20716,"ml":21011,"ta":22794,"sv":23064,"bs":27294,"fil":29512,"sd":31008,"da":37810,"pl":38020,"nn":38362},"pll_sync_post":[],"_links":{"self":[{"href":"https:\/\/shrimataji.org\/test\/wp-json\/wp\/v2\/pages\/10791","targetHints":{"allow":["GET"]}}],"collection":[{"href":"https:\/\/shrimataji.org\/test\/wp-json\/wp\/v2\/pages"}],"about":[{"href":"https:\/\/shrimataji.org\/test\/wp-json\/wp\/v2\/types\/page"}],"author":[{"embeddable":true,"href":"https:\/\/shrimataji.org\/test\/wp-json\/wp\/v2\/users\/7"}],"replies":[{"embeddable":true,"href":"https:\/\/shrimataji.org\/test\/wp-json\/wp\/v2\/comments?post=10791"}],"version-history":[{"count":0,"href":"https:\/\/shrimataji.org\/test\/wp-json\/wp\/v2\/pages\/10791\/revisions"}],"wp:featuredmedia":[{"embeddable":true,"href":"https:\/\/shrimataji.org\/test\/wp-json\/wp\/v2\/media\/9264"}],"wp:attachment":[{"href":"https:\/\/shrimataji.org\/test\/wp-json\/wp\/v2\/media?parent=10791"}],"curies":[{"name":"wp","href":"https:\/\/api.w.org\/{rel}","templated":true}]}}