{"id":10792,"date":"2018-07-10T06:54:42","date_gmt":"2018-07-10T06:54:42","guid":{"rendered":"http:\/\/testwordpress.nirmalnagari.org\/smnd\/index.php\/life\/"},"modified":"2026-02-28T01:45:17","modified_gmt":"2026-02-28T01:45:17","slug":"shrimataji-fr","status":"publish","type":"page","link":"https:\/\/shrimataji.org\/test\/fr\/shrimataji-fr\/","title":{"rendered":"Shri Mataji FR"},"content":{"rendered":"\n\n\t<h1>Shri Mataji<\/h1>\n<h2>La biographie de l&#8217;engagement de toute une vie<\/h2>\n<h4>Parcourant sans rel\u00e2che des milliers de kilom\u00e8tres \u00e0 travers le monde, des villages recul\u00e9s aux villes et m\u00e9tropoles, partageant de mani\u00e8re d\u00e9sint\u00e9ress\u00e9e sa d\u00e9couverte unique de la v\u00e9ritable conscience spirituelle \u00e0 travers l&#8217;exp\u00e9rience de la r\u00e9alisation du soi aupr\u00e8s de millions de personnes, r\u00e9volutionnant le changement social bas\u00e9 sur la transformation int\u00e9rieure &#8211; tout cela et bien d&#8217;autres \u00e9l\u00e9ments marquants donnent un aper\u00e7u de toute la vie de Shri Mataji consacr\u00e9e au bien-\u00eatre de l&#8217;humanit\u00e9.<\/h4>\n\t<p>Nirmala Shrivastava, mieux connue sous le titre honorifique de Shri Mataji Nirmala Devi, est n\u00e9e le 21 mars 1923 \u00e0 Chhindwara, en Inde. Nirmala Shrivastava, connue sous le titre honorifique de Shri Mataji Nirmala Devi, est n\u00e9e le 21 mars 1923 \u00e0 Chindwara, en Inde, d&#8217;une famille chr\u00e9tienne, et ses parents, Prasad et Corn\u00e9lia Salve, ont choisi le nom de Nirmala, qui signifie &#8216;immacul\u00e9e&#8217;. Son p\u00e8re, avocat et \u00e9rudit parlait couramment 14 langues et a traduit le Coran en hindi. Sa m\u00e8re fut la premi\u00e8re femme en Inde \u00e0 recevoir un dipl\u00f4me d&#8217;\u00e9tudes sup\u00e9rieur en math\u00e9matiques.<\/p>\n<p>D\u00e8s son plus jeune \u00e2ge, Shri Mataji s&#8217;est impliqu\u00e9e dans ce qui se passait dans le monde autour d&#8217;elle. Alors que ses parents prenaient une part active dans la lutte pour l&#8217;ind\u00e9pendance de l&#8217;Inde, Shri Mataji, encore enfant, a pris la responsabilit\u00e9 de la gestion du foyer. Le Mahatma Gandhi, dont elle a souvent visit\u00e9 l&#8217;ashram o\u00f9 il vivait, a reconnu en elle un prodige spirituel, d\u00e8s son plus jeune \u00e2ge. Il la consultait souvent sur les pri\u00e8res quotidiennes qui s&#8217;ye tenaient. Ses camarades d&#8217;\u00e9cole se tournaient \u00e9galement vers elle pour obtenir des conseils et du soutien.<\/p>\n<p>Shri Mataji a \u00e9tudi\u00e9 la m\u00e9decine au Christian Medical College de Ludhiana et au Balakram Medical College de Lahore. En tant que jeune femme, elle a \u00e9galement pris part \u00e0 la lutte pour l&#8217;ind\u00e9pendance et a entra\u00een\u00e9 ses camarades de l&#8217;universit\u00e9 dans le mouvement Quit India. Elle a \u00e9t\u00e9 emprisonn\u00e9e en 1942 pour avoir particip\u00e9 \u00e0 ce mouvement.<\/p>\n<figure itemscope itemtype=\"https:\/\/schema.org\/ImageObject\">\n\t\t\t\t<img decoding=\"async\" src=\"https:\/\/shrimataji.org\/test\/wp-content\/uploads\/2018\/07\/media_originals\/images\/shri-mataji-portraits\/shri-mataji-in-delhi-india-feb-1983-683x1024.jpg\" alt=\"Shri Mataji in Delhi, ca. 09.02.1983\" height=\"1024\" width=\"683\" title=\"shri-mataji-in-delhi-india-feb-1983\" onerror=\"this.style.display='none'\" loading=\"lazy\" \/>\n\t\t\n\t<\/figure>\n\tEn 1947, elle a \u00e9pous\u00e9 <a href=\"https:\/\/shrimataji.org\/test\/fr\/sir-c-p-srivastava-3\/\" target=\"_blank\" rel=\"noopener\">Chandrika Prasad Shrivastava<\/a>,qui a occup\u00e9 la fonction de secr\u00e9taire personnel de feu le Premier Ministre indien Lal Bahadur Shastri \u00e0 quatre mandats successifs en tant que Secr\u00e9taire G\u00e9n\u00e9ral de l&#8217;Organisation Maritime Internationale des Nations-Unies.<br \/>\nIls ont eu deux filles. Pendant cette p\u00e9riode, tout en \u00e9levant ses filles et en soutenant la carri\u00e8re de son \u00e9minent mari, Shri Mataji a continu\u00e9 de s&#8217;int\u00e9resser avec bienveillance au monde. Elle s&#8217;est retrouv\u00e9e en pr\u00e9sence d&#8217;un large \u00e9ventail de personnes de pays, de cultures, de niveaux de revenus et d&#8217;origines diff\u00e9rents et toutes b\u00e9n\u00e9ficiaient de sa g\u00e9n\u00e9reuse consid\u00e9ration. Qu&#8217;il s&#8217;agisse de questions d&#8217;\u00c9tat avec des dirigeants importants ou de probl\u00e8mes familiaux avec un chauffeur de taxi, chacun recevait la m\u00eame \u00e9coute attentionn\u00e9e. Shri Mataji s&#8217;est oppos\u00e9e aux pr\u00e9jug\u00e9s, a offert sa protection \u00e0 ceux qui en avaient besoin, s&#8217;est engag\u00e9e dans des \u0153uvres caritatives, a encourag\u00e9 la culture \u00e0 travers la musique et le cin\u00e9ma, a cultiv\u00e9 la terre et g\u00e9r\u00e9 une vie familiale bien remplie. Elle a \u00e9t\u00e9 une \u00e9pouse, une m\u00e8re et une s\u0153ur aimante puis, une grand-m\u00e8re.\n<p>Elle a approfondi sa perception de la nature humaine en permanence, recherchant la meilleure fa\u00e7on d&#8217;aider les \u00eatres humains \u00e0 atteindre leur potentiel le plus \u00e9lev\u00e9. Elle en est arriv\u00e9e qu&#8217;une telle transformation devait \u00eatre int\u00e9rieure et se produire par le processus de la R\u00e9alisation du Soi, l&#8217;activation d&#8217; une \u00e9nergie subtile, la\u00a0<a href=\"https:\/\/shrimataji.org\/test\/fr\/la-kundalini\/\" target=\"_blank\" rel=\"noopener\">Kundalini<\/a>, pr\u00e9sente en chacun. L&#8217;\u00e9veil de cette \u00e9nergie \u00e9tait quelque chose qu&#8217;elle a elle-m\u00eame v\u00e9cu avant de consacrer sa vie \u00e0 la partager avec d&#8217;autres.<\/p>\n<p>Le\u00a0<a href=\"https:\/\/shrimataji.org\/test\/fr\/un-moment-cle\/\" target=\"_blank\" rel=\"noopener\"> 5 mai 1970, <\/a>Shri Mataji a commenc\u00e9 le travail spirituel de sa vie. \u00c0 l&#8217;\u00e2ge de 47 ans, elle a trouv\u00e9 une m\u00e9thode pour rendre accessible la R\u00e9alisation du Soi en masse. Elle souhaitait offrir une v\u00e9ritable exp\u00e9rience que les gens pourraient utiliser pour se transformer et mieux vivre. Contrairement \u00e0 de nombreux soi-disant gourous qui profitaient de ceux qui recherchaient la connaissance spirituelle, Shri Mataji voulait donner cette connaissance aux chercheurs. Tout au long de sa vie, elle a d\u00e9nonc\u00e9 tous ces faux gourous et leurs pratiques spirituelles frauduleuses et abusives.<\/p>\n<p>Lorsque son mari a \u00e9t\u00e9 nomm\u00e9 secr\u00e9taire g\u00e9n\u00e9ral de l&#8217;Organisation maritime des Nations Unies, Shri Mataji a d\u00e9m\u00e9nag\u00e9 avec lui \u00e0 Londres et a commenc\u00e9 son travail spirituel avec un petit groupe de personnes. Elle a parcouru le Royaume-Uni pour donner des conf\u00e9rences et offrir l&#8217;exp\u00e9rience de la r\u00e9alisation du soi. Elle n&#8217;a jamais demand\u00e9 de l&#8217;argent pour ces programmes, insistant sur le fait que l&#8217;\u00e9veil de cette \u00e9nergie spirituelle \u00e0 l&#8217;int\u00e9rieur de chaque \u00eatre humain \u00e9tait un droit de naissance et ne pouvait donc pas \u00eatre monnay\u00e9. Alors que son entourage reconnaissait ses qualit\u00e9s spirituelles et maternelles exceptionnelles, elle re\u00e7ut tr\u00e8s t\u00f4t le titre honorifique de &#8216;Shri Mataji&#8217; signifiant &#8216;M\u00e8re respect\u00e9e&#8217;.<\/p>\n<p>La m\u00e9thode de m\u00e9ditation par la R\u00e9alisation du Soi d\u00e9velopp\u00e9e par Shri Mataji s&#8217;appelle Sahaja Yoga. Pendant les ann\u00e9es 80, Shri Mataji a parcouru inlassablement l&#8217;Europe, l&#8217;Australie et l&#8217;Am\u00e9rique du Nord, enseignant gratuitement cette m\u00e9thode \u00e0 ceux qui \u00e9taient int\u00e9ress\u00e9s. Les ann\u00e9es 1990 ont vu ses voyages s&#8217;\u00e9tendre \u00e0 l&#8217;Am\u00e9rique du Sud, l&#8217;Afrique, la Russie, l&#8217;Europe de l&#8217;Est et la r\u00e9gion d&#8217;Asie-Pacifique.<\/p>\n<p>Des institutions du monde entier lui ont d\u00e9cern\u00e9 des <a href=\"https:\/\/shrimataji.org\/test\/fr\/prix-et-recompenses\/\" target=\"_blank\" rel=\"noopener\">des r\u00e9compenses honorifiques et des doctorats<\/a>. En 1995, elle est intervenue \u00e0 la \u00a0<a href=\"https:\/\/shrimataji.org\/test\/fr\/4eme-conference-sur-les-femmes-a-l-onu\/\" target=\"_blank\" rel=\"noopener\"> 4\u00e8me Conf\u00e9rence Mondiale des Femmes \u00e0 Beijing (P\u00e9kin)<\/a>. Claes Nobel a parl\u00e9 de sa nomination pour le Prix Nobel de la Paix en 1997 au Royal Albert Hall \u00e0 Londres. Un grand admirateur de Shri Mataji et de Sahaja Yoga, il a d\u00e9clar\u00e9 qu&#8217;il s&#8217;agissait &#8216;d&#8217;une source d&#8217;espoir pour l&#8217;humanit\u00e9&#8217; et &#8216;d&#8217;un point de r\u00e9f\u00e9rence pour discerner le bien du mal&#8217;.<\/p>\n<div class=\"su-quote su-quote-style-default\"><div class=\"su-quote-inner su-u-clearfix su-u-trim\">Ma vie est maintenant d\u00e9di\u00e9e au bien-\u00eatre et au bienfait de l&#8217;humanit\u00e9, compl\u00e8tement, enti\u00e8rement.<\/div><\/div>\n<p>Shri Mataji pensait que le potentiel de la R\u00e9alisation du Soi en masse et les bienfaits holistiques de la m\u00e9ditation de Sahaja Yoga pour la vie personnelle \u00e9taient les bases d&#8217;une v\u00e9ritable <a href=\"https:\/\/shrimataji.org\/test\/fr\/transformation-societale\/\" target=\"_blank\" rel=\"noopener\">transformation soci\u00e9tale<\/a>. Elle a cr\u00e9\u00e9 de nombreuses organisations non gouvernementales bas\u00e9es sur les principes de cette transformation int\u00e9rieure unique, parmi lesquelles on retrouve un foyer pour femmes et enfants d\u00e9munis, plusieurs \u00e9coles internationales, un centre de sant\u00e9 et de recherche holistique et une acad\u00e9mie internationale pour la promotion de la musique classique et des beaux-arts.<\/p>\n<p>Le 23 f\u00e9vrier 2011, Shri Mataji est d\u00e9c\u00e9d\u00e9 paisiblement \u00e0 l&#8217;\u00e2ge de 87 ans \u00e0 G\u00eanes, en Italie.<\/p>\n<p>Son h\u00e9ritage demeure avec l&#8217;exp\u00e9rience de la R\u00e9alisation du Soi, qui continue de transformer d&#8217;innombrables vies sous les soins attentionn\u00e9s des pratiquants de Sahaja Yoga et des centres de m\u00e9ditation \u00e9tablis dans plus de 100 pays o\u00f9 Sahaja Yoga est enseign\u00e9, toujours gratuitement..<\/p>\n<div class=\"su-quote su-quote-style-default\"><div class=\"su-quote-inner su-u-clearfix su-u-trim\">Et comme l&#8217;oc\u00e9an qui frappe tous les rivages et dont les vagues qui reviennent vers le large tissent de la dentelle, c&#8217;est ainsi que j&#8217;ai pu voir l&#8217;ensemble de ma vie, comme un beau canevas. Et l&#8217;on ne peut d\u00e9crire avec des mots ce beau tissage. <\/div><\/div>\n\t<h4>T\u00e9l\u00e9chargements<\/h4>\n<p><a href=\"https:\/\/shrimataji.org\/test\/wp-content\/uploads\/2025\/11\/SHRI-MATAJI-NIRMALA-DEVI-courte-bio-et-distinctions.pdf\" target=\"_blank\" rel=\"noopener\">Shri Mataji Nirmala Devi: courte biographie et distinctions<\/a>\u00a0(pdf\/679kb)<\/p>\n<p><a href=\"https:\/\/shrimataji.org\/test\/wp-content\/uploads\/2025\/11\/Shri-Mataji-Nirmala-Devi-select-events-FR-3.pdf\" target=\"_blank\" rel=\"noopener\">Shri Mataji Nirmala Devi: Chronologie des \u00e9v\u00e9nements marquants<\/a>\u00a0(pdf\/623kb)<\/p>\n\n","protected":false},"excerpt":{"rendered":"<p>Shri Mataji La biographie de l&#8217;engagement de toute une vie Parcourant sans rel\u00e2che des milliers de kilom\u00e8tres \u00e0 travers le monde, des villages recul\u00e9s aux villes et m\u00e9tropoles, partageant de mani\u00e8re d\u00e9sint\u00e9ress\u00e9e sa d\u00e9couverte unique de la v\u00e9ritable conscience spirituelle \u00e0 travers l&#8217;exp\u00e9rience de la r\u00e9alisation du soi aupr\u00e8s de millions de personnes, r\u00e9volutionnant le&hellip; <br \/> <a class=\"read-more\" href=\"https:\/\/shrimataji.org\/test\/fr\/shrimataji-fr\/\">Read more<\/a><\/p>\n","protected":false},"author":7,"featured_media":9599,"parent":0,"menu_order":0,"comment_status":"closed","ping_status":"closed","template":"","meta":{"inline_featured_image":false,"footnotes":""},"class_list":["post-10792","page","type-page","status-publish","has-post-thumbnail","hentry"],"yoast_head":"<!-- This site is optimized with the Yoast SEO plugin v27.4 - https:\/\/yoast.com\/product\/yoast-seo-wordpress\/ -->\n<title>Shri Mataji FR - TEST - SMND<\/title>\n<meta name=\"robots\" content=\"noindex, follow, max-snippet:-1, max-image-preview:large, max-video-preview:-1\" \/>\n<meta property=\"og:locale\" content=\"en_US\" \/>\n<meta property=\"og:type\" content=\"article\" \/>\n<meta property=\"og:title\" content=\"Shri Mataji FR - TEST - SMND\" \/>\n<meta property=\"og:description\" content=\"Shri Mataji La biographie de l&#8217;engagement de toute une vie Parcourant sans rel\u00e2che des milliers de kilom\u00e8tres \u00e0 travers le monde, des villages recul\u00e9s aux villes et m\u00e9tropoles, partageant de mani\u00e8re d\u00e9sint\u00e9ress\u00e9e sa d\u00e9couverte unique de la v\u00e9ritable conscience spirituelle \u00e0 travers l&#8217;exp\u00e9rience de la r\u00e9alisation du soi aupr\u00e8s de millions de personnes, r\u00e9volutionnant le&hellip; Read more\" \/>\n<meta property=\"og:url\" content=\"https:\/\/shrimataji.org\/test\/fr\/shrimataji-fr\/\" \/>\n<meta property=\"og:site_name\" content=\"TEST - SMND\" \/>\n<meta property=\"article:publisher\" content=\"https:\/\/www.facebook.com\/shrimataji\" \/>\n<meta property=\"article:modified_time\" content=\"2026-02-28T01:45:17+00:00\" \/>\n<meta property=\"og:image\" content=\"https:\/\/shrimataji.org\/test\/wp-content\/uploads\/2023\/03\/test_banner_inner_shrimataji-scaled.jpg\" \/>\n\t<meta property=\"og:image:width\" content=\"2560\" \/>\n\t<meta property=\"og:image:height\" content=\"1067\" \/>\n\t<meta property=\"og:image:type\" content=\"image\/jpeg\" \/>\n<meta name=\"twitter:card\" content=\"summary_large_image\" \/>\n<meta name=\"twitter:site\" content=\"@shrimataji\" \/>\n<meta name=\"twitter:label1\" content=\"Est. reading time\" \/>\n\t<meta name=\"twitter:data1\" content=\"6 minutes\" \/>\n<script type=\"application\/ld+json\" class=\"yoast-schema-graph\">{\"@context\":\"https:\\\/\\\/schema.org\",\"@graph\":[{\"@type\":\"WebPage\",\"@id\":\"https:\\\/\\\/shrimataji.org\\\/test\\\/fr\\\/shrimataji-fr\\\/\",\"url\":\"https:\\\/\\\/shrimataji.org\\\/test\\\/fr\\\/shrimataji-fr\\\/\",\"name\":\"Shri Mataji FR - TEST - SMND\",\"isPartOf\":{\"@id\":\"https:\\\/\\\/shrimataji.org\\\/test\\\/#website\"},\"primaryImageOfPage\":{\"@id\":\"https:\\\/\\\/shrimataji.org\\\/test\\\/fr\\\/shrimataji-fr\\\/#primaryimage\"},\"image\":{\"@id\":\"https:\\\/\\\/shrimataji.org\\\/test\\\/fr\\\/shrimataji-fr\\\/#primaryimage\"},\"thumbnailUrl\":\"https:\\\/\\\/shrimataji.org\\\/test\\\/wp-content\\\/uploads\\\/2023\\\/03\\\/test_banner_inner_shrimataji-scaled.jpg\",\"datePublished\":\"2018-07-10T06:54:42+00:00\",\"dateModified\":\"2026-02-28T01:45:17+00:00\",\"breadcrumb\":{\"@id\":\"https:\\\/\\\/shrimataji.org\\\/test\\\/fr\\\/shrimataji-fr\\\/#breadcrumb\"},\"inLanguage\":\"en-US\",\"potentialAction\":[{\"@type\":\"ReadAction\",\"target\":[\"https:\\\/\\\/shrimataji.org\\\/test\\\/fr\\\/shrimataji-fr\\\/\"]}]},{\"@type\":\"ImageObject\",\"inLanguage\":\"en-US\",\"@id\":\"https:\\\/\\\/shrimataji.org\\\/test\\\/fr\\\/shrimataji-fr\\\/#primaryimage\",\"url\":\"https:\\\/\\\/shrimataji.org\\\/test\\\/wp-content\\\/uploads\\\/2023\\\/03\\\/test_banner_inner_shrimataji-scaled.jpg\",\"contentUrl\":\"https:\\\/\\\/shrimataji.org\\\/test\\\/wp-content\\\/uploads\\\/2023\\\/03\\\/test_banner_inner_shrimataji-scaled.jpg\",\"width\":2560,\"height\":1067},{\"@type\":\"BreadcrumbList\",\"@id\":\"https:\\\/\\\/shrimataji.org\\\/test\\\/fr\\\/shrimataji-fr\\\/#breadcrumb\",\"itemListElement\":[{\"@type\":\"ListItem\",\"position\":1,\"name\":\"Home\",\"item\":\"https:\\\/\\\/shrimataji.org\\\/test\\\/uk\\\/home-en\\\/\"},{\"@type\":\"ListItem\",\"position\":2,\"name\":\"Shri Mataji FR\"}]},{\"@type\":\"WebSite\",\"@id\":\"https:\\\/\\\/shrimataji.org\\\/test\\\/#website\",\"url\":\"https:\\\/\\\/shrimataji.org\\\/test\\\/\",\"name\":\"Shri Mataji Nirmala Devi\",\"description\":\"A Life Dedicated to Humanity\",\"publisher\":{\"@id\":\"https:\\\/\\\/shrimataji.org\\\/test\\\/#\\\/schema\\\/person\\\/a1b3419c6585f164aa96da1ff85715d1\"},\"potentialAction\":[{\"@type\":\"SearchAction\",\"target\":{\"@type\":\"EntryPoint\",\"urlTemplate\":\"https:\\\/\\\/shrimataji.org\\\/test\\\/?s={search_term_string}\"},\"query-input\":{\"@type\":\"PropertyValueSpecification\",\"valueRequired\":true,\"valueName\":\"search_term_string\"}}],\"inLanguage\":\"en-US\"},{\"@type\":[\"Person\",\"Organization\"],\"@id\":\"https:\\\/\\\/shrimataji.org\\\/test\\\/#\\\/schema\\\/person\\\/a1b3419c6585f164aa96da1ff85715d1\",\"name\":\"Nirmala Shrivastava\",\"image\":{\"@type\":\"ImageObject\",\"inLanguage\":\"en-US\",\"@id\":\"https:\\\/\\\/shrimataji.org\\\/test\\\/wp-content\\\/uploads\\\/2023\\\/02\\\/SMO_LOGO-03.svg\",\"url\":\"https:\\\/\\\/shrimataji.org\\\/test\\\/wp-content\\\/uploads\\\/2023\\\/02\\\/SMO_LOGO-03.svg\",\"contentUrl\":\"https:\\\/\\\/shrimataji.org\\\/test\\\/wp-content\\\/uploads\\\/2023\\\/02\\\/SMO_LOGO-03.svg\",\"width\":\"1024\",\"height\":\"1024\",\"caption\":\"Nirmala Shrivastava\"},\"logo\":{\"@id\":\"https:\\\/\\\/shrimataji.org\\\/test\\\/wp-content\\\/uploads\\\/2023\\\/02\\\/SMO_LOGO-03.svg\"},\"sameAs\":[\"https:\\\/\\\/shrimataji.org\\\/test\",\"https:\\\/\\\/www.facebook.com\\\/shrimataji\",\"https:\\\/\\\/x.com\\\/shrimataji\",\"https:\\\/\\\/www.youtube.com\\\/@Shri_Mataji_Nirmala_Devi\\\/featured\"]}]}<\/script>\n<!-- \/ Yoast SEO plugin. -->","yoast_head_json":{"title":"Shri Mataji FR - TEST - SMND","robots":{"index":"noindex","follow":"follow","max-snippet":"max-snippet:-1","max-image-preview":"max-image-preview:large","max-video-preview":"max-video-preview:-1"},"og_locale":"en_US","og_type":"article","og_title":"Shri Mataji FR - TEST - SMND","og_description":"Shri Mataji La biographie de l&#8217;engagement de toute une vie Parcourant sans rel\u00e2che des milliers de kilom\u00e8tres \u00e0 travers le monde, des villages recul\u00e9s aux villes et m\u00e9tropoles, partageant de mani\u00e8re d\u00e9sint\u00e9ress\u00e9e sa d\u00e9couverte unique de la v\u00e9ritable conscience spirituelle \u00e0 travers l&#8217;exp\u00e9rience de la r\u00e9alisation du soi aupr\u00e8s de millions de personnes, r\u00e9volutionnant le&hellip; Read more","og_url":"https:\/\/shrimataji.org\/test\/fr\/shrimataji-fr\/","og_site_name":"TEST - SMND","article_publisher":"https:\/\/www.facebook.com\/shrimataji","article_modified_time":"2026-02-28T01:45:17+00:00","og_image":[{"width":2560,"height":1067,"url":"https:\/\/shrimataji.org\/test\/wp-content\/uploads\/2023\/03\/test_banner_inner_shrimataji-scaled.jpg","type":"image\/jpeg"}],"twitter_card":"summary_large_image","twitter_site":"@shrimataji","twitter_misc":{"Est. reading time":"6 minutes"},"schema":{"@context":"https:\/\/schema.org","@graph":[{"@type":"WebPage","@id":"https:\/\/shrimataji.org\/test\/fr\/shrimataji-fr\/","url":"https:\/\/shrimataji.org\/test\/fr\/shrimataji-fr\/","name":"Shri Mataji FR - TEST - SMND","isPartOf":{"@id":"https:\/\/shrimataji.org\/test\/#website"},"primaryImageOfPage":{"@id":"https:\/\/shrimataji.org\/test\/fr\/shrimataji-fr\/#primaryimage"},"image":{"@id":"https:\/\/shrimataji.org\/test\/fr\/shrimataji-fr\/#primaryimage"},"thumbnailUrl":"https:\/\/shrimataji.org\/test\/wp-content\/uploads\/2023\/03\/test_banner_inner_shrimataji-scaled.jpg","datePublished":"2018-07-10T06:54:42+00:00","dateModified":"2026-02-28T01:45:17+00:00","breadcrumb":{"@id":"https:\/\/shrimataji.org\/test\/fr\/shrimataji-fr\/#breadcrumb"},"inLanguage":"en-US","potentialAction":[{"@type":"ReadAction","target":["https:\/\/shrimataji.org\/test\/fr\/shrimataji-fr\/"]}]},{"@type":"ImageObject","inLanguage":"en-US","@id":"https:\/\/shrimataji.org\/test\/fr\/shrimataji-fr\/#primaryimage","url":"https:\/\/shrimataji.org\/test\/wp-content\/uploads\/2023\/03\/test_banner_inner_shrimataji-scaled.jpg","contentUrl":"https:\/\/shrimataji.org\/test\/wp-content\/uploads\/2023\/03\/test_banner_inner_shrimataji-scaled.jpg","width":2560,"height":1067},{"@type":"BreadcrumbList","@id":"https:\/\/shrimataji.org\/test\/fr\/shrimataji-fr\/#breadcrumb","itemListElement":[{"@type":"ListItem","position":1,"name":"Home","item":"https:\/\/shrimataji.org\/test\/uk\/home-en\/"},{"@type":"ListItem","position":2,"name":"Shri Mataji FR"}]},{"@type":"WebSite","@id":"https:\/\/shrimataji.org\/test\/#website","url":"https:\/\/shrimataji.org\/test\/","name":"Shri Mataji Nirmala Devi","description":"A Life Dedicated to Humanity","publisher":{"@id":"https:\/\/shrimataji.org\/test\/#\/schema\/person\/a1b3419c6585f164aa96da1ff85715d1"},"potentialAction":[{"@type":"SearchAction","target":{"@type":"EntryPoint","urlTemplate":"https:\/\/shrimataji.org\/test\/?s={search_term_string}"},"query-input":{"@type":"PropertyValueSpecification","valueRequired":true,"valueName":"search_term_string"}}],"inLanguage":"en-US"},{"@type":["Person","Organization"],"@id":"https:\/\/shrimataji.org\/test\/#\/schema\/person\/a1b3419c6585f164aa96da1ff85715d1","name":"Nirmala Shrivastava","image":{"@type":"ImageObject","inLanguage":"en-US","@id":"https:\/\/shrimataji.org\/test\/wp-content\/uploads\/2023\/02\/SMO_LOGO-03.svg","url":"https:\/\/shrimataji.org\/test\/wp-content\/uploads\/2023\/02\/SMO_LOGO-03.svg","contentUrl":"https:\/\/shrimataji.org\/test\/wp-content\/uploads\/2023\/02\/SMO_LOGO-03.svg","width":"1024","height":"1024","caption":"Nirmala Shrivastava"},"logo":{"@id":"https:\/\/shrimataji.org\/test\/wp-content\/uploads\/2023\/02\/SMO_LOGO-03.svg"},"sameAs":["https:\/\/shrimataji.org\/test","https:\/\/www.facebook.com\/shrimataji","https:\/\/x.com\/shrimataji","https:\/\/www.youtube.com\/@Shri_Mataji_Nirmala_Devi\/featured"]}]}},"lang":"fr","translations":{"fr":10792,"ur":37503,"en":391,"pa":25918,"gu":25521,"th":20061,"hu":19566,"sq":18478,"zh":17375,"hi":8496,"tr":10210,"pt":10420,"de":10694,"it":10890,"es":10987,"ja":11285,"ru":11473,"bn":11664,"te":11772,"sw":11895,"he":12043,"el":12335,"sk":12433,"fa":12531,"fi":12629,"bg":13463,"ro":14535,"cs":14728,"nl":16638,"ku":16798,"ar":16974,"be":18685,"kn":18959,"mr":20425,"uk":20719,"ml":21014,"ta":22796,"sv":23066,"bs":27296,"fil":29515,"sd":31010,"da":37812,"pl":38022,"nn":38364},"pll_sync_post":[],"_links":{"self":[{"href":"https:\/\/shrimataji.org\/test\/wp-json\/wp\/v2\/pages\/10792","targetHints":{"allow":["GET"]}}],"collection":[{"href":"https:\/\/shrimataji.org\/test\/wp-json\/wp\/v2\/pages"}],"about":[{"href":"https:\/\/shrimataji.org\/test\/wp-json\/wp\/v2\/types\/page"}],"author":[{"embeddable":true,"href":"https:\/\/shrimataji.org\/test\/wp-json\/wp\/v2\/users\/7"}],"replies":[{"embeddable":true,"href":"https:\/\/shrimataji.org\/test\/wp-json\/wp\/v2\/comments?post=10792"}],"version-history":[{"count":0,"href":"https:\/\/shrimataji.org\/test\/wp-json\/wp\/v2\/pages\/10792\/revisions"}],"wp:featuredmedia":[{"embeddable":true,"href":"https:\/\/shrimataji.org\/test\/wp-json\/wp\/v2\/media\/9599"}],"wp:attachment":[{"href":"https:\/\/shrimataji.org\/test\/wp-json\/wp\/v2\/media?parent=10792"}],"curies":[{"name":"wp","href":"https:\/\/api.w.org\/{rel}","templated":true}]}}