{"id":10793,"date":"2012-11-01T12:00:00","date_gmt":"2012-11-01T12:00:00","guid":{"rendered":"http:\/\/testwordpress.nirmalnagari.org\/smnd\/index.php\/sir-c-p-srivastava\/"},"modified":"2026-03-04T15:07:46","modified_gmt":"2026-03-04T15:07:46","slug":"sir-c-p-srivastava-fr","status":"publish","type":"page","link":"https:\/\/shrimataji.org\/test\/fr\/sir-c-p-srivastava-fr\/","title":{"rendered":"Sir C.P. Srivastava FR"},"content":{"rendered":"\n\n\t<h1>Sir C.P. Srivastava<\/h1>\n<h2>Sir C.P. et le\u00a0&#8216;Petit Colosse&#8217;<\/h2>\n\n\t<h4>Shri Mataji Nirmala Devi est connue dans le monde entier pour \u00eatre la force d&#8217;inspiration derri\u00e8re Sahaja Yoga. En parall\u00e8le \u00e0 sa r\u00e9putation de leader spirituel, il y a une autre histoire, celle de l&#8217;extraordinaire carri\u00e8re de son mari, Sir Chandrika Prasad Srivastava.<\/h4>\n<p>Ceux qui ont eu la chance de passer du temps avec Shri Mataji, se rappellent aussi la haute silhouette pleine de dignit\u00e9 et la voix douce de Sir C.P, comme on l&#8217;appelait famili\u00e8rement.<\/p>\n<figure itemscope itemtype=\"https:\/\/schema.org\/ImageObject\">\n\t\t\t\t<img decoding=\"async\" src=\"https:\/\/shrimataji.org\/test\/wp-content\/uploads\/2026\/01\/Fr_shri-mataji-sir-cp-kalpana-sadhana-family-london-uk-1.jpg\" alt=\"Photo du titre de Chevalier de Sir C.P., Shri Mataji aux c\u00f4t\u00e9s de leurs deux filles Kalpana et Sadhana\" height=\"2206\" width=\"1500\" title=\"Fr_shri-mataji-sir-cp-kalpana-sadhana-family-london-uk-1\" onerror=\"this.style.display='none'\" loading=\"lazy\" \/>\n\t\t<figcaption>Photo du titre de Chevalier de Sir C.P., Shri Mataji aux c\u00f4t\u00e9s de leurs deux filles Kalpana et Sadhana<\/figcaption>\n\t<\/figure>\n\t<p>Sir C.P. a \u00e9t\u00e9 un homme d&#8217;\u00c9tat de tout premier ordre: il a occup\u00e9 le poste de Secr\u00e9taire G\u00e9n\u00e9ral de l&#8217;Organisation Maritime Internationale des Nations-Unies pendant quatre mandats successifs, ce pourquoi il a \u00e9t\u00e9 fait Chevalier par la Reine d&#8217;Angleterre, \u00c9lisabeth II.<\/p>\n<p>Sir C. P. et Shri Mataji se sont mari\u00e9s alors qu&#8217;il \u00e9tait un jeune fonctionnaire relativement anonyme dans l&#8217;Administration indienne. Il a souvent fait remarquer que son succ\u00e8s professionnel fulgurant \u00e9tait en grande partie d\u00fb au fait qu&#8217;il suivait les conseils et les intuitions de son \u00e9pouse.<\/p>\n<p>Peu de temps apr\u00e8s leur mariage, il a eu le choix enviable de rentrer soit dans la Haute Administration indienne soit dans le non moins prestigieux corps diplomatique. Ses amis l&#8217;encourageaient \u00e0 devenir diplomate, car ce ne serait qu&#8217;une question de temps pour qu&#8217;on lui attribue une fonction d&#8217;ambassadeur.<\/p>\n<p>Mais Mrs Srivasta sans h\u00e9siter dit: &#8220;Non, restons dans notre pays. Servons notre pays sur place.&#8221; Personne n&#8217;aurait pu pr\u00e9voir ce qui s&#8217;est pass\u00e9 ensuite. Par une s\u00e9rie de rencontres impr\u00e9visibles, Sir C. P. a \u00e9t\u00e9 nomm\u00e9 Secr\u00e9taire personnel du Premier ministre de l&#8217;Inde, Lal Bahadur Shastri.<\/p>\n<p>.<\/p>\n\t\t<img decoding=\"async\" data-spai-excluded=\"true\" loading=\"lazy\"  alt=\"YouTube player\"  src=\"https:\/\/i.ytimg.com\/vi\/10r04eFnN3w\/maxresdefault.jpg\"  \/><button aria-label=\"Play\"><\/button><meta itemprop=\"embedUrl\" content=\"https:\/\/www.youtube.com\/embed\/10r04eFnN3w\"\/><meta itemprop=\"name\" content=\"What I Have Seen: A Stress Free Life\"\/><meta itemprop=\"description\" content=\"Speaking on the topic of stress management, Sir C.P. Srivastava, the husband of Shri Mataji, describes the value of Sahaja Yoga meditation. His perspective is unique, but not unusual. In this candid speech, he describes himself as a man able to do his job well, but now able to face life devoid of stress. &#039;It is a matter of wanting to achieve that transformation,&#039; he says. Nothing needs to be given up. &#039;I am telling you what I have seen.&#039; More videos at: http:\/\/ShriMataji.org ~ A Life Dedicated to Humanity ~\"\/><meta itemprop=\"thumbnailUrl\" content=\"https:\/\/i.ytimg.com\/vi\/10r04eFnN3w\/0.jpg\"\/><meta itemprop=\"duration\" content=\"PT10M46S\"\/><meta itemprop=\"uploadDate\" content=\"2020-07-20T00:05:20Z\"\/>\t\n\t<p>Avec le recul ce fut une bonne chose. Mr Shastri \u00e9tait sous de nombreux aspects la personnification de la philosophie &#8216;sahaj&#8217; de Shri Mataji; philosophie qu&#8217;elle allait plus tard partager avec le monde entier.<\/p>\n<p>Apr\u00e8s avoir pris sa retraite de la fonction publique, Sir C.P., une nouvelle fois agissant avec les encouragements de son \u00e9pouse, a \u00e9crit: Lal Bahadur Shastri: une vie de v\u00e9rit\u00e9 en politique. Dans ce livre, il d\u00e9crit Mr Shastri comme ayant les qualit\u00e9s de la d\u00e9it\u00e9 hindoue Shri Rama: de l&#8217;humilit\u00e9 et un profond respect envers chacun en plus d&#8217;un grand sens du devoir et de l&#8217;honneur.<\/p>\n\t<p>Sir C.P. a \u00e9crit que Shastri &#8216;\u00e9tait v\u00e9ritablement mari\u00e9 au dharma, c&#8217;est-\u00e0-dire \u00e0 la droiture, \u00e0 la v\u00e9rit\u00e9 et \u00e0 la morale. Il n&#8217;y avait aucune posture, aucune contradiction. Il n&#8217;y avait pas un Mr Shastri \u00e0 l&#8217;int\u00e9rieur diff\u00e9rent d&#8217;un Mr Shastri \u00e0 l&#8217;ext\u00e9rieur. Il \u00e9tait vraiment entier: un \u00e0 l&#8217;int\u00e9rieur, un \u00e0 l&#8217;ext\u00e9rieur, beau \u00e0 l&#8217;int\u00e9rieur, beau \u00e0 l&#8217;ext\u00e9rieur.&#8217;<\/p>\n<p>La silhouette tr\u00e8s fr\u00eale de Mr Shastri, son apparence insignifiante et ses mani\u00e8res humbles laissaient penser, \u00e0 tort, que l&#8217;on pouvait facilement le dominer.<\/p>\n<p>Peu de temps apr\u00e8s qu&#8217;il devienne Premier Ministre, le Pakistan a envahi le Cachemire. La r\u00e9ponse de Shastri a \u00e9t\u00e9 la suivante\u00a0: &#8220;Je suis un homme de paix, mais je suis aussi un homme d&#8217;honneur. Il est de mon devoir de Premier Ministre de d\u00e9fendre mon pays.&#8221;<\/p>\n<p>Comme l&#8217;a dit Sir C.P.: &#8220;Cet homme de paix s&#8217;est dress\u00e9 comme un colosse.&#8221;<\/p>\n<figure itemscope itemtype=\"https:\/\/schema.org\/ImageObject\">\n\t\t\t\t<img decoding=\"async\" src=\"https:\/\/shrimataji.org\/test\/wp-content\/uploads\/2026\/01\/Fr_sir-c.p.-and-naval-officers-near-statue-of-lal-bahadur-shastri.jpg\" alt=\"Sir C.P. avec des officiers de la marine devant la statue de Lal Bahadur Shastri\" height=\"1143\" width=\"1500\" title=\"Fr_sir-c.p.-and-naval-officers-near-statue-of-lal-bahadur-shastri\" onerror=\"this.style.display='none'\" loading=\"lazy\" \/>\n\t\t<figcaption>Sir C.P. avec des officiers de la marine devant la statue de Lal Bahadur Shastri<\/figcaption>\n\t<\/figure>\n\t<h5>&#8220;Lal Bahadur Shastri \u00e9tait absolument unique : unique \u00e0 l&#8217;int\u00e9rieur comme \u00e0 l&#8217;ext\u00e9rieur, beau \u00e0 l&#8217;int\u00e9rieur comme \u00e0 l&#8217;ext\u00e9rieur.&#8221;<\/h5>\n<h5>Sir C.P. Srivastava, D\u00e9cembre 1994<\/h5>\n\t<p>En ce sens Mr Shastri a port\u00e9 le flambeau que le Mahatma Gandhi avait le premier allum\u00e9. Shastri a ajout\u00e9:\u00a0&#8220;Ce qui est unique en Inde, c&#8217;est que nous avons des hindous, des musulmans, des chr\u00e9tiens, des sikhs, des parsis et des gens de toutes les autres religions&#8230; Mais nous laissons cela de c\u00f4t\u00e9 en politique. Le Pakistan se proclame Etat islamique et utilise la religion pour faire de la politique. Nous, les Indiens, avons la libert\u00e9 de suivre la religion de notre choix et de la pratiquer de la fa\u00e7on que nous voulons. En ce qui concerne la politique, chacun de nous est aussi indien que l&#8217;autre.&#8221;<\/p>\n\t<p>Pendant les pourparlers de paix entre l&#8217;Inde et le Pakistan, Shastri a rassembl\u00e9 tous les partis d&#8217;opposition autour de lui. Ensemble ils ont forg\u00e9 un projet de paix durable avec le Pakistan.\u00a0Shastri est mort de fa\u00e7on impr\u00e9vue pendant ces m\u00eames pourparlers de paix, sans doute d&#8217;une crise cardiaque. Sir C.P. \u00e9tait pr\u00e9sent \u00e0 ses c\u00f4t\u00e9s. Plus tard, Sir C. P. a \u00e9crit que &#8220;son plus grand privil\u00e8ge avait \u00e9t\u00e9 de servir Shri Lal Bahadur Shastri&#8221;.\u00a0<a href=\"#citation-note-1\">[1]<\/a><\/p>\n<p>Inspir\u00e9 par la grande figure de Lal Bahadur Shastri et avec l&#8217;aide et le soutien de son \u00e9pouse, Sir C.P. s&#8217;est lanc\u00e9 dans une carri\u00e8re qui s&#8217;est r\u00e9v\u00e9l\u00e9e exceptionnelle.\u00a0 Comme premier secr\u00e9taire dans l&#8217;Administration indienne.\u00a0 Puis comme Pr\u00e9sident de l&#8217;Organisation Maritime indienne. Et enfin, comme Secr\u00e9taire G\u00e9n\u00e9ral de l&#8217;Organisation Maritime Internationale des Nations-Unies. Avec les plus longs \u00e9tats de service de l&#8217;histoire de celle-ci.<\/p>\n<p>L&#8217;OMI est la seule organisation des Nations-Unies bas\u00e9e \u00e0 Londres. C&#8217;est pendant les seize ann\u00e9es de services de Sir C.P. que Shri Mataji a commenc\u00e9 ce qui s&#8217;est r\u00e9v\u00e9l\u00e9 sa mission:\u00a0introduire <a href=\"https:\/\/shrimataji.org\/test\/fr\/sahaja-yoga\/\" target=\"_blank\" rel=\"noopener\">la m\u00e9ditation Sahaja Yoga<\/a> au monde.<\/p>\n<figure itemscope itemtype=\"https:\/\/schema.org\/ImageObject\">\n\t\t\t\t<img decoding=\"async\" src=\"https:\/\/shrimataji.org\/test\/wp-content\/uploads\/2026\/01\/Fr_shri-mataji-nirmala-devi-sir-cp-world-maritime-university.jpg\" alt=\"Shri Mataji et Sir CP \u00e0 l&#039;Universit\u00e9 Maritime Mondiale \u00e0 Malm\u00f6, en Su\u00e8de\" height=\"960\" width=\"655\" title=\"Fr_shri-mataji-nirmala-devi-sir-cp-world-maritime-university\" onerror=\"this.style.display='none'\" loading=\"lazy\" \/>\n\t\t<figcaption>Shri Mataji et Sir CP \u00e0 l&#8217;Universit\u00e9 Maritime Mondiale \u00e0 Malm\u00f6, en Su\u00e8de<\/figcaption>\n\t<\/figure>\n\t<hr \/>\n<h3>1. <a href=\"#citation-ref-1\">^<\/a><a name=\"citation-note-1\"><\/a> C. P. Srivastava, &#8216;Lal Bahadur Shastri: une vie de v\u00e9rit\u00e9 en politique&#8217; New Delhi: Oxford University Press, 1995.<\/h3>\n\n","protected":false},"excerpt":{"rendered":"<p>Sir C.P. Srivastava Sir C.P. et le\u00a0&#8216;Petit Colosse&#8217; Shri Mataji Nirmala Devi est connue dans le monde entier pour \u00eatre la force d&#8217;inspiration derri\u00e8re Sahaja Yoga. En parall\u00e8le \u00e0 sa r\u00e9putation de leader spirituel, il y a une autre histoire, celle de l&#8217;extraordinaire carri\u00e8re de son mari, Sir Chandrika Prasad Srivastava. Ceux qui ont eu&hellip; <br \/> <a class=\"read-more\" href=\"https:\/\/shrimataji.org\/test\/fr\/sir-c-p-srivastava-fr\/\">Read more<\/a><\/p>\n","protected":false},"author":7,"featured_media":9513,"parent":0,"menu_order":0,"comment_status":"closed","ping_status":"closed","template":"","meta":{"inline_featured_image":false,"footnotes":"","advanced-sidebar-menu\/link-title":"","advanced-sidebar-menu\/exclude-page":false},"class_list":["post-10793","page","type-page","status-publish","has-post-thumbnail","hentry"],"yoast_head":"<!-- This site is optimized with the Yoast SEO plugin v27.4 - https:\/\/yoast.com\/product\/yoast-seo-wordpress\/ -->\n<title>Sir C.P. Srivastava FR - TEST - SMND<\/title>\n<meta name=\"robots\" content=\"noindex, follow, max-snippet:-1, max-image-preview:large, max-video-preview:-1\" \/>\n<meta property=\"og:locale\" content=\"en_US\" \/>\n<meta property=\"og:type\" content=\"article\" \/>\n<meta property=\"og:title\" content=\"Sir C.P. Srivastava FR - TEST - SMND\" \/>\n<meta property=\"og:description\" content=\"Sir C.P. Srivastava Sir C.P. et le\u00a0&#8216;Petit Colosse&#8217; Shri Mataji Nirmala Devi est connue dans le monde entier pour \u00eatre la force d&#8217;inspiration derri\u00e8re Sahaja Yoga. En parall\u00e8le \u00e0 sa r\u00e9putation de leader spirituel, il y a une autre histoire, celle de l&#8217;extraordinaire carri\u00e8re de son mari, Sir Chandrika Prasad Srivastava. Ceux qui ont eu&hellip; Read more\" \/>\n<meta property=\"og:url\" content=\"https:\/\/shrimataji.org\/test\/fr\/sir-c-p-srivastava-fr\/\" \/>\n<meta property=\"og:site_name\" content=\"TEST - SMND\" \/>\n<meta property=\"article:publisher\" content=\"https:\/\/www.facebook.com\/shrimataji\" \/>\n<meta property=\"article:modified_time\" content=\"2026-03-04T15:07:46+00:00\" \/>\n<meta property=\"og:image\" content=\"https:\/\/shrimataji.org\/test\/wp-content\/uploads\/2023\/03\/8_Banner-Family_CP-2-scaled.jpg\" \/>\n\t<meta property=\"og:image:width\" content=\"2560\" \/>\n\t<meta property=\"og:image:height\" content=\"905\" \/>\n\t<meta property=\"og:image:type\" content=\"image\/jpeg\" \/>\n<meta name=\"twitter:card\" content=\"summary_large_image\" \/>\n<meta name=\"twitter:site\" content=\"@shrimataji\" \/>\n<meta name=\"twitter:label1\" content=\"Est. reading time\" \/>\n\t<meta name=\"twitter:data1\" content=\"5 minutes\" \/>\n<script type=\"application\/ld+json\" class=\"yoast-schema-graph\">{\"@context\":\"https:\\\/\\\/schema.org\",\"@graph\":[{\"@type\":\"WebPage\",\"@id\":\"https:\\\/\\\/shrimataji.org\\\/test\\\/fr\\\/sir-c-p-srivastava-fr\\\/\",\"url\":\"https:\\\/\\\/shrimataji.org\\\/test\\\/fr\\\/sir-c-p-srivastava-fr\\\/\",\"name\":\"Sir C.P. Srivastava FR - TEST - SMND\",\"isPartOf\":{\"@id\":\"https:\\\/\\\/shrimataji.org\\\/test\\\/#website\"},\"primaryImageOfPage\":{\"@id\":\"https:\\\/\\\/shrimataji.org\\\/test\\\/fr\\\/sir-c-p-srivastava-fr\\\/#primaryimage\"},\"image\":{\"@id\":\"https:\\\/\\\/shrimataji.org\\\/test\\\/fr\\\/sir-c-p-srivastava-fr\\\/#primaryimage\"},\"thumbnailUrl\":\"https:\\\/\\\/shrimataji.org\\\/test\\\/wp-content\\\/uploads\\\/2023\\\/03\\\/8_Banner-Family_CP-2-scaled.jpg\",\"datePublished\":\"2012-11-01T12:00:00+00:00\",\"dateModified\":\"2026-03-04T15:07:46+00:00\",\"breadcrumb\":{\"@id\":\"https:\\\/\\\/shrimataji.org\\\/test\\\/fr\\\/sir-c-p-srivastava-fr\\\/#breadcrumb\"},\"inLanguage\":\"en-US\",\"potentialAction\":[{\"@type\":\"ReadAction\",\"target\":[\"https:\\\/\\\/shrimataji.org\\\/test\\\/fr\\\/sir-c-p-srivastava-fr\\\/\"]}]},{\"@type\":\"ImageObject\",\"inLanguage\":\"en-US\",\"@id\":\"https:\\\/\\\/shrimataji.org\\\/test\\\/fr\\\/sir-c-p-srivastava-fr\\\/#primaryimage\",\"url\":\"https:\\\/\\\/shrimataji.org\\\/test\\\/wp-content\\\/uploads\\\/2023\\\/03\\\/8_Banner-Family_CP-2-scaled.jpg\",\"contentUrl\":\"https:\\\/\\\/shrimataji.org\\\/test\\\/wp-content\\\/uploads\\\/2023\\\/03\\\/8_Banner-Family_CP-2-scaled.jpg\",\"width\":2560,\"height\":905},{\"@type\":\"BreadcrumbList\",\"@id\":\"https:\\\/\\\/shrimataji.org\\\/test\\\/fr\\\/sir-c-p-srivastava-fr\\\/#breadcrumb\",\"itemListElement\":[{\"@type\":\"ListItem\",\"position\":1,\"name\":\"Home\",\"item\":\"https:\\\/\\\/shrimataji.org\\\/test\\\/uk\\\/home-en\\\/\"},{\"@type\":\"ListItem\",\"position\":2,\"name\":\"Sir C.P. Srivastava FR\"}]},{\"@type\":\"WebSite\",\"@id\":\"https:\\\/\\\/shrimataji.org\\\/test\\\/#website\",\"url\":\"https:\\\/\\\/shrimataji.org\\\/test\\\/\",\"name\":\"Shri Mataji Nirmala Devi\",\"description\":\"A Life Dedicated to Humanity\",\"publisher\":{\"@id\":\"https:\\\/\\\/shrimataji.org\\\/test\\\/#\\\/schema\\\/person\\\/a1b3419c6585f164aa96da1ff85715d1\"},\"potentialAction\":[{\"@type\":\"SearchAction\",\"target\":{\"@type\":\"EntryPoint\",\"urlTemplate\":\"https:\\\/\\\/shrimataji.org\\\/test\\\/?s={search_term_string}\"},\"query-input\":{\"@type\":\"PropertyValueSpecification\",\"valueRequired\":true,\"valueName\":\"search_term_string\"}}],\"inLanguage\":\"en-US\"},{\"@type\":[\"Person\",\"Organization\"],\"@id\":\"https:\\\/\\\/shrimataji.org\\\/test\\\/#\\\/schema\\\/person\\\/a1b3419c6585f164aa96da1ff85715d1\",\"name\":\"Nirmala Shrivastava\",\"image\":{\"@type\":\"ImageObject\",\"inLanguage\":\"en-US\",\"@id\":\"https:\\\/\\\/shrimataji.org\\\/test\\\/wp-content\\\/uploads\\\/2023\\\/02\\\/SMO_LOGO-03.svg\",\"url\":\"https:\\\/\\\/shrimataji.org\\\/test\\\/wp-content\\\/uploads\\\/2023\\\/02\\\/SMO_LOGO-03.svg\",\"contentUrl\":\"https:\\\/\\\/shrimataji.org\\\/test\\\/wp-content\\\/uploads\\\/2023\\\/02\\\/SMO_LOGO-03.svg\",\"width\":\"1024\",\"height\":\"1024\",\"caption\":\"Nirmala Shrivastava\"},\"logo\":{\"@id\":\"https:\\\/\\\/shrimataji.org\\\/test\\\/wp-content\\\/uploads\\\/2023\\\/02\\\/SMO_LOGO-03.svg\"},\"sameAs\":[\"https:\\\/\\\/shrimataji.org\\\/test\",\"https:\\\/\\\/www.facebook.com\\\/shrimataji\",\"https:\\\/\\\/x.com\\\/shrimataji\",\"https:\\\/\\\/www.youtube.com\\\/@Shri_Mataji_Nirmala_Devi\\\/featured\"]}]}<\/script>\n<!-- \/ Yoast SEO plugin. -->","yoast_head_json":{"title":"Sir C.P. Srivastava FR - TEST - SMND","robots":{"index":"noindex","follow":"follow","max-snippet":"max-snippet:-1","max-image-preview":"max-image-preview:large","max-video-preview":"max-video-preview:-1"},"og_locale":"en_US","og_type":"article","og_title":"Sir C.P. Srivastava FR - TEST - SMND","og_description":"Sir C.P. Srivastava Sir C.P. et le\u00a0&#8216;Petit Colosse&#8217; Shri Mataji Nirmala Devi est connue dans le monde entier pour \u00eatre la force d&#8217;inspiration derri\u00e8re Sahaja Yoga. En parall\u00e8le \u00e0 sa r\u00e9putation de leader spirituel, il y a une autre histoire, celle de l&#8217;extraordinaire carri\u00e8re de son mari, Sir Chandrika Prasad Srivastava. Ceux qui ont eu&hellip; Read more","og_url":"https:\/\/shrimataji.org\/test\/fr\/sir-c-p-srivastava-fr\/","og_site_name":"TEST - SMND","article_publisher":"https:\/\/www.facebook.com\/shrimataji","article_modified_time":"2026-03-04T15:07:46+00:00","og_image":[{"width":2560,"height":905,"url":"https:\/\/shrimataji.org\/test\/wp-content\/uploads\/2023\/03\/8_Banner-Family_CP-2-scaled.jpg","type":"image\/jpeg"}],"twitter_card":"summary_large_image","twitter_site":"@shrimataji","twitter_misc":{"Est. reading time":"5 minutes"},"schema":{"@context":"https:\/\/schema.org","@graph":[{"@type":"WebPage","@id":"https:\/\/shrimataji.org\/test\/fr\/sir-c-p-srivastava-fr\/","url":"https:\/\/shrimataji.org\/test\/fr\/sir-c-p-srivastava-fr\/","name":"Sir C.P. Srivastava FR - TEST - SMND","isPartOf":{"@id":"https:\/\/shrimataji.org\/test\/#website"},"primaryImageOfPage":{"@id":"https:\/\/shrimataji.org\/test\/fr\/sir-c-p-srivastava-fr\/#primaryimage"},"image":{"@id":"https:\/\/shrimataji.org\/test\/fr\/sir-c-p-srivastava-fr\/#primaryimage"},"thumbnailUrl":"https:\/\/shrimataji.org\/test\/wp-content\/uploads\/2023\/03\/8_Banner-Family_CP-2-scaled.jpg","datePublished":"2012-11-01T12:00:00+00:00","dateModified":"2026-03-04T15:07:46+00:00","breadcrumb":{"@id":"https:\/\/shrimataji.org\/test\/fr\/sir-c-p-srivastava-fr\/#breadcrumb"},"inLanguage":"en-US","potentialAction":[{"@type":"ReadAction","target":["https:\/\/shrimataji.org\/test\/fr\/sir-c-p-srivastava-fr\/"]}]},{"@type":"ImageObject","inLanguage":"en-US","@id":"https:\/\/shrimataji.org\/test\/fr\/sir-c-p-srivastava-fr\/#primaryimage","url":"https:\/\/shrimataji.org\/test\/wp-content\/uploads\/2023\/03\/8_Banner-Family_CP-2-scaled.jpg","contentUrl":"https:\/\/shrimataji.org\/test\/wp-content\/uploads\/2023\/03\/8_Banner-Family_CP-2-scaled.jpg","width":2560,"height":905},{"@type":"BreadcrumbList","@id":"https:\/\/shrimataji.org\/test\/fr\/sir-c-p-srivastava-fr\/#breadcrumb","itemListElement":[{"@type":"ListItem","position":1,"name":"Home","item":"https:\/\/shrimataji.org\/test\/uk\/home-en\/"},{"@type":"ListItem","position":2,"name":"Sir C.P. Srivastava FR"}]},{"@type":"WebSite","@id":"https:\/\/shrimataji.org\/test\/#website","url":"https:\/\/shrimataji.org\/test\/","name":"Shri Mataji Nirmala Devi","description":"A Life Dedicated to Humanity","publisher":{"@id":"https:\/\/shrimataji.org\/test\/#\/schema\/person\/a1b3419c6585f164aa96da1ff85715d1"},"potentialAction":[{"@type":"SearchAction","target":{"@type":"EntryPoint","urlTemplate":"https:\/\/shrimataji.org\/test\/?s={search_term_string}"},"query-input":{"@type":"PropertyValueSpecification","valueRequired":true,"valueName":"search_term_string"}}],"inLanguage":"en-US"},{"@type":["Person","Organization"],"@id":"https:\/\/shrimataji.org\/test\/#\/schema\/person\/a1b3419c6585f164aa96da1ff85715d1","name":"Nirmala Shrivastava","image":{"@type":"ImageObject","inLanguage":"en-US","@id":"https:\/\/shrimataji.org\/test\/wp-content\/uploads\/2023\/02\/SMO_LOGO-03.svg","url":"https:\/\/shrimataji.org\/test\/wp-content\/uploads\/2023\/02\/SMO_LOGO-03.svg","contentUrl":"https:\/\/shrimataji.org\/test\/wp-content\/uploads\/2023\/02\/SMO_LOGO-03.svg","width":"1024","height":"1024","caption":"Nirmala Shrivastava"},"logo":{"@id":"https:\/\/shrimataji.org\/test\/wp-content\/uploads\/2023\/02\/SMO_LOGO-03.svg"},"sameAs":["https:\/\/shrimataji.org\/test","https:\/\/www.facebook.com\/shrimataji","https:\/\/x.com\/shrimataji","https:\/\/www.youtube.com\/@Shri_Mataji_Nirmala_Devi\/featured"]}]}},"lang":"fr","translations":{"fr":10793,"en":423,"am":18079,"th":20064,"hu":19568,"sq":18480,"zh":17377,"tr":10212,"pt":10421,"de":10695,"it":10891,"es":10988,"ja":11286,"ru":11474,"bn":11665,"te":11773,"sw":11896,"he":12044,"el":12336,"sk":12434,"fa":12532,"fi":12630,"bg":13492,"ro":14567,"cs":14760,"nl":16640,"ku":16800,"ar":16976,"be":18687,"kn":18961,"mr":20428,"uk":20722,"ml":21017,"ta":22798,"sv":23068,"gu":28904,"pa":29064,"fil":29517,"da":37814,"nn":38366,"pl":39950,"ur":39951},"pll_sync_post":[],"_links":{"self":[{"href":"https:\/\/shrimataji.org\/test\/wp-json\/wp\/v2\/pages\/10793","targetHints":{"allow":["GET"]}}],"collection":[{"href":"https:\/\/shrimataji.org\/test\/wp-json\/wp\/v2\/pages"}],"about":[{"href":"https:\/\/shrimataji.org\/test\/wp-json\/wp\/v2\/types\/page"}],"author":[{"embeddable":true,"href":"https:\/\/shrimataji.org\/test\/wp-json\/wp\/v2\/users\/7"}],"replies":[{"embeddable":true,"href":"https:\/\/shrimataji.org\/test\/wp-json\/wp\/v2\/comments?post=10793"}],"version-history":[{"count":0,"href":"https:\/\/shrimataji.org\/test\/wp-json\/wp\/v2\/pages\/10793\/revisions"}],"wp:featuredmedia":[{"embeddable":true,"href":"https:\/\/shrimataji.org\/test\/wp-json\/wp\/v2\/media\/9513"}],"wp:attachment":[{"href":"https:\/\/shrimataji.org\/test\/wp-json\/wp\/v2\/media?parent=10793"}],"curies":[{"name":"wp","href":"https:\/\/api.w.org\/{rel}","templated":true}]}}