{"id":10795,"date":"2020-04-13T17:41:10","date_gmt":"2020-04-13T17:41:10","guid":{"rendered":"https:\/\/testwordpress.nirmalnagari.org\/smnd\/?page_id=3082"},"modified":"2026-02-06T17:04:39","modified_gmt":"2026-02-06T17:04:39","slug":"eveil-spirituel-en-masse","status":"publish","type":"page","link":"https:\/\/shrimataji.org\/test\/fr\/eveil-spirituel-en-masse\/","title":{"rendered":"\u00c9veil spirituel en masse"},"content":{"rendered":"\n\n\t<h1>\u00c9veil spirituel en masse<\/h1>\n<h2>Un changement r\u00e9volutionnaire vers l&#8217;illumination mondiale<\/h2>\n\t<h4>Shri Mataji est n\u00e9e de parents chr\u00e9tiens qui avaient un profond respect pour toutes les religions. Son p\u00e8re, Prasad K. Salve, \u00e9tait un grand \u00e9rudit en mati\u00e8re de th\u00e9ologie et encourageait ses enfants \u00e0 comprendre les principes de toutes les grandes religions. Il \u00e9tait convaincu que le devenir de l&#8217;humanit\u00e9 ne serait possible que par un \u00e9veil spirituel collectif, qui mettrait fin aux conflits religieux qui d\u00e9chiraient le monde depuis des mill\u00e9naires.<\/h4>\n<p>Les parents de Shri Mataji ont \u00e9t\u00e9 inspir\u00e9s par la philosophie de non-coop\u00e9ration pacifique de Mahatma Gandhi et ont particip\u00e9 activement \u00e0 son mouvement &#8216;Quit India&#8217;.<a href=\"https:\/\/shrimataji.org\/test\/fr\/eveil-spirituel-en-masse\/#citation-note-1\">[1]<\/a> Jeune fille vivant dans l&#8217;ashram de Gandhi, Shri Mataji \u00e9tait entour\u00e9e d&#8217;hindous, de sikhs, de chr\u00e9tiens et de musulmans, tous unis par le m\u00eame objectif : la libert\u00e9 et l&#8217;ind\u00e9pendance nationales.<\/p>\n<p>Plus tard, lors de la s\u00e9paration de l&#8217;Inde et du Pakistan, la partition, le pays a \u00e9t\u00e9 d\u00e9chir\u00e9 par des violences sectaires. Shri Mataji, \u00e9tant au Pakistan, a fui en abandonnant ses \u00e9tudes de m\u00e9decine pour rejoindre sa famille en Inde. Ses parents ont d\u00e9cid\u00e9 alors qu&#8217;il \u00e9tait importun pour elle de se marier. Respectant le choix de ses a\u00een\u00e9s, Shri Mataji a accept\u00e9 d&#8217;\u00e9pouser C.P. Srivastava. Elle a toujours pens\u00e9 qu&#8217;elle devait attendre le moment propice pour se consacrer \u00e0 sa v\u00e9ritable vocation une fois que son travail de m\u00e8re de deux filles serait achev\u00e9.<\/p>\n<p>Ce n&#8217;est donc qu&#8217;en 1970 que Shri Mataji a finalement senti que le moment \u00e9tait venu de commencer sa v\u00e9ritable mission sur terre. Elle avait d\u00e9j\u00e0 \u00e9tudi\u00e9 les \u00eatres humains et leurs probl\u00e8mes et savait que les vraies r\u00e9ponses r\u00e9sidaient dans leur \u00e9veil spirituel, un potentiel qui ne demandait qu&#8217;\u00e0 \u00eatre d\u00e9clench\u00e9. Elle \u00e9tait consciente que les religions, bien que fond\u00e9es sur les enseignements de v\u00e9ritables proph\u00e8tes, \u00e9taient incapables de provoquer ce d\u00e9clenchement spirituel dans la conscience humaine. Un soir, d\u00e9go\u00fbt\u00e9e par les faux gourous en Inde qui pillaient l&#8217;argent des gens en leur promettant la v\u00e9ritable spiritualit\u00e9, elle d\u00e9cida de ne plus attendre. Alors qu&#8217;elle m\u00e9ditait sur une plage d\u00e9serte, au petit matin du 5 mai 1970, \u00e0 l&#8217;aube d&#8217;une nuit de nouvelle lune, elle sentit l&#8217;\u00e9veil de la puissance primordiale de la cr\u00e9ation au sein de son \u00eatre subtil.<\/p>\n<p>Cette exp\u00e9rience spirituelle profonde lui a apport\u00e9 toutes les r\u00e9ponses qu&#8217;elle cherchait dans sa vie sur la mani\u00e8re de d\u00e9clencher la prise de conscience de l&#8217;Esprit \u00e9ternel chez les \u00eatres humains en qu\u00eate de v\u00e9rit\u00e9. Cet \u00e9v\u00e9nement historique a marqu\u00e9 <a href=\"https:\/\/shrimataji.org\/test\/fr\/un-moment-cle\/\" target=\"_blank\" rel=\"noopener\">un tournant d\u00e9cisif<\/a> dans sa vie, la d\u00e9couverte unique de l&#8217;\u00e9veil spirituel de masse. Elle a ensuite fond\u00e9 une technique qu&#8217;elle a baptis\u00e9e <a href=\"https:\/\/shrimataji.org\/test\/fr\/sahaja-yoga\/\" target=\"_blank\" rel=\"noopener\">Sahaja Yoga<\/a>, qui signifie litt\u00e9ralement \u00a0&#8216;union spontan\u00e9e&#8217; et fait r\u00e9f\u00e9rence \u00e0 l&#8217;union avec le pouvoir divin \u00e9ternel dont chaque \u00eatre humain est dot\u00e9 \u00e0 la naissance, mais dont il n&#8217;a pas conscience.<\/p>\n\t<p>Sahaja Yoga est une forme de m\u00e9ditation simple et facile qui \u00e9veille l&#8217;\u00e9nergie spirituelle subtile qui r\u00e9side en chaque \u00eatre humain. Ce moment de v\u00e9rit\u00e9 est connu sous le nom de <a href=\"https:\/\/shrimataji.org\/test\/fr\/realization-du-soi-et-meditation\/\" target=\"_blank\" rel=\"noopener\">R\u00e9alisation du Soi<\/a> : l&#8217;objectif insaisissable des mystiques religieux du monde entier depuis des temps imm\u00e9moriaux.<\/p>\n\t<div class=\"su-quote su-quote-style-default\"><div class=\"su-quote-inner su-u-clearfix su-u-trim\">Il existe une puissance vivante subtile qui est l&#8217;amour divin et qui accomplit tout le travail du vivant. <\/div><\/div>\n\tShri Mataji a d\u00e9clar\u00e9 que la R\u00e9alisation du Soi est quelque chose qui peut \u00eatre atteint ici et maintenant, contrairement \u00e0 un objectif lointain accessible uniquement apr\u00e8s une vie de p\u00e9nitence et de sacrifices. Lors de ses programmes publics, elle disait toujours que nous sommes notre propre ma\u00eetre, en s&#8217;appuyant sur son exp\u00e9rience directe de la v\u00e9rit\u00e9, et sans d\u00e9pendre d&#8217;un interm\u00e9diaire pour nous guider vers l&#8217;illumination. De plus, Shri Mataji a toujours clairement indiqu\u00e9 que ce qu&#8217;elle disait \u00e9tait une hypoth\u00e8se que chacun devait tester par lui-m\u00eame, et que la foi aveugle ne m\u00e8ne nulle part.<br \/>\nShri Mataji soutenait que la vraie religion ne repose pas sur un dogme et une hi\u00e9rarchie, mais plut\u00f4t sur une connaissance absolue du Soi en tant qu&#8217;Esprit. Comme elle le disait : \u00ab Toutes les religions sont issues d&#8217;un seul arbre de vie, qui est la spiritualit\u00e9&#8230; La religion est l\u00e0 pour vous apporter la paix, la joie, le bonheur&#8230; Il n&#8217;y a aucune diff\u00e9rence entre elles, mais si vous ne vous connaissez pas vous-m\u00eame, comment pouvez-vous conna\u00eetre quoi que ce soit \u00e0 propos de la religion ? Il est donc important que vous vous connaissiez vous-m\u00eame avant toute chose. \u00bb Lorsque vous vous reconnaissez en tant qu&#8217;\u00eatre spirituel, vous comprenez la religion que vous suivez et la grandeur de tous ces proph\u00e8tes et gourous.\n<p>Plus qu&#8217;un gourou ou un enseignant, Shri Mataji pourrait \u00eatre d\u00e9crite comme une m\u00e8re spirituelle, anim\u00e9e par la compassion et l&#8217;amour, et soucieuse du bien-\u00eatre et de l&#8217;\u00e9volution de toute l&#8217;humanit\u00e9. Gr\u00e2ce \u00e0 sa vision et \u00e0 ses efforts inlassables, Sahaja Yoga s&#8217;est implant\u00e9 dans plus d&#8217;une centaine de pays et des millions de personnes ont trouv\u00e9 l&#8217;\u00e9quilibre et la satisfaction dans leur vie, certaines surmontant de graves handicaps mentaux et physiques gr\u00e2ce \u00e0 l&#8217;exp\u00e9rience de la R\u00e9alisation du Soi et \u00e0 la pratique r\u00e9guli\u00e8re de la <a href=\"https:\/\/shrimataji.org\/test\/fr\/la-meditation-sahaja-yoga\/\" target=\"_blank\" rel=\"noopener\">m\u00e9ditation Sahaja Yoga<\/a>.<\/p>\n\t<p>&nbsp;<\/p>\n<hr \/>\n<h3>1. ^ A civil disobedience movement launched by MK Gandhi and the Indian National Congress in August 1942, calling for determined but passive resistance to the British rule and for &#8216;an orderly British withdrawal&#8217; from India (wikipedia, the free encyclopedia).<\/h3>\n\n","protected":false},"excerpt":{"rendered":"<p>\u00c9veil spirituel en masse Un changement r\u00e9volutionnaire vers l&#8217;illumination mondiale Shri Mataji est n\u00e9e de parents chr\u00e9tiens qui avaient un profond respect pour toutes les religions. Son p\u00e8re, Prasad K. Salve, \u00e9tait un grand \u00e9rudit en mati\u00e8re de th\u00e9ologie et encourageait ses enfants \u00e0 comprendre les principes de toutes les grandes religions. Il \u00e9tait convaincu&hellip; <br \/> <a class=\"read-more\" href=\"https:\/\/shrimataji.org\/test\/fr\/eveil-spirituel-en-masse\/\">Read more<\/a><\/p>\n","protected":false},"author":7,"featured_media":303,"parent":0,"menu_order":0,"comment_status":"closed","ping_status":"closed","template":"","meta":{"inline_featured_image":false,"footnotes":""},"class_list":["post-10795","page","type-page","status-publish","has-post-thumbnail","hentry"],"yoast_head":"<!-- This site is optimized with the Yoast SEO plugin v27.4 - https:\/\/yoast.com\/product\/yoast-seo-wordpress\/ -->\n<title>\u00c9veil spirituel en masse - TEST - SMND<\/title>\n<meta name=\"robots\" content=\"noindex, follow, max-snippet:-1, max-image-preview:large, max-video-preview:-1\" \/>\n<meta property=\"og:locale\" content=\"en_US\" \/>\n<meta property=\"og:type\" content=\"article\" \/>\n<meta property=\"og:title\" content=\"\u00c9veil spirituel en masse - TEST - SMND\" \/>\n<meta property=\"og:description\" content=\"\u00c9veil spirituel en masse Un changement r\u00e9volutionnaire vers l&#8217;illumination mondiale Shri Mataji est n\u00e9e de parents chr\u00e9tiens qui avaient un profond respect pour toutes les religions. Son p\u00e8re, Prasad K. Salve, \u00e9tait un grand \u00e9rudit en mati\u00e8re de th\u00e9ologie et encourageait ses enfants \u00e0 comprendre les principes de toutes les grandes religions. Il \u00e9tait convaincu&hellip; Read more\" \/>\n<meta property=\"og:url\" content=\"https:\/\/shrimataji.org\/test\/fr\/eveil-spirituel-en-masse\/\" \/>\n<meta property=\"og:site_name\" content=\"TEST - SMND\" \/>\n<meta property=\"article:publisher\" content=\"https:\/\/www.facebook.com\/shrimataji\" \/>\n<meta property=\"article:modified_time\" content=\"2026-02-06T17:04:39+00:00\" \/>\n<meta property=\"og:image\" content=\"https:\/\/shrimataji.org\/test\/wp-content\/uploads\/2018\/07\/media_originals\/images\/shri-mataji-with-people\/shri-mataji-with-village-people-in-india.jpg\" \/>\n\t<meta property=\"og:image:width\" content=\"1500\" \/>\n\t<meta property=\"og:image:height\" content=\"980\" \/>\n\t<meta property=\"og:image:type\" content=\"image\/jpeg\" \/>\n<meta name=\"twitter:card\" content=\"summary_large_image\" \/>\n<meta name=\"twitter:site\" content=\"@shrimataji\" \/>\n<script type=\"application\/ld+json\" class=\"yoast-schema-graph\">{\"@context\":\"https:\\\/\\\/schema.org\",\"@graph\":[{\"@type\":\"WebPage\",\"@id\":\"https:\\\/\\\/shrimataji.org\\\/test\\\/fr\\\/eveil-spirituel-en-masse\\\/\",\"url\":\"https:\\\/\\\/shrimataji.org\\\/test\\\/fr\\\/eveil-spirituel-en-masse\\\/\",\"name\":\"\u00c9veil spirituel en masse - TEST - SMND\",\"isPartOf\":{\"@id\":\"https:\\\/\\\/shrimataji.org\\\/test\\\/#website\"},\"primaryImageOfPage\":{\"@id\":\"https:\\\/\\\/shrimataji.org\\\/test\\\/fr\\\/eveil-spirituel-en-masse\\\/#primaryimage\"},\"image\":{\"@id\":\"https:\\\/\\\/shrimataji.org\\\/test\\\/fr\\\/eveil-spirituel-en-masse\\\/#primaryimage\"},\"thumbnailUrl\":\"https:\\\/\\\/shrimataji.org\\\/test\\\/wp-content\\\/uploads\\\/2018\\\/07\\\/media_originals\\\/images\\\/shri-mataji-with-people\\\/shri-mataji-with-village-people-in-india.jpg\",\"datePublished\":\"2020-04-13T17:41:10+00:00\",\"dateModified\":\"2026-02-06T17:04:39+00:00\",\"breadcrumb\":{\"@id\":\"https:\\\/\\\/shrimataji.org\\\/test\\\/fr\\\/eveil-spirituel-en-masse\\\/#breadcrumb\"},\"inLanguage\":\"en-US\",\"potentialAction\":[{\"@type\":\"ReadAction\",\"target\":[\"https:\\\/\\\/shrimataji.org\\\/test\\\/fr\\\/eveil-spirituel-en-masse\\\/\"]}]},{\"@type\":\"ImageObject\",\"inLanguage\":\"en-US\",\"@id\":\"https:\\\/\\\/shrimataji.org\\\/test\\\/fr\\\/eveil-spirituel-en-masse\\\/#primaryimage\",\"url\":\"https:\\\/\\\/shrimataji.org\\\/test\\\/wp-content\\\/uploads\\\/2018\\\/07\\\/media_originals\\\/images\\\/shri-mataji-with-people\\\/shri-mataji-with-village-people-in-india.jpg\",\"contentUrl\":\"https:\\\/\\\/shrimataji.org\\\/test\\\/wp-content\\\/uploads\\\/2018\\\/07\\\/media_originals\\\/images\\\/shri-mataji-with-people\\\/shri-mataji-with-village-people-in-india.jpg\",\"width\":1500,\"height\":980},{\"@type\":\"BreadcrumbList\",\"@id\":\"https:\\\/\\\/shrimataji.org\\\/test\\\/fr\\\/eveil-spirituel-en-masse\\\/#breadcrumb\",\"itemListElement\":[{\"@type\":\"ListItem\",\"position\":1,\"name\":\"Home\",\"item\":\"https:\\\/\\\/shrimataji.org\\\/test\\\/uk\\\/home-en\\\/\"},{\"@type\":\"ListItem\",\"position\":2,\"name\":\"\u00c9veil spirituel en masse\"}]},{\"@type\":\"WebSite\",\"@id\":\"https:\\\/\\\/shrimataji.org\\\/test\\\/#website\",\"url\":\"https:\\\/\\\/shrimataji.org\\\/test\\\/\",\"name\":\"Shri Mataji Nirmala Devi\",\"description\":\"A Life Dedicated to Humanity\",\"publisher\":{\"@id\":\"https:\\\/\\\/shrimataji.org\\\/test\\\/#\\\/schema\\\/person\\\/a1b3419c6585f164aa96da1ff85715d1\"},\"potentialAction\":[{\"@type\":\"SearchAction\",\"target\":{\"@type\":\"EntryPoint\",\"urlTemplate\":\"https:\\\/\\\/shrimataji.org\\\/test\\\/?s={search_term_string}\"},\"query-input\":{\"@type\":\"PropertyValueSpecification\",\"valueRequired\":true,\"valueName\":\"search_term_string\"}}],\"inLanguage\":\"en-US\"},{\"@type\":[\"Person\",\"Organization\"],\"@id\":\"https:\\\/\\\/shrimataji.org\\\/test\\\/#\\\/schema\\\/person\\\/a1b3419c6585f164aa96da1ff85715d1\",\"name\":\"Nirmala Shrivastava\",\"image\":{\"@type\":\"ImageObject\",\"inLanguage\":\"en-US\",\"@id\":\"https:\\\/\\\/shrimataji.org\\\/test\\\/wp-content\\\/uploads\\\/2023\\\/02\\\/SMO_LOGO-03.svg\",\"url\":\"https:\\\/\\\/shrimataji.org\\\/test\\\/wp-content\\\/uploads\\\/2023\\\/02\\\/SMO_LOGO-03.svg\",\"contentUrl\":\"https:\\\/\\\/shrimataji.org\\\/test\\\/wp-content\\\/uploads\\\/2023\\\/02\\\/SMO_LOGO-03.svg\",\"width\":\"1024\",\"height\":\"1024\",\"caption\":\"Nirmala Shrivastava\"},\"logo\":{\"@id\":\"https:\\\/\\\/shrimataji.org\\\/test\\\/wp-content\\\/uploads\\\/2023\\\/02\\\/SMO_LOGO-03.svg\"},\"sameAs\":[\"https:\\\/\\\/shrimataji.org\\\/test\",\"https:\\\/\\\/www.facebook.com\\\/shrimataji\",\"https:\\\/\\\/x.com\\\/shrimataji\",\"https:\\\/\\\/www.youtube.com\\\/@Shri_Mataji_Nirmala_Devi\\\/featured\"]}]}<\/script>\n<!-- \/ Yoast SEO plugin. -->","yoast_head_json":{"title":"\u00c9veil spirituel en masse - TEST - SMND","robots":{"index":"noindex","follow":"follow","max-snippet":"max-snippet:-1","max-image-preview":"max-image-preview:large","max-video-preview":"max-video-preview:-1"},"og_locale":"en_US","og_type":"article","og_title":"\u00c9veil spirituel en masse - TEST - SMND","og_description":"\u00c9veil spirituel en masse Un changement r\u00e9volutionnaire vers l&#8217;illumination mondiale Shri Mataji est n\u00e9e de parents chr\u00e9tiens qui avaient un profond respect pour toutes les religions. Son p\u00e8re, Prasad K. Salve, \u00e9tait un grand \u00e9rudit en mati\u00e8re de th\u00e9ologie et encourageait ses enfants \u00e0 comprendre les principes de toutes les grandes religions. Il \u00e9tait convaincu&hellip; Read more","og_url":"https:\/\/shrimataji.org\/test\/fr\/eveil-spirituel-en-masse\/","og_site_name":"TEST - SMND","article_publisher":"https:\/\/www.facebook.com\/shrimataji","article_modified_time":"2026-02-06T17:04:39+00:00","og_image":[{"width":1500,"height":980,"url":"https:\/\/shrimataji.org\/test\/wp-content\/uploads\/2018\/07\/media_originals\/images\/shri-mataji-with-people\/shri-mataji-with-village-people-in-india.jpg","type":"image\/jpeg"}],"twitter_card":"summary_large_image","twitter_site":"@shrimataji","schema":{"@context":"https:\/\/schema.org","@graph":[{"@type":"WebPage","@id":"https:\/\/shrimataji.org\/test\/fr\/eveil-spirituel-en-masse\/","url":"https:\/\/shrimataji.org\/test\/fr\/eveil-spirituel-en-masse\/","name":"\u00c9veil spirituel en masse - TEST - SMND","isPartOf":{"@id":"https:\/\/shrimataji.org\/test\/#website"},"primaryImageOfPage":{"@id":"https:\/\/shrimataji.org\/test\/fr\/eveil-spirituel-en-masse\/#primaryimage"},"image":{"@id":"https:\/\/shrimataji.org\/test\/fr\/eveil-spirituel-en-masse\/#primaryimage"},"thumbnailUrl":"https:\/\/shrimataji.org\/test\/wp-content\/uploads\/2018\/07\/media_originals\/images\/shri-mataji-with-people\/shri-mataji-with-village-people-in-india.jpg","datePublished":"2020-04-13T17:41:10+00:00","dateModified":"2026-02-06T17:04:39+00:00","breadcrumb":{"@id":"https:\/\/shrimataji.org\/test\/fr\/eveil-spirituel-en-masse\/#breadcrumb"},"inLanguage":"en-US","potentialAction":[{"@type":"ReadAction","target":["https:\/\/shrimataji.org\/test\/fr\/eveil-spirituel-en-masse\/"]}]},{"@type":"ImageObject","inLanguage":"en-US","@id":"https:\/\/shrimataji.org\/test\/fr\/eveil-spirituel-en-masse\/#primaryimage","url":"https:\/\/shrimataji.org\/test\/wp-content\/uploads\/2018\/07\/media_originals\/images\/shri-mataji-with-people\/shri-mataji-with-village-people-in-india.jpg","contentUrl":"https:\/\/shrimataji.org\/test\/wp-content\/uploads\/2018\/07\/media_originals\/images\/shri-mataji-with-people\/shri-mataji-with-village-people-in-india.jpg","width":1500,"height":980},{"@type":"BreadcrumbList","@id":"https:\/\/shrimataji.org\/test\/fr\/eveil-spirituel-en-masse\/#breadcrumb","itemListElement":[{"@type":"ListItem","position":1,"name":"Home","item":"https:\/\/shrimataji.org\/test\/uk\/home-en\/"},{"@type":"ListItem","position":2,"name":"\u00c9veil spirituel en masse"}]},{"@type":"WebSite","@id":"https:\/\/shrimataji.org\/test\/#website","url":"https:\/\/shrimataji.org\/test\/","name":"Shri Mataji Nirmala Devi","description":"A Life Dedicated to Humanity","publisher":{"@id":"https:\/\/shrimataji.org\/test\/#\/schema\/person\/a1b3419c6585f164aa96da1ff85715d1"},"potentialAction":[{"@type":"SearchAction","target":{"@type":"EntryPoint","urlTemplate":"https:\/\/shrimataji.org\/test\/?s={search_term_string}"},"query-input":{"@type":"PropertyValueSpecification","valueRequired":true,"valueName":"search_term_string"}}],"inLanguage":"en-US"},{"@type":["Person","Organization"],"@id":"https:\/\/shrimataji.org\/test\/#\/schema\/person\/a1b3419c6585f164aa96da1ff85715d1","name":"Nirmala Shrivastava","image":{"@type":"ImageObject","inLanguage":"en-US","@id":"https:\/\/shrimataji.org\/test\/wp-content\/uploads\/2023\/02\/SMO_LOGO-03.svg","url":"https:\/\/shrimataji.org\/test\/wp-content\/uploads\/2023\/02\/SMO_LOGO-03.svg","contentUrl":"https:\/\/shrimataji.org\/test\/wp-content\/uploads\/2023\/02\/SMO_LOGO-03.svg","width":"1024","height":"1024","caption":"Nirmala Shrivastava"},"logo":{"@id":"https:\/\/shrimataji.org\/test\/wp-content\/uploads\/2023\/02\/SMO_LOGO-03.svg"},"sameAs":["https:\/\/shrimataji.org\/test","https:\/\/www.facebook.com\/shrimataji","https:\/\/x.com\/shrimataji","https:\/\/www.youtube.com\/@Shri_Mataji_Nirmala_Devi\/featured"]}]}},"lang":"fr","translations":{"fr":10795,"ur":37510,"en":3082,"am":18083,"th":20070,"hu":19572,"sq":18484,"zh":17381,"tr":10215,"pt":10423,"de":10697,"it":10893,"es":10990,"ja":11288,"ru":11476,"bn":11667,"te":11775,"sw":11898,"he":12046,"el":12338,"sk":12436,"fa":12534,"fi":12632,"bg":13430,"ro":14504,"cs":14697,"nl":16644,"ku":16804,"ar":16980,"be":18691,"kn":18965,"mr":20434,"uk":20728,"ml":21023,"ta":22803,"sv":23072,"gu":28906,"pa":29066,"fil":29521,"da":37818,"pl":38028,"nn":38370},"pll_sync_post":[],"_links":{"self":[{"href":"https:\/\/shrimataji.org\/test\/wp-json\/wp\/v2\/pages\/10795","targetHints":{"allow":["GET"]}}],"collection":[{"href":"https:\/\/shrimataji.org\/test\/wp-json\/wp\/v2\/pages"}],"about":[{"href":"https:\/\/shrimataji.org\/test\/wp-json\/wp\/v2\/types\/page"}],"author":[{"embeddable":true,"href":"https:\/\/shrimataji.org\/test\/wp-json\/wp\/v2\/users\/7"}],"replies":[{"embeddable":true,"href":"https:\/\/shrimataji.org\/test\/wp-json\/wp\/v2\/comments?post=10795"}],"version-history":[{"count":0,"href":"https:\/\/shrimataji.org\/test\/wp-json\/wp\/v2\/pages\/10795\/revisions"}],"wp:featuredmedia":[{"embeddable":true,"href":"https:\/\/shrimataji.org\/test\/wp-json\/wp\/v2\/media\/303"}],"wp:attachment":[{"href":"https:\/\/shrimataji.org\/test\/wp-json\/wp\/v2\/media?parent=10795"}],"curies":[{"name":"wp","href":"https:\/\/api.w.org\/{rel}","templated":true}]}}