{"id":10796,"date":"2022-01-29T10:35:29","date_gmt":"2022-01-29T10:35:29","guid":{"rendered":"https:\/\/test.shrimataji.org\/?page_id=6416"},"modified":"2026-02-16T13:11:59","modified_gmt":"2026-02-16T13:11:59","slug":"sushumna-nadi","status":"publish","type":"page","link":"https:\/\/shrimataji.org\/test\/fr\/sushumna-nadi\/","title":{"rendered":"Sushumna Nadi ou le canal central"},"content":{"rendered":"\n\n\t<h1>Sushumna Nadi ou le canal central<\/h1>\n<h2><strong>Le canal de l&#8217;\u00e9quilibre et de l&#8217;\u00e9volution<\/strong><\/h2>\n\t<h4>Notre canal \u00e9nerg\u00e9tique central, Sushumna Nadi en sanskrit, est \u00e9galement appel\u00e9 le chemin du milieu. Il prend naissance dans le sacrum, \u00e0 la base de notre colonne vert\u00e9brale, o\u00f9 se trouve l&#8217;\u00e9nergie <a href=\"https:\/\/shrimataji.org\/test\/fr\/la-kundalini\/\" target=\"_blank\" rel=\"noopener\">Kundalini<\/a>, et se fond dans le chakra du<a href=\"https:\/\/shrimataji.org\/test\/fr\/le-chakra-du-sahasrara\/\" target=\"_blank\" rel=\"noopener\"> Sahasrara<\/a>, situ\u00e9 dans le cerveau.<\/h4>\n<p>Le Sushumna Nadi ou canal \u00e9nerg\u00e9tique central soutient notre croissance spirituelle. Ce canal est tr\u00e8s d\u00e9velopp\u00e9 chez les \u00e2mes R\u00e9alis\u00e9es, ainsi que chez ceux qui suivent un chemin vertueux et respectent leurs qualit\u00e9s morales. L&#8217;activation du canal central apr\u00e8s la R\u00e9alisation du Soi permet aux qualit\u00e9s de l&#8217;\u00e9tat d&#8217;esprit vertueux, &#8216;sattwa guna&#8217; en sanskrit, de se manifester \u00e0 notre conscience. Cela nous aide \u00e0 \u00e9voluer continuellement en nous concentrant davantage sur les aspects subtils et positifs de la vie.<\/p>\n<figure itemscope itemtype=\"https:\/\/schema.org\/ImageObject\">\n\t\t\t\t<img decoding=\"async\" src=\"https:\/\/shrimataji.org\/test\/wp-content\/uploads\/2025\/11\/FR-0-1-Sushumna-Nadi-scaled.png\" alt=\"FR-0-1-Sushumna Nadi\" height=\"2560\" width=\"2416\" title=\"FR-0-1-Sushumna Nadi\" onerror=\"this.style.display='none'\" loading=\"lazy\" \/>\n\t<\/figure>\n\t\t<iframe loading=\"lazy\" title=\"Sushumna Nadi\" width=\"1920\" height=\"1080\" src=\"https:\/\/www.youtube.com\/embed\/1nBAQZ-X5Lk?feature=oembed\" frameborder=\"0\" allow=\"accelerometer; autoplay; clipboard-write; encrypted-media; gyroscope; picture-in-picture; web-share\" allowfullscreen><\/iframe>\t\n\t<p>L&#8217;aboutissement du canal central est le chakra du Sahasrara. Tout notre syst\u00e8me subtil est int\u00e9gr\u00e9 au chakra du Sahasrara, c&#8217;est \u00e0 dire toutes les caract\u00e9ristiques et qualit\u00e9s des chakras se retrouvent san notre cerveau. C&#8217;est le chakra le plus important pour notre croissance spirituelle et notre m\u00e9ditation, car c&#8217;est ici que notre connexion avec l&#8217;inconscient collectif est rendue possible. Il existe de nombreux noms dans les traditions spirituelles anciennes pour ce que Shri Mataji appelait aussi la <a href=\"https:\/\/shrimataji.org\/test\/fr\/la-paramchaitanya\/\" target=\"_blank\" rel=\"noopener\"><u>Paramchaitanya<\/u><\/a>. Il faut maintenir un \u00e9tat d&#8217;\u00e9quilibre entre les deux autres canaux lat\u00e9raux pour conserver le canal central libre de toute obstruction. Ensuite, le bon fonctionnement du canal Sushumna Nadi entretien \u00e0 son tour \u00a0l&#8217;\u00e9quilibre \u00e9nerg\u00e9tique subtil de tous les <a href=\"https:\/\/shrimataji.org\/test\/fr\/chakras-et-qualites\" target=\"_blank\" rel=\"noopener\"><u>chakras<\/u><\/a> et nadis.<\/p>\n<p>Shri Mataji a utilis\u00e9 des analogies tr\u00e8s simples pour aider les gens \u00e0 comprendre. Nous voulons utiliser nos canaux d&#8217;\u00e9nergie gauche et droit pour \u00e9quilibrer nos \u00e9motions, nos d\u00e9sirs et nos actions afin de vivre et profiter pleinement de notre vie. Une vie \u00e9quilibr\u00e9e et \u00e9panouie nous offre la possibilit\u00e9 de conna\u00eetre de vraies satisfactions et d&#8217;\u00e9voluer vers notre plus haut potentiel spirituel. Ainsi, nous pouvons vivre pleinement et en nous ressour\u00e7ant \u00e0 notre joie int\u00e9rieure.<\/p>\n\n","protected":false},"excerpt":{"rendered":"<p>Sushumna Nadi ou le canal central Le canal de l&#8217;\u00e9quilibre et de l&#8217;\u00e9volution Notre canal \u00e9nerg\u00e9tique central, Sushumna Nadi en sanskrit, est \u00e9galement appel\u00e9 le chemin du milieu. Il prend naissance dans le sacrum, \u00e0 la base de notre colonne vert\u00e9brale, o\u00f9 se trouve l&#8217;\u00e9nergie Kundalini, et se fond dans le chakra du Sahasrara, situ\u00e9&hellip; <br \/> <a class=\"read-more\" href=\"https:\/\/shrimataji.org\/test\/fr\/sushumna-nadi\/\">Read more<\/a><\/p>\n","protected":false},"author":7,"featured_media":9249,"parent":0,"menu_order":0,"comment_status":"closed","ping_status":"closed","template":"","meta":{"inline_featured_image":false,"footnotes":""},"class_list":["post-10796","page","type-page","status-publish","has-post-thumbnail","hentry"],"yoast_head":"<!-- This site is optimized with the Yoast SEO plugin v27.4 - https:\/\/yoast.com\/product\/yoast-seo-wordpress\/ -->\n<title>Sushumna Nadi ou le canal central - TEST - SMND<\/title>\n<meta name=\"robots\" content=\"noindex, follow, max-snippet:-1, max-image-preview:large, max-video-preview:-1\" \/>\n<meta property=\"og:locale\" content=\"en_US\" \/>\n<meta property=\"og:type\" content=\"article\" \/>\n<meta property=\"og:title\" content=\"Sushumna Nadi ou le canal central - TEST - SMND\" \/>\n<meta property=\"og:description\" content=\"Sushumna Nadi ou le canal central Le canal de l&#8217;\u00e9quilibre et de l&#8217;\u00e9volution Notre canal \u00e9nerg\u00e9tique central, Sushumna Nadi en sanskrit, est \u00e9galement appel\u00e9 le chemin du milieu. Il prend naissance dans le sacrum, \u00e0 la base de notre colonne vert\u00e9brale, o\u00f9 se trouve l&#8217;\u00e9nergie Kundalini, et se fond dans le chakra du Sahasrara, situ\u00e9&hellip; Read more\" \/>\n<meta property=\"og:url\" content=\"https:\/\/shrimataji.org\/test\/fr\/sushumna-nadi\/\" \/>\n<meta property=\"og:site_name\" content=\"TEST - SMND\" \/>\n<meta property=\"article:publisher\" content=\"https:\/\/www.facebook.com\/shrimataji\" \/>\n<meta property=\"article:modified_time\" content=\"2026-02-16T13:11:59+00:00\" \/>\n<meta property=\"og:image\" content=\"https:\/\/shrimataji.org\/test\/wp-content\/uploads\/2023\/03\/14_Banner-SY-Sushumna-scaled.jpg\" \/>\n\t<meta property=\"og:image:width\" content=\"2560\" \/>\n\t<meta property=\"og:image:height\" content=\"905\" \/>\n\t<meta property=\"og:image:type\" content=\"image\/jpeg\" \/>\n<meta name=\"twitter:card\" content=\"summary_large_image\" \/>\n<meta name=\"twitter:site\" content=\"@shrimataji\" \/>\n<meta name=\"twitter:label1\" content=\"Est. reading time\" \/>\n\t<meta name=\"twitter:data1\" content=\"2 minutes\" \/>\n<script type=\"application\/ld+json\" class=\"yoast-schema-graph\">{\"@context\":\"https:\\\/\\\/schema.org\",\"@graph\":[{\"@type\":\"WebPage\",\"@id\":\"https:\\\/\\\/shrimataji.org\\\/test\\\/fr\\\/sushumna-nadi\\\/\",\"url\":\"https:\\\/\\\/shrimataji.org\\\/test\\\/fr\\\/sushumna-nadi\\\/\",\"name\":\"Sushumna Nadi ou le canal central - TEST - SMND\",\"isPartOf\":{\"@id\":\"https:\\\/\\\/shrimataji.org\\\/test\\\/#website\"},\"primaryImageOfPage\":{\"@id\":\"https:\\\/\\\/shrimataji.org\\\/test\\\/fr\\\/sushumna-nadi\\\/#primaryimage\"},\"image\":{\"@id\":\"https:\\\/\\\/shrimataji.org\\\/test\\\/fr\\\/sushumna-nadi\\\/#primaryimage\"},\"thumbnailUrl\":\"https:\\\/\\\/shrimataji.org\\\/test\\\/wp-content\\\/uploads\\\/2023\\\/03\\\/14_Banner-SY-Sushumna-scaled.jpg\",\"datePublished\":\"2022-01-29T10:35:29+00:00\",\"dateModified\":\"2026-02-16T13:11:59+00:00\",\"breadcrumb\":{\"@id\":\"https:\\\/\\\/shrimataji.org\\\/test\\\/fr\\\/sushumna-nadi\\\/#breadcrumb\"},\"inLanguage\":\"en-US\",\"potentialAction\":[{\"@type\":\"ReadAction\",\"target\":[\"https:\\\/\\\/shrimataji.org\\\/test\\\/fr\\\/sushumna-nadi\\\/\"]}]},{\"@type\":\"ImageObject\",\"inLanguage\":\"en-US\",\"@id\":\"https:\\\/\\\/shrimataji.org\\\/test\\\/fr\\\/sushumna-nadi\\\/#primaryimage\",\"url\":\"https:\\\/\\\/shrimataji.org\\\/test\\\/wp-content\\\/uploads\\\/2023\\\/03\\\/14_Banner-SY-Sushumna-scaled.jpg\",\"contentUrl\":\"https:\\\/\\\/shrimataji.org\\\/test\\\/wp-content\\\/uploads\\\/2023\\\/03\\\/14_Banner-SY-Sushumna-scaled.jpg\",\"width\":2560,\"height\":905},{\"@type\":\"BreadcrumbList\",\"@id\":\"https:\\\/\\\/shrimataji.org\\\/test\\\/fr\\\/sushumna-nadi\\\/#breadcrumb\",\"itemListElement\":[{\"@type\":\"ListItem\",\"position\":1,\"name\":\"Home\",\"item\":\"https:\\\/\\\/shrimataji.org\\\/test\\\/uk\\\/home-en\\\/\"},{\"@type\":\"ListItem\",\"position\":2,\"name\":\"Sushumna Nadi ou le canal central\"}]},{\"@type\":\"WebSite\",\"@id\":\"https:\\\/\\\/shrimataji.org\\\/test\\\/#website\",\"url\":\"https:\\\/\\\/shrimataji.org\\\/test\\\/\",\"name\":\"Shri Mataji Nirmala Devi\",\"description\":\"A Life Dedicated to Humanity\",\"publisher\":{\"@id\":\"https:\\\/\\\/shrimataji.org\\\/test\\\/#\\\/schema\\\/person\\\/a1b3419c6585f164aa96da1ff85715d1\"},\"potentialAction\":[{\"@type\":\"SearchAction\",\"target\":{\"@type\":\"EntryPoint\",\"urlTemplate\":\"https:\\\/\\\/shrimataji.org\\\/test\\\/?s={search_term_string}\"},\"query-input\":{\"@type\":\"PropertyValueSpecification\",\"valueRequired\":true,\"valueName\":\"search_term_string\"}}],\"inLanguage\":\"en-US\"},{\"@type\":[\"Person\",\"Organization\"],\"@id\":\"https:\\\/\\\/shrimataji.org\\\/test\\\/#\\\/schema\\\/person\\\/a1b3419c6585f164aa96da1ff85715d1\",\"name\":\"Nirmala Shrivastava\",\"image\":{\"@type\":\"ImageObject\",\"inLanguage\":\"en-US\",\"@id\":\"https:\\\/\\\/shrimataji.org\\\/test\\\/wp-content\\\/uploads\\\/2023\\\/02\\\/SMO_LOGO-03.svg\",\"url\":\"https:\\\/\\\/shrimataji.org\\\/test\\\/wp-content\\\/uploads\\\/2023\\\/02\\\/SMO_LOGO-03.svg\",\"contentUrl\":\"https:\\\/\\\/shrimataji.org\\\/test\\\/wp-content\\\/uploads\\\/2023\\\/02\\\/SMO_LOGO-03.svg\",\"width\":\"1024\",\"height\":\"1024\",\"caption\":\"Nirmala Shrivastava\"},\"logo\":{\"@id\":\"https:\\\/\\\/shrimataji.org\\\/test\\\/wp-content\\\/uploads\\\/2023\\\/02\\\/SMO_LOGO-03.svg\"},\"sameAs\":[\"https:\\\/\\\/shrimataji.org\\\/test\",\"https:\\\/\\\/www.facebook.com\\\/shrimataji\",\"https:\\\/\\\/x.com\\\/shrimataji\",\"https:\\\/\\\/www.youtube.com\\\/@Shri_Mataji_Nirmala_Devi\\\/featured\"]}]}<\/script>\n<!-- \/ Yoast SEO plugin. -->","yoast_head_json":{"title":"Sushumna Nadi ou le canal central - TEST - SMND","robots":{"index":"noindex","follow":"follow","max-snippet":"max-snippet:-1","max-image-preview":"max-image-preview:large","max-video-preview":"max-video-preview:-1"},"og_locale":"en_US","og_type":"article","og_title":"Sushumna Nadi ou le canal central - TEST - SMND","og_description":"Sushumna Nadi ou le canal central Le canal de l&#8217;\u00e9quilibre et de l&#8217;\u00e9volution Notre canal \u00e9nerg\u00e9tique central, Sushumna Nadi en sanskrit, est \u00e9galement appel\u00e9 le chemin du milieu. Il prend naissance dans le sacrum, \u00e0 la base de notre colonne vert\u00e9brale, o\u00f9 se trouve l&#8217;\u00e9nergie Kundalini, et se fond dans le chakra du Sahasrara, situ\u00e9&hellip; Read more","og_url":"https:\/\/shrimataji.org\/test\/fr\/sushumna-nadi\/","og_site_name":"TEST - SMND","article_publisher":"https:\/\/www.facebook.com\/shrimataji","article_modified_time":"2026-02-16T13:11:59+00:00","og_image":[{"width":2560,"height":905,"url":"https:\/\/shrimataji.org\/test\/wp-content\/uploads\/2023\/03\/14_Banner-SY-Sushumna-scaled.jpg","type":"image\/jpeg"}],"twitter_card":"summary_large_image","twitter_site":"@shrimataji","twitter_misc":{"Est. reading time":"2 minutes"},"schema":{"@context":"https:\/\/schema.org","@graph":[{"@type":"WebPage","@id":"https:\/\/shrimataji.org\/test\/fr\/sushumna-nadi\/","url":"https:\/\/shrimataji.org\/test\/fr\/sushumna-nadi\/","name":"Sushumna Nadi ou le canal central - TEST - SMND","isPartOf":{"@id":"https:\/\/shrimataji.org\/test\/#website"},"primaryImageOfPage":{"@id":"https:\/\/shrimataji.org\/test\/fr\/sushumna-nadi\/#primaryimage"},"image":{"@id":"https:\/\/shrimataji.org\/test\/fr\/sushumna-nadi\/#primaryimage"},"thumbnailUrl":"https:\/\/shrimataji.org\/test\/wp-content\/uploads\/2023\/03\/14_Banner-SY-Sushumna-scaled.jpg","datePublished":"2022-01-29T10:35:29+00:00","dateModified":"2026-02-16T13:11:59+00:00","breadcrumb":{"@id":"https:\/\/shrimataji.org\/test\/fr\/sushumna-nadi\/#breadcrumb"},"inLanguage":"en-US","potentialAction":[{"@type":"ReadAction","target":["https:\/\/shrimataji.org\/test\/fr\/sushumna-nadi\/"]}]},{"@type":"ImageObject","inLanguage":"en-US","@id":"https:\/\/shrimataji.org\/test\/fr\/sushumna-nadi\/#primaryimage","url":"https:\/\/shrimataji.org\/test\/wp-content\/uploads\/2023\/03\/14_Banner-SY-Sushumna-scaled.jpg","contentUrl":"https:\/\/shrimataji.org\/test\/wp-content\/uploads\/2023\/03\/14_Banner-SY-Sushumna-scaled.jpg","width":2560,"height":905},{"@type":"BreadcrumbList","@id":"https:\/\/shrimataji.org\/test\/fr\/sushumna-nadi\/#breadcrumb","itemListElement":[{"@type":"ListItem","position":1,"name":"Home","item":"https:\/\/shrimataji.org\/test\/uk\/home-en\/"},{"@type":"ListItem","position":2,"name":"Sushumna Nadi ou le canal central"}]},{"@type":"WebSite","@id":"https:\/\/shrimataji.org\/test\/#website","url":"https:\/\/shrimataji.org\/test\/","name":"Shri Mataji Nirmala Devi","description":"A Life Dedicated to Humanity","publisher":{"@id":"https:\/\/shrimataji.org\/test\/#\/schema\/person\/a1b3419c6585f164aa96da1ff85715d1"},"potentialAction":[{"@type":"SearchAction","target":{"@type":"EntryPoint","urlTemplate":"https:\/\/shrimataji.org\/test\/?s={search_term_string}"},"query-input":{"@type":"PropertyValueSpecification","valueRequired":true,"valueName":"search_term_string"}}],"inLanguage":"en-US"},{"@type":["Person","Organization"],"@id":"https:\/\/shrimataji.org\/test\/#\/schema\/person\/a1b3419c6585f164aa96da1ff85715d1","name":"Nirmala Shrivastava","image":{"@type":"ImageObject","inLanguage":"en-US","@id":"https:\/\/shrimataji.org\/test\/wp-content\/uploads\/2023\/02\/SMO_LOGO-03.svg","url":"https:\/\/shrimataji.org\/test\/wp-content\/uploads\/2023\/02\/SMO_LOGO-03.svg","contentUrl":"https:\/\/shrimataji.org\/test\/wp-content\/uploads\/2023\/02\/SMO_LOGO-03.svg","width":"1024","height":"1024","caption":"Nirmala Shrivastava"},"logo":{"@id":"https:\/\/shrimataji.org\/test\/wp-content\/uploads\/2023\/02\/SMO_LOGO-03.svg"},"sameAs":["https:\/\/shrimataji.org\/test","https:\/\/www.facebook.com\/shrimataji","https:\/\/x.com\/shrimataji","https:\/\/www.youtube.com\/@Shri_Mataji_Nirmala_Devi\/featured"]}]}},"lang":"fr","translations":{"fr":10796,"ur":37511,"en":6416,"am":18085,"th":20073,"hu":19574,"sq":18486,"zh":17383,"hi":8315,"tr":10216,"pt":10424,"de":10698,"it":10894,"es":10991,"ja":11289,"ru":11477,"bn":11668,"te":11776,"sw":11899,"he":12047,"el":12339,"sk":12437,"fa":12535,"fi":12633,"bg":13380,"ro":14454,"cs":14647,"nl":16645,"ku":16805,"ar":16981,"be":18693,"kn":18967,"mr":20437,"uk":20730,"ml":21025,"ta":22804,"sv":23073,"gu":28908,"pa":29068,"fil":29522,"da":37819,"pl":38029,"nn":38371},"pll_sync_post":[],"_links":{"self":[{"href":"https:\/\/shrimataji.org\/test\/wp-json\/wp\/v2\/pages\/10796","targetHints":{"allow":["GET"]}}],"collection":[{"href":"https:\/\/shrimataji.org\/test\/wp-json\/wp\/v2\/pages"}],"about":[{"href":"https:\/\/shrimataji.org\/test\/wp-json\/wp\/v2\/types\/page"}],"author":[{"embeddable":true,"href":"https:\/\/shrimataji.org\/test\/wp-json\/wp\/v2\/users\/7"}],"replies":[{"embeddable":true,"href":"https:\/\/shrimataji.org\/test\/wp-json\/wp\/v2\/comments?post=10796"}],"version-history":[{"count":0,"href":"https:\/\/shrimataji.org\/test\/wp-json\/wp\/v2\/pages\/10796\/revisions"}],"wp:featuredmedia":[{"embeddable":true,"href":"https:\/\/shrimataji.org\/test\/wp-json\/wp\/v2\/media\/9249"}],"wp:attachment":[{"href":"https:\/\/shrimataji.org\/test\/wp-json\/wp\/v2\/media?parent=10796"}],"curies":[{"name":"wp","href":"https:\/\/api.w.org\/{rel}","templated":true}]}}