{"id":10797,"date":"2022-03-05T07:25:31","date_gmt":"2022-03-05T07:25:31","guid":{"rendered":"https:\/\/test.shrimataji.org\/?page_id=6484"},"modified":"2026-02-17T13:48:29","modified_gmt":"2026-02-17T13:48:29","slug":"le-chakra-du-swadhisthan","status":"publish","type":"page","link":"https:\/\/shrimataji.org\/test\/fr\/le-chakra-du-swadhisthan\/","title":{"rendered":"Le chakra du Swadhisthan"},"content":{"rendered":"\n\n\t<h1>Le chakra du Swadhisthan<\/h1>\n<h2>Intuition et cr\u00e9ativit\u00e9<\/h2>\n<h4>En grandissant, nous apprenons constamment de nouvelles choses.<\/h4>\n<p>Le deuxi\u00e8me centre est reli\u00e9 \u00e0 la source de notre cr\u00e9ativit\u00e9 intellectuelle et artistique. Il g\u00e8re l&#8217;attention qui nous donne la capacit\u00e9 de concentration. Il nous rend sensible \u00e0 l&#8217;esth\u00e9tique et nous permet de bien recevoir l&#8217;exp\u00e9rience de la beaut\u00e9 qui nous entoure. La spiritualit\u00e9 dont nous parlons ici est une perception directe de la r\u00e9alit\u00e9. C&#8217;est le si\u00e8ge de la pure connaissance spirituelle.<\/p>\n\t\t<iframe loading=\"lazy\" title=\"Swadhisthan Chakra\" width=\"1920\" height=\"1080\" src=\"https:\/\/www.youtube.com\/embed\/f4ta5ak6nMg?feature=oembed\" frameborder=\"0\" allow=\"accelerometer; autoplay; clipboard-write; encrypted-media; gyroscope; picture-in-picture; web-share\" allowfullscreen><\/iframe>\t\n\t<strong>Emplacement<\/strong>:<strong><br \/>\n<\/strong>Le chakra du Swadisthan est situ\u00e9 dans le plexus aortique, au-dessus de l&#8217;os du sacrum. Ce chakra contr\u00f4le le fonctionnement de la partie basse du foie, des reins, de la rate, du pancr\u00e9as et des organes reproducteurs f\u00e9minins. Les vibrations du chakra du Swadisthan peuvent \u00eatre ressenties sur les pouces des deux mains et sur les pieds, c&#8217;est le doigt du milieu.\n<strong>Couleur<\/strong>:<strong><br \/>\n<\/strong>Le chakra du Swadisthan est repr\u00e9sent\u00e9 par la couleur jaune. L&#8217;\u00e9l\u00e9ment qui lui est associ\u00e9 est le feu.<br \/>\n<strong>Les qualit\u00e9s du chakra du Swadisthan sont les suivantes:<\/strong><br \/>\n\u2022 Cr\u00e9ativit\u00e9<br \/>\n\u2022 Sens esth\u00e9tique<br \/>\n\u2022 Inspiration<br \/>\n\u2022 Concentration<br \/>\n\u2022 Cr\u00e9ation intellectuelle<br \/>\n\u2022 Attention pure<br \/>\n\u2022\u00a0 Connaissance pure et spirituelle\n<figure itemscope itemtype=\"https:\/\/schema.org\/ImageObject\">\n\t\t\t\t<img decoding=\"async\" src=\"https:\/\/shrimataji.org\/test\/wp-content\/uploads\/2023\/02\/2-Swadhisthan-01.png\" alt=\"2-Swadhisthan-01\" height=\"3426\" width=\"3214\" title=\"2-Swadhisthan-01\" onerror=\"this.style.display='none'\" loading=\"lazy\" \/>\n\t<\/figure>\n\t<p>La qualit\u00e9 fondamentale du Swadisthan est la cr\u00e9ativit\u00e9. Le chakra du Swadisthan gouverne \u00e9galement l&#8217;attention, l&#8217;inspiration et la connaissance pure. Lorsque nous nous ouvrons aux qualit\u00e9s du chakra Swadisthan, nous d\u00e9couvrons la beaut\u00e9 et la puissance de la cr\u00e9ativit\u00e9.<\/p>\n<strong>Exp\u00e9rience et avantages<\/strong><br \/>\nLa fonction physiologique la plus importante du chakra Swadisthan est la d\u00e9composition des particules de graisse dans l&#8217;abdomen pour remplacer la mati\u00e8re grise et blanche du cerveau &#8211; la mati\u00e8re de la &#8220;pens\u00e9e&#8221;.\n<p>L&#8217;exc\u00e8s de r\u00e9flexion et de planification est tr\u00e8s courant dans le monde actuel. En fin de compte, le c\u00f4t\u00e9 droit du chakra du Swadhisthan peut s&#8217;\u00e9puiser par un surplus de pens\u00e9es. Lorsque cela se produit, vous pouvez constater que votre cr\u00e9ativit\u00e9 faiblit et que votre travail devient sans vie. Vous risquez de ne plus conna\u00eetre la spontan\u00e9it\u00e9 et la joie.<\/p>\n<p>Cela se produit parce que votre chakra du Swadhisthan n\u00e9glige d&#8217;autres organes dont il devrait s&#8217;occuper afin de reconstituer la mati\u00e8re c\u00e9r\u00e9brale que vous avez perdue \u00e0 cause d&#8217;un exc\u00e8s de pens\u00e9es.<\/p>\n<p>Par exemple, votre foie doit travailler plus dur pour produire des cellules graisseuses afin de r\u00e9pondre \u00e0 la demande de votre corps. Comme le foie est le si\u00e8ge de l&#8217;attention, vous perdez votre capacit\u00e9 \u00e0 bien vous concentrer.<\/p>\n<p>Il est important de savoir ce qu&#8217;est l&#8217;attention. L&#8217;attention signifie l&#8217;observation ou l&#8217;\u00e9coute attentive. Il s&#8217;agit d&#8217;une concentration pure sur un objet, <strong>sans pens\u00e9e.<\/strong> L&#8217;attention est la concentration, l&#8217;observation.<\/p>\n<p>Par exemple, vous pouvez porter votre attention sur une fleur, appr\u00e9cier sa beaut\u00e9 et son parfum, sans y penser. Vous l&#8217;observez et vous vous en \u00e9merveillez sans vous poser de questions telles que: &#8220;Quel est le nom de cette fleur ?&#8221; ou &#8220;Je me demande si c&#8217;est une annuelle ou une vivace.&#8221;<\/p>\n<p>Un foie \u00e9quilibr\u00e9 soutient et nourrit votre capacit\u00e9 \u00e0 \u00eatre attentif. La paix et le calme qui vous aident \u00e0 m\u00e9diter efficacement proviennent de cette attention purifi\u00e9e.<\/p>\n<p>Lorsque le chakra du Swadhisthan est \u00e9quilibr\u00e9, les pens\u00e9es ne sont pas excessives. Vous \u00eates en mesure de maintenir un esprit paisible, exempt de soucis, de doutes, de confusion et de distractions. Le travail cr\u00e9atif que vous effectuez dans cet \u00e9tat d&#8217;\u00e9quilibre aura des vibrations et touchera la sensibilit\u00e9 des autres. Votre travail intellectuel sera plus efficace et aussi plus rapide.<\/p>\n<strong>Auto-\u00e9valuation<\/strong><strong><br \/>\n<\/strong>Si votre chakra du Swadhisthan est d\u00e9s\u00e9quilibr\u00e9, vous aurez peut-\u00eatre des difficult\u00e9s \u00e0 m\u00e9diter et un manque g\u00e9n\u00e9ral de cr\u00e9ativit\u00e9. Vous pouvez \u00e9galement souffrir d&#8217;insomnie et d&#8217;irritabilit\u00e9.\n<p><strong>Raisons des d\u00e9s\u00e9quilibres<\/strong><\/p>\n<ul>\n<li>La pens\u00e9e excessive, la planification et l&#8217;activit\u00e9 hyper-mentale \u00e9puisent ce centre. \u00c0 l&#8217;extr\u00eame, cela peut provoquer un \u00e9puisement mental et une fatigue extr\u00eame de notre corps physique.<\/li>\n<\/ul>\n<strong>Comment l&#8217;\u00e9quilibrer<\/strong><strong><br \/>\n<\/strong>Heureusement, la m\u00e9ditation offre un moyen simple d&#8217;\u00e9quilibrer ce chakra. Pour aider votre chakra Swadhisthan, vous devriez prendre un bain de pieds au quotidien dans une bassine d&#8217;eau sal\u00e9e \u00e0 temp\u00e9rature ambiante.\n<p>Si vous souhaitez nettoyer l&#8217;aspect droit du chakra du Swadhisthan, prenez un bain de pieds dans une bassine d&#8217;eau <strong>sal\u00e9e et froide<\/strong> pendant la m\u00e9ditation. Vous pouvez \u00e9galement placer une poche de glace au niveau du Swadhisthan droit, c&#8217;est \u00e0 dire juste au-dessus de l&#8217;endroit o\u00f9 votre torse est reli\u00e9 \u00e0 votre jambe droite.<\/p>\n<p>Pour nettoyer l&#8217;aspect gauche du chakra du Swadhisthan, <a href=\"https:\/\/shrimataji.org\/test\/wp-content\/uploads\/2026\/02\/Bain-de-pieds.pdf\" target=\"_blank\" rel=\"noopener\">prenez un bain de pieds<\/a> dans une bassine d&#8217;eau sal\u00e9e et froide pendant la m\u00e9ditation chaude pendant la m\u00e9ditation.<\/p>\n<p>Si vous avez des probl\u00e8mes persistants avec l&#8217;\u00e9quilibre de cet aspect gauche du chakra, vous pouvez essayer de le r\u00e9chauffer avec la flamme d&#8217;une bougie. Tenez la bougie dans la main droite, \u00e0 quelques centim\u00e8tres devant votre chakra du Swadhisthan gauche. Le chakra Swadhisthan gauche est situ\u00e9 juste au-dessus de l&#8217;endroit o\u00f9 votre torse est reli\u00e9 \u00e0 votre jambe gauche.<\/p>\n\n","protected":false},"excerpt":{"rendered":"<p>Le chakra du Swadhisthan Intuition et cr\u00e9ativit\u00e9 En grandissant, nous apprenons constamment de nouvelles choses. Le deuxi\u00e8me centre est reli\u00e9 \u00e0 la source de notre cr\u00e9ativit\u00e9 intellectuelle et artistique. Il g\u00e8re l&#8217;attention qui nous donne la capacit\u00e9 de concentration. Il nous rend sensible \u00e0 l&#8217;esth\u00e9tique et nous permet de bien recevoir l&#8217;exp\u00e9rience de la beaut\u00e9&hellip; <br \/> <a class=\"read-more\" href=\"https:\/\/shrimataji.org\/test\/fr\/le-chakra-du-swadhisthan\/\">Read more<\/a><\/p>\n","protected":false},"author":7,"featured_media":9252,"parent":0,"menu_order":0,"comment_status":"closed","ping_status":"closed","template":"","meta":{"inline_featured_image":false,"footnotes":""},"class_list":["post-10797","page","type-page","status-publish","has-post-thumbnail","hentry"],"yoast_head":"<!-- This site is optimized with the Yoast SEO plugin v27.4 - https:\/\/yoast.com\/product\/yoast-seo-wordpress\/ -->\n<title>Le chakra du Swadhisthan - TEST - SMND<\/title>\n<meta name=\"robots\" content=\"noindex, follow, max-snippet:-1, max-image-preview:large, max-video-preview:-1\" \/>\n<meta property=\"og:locale\" content=\"en_US\" \/>\n<meta property=\"og:type\" content=\"article\" \/>\n<meta property=\"og:title\" content=\"Le chakra du Swadhisthan - TEST - SMND\" \/>\n<meta property=\"og:description\" content=\"Le chakra du Swadhisthan Intuition et cr\u00e9ativit\u00e9 En grandissant, nous apprenons constamment de nouvelles choses. Le deuxi\u00e8me centre est reli\u00e9 \u00e0 la source de notre cr\u00e9ativit\u00e9 intellectuelle et artistique. Il g\u00e8re l&#8217;attention qui nous donne la capacit\u00e9 de concentration. Il nous rend sensible \u00e0 l&#8217;esth\u00e9tique et nous permet de bien recevoir l&#8217;exp\u00e9rience de la beaut\u00e9&hellip; Read more\" \/>\n<meta property=\"og:url\" content=\"https:\/\/shrimataji.org\/test\/fr\/le-chakra-du-swadhisthan\/\" \/>\n<meta property=\"og:site_name\" content=\"TEST - SMND\" \/>\n<meta property=\"article:publisher\" content=\"https:\/\/www.facebook.com\/shrimataji\" \/>\n<meta property=\"article:modified_time\" content=\"2026-02-17T13:48:29+00:00\" \/>\n<meta property=\"og:image\" content=\"https:\/\/shrimataji.org\/test\/wp-content\/uploads\/2023\/03\/17_Banner-SY-Chakra-swad-scaled.jpg\" \/>\n\t<meta property=\"og:image:width\" content=\"2560\" \/>\n\t<meta property=\"og:image:height\" content=\"905\" \/>\n\t<meta property=\"og:image:type\" content=\"image\/jpeg\" \/>\n<meta name=\"twitter:card\" content=\"summary_large_image\" \/>\n<meta name=\"twitter:site\" content=\"@shrimataji\" \/>\n<meta name=\"twitter:label1\" content=\"Est. reading time\" \/>\n\t<meta name=\"twitter:data1\" content=\"4 minutes\" \/>\n<script type=\"application\/ld+json\" class=\"yoast-schema-graph\">{\"@context\":\"https:\\\/\\\/schema.org\",\"@graph\":[{\"@type\":\"WebPage\",\"@id\":\"https:\\\/\\\/shrimataji.org\\\/test\\\/fr\\\/le-chakra-du-swadhisthan\\\/\",\"url\":\"https:\\\/\\\/shrimataji.org\\\/test\\\/fr\\\/le-chakra-du-swadhisthan\\\/\",\"name\":\"Le chakra du Swadhisthan - TEST - SMND\",\"isPartOf\":{\"@id\":\"https:\\\/\\\/shrimataji.org\\\/test\\\/#website\"},\"primaryImageOfPage\":{\"@id\":\"https:\\\/\\\/shrimataji.org\\\/test\\\/fr\\\/le-chakra-du-swadhisthan\\\/#primaryimage\"},\"image\":{\"@id\":\"https:\\\/\\\/shrimataji.org\\\/test\\\/fr\\\/le-chakra-du-swadhisthan\\\/#primaryimage\"},\"thumbnailUrl\":\"https:\\\/\\\/shrimataji.org\\\/test\\\/wp-content\\\/uploads\\\/2023\\\/03\\\/17_Banner-SY-Chakra-swad-scaled.jpg\",\"datePublished\":\"2022-03-05T07:25:31+00:00\",\"dateModified\":\"2026-02-17T13:48:29+00:00\",\"breadcrumb\":{\"@id\":\"https:\\\/\\\/shrimataji.org\\\/test\\\/fr\\\/le-chakra-du-swadhisthan\\\/#breadcrumb\"},\"inLanguage\":\"en-US\",\"potentialAction\":[{\"@type\":\"ReadAction\",\"target\":[\"https:\\\/\\\/shrimataji.org\\\/test\\\/fr\\\/le-chakra-du-swadhisthan\\\/\"]}]},{\"@type\":\"ImageObject\",\"inLanguage\":\"en-US\",\"@id\":\"https:\\\/\\\/shrimataji.org\\\/test\\\/fr\\\/le-chakra-du-swadhisthan\\\/#primaryimage\",\"url\":\"https:\\\/\\\/shrimataji.org\\\/test\\\/wp-content\\\/uploads\\\/2023\\\/03\\\/17_Banner-SY-Chakra-swad-scaled.jpg\",\"contentUrl\":\"https:\\\/\\\/shrimataji.org\\\/test\\\/wp-content\\\/uploads\\\/2023\\\/03\\\/17_Banner-SY-Chakra-swad-scaled.jpg\",\"width\":2560,\"height\":905},{\"@type\":\"BreadcrumbList\",\"@id\":\"https:\\\/\\\/shrimataji.org\\\/test\\\/fr\\\/le-chakra-du-swadhisthan\\\/#breadcrumb\",\"itemListElement\":[{\"@type\":\"ListItem\",\"position\":1,\"name\":\"Home\",\"item\":\"https:\\\/\\\/shrimataji.org\\\/test\\\/uk\\\/home-en\\\/\"},{\"@type\":\"ListItem\",\"position\":2,\"name\":\"Le chakra du Swadhisthan\"}]},{\"@type\":\"WebSite\",\"@id\":\"https:\\\/\\\/shrimataji.org\\\/test\\\/#website\",\"url\":\"https:\\\/\\\/shrimataji.org\\\/test\\\/\",\"name\":\"Shri Mataji Nirmala Devi\",\"description\":\"A Life Dedicated to Humanity\",\"publisher\":{\"@id\":\"https:\\\/\\\/shrimataji.org\\\/test\\\/#\\\/schema\\\/person\\\/a1b3419c6585f164aa96da1ff85715d1\"},\"potentialAction\":[{\"@type\":\"SearchAction\",\"target\":{\"@type\":\"EntryPoint\",\"urlTemplate\":\"https:\\\/\\\/shrimataji.org\\\/test\\\/?s={search_term_string}\"},\"query-input\":{\"@type\":\"PropertyValueSpecification\",\"valueRequired\":true,\"valueName\":\"search_term_string\"}}],\"inLanguage\":\"en-US\"},{\"@type\":[\"Person\",\"Organization\"],\"@id\":\"https:\\\/\\\/shrimataji.org\\\/test\\\/#\\\/schema\\\/person\\\/a1b3419c6585f164aa96da1ff85715d1\",\"name\":\"Nirmala Shrivastava\",\"image\":{\"@type\":\"ImageObject\",\"inLanguage\":\"en-US\",\"@id\":\"https:\\\/\\\/shrimataji.org\\\/test\\\/wp-content\\\/uploads\\\/2023\\\/02\\\/SMO_LOGO-03.svg\",\"url\":\"https:\\\/\\\/shrimataji.org\\\/test\\\/wp-content\\\/uploads\\\/2023\\\/02\\\/SMO_LOGO-03.svg\",\"contentUrl\":\"https:\\\/\\\/shrimataji.org\\\/test\\\/wp-content\\\/uploads\\\/2023\\\/02\\\/SMO_LOGO-03.svg\",\"width\":\"1024\",\"height\":\"1024\",\"caption\":\"Nirmala Shrivastava\"},\"logo\":{\"@id\":\"https:\\\/\\\/shrimataji.org\\\/test\\\/wp-content\\\/uploads\\\/2023\\\/02\\\/SMO_LOGO-03.svg\"},\"sameAs\":[\"https:\\\/\\\/shrimataji.org\\\/test\",\"https:\\\/\\\/www.facebook.com\\\/shrimataji\",\"https:\\\/\\\/x.com\\\/shrimataji\",\"https:\\\/\\\/www.youtube.com\\\/@Shri_Mataji_Nirmala_Devi\\\/featured\"]}]}<\/script>\n<!-- \/ Yoast SEO plugin. -->","yoast_head_json":{"title":"Le chakra du Swadhisthan - TEST - SMND","robots":{"index":"noindex","follow":"follow","max-snippet":"max-snippet:-1","max-image-preview":"max-image-preview:large","max-video-preview":"max-video-preview:-1"},"og_locale":"en_US","og_type":"article","og_title":"Le chakra du Swadhisthan - TEST - SMND","og_description":"Le chakra du Swadhisthan Intuition et cr\u00e9ativit\u00e9 En grandissant, nous apprenons constamment de nouvelles choses. Le deuxi\u00e8me centre est reli\u00e9 \u00e0 la source de notre cr\u00e9ativit\u00e9 intellectuelle et artistique. Il g\u00e8re l&#8217;attention qui nous donne la capacit\u00e9 de concentration. Il nous rend sensible \u00e0 l&#8217;esth\u00e9tique et nous permet de bien recevoir l&#8217;exp\u00e9rience de la beaut\u00e9&hellip; Read more","og_url":"https:\/\/shrimataji.org\/test\/fr\/le-chakra-du-swadhisthan\/","og_site_name":"TEST - SMND","article_publisher":"https:\/\/www.facebook.com\/shrimataji","article_modified_time":"2026-02-17T13:48:29+00:00","og_image":[{"width":2560,"height":905,"url":"https:\/\/shrimataji.org\/test\/wp-content\/uploads\/2023\/03\/17_Banner-SY-Chakra-swad-scaled.jpg","type":"image\/jpeg"}],"twitter_card":"summary_large_image","twitter_site":"@shrimataji","twitter_misc":{"Est. reading time":"4 minutes"},"schema":{"@context":"https:\/\/schema.org","@graph":[{"@type":"WebPage","@id":"https:\/\/shrimataji.org\/test\/fr\/le-chakra-du-swadhisthan\/","url":"https:\/\/shrimataji.org\/test\/fr\/le-chakra-du-swadhisthan\/","name":"Le chakra du Swadhisthan - TEST - SMND","isPartOf":{"@id":"https:\/\/shrimataji.org\/test\/#website"},"primaryImageOfPage":{"@id":"https:\/\/shrimataji.org\/test\/fr\/le-chakra-du-swadhisthan\/#primaryimage"},"image":{"@id":"https:\/\/shrimataji.org\/test\/fr\/le-chakra-du-swadhisthan\/#primaryimage"},"thumbnailUrl":"https:\/\/shrimataji.org\/test\/wp-content\/uploads\/2023\/03\/17_Banner-SY-Chakra-swad-scaled.jpg","datePublished":"2022-03-05T07:25:31+00:00","dateModified":"2026-02-17T13:48:29+00:00","breadcrumb":{"@id":"https:\/\/shrimataji.org\/test\/fr\/le-chakra-du-swadhisthan\/#breadcrumb"},"inLanguage":"en-US","potentialAction":[{"@type":"ReadAction","target":["https:\/\/shrimataji.org\/test\/fr\/le-chakra-du-swadhisthan\/"]}]},{"@type":"ImageObject","inLanguage":"en-US","@id":"https:\/\/shrimataji.org\/test\/fr\/le-chakra-du-swadhisthan\/#primaryimage","url":"https:\/\/shrimataji.org\/test\/wp-content\/uploads\/2023\/03\/17_Banner-SY-Chakra-swad-scaled.jpg","contentUrl":"https:\/\/shrimataji.org\/test\/wp-content\/uploads\/2023\/03\/17_Banner-SY-Chakra-swad-scaled.jpg","width":2560,"height":905},{"@type":"BreadcrumbList","@id":"https:\/\/shrimataji.org\/test\/fr\/le-chakra-du-swadhisthan\/#breadcrumb","itemListElement":[{"@type":"ListItem","position":1,"name":"Home","item":"https:\/\/shrimataji.org\/test\/uk\/home-en\/"},{"@type":"ListItem","position":2,"name":"Le chakra du Swadhisthan"}]},{"@type":"WebSite","@id":"https:\/\/shrimataji.org\/test\/#website","url":"https:\/\/shrimataji.org\/test\/","name":"Shri Mataji Nirmala Devi","description":"A Life Dedicated to Humanity","publisher":{"@id":"https:\/\/shrimataji.org\/test\/#\/schema\/person\/a1b3419c6585f164aa96da1ff85715d1"},"potentialAction":[{"@type":"SearchAction","target":{"@type":"EntryPoint","urlTemplate":"https:\/\/shrimataji.org\/test\/?s={search_term_string}"},"query-input":{"@type":"PropertyValueSpecification","valueRequired":true,"valueName":"search_term_string"}}],"inLanguage":"en-US"},{"@type":["Person","Organization"],"@id":"https:\/\/shrimataji.org\/test\/#\/schema\/person\/a1b3419c6585f164aa96da1ff85715d1","name":"Nirmala Shrivastava","image":{"@type":"ImageObject","inLanguage":"en-US","@id":"https:\/\/shrimataji.org\/test\/wp-content\/uploads\/2023\/02\/SMO_LOGO-03.svg","url":"https:\/\/shrimataji.org\/test\/wp-content\/uploads\/2023\/02\/SMO_LOGO-03.svg","contentUrl":"https:\/\/shrimataji.org\/test\/wp-content\/uploads\/2023\/02\/SMO_LOGO-03.svg","width":"1024","height":"1024","caption":"Nirmala Shrivastava"},"logo":{"@id":"https:\/\/shrimataji.org\/test\/wp-content\/uploads\/2023\/02\/SMO_LOGO-03.svg"},"sameAs":["https:\/\/shrimataji.org\/test","https:\/\/www.facebook.com\/shrimataji","https:\/\/x.com\/shrimataji","https:\/\/www.youtube.com\/@Shri_Mataji_Nirmala_Devi\/featured"]}]}},"lang":"fr","translations":{"fr":10797,"ur":37513,"en":6484,"am":18087,"th":20076,"hu":19576,"ar":16983,"sq":18488,"zh":17385,"hi":8323,"tr":10217,"pt":10425,"de":10699,"it":10895,"es":10992,"ja":11290,"ru":11478,"bn":11669,"te":11777,"sw":11900,"he":12048,"el":12340,"sk":12438,"fa":12536,"fi":12634,"bg":13374,"ro":14448,"cs":14641,"nl":16647,"ku":16807,"be":18695,"kn":18969,"mr":20440,"uk":20733,"ml":21028,"ta":22806,"sv":23075,"gu":28910,"pa":29070,"fil":29524,"da":37821,"pl":38031,"nn":38373},"pll_sync_post":[],"_links":{"self":[{"href":"https:\/\/shrimataji.org\/test\/wp-json\/wp\/v2\/pages\/10797","targetHints":{"allow":["GET"]}}],"collection":[{"href":"https:\/\/shrimataji.org\/test\/wp-json\/wp\/v2\/pages"}],"about":[{"href":"https:\/\/shrimataji.org\/test\/wp-json\/wp\/v2\/types\/page"}],"author":[{"embeddable":true,"href":"https:\/\/shrimataji.org\/test\/wp-json\/wp\/v2\/users\/7"}],"replies":[{"embeddable":true,"href":"https:\/\/shrimataji.org\/test\/wp-json\/wp\/v2\/comments?post=10797"}],"version-history":[{"count":0,"href":"https:\/\/shrimataji.org\/test\/wp-json\/wp\/v2\/pages\/10797\/revisions"}],"wp:featuredmedia":[{"embeddable":true,"href":"https:\/\/shrimataji.org\/test\/wp-json\/wp\/v2\/media\/9252"}],"wp:attachment":[{"href":"https:\/\/shrimataji.org\/test\/wp-json\/wp\/v2\/media?parent=10797"}],"curies":[{"name":"wp","href":"https:\/\/api.w.org\/{rel}","templated":true}]}}