{"id":10799,"date":"2012-10-02T12:00:00","date_gmt":"2012-10-02T12:00:00","guid":{"rendered":"http:\/\/testwordpress.nirmalnagari.org\/smnd\/index.php\/that-absolute-truth\/"},"modified":"2025-11-12T17:34:12","modified_gmt":"2025-11-12T17:34:12","slug":"cette-verite-absolue","status":"publish","type":"page","link":"https:\/\/shrimataji.org\/test\/fr\/cette-verite-absolue\/","title":{"rendered":"Cette v\u00e9rit\u00e9 absolue"},"content":{"rendered":"\n\n\t<h1>Cette v\u00e9rit\u00e9 absolue<\/h1>\n<h2>Un extrait du programme public du &#8216;D\u00e9partement d&#8217;\u00c9tudes Religieuses&#8217;<\/h2>\n<h2>Universit\u00e9 de Sydney, Australie, le 15 mars 1990<\/h2>\n\t<p>D\u00e8s le d\u00e9but, il nous faut savoir une chose : la v\u00e9rit\u00e9 est ce qu&#8217;elle est. Nous ne pouvons pas l&#8217;organiser, nous ne pouvons pas la classer, nous ne pouvons pas non plus la conceptualiser avec notre compr\u00e9hension humaine. Elle est, elle \u00e9tait et elle sera. L&#8217;essence de toutes les religions, si on la ram\u00e8ne \u00e0 une m\u00eame essence, c&#8217;est rechercher l&#8217;\u00e9ternel et traiter le transitoire avec toute la compr\u00e9hension n\u00e9cessaire.<\/p>\n\t\t\t\t<img decoding=\"async\" src=\"https:\/\/shrimataji.org\/test\/wp-content\/uploads\/2018\/07\/media_originals\/images\/shri-mataji-portraits\/shri-mataji-while-touring-india-1981-to-1982-1024x728.jpg\" alt=\"shri-mataji-while-touring-india-1981-to-1982\" itemprop=\"image\" height=\"728\" width=\"1024\" height=\"728\" width=\"1024\" title=\"shri-mataji-while-touring-india-1981-to-1982\" onerror=\"this.style.display='none'\" loading='lazy' \/>\n\t<p>La premi\u00e8re partie, la recherche de l&#8217;\u00e9ternel, est celle qui est difficile. L&#8217;\u00e9ternel est la v\u00e9rit\u00e9 mais qu&#8217;est-ce que la v\u00e9rit\u00e9 ? Maintenant, je m&#8217;adresse \u00e0 vous, qui \u00eates tous des gens tr\u00e8s au fait et tr\u00e8s bien instruits. Je dois vous demander d&#8217;avoir l&#8217;esprit ouvert, d&#8217;adopter un point de vue scientifique afin de voir par vous-m\u00eames si ce que je dis est la v\u00e9rit\u00e9 ou non. Faites-en l&#8217;exp\u00e9rience et prenez ce discours comme une hypoth\u00e8se. Et s&#8217;il s&#8217;av\u00e8re que c&#8217;est la v\u00e9rit\u00e9, alors, en toute honn\u00eatet\u00e9, il nous faut l&#8217;accepter.<\/p>\n<p>Il y a deux choses, qu&#8217;on pourrait ne pas accepter, mais qui existent. La premi\u00e8re, c&#8217;est que tout cet univers, toute cette cr\u00e9ation sont impr\u00e9gn\u00e9s, nourris, soign\u00e9s par le pouvoir omnipr\u00e9sent de l&#8217;amour de Dieu &#8211; en ces temps modernes, prononcer le nom de Dieu, c&#8217;est d\u00e9j\u00e0 trop &#8211; On appelle ce pouvoir Paramchaitanya en sanscrit, dans le Coran, c&#8217;est &#8220;Ruh&#8221;, dans la Bible, le Pouvoir omnipr\u00e9sent de l&#8217;amour de Dieu ou le Pouvoir omnipr\u00e9sent du Divin. Ce que nous appelons la spiritualit\u00e9, la divinit\u00e9, c&#8217;est l&#8217;essence de cela. C&#8217;est la premi\u00e8re v\u00e9rit\u00e9.<\/p>\n\t<p>Et la seconde v\u00e9rit\u00e9, c&#8217;est que nous ne sommes pas ce corps, ni ce mental, ni ces \u00e9motions, ni cet ego, ni ces pens\u00e9es. Au-del\u00e0 de cela, nous sommes l&#8217;Esprit, nous sommes le pur Esprit. Ce sont les deux choses dont parlent toutes les religions, quelle que soit la fa\u00e7on dont elles en ont parl\u00e9.<\/p>\n<p>Jadis, quand la recherche a commenc\u00e9 en Inde &#8211; l&#8217;Inde, compar\u00e9e aux autres pays, a certains privil\u00e8ges. D&#8217;abord, le climat est tellement doux qu&#8217;on peut vivre dans la jungle sans trop de probl\u00e8mes. Alors qu&#8217;en Occident, devrait-on dire, les gens ont commenc\u00e9 \u00e0 se d\u00e9velopper sur l&#8217;ext\u00e9rieur comme un arbre, les Indiens, eux, sont all\u00e9s vers l&#8217;int\u00e9rieur, vers leurs racines. Et ils ont d\u00e9couvert Sahaja Yoga il y a longtemps.<\/p>\n<p>Ce n&#8217;est pas quelque chose de moderne, c&#8217;est une ancienne m\u00e9thode attitr\u00e9e pour obtenir l&#8217;union avec le Divin, qui est le yoga. Sahaja signifie inn\u00e9 ; &#8221; saha&#8221; est avec, &#8220;ja&#8221; est n\u00e9. &#8220;Inn\u00e9&#8221;, cela signifie que c&#8217;est votre droit d&#8217;obtenir cette union avec la puissance divine.<\/p>\n\tMais &#8220;sahaja&#8221; signifie aussi spontan\u00e9, parce que c&#8217;est un pouvoir vivant qui est \u00e0 l&#8217;\u0153uvre. Il y a un pouvoir vivant en nous, qui a fait de nous des \u00eatres humains en partant du stade de l&#8217;amibe. Or, il y a un autre pouvoir r\u00e9siduel qui doit nous connecter au Divin. C&#8217;est la v\u00e9ritable signification du mot yoga. Et chaque \u00eatre humain a le droit d&#8217;\u00eatre uni \u00e0 cette puissance omnipr\u00e9sente. Donc, c&#8217;est la derni\u00e8re grande perc\u00e9e de notre \u00e9volution.\n<p>Au niveau humain, comme vous le savez, nous vivons dans un monde relatif. Certains disent que ceci est bien, d&#8217;autres que c&#8217;est cela qui est bien. C&#8217;est une lutte continuelle. Mais si c&#8217;est une v\u00e9rit\u00e9 absolue, il ne devrait pas y avoir deux opinions sur le sujet. Donc tr\u00e8s humblement, nous devons accepter que nous n&#8217;avons pas encore atteint la v\u00e9rit\u00e9 absolue qui prouve l&#8217;existence de Dieu, qui prouve l&#8217;existence de cette puissance omnipr\u00e9sente, qui prouve l&#8217;exactitude de ce que les grands proph\u00e8tes, les grandes incarnations nous ont enseign\u00e9.<\/p>\n\t<p><img loading=\"lazy\" decoding=\"async\" src=\"https:\/\/shrimataji.org\/test\/wp-content\/uploads\/2018\/07\/media_originals\/images\/shri-mataji-portraits\/shri-mataji-nirmala-devi-portrait.jpg\" alt=\"\" width=\"906\" height=\"598\" \/><\/p>\n\t<p>Bien s\u00fbr les religions ont suivi des diversions et des \u00e9carts, \u00e0 cause des efforts humains, et elles ont pu appara\u00eetre diff\u00e9rentes, mais elles \u00e9taient juste comme des fleurs sur l&#8217;Arbre de vie, \u00e0 diff\u00e9rents moments, selon les imp\u00e9ratifs du moment- le mot sanscrit pour cela est &#8220;samayachara&#8221; (pratique \u00e9tablie ou est-ce &#8220;samayika&#8221;: selon l&#8217;\u00e9poque?). Il y a une Manifestation en accord avec l&#8217;\u00e9poque, mais elles ont toutes \u00e9t\u00e9 cr\u00e9\u00e9es sur un seul Arbre de vie.<\/p>\n<p>Mais les gens ont cueilli ces fleurs et ont commenc\u00e9 \u00e0 dire : &#8220;C&#8217;est \u00e0 moi, c&#8217;est \u00e0 moi&#8221; et ils ont commenc\u00e9 \u00e0 se battre avec ces fleurs mortes. C&#8217;est pourquoi on voit surgir aujourd&#8217;hui le probl\u00e8me religieux.<\/p>\n\t<div class=\"su-quote su-quote-style-default\"><div class=\"su-quote-inner su-u-clearfix su-u-trim\"> Vous n&#8217;avez pas besoin d&#8217;avoir une foi aveugle pour quoi que ce soit. La foi aveugle m\u00e8ne au fanatisme. Vous ne devriez pas du tout avoir une foi aveugle. Vous devez en faire l&#8217;exp\u00e9rience. <\/div><\/div>\n\t<p>Il n&#8217;y avait rien de mal au sujet de ces saints, de ces proph\u00e8tes, de ces incarnations. Ils ont tous fait ce qui \u00e9tait le mieux pour nous, ils ont essay\u00e9 de nous dire, \u00e0 diff\u00e9rents moments, selon le stade de notre \u00e9volution, ce que nous devions faire. Mais, ils se sont surtout occup\u00e9s des choses transitoires : comment ne pas se livrer aux plaisirs \u00e9ph\u00e9m\u00e8res de la vie mais rechercher l&#8217;\u00e9ternel.<\/p>\n\n","protected":false},"excerpt":{"rendered":"<p>Cette v\u00e9rit\u00e9 absolue Un extrait du programme public du &#8216;D\u00e9partement d&#8217;\u00c9tudes Religieuses&#8217; Universit\u00e9 de Sydney, Australie, le 15 mars 1990 D\u00e8s le d\u00e9but, il nous faut savoir une chose : la v\u00e9rit\u00e9 est ce qu&#8217;elle est. Nous ne pouvons pas l&#8217;organiser, nous ne pouvons pas la classer, nous ne pouvons pas non plus la conceptualiser&hellip; <br \/> <a class=\"read-more\" href=\"https:\/\/shrimataji.org\/test\/fr\/cette-verite-absolue\/\">Read more<\/a><\/p>\n","protected":false},"author":7,"featured_media":133,"parent":0,"menu_order":0,"comment_status":"closed","ping_status":"closed","template":"","meta":{"inline_featured_image":false,"footnotes":""},"class_list":["post-10799","page","type-page","status-publish","has-post-thumbnail","hentry"],"yoast_head":"<!-- This site is optimized with the Yoast SEO plugin v27.4 - https:\/\/yoast.com\/product\/yoast-seo-wordpress\/ -->\n<title>Cette v\u00e9rit\u00e9 absolue - TEST - SMND<\/title>\n<meta name=\"robots\" content=\"noindex, follow, max-snippet:-1, max-image-preview:large, max-video-preview:-1\" \/>\n<meta property=\"og:locale\" content=\"en_US\" \/>\n<meta property=\"og:type\" content=\"article\" \/>\n<meta property=\"og:title\" content=\"Cette v\u00e9rit\u00e9 absolue - TEST - SMND\" \/>\n<meta property=\"og:description\" content=\"Cette v\u00e9rit\u00e9 absolue Un extrait du programme public du &#8216;D\u00e9partement d&#8217;\u00c9tudes Religieuses&#8217; Universit\u00e9 de Sydney, Australie, le 15 mars 1990 D\u00e8s le d\u00e9but, il nous faut savoir une chose : la v\u00e9rit\u00e9 est ce qu&#8217;elle est. Nous ne pouvons pas l&#8217;organiser, nous ne pouvons pas la classer, nous ne pouvons pas non plus la conceptualiser&hellip; Read more\" \/>\n<meta property=\"og:url\" content=\"https:\/\/shrimataji.org\/test\/fr\/cette-verite-absolue\/\" \/>\n<meta property=\"og:site_name\" content=\"TEST - SMND\" \/>\n<meta property=\"article:publisher\" content=\"https:\/\/www.facebook.com\/shrimataji\" \/>\n<meta property=\"article:modified_time\" content=\"2025-11-12T17:34:12+00:00\" \/>\n<meta property=\"og:image\" content=\"https:\/\/shrimataji.org\/test\/wp-content\/uploads\/2018\/07\/media_originals\/images\/headers-general\/pink-flower-soft.jpg\" \/>\n\t<meta property=\"og:image:width\" content=\"990\" \/>\n\t<meta property=\"og:image:height\" content=\"350\" \/>\n\t<meta property=\"og:image:type\" content=\"image\/jpeg\" \/>\n<meta name=\"twitter:card\" content=\"summary_large_image\" \/>\n<meta name=\"twitter:site\" content=\"@shrimataji\" \/>\n<script type=\"application\/ld+json\" class=\"yoast-schema-graph\">{\"@context\":\"https:\\\/\\\/schema.org\",\"@graph\":[{\"@type\":\"WebPage\",\"@id\":\"https:\\\/\\\/shrimataji.org\\\/test\\\/fr\\\/cette-verite-absolue\\\/\",\"url\":\"https:\\\/\\\/shrimataji.org\\\/test\\\/fr\\\/cette-verite-absolue\\\/\",\"name\":\"Cette v\u00e9rit\u00e9 absolue - TEST - SMND\",\"isPartOf\":{\"@id\":\"https:\\\/\\\/shrimataji.org\\\/test\\\/#website\"},\"primaryImageOfPage\":{\"@id\":\"https:\\\/\\\/shrimataji.org\\\/test\\\/fr\\\/cette-verite-absolue\\\/#primaryimage\"},\"image\":{\"@id\":\"https:\\\/\\\/shrimataji.org\\\/test\\\/fr\\\/cette-verite-absolue\\\/#primaryimage\"},\"thumbnailUrl\":\"https:\\\/\\\/shrimataji.org\\\/test\\\/wp-content\\\/uploads\\\/2018\\\/07\\\/media_originals\\\/images\\\/headers-general\\\/pink-flower-soft.jpg\",\"datePublished\":\"2012-10-02T12:00:00+00:00\",\"dateModified\":\"2025-11-12T17:34:12+00:00\",\"breadcrumb\":{\"@id\":\"https:\\\/\\\/shrimataji.org\\\/test\\\/fr\\\/cette-verite-absolue\\\/#breadcrumb\"},\"inLanguage\":\"en-US\",\"potentialAction\":[{\"@type\":\"ReadAction\",\"target\":[\"https:\\\/\\\/shrimataji.org\\\/test\\\/fr\\\/cette-verite-absolue\\\/\"]}]},{\"@type\":\"ImageObject\",\"inLanguage\":\"en-US\",\"@id\":\"https:\\\/\\\/shrimataji.org\\\/test\\\/fr\\\/cette-verite-absolue\\\/#primaryimage\",\"url\":\"https:\\\/\\\/shrimataji.org\\\/test\\\/wp-content\\\/uploads\\\/2018\\\/07\\\/media_originals\\\/images\\\/headers-general\\\/pink-flower-soft.jpg\",\"contentUrl\":\"https:\\\/\\\/shrimataji.org\\\/test\\\/wp-content\\\/uploads\\\/2018\\\/07\\\/media_originals\\\/images\\\/headers-general\\\/pink-flower-soft.jpg\",\"width\":990,\"height\":350},{\"@type\":\"BreadcrumbList\",\"@id\":\"https:\\\/\\\/shrimataji.org\\\/test\\\/fr\\\/cette-verite-absolue\\\/#breadcrumb\",\"itemListElement\":[{\"@type\":\"ListItem\",\"position\":1,\"name\":\"Home\",\"item\":\"https:\\\/\\\/shrimataji.org\\\/test\\\/uk\\\/home-en\\\/\"},{\"@type\":\"ListItem\",\"position\":2,\"name\":\"Cette v\u00e9rit\u00e9 absolue\"}]},{\"@type\":\"WebSite\",\"@id\":\"https:\\\/\\\/shrimataji.org\\\/test\\\/#website\",\"url\":\"https:\\\/\\\/shrimataji.org\\\/test\\\/\",\"name\":\"Shri Mataji Nirmala Devi\",\"description\":\"A Life Dedicated to Humanity\",\"publisher\":{\"@id\":\"https:\\\/\\\/shrimataji.org\\\/test\\\/#\\\/schema\\\/person\\\/a1b3419c6585f164aa96da1ff85715d1\"},\"potentialAction\":[{\"@type\":\"SearchAction\",\"target\":{\"@type\":\"EntryPoint\",\"urlTemplate\":\"https:\\\/\\\/shrimataji.org\\\/test\\\/?s={search_term_string}\"},\"query-input\":{\"@type\":\"PropertyValueSpecification\",\"valueRequired\":true,\"valueName\":\"search_term_string\"}}],\"inLanguage\":\"en-US\"},{\"@type\":[\"Person\",\"Organization\"],\"@id\":\"https:\\\/\\\/shrimataji.org\\\/test\\\/#\\\/schema\\\/person\\\/a1b3419c6585f164aa96da1ff85715d1\",\"name\":\"Nirmala Shrivastava\",\"image\":{\"@type\":\"ImageObject\",\"inLanguage\":\"en-US\",\"@id\":\"https:\\\/\\\/shrimataji.org\\\/test\\\/wp-content\\\/uploads\\\/2023\\\/02\\\/SMO_LOGO-03.svg\",\"url\":\"https:\\\/\\\/shrimataji.org\\\/test\\\/wp-content\\\/uploads\\\/2023\\\/02\\\/SMO_LOGO-03.svg\",\"contentUrl\":\"https:\\\/\\\/shrimataji.org\\\/test\\\/wp-content\\\/uploads\\\/2023\\\/02\\\/SMO_LOGO-03.svg\",\"width\":\"1024\",\"height\":\"1024\",\"caption\":\"Nirmala Shrivastava\"},\"logo\":{\"@id\":\"https:\\\/\\\/shrimataji.org\\\/test\\\/wp-content\\\/uploads\\\/2023\\\/02\\\/SMO_LOGO-03.svg\"},\"sameAs\":[\"https:\\\/\\\/shrimataji.org\\\/test\",\"https:\\\/\\\/www.facebook.com\\\/shrimataji\",\"https:\\\/\\\/x.com\\\/shrimataji\",\"https:\\\/\\\/www.youtube.com\\\/@Shri_Mataji_Nirmala_Devi\\\/featured\"]}]}<\/script>\n<!-- \/ Yoast SEO plugin. -->","yoast_head_json":{"title":"Cette v\u00e9rit\u00e9 absolue - TEST - SMND","robots":{"index":"noindex","follow":"follow","max-snippet":"max-snippet:-1","max-image-preview":"max-image-preview:large","max-video-preview":"max-video-preview:-1"},"og_locale":"en_US","og_type":"article","og_title":"Cette v\u00e9rit\u00e9 absolue - TEST - SMND","og_description":"Cette v\u00e9rit\u00e9 absolue Un extrait du programme public du &#8216;D\u00e9partement d&#8217;\u00c9tudes Religieuses&#8217; Universit\u00e9 de Sydney, Australie, le 15 mars 1990 D\u00e8s le d\u00e9but, il nous faut savoir une chose : la v\u00e9rit\u00e9 est ce qu&#8217;elle est. Nous ne pouvons pas l&#8217;organiser, nous ne pouvons pas la classer, nous ne pouvons pas non plus la conceptualiser&hellip; Read more","og_url":"https:\/\/shrimataji.org\/test\/fr\/cette-verite-absolue\/","og_site_name":"TEST - SMND","article_publisher":"https:\/\/www.facebook.com\/shrimataji","article_modified_time":"2025-11-12T17:34:12+00:00","og_image":[{"width":990,"height":350,"url":"https:\/\/shrimataji.org\/test\/wp-content\/uploads\/2018\/07\/media_originals\/images\/headers-general\/pink-flower-soft.jpg","type":"image\/jpeg"}],"twitter_card":"summary_large_image","twitter_site":"@shrimataji","schema":{"@context":"https:\/\/schema.org","@graph":[{"@type":"WebPage","@id":"https:\/\/shrimataji.org\/test\/fr\/cette-verite-absolue\/","url":"https:\/\/shrimataji.org\/test\/fr\/cette-verite-absolue\/","name":"Cette v\u00e9rit\u00e9 absolue - TEST - SMND","isPartOf":{"@id":"https:\/\/shrimataji.org\/test\/#website"},"primaryImageOfPage":{"@id":"https:\/\/shrimataji.org\/test\/fr\/cette-verite-absolue\/#primaryimage"},"image":{"@id":"https:\/\/shrimataji.org\/test\/fr\/cette-verite-absolue\/#primaryimage"},"thumbnailUrl":"https:\/\/shrimataji.org\/test\/wp-content\/uploads\/2018\/07\/media_originals\/images\/headers-general\/pink-flower-soft.jpg","datePublished":"2012-10-02T12:00:00+00:00","dateModified":"2025-11-12T17:34:12+00:00","breadcrumb":{"@id":"https:\/\/shrimataji.org\/test\/fr\/cette-verite-absolue\/#breadcrumb"},"inLanguage":"en-US","potentialAction":[{"@type":"ReadAction","target":["https:\/\/shrimataji.org\/test\/fr\/cette-verite-absolue\/"]}]},{"@type":"ImageObject","inLanguage":"en-US","@id":"https:\/\/shrimataji.org\/test\/fr\/cette-verite-absolue\/#primaryimage","url":"https:\/\/shrimataji.org\/test\/wp-content\/uploads\/2018\/07\/media_originals\/images\/headers-general\/pink-flower-soft.jpg","contentUrl":"https:\/\/shrimataji.org\/test\/wp-content\/uploads\/2018\/07\/media_originals\/images\/headers-general\/pink-flower-soft.jpg","width":990,"height":350},{"@type":"BreadcrumbList","@id":"https:\/\/shrimataji.org\/test\/fr\/cette-verite-absolue\/#breadcrumb","itemListElement":[{"@type":"ListItem","position":1,"name":"Home","item":"https:\/\/shrimataji.org\/test\/uk\/home-en\/"},{"@type":"ListItem","position":2,"name":"Cette v\u00e9rit\u00e9 absolue"}]},{"@type":"WebSite","@id":"https:\/\/shrimataji.org\/test\/#website","url":"https:\/\/shrimataji.org\/test\/","name":"Shri Mataji Nirmala Devi","description":"A Life Dedicated to Humanity","publisher":{"@id":"https:\/\/shrimataji.org\/test\/#\/schema\/person\/a1b3419c6585f164aa96da1ff85715d1"},"potentialAction":[{"@type":"SearchAction","target":{"@type":"EntryPoint","urlTemplate":"https:\/\/shrimataji.org\/test\/?s={search_term_string}"},"query-input":{"@type":"PropertyValueSpecification","valueRequired":true,"valueName":"search_term_string"}}],"inLanguage":"en-US"},{"@type":["Person","Organization"],"@id":"https:\/\/shrimataji.org\/test\/#\/schema\/person\/a1b3419c6585f164aa96da1ff85715d1","name":"Nirmala Shrivastava","image":{"@type":"ImageObject","inLanguage":"en-US","@id":"https:\/\/shrimataji.org\/test\/wp-content\/uploads\/2023\/02\/SMO_LOGO-03.svg","url":"https:\/\/shrimataji.org\/test\/wp-content\/uploads\/2023\/02\/SMO_LOGO-03.svg","contentUrl":"https:\/\/shrimataji.org\/test\/wp-content\/uploads\/2023\/02\/SMO_LOGO-03.svg","width":"1024","height":"1024","caption":"Nirmala Shrivastava"},"logo":{"@id":"https:\/\/shrimataji.org\/test\/wp-content\/uploads\/2023\/02\/SMO_LOGO-03.svg"},"sameAs":["https:\/\/shrimataji.org\/test","https:\/\/www.facebook.com\/shrimataji","https:\/\/x.com\/shrimataji","https:\/\/www.youtube.com\/@Shri_Mataji_Nirmala_Devi\/featured"]}]}},"lang":"fr","translations":{"fr":10799,"ur":37515,"en":430,"am":18090,"th":20081,"hu":19580,"ar":16986,"sq":18491,"zh":17388,"tr":10219,"pt":10427,"de":10701,"it":10897,"es":10994,"ja":11292,"ru":11480,"bn":11671,"te":11779,"sw":11902,"he":12050,"el":12342,"sk":12440,"fa":12538,"fi":12636,"bg":13496,"ro":14571,"cs":14764,"nl":16650,"ku":16810,"be":18698,"kn":18972,"mr":20445,"uk":20738,"ml":21033,"ta":22809,"sv":23078,"gu":28913,"pa":29073,"fil":29527,"da":37823,"pl":38033,"nn":38375},"pll_sync_post":[],"_links":{"self":[{"href":"https:\/\/shrimataji.org\/test\/wp-json\/wp\/v2\/pages\/10799","targetHints":{"allow":["GET"]}}],"collection":[{"href":"https:\/\/shrimataji.org\/test\/wp-json\/wp\/v2\/pages"}],"about":[{"href":"https:\/\/shrimataji.org\/test\/wp-json\/wp\/v2\/types\/page"}],"author":[{"embeddable":true,"href":"https:\/\/shrimataji.org\/test\/wp-json\/wp\/v2\/users\/7"}],"replies":[{"embeddable":true,"href":"https:\/\/shrimataji.org\/test\/wp-json\/wp\/v2\/comments?post=10799"}],"version-history":[{"count":0,"href":"https:\/\/shrimataji.org\/test\/wp-json\/wp\/v2\/pages\/10799\/revisions"}],"wp:featuredmedia":[{"embeddable":true,"href":"https:\/\/shrimataji.org\/test\/wp-json\/wp\/v2\/media\/133"}],"wp:attachment":[{"href":"https:\/\/shrimataji.org\/test\/wp-json\/wp\/v2\/media?parent=10799"}],"curies":[{"name":"wp","href":"https:\/\/api.w.org\/{rel}","templated":true}]}}