{"id":10800,"date":"2022-01-29T09:27:08","date_gmt":"2022-01-29T09:27:08","guid":{"rendered":"https:\/\/test.shrimataji.org\/?page_id=6380"},"modified":"2026-02-07T11:43:43","modified_gmt":"2026-02-07T11:43:43","slug":"l-art-de-la-croissance-interieure","status":"publish","type":"page","link":"https:\/\/shrimataji.org\/test\/fr\/l-art-de-la-croissance-interieure\/","title":{"rendered":"L&#8217;art de la croissance int\u00e9rieure"},"content":{"rendered":"\n\n\t<h1>L&#8217;art de la croissance int\u00e9rieure<\/h1>\n<h2>D\u00e9couvrez votre v\u00e9ritable potentiel<\/h2>\n<div class=\"su-quote su-quote-style-default\"><div class=\"su-quote-inner su-u-clearfix su-u-trim\"> Une fois que vous avez commenc\u00e9 \u00e0 d\u00e9couvrir la croissance ext\u00e9rieure, celle que vous devez d\u00e9velopper, il doit y avoir une croissance int\u00e9rieure. Tout comme un arbre, lorsqu&#8217;il grandit, ses racines doivent se d\u00e9velopper. <\/div><\/div>\n<h4>Notre croissance int\u00e9rieure par la <a href=\"https:\/\/shrimataji.org\/test\/fr\/la-meditation-sahaja-yoga\/\" target=\"_blank\" rel=\"noopener\">m\u00e9ditation Sahaja Yoga<\/a> est enti\u00e8rement naturelle et spontan\u00e9e. Il n&#8217;existe aucune technique particuli\u00e8re pour forcer cette croissance int\u00e9rieure par l&#8217;intellect ou le mental. Tout comme il n&#8217;existe aucune technique particuli\u00e8re pour qu&#8217;une graine devienne une plante ou qu&#8217;une fleur devienne un fruit. C&#8217;est plut\u00f4t M\u00e8re Nature qui provoque spontan\u00e9ment tous ces \u00e9v\u00e9nements. Seule notre <a href=\"https:\/\/shrimataji.org\/test\/fr\/la-kundalini\/\" target=\"_blank\" rel=\"noopener\">Kundalini<\/a>, qui est une force nourrici\u00e8re maternelle, peut agir sur le syst\u00e8me subtil \u00e0 travers le r\u00e9seau complexe des <a href=\"https:\/\/shrimataji.org\/test\/fr\/chakras-et-qualites\" target=\"_blank\" rel=\"noopener\">chakras<\/a> et des <a href=\"https:\/\/shrimataji.org\/test\/fr\/les-nadis-et-les-trois-canaux\/\" target=\"_blank\" rel=\"noopener\">nadis<\/a> afin de d\u00e9velopper pleinement notre conscience spirituelle.<\/h4>\n<p>C&#8217;est gr\u00e2ce \u00e0 une conscience spirituelle totale que nous ne faisons plus qu&#8217;un avec notre v\u00e9ritable potentiel int\u00e9rieur, qui int\u00e8gre de mani\u00e8re holistique notre corps, notre mental, nos \u00e9motions et notre intellect. Avant la R\u00e9alisation du Soi, notre c\u0153ur d\u00e9sire quelque chose, notre intellect pense autre chose et notre corps r\u00e9agit diff\u00e9remment. La pratique r\u00e9guli\u00e8re de la m\u00e9ditation Sahaja Yoga \u00e9tablit une connexion subtile entre le c\u0153ur, l&#8217;attention, le mental, le corps et l&#8217;intellect, qui nous permet de vivre un \u00e9tat de fluidit\u00e9 parfait dans tous les aspects de notre vie.<\/p>\n<p>En atteignant cette harmonie int\u00e9rieure, nous constatons qu&#8217;elle a une influence profonde sur notre environnement, que ce soit au travail, dans notre famille ou dans la soci\u00e9t\u00e9 dans laquelle nous \u00e9voluons. Nous n&#8217;avons pas besoin de penser d&#8217;une mani\u00e8re particuli\u00e8re ou de dire quelque chose d&#8217;une mani\u00e8re particuli\u00e8re, mais nos auras spirituelles (il y a sept auras qui entourent notre chakra du c\u0153ur) s&#8217;\u00e9clairent et interagissent dynamiquement avec tout ce qui entoure notre vie.<\/p>\n<p>&nbsp;<\/p>\n<div class=\"su-quote su-quote-style-default\"><div class=\"su-quote-inner su-u-clearfix su-u-trim\"> Ce n&#8217;est rien d&#8217;autre que la croissance int\u00e9rieure de nos racines qui s&#8217;accomplit gr\u00e2ce \u00e0 l&#8217;ascension de la Kundalini&#8230; Il suffit donc de consacrer un peu de temps, de rejoindre le collectif et de progresser avec Sahaja Yoga. <\/div><\/div>\n<p>&nbsp;<\/p>\n\n","protected":false},"excerpt":{"rendered":"<p>L&#8217;art de la croissance int\u00e9rieure D\u00e9couvrez votre v\u00e9ritable potentiel Notre croissance int\u00e9rieure par la m\u00e9ditation Sahaja Yoga est enti\u00e8rement naturelle et spontan\u00e9e. Il n&#8217;existe aucune technique particuli\u00e8re pour forcer cette croissance int\u00e9rieure par l&#8217;intellect ou le mental. Tout comme il n&#8217;existe aucune technique particuli\u00e8re pour qu&#8217;une graine devienne une plante ou qu&#8217;une fleur devienne un&hellip; <br \/> <a class=\"read-more\" href=\"https:\/\/shrimataji.org\/test\/fr\/l-art-de-la-croissance-interieure\/\">Read more<\/a><\/p>\n","protected":false},"author":7,"featured_media":9258,"parent":0,"menu_order":0,"comment_status":"closed","ping_status":"closed","template":"","meta":{"inline_featured_image":false,"footnotes":""},"class_list":["post-10800","page","type-page","status-publish","has-post-thumbnail","hentry"],"yoast_head":"<!-- This site is optimized with the Yoast SEO plugin v27.4 - https:\/\/yoast.com\/product\/yoast-seo-wordpress\/ -->\n<title>L&#039;art de la croissance int\u00e9rieure - TEST - SMND<\/title>\n<meta name=\"robots\" content=\"noindex, follow, max-snippet:-1, max-image-preview:large, max-video-preview:-1\" \/>\n<meta property=\"og:locale\" content=\"en_US\" \/>\n<meta property=\"og:type\" content=\"article\" \/>\n<meta property=\"og:title\" content=\"L&#039;art de la croissance int\u00e9rieure - TEST - SMND\" \/>\n<meta property=\"og:description\" content=\"L&#8217;art de la croissance int\u00e9rieure D\u00e9couvrez votre v\u00e9ritable potentiel Notre croissance int\u00e9rieure par la m\u00e9ditation Sahaja Yoga est enti\u00e8rement naturelle et spontan\u00e9e. Il n&#8217;existe aucune technique particuli\u00e8re pour forcer cette croissance int\u00e9rieure par l&#8217;intellect ou le mental. Tout comme il n&#8217;existe aucune technique particuli\u00e8re pour qu&#8217;une graine devienne une plante ou qu&#8217;une fleur devienne un&hellip; Read more\" \/>\n<meta property=\"og:url\" content=\"https:\/\/shrimataji.org\/test\/fr\/l-art-de-la-croissance-interieure\/\" \/>\n<meta property=\"og:site_name\" content=\"TEST - SMND\" \/>\n<meta property=\"article:publisher\" content=\"https:\/\/www.facebook.com\/shrimataji\" \/>\n<meta property=\"article:modified_time\" content=\"2026-02-07T11:43:43+00:00\" \/>\n<meta property=\"og:image\" content=\"https:\/\/shrimataji.org\/test\/wp-content\/uploads\/2023\/03\/23_Banner-SY-Growth-scaled.jpg\" \/>\n\t<meta property=\"og:image:width\" content=\"2560\" \/>\n\t<meta property=\"og:image:height\" content=\"905\" \/>\n\t<meta property=\"og:image:type\" content=\"image\/jpeg\" \/>\n<meta name=\"twitter:card\" content=\"summary_large_image\" \/>\n<meta name=\"twitter:site\" content=\"@shrimataji\" \/>\n<meta name=\"twitter:label1\" content=\"Est. reading time\" \/>\n\t<meta name=\"twitter:data1\" content=\"2 minutes\" \/>\n<script type=\"application\/ld+json\" class=\"yoast-schema-graph\">{\"@context\":\"https:\\\/\\\/schema.org\",\"@graph\":[{\"@type\":\"WebPage\",\"@id\":\"https:\\\/\\\/shrimataji.org\\\/test\\\/fr\\\/l-art-de-la-croissance-interieure\\\/\",\"url\":\"https:\\\/\\\/shrimataji.org\\\/test\\\/fr\\\/l-art-de-la-croissance-interieure\\\/\",\"name\":\"L'art de la croissance int\u00e9rieure - TEST - SMND\",\"isPartOf\":{\"@id\":\"https:\\\/\\\/shrimataji.org\\\/test\\\/#website\"},\"primaryImageOfPage\":{\"@id\":\"https:\\\/\\\/shrimataji.org\\\/test\\\/fr\\\/l-art-de-la-croissance-interieure\\\/#primaryimage\"},\"image\":{\"@id\":\"https:\\\/\\\/shrimataji.org\\\/test\\\/fr\\\/l-art-de-la-croissance-interieure\\\/#primaryimage\"},\"thumbnailUrl\":\"https:\\\/\\\/shrimataji.org\\\/test\\\/wp-content\\\/uploads\\\/2023\\\/03\\\/23_Banner-SY-Growth-scaled.jpg\",\"datePublished\":\"2022-01-29T09:27:08+00:00\",\"dateModified\":\"2026-02-07T11:43:43+00:00\",\"breadcrumb\":{\"@id\":\"https:\\\/\\\/shrimataji.org\\\/test\\\/fr\\\/l-art-de-la-croissance-interieure\\\/#breadcrumb\"},\"inLanguage\":\"en-US\",\"potentialAction\":[{\"@type\":\"ReadAction\",\"target\":[\"https:\\\/\\\/shrimataji.org\\\/test\\\/fr\\\/l-art-de-la-croissance-interieure\\\/\"]}]},{\"@type\":\"ImageObject\",\"inLanguage\":\"en-US\",\"@id\":\"https:\\\/\\\/shrimataji.org\\\/test\\\/fr\\\/l-art-de-la-croissance-interieure\\\/#primaryimage\",\"url\":\"https:\\\/\\\/shrimataji.org\\\/test\\\/wp-content\\\/uploads\\\/2023\\\/03\\\/23_Banner-SY-Growth-scaled.jpg\",\"contentUrl\":\"https:\\\/\\\/shrimataji.org\\\/test\\\/wp-content\\\/uploads\\\/2023\\\/03\\\/23_Banner-SY-Growth-scaled.jpg\",\"width\":2560,\"height\":905},{\"@type\":\"BreadcrumbList\",\"@id\":\"https:\\\/\\\/shrimataji.org\\\/test\\\/fr\\\/l-art-de-la-croissance-interieure\\\/#breadcrumb\",\"itemListElement\":[{\"@type\":\"ListItem\",\"position\":1,\"name\":\"Home\",\"item\":\"https:\\\/\\\/shrimataji.org\\\/test\\\/uk\\\/home-en\\\/\"},{\"@type\":\"ListItem\",\"position\":2,\"name\":\"L&#8217;art de la croissance int\u00e9rieure\"}]},{\"@type\":\"WebSite\",\"@id\":\"https:\\\/\\\/shrimataji.org\\\/test\\\/#website\",\"url\":\"https:\\\/\\\/shrimataji.org\\\/test\\\/\",\"name\":\"Shri Mataji Nirmala Devi\",\"description\":\"A Life Dedicated to Humanity\",\"publisher\":{\"@id\":\"https:\\\/\\\/shrimataji.org\\\/test\\\/#\\\/schema\\\/person\\\/a1b3419c6585f164aa96da1ff85715d1\"},\"potentialAction\":[{\"@type\":\"SearchAction\",\"target\":{\"@type\":\"EntryPoint\",\"urlTemplate\":\"https:\\\/\\\/shrimataji.org\\\/test\\\/?s={search_term_string}\"},\"query-input\":{\"@type\":\"PropertyValueSpecification\",\"valueRequired\":true,\"valueName\":\"search_term_string\"}}],\"inLanguage\":\"en-US\"},{\"@type\":[\"Person\",\"Organization\"],\"@id\":\"https:\\\/\\\/shrimataji.org\\\/test\\\/#\\\/schema\\\/person\\\/a1b3419c6585f164aa96da1ff85715d1\",\"name\":\"Nirmala Shrivastava\",\"image\":{\"@type\":\"ImageObject\",\"inLanguage\":\"en-US\",\"@id\":\"https:\\\/\\\/shrimataji.org\\\/test\\\/wp-content\\\/uploads\\\/2023\\\/02\\\/SMO_LOGO-03.svg\",\"url\":\"https:\\\/\\\/shrimataji.org\\\/test\\\/wp-content\\\/uploads\\\/2023\\\/02\\\/SMO_LOGO-03.svg\",\"contentUrl\":\"https:\\\/\\\/shrimataji.org\\\/test\\\/wp-content\\\/uploads\\\/2023\\\/02\\\/SMO_LOGO-03.svg\",\"width\":\"1024\",\"height\":\"1024\",\"caption\":\"Nirmala Shrivastava\"},\"logo\":{\"@id\":\"https:\\\/\\\/shrimataji.org\\\/test\\\/wp-content\\\/uploads\\\/2023\\\/02\\\/SMO_LOGO-03.svg\"},\"sameAs\":[\"https:\\\/\\\/shrimataji.org\\\/test\",\"https:\\\/\\\/www.facebook.com\\\/shrimataji\",\"https:\\\/\\\/x.com\\\/shrimataji\",\"https:\\\/\\\/www.youtube.com\\\/@Shri_Mataji_Nirmala_Devi\\\/featured\"]}]}<\/script>\n<!-- \/ Yoast SEO plugin. -->","yoast_head_json":{"title":"L'art de la croissance int\u00e9rieure - TEST - SMND","robots":{"index":"noindex","follow":"follow","max-snippet":"max-snippet:-1","max-image-preview":"max-image-preview:large","max-video-preview":"max-video-preview:-1"},"og_locale":"en_US","og_type":"article","og_title":"L'art de la croissance int\u00e9rieure - TEST - SMND","og_description":"L&#8217;art de la croissance int\u00e9rieure D\u00e9couvrez votre v\u00e9ritable potentiel Notre croissance int\u00e9rieure par la m\u00e9ditation Sahaja Yoga est enti\u00e8rement naturelle et spontan\u00e9e. Il n&#8217;existe aucune technique particuli\u00e8re pour forcer cette croissance int\u00e9rieure par l&#8217;intellect ou le mental. Tout comme il n&#8217;existe aucune technique particuli\u00e8re pour qu&#8217;une graine devienne une plante ou qu&#8217;une fleur devienne un&hellip; Read more","og_url":"https:\/\/shrimataji.org\/test\/fr\/l-art-de-la-croissance-interieure\/","og_site_name":"TEST - SMND","article_publisher":"https:\/\/www.facebook.com\/shrimataji","article_modified_time":"2026-02-07T11:43:43+00:00","og_image":[{"width":2560,"height":905,"url":"https:\/\/shrimataji.org\/test\/wp-content\/uploads\/2023\/03\/23_Banner-SY-Growth-scaled.jpg","type":"image\/jpeg"}],"twitter_card":"summary_large_image","twitter_site":"@shrimataji","twitter_misc":{"Est. reading time":"2 minutes"},"schema":{"@context":"https:\/\/schema.org","@graph":[{"@type":"WebPage","@id":"https:\/\/shrimataji.org\/test\/fr\/l-art-de-la-croissance-interieure\/","url":"https:\/\/shrimataji.org\/test\/fr\/l-art-de-la-croissance-interieure\/","name":"L'art de la croissance int\u00e9rieure - TEST - SMND","isPartOf":{"@id":"https:\/\/shrimataji.org\/test\/#website"},"primaryImageOfPage":{"@id":"https:\/\/shrimataji.org\/test\/fr\/l-art-de-la-croissance-interieure\/#primaryimage"},"image":{"@id":"https:\/\/shrimataji.org\/test\/fr\/l-art-de-la-croissance-interieure\/#primaryimage"},"thumbnailUrl":"https:\/\/shrimataji.org\/test\/wp-content\/uploads\/2023\/03\/23_Banner-SY-Growth-scaled.jpg","datePublished":"2022-01-29T09:27:08+00:00","dateModified":"2026-02-07T11:43:43+00:00","breadcrumb":{"@id":"https:\/\/shrimataji.org\/test\/fr\/l-art-de-la-croissance-interieure\/#breadcrumb"},"inLanguage":"en-US","potentialAction":[{"@type":"ReadAction","target":["https:\/\/shrimataji.org\/test\/fr\/l-art-de-la-croissance-interieure\/"]}]},{"@type":"ImageObject","inLanguage":"en-US","@id":"https:\/\/shrimataji.org\/test\/fr\/l-art-de-la-croissance-interieure\/#primaryimage","url":"https:\/\/shrimataji.org\/test\/wp-content\/uploads\/2023\/03\/23_Banner-SY-Growth-scaled.jpg","contentUrl":"https:\/\/shrimataji.org\/test\/wp-content\/uploads\/2023\/03\/23_Banner-SY-Growth-scaled.jpg","width":2560,"height":905},{"@type":"BreadcrumbList","@id":"https:\/\/shrimataji.org\/test\/fr\/l-art-de-la-croissance-interieure\/#breadcrumb","itemListElement":[{"@type":"ListItem","position":1,"name":"Home","item":"https:\/\/shrimataji.org\/test\/uk\/home-en\/"},{"@type":"ListItem","position":2,"name":"L&#8217;art de la croissance int\u00e9rieure"}]},{"@type":"WebSite","@id":"https:\/\/shrimataji.org\/test\/#website","url":"https:\/\/shrimataji.org\/test\/","name":"Shri Mataji Nirmala Devi","description":"A Life Dedicated to Humanity","publisher":{"@id":"https:\/\/shrimataji.org\/test\/#\/schema\/person\/a1b3419c6585f164aa96da1ff85715d1"},"potentialAction":[{"@type":"SearchAction","target":{"@type":"EntryPoint","urlTemplate":"https:\/\/shrimataji.org\/test\/?s={search_term_string}"},"query-input":{"@type":"PropertyValueSpecification","valueRequired":true,"valueName":"search_term_string"}}],"inLanguage":"en-US"},{"@type":["Person","Organization"],"@id":"https:\/\/shrimataji.org\/test\/#\/schema\/person\/a1b3419c6585f164aa96da1ff85715d1","name":"Nirmala Shrivastava","image":{"@type":"ImageObject","inLanguage":"en-US","@id":"https:\/\/shrimataji.org\/test\/wp-content\/uploads\/2023\/02\/SMO_LOGO-03.svg","url":"https:\/\/shrimataji.org\/test\/wp-content\/uploads\/2023\/02\/SMO_LOGO-03.svg","contentUrl":"https:\/\/shrimataji.org\/test\/wp-content\/uploads\/2023\/02\/SMO_LOGO-03.svg","width":"1024","height":"1024","caption":"Nirmala Shrivastava"},"logo":{"@id":"https:\/\/shrimataji.org\/test\/wp-content\/uploads\/2023\/02\/SMO_LOGO-03.svg"},"sameAs":["https:\/\/shrimataji.org\/test","https:\/\/www.facebook.com\/shrimataji","https:\/\/x.com\/shrimataji","https:\/\/www.youtube.com\/@Shri_Mataji_Nirmala_Devi\/featured"]}]}},"lang":"fr","translations":{"fr":10800,"ur":37517,"en":6380,"am":18092,"th":20084,"hu":19582,"ar":16988,"sq":18493,"zh":17390,"hi":7883,"tr":10220,"pt":10428,"de":10702,"it":10898,"es":10995,"ja":11293,"ru":11481,"bn":11672,"te":11780,"sw":11903,"he":12051,"el":12343,"sk":12441,"fa":12539,"fi":12637,"bg":13405,"ro":14479,"cs":14672,"nl":16652,"ku":16812,"be":18700,"kn":18974,"mr":20448,"uk":20741,"ml":21036,"ta":22811,"sv":23080,"gu":28915,"pa":29075,"fil":29529,"da":37825,"pl":38035,"nn":38377},"pll_sync_post":[],"_links":{"self":[{"href":"https:\/\/shrimataji.org\/test\/wp-json\/wp\/v2\/pages\/10800","targetHints":{"allow":["GET"]}}],"collection":[{"href":"https:\/\/shrimataji.org\/test\/wp-json\/wp\/v2\/pages"}],"about":[{"href":"https:\/\/shrimataji.org\/test\/wp-json\/wp\/v2\/types\/page"}],"author":[{"embeddable":true,"href":"https:\/\/shrimataji.org\/test\/wp-json\/wp\/v2\/users\/7"}],"replies":[{"embeddable":true,"href":"https:\/\/shrimataji.org\/test\/wp-json\/wp\/v2\/comments?post=10800"}],"version-history":[{"count":0,"href":"https:\/\/shrimataji.org\/test\/wp-json\/wp\/v2\/pages\/10800\/revisions"}],"wp:featuredmedia":[{"embeddable":true,"href":"https:\/\/shrimataji.org\/test\/wp-json\/wp\/v2\/media\/9258"}],"wp:attachment":[{"href":"https:\/\/shrimataji.org\/test\/wp-json\/wp\/v2\/media?parent=10800"}],"curies":[{"name":"wp","href":"https:\/\/api.w.org\/{rel}","templated":true}]}}