{"id":10801,"date":"2018-07-10T06:54:50","date_gmt":"2018-07-10T06:54:50","guid":{"rendered":"http:\/\/testwordpress.nirmalnagari.org\/smnd\/index.php\/the-culmination\/"},"modified":"2026-02-07T15:26:43","modified_gmt":"2026-02-07T15:26:43","slug":"le-point-culminant","status":"publish","type":"page","link":"https:\/\/shrimataji.org\/test\/fr\/le-point-culminant\/","title":{"rendered":"Le point culminant"},"content":{"rendered":"\n\n\t<h1>Le point culminant<\/h1>\n<h2>Une humble v\u00e9n\u00e9ration<\/h2>\n\t<h4>Shri Mataji savait, d\u00e8s son plus jeune \u00e2ge, que le but ultime de sa vie \u00e9tait de contribuer \u00e0 l&#8217;\u00e9volution spirituelle de l&#8217;humanit\u00e9. Cependant ce n&#8217;est qu&#8217;\u00e0 47 ans, alors que ses deux filles \u00e9taient d\u00e9j\u00e0 mari\u00e9es, qu&#8217;elle s&#8217;est lanc\u00e9e dans ce qui est devenu l&#8217;\u0153uvre de sa vie.<\/h4>\n\t<p>Le tournant s&#8217;est produit \u00e0 Nargol, un petit village dans l&#8217;Etat du Gurajat en Inde. Le\u00a0<a href=\"https:\/\/shrimataji.org\/test\/fr\/un-moment-cle\/\" target=\"_blank\" rel=\"noopener\">5 mai 1970<\/a>,\u00a0apr\u00e8s un temps de m\u00e9ditation profonde, Shri Mataji a v\u00e9cu une profonde exp\u00e9rience de conscience et de v\u00e9rit\u00e9, qui a inspir\u00e9 ses actions pendant les 40 ann\u00e9es qui ont suivi.<\/p>\n<figure itemscope itemtype=\"https:\/\/schema.org\/ImageObject\">\n\t\t\t\t<img decoding=\"async\" src=\"https:\/\/shrimataji.org\/test\/wp-content\/uploads\/2018\/07\/media_originals\/images\/shri-mataji-teaching-sahaja-yoga\/shri-mataji-nirmala-devi-teaching-sahaja-yoga-meditation-in-india.jpg\" alt=\"Shri Mataji opettaa Sahaja Yoga -meditaatiota Intiassa\" height=\"541\" width=\"721\" title=\"Shri Mataji opettaa Sahaja Yoga -meditaatiota Intiassa\" onerror=\"this.style.display='none'\" loading=\"lazy\" \/>\n\t\t\n\t<\/figure>\n\t<p>D\u00e8s lors, Shri Mataji s&#8217;est consacr\u00e9e \u00e0 propager le message que la R\u00e9alisation du Soi est \u00e0 mettre \u00e0 la port\u00e9e de chaque personne qui le d\u00e9sire, par la pratique d&#8217;une forme de m\u00e9ditation simple qu&#8217;elle a appel\u00e9e Sahaja Yoga &#8211; un terme sanscrit qui signifie &#8220;l&#8217;union spontan\u00e9e&#8221; du Soi individuel avec l&#8217;\u00e9nergie cr\u00e9ative omnipr\u00e9sente de l&#8217;univers. Pour Shri Mataji, la R\u00e9alisation du Soi doit \u00eatre librement accessible \u00e0 tous et elle a montr\u00e9 comment transmettre l&#8217;exp\u00e9rience aux autres &#8220;comme une bougie en allumerait une autre.&#8221;<\/p>\n<p>Shri Mataji a d\u00e9marr\u00e9 avec un petit groupe d&#8217;ardents &#8216;chercheurs de la v\u00e9rit\u00e9&#8217; \u00e0 Bombay et \u00e0 Londres. Pendant cette p\u00e9riode et jusqu&#8217;au milieu des ann\u00e9es 1980, Shri Mataji \u00e9tait tr\u00e8s pr\u00e9sente et tr\u00e8s maternelle &#8211; cuisinant, mangeant, faisant ses courses, allant au cin\u00e9ma, sans parler des m\u00e9ditations r\u00e9guli\u00e8res, avec cette famille spirituelle grandissante.<\/p>\n\t<p>Son mari, Sir C.P. Srivastava, Secr\u00e9taire g\u00e9n\u00e9ral de l&#8217;organisation maritime de l&#8217;ONU, \u00e9tait au d\u00e9part surpris par la pratique publique de son \u00e9pouse. Mais en temps voulu, lui aussi, a \u00e9t\u00e9 inspir\u00e9 par sa compassion et son d\u00e9sir d&#8217;aider les autres. Il voyait sa femme accueillir des personnes chez eux, leur donner la R\u00e9alisation du Soi, prendre soin d&#8217;eux, et leur apprendre \u00e0 se soigner par les techniques de Sahaja Yoga. Apr\u00e8s l&#8217;une de ces rencontres, il a dit un jour :\u00a0 &#8220;J&#8217;ai commenc\u00e9 \u00e0 voir le miracle se produire&#8221;. Elle traitait un jeune homme avec grand soin et affection au moyen de Sahaja Yoga et le jeune homme a commenc\u00e9 \u00e0 se transformer&#8230;<\/p>\n\t<p>Alors que Shri Mataji avait d\u00e9j\u00e0 une position en vue en tant que femme d&#8217;un important diplomate, elle a commenc\u00e9, peu \u00e0 peu, \u00e0 jouer un r\u00f4le public grandissant- parlant lors d&#8217;\u00e9v\u00e8nements publics, donnant des interviews de presse, des conf\u00e9rences. Et par-dessus tout partageant l&#8217;exp\u00e9rience de la R\u00e9alisation du Soi avec toute personne qui le d\u00e9sirait. Elle attirait les gens partout o\u00f9 elle se rendait avec son message de la v\u00e9rit\u00e9, son \u00e9nergie in\u00e9puisable et son magnifique sens de l&#8217;humour.<\/p>\n<p>Lentement mais s\u00fbrement, la pratique de Sahaja Yoga s&#8217;est \u00e9tablie en Angleterre, en Inde, \u00e0 travers l&#8217;Europe, aux \u00c9tats-Unis puis dans le reste du monde.<\/p>\n<p>Dans les ann\u00e9es 1990, Shri Mataji est devenue une personnalit\u00e9 de renomm\u00e9e mondiale, attirant l&#8217;attention des m\u00e9dias l\u00e0 o\u00f9 elle se rendait, avec une succession d&#8217;hommages et de r\u00e9compenses. Elle a \u00e9t\u00e9 nomin\u00e9e pour le Prix Nobel de la paix et Claes Nobel, petit-neveu d&#8217;Alfred Nobel, de la &#8216;Fondation United Earth&#8217; a d\u00e9clar\u00e9 : &#8220;Shri Mataji nous donne le pouvoir de devenir les ma\u00eetres de notre propre destin.&#8221; <\/p>\n<p>Elle a \u00e9t\u00e9 invit\u00e9e \u00e0 parler au si\u00e8ge des Nations Unies \u00e0 New-York ainsi qu&#8217;\u00e0 la\u00a0 <a href=\"https:\/\/shrimataji.org\/test\/fr\/4eme-conference-sur-les-femmes-a-l-onu\/\" target=\"_blank\" rel=\"noopener\">Conf\u00e9rence des femmes de Beijing des Nations Unies en 1995<\/a>. Beaucoup de gouvernements r\u00e9gionaux et locaux ont instaur\u00e9 le 21 mars comme une journ\u00e9e en son honneur.<\/p>\n<p>Shri Mataji a fond\u00e9 des organisations non gouvernementales, dont l&#8217;H\u00f4pital international et le centre de recherches sur le cancer pr\u00e8s de Bombay ainsi que Nirmal Prem, une maison pour femmes sans ressources dans la banlieue de New Delhi. Aujourd&#8217;hui encore, ces fondations utilisent les techniques de Sahaja Yoga pour aider les gens \u00e0 surmonter des probl\u00e8mes tels qu&#8217;une maladie ou une addiction et \u00e0 retrouver la joie et un sens \u00e0 leur vie.<\/p>\n<p>Malgr\u00e9 sa c\u00e9l\u00e9brit\u00e9, Shri Mataji est rest\u00e9e la personne compatissante, aimable et humble qu&#8217;elle avait toujours \u00e9t\u00e9. Son objectif n&#8217;a jamais chang\u00e9 tout comme son message. Ainsi qu&#8217;elle l&#8217;a \u00e9crit dans son livre Les Temps Meta Modern Era\u00a0: &#8220;Il existe une joie omnipr\u00e9sente de l&#8217;amour divin et j&#8217;aimerais que tout le monde en b\u00e9n\u00e9ficie.&#8221;\u00a0<a href=\"#citation-ref-1\">[1]<\/a><\/p>\n<p>Shri Mataji a continu\u00e9 \u00e0 voyager dans le monde, jusqu&#8217;\u00e0 la fin de sa vie. Ceci m\u00eame si ses apparitions publiques ont diminu\u00e9 les derni\u00e8res ann\u00e9es pendant lesquelles elle a pass\u00e9 plus de temps avec sa famille proche.<\/p>\n<p>Le 23 f\u00e9vrier 2011, Shri Mataji est d\u00e9c\u00e9d\u00e9e \u00e0 l&#8217;\u00e2ge de 87 ans. Son h\u00e9ritage perdure car l&#8217;exp\u00e9rience de la R\u00e9alisation du Soi continue \u00e0 transformer d&#8217;innombrables vies.<\/p>\n<figure itemscope itemtype=\"https:\/\/schema.org\/ImageObject\">\n\t\t\t\t<img decoding=\"async\" src=\"https:\/\/shrimataji.org\/test\/wp-content\/uploads\/2026\/01\/Fr_Nirmaldham_inside.jpg\" alt=\"Nirmal Dham \u00e0 Delhi en Inde\" height=\"400\" width=\"600\" title=\"Fr_Nirmaldham_inside\" onerror=\"this.style.display='none'\" loading=\"lazy\" \/>\n\t\t<figcaption>Nirmal Dham \u00e0 Delhi en Inde<\/figcaption>\n\t<\/figure>\n<figure itemscope itemtype=\"https:\/\/schema.org\/ImageObject\">\n\t\t\t\t<img decoding=\"async\" src=\"https:\/\/shrimataji.org\/test\/wp-content\/uploads\/2026\/01\/Fr_Nirmaldham.jpg\" alt=\"Nirmal Dham \u00e0 Delhi en Inde\" height=\"521\" width=\"521\" title=\"Fr_Nirmaldham\" onerror=\"this.style.display='none'\" loading=\"lazy\" \/>\n\t\t<figcaption>Nirmal Dham \u00e0 Delhi en Inde<\/figcaption>\n\t<\/figure>\n\t<div class=\"su-quote su-quote-style-default\"><div class=\"su-quote-inner su-u-clearfix su-u-trim\">Il faut comprendre que nous sommes tous li\u00e9s par un principe de vie commun &#8230; celui de tous poss\u00e9der une Kundalini &#8230; nous devons respecter tous les gens, tous les \u00eatres humains, quelle que soit leur nationalit\u00e9, leur pays d&#8217;origine ou leur couleur de peau, car ils poss\u00e8dent tous une Kundalini. <\/div><\/div>\n\t<p>&nbsp;<\/p>\n<hr \/>\n<h3>1.\u00a0<a href=\"https:\/\/shrimataji.org\/test\/the-culmination\/#citation-ref-1\">^<\/a><a name=\"citation-note-1\"><\/a> Shri Mataji Nirmala Devi, &#8216;Les Temps Meta Modernes&#8217; Pune: Vishwa Nirmala Dharma, 1995.<\/h3>\n\n","protected":false},"excerpt":{"rendered":"<p>Le point culminant Une humble v\u00e9n\u00e9ration Shri Mataji savait, d\u00e8s son plus jeune \u00e2ge, que le but ultime de sa vie \u00e9tait de contribuer \u00e0 l&#8217;\u00e9volution spirituelle de l&#8217;humanit\u00e9. Cependant ce n&#8217;est qu&#8217;\u00e0 47 ans, alors que ses deux filles \u00e9taient d\u00e9j\u00e0 mari\u00e9es, qu&#8217;elle s&#8217;est lanc\u00e9e dans ce qui est devenu l&#8217;\u0153uvre de sa vie.&hellip; <br \/> <a class=\"read-more\" href=\"https:\/\/shrimataji.org\/test\/fr\/le-point-culminant\/\">Read more<\/a><\/p>\n","protected":false},"author":7,"featured_media":119,"parent":0,"menu_order":0,"comment_status":"closed","ping_status":"closed","template":"","meta":{"inline_featured_image":false,"footnotes":""},"class_list":["post-10801","page","type-page","status-publish","has-post-thumbnail","hentry"],"yoast_head":"<!-- This site is optimized with the Yoast SEO plugin v27.4 - https:\/\/yoast.com\/product\/yoast-seo-wordpress\/ -->\n<title>Le point culminant - TEST - SMND<\/title>\n<meta name=\"robots\" content=\"noindex, follow, max-snippet:-1, max-image-preview:large, max-video-preview:-1\" \/>\n<meta property=\"og:locale\" content=\"en_US\" \/>\n<meta property=\"og:type\" content=\"article\" \/>\n<meta property=\"og:title\" content=\"Le point culminant - TEST - SMND\" \/>\n<meta property=\"og:description\" content=\"Le point culminant Une humble v\u00e9n\u00e9ration Shri Mataji savait, d\u00e8s son plus jeune \u00e2ge, que le but ultime de sa vie \u00e9tait de contribuer \u00e0 l&#8217;\u00e9volution spirituelle de l&#8217;humanit\u00e9. Cependant ce n&#8217;est qu&#8217;\u00e0 47 ans, alors que ses deux filles \u00e9taient d\u00e9j\u00e0 mari\u00e9es, qu&#8217;elle s&#8217;est lanc\u00e9e dans ce qui est devenu l&#8217;\u0153uvre de sa vie.&hellip; Read more\" \/>\n<meta property=\"og:url\" content=\"https:\/\/shrimataji.org\/test\/fr\/le-point-culminant\/\" \/>\n<meta property=\"og:site_name\" content=\"TEST - SMND\" \/>\n<meta property=\"article:publisher\" content=\"https:\/\/www.facebook.com\/shrimataji\" \/>\n<meta property=\"article:modified_time\" content=\"2026-02-07T15:26:43+00:00\" \/>\n<meta property=\"og:image\" content=\"https:\/\/shrimataji.org\/test\/wp-content\/uploads\/2018\/07\/media_originals\/images\/headers-general\/shri-mataji-nirmala-devi-austria.jpg\" \/>\n\t<meta property=\"og:image:width\" content=\"990\" \/>\n\t<meta property=\"og:image:height\" content=\"350\" \/>\n\t<meta property=\"og:image:type\" content=\"image\/jpeg\" \/>\n<meta name=\"twitter:card\" content=\"summary_large_image\" \/>\n<meta name=\"twitter:site\" content=\"@shrimataji\" \/>\n<meta name=\"twitter:label1\" content=\"Est. reading time\" \/>\n\t<meta name=\"twitter:data1\" content=\"5 minutes\" \/>\n<script type=\"application\/ld+json\" class=\"yoast-schema-graph\">{\"@context\":\"https:\\\/\\\/schema.org\",\"@graph\":[{\"@type\":\"WebPage\",\"@id\":\"https:\\\/\\\/shrimataji.org\\\/test\\\/fr\\\/le-point-culminant\\\/\",\"url\":\"https:\\\/\\\/shrimataji.org\\\/test\\\/fr\\\/le-point-culminant\\\/\",\"name\":\"Le point culminant - TEST - SMND\",\"isPartOf\":{\"@id\":\"https:\\\/\\\/shrimataji.org\\\/test\\\/#website\"},\"primaryImageOfPage\":{\"@id\":\"https:\\\/\\\/shrimataji.org\\\/test\\\/fr\\\/le-point-culminant\\\/#primaryimage\"},\"image\":{\"@id\":\"https:\\\/\\\/shrimataji.org\\\/test\\\/fr\\\/le-point-culminant\\\/#primaryimage\"},\"thumbnailUrl\":\"https:\\\/\\\/shrimataji.org\\\/test\\\/wp-content\\\/uploads\\\/2018\\\/07\\\/media_originals\\\/images\\\/headers-general\\\/shri-mataji-nirmala-devi-austria.jpg\",\"datePublished\":\"2018-07-10T06:54:50+00:00\",\"dateModified\":\"2026-02-07T15:26:43+00:00\",\"breadcrumb\":{\"@id\":\"https:\\\/\\\/shrimataji.org\\\/test\\\/fr\\\/le-point-culminant\\\/#breadcrumb\"},\"inLanguage\":\"en-US\",\"potentialAction\":[{\"@type\":\"ReadAction\",\"target\":[\"https:\\\/\\\/shrimataji.org\\\/test\\\/fr\\\/le-point-culminant\\\/\"]}]},{\"@type\":\"ImageObject\",\"inLanguage\":\"en-US\",\"@id\":\"https:\\\/\\\/shrimataji.org\\\/test\\\/fr\\\/le-point-culminant\\\/#primaryimage\",\"url\":\"https:\\\/\\\/shrimataji.org\\\/test\\\/wp-content\\\/uploads\\\/2018\\\/07\\\/media_originals\\\/images\\\/headers-general\\\/shri-mataji-nirmala-devi-austria.jpg\",\"contentUrl\":\"https:\\\/\\\/shrimataji.org\\\/test\\\/wp-content\\\/uploads\\\/2018\\\/07\\\/media_originals\\\/images\\\/headers-general\\\/shri-mataji-nirmala-devi-austria.jpg\",\"width\":990,\"height\":350},{\"@type\":\"BreadcrumbList\",\"@id\":\"https:\\\/\\\/shrimataji.org\\\/test\\\/fr\\\/le-point-culminant\\\/#breadcrumb\",\"itemListElement\":[{\"@type\":\"ListItem\",\"position\":1,\"name\":\"Home\",\"item\":\"https:\\\/\\\/shrimataji.org\\\/test\\\/uk\\\/home-en\\\/\"},{\"@type\":\"ListItem\",\"position\":2,\"name\":\"Le point culminant\"}]},{\"@type\":\"WebSite\",\"@id\":\"https:\\\/\\\/shrimataji.org\\\/test\\\/#website\",\"url\":\"https:\\\/\\\/shrimataji.org\\\/test\\\/\",\"name\":\"Shri Mataji Nirmala Devi\",\"description\":\"A Life Dedicated to Humanity\",\"publisher\":{\"@id\":\"https:\\\/\\\/shrimataji.org\\\/test\\\/#\\\/schema\\\/person\\\/a1b3419c6585f164aa96da1ff85715d1\"},\"potentialAction\":[{\"@type\":\"SearchAction\",\"target\":{\"@type\":\"EntryPoint\",\"urlTemplate\":\"https:\\\/\\\/shrimataji.org\\\/test\\\/?s={search_term_string}\"},\"query-input\":{\"@type\":\"PropertyValueSpecification\",\"valueRequired\":true,\"valueName\":\"search_term_string\"}}],\"inLanguage\":\"en-US\"},{\"@type\":[\"Person\",\"Organization\"],\"@id\":\"https:\\\/\\\/shrimataji.org\\\/test\\\/#\\\/schema\\\/person\\\/a1b3419c6585f164aa96da1ff85715d1\",\"name\":\"Nirmala Shrivastava\",\"image\":{\"@type\":\"ImageObject\",\"inLanguage\":\"en-US\",\"@id\":\"https:\\\/\\\/shrimataji.org\\\/test\\\/wp-content\\\/uploads\\\/2023\\\/02\\\/SMO_LOGO-03.svg\",\"url\":\"https:\\\/\\\/shrimataji.org\\\/test\\\/wp-content\\\/uploads\\\/2023\\\/02\\\/SMO_LOGO-03.svg\",\"contentUrl\":\"https:\\\/\\\/shrimataji.org\\\/test\\\/wp-content\\\/uploads\\\/2023\\\/02\\\/SMO_LOGO-03.svg\",\"width\":\"1024\",\"height\":\"1024\",\"caption\":\"Nirmala Shrivastava\"},\"logo\":{\"@id\":\"https:\\\/\\\/shrimataji.org\\\/test\\\/wp-content\\\/uploads\\\/2023\\\/02\\\/SMO_LOGO-03.svg\"},\"sameAs\":[\"https:\\\/\\\/shrimataji.org\\\/test\",\"https:\\\/\\\/www.facebook.com\\\/shrimataji\",\"https:\\\/\\\/x.com\\\/shrimataji\",\"https:\\\/\\\/www.youtube.com\\\/@Shri_Mataji_Nirmala_Devi\\\/featured\"]}]}<\/script>\n<!-- \/ Yoast SEO plugin. -->","yoast_head_json":{"title":"Le point culminant - TEST - SMND","robots":{"index":"noindex","follow":"follow","max-snippet":"max-snippet:-1","max-image-preview":"max-image-preview:large","max-video-preview":"max-video-preview:-1"},"og_locale":"en_US","og_type":"article","og_title":"Le point culminant - TEST - SMND","og_description":"Le point culminant Une humble v\u00e9n\u00e9ration Shri Mataji savait, d\u00e8s son plus jeune \u00e2ge, que le but ultime de sa vie \u00e9tait de contribuer \u00e0 l&#8217;\u00e9volution spirituelle de l&#8217;humanit\u00e9. Cependant ce n&#8217;est qu&#8217;\u00e0 47 ans, alors que ses deux filles \u00e9taient d\u00e9j\u00e0 mari\u00e9es, qu&#8217;elle s&#8217;est lanc\u00e9e dans ce qui est devenu l&#8217;\u0153uvre de sa vie.&hellip; Read more","og_url":"https:\/\/shrimataji.org\/test\/fr\/le-point-culminant\/","og_site_name":"TEST - SMND","article_publisher":"https:\/\/www.facebook.com\/shrimataji","article_modified_time":"2026-02-07T15:26:43+00:00","og_image":[{"width":990,"height":350,"url":"https:\/\/shrimataji.org\/test\/wp-content\/uploads\/2018\/07\/media_originals\/images\/headers-general\/shri-mataji-nirmala-devi-austria.jpg","type":"image\/jpeg"}],"twitter_card":"summary_large_image","twitter_site":"@shrimataji","twitter_misc":{"Est. reading time":"5 minutes"},"schema":{"@context":"https:\/\/schema.org","@graph":[{"@type":"WebPage","@id":"https:\/\/shrimataji.org\/test\/fr\/le-point-culminant\/","url":"https:\/\/shrimataji.org\/test\/fr\/le-point-culminant\/","name":"Le point culminant - TEST - SMND","isPartOf":{"@id":"https:\/\/shrimataji.org\/test\/#website"},"primaryImageOfPage":{"@id":"https:\/\/shrimataji.org\/test\/fr\/le-point-culminant\/#primaryimage"},"image":{"@id":"https:\/\/shrimataji.org\/test\/fr\/le-point-culminant\/#primaryimage"},"thumbnailUrl":"https:\/\/shrimataji.org\/test\/wp-content\/uploads\/2018\/07\/media_originals\/images\/headers-general\/shri-mataji-nirmala-devi-austria.jpg","datePublished":"2018-07-10T06:54:50+00:00","dateModified":"2026-02-07T15:26:43+00:00","breadcrumb":{"@id":"https:\/\/shrimataji.org\/test\/fr\/le-point-culminant\/#breadcrumb"},"inLanguage":"en-US","potentialAction":[{"@type":"ReadAction","target":["https:\/\/shrimataji.org\/test\/fr\/le-point-culminant\/"]}]},{"@type":"ImageObject","inLanguage":"en-US","@id":"https:\/\/shrimataji.org\/test\/fr\/le-point-culminant\/#primaryimage","url":"https:\/\/shrimataji.org\/test\/wp-content\/uploads\/2018\/07\/media_originals\/images\/headers-general\/shri-mataji-nirmala-devi-austria.jpg","contentUrl":"https:\/\/shrimataji.org\/test\/wp-content\/uploads\/2018\/07\/media_originals\/images\/headers-general\/shri-mataji-nirmala-devi-austria.jpg","width":990,"height":350},{"@type":"BreadcrumbList","@id":"https:\/\/shrimataji.org\/test\/fr\/le-point-culminant\/#breadcrumb","itemListElement":[{"@type":"ListItem","position":1,"name":"Home","item":"https:\/\/shrimataji.org\/test\/uk\/home-en\/"},{"@type":"ListItem","position":2,"name":"Le point culminant"}]},{"@type":"WebSite","@id":"https:\/\/shrimataji.org\/test\/#website","url":"https:\/\/shrimataji.org\/test\/","name":"Shri Mataji Nirmala Devi","description":"A Life Dedicated to Humanity","publisher":{"@id":"https:\/\/shrimataji.org\/test\/#\/schema\/person\/a1b3419c6585f164aa96da1ff85715d1"},"potentialAction":[{"@type":"SearchAction","target":{"@type":"EntryPoint","urlTemplate":"https:\/\/shrimataji.org\/test\/?s={search_term_string}"},"query-input":{"@type":"PropertyValueSpecification","valueRequired":true,"valueName":"search_term_string"}}],"inLanguage":"en-US"},{"@type":["Person","Organization"],"@id":"https:\/\/shrimataji.org\/test\/#\/schema\/person\/a1b3419c6585f164aa96da1ff85715d1","name":"Nirmala Shrivastava","image":{"@type":"ImageObject","inLanguage":"en-US","@id":"https:\/\/shrimataji.org\/test\/wp-content\/uploads\/2023\/02\/SMO_LOGO-03.svg","url":"https:\/\/shrimataji.org\/test\/wp-content\/uploads\/2023\/02\/SMO_LOGO-03.svg","contentUrl":"https:\/\/shrimataji.org\/test\/wp-content\/uploads\/2023\/02\/SMO_LOGO-03.svg","width":"1024","height":"1024","caption":"Nirmala Shrivastava"},"logo":{"@id":"https:\/\/shrimataji.org\/test\/wp-content\/uploads\/2023\/02\/SMO_LOGO-03.svg"},"sameAs":["https:\/\/shrimataji.org\/test","https:\/\/www.facebook.com\/shrimataji","https:\/\/x.com\/shrimataji","https:\/\/www.youtube.com\/@Shri_Mataji_Nirmala_Devi\/featured"]}]}},"lang":"fr","translations":{"fr":10801,"ur":37519,"en":446,"am":18094,"th":20087,"hu":19585,"ar":16990,"sq":18495,"zh":17392,"tr":10221,"pt":10429,"de":10703,"it":10899,"es":10996,"ja":11294,"ru":11482,"bn":11673,"te":11781,"sw":11904,"he":12052,"el":12344,"sk":12442,"fa":12540,"fi":12638,"bg":13449,"ro":14523,"cs":14716,"nl":16654,"ku":16814,"be":18702,"kn":18976,"mr":20451,"uk":20744,"ml":21039,"ta":22813,"sv":23082,"gu":28917,"pa":29077,"fil":29531,"da":37827,"pl":38037,"nn":38379},"pll_sync_post":[],"_links":{"self":[{"href":"https:\/\/shrimataji.org\/test\/wp-json\/wp\/v2\/pages\/10801","targetHints":{"allow":["GET"]}}],"collection":[{"href":"https:\/\/shrimataji.org\/test\/wp-json\/wp\/v2\/pages"}],"about":[{"href":"https:\/\/shrimataji.org\/test\/wp-json\/wp\/v2\/types\/page"}],"author":[{"embeddable":true,"href":"https:\/\/shrimataji.org\/test\/wp-json\/wp\/v2\/users\/7"}],"replies":[{"embeddable":true,"href":"https:\/\/shrimataji.org\/test\/wp-json\/wp\/v2\/comments?post=10801"}],"version-history":[{"count":0,"href":"https:\/\/shrimataji.org\/test\/wp-json\/wp\/v2\/pages\/10801\/revisions"}],"wp:featuredmedia":[{"embeddable":true,"href":"https:\/\/shrimataji.org\/test\/wp-json\/wp\/v2\/media\/119"}],"wp:attachment":[{"href":"https:\/\/shrimataji.org\/test\/wp-json\/wp\/v2\/media?parent=10801"}],"curies":[{"name":"wp","href":"https:\/\/api.w.org\/{rel}","templated":true}]}}