{"id":10802,"date":"2012-10-02T13:00:00","date_gmt":"2012-10-02T13:00:00","guid":{"rendered":"http:\/\/testwordpress.nirmalnagari.org\/smnd\/index.php\/the-dignity-of-art\/"},"modified":"2025-11-12T17:36:27","modified_gmt":"2025-11-12T17:36:27","slug":"la-dignite-de-l-art","status":"publish","type":"page","link":"https:\/\/shrimataji.org\/test\/fr\/la-dignite-de-l-art\/","title":{"rendered":"La dignit\u00e9 de l&#8217;art"},"content":{"rendered":"\n\n\t<h1>La dignit\u00e9 de l&#8217;art<\/h1>\n<h2>Extrait d&#8217;un journal intitul\u00e9 &#8220;un souvenir&#8221; distribu\u00e9 en Inde en 1961<\/h2>\n\t<p>Les artistes doivent \u00e9lever le sens artistique de leur public \u00e0 leur propre niveau de go\u00fbt et non s&#8217;abaisser \u00e0 r\u00e9pondre \u00e0 la demande m\u00e9diocre du public, abandonnant ainsi leur libert\u00e9.<\/p>\n<p>Cela est possible si les artistes \u00e9clair\u00e9s contactent les institutions sociales et \u00e9ducatives. Les id\u00e9es de ces artistes \u00e9clair\u00e9s peuvent se propager au moyen d&#8217;articles dans les magazines et les journaux. Gr\u00e2ce \u00e0 des pi\u00e8ces de th\u00e9\u00e2tre, des films et des interviews \u00e0 la radio, les gens peuvent \u00eatre \u00e9duqu\u00e9s \u00e0 comprendre ce qu&#8217;est l&#8217;art v\u00e9ritable, et ainsi, on peut maintenir la dignit\u00e9 de l&#8217;art.<\/p>\n<p>En entrant en contact avec le grand public \u00e0 travers ces soci\u00e9t\u00e9s, la personnalit\u00e9 de l&#8217;artiste d\u00e9veloppera sa sociabilit\u00e9 et il deviendra un \u00eatre plus vif et plus sensible. Il r\u00e9agira \u00e0 la moindre agitation dans la nation, au moindre d\u00e9s\u00e9quilibre dans la soci\u00e9t\u00e9.<\/p>\n<p>Rencontrant un l\u00e9preux dans la rue, son c\u0153ur ressentira une telle empathie qu&#8217;\u00e0 travers son art, il pourra cr\u00e9er une atmosph\u00e8re qui forcera les travailleurs sociaux, les m\u00e9decins, les scientifiques, et les personnes en charge de l&#8217;\u00c9tat \u00e0 penser \u00e0 une solution aux probl\u00e8mes de la l\u00e8pre.<\/p>\n<p>Si un artiste trouve que ses compatriotes manquent de patriotisme ou font preuve de l\u00e2chet\u00e9, il peut, \u00e0 travers les autres, cr\u00e9er un profond respect dans leur esprit. Telle est la puissance de la motivation d&#8217;un artiste.<\/p>\n<p>Ce sont les plus belles fleurs de la cr\u00e9ation, les r\u00eaves les plus doux du Cr\u00e9ateur, et les pans les plus ch\u00e9ris de la soci\u00e9t\u00e9 humaine. Peut-\u00eatre qu&#8217;ils ne savent pas \u00e0 quel point ils sont aim\u00e9s, ador\u00e9s et suivis par leurs spectateurs.<\/p>\n\n","protected":false},"excerpt":{"rendered":"<p>La dignit\u00e9 de l&#8217;art Extrait d&#8217;un journal intitul\u00e9 &#8220;un souvenir&#8221; distribu\u00e9 en Inde en 1961 Les artistes doivent \u00e9lever le sens artistique de leur public \u00e0 leur propre niveau de go\u00fbt et non s&#8217;abaisser \u00e0 r\u00e9pondre \u00e0 la demande m\u00e9diocre du public, abandonnant ainsi leur libert\u00e9. Cela est possible si les artistes \u00e9clair\u00e9s contactent les&hellip; <br \/> <a class=\"read-more\" href=\"https:\/\/shrimataji.org\/test\/fr\/la-dignite-de-l-art\/\">Read more<\/a><\/p>\n","protected":false},"author":7,"featured_media":131,"parent":0,"menu_order":0,"comment_status":"closed","ping_status":"closed","template":"","meta":{"inline_featured_image":false,"footnotes":""},"class_list":["post-10802","page","type-page","status-publish","has-post-thumbnail","hentry"],"yoast_head":"<!-- This site is optimized with the Yoast SEO plugin v27.4 - https:\/\/yoast.com\/product\/yoast-seo-wordpress\/ -->\n<title>La dignit\u00e9 de l&#039;art - TEST - SMND<\/title>\n<meta name=\"robots\" content=\"noindex, follow, max-snippet:-1, max-image-preview:large, max-video-preview:-1\" \/>\n<meta property=\"og:locale\" content=\"en_US\" \/>\n<meta property=\"og:type\" content=\"article\" \/>\n<meta property=\"og:title\" content=\"La dignit\u00e9 de l&#039;art - TEST - SMND\" \/>\n<meta property=\"og:description\" content=\"La dignit\u00e9 de l&#8217;art Extrait d&#8217;un journal intitul\u00e9 &#8220;un souvenir&#8221; distribu\u00e9 en Inde en 1961 Les artistes doivent \u00e9lever le sens artistique de leur public \u00e0 leur propre niveau de go\u00fbt et non s&#8217;abaisser \u00e0 r\u00e9pondre \u00e0 la demande m\u00e9diocre du public, abandonnant ainsi leur libert\u00e9. Cela est possible si les artistes \u00e9clair\u00e9s contactent les&hellip; Read more\" \/>\n<meta property=\"og:url\" content=\"https:\/\/shrimataji.org\/test\/fr\/la-dignite-de-l-art\/\" \/>\n<meta property=\"og:site_name\" content=\"TEST - SMND\" \/>\n<meta property=\"article:publisher\" content=\"https:\/\/www.facebook.com\/shrimataji\" \/>\n<meta property=\"article:modified_time\" content=\"2025-11-12T17:36:27+00:00\" \/>\n<meta property=\"og:image\" content=\"https:\/\/shrimataji.org\/test\/wp-content\/uploads\/2018\/07\/media_originals\/images\/headers-general\/queen-mayas-dream-by-graham-brown.jpg\" \/>\n\t<meta property=\"og:image:width\" content=\"990\" \/>\n\t<meta property=\"og:image:height\" content=\"350\" \/>\n\t<meta property=\"og:image:type\" content=\"image\/jpeg\" \/>\n<meta name=\"twitter:card\" content=\"summary_large_image\" \/>\n<meta name=\"twitter:site\" content=\"@shrimataji\" \/>\n<script type=\"application\/ld+json\" class=\"yoast-schema-graph\">{\"@context\":\"https:\\\/\\\/schema.org\",\"@graph\":[{\"@type\":\"WebPage\",\"@id\":\"https:\\\/\\\/shrimataji.org\\\/test\\\/fr\\\/la-dignite-de-l-art\\\/\",\"url\":\"https:\\\/\\\/shrimataji.org\\\/test\\\/fr\\\/la-dignite-de-l-art\\\/\",\"name\":\"La dignit\u00e9 de l'art - TEST - SMND\",\"isPartOf\":{\"@id\":\"https:\\\/\\\/shrimataji.org\\\/test\\\/#website\"},\"primaryImageOfPage\":{\"@id\":\"https:\\\/\\\/shrimataji.org\\\/test\\\/fr\\\/la-dignite-de-l-art\\\/#primaryimage\"},\"image\":{\"@id\":\"https:\\\/\\\/shrimataji.org\\\/test\\\/fr\\\/la-dignite-de-l-art\\\/#primaryimage\"},\"thumbnailUrl\":\"https:\\\/\\\/shrimataji.org\\\/test\\\/wp-content\\\/uploads\\\/2018\\\/07\\\/media_originals\\\/images\\\/headers-general\\\/queen-mayas-dream-by-graham-brown.jpg\",\"datePublished\":\"2012-10-02T13:00:00+00:00\",\"dateModified\":\"2025-11-12T17:36:27+00:00\",\"breadcrumb\":{\"@id\":\"https:\\\/\\\/shrimataji.org\\\/test\\\/fr\\\/la-dignite-de-l-art\\\/#breadcrumb\"},\"inLanguage\":\"en-US\",\"potentialAction\":[{\"@type\":\"ReadAction\",\"target\":[\"https:\\\/\\\/shrimataji.org\\\/test\\\/fr\\\/la-dignite-de-l-art\\\/\"]}]},{\"@type\":\"ImageObject\",\"inLanguage\":\"en-US\",\"@id\":\"https:\\\/\\\/shrimataji.org\\\/test\\\/fr\\\/la-dignite-de-l-art\\\/#primaryimage\",\"url\":\"https:\\\/\\\/shrimataji.org\\\/test\\\/wp-content\\\/uploads\\\/2018\\\/07\\\/media_originals\\\/images\\\/headers-general\\\/queen-mayas-dream-by-graham-brown.jpg\",\"contentUrl\":\"https:\\\/\\\/shrimataji.org\\\/test\\\/wp-content\\\/uploads\\\/2018\\\/07\\\/media_originals\\\/images\\\/headers-general\\\/queen-mayas-dream-by-graham-brown.jpg\",\"width\":990,\"height\":350},{\"@type\":\"BreadcrumbList\",\"@id\":\"https:\\\/\\\/shrimataji.org\\\/test\\\/fr\\\/la-dignite-de-l-art\\\/#breadcrumb\",\"itemListElement\":[{\"@type\":\"ListItem\",\"position\":1,\"name\":\"Home\",\"item\":\"https:\\\/\\\/shrimataji.org\\\/test\\\/uk\\\/home-en\\\/\"},{\"@type\":\"ListItem\",\"position\":2,\"name\":\"La dignit\u00e9 de l&#8217;art\"}]},{\"@type\":\"WebSite\",\"@id\":\"https:\\\/\\\/shrimataji.org\\\/test\\\/#website\",\"url\":\"https:\\\/\\\/shrimataji.org\\\/test\\\/\",\"name\":\"Shri Mataji Nirmala Devi\",\"description\":\"A Life Dedicated to Humanity\",\"publisher\":{\"@id\":\"https:\\\/\\\/shrimataji.org\\\/test\\\/#\\\/schema\\\/person\\\/a1b3419c6585f164aa96da1ff85715d1\"},\"potentialAction\":[{\"@type\":\"SearchAction\",\"target\":{\"@type\":\"EntryPoint\",\"urlTemplate\":\"https:\\\/\\\/shrimataji.org\\\/test\\\/?s={search_term_string}\"},\"query-input\":{\"@type\":\"PropertyValueSpecification\",\"valueRequired\":true,\"valueName\":\"search_term_string\"}}],\"inLanguage\":\"en-US\"},{\"@type\":[\"Person\",\"Organization\"],\"@id\":\"https:\\\/\\\/shrimataji.org\\\/test\\\/#\\\/schema\\\/person\\\/a1b3419c6585f164aa96da1ff85715d1\",\"name\":\"Nirmala Shrivastava\",\"image\":{\"@type\":\"ImageObject\",\"inLanguage\":\"en-US\",\"@id\":\"https:\\\/\\\/shrimataji.org\\\/test\\\/wp-content\\\/uploads\\\/2023\\\/02\\\/SMO_LOGO-03.svg\",\"url\":\"https:\\\/\\\/shrimataji.org\\\/test\\\/wp-content\\\/uploads\\\/2023\\\/02\\\/SMO_LOGO-03.svg\",\"contentUrl\":\"https:\\\/\\\/shrimataji.org\\\/test\\\/wp-content\\\/uploads\\\/2023\\\/02\\\/SMO_LOGO-03.svg\",\"width\":\"1024\",\"height\":\"1024\",\"caption\":\"Nirmala Shrivastava\"},\"logo\":{\"@id\":\"https:\\\/\\\/shrimataji.org\\\/test\\\/wp-content\\\/uploads\\\/2023\\\/02\\\/SMO_LOGO-03.svg\"},\"sameAs\":[\"https:\\\/\\\/shrimataji.org\\\/test\",\"https:\\\/\\\/www.facebook.com\\\/shrimataji\",\"https:\\\/\\\/x.com\\\/shrimataji\",\"https:\\\/\\\/www.youtube.com\\\/@Shri_Mataji_Nirmala_Devi\\\/featured\"]}]}<\/script>\n<!-- \/ Yoast SEO plugin. -->","yoast_head_json":{"title":"La dignit\u00e9 de l'art - TEST - SMND","robots":{"index":"noindex","follow":"follow","max-snippet":"max-snippet:-1","max-image-preview":"max-image-preview:large","max-video-preview":"max-video-preview:-1"},"og_locale":"en_US","og_type":"article","og_title":"La dignit\u00e9 de l'art - TEST - SMND","og_description":"La dignit\u00e9 de l&#8217;art Extrait d&#8217;un journal intitul\u00e9 &#8220;un souvenir&#8221; distribu\u00e9 en Inde en 1961 Les artistes doivent \u00e9lever le sens artistique de leur public \u00e0 leur propre niveau de go\u00fbt et non s&#8217;abaisser \u00e0 r\u00e9pondre \u00e0 la demande m\u00e9diocre du public, abandonnant ainsi leur libert\u00e9. Cela est possible si les artistes \u00e9clair\u00e9s contactent les&hellip; Read more","og_url":"https:\/\/shrimataji.org\/test\/fr\/la-dignite-de-l-art\/","og_site_name":"TEST - SMND","article_publisher":"https:\/\/www.facebook.com\/shrimataji","article_modified_time":"2025-11-12T17:36:27+00:00","og_image":[{"width":990,"height":350,"url":"https:\/\/shrimataji.org\/test\/wp-content\/uploads\/2018\/07\/media_originals\/images\/headers-general\/queen-mayas-dream-by-graham-brown.jpg","type":"image\/jpeg"}],"twitter_card":"summary_large_image","twitter_site":"@shrimataji","schema":{"@context":"https:\/\/schema.org","@graph":[{"@type":"WebPage","@id":"https:\/\/shrimataji.org\/test\/fr\/la-dignite-de-l-art\/","url":"https:\/\/shrimataji.org\/test\/fr\/la-dignite-de-l-art\/","name":"La dignit\u00e9 de l'art - TEST - SMND","isPartOf":{"@id":"https:\/\/shrimataji.org\/test\/#website"},"primaryImageOfPage":{"@id":"https:\/\/shrimataji.org\/test\/fr\/la-dignite-de-l-art\/#primaryimage"},"image":{"@id":"https:\/\/shrimataji.org\/test\/fr\/la-dignite-de-l-art\/#primaryimage"},"thumbnailUrl":"https:\/\/shrimataji.org\/test\/wp-content\/uploads\/2018\/07\/media_originals\/images\/headers-general\/queen-mayas-dream-by-graham-brown.jpg","datePublished":"2012-10-02T13:00:00+00:00","dateModified":"2025-11-12T17:36:27+00:00","breadcrumb":{"@id":"https:\/\/shrimataji.org\/test\/fr\/la-dignite-de-l-art\/#breadcrumb"},"inLanguage":"en-US","potentialAction":[{"@type":"ReadAction","target":["https:\/\/shrimataji.org\/test\/fr\/la-dignite-de-l-art\/"]}]},{"@type":"ImageObject","inLanguage":"en-US","@id":"https:\/\/shrimataji.org\/test\/fr\/la-dignite-de-l-art\/#primaryimage","url":"https:\/\/shrimataji.org\/test\/wp-content\/uploads\/2018\/07\/media_originals\/images\/headers-general\/queen-mayas-dream-by-graham-brown.jpg","contentUrl":"https:\/\/shrimataji.org\/test\/wp-content\/uploads\/2018\/07\/media_originals\/images\/headers-general\/queen-mayas-dream-by-graham-brown.jpg","width":990,"height":350},{"@type":"BreadcrumbList","@id":"https:\/\/shrimataji.org\/test\/fr\/la-dignite-de-l-art\/#breadcrumb","itemListElement":[{"@type":"ListItem","position":1,"name":"Home","item":"https:\/\/shrimataji.org\/test\/uk\/home-en\/"},{"@type":"ListItem","position":2,"name":"La dignit\u00e9 de l&#8217;art"}]},{"@type":"WebSite","@id":"https:\/\/shrimataji.org\/test\/#website","url":"https:\/\/shrimataji.org\/test\/","name":"Shri Mataji Nirmala Devi","description":"A Life Dedicated to Humanity","publisher":{"@id":"https:\/\/shrimataji.org\/test\/#\/schema\/person\/a1b3419c6585f164aa96da1ff85715d1"},"potentialAction":[{"@type":"SearchAction","target":{"@type":"EntryPoint","urlTemplate":"https:\/\/shrimataji.org\/test\/?s={search_term_string}"},"query-input":{"@type":"PropertyValueSpecification","valueRequired":true,"valueName":"search_term_string"}}],"inLanguage":"en-US"},{"@type":["Person","Organization"],"@id":"https:\/\/shrimataji.org\/test\/#\/schema\/person\/a1b3419c6585f164aa96da1ff85715d1","name":"Nirmala Shrivastava","image":{"@type":"ImageObject","inLanguage":"en-US","@id":"https:\/\/shrimataji.org\/test\/wp-content\/uploads\/2023\/02\/SMO_LOGO-03.svg","url":"https:\/\/shrimataji.org\/test\/wp-content\/uploads\/2023\/02\/SMO_LOGO-03.svg","contentUrl":"https:\/\/shrimataji.org\/test\/wp-content\/uploads\/2023\/02\/SMO_LOGO-03.svg","width":"1024","height":"1024","caption":"Nirmala Shrivastava"},"logo":{"@id":"https:\/\/shrimataji.org\/test\/wp-content\/uploads\/2023\/02\/SMO_LOGO-03.svg"},"sameAs":["https:\/\/shrimataji.org\/test","https:\/\/www.facebook.com\/shrimataji","https:\/\/x.com\/shrimataji","https:\/\/www.youtube.com\/@Shri_Mataji_Nirmala_Devi\/featured"]}]}},"lang":"fr","translations":{"fr":10802,"ur":37521,"en":431,"am":18096,"th":20090,"hu":19588,"ar":16992,"sq":18497,"zh":17394,"tr":10222,"pt":10430,"de":10704,"it":10900,"es":10997,"ja":11295,"ru":11483,"bn":11674,"te":11782,"sw":11905,"he":12053,"el":12345,"sk":12443,"fa":12541,"fi":12639,"bg":13494,"ro":14569,"cs":14762,"nl":16656,"ku":16816,"be":18704,"kn":18978,"mr":20454,"uk":20747,"ml":21042,"ta":22815,"sv":23084,"gu":28919,"pa":29079,"fil":29533,"da":37829,"pl":38039,"nn":38381},"pll_sync_post":[],"_links":{"self":[{"href":"https:\/\/shrimataji.org\/test\/wp-json\/wp\/v2\/pages\/10802","targetHints":{"allow":["GET"]}}],"collection":[{"href":"https:\/\/shrimataji.org\/test\/wp-json\/wp\/v2\/pages"}],"about":[{"href":"https:\/\/shrimataji.org\/test\/wp-json\/wp\/v2\/types\/page"}],"author":[{"embeddable":true,"href":"https:\/\/shrimataji.org\/test\/wp-json\/wp\/v2\/users\/7"}],"replies":[{"embeddable":true,"href":"https:\/\/shrimataji.org\/test\/wp-json\/wp\/v2\/comments?post=10802"}],"version-history":[{"count":0,"href":"https:\/\/shrimataji.org\/test\/wp-json\/wp\/v2\/pages\/10802\/revisions"}],"wp:featuredmedia":[{"embeddable":true,"href":"https:\/\/shrimataji.org\/test\/wp-json\/wp\/v2\/media\/131"}],"wp:attachment":[{"href":"https:\/\/shrimataji.org\/test\/wp-json\/wp\/v2\/media?parent=10802"}],"curies":[{"name":"wp","href":"https:\/\/api.w.org\/{rel}","templated":true}]}}