{"id":10803,"date":"2018-07-10T06:55:02","date_gmt":"2018-07-10T06:55:02","guid":{"rendered":"http:\/\/testwordpress.nirmalnagari.org\/smnd\/index.php\/the-international-day-of-yoga\/"},"modified":"2026-02-07T15:53:28","modified_gmt":"2026-02-07T15:53:28","slug":"journee-internationale-du-yoga","status":"publish","type":"page","link":"https:\/\/shrimataji.org\/test\/fr\/journee-internationale-du-yoga\/","title":{"rendered":"Journ\u00e9e internationale du yoga"},"content":{"rendered":"\n\n\t<h1>Journ\u00e9e internationale du yoga<\/h1>\n<h2>Article de presse, Milan, Le 21 Juin 2015<\/h2>\n<h4>Sahaja Yoga Salue la Journ\u00e9e Internationale du yoga avec la vraie signification de cet art ancien.<\/h4>\n<p>Aujourd&#8217;hui, cette c\u00e9l\u00e9bration de l&#8217;art ancestral du yoga se produit \u00e0 un moment o\u00f9 le monde est confront\u00e9 \u00e0 des difficult\u00e9s et une incertitude croissante. La crise \u00e9conomique en cours, les probl\u00e8mes \u00e9cologiques et les pressions de la population ont cr\u00e9\u00e9 une p\u00e9riode de profond malaise dans de nombreuses parties du monde, ce qui explique pourquoi tant de gens ont ressenti le besoin de retrouver les racines de notre ascendance spirituelle, afin d&#8217;essayer de trouver un sens \u00e0 ce qu&#8217;ils vivent. <\/p>\n<p>Le v\u00e9ritable yoga va bien au-del\u00e0 de quelques mantras et contorsions physiques. Il offre un changement fondamental dans la perception de l&#8217;individu. Cet \u00e9veil authentique de la conscience n&#8217;est nulle part ailleurs plus fortement ressenti qu&#8217;avec la pratique de Sahaja Yoga. Cette m\u00e9ditation unique a \u00e9t\u00e9 introduite en 1970 par Shri Mataji Nirmala Devi (<a href=\"https:\/\/shrimataji.org\/test\/fr\" target=\"_blank\" rel=\"noopener\">www.shrimataji.org<\/a>), l&#8217;un des ma\u00eetres spirituels les plus aim\u00e9s au monde. Elle a \u00e9t\u00e9 deux fois nomin\u00e9e pour le Prix Nobel de la paix, et a d\u00e9di\u00e9 sa vie \u00e0 offrir au monde le pouvoir de la connaissance de soi \u00e9clair\u00e9e.<\/p>\n<p>Contrairement \u00e0 d&#8217;autres pratiques, Sahaja Yoga se concentre sur la m\u00e9ditation elle-m\u00eame plut\u00f4t que sur la lecture de livres ou le suivi de cours on\u00e9reux. Apr\u00e8s avoir appris les bases de la m\u00e9ditation et de la conscience sans pens\u00e9e, chaque pratiquant se lance dans un voyage personnel de d\u00e9couverte de cette m\u00e9ditation qui procure un bien-\u00eatre physique, mental et \u00e9motionnel. Il n&#8217;y a pas d&#8217;examens, pas d&#8217;horaires ni de slogans de marketing accrocheur, il n&#8217;y a que la m\u00e9ditation et le silence int\u00e9rieur profond qu&#8217;il d\u00e9livre.<\/p>\n<p>Partout dans le monde, des dizaines de milliers de praticiens de Sahaja Yoga ont trouv\u00e9 la paix int\u00e9rieure qui vient de la connexion du soi \u00e0 la conscience collective par le yoga. Chaque semaine, dans 126 pays, des milliers d&#8217;autres personnes assistent \u00e0 l&#8217;un des cours hebdomadaires gratuits, pour d\u00e9couvrir par eux-m\u00eames comment leurs vies peuvent \u00eatre transform\u00e9es. Il suffit de quelques minutes de m\u00e9ditation par jour. Les cours sont toujours gratuits, et chaque pratiquant est encourag\u00e9 \u00e0 explorer, \u00e0 son propre rythme, cette exp\u00e9rience tr\u00e8s profonde. <\/p>\n<p>Le vrai yoga a le pouvoir de changer non seulement la vie individuelle, mais aussi celle de communaut\u00e9s enti\u00e8res, et on peut aider des r\u00e9gions d\u00e9favoris\u00e9es \u00e0 travers le monde gr\u00e2ce aux programmes de Sahaja Yoga, Des terres agricoles pauvres du Nord de l&#8217;Inde jusque dans les camps de r\u00e9fugi\u00e9s d\u00e9chir\u00e9s par la guerre au Moyen-Orient, vous trouverez des programmes de m\u00e9ditation Sahaja Yoga qui luttent pour faire la diff\u00e9rence et ramener la paix, pour am\u00e9liorer une vie traumatisante. Partout o\u00f9 l&#8217;on rencontre un besoin de spiritualit\u00e9, le travail de Shri Mataji et sa vision continuent de restaurer l&#8217;amour et l&#8217;humanit\u00e9 v\u00e9ritables.<\/p>\n<p>Les visiteurs de l&#8217;EXPO 2015 \u00e0 Milan, en Italie, peuvent trouver plus d&#8217;informations sur le stand &#8220;India Basmati&#8221; ou en visitant le site <a href=\"https:\/\/live.sahajayoga.it\" target=\"_blank\" rel=\"noopener\">live.sahajayoga.it<\/a> pour un s\u00e9minaire d&#8217;introduction en ligne afin de c\u00e9l\u00e9brer la Journ\u00e9e internationale du yoga 2015. <\/p>\n\n","protected":false},"excerpt":{"rendered":"<p>Journ\u00e9e internationale du yoga Article de presse, Milan, Le 21 Juin 2015 Sahaja Yoga Salue la Journ\u00e9e Internationale du yoga avec la vraie signification de cet art ancien. Aujourd&#8217;hui, cette c\u00e9l\u00e9bration de l&#8217;art ancestral du yoga se produit \u00e0 un moment o\u00f9 le monde est confront\u00e9 \u00e0 des difficult\u00e9s et une incertitude croissante. La crise&hellip; <br \/> <a class=\"read-more\" href=\"https:\/\/shrimataji.org\/test\/fr\/journee-internationale-du-yoga\/\">Read more<\/a><\/p>\n","protected":false},"author":7,"featured_media":0,"parent":0,"menu_order":0,"comment_status":"closed","ping_status":"closed","template":"","meta":{"inline_featured_image":false,"footnotes":""},"class_list":["post-10803","page","type-page","status-publish","hentry"],"yoast_head":"<!-- This site is optimized with the Yoast SEO plugin v27.4 - https:\/\/yoast.com\/product\/yoast-seo-wordpress\/ -->\n<title>Journ\u00e9e internationale du yoga - TEST - SMND<\/title>\n<meta name=\"robots\" content=\"noindex, follow, max-snippet:-1, max-image-preview:large, max-video-preview:-1\" \/>\n<meta property=\"og:locale\" content=\"en_US\" \/>\n<meta property=\"og:type\" content=\"article\" \/>\n<meta property=\"og:title\" content=\"Journ\u00e9e internationale du yoga - TEST - SMND\" \/>\n<meta property=\"og:description\" content=\"Journ\u00e9e internationale du yoga Article de presse, Milan, Le 21 Juin 2015 Sahaja Yoga Salue la Journ\u00e9e Internationale du yoga avec la vraie signification de cet art ancien. Aujourd&#8217;hui, cette c\u00e9l\u00e9bration de l&#8217;art ancestral du yoga se produit \u00e0 un moment o\u00f9 le monde est confront\u00e9 \u00e0 des difficult\u00e9s et une incertitude croissante. La crise&hellip; Read more\" \/>\n<meta property=\"og:url\" content=\"https:\/\/shrimataji.org\/test\/fr\/journee-internationale-du-yoga\/\" \/>\n<meta property=\"og:site_name\" content=\"TEST - SMND\" \/>\n<meta property=\"article:publisher\" content=\"https:\/\/www.facebook.com\/shrimataji\" \/>\n<meta property=\"article:modified_time\" content=\"2026-02-07T15:53:28+00:00\" \/>\n<meta property=\"og:image\" content=\"https:\/\/shrimataji.org\/test\/wp-content\/uploads\/2018\/07\/fp11-e1588597806347.jpg\" \/>\n\t<meta property=\"og:image:width\" content=\"707\" \/>\n\t<meta property=\"og:image:height\" content=\"700\" \/>\n\t<meta property=\"og:image:type\" content=\"image\/jpeg\" \/>\n<meta name=\"twitter:card\" content=\"summary_large_image\" \/>\n<meta name=\"twitter:site\" content=\"@shrimataji\" \/>\n<meta name=\"twitter:label1\" content=\"Est. reading time\" \/>\n\t<meta name=\"twitter:data1\" content=\"3 minutes\" \/>\n<script type=\"application\/ld+json\" class=\"yoast-schema-graph\">{\"@context\":\"https:\\\/\\\/schema.org\",\"@graph\":[{\"@type\":\"WebPage\",\"@id\":\"https:\\\/\\\/shrimataji.org\\\/test\\\/fr\\\/journee-internationale-du-yoga\\\/\",\"url\":\"https:\\\/\\\/shrimataji.org\\\/test\\\/fr\\\/journee-internationale-du-yoga\\\/\",\"name\":\"Journ\u00e9e internationale du yoga - TEST - SMND\",\"isPartOf\":{\"@id\":\"https:\\\/\\\/shrimataji.org\\\/test\\\/#website\"},\"datePublished\":\"2018-07-10T06:55:02+00:00\",\"dateModified\":\"2026-02-07T15:53:28+00:00\",\"breadcrumb\":{\"@id\":\"https:\\\/\\\/shrimataji.org\\\/test\\\/fr\\\/journee-internationale-du-yoga\\\/#breadcrumb\"},\"inLanguage\":\"en-US\",\"potentialAction\":[{\"@type\":\"ReadAction\",\"target\":[\"https:\\\/\\\/shrimataji.org\\\/test\\\/fr\\\/journee-internationale-du-yoga\\\/\"]}]},{\"@type\":\"BreadcrumbList\",\"@id\":\"https:\\\/\\\/shrimataji.org\\\/test\\\/fr\\\/journee-internationale-du-yoga\\\/#breadcrumb\",\"itemListElement\":[{\"@type\":\"ListItem\",\"position\":1,\"name\":\"Home\",\"item\":\"https:\\\/\\\/shrimataji.org\\\/test\\\/uk\\\/home-en\\\/\"},{\"@type\":\"ListItem\",\"position\":2,\"name\":\"Journ\u00e9e internationale du yoga\"}]},{\"@type\":\"WebSite\",\"@id\":\"https:\\\/\\\/shrimataji.org\\\/test\\\/#website\",\"url\":\"https:\\\/\\\/shrimataji.org\\\/test\\\/\",\"name\":\"Shri Mataji Nirmala Devi\",\"description\":\"A Life Dedicated to Humanity\",\"publisher\":{\"@id\":\"https:\\\/\\\/shrimataji.org\\\/test\\\/#\\\/schema\\\/person\\\/a1b3419c6585f164aa96da1ff85715d1\"},\"potentialAction\":[{\"@type\":\"SearchAction\",\"target\":{\"@type\":\"EntryPoint\",\"urlTemplate\":\"https:\\\/\\\/shrimataji.org\\\/test\\\/?s={search_term_string}\"},\"query-input\":{\"@type\":\"PropertyValueSpecification\",\"valueRequired\":true,\"valueName\":\"search_term_string\"}}],\"inLanguage\":\"en-US\"},{\"@type\":[\"Person\",\"Organization\"],\"@id\":\"https:\\\/\\\/shrimataji.org\\\/test\\\/#\\\/schema\\\/person\\\/a1b3419c6585f164aa96da1ff85715d1\",\"name\":\"Nirmala Shrivastava\",\"image\":{\"@type\":\"ImageObject\",\"inLanguage\":\"en-US\",\"@id\":\"https:\\\/\\\/shrimataji.org\\\/test\\\/wp-content\\\/uploads\\\/2023\\\/02\\\/SMO_LOGO-03.svg\",\"url\":\"https:\\\/\\\/shrimataji.org\\\/test\\\/wp-content\\\/uploads\\\/2023\\\/02\\\/SMO_LOGO-03.svg\",\"contentUrl\":\"https:\\\/\\\/shrimataji.org\\\/test\\\/wp-content\\\/uploads\\\/2023\\\/02\\\/SMO_LOGO-03.svg\",\"width\":\"1024\",\"height\":\"1024\",\"caption\":\"Nirmala Shrivastava\"},\"logo\":{\"@id\":\"https:\\\/\\\/shrimataji.org\\\/test\\\/wp-content\\\/uploads\\\/2023\\\/02\\\/SMO_LOGO-03.svg\"},\"sameAs\":[\"https:\\\/\\\/shrimataji.org\\\/test\",\"https:\\\/\\\/www.facebook.com\\\/shrimataji\",\"https:\\\/\\\/x.com\\\/shrimataji\",\"https:\\\/\\\/www.youtube.com\\\/@Shri_Mataji_Nirmala_Devi\\\/featured\"]}]}<\/script>\n<!-- \/ Yoast SEO plugin. -->","yoast_head_json":{"title":"Journ\u00e9e internationale du yoga - TEST - SMND","robots":{"index":"noindex","follow":"follow","max-snippet":"max-snippet:-1","max-image-preview":"max-image-preview:large","max-video-preview":"max-video-preview:-1"},"og_locale":"en_US","og_type":"article","og_title":"Journ\u00e9e internationale du yoga - TEST - SMND","og_description":"Journ\u00e9e internationale du yoga Article de presse, Milan, Le 21 Juin 2015 Sahaja Yoga Salue la Journ\u00e9e Internationale du yoga avec la vraie signification de cet art ancien. Aujourd&#8217;hui, cette c\u00e9l\u00e9bration de l&#8217;art ancestral du yoga se produit \u00e0 un moment o\u00f9 le monde est confront\u00e9 \u00e0 des difficult\u00e9s et une incertitude croissante. La crise&hellip; Read more","og_url":"https:\/\/shrimataji.org\/test\/fr\/journee-internationale-du-yoga\/","og_site_name":"TEST - SMND","article_publisher":"https:\/\/www.facebook.com\/shrimataji","article_modified_time":"2026-02-07T15:53:28+00:00","og_image":[{"width":707,"height":700,"url":"https:\/\/shrimataji.org\/test\/wp-content\/uploads\/2018\/07\/fp11-e1588597806347.jpg","type":"image\/jpeg"}],"twitter_card":"summary_large_image","twitter_site":"@shrimataji","twitter_misc":{"Est. reading time":"3 minutes"},"schema":{"@context":"https:\/\/schema.org","@graph":[{"@type":"WebPage","@id":"https:\/\/shrimataji.org\/test\/fr\/journee-internationale-du-yoga\/","url":"https:\/\/shrimataji.org\/test\/fr\/journee-internationale-du-yoga\/","name":"Journ\u00e9e internationale du yoga - TEST - SMND","isPartOf":{"@id":"https:\/\/shrimataji.org\/test\/#website"},"datePublished":"2018-07-10T06:55:02+00:00","dateModified":"2026-02-07T15:53:28+00:00","breadcrumb":{"@id":"https:\/\/shrimataji.org\/test\/fr\/journee-internationale-du-yoga\/#breadcrumb"},"inLanguage":"en-US","potentialAction":[{"@type":"ReadAction","target":["https:\/\/shrimataji.org\/test\/fr\/journee-internationale-du-yoga\/"]}]},{"@type":"BreadcrumbList","@id":"https:\/\/shrimataji.org\/test\/fr\/journee-internationale-du-yoga\/#breadcrumb","itemListElement":[{"@type":"ListItem","position":1,"name":"Home","item":"https:\/\/shrimataji.org\/test\/uk\/home-en\/"},{"@type":"ListItem","position":2,"name":"Journ\u00e9e internationale du yoga"}]},{"@type":"WebSite","@id":"https:\/\/shrimataji.org\/test\/#website","url":"https:\/\/shrimataji.org\/test\/","name":"Shri Mataji Nirmala Devi","description":"A Life Dedicated to Humanity","publisher":{"@id":"https:\/\/shrimataji.org\/test\/#\/schema\/person\/a1b3419c6585f164aa96da1ff85715d1"},"potentialAction":[{"@type":"SearchAction","target":{"@type":"EntryPoint","urlTemplate":"https:\/\/shrimataji.org\/test\/?s={search_term_string}"},"query-input":{"@type":"PropertyValueSpecification","valueRequired":true,"valueName":"search_term_string"}}],"inLanguage":"en-US"},{"@type":["Person","Organization"],"@id":"https:\/\/shrimataji.org\/test\/#\/schema\/person\/a1b3419c6585f164aa96da1ff85715d1","name":"Nirmala Shrivastava","image":{"@type":"ImageObject","inLanguage":"en-US","@id":"https:\/\/shrimataji.org\/test\/wp-content\/uploads\/2023\/02\/SMO_LOGO-03.svg","url":"https:\/\/shrimataji.org\/test\/wp-content\/uploads\/2023\/02\/SMO_LOGO-03.svg","contentUrl":"https:\/\/shrimataji.org\/test\/wp-content\/uploads\/2023\/02\/SMO_LOGO-03.svg","width":"1024","height":"1024","caption":"Nirmala Shrivastava"},"logo":{"@id":"https:\/\/shrimataji.org\/test\/wp-content\/uploads\/2023\/02\/SMO_LOGO-03.svg"},"sameAs":["https:\/\/shrimataji.org\/test","https:\/\/www.facebook.com\/shrimataji","https:\/\/x.com\/shrimataji","https:\/\/www.youtube.com\/@Shri_Mataji_Nirmala_Devi\/featured"]}]}},"lang":"fr","translations":{"fr":10803,"en":505,"am":18098,"th":20093,"hu":19591,"ar":16994,"sq":18499,"zh":17396,"tr":10223,"pt":10431,"de":10705,"it":10901,"es":10998,"ja":11296,"ru":11484,"bn":11675,"te":11783,"sw":11906,"he":12054,"el":12346,"sk":12444,"fa":12542,"fi":12640,"bg":13432,"ro":14506,"cs":14699,"nl":16658,"ku":16818,"be":18706,"kn":18980,"uk":20750,"ml":21045,"ta":22817,"sv":23086,"gu":28921,"pa":29081,"fil":29535},"pll_sync_post":[],"_links":{"self":[{"href":"https:\/\/shrimataji.org\/test\/wp-json\/wp\/v2\/pages\/10803","targetHints":{"allow":["GET"]}}],"collection":[{"href":"https:\/\/shrimataji.org\/test\/wp-json\/wp\/v2\/pages"}],"about":[{"href":"https:\/\/shrimataji.org\/test\/wp-json\/wp\/v2\/types\/page"}],"author":[{"embeddable":true,"href":"https:\/\/shrimataji.org\/test\/wp-json\/wp\/v2\/users\/7"}],"replies":[{"embeddable":true,"href":"https:\/\/shrimataji.org\/test\/wp-json\/wp\/v2\/comments?post=10803"}],"version-history":[{"count":0,"href":"https:\/\/shrimataji.org\/test\/wp-json\/wp\/v2\/pages\/10803\/revisions"}],"wp:attachment":[{"href":"https:\/\/shrimataji.org\/test\/wp-json\/wp\/v2\/media?parent=10803"}],"curies":[{"name":"wp","href":"https:\/\/api.w.org\/{rel}","templated":true}]}}